{"id":960,"date":"2023-03-12T15:18:45","date_gmt":"2023-03-12T15:18:45","guid":{"rendered":"http:\/\/spiritual-science-research.com\/?page_id=960"},"modified":"2026-04-22T08:07:08","modified_gmt":"2026-04-22T08:07:08","slug":"home1","status":"publish","type":"page","link":"https:\/\/spiritual-science-research.com\/de\/","title":{"rendered":"Home page"},"content":{"rendered":"\n<div class=\"wp-block-columns is-layout-flex wp-container-core-columns-is-layout-9d6595d7 wp-block-columns-is-layout-flex\">\n<div class=\"wp-block-column is-layout-flow wp-block-column-is-layout-flow\">\n<p><\/p>\n\n\n\n<h3 class=\"wp-block-heading has-medium-font-size\">Was ist geisteswissenschaftliche Forschung?<\/h3>\n\n\n\n<p>Meditation und Achtsamkeit sind zu einem globalen Ph\u00e4nomen geworden. Nur wenige, die Meditation praktizieren, erkennen ihr volles transformatives Potenzial, <a href=\"\/de\/what-is-spiritual-science-research\/\">mehr..<\/a><\/p>\n\n\n\n<p><\/p>\n<\/div>\n<\/div>\n\n\n\n<div class=\"wp-block-columns is-layout-flex wp-container-core-columns-is-layout-9d6595d7 wp-block-columns-is-layout-flex\">\n<div class=\"wp-block-column is-layout-flow wp-block-column-is-layout-flow\">\n<figure class=\"wp-block-image size-large\"><a href=\"\/de\/calendly\/\"><img loading=\"lazy\" decoding=\"async\" width=\"1024\" height=\"647\" src=\"https:\/\/spiritual-science-research.com\/wp-content\/uploads\/2025\/03\/Screenshot-2025-03-20-at-16.41.54-1024x647.png\" alt=\"\" class=\"wp-image-4742\" style=\"aspect-ratio:3\/2;object-fit:cover\" srcset=\"https:\/\/spiritual-science-research.com\/wp-content\/uploads\/2025\/03\/Screenshot-2025-03-20-at-16.41.54-1024x647.png 1024w, https:\/\/spiritual-science-research.com\/wp-content\/uploads\/2025\/03\/Screenshot-2025-03-20-at-16.41.54-300x190.png 300w, https:\/\/spiritual-science-research.com\/wp-content\/uploads\/2025\/03\/Screenshot-2025-03-20-at-16.41.54-768x485.png 768w, https:\/\/spiritual-science-research.com\/wp-content\/uploads\/2025\/03\/Screenshot-2025-03-20-at-16.41.54-1536x971.png 1536w, https:\/\/spiritual-science-research.com\/wp-content\/uploads\/2025\/03\/Screenshot-2025-03-20-at-16.41.54.png 1696w\" sizes=\"auto, (max-width: 1024px) 100vw, 1024px\" \/><\/a><\/figure>\n\n\n\n<h3 class=\"wp-block-heading has-medium-font-size\">Termin f\u00fcr Beratung oder Forschung mit Inessa Burdich<\/h3>\n\n\n\n<p>Hier k\u00f6nnen Sie eine pers\u00f6nliche Beratung mit Inessa Burdich auf Deutsch buchen. <a href=\"\/de\/calendly\/\">mehr<\/a><a href=\"\/de\/christology-in-english\/\"> <\/a><\/p>\n<\/div>\n\n\n\n<div class=\"wp-block-column is-layout-flow wp-block-column-is-layout-flow\">\n<figure class=\"wp-block-image size-full\"><a href=\"https:\/\/spiritual-science-research.com\/this-life-of-wonder\/\"><img loading=\"lazy\" decoding=\"async\" width=\"853\" height=\"640\" src=\"https:\/\/spiritual-science-research.com\/wp-content\/uploads\/2025\/10\/Saving-Ernest-title-e1760637367321.png\" alt=\"\" class=\"wp-image-6309\" style=\"aspect-ratio:3\/2;object-fit:cover\" srcset=\"https:\/\/spiritual-science-research.com\/wp-content\/uploads\/2025\/10\/Saving-Ernest-title-e1760637367321.png 853w, https:\/\/spiritual-science-research.com\/wp-content\/uploads\/2025\/10\/Saving-Ernest-title-e1760637367321-300x225.png 300w, https:\/\/spiritual-science-research.com\/wp-content\/uploads\/2025\/10\/Saving-Ernest-title-e1760637367321-768x576.png 768w\" sizes=\"auto, (max-width: 853px) 100vw, 853px\" \/><\/a><\/figure>\n\n\n\n<h3 class=\"wp-block-heading has-medium-font-size\">Saving Ernest<\/h3>\n\n\n\n<p><strong>Neuerscheinung \u2014 jetzt auf Amazon erh\u00e4ltlich<\/strong><\/p>\n\n\n\n<p>Ein Buch \u00fcber die innere Welt von Geist und Seele jenseits der Schwelle. <a href=\"\/this-life-of-wonder\/\">mehr<\/a><\/p>\n<\/div>\n\n\n\n<div class=\"wp-block-column is-layout-flow wp-block-column-is-layout-flow\">\n<figure class=\"wp-block-image size-full\"><a href=\"\/de\/hamburg\/\"><img loading=\"lazy\" decoding=\"async\" width=\"1302\" height=\"882\" src=\"https:\/\/spiritual-science-research.com\/wp-content\/uploads\/2025\/10\/Screenshot-2025-10-15-at-08.25.12.png\" alt=\"\" class=\"wp-image-6320\" srcset=\"https:\/\/spiritual-science-research.com\/wp-content\/uploads\/2025\/10\/Screenshot-2025-10-15-at-08.25.12.png 1302w, https:\/\/spiritual-science-research.com\/wp-content\/uploads\/2025\/10\/Screenshot-2025-10-15-at-08.25.12-300x203.png 300w, https:\/\/spiritual-science-research.com\/wp-content\/uploads\/2025\/10\/Screenshot-2025-10-15-at-08.25.12-1024x694.png 1024w, https:\/\/spiritual-science-research.com\/wp-content\/uploads\/2025\/10\/Screenshot-2025-10-15-at-08.25.12-768x520.png 768w\" sizes=\"auto, (max-width: 1302px) 100vw, 1302px\" \/><\/a><\/figure>\n\n\n\n<h3 class=\"wp-block-heading has-medium-font-size\">Vertikale Gemeinschaftsbildung<\/h3>\n\n\n\n<p>Rudolf Steiner Haus Hamburg<\/p>\n\n\n\n<p>8-10. Mai 2026 <a href=\"\/de\/hamburg\/\">mehr<\/a><\/p>\n<\/div>\n<\/div>\n\n\n\n<div class=\"wp-block-columns is-layout-flex wp-container-core-columns-is-layout-9d6595d7 wp-block-columns-is-layout-flex\">\n<div class=\"wp-block-column is-layout-flow wp-block-column-is-layout-flow\">\n<figure class=\"wp-block-image size-large\"><a href=\"https:\/\/spiritual-science-research.com\/de\/online-research-course-on-steiners-6-exercises\/\"><img loading=\"lazy\" decoding=\"async\" width=\"1024\" height=\"682\" src=\"https:\/\/spiritual-science-research.com\/wp-content\/uploads\/2025\/04\/photo_2025-04-13_17-22-46-edited-1024x682.jpg\" alt=\"\" class=\"wp-image-5048\" style=\"aspect-ratio:3\/2;object-fit:cover\" srcset=\"https:\/\/spiritual-science-research.com\/wp-content\/uploads\/2025\/04\/photo_2025-04-13_17-22-46-edited-1024x682.jpg 1024w, https:\/\/spiritual-science-research.com\/wp-content\/uploads\/2025\/04\/photo_2025-04-13_17-22-46-edited-300x200.jpg 300w, https:\/\/spiritual-science-research.com\/wp-content\/uploads\/2025\/04\/photo_2025-04-13_17-22-46-edited-768x512.jpg 768w, https:\/\/spiritual-science-research.com\/wp-content\/uploads\/2025\/04\/photo_2025-04-13_17-22-46-edited.jpg 1238w\" sizes=\"auto, (max-width: 1024px) 100vw, 1024px\" \/><\/a><\/figure>\n\n\n\n<h3 class=\"wp-block-heading has-medium-font-size\">Die Sieben \u00dcbungen<\/h3>\n\n\n\n<p>Online-Forschungskurs an zwei Wochenenden auf Deutsch. <\/p>\n\n\n\n<p>6-7 und 13-14 Juni 2026 <a href=\"\/de\/online-research-course-on-steiners-6-exercises\/\">mehr<\/a><\/p>\n<\/div>\n\n\n\n<div class=\"wp-block-column is-layout-flow wp-block-column-is-layout-flow\">\n<figure class=\"wp-block-image size-full\"><a href=\"\/de\/berlin-research-course\/\"><img loading=\"lazy\" decoding=\"async\" width=\"909\" height=\"606\" src=\"https:\/\/spiritual-science-research.com\/wp-content\/uploads\/2025\/04\/ST-Haus_k-1-edited.jpg\" alt=\"\" class=\"wp-image-4967\" style=\"aspect-ratio:3\/2;object-fit:cover\" srcset=\"https:\/\/spiritual-science-research.com\/wp-content\/uploads\/2025\/04\/ST-Haus_k-1-edited.jpg 909w, https:\/\/spiritual-science-research.com\/wp-content\/uploads\/2025\/04\/ST-Haus_k-1-edited-300x200.jpg 300w, https:\/\/spiritual-science-research.com\/wp-content\/uploads\/2025\/04\/ST-Haus_k-1-edited-768x512.jpg 768w\" sizes=\"auto, (max-width: 909px) 100vw, 909px\" \/><\/a><\/figure>\n\n\n\n<h3 class=\"wp-block-heading has-medium-font-size\">Berlin Forschungskurs <\/h3>\n\n\n\n<p>Forschungskurs vor Ort in Berlin auf Deutsch.<\/p>\n\n\n\n<p>11. &#8211; 12. September 2026<strong>&nbsp;<\/strong> <a href=\"\/de\/berlin-research-course\/\">mehr<\/a><\/p>\n<\/div>\n\n\n\n<div class=\"wp-block-column is-layout-flow wp-block-column-is-layout-flow\">\n<figure class=\"wp-block-image size-large\"><a href=\"https:\/\/spiritual-science-research.com\/themen\/\"><img loading=\"lazy\" decoding=\"async\" width=\"1024\" height=\"683\" src=\"https:\/\/spiritual-science-research.com\/wp-content\/uploads\/2024\/05\/Screenshot-2023-10-28-at-22.53.51-edited-3-1024x683.png\" alt=\"\" class=\"wp-image-3605\" srcset=\"https:\/\/spiritual-science-research.com\/wp-content\/uploads\/2024\/05\/Screenshot-2023-10-28-at-22.53.51-edited-3-1024x683.png 1024w, https:\/\/spiritual-science-research.com\/wp-content\/uploads\/2024\/05\/Screenshot-2023-10-28-at-22.53.51-edited-3-300x200.png 300w, https:\/\/spiritual-science-research.com\/wp-content\/uploads\/2024\/05\/Screenshot-2023-10-28-at-22.53.51-edited-3-768x512.png 768w, https:\/\/spiritual-science-research.com\/wp-content\/uploads\/2024\/05\/Screenshot-2023-10-28-at-22.53.51-edited-3-1536x1024.png 1536w\" sizes=\"auto, (max-width: 1024px) 100vw, 1024px\" \/><\/a><\/figure>\n\n\n\n<h3 class=\"wp-block-heading has-medium-font-size\">Geistesforschung &#8211; Kursinhalt<\/h3>\n\n\n\n<p>Geistige Selbsterforschung durch \u201elearning by doing\u201c &#8211; als Weg zur inneren Selbstfindung und Selbstentwicklung. <a href=\"\/themen\/\">mehr<\/a><\/p>\n<\/div>\n<\/div>\n\n\n\n<div class=\"wp-block-columns is-layout-flex wp-container-core-columns-is-layout-9d6595d7 wp-block-columns-is-layout-flex\">\n<div class=\"wp-block-column is-layout-flow wp-block-column-is-layout-flow\">\n<figure class=\"wp-block-image size-large\"><a href=\"\/de\/rss-online-in-german\/\"><img loading=\"lazy\" decoding=\"async\" width=\"1024\" height=\"686\" src=\"https:\/\/spiritual-science-research.com\/wp-content\/uploads\/2023\/08\/Screenshot-2023-08-14-at-12.30.36-1024x686.png\" alt=\"\" class=\"wp-image-2521\" srcset=\"https:\/\/spiritual-science-research.com\/wp-content\/uploads\/2023\/08\/Screenshot-2023-08-14-at-12.30.36-1024x686.png 1024w, https:\/\/spiritual-science-research.com\/wp-content\/uploads\/2023\/08\/Screenshot-2023-08-14-at-12.30.36-300x201.png 300w, https:\/\/spiritual-science-research.com\/wp-content\/uploads\/2023\/08\/Screenshot-2023-08-14-at-12.30.36-768x515.png 768w, https:\/\/spiritual-science-research.com\/wp-content\/uploads\/2023\/08\/Screenshot-2023-08-14-at-12.30.36-1536x1030.png 1536w\" sizes=\"auto, (max-width: 1024px) 100vw, 1024px\" \/><\/a><\/figure>\n\n\n\n<h3 class=\"wp-block-heading has-medium-font-size\">Geistesforschungskurs<br>Online<\/h3>\n\n\n\n<p>Online-Forschungskurs an sieben Wochenenden auf Deutsch.<\/p>\n\n\n\n<p> der Anmeldeschluss <a href=\"\/de\/rss-online-in-german\/\">mehr<\/a><\/p>\n<\/div>\n\n\n\n<div class=\"wp-block-column is-layout-flow wp-block-column-is-layout-flow\">\n<figure class=\"wp-block-image size-full\"><a href=\"https:\/\/spiritual-science-research.com\/weleda-researchcourse\/\"><img loading=\"lazy\" decoding=\"async\" width=\"882\" height=\"588\" src=\"https:\/\/spiritual-science-research.com\/wp-content\/uploads\/2024\/03\/Screenshot-2024-03-22-at-23.26.56-edited.png\" alt=\"\" class=\"wp-image-3311\" srcset=\"https:\/\/spiritual-science-research.com\/wp-content\/uploads\/2024\/03\/Screenshot-2024-03-22-at-23.26.56-edited.png 882w, https:\/\/spiritual-science-research.com\/wp-content\/uploads\/2024\/03\/Screenshot-2024-03-22-at-23.26.56-edited-300x200.png 300w, https:\/\/spiritual-science-research.com\/wp-content\/uploads\/2024\/03\/Screenshot-2024-03-22-at-23.26.56-edited-768x512.png 768w\" sizes=\"auto, (max-width: 882px) 100vw, 882px\" \/><\/a><\/figure>\n\n\n\n<h3 class=\"wp-block-heading has-medium-font-size\">Weleda Forschungskurs<\/h3>\n\n\n\n<p>Der Geisteswissenschaftliche Forschung Weleda Kurs auf English findet am Weleda, Heanor Rd, Ilkeston, VK statt. <a href=\"\/weleda-researchcourse\/\">mehr<\/a><\/p>\n<\/div>\n\n\n\n<div class=\"wp-block-column is-layout-flow wp-block-column-is-layout-flow\">\n<figure class=\"wp-block-image size-large\"><a href=\"https:\/\/spiritual-science-research.com\/de\/michael-and-the-transformation-of-fear\/\"><img loading=\"lazy\" decoding=\"async\" width=\"1024\" height=\"683\" src=\"https:\/\/spiritual-science-research.com\/wp-content\/uploads\/2025\/10\/Screenshot-2025-09-29-at-22.25.13-edited-1024x683.png\" alt=\"\" class=\"wp-image-6287\" srcset=\"https:\/\/spiritual-science-research.com\/wp-content\/uploads\/2025\/10\/Screenshot-2025-09-29-at-22.25.13-edited-1024x683.png 1024w, https:\/\/spiritual-science-research.com\/wp-content\/uploads\/2025\/10\/Screenshot-2025-09-29-at-22.25.13-edited-300x200.png 300w, https:\/\/spiritual-science-research.com\/wp-content\/uploads\/2025\/10\/Screenshot-2025-09-29-at-22.25.13-edited-768x512.png 768w, https:\/\/spiritual-science-research.com\/wp-content\/uploads\/2025\/10\/Screenshot-2025-09-29-at-22.25.13-edited.png 1276w\" sizes=\"auto, (max-width: 1024px) 100vw, 1024px\" \/><\/a><\/figure>\n\n\n\n<h1 class=\"wp-block-heading has-medium-font-size\">Michael und die Verwandlung der Angst<\/h1>\n\n\n\n<p>Ein kostenloser Online-Vortrag mit Meditation <a href=\"\/de\/michael-and-the-transformation-of-fear\/\">mehr <\/a><\/p>\n<\/div>\n<\/div>\n\n\n\n<div class=\"wp-block-columns is-layout-flex wp-container-core-columns-is-layout-9d6595d7 wp-block-columns-is-layout-flex\">\n<div class=\"wp-block-column is-layout-flow wp-block-column-is-layout-flow\">\n<figure class=\"wp-block-image\"><a href=\"\/events-calendar\/\"><img loading=\"lazy\" decoding=\"async\" width=\"1000\" height=\"667\" src=\"https:\/\/spiritual-science-research.com\/wp-content\/uploads\/2024\/04\/WhatsApp-Image-2024-04-01-at-07.52.35-5.jpeg\" alt=\"\" class=\"wp-image-3323\" srcset=\"https:\/\/spiritual-science-research.com\/wp-content\/uploads\/2024\/04\/WhatsApp-Image-2024-04-01-at-07.52.35-5.jpeg 1000w, https:\/\/spiritual-science-research.com\/wp-content\/uploads\/2024\/04\/WhatsApp-Image-2024-04-01-at-07.52.35-5-300x200.jpeg 300w, https:\/\/spiritual-science-research.com\/wp-content\/uploads\/2024\/04\/WhatsApp-Image-2024-04-01-at-07.52.35-5-768x512.jpeg 768w\" sizes=\"auto, (max-width: 1000px) 100vw, 1000px\" \/><\/a><\/figure>\n\n\n\n<h3 class=\"wp-block-heading has-medium-font-size\">Veranstaltungskalender<\/h3>\n\n\n\n<p>Events Calendar <a href=\"\/events-calendar\/\">mehr<\/a><\/p>\n<\/div>\n\n\n\n<div class=\"wp-block-column is-layout-flow wp-block-column-is-layout-flow\">\n<figure class=\"wp-block-image size-large\"><a href=\"https:\/\/spiritual-science-research.com\/feedback-all-languages\/\"><img loading=\"lazy\" decoding=\"async\" width=\"1024\" height=\"682\" src=\"https:\/\/spiritual-science-research.com\/wp-content\/uploads\/2024\/04\/WhatsApp-Image-2024-04-01-at-08.05.45-1024x682.jpeg\" alt=\"\" class=\"wp-image-3325\" srcset=\"https:\/\/spiritual-science-research.com\/wp-content\/uploads\/2024\/04\/WhatsApp-Image-2024-04-01-at-08.05.45-1024x682.jpeg 1024w, https:\/\/spiritual-science-research.com\/wp-content\/uploads\/2024\/04\/WhatsApp-Image-2024-04-01-at-08.05.45-300x200.jpeg 300w, https:\/\/spiritual-science-research.com\/wp-content\/uploads\/2024\/04\/WhatsApp-Image-2024-04-01-at-08.05.45-768x511.jpeg 768w, https:\/\/spiritual-science-research.com\/wp-content\/uploads\/2024\/04\/WhatsApp-Image-2024-04-01-at-08.05.45.jpeg 1280w\" sizes=\"auto, (max-width: 1024px) 100vw, 1024px\" \/><\/a><\/figure>\n\n\n\n<h3 class=\"wp-block-heading has-medium-font-size\">Feedback<\/h3>\n\n\n\n<p>Feedback in <a href=\"\/feedback-in-english\/\">English<\/a>, <a href=\"\/feedback-in-german\/\">German<\/a>, <a href=\"\/feedback-in-spanish\/\">Spanish<\/a>, <a href=\"\/feedback-in-bulgarian\/\">Bulgarian<\/a>, <a href=\"\/feedback-in-russian\/\">Russian<\/a><\/p>\n<\/div>\n\n\n\n<div class=\"wp-block-column is-layout-flow wp-block-column-is-layout-flow\">\n<p style=\"font-size:7px\">\u200e<\/p>\n\n\n\n<figure class=\"wp-block-embed is-type-video is-provider-youtube wp-block-embed-youtube wp-embed-aspect-16-9 wp-has-aspect-ratio\"><div class=\"wp-block-embed__wrapper\">\n<iframe loading=\"lazy\" title=\"A warm welcome to Spiritual Science Research!\" width=\"525\" height=\"295\" src=\"https:\/\/www.youtube.com\/embed\/wgVOAYUXR9w?feature=oembed\" frameborder=\"0\" allow=\"accelerometer; autoplay; clipboard-write; encrypted-media; gyroscope; picture-in-picture; web-share\" referrerpolicy=\"strict-origin-when-cross-origin\" allowfullscreen><\/iframe>\n<\/div><\/figure>\n\n\n\n<p><\/p>\n\n\n\n<h3 class=\"wp-block-heading has-medium-font-size\">Video-Kanal<\/h3>\n\n\n\n<p>Video-Kanal ist <a href=\"https:\/\/www.youtube.com\/@SpiritualScienceResearch\" target=\"_blank\" rel=\"noreferrer noopener\">hier<\/a><\/p>\n<\/div>\n<\/div>\n","protected":false},"excerpt":{"rendered":"<p>Was ist geisteswissenschaftliche Forschung? Meditation und Achtsamkeit sind zu einem globalen Ph\u00e4nomen geworden. Nur wenige, die Meditation praktizieren, erkennen ihr volles transformatives Potenzial, mehr.. Termin f\u00fcr Beratung oder Forschung mit Inessa Burdich Hier k\u00f6nnen Sie eine pers\u00f6nliche Beratung mit Inessa Burdich auf Deutsch buchen. mehr Saving Ernest Neuerscheinung \u2014 jetzt auf Amazon erh\u00e4ltlich Ein Buch [&hellip;]<\/p>\n","protected":false},"author":2,"featured_media":0,"parent":0,"menu_order":0,"comment_status":"closed","ping_status":"closed","template":"","meta":{"footnotes":"[]"},"class_list":["post-960","page","type-page","status-publish","hentry"],"translation":{"provider":"WPGlobus","version":"3.0.2","language":"de","enabled_languages":["en","de"],"languages":{"en":{"title":true,"content":true,"excerpt":false},"de":{"title":false,"content":true,"excerpt":false}}},"yoast_head":"<!-- This site is optimized with the Yoast SEO plugin v27.5 - https:\/\/yoast.com\/product\/yoast-seo-wordpress\/ -->\n<title>Home page - Spiritual Science Research<\/title>\n<meta name=\"robots\" content=\"index, follow, max-snippet:-1, max-image-preview:large, max-video-preview:-1\" \/>\n<link rel=\"canonical\" href=\"https:\/\/spiritual-science-research.com\" \/>\n<meta property=\"og:locale\" content=\"de_DE\" \/>\n<meta property=\"og:type\" content=\"article\" \/>\n<meta property=\"og:title\" content=\"Home page - Spiritual Science Research\" \/>\n<meta property=\"og:url\" content=\"https:\/\/spiritual-science-research.com\" \/>\n<meta property=\"og:site_name\" content=\"Spiritual Science Research\" \/>\n<meta property=\"article:modified_time\" content=\"2026-04-22T08:07:08+00:00\" \/>\n<meta property=\"og:image\" content=\"https:\/\/spiritual-science-research.com\/wp-content\/uploads\/2025\/03\/Screenshot-2025-03-20-at-16.41.54-1024x647.png\" \/>\n\t<meta property=\"og:image:width\" content=\"1024\" \/>\n\t<meta property=\"og:image:height\" content=\"647\" \/>\n\t<meta property=\"og:image:type\" content=\"image\/png\" \/>\n<meta name=\"twitter:card\" content=\"summary_large_image\" \/>\n<meta name=\"twitter:label1\" content=\"Est. reading time\" \/>\n\t<meta name=\"twitter:data1\" content=\"3 minutes\" \/>\n<script type=\"application\/ld+json\" class=\"yoast-schema-graph\">{\"@context\":\"https:\\\/\\\/schema.org\",\"@graph\":[{\"@type\":\"WebPage\",\"@id\":\"https:\\\/\\\/spiritual-science-research.com\\\/\",\"url\":\"https:\\\/\\\/spiritual-science-research.com\",\"name\":\"Home page - Spiritual Science Research\",\"isPartOf\":{\"@id\":\"https:\\\/\\\/spiritual-science-research.com\\\/#website\"},\"primaryImageOfPage\":{\"@id\":\"https:\\\/\\\/spiritual-science-research.com#primaryimage\"},\"image\":{\"@id\":\"https:\\\/\\\/spiritual-science-research.com#primaryimage\"},\"thumbnailUrl\":\"https:\\\/\\\/spiritual-science-research.com\\\/wp-content\\\/uploads\\\/2025\\\/03\\\/Screenshot-2025-03-20-at-16.41.54-1024x647.png\",\"datePublished\":\"2023-03-12T15:18:45+00:00\",\"dateModified\":\"2026-04-22T08:07:08+00:00\",\"description\":\"% % {:en} What is Spiritual Science Research? Meditation and mindfulness have become a global phenomenon. Few who practice meditation realise its full % %\",\"breadcrumb\":{\"@id\":\"https:\\\/\\\/spiritual-science-research.com#breadcrumb\"},\"inLanguage\":\"de-DE\",\"potentialAction\":[{\"@type\":\"ReadAction\",\"target\":[\"https:\\\/\\\/spiritual-science-research.com\"]}]},{\"@type\":\"ImageObject\",\"inLanguage\":\"de-DE\",\"@id\":\"https:\\\/\\\/spiritual-science-research.com#primaryimage\",\"url\":\"https:\\\/\\\/spiritual-science-research.com\\\/wp-content\\\/uploads\\\/2025\\\/03\\\/Screenshot-2025-03-20-at-16.41.54-1024x647.png\",\"contentUrl\":\"https:\\\/\\\/spiritual-science-research.com\\\/wp-content\\\/uploads\\\/2025\\\/03\\\/Screenshot-2025-03-20-at-16.41.54-1024x647.png\"},{\"@type\":\"BreadcrumbList\",\"@id\":\"https:\\\/\\\/spiritual-science-research.com#breadcrumb\",\"itemListElement\":[{\"@type\":\"ListItem\",\"position\":1,\"name\":\"Home\",\"item\":\"https:\\\/\\\/spiritual-science-research.com\\\/\"},{\"@type\":\"ListItem\",\"position\":2,\"name\":\"Home page\"}]},{\"@type\":\"WebSite\",\"@id\":\"https:\\\/\\\/spiritual-science-research.com\\\/#website\",\"url\":\"https:\\\/\\\/spiritual-science-research.com\\\/\",\"name\":\"Spiritual Science Research\",\"description\":\"Learning by doing\",\"publisher\":{\"@id\":\"https:\\\/\\\/spiritual-science-research.com\\\/#organization\"},\"potentialAction\":[{\"@type\":\"SearchAction\",\"target\":{\"@type\":\"EntryPoint\",\"urlTemplate\":\"https:\\\/\\\/spiritual-science-research.com\\\/?s={search_term_string}\"},\"query-input\":{\"@type\":\"PropertyValueSpecification\",\"valueRequired\":true,\"valueName\":\"search_term_string\"}}],\"inLanguage\":\"de-DE\"},{\"@type\":\"Organization\",\"@id\":\"https:\\\/\\\/spiritual-science-research.com\\\/#organization\",\"name\":\"Spiritual Science Research\",\"url\":\"https:\\\/\\\/spiritual-science-research.com\\\/\",\"logo\":{\"@type\":\"ImageObject\",\"inLanguage\":\"de-DE\",\"@id\":\"https:\\\/\\\/spiritual-science-research.com\\\/#\\\/schema\\\/logo\\\/image\\\/\",\"url\":\"https:\\\/\\\/spiritual-science-research.com\\\/wp-content\\\/uploads\\\/2023\\\/05\\\/Group-337.png\",\"contentUrl\":\"https:\\\/\\\/spiritual-science-research.com\\\/wp-content\\\/uploads\\\/2023\\\/05\\\/Group-337.png\",\"width\":400,\"height\":161,\"caption\":\"Spiritual Science Research\"},\"image\":{\"@id\":\"https:\\\/\\\/spiritual-science-research.com\\\/#\\\/schema\\\/logo\\\/image\\\/\"}}]}<\/script>\n<!-- \/ Yoast SEO plugin. -->","yoast_head_json":{"title":"Home page - Spiritual Science Research","robots":{"index":"index","follow":"follow","max-snippet":"max-snippet:-1","max-image-preview":"max-image-preview:large","max-video-preview":"max-video-preview:-1"},"canonical":"https:\/\/spiritual-science-research.com","og_locale":"de_DE","og_type":"article","og_title":"Home page - Spiritual Science Research","og_url":"https:\/\/spiritual-science-research.com","og_site_name":"Spiritual Science Research","article_modified_time":"2026-04-22T08:07:08+00:00","og_image":[{"width":1024,"height":647,"url":"https:\/\/spiritual-science-research.com\/wp-content\/uploads\/2025\/03\/Screenshot-2025-03-20-at-16.41.54-1024x647.png","type":"image\/png"}],"twitter_card":"summary_large_image","twitter_misc":{"Est. reading time":"3 minutes"},"schema":{"@context":"https:\/\/schema.org","@graph":[{"@type":"WebPage","@id":"https:\/\/spiritual-science-research.com\/","url":"https:\/\/spiritual-science-research.com","name":"Home page - Spiritual Science Research","isPartOf":{"@id":"https:\/\/spiritual-science-research.com\/#website"},"primaryImageOfPage":{"@id":"https:\/\/spiritual-science-research.com#primaryimage"},"image":{"@id":"https:\/\/spiritual-science-research.com#primaryimage"},"thumbnailUrl":"https:\/\/spiritual-science-research.com\/wp-content\/uploads\/2025\/03\/Screenshot-2025-03-20-at-16.41.54-1024x647.png","datePublished":"2023-03-12T15:18:45+00:00","dateModified":"2026-04-22T08:07:08+00:00","description":"% % {:en} What is Spiritual Science Research? Meditation and mindfulness have become a global phenomenon. Few who practice meditation realise its full % %","breadcrumb":{"@id":"https:\/\/spiritual-science-research.com#breadcrumb"},"inLanguage":"de-DE","potentialAction":[{"@type":"ReadAction","target":["https:\/\/spiritual-science-research.com"]}]},{"@type":"ImageObject","inLanguage":"de-DE","@id":"https:\/\/spiritual-science-research.com#primaryimage","url":"https:\/\/spiritual-science-research.com\/wp-content\/uploads\/2025\/03\/Screenshot-2025-03-20-at-16.41.54-1024x647.png","contentUrl":"https:\/\/spiritual-science-research.com\/wp-content\/uploads\/2025\/03\/Screenshot-2025-03-20-at-16.41.54-1024x647.png"},{"@type":"BreadcrumbList","@id":"https:\/\/spiritual-science-research.com#breadcrumb","itemListElement":[{"@type":"ListItem","position":1,"name":"Home","item":"https:\/\/spiritual-science-research.com\/"},{"@type":"ListItem","position":2,"name":"Home page"}]},{"@type":"WebSite","@id":"https:\/\/spiritual-science-research.com\/#website","url":"https:\/\/spiritual-science-research.com\/","name":"Spiritual Science Research","description":"Learning by doing","publisher":{"@id":"https:\/\/spiritual-science-research.com\/#organization"},"potentialAction":[{"@type":"SearchAction","target":{"@type":"EntryPoint","urlTemplate":"https:\/\/spiritual-science-research.com\/?s={search_term_string}"},"query-input":{"@type":"PropertyValueSpecification","valueRequired":true,"valueName":"search_term_string"}}],"inLanguage":"de-DE"},{"@type":"Organization","@id":"https:\/\/spiritual-science-research.com\/#organization","name":"Spiritual Science Research","url":"https:\/\/spiritual-science-research.com\/","logo":{"@type":"ImageObject","inLanguage":"de-DE","@id":"https:\/\/spiritual-science-research.com\/#\/schema\/logo\/image\/","url":"https:\/\/spiritual-science-research.com\/wp-content\/uploads\/2023\/05\/Group-337.png","contentUrl":"https:\/\/spiritual-science-research.com\/wp-content\/uploads\/2023\/05\/Group-337.png","width":400,"height":161,"caption":"Spiritual Science Research"},"image":{"@id":"https:\/\/spiritual-science-research.com\/#\/schema\/logo\/image\/"}}]}},"_links":{"self":[{"href":"https:\/\/spiritual-science-research.com\/de\/wp-json\/wp\/v2\/pages\/960","targetHints":{"allow":["GET"]}}],"collection":[{"href":"https:\/\/spiritual-science-research.com\/de\/wp-json\/wp\/v2\/pages"}],"about":[{"href":"https:\/\/spiritual-science-research.com\/de\/wp-json\/wp\/v2\/types\/page"}],"author":[{"embeddable":true,"href":"https:\/\/spiritual-science-research.com\/de\/wp-json\/wp\/v2\/users\/2"}],"replies":[{"embeddable":true,"href":"https:\/\/spiritual-science-research.com\/de\/wp-json\/wp\/v2\/comments?post=960"}],"version-history":[{"count":571,"href":"https:\/\/spiritual-science-research.com\/de\/wp-json\/wp\/v2\/pages\/960\/revisions"}],"predecessor-version":[{"id":8245,"href":"https:\/\/spiritual-science-research.com\/de\/wp-json\/wp\/v2\/pages\/960\/revisions\/8245"}],"wp:attachment":[{"href":"https:\/\/spiritual-science-research.com\/de\/wp-json\/wp\/v2\/media?parent=960"}],"curies":[{"name":"wp","href":"https:\/\/api.w.org\/{rel}","templated":true}]}}