{"id":90,"date":"2022-12-11T09:59:30","date_gmt":"2022-12-11T09:59:30","guid":{"rendered":"http:\/\/spiritual-science-research.com\/?page_id=90"},"modified":"2026-01-06T08:38:26","modified_gmt":"2026-01-06T08:38:26","slug":"knowledge-of-the-higher-worlds","status":"publish","type":"page","link":"https:\/\/spiritual-science-research.com\/de\/knowledge-of-the-higher-worlds\/","title":{"rendered":"Wie Erlangt Man Erkenntnisse der Hoeheren Welten? &#8211; in Meditationen"},"content":{"rendered":"\n<p>Moderiert von Inessa Burdich<\/p>\n\n\n\n<p>Diese Initiative richtet sich an junge Menschen, die sich auf den Weg der anthroposophischen spirituellen Entwicklung begeben m\u00f6chten. In Online-Treffen in englischer Sprache besch\u00e4ftigen wir uns mit dem Buch &#8220;Erkenntnis der h\u00f6heren Welten&#8221; von Steiner, indem wir lesen + kontemplieren + meditieren + diskutieren + die Gelegenheit nutzen, Fragen zu stellen.<\/p>\n\n\n\n<p>Die Initiative hat auf Einladung und nach Treffen mit der Jugendsektion GB im Sommer 2021 begonnen. Jetzt sind wir offen f\u00fcr junge Menschen auch au\u00dferhalb von Gro\u00dfbritannien.<\/p>\n\n\n\n<p>Wir treffen uns ca. 2 Mal pro Monat im Zoom.<\/p>\n\n\n\n<p>Einige der gestellten\/diskutierten Fragen auf unseren Treffen von Knowledge of the Higher Worlds k\u00f6nnen Sie hier sehen: <a href=\"\/de\/knowledge-of-the-higher-worlds-questions\/\">mehr..<\/a><\/p>\n\n\n\n<p>\u221e \u221e \u221e<\/p>\n\n\n\n<blockquote class=\"wp-block-quote is-layout-flow wp-block-quote-is-layout-flow\">\n<p>Kontakt:  Zlata <a href=\"mailto:zlata.zaludova@seznam.cz\">zlata.zaludova@seznam.cz<\/a><\/p>\n<\/blockquote>\n\n\n\n<p>\u221e \u221e \u221e<\/p>\n\n\n\n<p><strong>\u00dcber das Buch<\/strong><\/p>\n\n\n\n<p>Dies ist die Erkl\u00e4rung des modernen westlichen esoterischen Einweihungsweges und Steiners wichtigster Leitfaden f\u00fcr die spirituelle Entwicklung, f\u00fcr die er sein Leben lang eintrat.<\/p>\n\n\n\n<p>Er beginnt mit der Pr\u00e4misse, dass &#8220;die F\u00e4higkeiten, durch die wir Einblicke in die h\u00f6heren Welten gewinnen k\u00f6nnen, in jedem von uns schlummern&#8221;.<\/p>\n\n\n\n<p>Steiner f\u00fchrt uns von der Kultivierung der seelischen Grundhaltungen der Ehrfurcht und der inneren Ruhe zur Entwicklung des inneren Lebens durch die Stufen der Vorbereitung, Erleuchtung und Einweihung.<\/p>\n\n\n\n<p>Es werden praktische \u00dcbungen zur inneren und \u00e4u\u00dferen Beobachtung und zur moralischen Entwicklung angeboten. Durch geduldiges und beharrliches Befolgen der Richtlinien beginnen sich neue &#8220;Organe&#8221; der Seele und des Geistes zu bilden, die die Konturen der h\u00f6heren Welten, die uns bisher verborgen waren, offenbaren.<\/p>\n\n\n\n<p>Steiner wird in diesem wichtigen Werk zu einem Lehrer, einem Ratgeber und einem Freund, dessen Ratschl\u00e4ge praktisch und wirksam sind. Die Herausforderungen, denen wir uns im Leben stellen m\u00fcssen, erfordern ein immer tieferes Verst\u00e4ndnis, und die gegebenen Erkl\u00e4rungen helfen uns, die F\u00e4higkeiten zu solchen Einsichten zu kultivieren und sie in den Dienst der Menschheit zu stellen.<\/p>\n\n\n\n<p>\u221e \u221e \u221e<\/p>\n\n\n\n<p>\u0421ontent:<\/p>\n\n\n\n<ol class=\"wp-block-list\">\n<li>Wie man die h\u00f6heren Welten kennenlernt<\/li>\n\n\n\n<li>Die Etappen der Einweihung<\/li>\n\n\n\n<li>Einweihung<\/li>\n\n\n\n<li>Praktische \u00dcberlegungen<\/li>\n\n\n\n<li>Voraussetzungen f\u00fcr die esoterische Schulung<\/li>\n\n\n\n<li>Einige Wirkungen der Einweihung<\/li>\n\n\n\n<li>Ver\u00e4nderungen im Traumleben des Esoteriksch\u00fclers<\/li>\n\n\n\n<li>Das Erreichen der Kontinuit\u00e4t des Bewusstseins<\/li>\n\n\n\n<li>Die Spaltung der Pers\u00f6nlichkeit in der esoterischen Schulung<\/li>\n\n\n\n<li>Der W\u00e4chter der Schwelle<\/li>\n\n\n\n<li>Leben und Tod: Der gro\u00dfe W\u00e4chter der Schwelle<\/li>\n<\/ol>\n\n\n\n<p>Dies ist eine \u00dcbersetzung aus dem Deutschen des schriftlichen Werkes Wie erlangt man Erkenntnisse der h\u00f6heren Welten? (GA 10), die urspr\u00fcnglich 1904 ver\u00f6ffentlicht wurde.<\/p>\n\n\n\n<p><\/p>\n\n\n\n<p>\u221e \u221e \u221e<\/p>\n\n\n\n<figure class=\"wp-block-image size-full\"><img loading=\"lazy\" decoding=\"async\" width=\"738\" height=\"1000\" src=\"https:\/\/spiritual-science-research.com\/wp-content\/uploads\/2023\/07\/P7164308_738x1000.jpg\" alt=\"\" class=\"wp-image-2408\" srcset=\"https:\/\/spiritual-science-research.com\/wp-content\/uploads\/2023\/07\/P7164308_738x1000.jpg 738w, https:\/\/spiritual-science-research.com\/wp-content\/uploads\/2023\/07\/P7164308_738x1000-221x300.jpg 221w\" sizes=\"auto, (max-width: 738px) 100vw, 738px\" \/><\/figure>\n\n\n\n<p><\/p>\n","protected":false},"excerpt":{"rendered":"<p>Moderiert von Inessa Burdich Diese Initiative richtet sich an junge Menschen, die sich auf den Weg der anthroposophischen spirituellen Entwicklung begeben m\u00f6chten. In Online-Treffen in englischer Sprache besch\u00e4ftigen wir uns mit dem Buch &#8220;Erkenntnis der h\u00f6heren Welten&#8221; von Steiner, indem wir lesen + kontemplieren + meditieren + diskutieren + die Gelegenheit nutzen, Fragen zu stellen. [&hellip;]<\/p>\n","protected":false},"author":2,"featured_media":0,"parent":0,"menu_order":0,"comment_status":"closed","ping_status":"closed","template":"","meta":{"footnotes":""},"class_list":["post-90","page","type-page","status-publish","hentry"],"translation":{"provider":"WPGlobus","version":"3.0.2","language":"de","enabled_languages":["en","de"],"languages":{"en":{"title":true,"content":true,"excerpt":false},"de":{"title":true,"content":true,"excerpt":false}}},"yoast_head":"<!-- This site is optimized with the Yoast SEO plugin v27.5 - https:\/\/yoast.com\/product\/yoast-seo-wordpress\/ -->\n<title>Wie Erlangt Man Erkenntnisse der Hoeheren Welten? - in Meditationen - Spiritual Science Research<\/title>\n<meta name=\"robots\" content=\"index, follow, max-snippet:-1, max-image-preview:large, max-video-preview:-1\" \/>\n<link rel=\"canonical\" href=\"https:\/\/spiritual-science-research.com\/knowledge-of-the-higher-worlds\/\" \/>\n<meta property=\"og:locale\" content=\"de_DE\" \/>\n<meta property=\"og:type\" content=\"article\" \/>\n<meta property=\"og:title\" content=\"Wie Erlangt Man Erkenntnisse der Hoeheren Welten? - in Meditationen - Spiritual Science Research\" \/>\n<meta property=\"og:url\" content=\"https:\/\/spiritual-science-research.com\/knowledge-of-the-higher-worlds\/\" \/>\n<meta property=\"og:site_name\" content=\"Spiritual Science Research\" \/>\n<meta property=\"article:modified_time\" content=\"2026-01-06T08:38:26+00:00\" \/>\n<meta property=\"og:image\" content=\"https:\/\/spiritual-science-research.com\/wp-content\/uploads\/2024\/10\/2024-09-KHW-poster.jpeg\" \/>\n\t<meta property=\"og:image:width\" content=\"904\" \/>\n\t<meta property=\"og:image:height\" content=\"1280\" \/>\n\t<meta property=\"og:image:type\" content=\"image\/jpeg\" \/>\n<meta name=\"twitter:card\" content=\"summary_large_image\" \/>\n<meta name=\"twitter:label1\" content=\"Est. reading time\" \/>\n\t<meta name=\"twitter:data1\" content=\"2 minutes\" \/>\n<script type=\"application\/ld+json\" class=\"yoast-schema-graph\">{\"@context\":\"https:\\\/\\\/schema.org\",\"@graph\":[{\"@type\":\"WebPage\",\"@id\":\"https:\\\/\\\/spiritual-science-research.com\\\/knowledge-of-the-higher-worlds\\\/\",\"url\":\"https:\\\/\\\/spiritual-science-research.com\\\/knowledge-of-the-higher-worlds\\\/\",\"name\":\"Wie Erlangt Man Erkenntnisse der Hoeheren Welten? - in Meditationen - Spiritual Science Research\",\"isPartOf\":{\"@id\":\"https:\\\/\\\/spiritual-science-research.com\\\/#website\"},\"primaryImageOfPage\":{\"@id\":\"https:\\\/\\\/spiritual-science-research.com\\\/knowledge-of-the-higher-worlds\\\/#primaryimage\"},\"image\":{\"@id\":\"https:\\\/\\\/spiritual-science-research.com\\\/knowledge-of-the-higher-worlds\\\/#primaryimage\"},\"thumbnailUrl\":\"https:\\\/\\\/spiritual-science-research.com\\\/wp-content\\\/uploads\\\/2024\\\/10\\\/2024-09-KHW-poster-723x1024.jpeg\",\"datePublished\":\"2022-12-11T09:59:30+00:00\",\"dateModified\":\"2026-01-06T08:38:26+00:00\",\"description\":\"% % {:en} Facilitated by Inessa Burdich Each Meeting Includes: Poetry and\\\/or Music Further Reading from Knowledge of the Higher Worlds A Practical Meditation % %\",\"breadcrumb\":{\"@id\":\"https:\\\/\\\/spiritual-science-research.com\\\/knowledge-of-the-higher-worlds\\\/#breadcrumb\"},\"inLanguage\":\"de-DE\",\"potentialAction\":[{\"@type\":\"ReadAction\",\"target\":[\"https:\\\/\\\/spiritual-science-research.com\\\/knowledge-of-the-higher-worlds\\\/\"]}]},{\"@type\":\"ImageObject\",\"inLanguage\":\"de-DE\",\"@id\":\"https:\\\/\\\/spiritual-science-research.com\\\/knowledge-of-the-higher-worlds\\\/#primaryimage\",\"url\":\"https:\\\/\\\/spiritual-science-research.com\\\/wp-content\\\/uploads\\\/2024\\\/10\\\/2024-09-KHW-poster-723x1024.jpeg\",\"contentUrl\":\"https:\\\/\\\/spiritual-science-research.com\\\/wp-content\\\/uploads\\\/2024\\\/10\\\/2024-09-KHW-poster-723x1024.jpeg\"},{\"@type\":\"BreadcrumbList\",\"@id\":\"https:\\\/\\\/spiritual-science-research.com\\\/knowledge-of-the-higher-worlds\\\/#breadcrumb\",\"itemListElement\":[{\"@type\":\"ListItem\",\"position\":1,\"name\":\"Home\",\"item\":\"https:\\\/\\\/spiritual-science-research.com\\\/\"},{\"@type\":\"ListItem\",\"position\":2,\"name\":\"Knowledge of the Higher Worlds &#8211; in meditations\"}]},{\"@type\":\"WebSite\",\"@id\":\"https:\\\/\\\/spiritual-science-research.com\\\/#website\",\"url\":\"https:\\\/\\\/spiritual-science-research.com\\\/\",\"name\":\"Spiritual Science Research\",\"description\":\"Learning by doing\",\"publisher\":{\"@id\":\"https:\\\/\\\/spiritual-science-research.com\\\/#organization\"},\"potentialAction\":[{\"@type\":\"SearchAction\",\"target\":{\"@type\":\"EntryPoint\",\"urlTemplate\":\"https:\\\/\\\/spiritual-science-research.com\\\/?s={search_term_string}\"},\"query-input\":{\"@type\":\"PropertyValueSpecification\",\"valueRequired\":true,\"valueName\":\"search_term_string\"}}],\"inLanguage\":\"de-DE\"},{\"@type\":\"Organization\",\"@id\":\"https:\\\/\\\/spiritual-science-research.com\\\/#organization\",\"name\":\"Spiritual Science Research\",\"url\":\"https:\\\/\\\/spiritual-science-research.com\\\/\",\"logo\":{\"@type\":\"ImageObject\",\"inLanguage\":\"de-DE\",\"@id\":\"https:\\\/\\\/spiritual-science-research.com\\\/#\\\/schema\\\/logo\\\/image\\\/\",\"url\":\"https:\\\/\\\/spiritual-science-research.com\\\/wp-content\\\/uploads\\\/2023\\\/05\\\/Group-337.png\",\"contentUrl\":\"https:\\\/\\\/spiritual-science-research.com\\\/wp-content\\\/uploads\\\/2023\\\/05\\\/Group-337.png\",\"width\":400,\"height\":161,\"caption\":\"Spiritual Science Research\"},\"image\":{\"@id\":\"https:\\\/\\\/spiritual-science-research.com\\\/#\\\/schema\\\/logo\\\/image\\\/\"}}]}<\/script>\n<!-- \/ Yoast SEO plugin. -->","yoast_head_json":{"title":"Wie Erlangt Man Erkenntnisse der Hoeheren Welten? - in Meditationen - Spiritual Science Research","robots":{"index":"index","follow":"follow","max-snippet":"max-snippet:-1","max-image-preview":"max-image-preview:large","max-video-preview":"max-video-preview:-1"},"canonical":"https:\/\/spiritual-science-research.com\/knowledge-of-the-higher-worlds\/","og_locale":"de_DE","og_type":"article","og_title":"Wie Erlangt Man Erkenntnisse der Hoeheren Welten? - in Meditationen - Spiritual Science Research","og_url":"https:\/\/spiritual-science-research.com\/knowledge-of-the-higher-worlds\/","og_site_name":"Spiritual Science Research","article_modified_time":"2026-01-06T08:38:26+00:00","og_image":[{"width":904,"height":1280,"url":"https:\/\/spiritual-science-research.com\/wp-content\/uploads\/2024\/10\/2024-09-KHW-poster.jpeg","type":"image\/jpeg"}],"twitter_card":"summary_large_image","twitter_misc":{"Est. reading time":"2 minutes"},"schema":{"@context":"https:\/\/schema.org","@graph":[{"@type":"WebPage","@id":"https:\/\/spiritual-science-research.com\/knowledge-of-the-higher-worlds\/","url":"https:\/\/spiritual-science-research.com\/knowledge-of-the-higher-worlds\/","name":"Wie Erlangt Man Erkenntnisse der Hoeheren Welten? - in Meditationen - Spiritual Science Research","isPartOf":{"@id":"https:\/\/spiritual-science-research.com\/#website"},"primaryImageOfPage":{"@id":"https:\/\/spiritual-science-research.com\/knowledge-of-the-higher-worlds\/#primaryimage"},"image":{"@id":"https:\/\/spiritual-science-research.com\/knowledge-of-the-higher-worlds\/#primaryimage"},"thumbnailUrl":"https:\/\/spiritual-science-research.com\/wp-content\/uploads\/2024\/10\/2024-09-KHW-poster-723x1024.jpeg","datePublished":"2022-12-11T09:59:30+00:00","dateModified":"2026-01-06T08:38:26+00:00","description":"% % {:en} Facilitated by Inessa Burdich Each Meeting Includes: Poetry and\/or Music Further Reading from Knowledge of the Higher Worlds A Practical Meditation % %","breadcrumb":{"@id":"https:\/\/spiritual-science-research.com\/knowledge-of-the-higher-worlds\/#breadcrumb"},"inLanguage":"de-DE","potentialAction":[{"@type":"ReadAction","target":["https:\/\/spiritual-science-research.com\/knowledge-of-the-higher-worlds\/"]}]},{"@type":"ImageObject","inLanguage":"de-DE","@id":"https:\/\/spiritual-science-research.com\/knowledge-of-the-higher-worlds\/#primaryimage","url":"https:\/\/spiritual-science-research.com\/wp-content\/uploads\/2024\/10\/2024-09-KHW-poster-723x1024.jpeg","contentUrl":"https:\/\/spiritual-science-research.com\/wp-content\/uploads\/2024\/10\/2024-09-KHW-poster-723x1024.jpeg"},{"@type":"BreadcrumbList","@id":"https:\/\/spiritual-science-research.com\/knowledge-of-the-higher-worlds\/#breadcrumb","itemListElement":[{"@type":"ListItem","position":1,"name":"Home","item":"https:\/\/spiritual-science-research.com\/"},{"@type":"ListItem","position":2,"name":"Knowledge of the Higher Worlds &#8211; in meditations"}]},{"@type":"WebSite","@id":"https:\/\/spiritual-science-research.com\/#website","url":"https:\/\/spiritual-science-research.com\/","name":"Spiritual Science Research","description":"Learning by doing","publisher":{"@id":"https:\/\/spiritual-science-research.com\/#organization"},"potentialAction":[{"@type":"SearchAction","target":{"@type":"EntryPoint","urlTemplate":"https:\/\/spiritual-science-research.com\/?s={search_term_string}"},"query-input":{"@type":"PropertyValueSpecification","valueRequired":true,"valueName":"search_term_string"}}],"inLanguage":"de-DE"},{"@type":"Organization","@id":"https:\/\/spiritual-science-research.com\/#organization","name":"Spiritual Science Research","url":"https:\/\/spiritual-science-research.com\/","logo":{"@type":"ImageObject","inLanguage":"de-DE","@id":"https:\/\/spiritual-science-research.com\/#\/schema\/logo\/image\/","url":"https:\/\/spiritual-science-research.com\/wp-content\/uploads\/2023\/05\/Group-337.png","contentUrl":"https:\/\/spiritual-science-research.com\/wp-content\/uploads\/2023\/05\/Group-337.png","width":400,"height":161,"caption":"Spiritual Science Research"},"image":{"@id":"https:\/\/spiritual-science-research.com\/#\/schema\/logo\/image\/"}}]}},"_links":{"self":[{"href":"https:\/\/spiritual-science-research.com\/de\/wp-json\/wp\/v2\/pages\/90","targetHints":{"allow":["GET"]}}],"collection":[{"href":"https:\/\/spiritual-science-research.com\/de\/wp-json\/wp\/v2\/pages"}],"about":[{"href":"https:\/\/spiritual-science-research.com\/de\/wp-json\/wp\/v2\/types\/page"}],"author":[{"embeddable":true,"href":"https:\/\/spiritual-science-research.com\/de\/wp-json\/wp\/v2\/users\/2"}],"replies":[{"embeddable":true,"href":"https:\/\/spiritual-science-research.com\/de\/wp-json\/wp\/v2\/comments?post=90"}],"version-history":[{"count":20,"href":"https:\/\/spiritual-science-research.com\/de\/wp-json\/wp\/v2\/pages\/90\/revisions"}],"predecessor-version":[{"id":7175,"href":"https:\/\/spiritual-science-research.com\/de\/wp-json\/wp\/v2\/pages\/90\/revisions\/7175"}],"wp:attachment":[{"href":"https:\/\/spiritual-science-research.com\/de\/wp-json\/wp\/v2\/media?parent=90"}],"curies":[{"name":"wp","href":"https:\/\/api.w.org\/{rel}","templated":true}]}}