{"id":88,"date":"2022-12-11T09:59:40","date_gmt":"2022-12-11T09:59:40","guid":{"rendered":"http:\/\/spiritual-science-research.com\/?page_id=88"},"modified":"2025-04-19T18:31:36","modified_gmt":"2025-04-19T18:31:36","slug":"the-power-of-the-light-of-christ-questions","status":"publish","type":"page","link":"https:\/\/spiritual-science-research.com\/de\/the-power-of-the-light-of-christ-questions\/","title":{"rendered":"Die Kraft des Christuslichts  \u2013 die Fragen"},"content":{"rendered":"\n<p>Bei unseren Die Kraft des Lichtes von Christus zoom-Treffen lernen wir uns n\u00e4her kennen, tauschen unsere Erfahrungen aus und diskutieren aktuelle Fragen, insbesondere im Zusammenhang mit der Christologie. Einige der diskutierten Fragen auf unseren Treffen der letzten 3 Jahre k\u00f6nnen Sie unten sehen::<\/p>\n\n\n\n<figure class=\"wp-block-image size-large is-resized is-style-default\"><img loading=\"lazy\" decoding=\"async\" width=\"1024\" height=\"1021\" src=\"https:\/\/spiritual-science-research.com\/wp-content\/uploads\/2025\/04\/Angel-Head-By-Raffaellino-Del-Garbo-1024x1021.jpg\" alt=\"\" class=\"wp-image-5159\" style=\"aspect-ratio:1.5;object-fit:cover;width:530px\"\/><\/figure>\n\n\n\n<p>Was ist unser Hauptziel, wenn wir meditieren? Wie k\u00f6nnen wir es besser machen?<\/p>\n\n\n\n<p>Woher nehmen wir die Kraft, wenn wir meditieren, wohin schicken wir sie, und welche Rolle spielt das f\u00fcr die geistige Welt (was f\u00fcr einen Unterschied macht es f\u00fcr sie, wenn wir das tun?)<\/p>\n\n\n\n<p>Warum ist es wichtig, dass wir Menschen dies tun?<\/p>\n\n\n\n<p>Haben wir die Erlaubnis, mit diesen Kr\u00e4ften zu arbeiten?<\/p>\n\n\n\n<p>Gibt es \u00dcbungen, die helfen, die \u00c4ngste in diesen schwierigen Zeiten zu lindern?<\/p>\n\n\n\n<p>Wie k\u00f6nnen wir am effektivsten als Gruppe arbeiten?<\/p>\n\n\n\n<p>Wie k\u00f6nnen wir die Komplexit\u00e4t der spirituellen Welt verstehen oder uns ihr n\u00e4hern \u2013 insbesondere wie sich unser Universum entwickelt?<\/p>\n\n\n\n<p>Wie k\u00f6nnen wir den Impuls Christi erfahren und verstehen?<\/p>\n\n\n\n<p>Wie k\u00f6nnen wir im Werden des Christus dienen?<\/p>\n\n\n\n<p>Wie kann man einem materialistischen Menschen die geistige Welt erkl\u00e4ren?<\/p>\n\n\n\n<p>Was ist eine Gruppenseele?<\/p>\n\n\n\n<p>Was ist eine Bedeutung des zweiten apokalyptischen Siegels?<\/p>\n\n\n\n<p>Warum ist es an verschiedenen Orten leichter oder schwerer, sich mit der geistigen Welt zu verbinden, und kann sich dies von Mensch zu Mensch \u00e4ndern?<\/p>\n\n\n\n<p>Wie vergr\u00f6\u00dfert sich die Kraft der Gruppe durch das Gewicht der Anzahl und die Anwesenheit mehrerer gleichzeitig arbeitender Geister und Seelen?<\/p>\n\n\n\n<p>Ist es in Ordnung, zu meditieren, nachdem man den ganzen Tag am Computer gesessen hat?<\/p>\n\n\n\n<p>Wer sind die negativen Wesen, die wir zu transformieren versuchen?<\/p>\n\n\n\n<p>Ist es eine gute Idee, das Christus-Wesen in unser Herz zu holen, bevor wir zu meditieren beginnen?<\/p>\n\n\n\n<p>Warum tun wir diese Arbeit? Wem kommt sie zugute? Was k\u00f6nnten wir erreichen?<\/p>\n\n\n\n<p>Wie verbindet sich die Lichtmeditation mit der Ich-Manifestation der teilnehmenden Person?<\/p>\n\n\n\n<p>Wie lange ist es wirksam, Verstorbenen vorzulesen \u2013 zum Beispiel, wenn sie vor 10 oder 20 Jahren hin\u00fcbergegangen sind?<\/p>\n\n\n\n<p>Wie kann man den Wahrheitsgehalt von etwas, das in das eigene Bewusstsein kommt, \u00fcberpr\u00fcfen?<\/p>\n\n\n\n<p>K\u00f6nnen Sie beschreiben, wie ein geistiger Kampf aussieht? Wie sehen geistige Waffen aus?<\/p>\n\n\n\n<p>Wie wirkt sich der Akt der Vergebung auf die geistige Welt aus?<\/p>\n\n\n\n<p>Wie k\u00f6nnen wir den Seelen der Verstorbenen helfen?<\/p>\n\n\n\n<p>Wie beten und meditieren Sie f\u00fcr verstorbene Menschen, die Sie nie gekannt haben?<\/p>\n\n\n\n<p>Was war die Rolle der drei K\u00f6nige?<\/p>\n\n\n\n<p>Wenn wir uns den Auferstehungsleib Christi vorstellen und versuchen, an seiner Seite f\u00fcr das Wohl der Erde zu arbeiten, was ist dann unser Beitrag? Ist das in irgendeiner Weise anma\u00dfend?<\/p>\n\n\n\n<p>Die Katastrophen der letzten Zeit scheinen durch eine Trennung vom Christus-Bewusstsein verursacht worden zu sein. Gibt es jetzt eine gro\u00dfe Chance f\u00fcr eine neue Verbindung mit der Spiritualit\u00e4t?<\/p>\n\n\n\n<p>Wirken geistige Kr\u00e4fte auch zwischen den Meditationen durch unsere Gruppe?<\/p>\n\n\n\n<p>Wirken die Wesen nur, wenn wir sie einladen?<\/p>\n\n\n\n<p>Wie k\u00f6nnen wir die Vorstellungen verstehen, die wir in den Nachrichten finden, dass manche Menschen sogar absichtlich B\u00f6ses tun? Gibt es wirklich Menschen, die einfach nur b\u00f6se sind?<\/p>\n\n\n\n<p>K\u00f6nnen wir eine Beziehung zwischen der Arbeit, die wir tun, und der Karwoche herstellen?<\/p>\n\n\n\n<p>Wie k\u00f6nnen wir uns durch das bevorstehende Pfingstfest mit dem Heiligen Geist verbinden?<\/p>\n\n\n\n<p>Welche Beziehung hat der Schutzengel zu den Hierarchien und zu uns?<\/p>\n\n\n\n<p>Was ist der \u00fcbersinnliche Hintergrund des Krieges?<\/p>\n\n\n\n<p>Wie sind negative ahrimanische Kr\u00e4fte zu verstehen?<\/p>\n\n\n\n<p>Was ist die Inkarnation von Ahriman?<\/p>\n\n\n\n<p>Wie k\u00f6nnen wir unsere Ich-Manifestation entwickeln?<\/p>\n\n\n\n<p>Welche Erkenntnisformen verwenden Sie in der \u00fcbersinnlichen Forschung?<\/p>\n","protected":false},"excerpt":{"rendered":"<p>Bei unseren Die Kraft des Lichtes von Christus zoom-Treffen lernen wir uns n\u00e4her kennen, tauschen unsere Erfahrungen aus und diskutieren aktuelle Fragen, insbesondere im Zusammenhang mit der Christologie. Einige der diskutierten Fragen auf unseren Treffen der letzten 3 Jahre k\u00f6nnen Sie unten sehen:: Was ist unser Hauptziel, wenn wir meditieren? Wie k\u00f6nnen wir es besser [&hellip;]<\/p>\n","protected":false},"author":2,"featured_media":0,"parent":0,"menu_order":0,"comment_status":"closed","ping_status":"closed","template":"","meta":{"footnotes":""},"class_list":["post-88","page","type-page","status-publish","hentry"],"translation":{"provider":"WPGlobus","version":"3.0.2","language":"de","enabled_languages":["en","de"],"languages":{"en":{"title":true,"content":true,"excerpt":false},"de":{"title":true,"content":true,"excerpt":false}}},"yoast_head":"<!-- This site is optimized with the Yoast SEO plugin v27.5 - https:\/\/yoast.com\/product\/yoast-seo-wordpress\/ -->\n<title>Die Kraft des Christuslichts \u2013 die Fragen - Spiritual Science Research<\/title>\n<meta name=\"robots\" content=\"index, follow, max-snippet:-1, max-image-preview:large, max-video-preview:-1\" \/>\n<link rel=\"canonical\" href=\"https:\/\/spiritual-science-research.com\/the-power-of-the-light-of-christ-questions\/\" \/>\n<meta property=\"og:locale\" content=\"de_DE\" \/>\n<meta property=\"og:type\" content=\"article\" \/>\n<meta property=\"og:title\" content=\"Die Kraft des Christuslichts \u2013 die Fragen - Spiritual Science Research\" \/>\n<meta property=\"og:url\" content=\"https:\/\/spiritual-science-research.com\/the-power-of-the-light-of-christ-questions\/\" \/>\n<meta property=\"og:site_name\" content=\"Spiritual Science Research\" \/>\n<meta property=\"article:modified_time\" content=\"2025-04-19T18:31:36+00:00\" \/>\n<meta property=\"og:image\" content=\"https:\/\/spiritual-science-research.com\/wp-content\/uploads\/2025\/04\/Angel-Head-By-Raffaellino-Del-Garbo-e1745070561901.jpg\" \/>\n\t<meta property=\"og:image:width\" content=\"570\" \/>\n\t<meta property=\"og:image:height\" content=\"568\" \/>\n\t<meta property=\"og:image:type\" content=\"image\/jpeg\" \/>\n<meta name=\"twitter:card\" content=\"summary_large_image\" \/>\n<meta name=\"twitter:label1\" content=\"Est. reading time\" \/>\n\t<meta name=\"twitter:data1\" content=\"3 minutes\" \/>\n<script type=\"application\/ld+json\" class=\"yoast-schema-graph\">{\"@context\":\"https:\\\/\\\/schema.org\",\"@graph\":[{\"@type\":\"WebPage\",\"@id\":\"https:\\\/\\\/spiritual-science-research.com\\\/the-power-of-the-light-of-christ-questions\\\/\",\"url\":\"https:\\\/\\\/spiritual-science-research.com\\\/the-power-of-the-light-of-christ-questions\\\/\",\"name\":\"Die Kraft des Christuslichts \u2013 die Fragen - Spiritual Science Research\",\"isPartOf\":{\"@id\":\"https:\\\/\\\/spiritual-science-research.com\\\/#website\"},\"primaryImageOfPage\":{\"@id\":\"https:\\\/\\\/spiritual-science-research.com\\\/the-power-of-the-light-of-christ-questions\\\/#primaryimage\"},\"image\":{\"@id\":\"https:\\\/\\\/spiritual-science-research.com\\\/the-power-of-the-light-of-christ-questions\\\/#primaryimage\"},\"thumbnailUrl\":\"https:\\\/\\\/spiritual-science-research.com\\\/wp-content\\\/uploads\\\/2025\\\/04\\\/Angel-Head-By-Raffaellino-Del-Garbo-1024x1021.jpg\",\"datePublished\":\"2022-12-11T09:59:40+00:00\",\"dateModified\":\"2025-04-19T18:31:36+00:00\",\"description\":\"% % {:en} On our the Power of the Light of Christ zoom meetings we get to know each other closer, share our experiences, and discuss current questions, % %\",\"breadcrumb\":{\"@id\":\"https:\\\/\\\/spiritual-science-research.com\\\/the-power-of-the-light-of-christ-questions\\\/#breadcrumb\"},\"inLanguage\":\"de-DE\",\"potentialAction\":[{\"@type\":\"ReadAction\",\"target\":[\"https:\\\/\\\/spiritual-science-research.com\\\/the-power-of-the-light-of-christ-questions\\\/\"]}]},{\"@type\":\"ImageObject\",\"inLanguage\":\"de-DE\",\"@id\":\"https:\\\/\\\/spiritual-science-research.com\\\/the-power-of-the-light-of-christ-questions\\\/#primaryimage\",\"url\":\"https:\\\/\\\/spiritual-science-research.com\\\/wp-content\\\/uploads\\\/2025\\\/04\\\/Angel-Head-By-Raffaellino-Del-Garbo-1024x1021.jpg\",\"contentUrl\":\"https:\\\/\\\/spiritual-science-research.com\\\/wp-content\\\/uploads\\\/2025\\\/04\\\/Angel-Head-By-Raffaellino-Del-Garbo-1024x1021.jpg\"},{\"@type\":\"BreadcrumbList\",\"@id\":\"https:\\\/\\\/spiritual-science-research.com\\\/the-power-of-the-light-of-christ-questions\\\/#breadcrumb\",\"itemListElement\":[{\"@type\":\"ListItem\",\"position\":1,\"name\":\"Home\",\"item\":\"https:\\\/\\\/spiritual-science-research.com\\\/\"},{\"@type\":\"ListItem\",\"position\":2,\"name\":\"Christology Questions\"}]},{\"@type\":\"WebSite\",\"@id\":\"https:\\\/\\\/spiritual-science-research.com\\\/#website\",\"url\":\"https:\\\/\\\/spiritual-science-research.com\\\/\",\"name\":\"Spiritual Science Research\",\"description\":\"Learning by doing\",\"publisher\":{\"@id\":\"https:\\\/\\\/spiritual-science-research.com\\\/#organization\"},\"potentialAction\":[{\"@type\":\"SearchAction\",\"target\":{\"@type\":\"EntryPoint\",\"urlTemplate\":\"https:\\\/\\\/spiritual-science-research.com\\\/?s={search_term_string}\"},\"query-input\":{\"@type\":\"PropertyValueSpecification\",\"valueRequired\":true,\"valueName\":\"search_term_string\"}}],\"inLanguage\":\"de-DE\"},{\"@type\":\"Organization\",\"@id\":\"https:\\\/\\\/spiritual-science-research.com\\\/#organization\",\"name\":\"Spiritual Science Research\",\"url\":\"https:\\\/\\\/spiritual-science-research.com\\\/\",\"logo\":{\"@type\":\"ImageObject\",\"inLanguage\":\"de-DE\",\"@id\":\"https:\\\/\\\/spiritual-science-research.com\\\/#\\\/schema\\\/logo\\\/image\\\/\",\"url\":\"https:\\\/\\\/spiritual-science-research.com\\\/wp-content\\\/uploads\\\/2023\\\/05\\\/Group-337.png\",\"contentUrl\":\"https:\\\/\\\/spiritual-science-research.com\\\/wp-content\\\/uploads\\\/2023\\\/05\\\/Group-337.png\",\"width\":400,\"height\":161,\"caption\":\"Spiritual Science Research\"},\"image\":{\"@id\":\"https:\\\/\\\/spiritual-science-research.com\\\/#\\\/schema\\\/logo\\\/image\\\/\"}}]}<\/script>\n<!-- \/ Yoast SEO plugin. -->","yoast_head_json":{"title":"Die Kraft des Christuslichts \u2013 die Fragen - Spiritual Science Research","robots":{"index":"index","follow":"follow","max-snippet":"max-snippet:-1","max-image-preview":"max-image-preview:large","max-video-preview":"max-video-preview:-1"},"canonical":"https:\/\/spiritual-science-research.com\/the-power-of-the-light-of-christ-questions\/","og_locale":"de_DE","og_type":"article","og_title":"Die Kraft des Christuslichts \u2013 die Fragen - Spiritual Science Research","og_url":"https:\/\/spiritual-science-research.com\/the-power-of-the-light-of-christ-questions\/","og_site_name":"Spiritual Science Research","article_modified_time":"2025-04-19T18:31:36+00:00","og_image":[{"width":570,"height":568,"url":"https:\/\/spiritual-science-research.com\/wp-content\/uploads\/2025\/04\/Angel-Head-By-Raffaellino-Del-Garbo-e1745070561901.jpg","type":"image\/jpeg"}],"twitter_card":"summary_large_image","twitter_misc":{"Est. reading time":"3 minutes"},"schema":{"@context":"https:\/\/schema.org","@graph":[{"@type":"WebPage","@id":"https:\/\/spiritual-science-research.com\/the-power-of-the-light-of-christ-questions\/","url":"https:\/\/spiritual-science-research.com\/the-power-of-the-light-of-christ-questions\/","name":"Die Kraft des Christuslichts \u2013 die Fragen - Spiritual Science Research","isPartOf":{"@id":"https:\/\/spiritual-science-research.com\/#website"},"primaryImageOfPage":{"@id":"https:\/\/spiritual-science-research.com\/the-power-of-the-light-of-christ-questions\/#primaryimage"},"image":{"@id":"https:\/\/spiritual-science-research.com\/the-power-of-the-light-of-christ-questions\/#primaryimage"},"thumbnailUrl":"https:\/\/spiritual-science-research.com\/wp-content\/uploads\/2025\/04\/Angel-Head-By-Raffaellino-Del-Garbo-1024x1021.jpg","datePublished":"2022-12-11T09:59:40+00:00","dateModified":"2025-04-19T18:31:36+00:00","description":"% % {:en} On our the Power of the Light of Christ zoom meetings we get to know each other closer, share our experiences, and discuss current questions, % %","breadcrumb":{"@id":"https:\/\/spiritual-science-research.com\/the-power-of-the-light-of-christ-questions\/#breadcrumb"},"inLanguage":"de-DE","potentialAction":[{"@type":"ReadAction","target":["https:\/\/spiritual-science-research.com\/the-power-of-the-light-of-christ-questions\/"]}]},{"@type":"ImageObject","inLanguage":"de-DE","@id":"https:\/\/spiritual-science-research.com\/the-power-of-the-light-of-christ-questions\/#primaryimage","url":"https:\/\/spiritual-science-research.com\/wp-content\/uploads\/2025\/04\/Angel-Head-By-Raffaellino-Del-Garbo-1024x1021.jpg","contentUrl":"https:\/\/spiritual-science-research.com\/wp-content\/uploads\/2025\/04\/Angel-Head-By-Raffaellino-Del-Garbo-1024x1021.jpg"},{"@type":"BreadcrumbList","@id":"https:\/\/spiritual-science-research.com\/the-power-of-the-light-of-christ-questions\/#breadcrumb","itemListElement":[{"@type":"ListItem","position":1,"name":"Home","item":"https:\/\/spiritual-science-research.com\/"},{"@type":"ListItem","position":2,"name":"Christology Questions"}]},{"@type":"WebSite","@id":"https:\/\/spiritual-science-research.com\/#website","url":"https:\/\/spiritual-science-research.com\/","name":"Spiritual Science Research","description":"Learning by doing","publisher":{"@id":"https:\/\/spiritual-science-research.com\/#organization"},"potentialAction":[{"@type":"SearchAction","target":{"@type":"EntryPoint","urlTemplate":"https:\/\/spiritual-science-research.com\/?s={search_term_string}"},"query-input":{"@type":"PropertyValueSpecification","valueRequired":true,"valueName":"search_term_string"}}],"inLanguage":"de-DE"},{"@type":"Organization","@id":"https:\/\/spiritual-science-research.com\/#organization","name":"Spiritual Science Research","url":"https:\/\/spiritual-science-research.com\/","logo":{"@type":"ImageObject","inLanguage":"de-DE","@id":"https:\/\/spiritual-science-research.com\/#\/schema\/logo\/image\/","url":"https:\/\/spiritual-science-research.com\/wp-content\/uploads\/2023\/05\/Group-337.png","contentUrl":"https:\/\/spiritual-science-research.com\/wp-content\/uploads\/2023\/05\/Group-337.png","width":400,"height":161,"caption":"Spiritual Science Research"},"image":{"@id":"https:\/\/spiritual-science-research.com\/#\/schema\/logo\/image\/"}}]}},"_links":{"self":[{"href":"https:\/\/spiritual-science-research.com\/de\/wp-json\/wp\/v2\/pages\/88","targetHints":{"allow":["GET"]}}],"collection":[{"href":"https:\/\/spiritual-science-research.com\/de\/wp-json\/wp\/v2\/pages"}],"about":[{"href":"https:\/\/spiritual-science-research.com\/de\/wp-json\/wp\/v2\/types\/page"}],"author":[{"embeddable":true,"href":"https:\/\/spiritual-science-research.com\/de\/wp-json\/wp\/v2\/users\/2"}],"replies":[{"embeddable":true,"href":"https:\/\/spiritual-science-research.com\/de\/wp-json\/wp\/v2\/comments?post=88"}],"version-history":[{"count":37,"href":"https:\/\/spiritual-science-research.com\/de\/wp-json\/wp\/v2\/pages\/88\/revisions"}],"predecessor-version":[{"id":5224,"href":"https:\/\/spiritual-science-research.com\/de\/wp-json\/wp\/v2\/pages\/88\/revisions\/5224"}],"wp:attachment":[{"href":"https:\/\/spiritual-science-research.com\/de\/wp-json\/wp\/v2\/media?parent=88"}],"curies":[{"name":"wp","href":"https:\/\/api.w.org\/{rel}","templated":true}]}}