{"id":838,"date":"2023-03-12T08:33:18","date_gmt":"2023-03-12T08:33:18","guid":{"rendered":"http:\/\/spiritual-science-research.com\/?page_id=838"},"modified":"2023-03-12T10:32:38","modified_gmt":"2023-03-12T10:32:38","slug":"feedback-en-espanol","status":"publish","type":"page","link":"https:\/\/spiritual-science-research.com\/de\/feedback-en-espanol\/","title":{"rendered":"Spiritual Science Research \u2013 Feedback en espa\u00f1ol"},"content":{"rendered":"\n<p>\u201cEn primer lugar, quiero agradecer profundamente por la experiencia y los conocimientos entregados en este curso. Todo lo visto y estudiado est\u00e1 en la vanguardia de los conocimientos antropos\u00f3ficos, pues es una aplicaci\u00f3n pr\u00e1ctica de la propuesta que hizo Rudolf Steiner para acceder a los mundos suprasensibles. Puedo decir que Inessa ha logrado compilar y transformar el material de R. Steiner en un conocimiento accesible y de f\u00e1cil comprensi\u00f3n para llevar a la pr\u00e1ctica. En ese sentido creo que es un contenido valios\u00edsimo para el desarrollo interior desde la luz de la antroposof\u00eda, as\u00ed como para personas que busquen ser \u201cmaestros de s\u00ed mismos\u201d.<\/p>\n\n\n\n<p>La metodolog\u00eda de trabajo implementada creo que tambi\u00e9n es muy importante de considerar pues permite reconocer lo v\u00edvido del contenido. El m\u00e9todo usado es totalmente experiencial donde todos los participantes pudimos contrastar nuestras percepciones y darnos cuenta de lo mucho en com\u00fan que hab\u00eda en ellas, corroborando lo observado.<\/p>\n\n\n\n<p>Inessa, en este curso, logr\u00f3 entrelazar de forma armoniosa las experiencias de percepci\u00f3n suprasensible con los ejercicios meditativos para el fortalecimiento y equilibrio del yo, propuestos por Steiner. Me pareci\u00f3 fundamental que incluyera estos ejercicios meditativos para lograr la \u201cmaestr\u00eda de s\u00ed mismo\u201d propuestos por Steiner para el investigador espiritual. Adem\u00e1s, estos ejercicios quedan a disposici\u00f3n para seguir aplic\u00e1ndolos en la vida diaria, por un lado, como ejercicios curativos y, por otro lado, para desarrollar las plenas cualidades humanas de nuestros cuerpos.&nbsp;&nbsp;<\/p>\n\n\n\n<p>Finalmente, puedo decir que me he quedado encantada con este curso por que siento que el aporte que me entreg\u00f3 ser\u00e1 para toda la vida, una metodolog\u00eda para mi propio desarrollo personal, para trabajar los distintos cuerpos que tenemos. Creo que es una misi\u00f3n de los seres humanos en estos tiempos despertar nuestros \u00f3rganos suprasensibles para poder apreciar el mundo en que vivimos de una forma profunda y verdadera, poder reconocer el mundo espiritual en el que estamos y que nos constituye.\u201d<\/p>\n\n\n\n<p>Josefina, 34, Chile.<\/p>\n\n\n\n<p>\u221e \u221e \u221e<\/p>\n\n\n\n<p>Comentarios sobre el tema #3.<\/p>\n\n\n\n<p>\u201cMe parece que \u201caprender haciendo\u201d es interesante, valioso, agradable y enriquecedor.<br>Todo el material es muy relevante. Todas las presentaciones se prepararon cuidadosamente y se presentaron con claridad.<br>Fue una oportunidad apropiada y adecuada para explorar y expresar nuestras propias percepciones.<br>Se concedi\u00f3 tiempo y respeto a todos los que lo desearon.<\/p>\n\n\n\n<p>Principales conclusiones sobre el tema #3:<br>1) La meditaci\u00f3n \u201cecuanimidad, autodominio, quietud\u201d que he encontrado muy efectiva y \u00fatil.<br>2) Im\u00e1genes claras y completas, descripciones y discusi\u00f3n del cuerpo astral y sus variaciones.<\/p>\n\n\n\n<p>\u00bfQu\u00e9 secciones destacaron y por qu\u00e9?<br>1) Las observaciones de los cuadros. Porque eran ejemplos y ejercicios apropiados y poderosos. Lo encontr\u00e9 interesante y revelador.<br>2) El ejercicio con la pintura y los metales. Porque era una demostraci\u00f3n adecuada y eficaz del punto que se comunicaba, es decir, los efectos de los metales en la astralidad.<\/p>\n\n\n\n<p>La mayor parte de la informaci\u00f3n que estoy encontrando en este curso es nueva para m\u00ed.<br>Bas\u00e1ndome en mi estudio y experiencia hasta la fecha y en lo que experimento como habilidad e integridad del presentador, me siento seguro de que el conocimiento del tema del presentador es detallado y preciso.<br>La presentaci\u00f3n est\u00e1 preparada con esmero, tiene un buen ritmo, se ofrece con profesionalidad y con flexibilidad para responder a las preguntas y necesidades de los participantes.<br>Experiment\u00e9 un equilibrio adecuado de material y estructura bien organizados junto con flexibilidad, capacidad de respuesta y compromiso con las necesidades y preguntas de los participantes.<\/p>\n\n\n\n<p>Mi experiencia de trabajo en el grupo principal es. . . estimulante y \u00fatil;<br>en el grupo m\u00e1s peque\u00f1o. . . He disfrutado mucho \u201cconociendo\u201d y compartiendo con los dem\u00e1s participantes de forma m\u00e1s \u00edntima.<\/p>\n\n\n\n<p>Dado que no me gusta especialmente trabajar en l\u00ednea, y que una experiencia personal ser\u00eda infinitamente mejor, agradezco que tengamos esta oportunidad.<br>El ritmo, los tiempos y las pausas a lo largo del d\u00eda fueron muy beneficiosos. Gracias.<\/p>\n\n\n\n<p>Aprecio y encuentro muy \u00fatil que la presentadora comparta sus propias experiencias y percepciones (por ejemplo, tras los ejercicios y otras observaciones en general).<br>Gracias por referirse al \u201cmapa\u201d de los distintos cuerpos humanos y c\u00f3mo el yo funciona a trav\u00e9s de ellos (como una cruz). Es un diagrama muy \u00fatil.<\/p>\n\n\n\n<p>Todo el primer bloque de sesiones (temas #1-#3) ha llegado en el momento justo para m\u00ed.<\/p>\n\n\n\n<p>Me ha impresionado el nivel y la calidad del curso y estoy deseando continuar con las pr\u00f3ximas sesiones.\u201d<\/p>\n\n\n\n<p>JW, Inglaterra<\/p>\n","protected":false},"excerpt":{"rendered":"<p>\u201cEn primer lugar, quiero agradecer profundamente por la experiencia y los conocimientos entregados en este curso. Todo lo visto y estudiado est\u00e1 en la vanguardia de los conocimientos antropos\u00f3ficos, pues es una aplicaci\u00f3n pr\u00e1ctica de la propuesta que hizo Rudolf Steiner para acceder a los mundos suprasensibles. Puedo decir que Inessa ha logrado compilar y [&hellip;]<\/p>\n","protected":false},"author":2,"featured_media":0,"parent":0,"menu_order":0,"comment_status":"closed","ping_status":"closed","template":"","meta":{"footnotes":""},"class_list":["post-838","page","type-page","status-publish","hentry"],"translation":{"provider":"WPGlobus","version":"3.0.2","language":"de","enabled_languages":["en","de"],"languages":{"en":{"title":true,"content":true,"excerpt":false},"de":{"title":false,"content":false,"excerpt":false}}},"yoast_head":"<!-- This site is optimized with the Yoast SEO plugin v27.5 - https:\/\/yoast.com\/product\/yoast-seo-wordpress\/ -->\n<title>Spiritual Science Research \u2013 Feedback en espa\u00f1ol - Spiritual Science Research<\/title>\n<meta name=\"robots\" content=\"index, follow, max-snippet:-1, max-image-preview:large, max-video-preview:-1\" \/>\n<link rel=\"canonical\" href=\"https:\/\/spiritual-science-research.com\/feedback-en-espanol\/\" \/>\n<meta property=\"og:locale\" content=\"de_DE\" \/>\n<meta property=\"og:type\" content=\"article\" \/>\n<meta property=\"og:title\" content=\"Spiritual Science Research \u2013 Feedback en espa\u00f1ol - Spiritual Science Research\" \/>\n<meta property=\"og:url\" content=\"https:\/\/spiritual-science-research.com\/feedback-en-espanol\/\" \/>\n<meta property=\"og:site_name\" content=\"Spiritual Science Research\" \/>\n<meta property=\"article:modified_time\" content=\"2023-03-12T10:32:38+00:00\" \/>\n<meta name=\"twitter:card\" content=\"summary_large_image\" \/>\n<meta name=\"twitter:label1\" content=\"Est. reading time\" \/>\n\t<meta name=\"twitter:data1\" content=\"4 minutes\" \/>\n<script type=\"application\/ld+json\" class=\"yoast-schema-graph\">{\"@context\":\"https:\\\/\\\/schema.org\",\"@graph\":[{\"@type\":\"WebPage\",\"@id\":\"https:\\\/\\\/spiritual-science-research.com\\\/feedback-en-espanol\\\/\",\"url\":\"https:\\\/\\\/spiritual-science-research.com\\\/feedback-en-espanol\\\/\",\"name\":\"Spiritual Science Research \u2013 Feedback en espa\u00f1ol - Spiritual Science Research\",\"isPartOf\":{\"@id\":\"https:\\\/\\\/spiritual-science-research.com\\\/#website\"},\"datePublished\":\"2023-03-12T08:33:18+00:00\",\"dateModified\":\"2023-03-12T10:32:38+00:00\",\"description\":\"% % \u201cEn primer lugar, quiero agradecer profundamente por la experiencia y los conocimientos entregados en este curso. Todo lo visto y estudiado est\u00e1 en la % %\",\"breadcrumb\":{\"@id\":\"https:\\\/\\\/spiritual-science-research.com\\\/feedback-en-espanol\\\/#breadcrumb\"},\"inLanguage\":\"de-DE\",\"potentialAction\":[{\"@type\":\"ReadAction\",\"target\":[\"https:\\\/\\\/spiritual-science-research.com\\\/feedback-en-espanol\\\/\"]}]},{\"@type\":\"BreadcrumbList\",\"@id\":\"https:\\\/\\\/spiritual-science-research.com\\\/feedback-en-espanol\\\/#breadcrumb\",\"itemListElement\":[{\"@type\":\"ListItem\",\"position\":1,\"name\":\"Home\",\"item\":\"https:\\\/\\\/spiritual-science-research.com\\\/\"},{\"@type\":\"ListItem\",\"position\":2,\"name\":\"Spiritual Science Research \u2013 Feedback en espa\u00f1ol\"}]},{\"@type\":\"WebSite\",\"@id\":\"https:\\\/\\\/spiritual-science-research.com\\\/#website\",\"url\":\"https:\\\/\\\/spiritual-science-research.com\\\/\",\"name\":\"Spiritual Science Research\",\"description\":\"Learning by doing\",\"publisher\":{\"@id\":\"https:\\\/\\\/spiritual-science-research.com\\\/#organization\"},\"potentialAction\":[{\"@type\":\"SearchAction\",\"target\":{\"@type\":\"EntryPoint\",\"urlTemplate\":\"https:\\\/\\\/spiritual-science-research.com\\\/?s={search_term_string}\"},\"query-input\":{\"@type\":\"PropertyValueSpecification\",\"valueRequired\":true,\"valueName\":\"search_term_string\"}}],\"inLanguage\":\"de-DE\"},{\"@type\":\"Organization\",\"@id\":\"https:\\\/\\\/spiritual-science-research.com\\\/#organization\",\"name\":\"Spiritual Science Research\",\"url\":\"https:\\\/\\\/spiritual-science-research.com\\\/\",\"logo\":{\"@type\":\"ImageObject\",\"inLanguage\":\"de-DE\",\"@id\":\"https:\\\/\\\/spiritual-science-research.com\\\/#\\\/schema\\\/logo\\\/image\\\/\",\"url\":\"https:\\\/\\\/spiritual-science-research.com\\\/wp-content\\\/uploads\\\/2023\\\/05\\\/Group-337.png\",\"contentUrl\":\"https:\\\/\\\/spiritual-science-research.com\\\/wp-content\\\/uploads\\\/2023\\\/05\\\/Group-337.png\",\"width\":400,\"height\":161,\"caption\":\"Spiritual Science Research\"},\"image\":{\"@id\":\"https:\\\/\\\/spiritual-science-research.com\\\/#\\\/schema\\\/logo\\\/image\\\/\"}}]}<\/script>\n<!-- \/ Yoast SEO plugin. -->","yoast_head_json":{"title":"Spiritual Science Research \u2013 Feedback en espa\u00f1ol - Spiritual Science Research","robots":{"index":"index","follow":"follow","max-snippet":"max-snippet:-1","max-image-preview":"max-image-preview:large","max-video-preview":"max-video-preview:-1"},"canonical":"https:\/\/spiritual-science-research.com\/feedback-en-espanol\/","og_locale":"de_DE","og_type":"article","og_title":"Spiritual Science Research \u2013 Feedback en espa\u00f1ol - Spiritual Science Research","og_url":"https:\/\/spiritual-science-research.com\/feedback-en-espanol\/","og_site_name":"Spiritual Science Research","article_modified_time":"2023-03-12T10:32:38+00:00","twitter_card":"summary_large_image","twitter_misc":{"Est. reading time":"4 minutes"},"schema":{"@context":"https:\/\/schema.org","@graph":[{"@type":"WebPage","@id":"https:\/\/spiritual-science-research.com\/feedback-en-espanol\/","url":"https:\/\/spiritual-science-research.com\/feedback-en-espanol\/","name":"Spiritual Science Research \u2013 Feedback en espa\u00f1ol - Spiritual Science Research","isPartOf":{"@id":"https:\/\/spiritual-science-research.com\/#website"},"datePublished":"2023-03-12T08:33:18+00:00","dateModified":"2023-03-12T10:32:38+00:00","description":"% % \u201cEn primer lugar, quiero agradecer profundamente por la experiencia y los conocimientos entregados en este curso. Todo lo visto y estudiado est\u00e1 en la % %","breadcrumb":{"@id":"https:\/\/spiritual-science-research.com\/feedback-en-espanol\/#breadcrumb"},"inLanguage":"de-DE","potentialAction":[{"@type":"ReadAction","target":["https:\/\/spiritual-science-research.com\/feedback-en-espanol\/"]}]},{"@type":"BreadcrumbList","@id":"https:\/\/spiritual-science-research.com\/feedback-en-espanol\/#breadcrumb","itemListElement":[{"@type":"ListItem","position":1,"name":"Home","item":"https:\/\/spiritual-science-research.com\/"},{"@type":"ListItem","position":2,"name":"Spiritual Science Research \u2013 Feedback en espa\u00f1ol"}]},{"@type":"WebSite","@id":"https:\/\/spiritual-science-research.com\/#website","url":"https:\/\/spiritual-science-research.com\/","name":"Spiritual Science Research","description":"Learning by doing","publisher":{"@id":"https:\/\/spiritual-science-research.com\/#organization"},"potentialAction":[{"@type":"SearchAction","target":{"@type":"EntryPoint","urlTemplate":"https:\/\/spiritual-science-research.com\/?s={search_term_string}"},"query-input":{"@type":"PropertyValueSpecification","valueRequired":true,"valueName":"search_term_string"}}],"inLanguage":"de-DE"},{"@type":"Organization","@id":"https:\/\/spiritual-science-research.com\/#organization","name":"Spiritual Science Research","url":"https:\/\/spiritual-science-research.com\/","logo":{"@type":"ImageObject","inLanguage":"de-DE","@id":"https:\/\/spiritual-science-research.com\/#\/schema\/logo\/image\/","url":"https:\/\/spiritual-science-research.com\/wp-content\/uploads\/2023\/05\/Group-337.png","contentUrl":"https:\/\/spiritual-science-research.com\/wp-content\/uploads\/2023\/05\/Group-337.png","width":400,"height":161,"caption":"Spiritual Science Research"},"image":{"@id":"https:\/\/spiritual-science-research.com\/#\/schema\/logo\/image\/"}}]}},"_links":{"self":[{"href":"https:\/\/spiritual-science-research.com\/de\/wp-json\/wp\/v2\/pages\/838","targetHints":{"allow":["GET"]}}],"collection":[{"href":"https:\/\/spiritual-science-research.com\/de\/wp-json\/wp\/v2\/pages"}],"about":[{"href":"https:\/\/spiritual-science-research.com\/de\/wp-json\/wp\/v2\/types\/page"}],"author":[{"embeddable":true,"href":"https:\/\/spiritual-science-research.com\/de\/wp-json\/wp\/v2\/users\/2"}],"replies":[{"embeddable":true,"href":"https:\/\/spiritual-science-research.com\/de\/wp-json\/wp\/v2\/comments?post=838"}],"version-history":[{"count":5,"href":"https:\/\/spiritual-science-research.com\/de\/wp-json\/wp\/v2\/pages\/838\/revisions"}],"predecessor-version":[{"id":885,"href":"https:\/\/spiritual-science-research.com\/de\/wp-json\/wp\/v2\/pages\/838\/revisions\/885"}],"wp:attachment":[{"href":"https:\/\/spiritual-science-research.com\/de\/wp-json\/wp\/v2\/media?parent=838"}],"curies":[{"name":"wp","href":"https:\/\/api.w.org\/{rel}","templated":true}]}}