{"id":836,"date":"2023-03-12T08:31:04","date_gmt":"2023-03-12T08:31:04","guid":{"rendered":"http:\/\/spiritual-science-research.com\/?page_id=836"},"modified":"2024-08-20T16:36:29","modified_gmt":"2024-08-20T16:36:29","slug":"sobre-inessa","status":"publish","type":"page","link":"https:\/\/spiritual-science-research.com\/de\/sobre-inessa\/","title":{"rendered":"Sobre Inessa Burdich (in Spanish)"},"content":{"rendered":"<div class=\"wp-block-image is-style-rounded\">\n<figure class=\"alignright size-full\"><img loading=\"lazy\" decoding=\"async\" width=\"199\" height=\"232\" src=\"https:\/\/spiritual-science-research.com\/wp-content\/uploads\/2023\/02\/Inessa_Guseva.jpg\" alt=\"\" class=\"wp-image-431\"\/><\/figure>\n<\/div>\n\n\n<p><strong>Inessa Burdich<\/strong> se gradu\u00f3 como f\u00edsica, despu\u00e9s de lo cual se embarc\u00f3 en una carrera comercial internacional que abarc\u00f3 dos d\u00e9cadas. Su primera pasi\u00f3n fue el ajedrez y fue ajedrecista profesional y entrenadora de ajedrez durante varios a\u00f1os.<\/p>\n\n\n\n<p>Obtuvo su maestr\u00eda en el Reino Unido en el campo de la Educaci\u00f3n Terap\u00e9utica y una consultor\u00eda psicol\u00f3gica en Alemania.. Inessa ha practicado la meditaci\u00f3n toda su vida, habiendo comenzado a una edad temprana.<\/p>\n\n\n\n<p>Junto con su esposo, fund\u00f3 en Alemania la empresa de Investigaci\u00f3n Espiritual Aplicada, que ofrece investigaci\u00f3n suprasensible en una amplia variedad de campos.<\/p>\n\n\n\n<p>Sus dominios de actividad incluyen:<\/p>\n\n\n\n<p>\u2013 Investigaci\u00f3n suprasensible en el desarrollo y producci\u00f3n de remedios a base de mu\u00e9rdago. El principal enfoque de investigaci\u00f3n de Inessa es investigar las fuentes suprasensibles que se encuentran detr\u00e1s de las enfermedades, especialmente las enfermedades oncol\u00f3gicas y psiqui\u00e1tricas (incluidas las adicciones), las condiciones del espectro autista, las infecciones y tambi\u00e9n los sistemas endocrino, linf\u00e1tico e inmunol\u00f3gico humanos.<\/p>\n\n\n\n<p>\u2013 Asesorar a organizaciones e individuos, y tambi\u00e9n realizar una auditor\u00eda espiritual de edificios y lugares.<\/p>\n\n\n\n<p>\u2013 Investigaci\u00f3n en Ciencias Espirituales \u2013 cursos, charlas y talleres sobre Meditaci\u00f3n Antropos\u00f3fica y Percepci\u00f3n Supersensible.<\/p>\n\n\n\n<p>\u2013 El poder de la luz de Cristo \u2013 iniciativa cristol\u00f3gica internacional. Mediaci\u00f3n para la Tierra, las personas y todos los seres;<\/p>\n\n\n\n<p>\u2013 Living Connections (Conexiones Vivas) \u2013 Iniciativa de Meditaci\u00f3n Goetheanum \u2013 Conferencias de meditaci\u00f3n antropos\u00f3fica y canal de v\u00eddeo.<\/p>\n\n\n\n<p>\u2013 Conocimiento de los Mundos Superiores en la meditaci\u00f3n \u2013 iniciativa internacional para los j\u00f3venes.<\/p>\n\n\n\n<p>Se puede contactar a Inessa en <a href=\"mailto:Inessa.Burdich.Research@gmail.com\">Inessa.Burdich.Research@gmail.com<\/a> ya trav\u00e9s de www.spiritual-research.eu<\/p>\n","protected":false},"excerpt":{"rendered":"<p>Inessa Burdich se gradu\u00f3 como f\u00edsica, despu\u00e9s de lo cual se embarc\u00f3 en una carrera comercial internacional que abarc\u00f3 dos d\u00e9cadas. Su primera pasi\u00f3n fue el ajedrez y fue ajedrecista profesional y entrenadora de ajedrez durante varios a\u00f1os. Obtuvo su maestr\u00eda en el Reino Unido en el campo de la Educaci\u00f3n Terap\u00e9utica y una consultor\u00eda [&hellip;]<\/p>\n","protected":false},"author":2,"featured_media":0,"parent":0,"menu_order":0,"comment_status":"closed","ping_status":"closed","template":"","meta":{"footnotes":""},"class_list":["post-836","page","type-page","status-publish","hentry"],"translation":{"provider":"WPGlobus","version":"3.0.2","language":"de","enabled_languages":["en","de"],"languages":{"en":{"title":true,"content":true,"excerpt":false},"de":{"title":false,"content":false,"excerpt":false}}},"yoast_head":"<!-- This site is optimized with the Yoast SEO plugin v27.5 - https:\/\/yoast.com\/product\/yoast-seo-wordpress\/ -->\n<title>Sobre Inessa Burdich (in Spanish) - Spiritual Science Research<\/title>\n<meta name=\"robots\" content=\"index, follow, max-snippet:-1, max-image-preview:large, max-video-preview:-1\" \/>\n<link rel=\"canonical\" href=\"https:\/\/spiritual-science-research.com\/sobre-inessa\/\" \/>\n<meta property=\"og:locale\" content=\"de_DE\" \/>\n<meta property=\"og:type\" content=\"article\" \/>\n<meta property=\"og:title\" content=\"Sobre Inessa Burdich (in Spanish) - Spiritual Science Research\" \/>\n<meta property=\"og:url\" content=\"https:\/\/spiritual-science-research.com\/sobre-inessa\/\" \/>\n<meta property=\"og:site_name\" content=\"Spiritual Science Research\" \/>\n<meta property=\"article:modified_time\" content=\"2024-08-20T16:36:29+00:00\" \/>\n<meta property=\"og:image\" content=\"https:\/\/spiritual-science-research.com\/wp-content\/uploads\/2023\/02\/Inessa_Guseva.jpg\" \/>\n<meta name=\"twitter:card\" content=\"summary_large_image\" \/>\n<meta name=\"twitter:label1\" content=\"Est. reading time\" \/>\n\t<meta name=\"twitter:data1\" content=\"2 minutes\" \/>\n<script type=\"application\/ld+json\" class=\"yoast-schema-graph\">{\"@context\":\"https:\\\/\\\/schema.org\",\"@graph\":[{\"@type\":\"WebPage\",\"@id\":\"https:\\\/\\\/spiritual-science-research.com\\\/sobre-inessa\\\/\",\"url\":\"https:\\\/\\\/spiritual-science-research.com\\\/sobre-inessa\\\/\",\"name\":\"Sobre Inessa Burdich (in Spanish) - Spiritual Science Research\",\"isPartOf\":{\"@id\":\"https:\\\/\\\/spiritual-science-research.com\\\/#website\"},\"primaryImageOfPage\":{\"@id\":\"https:\\\/\\\/spiritual-science-research.com\\\/sobre-inessa\\\/#primaryimage\"},\"image\":{\"@id\":\"https:\\\/\\\/spiritual-science-research.com\\\/sobre-inessa\\\/#primaryimage\"},\"thumbnailUrl\":\"https:\\\/\\\/spiritual-science-research.com\\\/wp-content\\\/uploads\\\/2023\\\/02\\\/Inessa_Guseva.jpg\",\"datePublished\":\"2023-03-12T08:31:04+00:00\",\"dateModified\":\"2024-08-20T16:36:29+00:00\",\"description\":\"% % Inessa Burdich se gradu\u00f3 como f\u00edsica, despu\u00e9s de lo cual se embarc\u00f3 en una carrera comercial internacional que abarc\u00f3 dos d\u00e9cadas. Su primera pasi\u00f3n fue % %\",\"breadcrumb\":{\"@id\":\"https:\\\/\\\/spiritual-science-research.com\\\/sobre-inessa\\\/#breadcrumb\"},\"inLanguage\":\"de-DE\",\"potentialAction\":[{\"@type\":\"ReadAction\",\"target\":[\"https:\\\/\\\/spiritual-science-research.com\\\/sobre-inessa\\\/\"]}]},{\"@type\":\"ImageObject\",\"inLanguage\":\"de-DE\",\"@id\":\"https:\\\/\\\/spiritual-science-research.com\\\/sobre-inessa\\\/#primaryimage\",\"url\":\"https:\\\/\\\/spiritual-science-research.com\\\/wp-content\\\/uploads\\\/2023\\\/02\\\/Inessa_Guseva.jpg\",\"contentUrl\":\"https:\\\/\\\/spiritual-science-research.com\\\/wp-content\\\/uploads\\\/2023\\\/02\\\/Inessa_Guseva.jpg\"},{\"@type\":\"BreadcrumbList\",\"@id\":\"https:\\\/\\\/spiritual-science-research.com\\\/sobre-inessa\\\/#breadcrumb\",\"itemListElement\":[{\"@type\":\"ListItem\",\"position\":1,\"name\":\"Home\",\"item\":\"https:\\\/\\\/spiritual-science-research.com\\\/\"},{\"@type\":\"ListItem\",\"position\":2,\"name\":\"Sobre Inessa Burdich (in Spanish)\"}]},{\"@type\":\"WebSite\",\"@id\":\"https:\\\/\\\/spiritual-science-research.com\\\/#website\",\"url\":\"https:\\\/\\\/spiritual-science-research.com\\\/\",\"name\":\"Spiritual Science Research\",\"description\":\"Learning by doing\",\"publisher\":{\"@id\":\"https:\\\/\\\/spiritual-science-research.com\\\/#organization\"},\"potentialAction\":[{\"@type\":\"SearchAction\",\"target\":{\"@type\":\"EntryPoint\",\"urlTemplate\":\"https:\\\/\\\/spiritual-science-research.com\\\/?s={search_term_string}\"},\"query-input\":{\"@type\":\"PropertyValueSpecification\",\"valueRequired\":true,\"valueName\":\"search_term_string\"}}],\"inLanguage\":\"de-DE\"},{\"@type\":\"Organization\",\"@id\":\"https:\\\/\\\/spiritual-science-research.com\\\/#organization\",\"name\":\"Spiritual Science Research\",\"url\":\"https:\\\/\\\/spiritual-science-research.com\\\/\",\"logo\":{\"@type\":\"ImageObject\",\"inLanguage\":\"de-DE\",\"@id\":\"https:\\\/\\\/spiritual-science-research.com\\\/#\\\/schema\\\/logo\\\/image\\\/\",\"url\":\"https:\\\/\\\/spiritual-science-research.com\\\/wp-content\\\/uploads\\\/2023\\\/05\\\/Group-337.png\",\"contentUrl\":\"https:\\\/\\\/spiritual-science-research.com\\\/wp-content\\\/uploads\\\/2023\\\/05\\\/Group-337.png\",\"width\":400,\"height\":161,\"caption\":\"Spiritual Science Research\"},\"image\":{\"@id\":\"https:\\\/\\\/spiritual-science-research.com\\\/#\\\/schema\\\/logo\\\/image\\\/\"}}]}<\/script>\n<!-- \/ Yoast SEO plugin. -->","yoast_head_json":{"title":"Sobre Inessa Burdich (in Spanish) - Spiritual Science Research","robots":{"index":"index","follow":"follow","max-snippet":"max-snippet:-1","max-image-preview":"max-image-preview:large","max-video-preview":"max-video-preview:-1"},"canonical":"https:\/\/spiritual-science-research.com\/sobre-inessa\/","og_locale":"de_DE","og_type":"article","og_title":"Sobre Inessa Burdich (in Spanish) - Spiritual Science Research","og_url":"https:\/\/spiritual-science-research.com\/sobre-inessa\/","og_site_name":"Spiritual Science Research","article_modified_time":"2024-08-20T16:36:29+00:00","og_image":[{"url":"https:\/\/spiritual-science-research.com\/wp-content\/uploads\/2023\/02\/Inessa_Guseva.jpg","type":"","width":"","height":""}],"twitter_card":"summary_large_image","twitter_misc":{"Est. reading time":"2 minutes"},"schema":{"@context":"https:\/\/schema.org","@graph":[{"@type":"WebPage","@id":"https:\/\/spiritual-science-research.com\/sobre-inessa\/","url":"https:\/\/spiritual-science-research.com\/sobre-inessa\/","name":"Sobre Inessa Burdich (in Spanish) - Spiritual Science Research","isPartOf":{"@id":"https:\/\/spiritual-science-research.com\/#website"},"primaryImageOfPage":{"@id":"https:\/\/spiritual-science-research.com\/sobre-inessa\/#primaryimage"},"image":{"@id":"https:\/\/spiritual-science-research.com\/sobre-inessa\/#primaryimage"},"thumbnailUrl":"https:\/\/spiritual-science-research.com\/wp-content\/uploads\/2023\/02\/Inessa_Guseva.jpg","datePublished":"2023-03-12T08:31:04+00:00","dateModified":"2024-08-20T16:36:29+00:00","description":"% % Inessa Burdich se gradu\u00f3 como f\u00edsica, despu\u00e9s de lo cual se embarc\u00f3 en una carrera comercial internacional que abarc\u00f3 dos d\u00e9cadas. Su primera pasi\u00f3n fue % %","breadcrumb":{"@id":"https:\/\/spiritual-science-research.com\/sobre-inessa\/#breadcrumb"},"inLanguage":"de-DE","potentialAction":[{"@type":"ReadAction","target":["https:\/\/spiritual-science-research.com\/sobre-inessa\/"]}]},{"@type":"ImageObject","inLanguage":"de-DE","@id":"https:\/\/spiritual-science-research.com\/sobre-inessa\/#primaryimage","url":"https:\/\/spiritual-science-research.com\/wp-content\/uploads\/2023\/02\/Inessa_Guseva.jpg","contentUrl":"https:\/\/spiritual-science-research.com\/wp-content\/uploads\/2023\/02\/Inessa_Guseva.jpg"},{"@type":"BreadcrumbList","@id":"https:\/\/spiritual-science-research.com\/sobre-inessa\/#breadcrumb","itemListElement":[{"@type":"ListItem","position":1,"name":"Home","item":"https:\/\/spiritual-science-research.com\/"},{"@type":"ListItem","position":2,"name":"Sobre Inessa Burdich (in Spanish)"}]},{"@type":"WebSite","@id":"https:\/\/spiritual-science-research.com\/#website","url":"https:\/\/spiritual-science-research.com\/","name":"Spiritual Science Research","description":"Learning by doing","publisher":{"@id":"https:\/\/spiritual-science-research.com\/#organization"},"potentialAction":[{"@type":"SearchAction","target":{"@type":"EntryPoint","urlTemplate":"https:\/\/spiritual-science-research.com\/?s={search_term_string}"},"query-input":{"@type":"PropertyValueSpecification","valueRequired":true,"valueName":"search_term_string"}}],"inLanguage":"de-DE"},{"@type":"Organization","@id":"https:\/\/spiritual-science-research.com\/#organization","name":"Spiritual Science Research","url":"https:\/\/spiritual-science-research.com\/","logo":{"@type":"ImageObject","inLanguage":"de-DE","@id":"https:\/\/spiritual-science-research.com\/#\/schema\/logo\/image\/","url":"https:\/\/spiritual-science-research.com\/wp-content\/uploads\/2023\/05\/Group-337.png","contentUrl":"https:\/\/spiritual-science-research.com\/wp-content\/uploads\/2023\/05\/Group-337.png","width":400,"height":161,"caption":"Spiritual Science Research"},"image":{"@id":"https:\/\/spiritual-science-research.com\/#\/schema\/logo\/image\/"}}]}},"_links":{"self":[{"href":"https:\/\/spiritual-science-research.com\/de\/wp-json\/wp\/v2\/pages\/836","targetHints":{"allow":["GET"]}}],"collection":[{"href":"https:\/\/spiritual-science-research.com\/de\/wp-json\/wp\/v2\/pages"}],"about":[{"href":"https:\/\/spiritual-science-research.com\/de\/wp-json\/wp\/v2\/types\/page"}],"author":[{"embeddable":true,"href":"https:\/\/spiritual-science-research.com\/de\/wp-json\/wp\/v2\/users\/2"}],"replies":[{"embeddable":true,"href":"https:\/\/spiritual-science-research.com\/de\/wp-json\/wp\/v2\/comments?post=836"}],"version-history":[{"count":8,"href":"https:\/\/spiritual-science-research.com\/de\/wp-json\/wp\/v2\/pages\/836\/revisions"}],"predecessor-version":[{"id":3799,"href":"https:\/\/spiritual-science-research.com\/de\/wp-json\/wp\/v2\/pages\/836\/revisions\/3799"}],"wp:attachment":[{"href":"https:\/\/spiritual-science-research.com\/de\/wp-json\/wp\/v2\/media?parent=836"}],"curies":[{"name":"wp","href":"https:\/\/api.w.org\/{rel}","templated":true}]}}