{"id":82,"date":"2022-12-11T10:00:10","date_gmt":"2022-12-11T10:00:10","guid":{"rendered":"http:\/\/spiritual-science-research.com\/?page_id=82"},"modified":"2026-03-15T17:41:24","modified_gmt":"2026-03-15T17:41:24","slug":"rss-online-in-german","status":"publish","type":"page","link":"https:\/\/spiritual-science-research.com\/de\/rss-online-in-german\/","title":{"rendered":"Geisteswissenschaftliche Forschung &#8211; Online-Kurs auf Deutsch"},"content":{"rendered":"\n<p>Wir freuen uns, Ihnen eine Reise der inneren spirituellen Entwicklung und des \u201cLearning by Doing\u201d pr\u00e4sentieren zu k\u00f6nnen:<\/p>\n\n\n\n<p>Geisteswissenschaftliche Forschung \u2013 Online praktischer Kurse auf Deutsch<\/p>\n\n\n\n<p>mit Inessa Burdich.<\/p>\n\n\n\n<figure class=\"wp-block-image size-large\"><img loading=\"lazy\" decoding=\"async\" width=\"1024\" height=\"686\" src=\"https:\/\/spiritual-science-research.com\/wp-content\/uploads\/2023\/08\/Screenshot-2023-08-14-at-12.30.36-1024x686.png\" alt=\"\" class=\"wp-image-2521\" srcset=\"https:\/\/spiritual-science-research.com\/wp-content\/uploads\/2023\/08\/Screenshot-2023-08-14-at-12.30.36-1024x686.png 1024w, https:\/\/spiritual-science-research.com\/wp-content\/uploads\/2023\/08\/Screenshot-2023-08-14-at-12.30.36-300x201.png 300w, https:\/\/spiritual-science-research.com\/wp-content\/uploads\/2023\/08\/Screenshot-2023-08-14-at-12.30.36-768x515.png 768w, https:\/\/spiritual-science-research.com\/wp-content\/uploads\/2023\/08\/Screenshot-2023-08-14-at-12.30.36-1536x1030.png 1536w\" sizes=\"auto, (max-width: 1024px) 100vw, 1024px\" \/><figcaption class=\"wp-element-caption\">Rudolf Steiner, 1921<\/figcaption><\/figure>\n\n\n\n<p>Der Kurs \u201eGeisteswissenschaftliche Forschung\u201c ist ein praktischer Ausbildungskurs, der sich haupts\u00e4chlich auf die anthroposophische Meditation und die geisteswissenschaftliche Forschung konzentriert. In den letzten sechs Jahren wurden mehr als 400 Teilnehmer in diesem Kurs ausgebildet. Der Forschungskurs wird zur Zeit in sechs Sprachen angeboten.<\/p>\n\n\n\n<p>Unser Forschung konzentriert sich vor allem auf die Erforschung unserer selbst, des Menschen, und unserer \u00fcbersinnlichen Konstitution. Dies sind die ersten Schritte der spirituellen Diagnostik, bei der wir die grundlegenden Aspekte unserer inneren Seele und unseres spirituellen Lebens kennen lernen und vertiefen. Wir kommen dem Verst\u00e4ndnis n\u00e4her, wie wir ein h\u00f6heres Ma\u00df an Bewusstheit \u00fcber unser inneres Leben erreichen k\u00f6nnen.<\/p>\n\n\n\n<p>Wir bringen Bewusstheit in unser gesamtes individuelles System, insbesondere in die Reinigung und Verfeinerung des Denkens und F\u00fchlens, in die Erlangung subtiler Achtsamkeit und in die St\u00e4rkung des Willens. Wir entwickeln neue F\u00e4higkeiten; wir erlernen wertvolle Fertigkeiten, die wir dann in unseren pers\u00f6nlichen und beruflichen Bereich zur\u00fccktragen. Diese F\u00e4higkeiten f\u00fchren zu neuen Einsichten und Innovationen, die man in alle Lebensbereiche einbringen kann, und alle Disziplinen k\u00f6nnen davon profitieren.<\/p>\n\n\n\n<p>Der Kurs besteht aus praktischen Seminaren und Vortr\u00e4gen, die thematisch aufeinander bezogen sind. Bei jedem Treffen tauchen wir in die Welt der \u00fcbersinnlichen Ideen, Prinzipien und Ph\u00e4nomene ein, die in Vortr\u00e4gen vorgestellt werden. Diese Themen werden in Seminaren vertieft, in denen wir anthroposophische Meditationen, Forschungs- und Wahrnehmungs\u00fcbungen durchf\u00fchren.<\/p>\n\n\n\n<p>\u221e \u221e \u221e<\/p>\n\n\n\n<p>Der Inhalt des Geisteswissenschaftliche Forschung Kurses ist hier:<\/p>\n\n\n\n<figure class=\"wp-block-embed is-type-wp-embed is-provider-spiritual-science-research wp-block-embed-spiritual-science-research\"><div class=\"wp-block-embed__wrapper\">\n<blockquote class=\"wp-embedded-content\" data-secret=\"LmiHqQNnAA\"><a href=\"https:\/\/spiritual-science-research.com\/themen\/\">Geisteswissenschaftliche Forschung &#8211; Kursinhalt<\/a><\/blockquote><iframe loading=\"lazy\" class=\"wp-embedded-content\" sandbox=\"allow-scripts\" security=\"restricted\" style=\"position: absolute; visibility: hidden;\" title=\"&#8220;Geisteswissenschaftliche Forschung &#8211; Kursinhalt&#8221; &#8212; Spiritual Science Research\" src=\"https:\/\/spiritual-science-research.com\/themen\/embed\/#?secret=dYzN4qeR3h#?secret=LmiHqQNnAA\" data-secret=\"LmiHqQNnAA\" width=\"525\" height=\"296\" frameborder=\"0\" marginwidth=\"0\" marginheight=\"0\" scrolling=\"no\"><\/iframe>\n<\/div><\/figure>\n\n\n\n<p><\/p>\n\n\n\n<p>\u221e \u221e \u221e<\/p>\n\n\n\n<p>Der Geisteswissenschaftliche Forschungskurs besteht aus sieben Themen, die auf sieben Wochenenden (Sa &amp; So) zwischen Weihnachten und Ostern verteilt sind. Die Daten und Themen f\u00fcr den ersten Block sind die folgenden:<\/p>\n\n\n\n<p>#1 Meditation zur geistigen Entwicklung und als Methode der Geistesforschung.<\/p>\n\n\n\n<p>#2&nbsp; Der \u00c4therische Bereich (Lebenskr\u00e4fte) im Menschen und in der Natur.<\/p>\n\n\n\n<p>#3 Der Astralbereich (emotionale Kr\u00e4fte) im Menschen und in der Natur.<\/p>\n\n\n\n<p> #4. Selbsterfahrung (Ich-Manifestation) und ihre Beziehung zur Hochsensibilit\u00e4t.<\/p>\n\n\n\n<p>\u221e \u221e \u221e<\/p>\n\n\n\n<p><strong>Vorl\u00e4ufig<\/strong> &#8211; Die weiteren Themen und Vorl\u00e4ufige Wochenenden sind die folgenden:<\/p>\n\n\n\n<p>Thema #5. Die geistigen Wesensglieder der menschlichen Konstitution. Geistselbst, Lebensgeist und Geistesmensch.<\/p>\n\n\n\n<p>Thema #6. Die seelischen Wesensglieder der menschlichen Konstitution.<\/p>\n\n\n\n<p>Thema #7. Die Mechanik des Bewusstseins und des leeren Bewusstseins<\/p>\n\n\n\n<p>\u221e \u221e \u221e<\/p>\n\n\n\n<p>\u221e \u221e \u221e<\/p>\n\n\n\n<p>Zeitplan:<\/p>\n\n\n\n<p>Der Kurs findet an Samstagen und Sonntagen statt.<\/p>\n\n\n\n<p>9.00 \u2013 13.00 Uhr deutsche Zeit<\/p>\n\n\n\n<p>\u221e \u221e \u221e<\/p>\n\n\n\n<p>Die Kursthemen (Wochenenden) bauen aufeinander auf, k\u00f6nnen aber auch einzeln besucht werden und sind in sich abgeschlossen. Es ist auch m\u00f6glich, an einem, zwei oder drei Wochenenden teilzunehmen. <\/p>\n\n\n\n<p>Teilnahme an einem Wochenende \u20ac130<\/p>\n\n\n\n<p>\u221e \u221e \u221e<\/p>\n\n\n\n<p>Melden Sie sich bis zum 11. November 2025 an, um in den Genuss des Fr\u00fchbucherpreises von 390 \u20ac f\u00fcr die ersten vier Wochenenden zu kommen.<\/p>\n\n\n\n<p>Standardeintritt: 430 \u20ac f\u00fcr den vier Wochenenden Jan &#8211; Feb<\/p>\n\n\n\n<p>\u221e \u221e \u221e<\/p>\n\n\n\n<blockquote class=\"wp-block-quote is-layout-flow wp-block-quote-is-layout-flow\">\n<p class=\"has-medium-font-size\"><a href=\"https:\/\/www.eventbrite.co.uk\/e\/geisteswissenschaftliche-forschung-online-kurs-mit-inessa-burdich-2026-tickets-1507871818199?aff=oddtdtcreator\" target=\"_blank\" rel=\"noreferrer noopener\">Anmeldung \u00fcber Eventbrite f\u00fcr die ersten vier Wochenenden im Januar und Februar 2026<\/a> <\/p>\n\n\n\n<p><\/p>\n<\/blockquote>\n\n\n\n<p>\u221e \u221e \u221e<\/p>\n\n\n\n<p>Kontakt: <a href=\"mailto:inessa.burdich.research@gmail.com\">Inessa.Burdich.Research@gmail.com<\/a><\/p>\n\n\n\n<p>\u221e \u221e \u221e<\/p>\n\n\n\n<p>R\u00fcckmeldungen zum Kurs findet ihr hier:<br><a href=\"\/feedback-all-languages\/\">https:\/\/spiritual-science-research.com\/feedback-all-languages\/<\/a><\/p>\n\n\n\n<p>\u221e \u221e \u221e <\/p>\n\n\n\n<p>Sie sind auch herzlich eingeladen, sich einen Online-Vortrag anzusehen: <\/p>\n\n\n\n<figure class=\"wp-block-embed is-type-wp-embed is-provider-spiritual-science-research wp-block-embed-spiritual-science-research\"><div class=\"wp-block-embed__wrapper\">\n<blockquote class=\"wp-embedded-content\" data-secret=\"9ZmiqLESPD\"><a href=\"https:\/\/spiritual-science-research.com\/de\/from-self-development-to-world-development\/\">From self-development to world development<\/a><\/blockquote><iframe loading=\"lazy\" class=\"wp-embedded-content\" sandbox=\"allow-scripts\" security=\"restricted\" style=\"position: absolute; visibility: hidden;\" title=\"&#8220;From self-development to world development&#8221; &#8212; Spiritual Science Research\" src=\"https:\/\/spiritual-science-research.com\/de\/from-self-development-to-world-development\/embed\/#?secret=hckChVv1jd#?secret=9ZmiqLESPD\" data-secret=\"9ZmiqLESPD\" width=\"525\" height=\"296\" frameborder=\"0\" marginwidth=\"0\" marginheight=\"0\" scrolling=\"no\"><\/iframe>\n<\/div><\/figure>\n\n\n\n<p>\u221e \u221e \u221e<\/p>\n\n\n\n<figure class=\"wp-block-embed is-type-wp-embed is-provider-spiritual-science-research wp-block-embed-spiritual-science-research\"><div class=\"wp-block-embed__wrapper\">\n<blockquote class=\"wp-embedded-content\" data-secret=\"tGy9nEuHoj\"><a href=\"https:\/\/spiritual-science-research.com\/de\/about\/\">Inessa Burdich<\/a><\/blockquote><iframe loading=\"lazy\" class=\"wp-embedded-content\" sandbox=\"allow-scripts\" security=\"restricted\" style=\"position: absolute; visibility: hidden;\" title=\"&#8220;Inessa Burdich&#8221; &#8212; Spiritual Science Research\" src=\"https:\/\/spiritual-science-research.com\/de\/about\/embed\/#?secret=v8EeRPi8nZ#?secret=tGy9nEuHoj\" data-secret=\"tGy9nEuHoj\" width=\"525\" height=\"296\" frameborder=\"0\" marginwidth=\"0\" marginheight=\"0\" scrolling=\"no\"><\/iframe>\n<\/div><\/figure>\n\n\n\n<p>\u221e \u221e \u221e <\/p>\n","protected":false},"excerpt":{"rendered":"<p>Wir freuen uns, Ihnen eine Reise der inneren spirituellen Entwicklung und des \u201cLearning by Doing\u201d pr\u00e4sentieren zu k\u00f6nnen: Geisteswissenschaftliche Forschung \u2013 Online praktischer Kurse auf Deutsch mit Inessa Burdich. Der Kurs \u201eGeisteswissenschaftliche Forschung\u201c ist ein praktischer Ausbildungskurs, der sich haupts\u00e4chlich auf die anthroposophische Meditation und die geisteswissenschaftliche Forschung konzentriert. In den letzten sechs Jahren wurden [&hellip;]<\/p>\n","protected":false},"author":2,"featured_media":0,"parent":0,"menu_order":0,"comment_status":"closed","ping_status":"closed","template":"","meta":{"footnotes":""},"class_list":["post-82","page","type-page","status-publish","hentry"],"translation":{"provider":"WPGlobus","version":"3.0.2","language":"de","enabled_languages":["en","de"],"languages":{"en":{"title":true,"content":true,"excerpt":false},"de":{"title":false,"content":false,"excerpt":false}}},"yoast_head":"<!-- This site is optimized with the Yoast SEO plugin v27.5 - https:\/\/yoast.com\/product\/yoast-seo-wordpress\/ -->\n<title>Geisteswissenschaftliche Forschung - Online-Kurs auf Deutsch - Spiritual Science Research<\/title>\n<meta name=\"robots\" content=\"index, follow, max-snippet:-1, max-image-preview:large, max-video-preview:-1\" \/>\n<link rel=\"canonical\" href=\"https:\/\/spiritual-science-research.com\/rss-online-in-german\/\" \/>\n<meta property=\"og:locale\" content=\"de_DE\" \/>\n<meta property=\"og:type\" content=\"article\" \/>\n<meta property=\"og:title\" content=\"Geisteswissenschaftliche Forschung - Online-Kurs auf Deutsch - Spiritual Science Research\" \/>\n<meta property=\"og:url\" content=\"https:\/\/spiritual-science-research.com\/rss-online-in-german\/\" \/>\n<meta property=\"og:site_name\" content=\"Spiritual Science Research\" \/>\n<meta property=\"article:modified_time\" content=\"2026-03-15T17:41:24+00:00\" \/>\n<meta property=\"og:image\" content=\"https:\/\/spiritual-science-research.com\/wp-content\/uploads\/2023\/08\/Screenshot-2023-08-14-at-12.30.36-1024x686.png\" \/>\n\t<meta property=\"og:image:width\" content=\"1024\" \/>\n\t<meta property=\"og:image:height\" content=\"686\" \/>\n\t<meta property=\"og:image:type\" content=\"image\/png\" \/>\n<meta name=\"twitter:card\" content=\"summary_large_image\" \/>\n<meta name=\"twitter:label1\" content=\"Est. reading time\" \/>\n\t<meta name=\"twitter:data1\" content=\"3 minutes\" \/>\n<script type=\"application\/ld+json\" class=\"yoast-schema-graph\">{\"@context\":\"https:\\\/\\\/schema.org\",\"@graph\":[{\"@type\":\"WebPage\",\"@id\":\"https:\\\/\\\/spiritual-science-research.com\\\/rss-online-in-german\\\/\",\"url\":\"https:\\\/\\\/spiritual-science-research.com\\\/rss-online-in-german\\\/\",\"name\":\"Geisteswissenschaftliche Forschung - Online-Kurs auf Deutsch - Spiritual Science Research\",\"isPartOf\":{\"@id\":\"https:\\\/\\\/spiritual-science-research.com\\\/#website\"},\"primaryImageOfPage\":{\"@id\":\"https:\\\/\\\/spiritual-science-research.com\\\/rss-online-in-german\\\/#primaryimage\"},\"image\":{\"@id\":\"https:\\\/\\\/spiritual-science-research.com\\\/rss-online-in-german\\\/#primaryimage\"},\"thumbnailUrl\":\"https:\\\/\\\/spiritual-science-research.com\\\/wp-content\\\/uploads\\\/2023\\\/08\\\/Screenshot-2023-08-14-at-12.30.36-1024x686.png\",\"datePublished\":\"2022-12-11T10:00:10+00:00\",\"dateModified\":\"2026-03-15T17:41:24+00:00\",\"description\":\"Geisteswissenschaftliche Forschung \u2013 Online-Kurs praktischer auf Deutsch mit Inessa Burdich. Anthroposophische Meditation und Forschung\",\"breadcrumb\":{\"@id\":\"https:\\\/\\\/spiritual-science-research.com\\\/rss-online-in-german\\\/#breadcrumb\"},\"inLanguage\":\"de-DE\",\"potentialAction\":[{\"@type\":\"ReadAction\",\"target\":[\"https:\\\/\\\/spiritual-science-research.com\\\/rss-online-in-german\\\/\"]}]},{\"@type\":\"ImageObject\",\"inLanguage\":\"de-DE\",\"@id\":\"https:\\\/\\\/spiritual-science-research.com\\\/rss-online-in-german\\\/#primaryimage\",\"url\":\"https:\\\/\\\/spiritual-science-research.com\\\/wp-content\\\/uploads\\\/2023\\\/08\\\/Screenshot-2023-08-14-at-12.30.36-1024x686.png\",\"contentUrl\":\"https:\\\/\\\/spiritual-science-research.com\\\/wp-content\\\/uploads\\\/2023\\\/08\\\/Screenshot-2023-08-14-at-12.30.36-1024x686.png\"},{\"@type\":\"BreadcrumbList\",\"@id\":\"https:\\\/\\\/spiritual-science-research.com\\\/rss-online-in-german\\\/#breadcrumb\",\"itemListElement\":[{\"@type\":\"ListItem\",\"position\":1,\"name\":\"Home\",\"item\":\"https:\\\/\\\/spiritual-science-research.com\\\/\"},{\"@type\":\"ListItem\",\"position\":2,\"name\":\"Geisteswissenschaftliche Forschung &#8211; Online-Kurs auf Deutsch\"}]},{\"@type\":\"WebSite\",\"@id\":\"https:\\\/\\\/spiritual-science-research.com\\\/#website\",\"url\":\"https:\\\/\\\/spiritual-science-research.com\\\/\",\"name\":\"Spiritual Science Research\",\"description\":\"Learning by doing\",\"publisher\":{\"@id\":\"https:\\\/\\\/spiritual-science-research.com\\\/#organization\"},\"potentialAction\":[{\"@type\":\"SearchAction\",\"target\":{\"@type\":\"EntryPoint\",\"urlTemplate\":\"https:\\\/\\\/spiritual-science-research.com\\\/?s={search_term_string}\"},\"query-input\":{\"@type\":\"PropertyValueSpecification\",\"valueRequired\":true,\"valueName\":\"search_term_string\"}}],\"inLanguage\":\"de-DE\"},{\"@type\":\"Organization\",\"@id\":\"https:\\\/\\\/spiritual-science-research.com\\\/#organization\",\"name\":\"Spiritual Science Research\",\"url\":\"https:\\\/\\\/spiritual-science-research.com\\\/\",\"logo\":{\"@type\":\"ImageObject\",\"inLanguage\":\"de-DE\",\"@id\":\"https:\\\/\\\/spiritual-science-research.com\\\/#\\\/schema\\\/logo\\\/image\\\/\",\"url\":\"https:\\\/\\\/spiritual-science-research.com\\\/wp-content\\\/uploads\\\/2023\\\/05\\\/Group-337.png\",\"contentUrl\":\"https:\\\/\\\/spiritual-science-research.com\\\/wp-content\\\/uploads\\\/2023\\\/05\\\/Group-337.png\",\"width\":400,\"height\":161,\"caption\":\"Spiritual Science Research\"},\"image\":{\"@id\":\"https:\\\/\\\/spiritual-science-research.com\\\/#\\\/schema\\\/logo\\\/image\\\/\"}}]}<\/script>\n<!-- \/ Yoast SEO plugin. -->","yoast_head_json":{"title":"Geisteswissenschaftliche Forschung - Online-Kurs auf Deutsch - Spiritual Science Research","robots":{"index":"index","follow":"follow","max-snippet":"max-snippet:-1","max-image-preview":"max-image-preview:large","max-video-preview":"max-video-preview:-1"},"canonical":"https:\/\/spiritual-science-research.com\/rss-online-in-german\/","og_locale":"de_DE","og_type":"article","og_title":"Geisteswissenschaftliche Forschung - Online-Kurs auf Deutsch - Spiritual Science Research","og_url":"https:\/\/spiritual-science-research.com\/rss-online-in-german\/","og_site_name":"Spiritual Science Research","article_modified_time":"2026-03-15T17:41:24+00:00","og_image":[{"width":1024,"height":686,"url":"https:\/\/spiritual-science-research.com\/wp-content\/uploads\/2023\/08\/Screenshot-2023-08-14-at-12.30.36-1024x686.png","type":"image\/png"}],"twitter_card":"summary_large_image","twitter_misc":{"Est. reading time":"3 minutes"},"schema":{"@context":"https:\/\/schema.org","@graph":[{"@type":"WebPage","@id":"https:\/\/spiritual-science-research.com\/rss-online-in-german\/","url":"https:\/\/spiritual-science-research.com\/rss-online-in-german\/","name":"Geisteswissenschaftliche Forschung - Online-Kurs auf Deutsch - Spiritual Science Research","isPartOf":{"@id":"https:\/\/spiritual-science-research.com\/#website"},"primaryImageOfPage":{"@id":"https:\/\/spiritual-science-research.com\/rss-online-in-german\/#primaryimage"},"image":{"@id":"https:\/\/spiritual-science-research.com\/rss-online-in-german\/#primaryimage"},"thumbnailUrl":"https:\/\/spiritual-science-research.com\/wp-content\/uploads\/2023\/08\/Screenshot-2023-08-14-at-12.30.36-1024x686.png","datePublished":"2022-12-11T10:00:10+00:00","dateModified":"2026-03-15T17:41:24+00:00","description":"Geisteswissenschaftliche Forschung \u2013 Online-Kurs praktischer auf Deutsch mit Inessa Burdich. Anthroposophische Meditation und Forschung","breadcrumb":{"@id":"https:\/\/spiritual-science-research.com\/rss-online-in-german\/#breadcrumb"},"inLanguage":"de-DE","potentialAction":[{"@type":"ReadAction","target":["https:\/\/spiritual-science-research.com\/rss-online-in-german\/"]}]},{"@type":"ImageObject","inLanguage":"de-DE","@id":"https:\/\/spiritual-science-research.com\/rss-online-in-german\/#primaryimage","url":"https:\/\/spiritual-science-research.com\/wp-content\/uploads\/2023\/08\/Screenshot-2023-08-14-at-12.30.36-1024x686.png","contentUrl":"https:\/\/spiritual-science-research.com\/wp-content\/uploads\/2023\/08\/Screenshot-2023-08-14-at-12.30.36-1024x686.png"},{"@type":"BreadcrumbList","@id":"https:\/\/spiritual-science-research.com\/rss-online-in-german\/#breadcrumb","itemListElement":[{"@type":"ListItem","position":1,"name":"Home","item":"https:\/\/spiritual-science-research.com\/"},{"@type":"ListItem","position":2,"name":"Geisteswissenschaftliche Forschung &#8211; Online-Kurs auf Deutsch"}]},{"@type":"WebSite","@id":"https:\/\/spiritual-science-research.com\/#website","url":"https:\/\/spiritual-science-research.com\/","name":"Spiritual Science Research","description":"Learning by doing","publisher":{"@id":"https:\/\/spiritual-science-research.com\/#organization"},"potentialAction":[{"@type":"SearchAction","target":{"@type":"EntryPoint","urlTemplate":"https:\/\/spiritual-science-research.com\/?s={search_term_string}"},"query-input":{"@type":"PropertyValueSpecification","valueRequired":true,"valueName":"search_term_string"}}],"inLanguage":"de-DE"},{"@type":"Organization","@id":"https:\/\/spiritual-science-research.com\/#organization","name":"Spiritual Science Research","url":"https:\/\/spiritual-science-research.com\/","logo":{"@type":"ImageObject","inLanguage":"de-DE","@id":"https:\/\/spiritual-science-research.com\/#\/schema\/logo\/image\/","url":"https:\/\/spiritual-science-research.com\/wp-content\/uploads\/2023\/05\/Group-337.png","contentUrl":"https:\/\/spiritual-science-research.com\/wp-content\/uploads\/2023\/05\/Group-337.png","width":400,"height":161,"caption":"Spiritual Science Research"},"image":{"@id":"https:\/\/spiritual-science-research.com\/#\/schema\/logo\/image\/"}}]}},"_links":{"self":[{"href":"https:\/\/spiritual-science-research.com\/de\/wp-json\/wp\/v2\/pages\/82","targetHints":{"allow":["GET"]}}],"collection":[{"href":"https:\/\/spiritual-science-research.com\/de\/wp-json\/wp\/v2\/pages"}],"about":[{"href":"https:\/\/spiritual-science-research.com\/de\/wp-json\/wp\/v2\/types\/page"}],"author":[{"embeddable":true,"href":"https:\/\/spiritual-science-research.com\/de\/wp-json\/wp\/v2\/users\/2"}],"replies":[{"embeddable":true,"href":"https:\/\/spiritual-science-research.com\/de\/wp-json\/wp\/v2\/comments?post=82"}],"version-history":[{"count":87,"href":"https:\/\/spiritual-science-research.com\/de\/wp-json\/wp\/v2\/pages\/82\/revisions"}],"predecessor-version":[{"id":7881,"href":"https:\/\/spiritual-science-research.com\/de\/wp-json\/wp\/v2\/pages\/82\/revisions\/7881"}],"wp:attachment":[{"href":"https:\/\/spiritual-science-research.com\/de\/wp-json\/wp\/v2\/media?parent=82"}],"curies":[{"name":"wp","href":"https:\/\/api.w.org\/{rel}","templated":true}]}}