{"id":80,"date":"2022-12-11T10:00:20","date_gmt":"2022-12-11T10:00:20","guid":{"rendered":"http:\/\/spiritual-science-research.com\/?page_id=80"},"modified":"2025-12-21T20:59:14","modified_gmt":"2025-12-21T20:59:14","slug":"rss-lanzarote-canary-islands","status":"publish","type":"page","link":"https:\/\/spiritual-science-research.com\/de\/rss-lanzarote-canary-islands\/","title":{"rendered":"Geisteswissenschaftliche Forschung &#8211; Lanzarote, Kanarische Inseln"},"content":{"rendered":"\n<p id=\"block-891ad479-cd43-4ad8-b566-5f2ce950b576\">Der Kurs f\u00fcr geisteswissenschaftliche Forschung findet im Centro de Terapia Antropsos\u00f3fica, Lanzarote, Kanarische Inseln mit Inessa Burdich statt.<\/p>\n\n\n\n<ul class=\"wp-block-list\" id=\"block-3fbdd096-6f63-47fd-8603-d1396a09d9c9\">\n<li>Eine Reise der inneren spirituellen Entwicklung und des &#8220;Learning by Doing&#8221;;<\/li>\n<\/ul>\n\n\n\n<ul class=\"wp-block-list\" id=\"block-af3214c8-a3c6-4849-9f92-87ea9899c6c3\">\n<li>Eine fantastische M\u00f6glichkeit, Ihre Arbeit zur Selbstentwicklung mit einem sonnigen Urlaub zu verbinden, bei dem Sie jeden Tag im Meer baden k\u00f6nnen!<\/li>\n\n\n\n<li>Ein paar Kilometer Sandstrand &#8211; f\u00fcr meditative Spazierg\u00e4nge am Meer entlang.<\/li>\n<\/ul>\n\n\n\n<p>Dieser erfahrungsorientierte Kurs spricht die innere Sehnsucht an, die viele von uns auf der Suche nach spiritueller Wahrheit und dem Verst\u00e4ndnis unserer Mission hier auf der Erde versp\u00fcren. Der auf der Geisteswissenschaft basierende Weg der Selbstentwicklung, der in diesem Kurs vorgestellt wird, konzentriert sich auf die St\u00e4rkung des &#8220;Ichs&#8221; (des Selbstbewusstseins) als Grundlage aller spirituellen Arbeit mit Schwerpunkt auf klarem Denken, Verfeinerung der Gef\u00fchle und St\u00e4rkung des Willens.<\/p>\n\n\n\n<p>Die methodischen und theoretischen Aspekte werden in den Vortr\u00e4gen beschrieben. In der Reihe der Themen-Workshops werden die Themen der Vortr\u00e4ge durch Erfahrungs\u00fcbungen vertieft und angewendet. Jeder Workshop besteht aus praktischen Meditations- und Wahrnehmungs\u00fcbungen und einer Diskussion \u00fcber die angewandten Methoden.<\/p>\n\n\n\n<p id=\"block-1720e550-a879-4ed3-aa98-2df506282dff\">Wir entwickeln neue F\u00e4higkeiten, die zu neuen Einsichten und Innovationen f\u00fchren, die man in alle Lebensbereiche einbringen kann. Mehr \u00fcber den Inhalt des Forschungskurses:<\/p>\n\n\n\n<p id=\"block-2469364c-4082-432e-8dbe-4f796e446e61\">\u2013 en <a href=\"\/sobre-el-curso\/\">espa\u00f1ol<\/a><\/p>\n\n\n\n<p id=\"block-75dd46e3-1a60-49e1-8612-312984f61760\">\u2013 in <a href=\"\/ssr-about-content\/\">English<\/a>.<\/p>\n\n\n\n<p id=\"block-d066be41-e70a-4949-ba7d-dacf167ade22\">\u221e \u221e \u221e<br>5. November, Sonntag, 19.30 Uhr Einf\u00fchrungsvortrag zum Thema:<\/p>\n\n\n\n<p id=\"block-ac346682-c660-4744-98ae-bf71b0e6eb09\">Von der Selbstentfaltung zur Weltentfaltung &#8211; Einf\u00fchrung in die anthroposophische Meditation.<\/p>\n\n\n\n<p id=\"block-07478c99-c734-4b3e-81e0-90451b8c7653\">Mehr \u00fcber den <a href=\"\/de\/from-self-development-to-world-development\/\">Vortrag.<\/a><\/p>\n\n\n\n<p id=\"block-125483a0-b85b-45db-9e29-46190fcd8e13\">\u221e \u221e \u221e<\/p>\n\n\n\n<p>KURSPROGRAMM:<\/p>\n\n\n\n<p id=\"block-1330b7b9-1540-43e4-93b1-0cff92d99faa\">6. bis 10. November 2023, Meditation, Forschung und Lebenskr\u00e4fte (Themen #1 und #2)<\/p>\n\n\n\n<p id=\"block-177a9af0-2896-4bd5-a4f7-997cf59f25b5\">Mo &#8211; Fr: Die Workshops finden jeden Morgen von 10 bis 13 Uhr statt.<\/p>\n\n\n\n<p id=\"block-ddba82c7-4eed-4aee-9975-b433c8b3ab56\">Es gibt praktische \u00dcbungen zur Vertiefung der Themen des Kurses.<\/p>\n\n\n\n<p id=\"block-6b008dae-ab85-459f-aa81-bc9ed9e8da6f\">Montag 19.30 Uhr Abendvortrag zum Thema #1: Meditation als Weg der spirituellen Entwicklung und als Methode der spirituellen Forschung<\/p>\n\n\n\n<p id=\"block-88069fac-11f1-4c96-878b-f8f506a1f2fa\">Mittwoch 19.30 Uhr Abendvortrag zum Thema Nr. 2: Das \u00e4therische Reich (Lebenskr\u00e4fte) in Mensch und Natur.<\/p>\n\n\n\n<p id=\"block-7d87b5db-1bb0-43c3-9191-95ac6ee72014\">\u221e \u221e \u221e<\/p>\n\n\n\n<p id=\"block-8769e03d-8f94-4a76-b04f-fe1bf27ad8b1\"><a href=\"\/feedback-all-languages\/\">Feedback<\/a> zum Kurs Forschung.<\/p>\n\n\n\n<p id=\"block-b85ad5d3-c105-491b-8a4c-e34035d0766a\">\u221e \u221e \u221e<\/p>\n\n\n\n<p id=\"block-a45853cc-1f84-4c60-b7a0-c987b2609e96\">Die Unterbringung erfolgt \u00fcber die Website des Centro: <a href=\"https:\/\/en.turismo-antroposofico-lanzarote.com\/home\">https:\/\/en.turismo-antroposofico-lanzarote.com\/home<\/a><\/p>\n\n\n\n<p id=\"block-d1d9bc66-2681-4e8e-8bea-09b243741faf\">@ Centro de Terapia Antropsos\u00f3fica, Calle Salinas 12, E-35510 Puerto del Carmen, Lanzarote, Kanarische Inseln, Spanien<\/p>\n\n\n\n<p id=\"block-e6a0ea6e-9e92-4f71-96f8-a89775eae417\">\u221e \u221e \u221e<\/p>\n\n\n\n<p>Kursgeb\u00fchr: 180 \u20ac Standard f\u00fcr die Workshops am Vormittag (die Vortr\u00e4ge sind separat)<br>Zahlung bei Ankunft.<\/p>\n\n\n\n<p id=\"block-bd2b525c-f8c0-4cfe-bc23-fdf3cbd8bd9e\">F\u00fcr die Anmeldung zum Forschungskurs wenden Sie sich bitte an: <a href=\"mailto:Inessa.Burdich.Research@gmail.com\">Inessa.Burdich.Research@gmail.com<\/a><\/p>\n\n\n\n<p id=\"block-bc0d5a45-19a2-47fb-b701-ce9b8db73792\">\u00dcber den <a href=\"\/about\/\">Vermittler.<\/a><\/p>\n\n\n\n<p id=\"block-1c5d61f9-214d-4c61-84f8-d191513ba9e8\"><a href=\"https:\/\/drive.google.com\/file\/d\/1QANnZCEl_MZiaWZg6znQJEfOErnCeZw1\/view?usp=share_link\">Alle sieben Themen<\/a> des Kurses Forschung sind auf einer Seite zusammengefasst<\/p>\n\n\n\n<p id=\"block-d1085d6d-32e6-48fc-abd6-6e0afeb89d46\">\u221e \u221e \u221e<\/p>\n\n\n\n<p id=\"block-9b90bc7e-bfe0-4cf5-94c5-d11805d5d195\">Das \u00fcbliche Wetter auf Lanzarote zu dieser Zeit ist +24+28, sonnig. Es ist normalerweise m\u00f6glich, im Meer und im warmen Schwimmbad des Centro zu schwimmen. Vom Centro aus sind einige Kilometer Sandstrand in etwa 10 Minuten zu Fu\u00df zu erreichen. Die Kursteilnehmer genie\u00dfen oft morgendliche Rituale: den Sonnenaufgang mit einem Bad im Meer zu verbinden.<\/p>\n\n\n\n<p id=\"block-7156475e-c5f4-4346-aff2-f3ac812eebba\">\u221e \u221e \u221e<\/p>\n\n\n\n<p id=\"block-39157887-7157-41b3-a68c-bc4dd161831b\">\ufeff<\/p>\n\n\n\n<figure class=\"wp-block-image\" id=\"block-2c741fea-71d8-4c5c-ad8c-193abc211163\"><img decoding=\"async\" src=\"http:\/\/spiritual-science-research.com\/wp-content\/uploads\/2023\/04\/2023-Lanzarote-leaflet1-1024x724.jpg\" alt=\"Spiritual Science Research\"\/><\/figure>\n\n\n\n<figure class=\"wp-block-image\" id=\"block-0c205900-846f-4a67-bd80-760855530816\"><img decoding=\"async\" src=\"http:\/\/spiritual-science-research.com\/wp-content\/uploads\/2023\/04\/2023-Lanzarote-leaflet2-1024x724.jpg\" alt=\"Spiritual Science Research\"\/><\/figure>\n","protected":false},"excerpt":{"rendered":"<p>Der Kurs f\u00fcr geisteswissenschaftliche Forschung findet im Centro de Terapia Antropsos\u00f3fica, Lanzarote, Kanarische Inseln mit Inessa Burdich statt. Dieser erfahrungsorientierte Kurs spricht die innere Sehnsucht an, die viele von uns auf der Suche nach spiritueller Wahrheit und dem Verst\u00e4ndnis unserer Mission hier auf der Erde versp\u00fcren. Der auf der Geisteswissenschaft basierende Weg der Selbstentwicklung, der [&hellip;]<\/p>\n","protected":false},"author":2,"featured_media":0,"parent":0,"menu_order":0,"comment_status":"closed","ping_status":"closed","template":"","meta":{"footnotes":""},"class_list":["post-80","page","type-page","status-publish","hentry"],"translation":{"provider":"WPGlobus","version":"3.0.2","language":"de","enabled_languages":["en","de"],"languages":{"en":{"title":true,"content":true,"excerpt":false},"de":{"title":true,"content":true,"excerpt":false}}},"yoast_head":"<!-- This site is optimized with the Yoast SEO plugin v27.5 - https:\/\/yoast.com\/product\/yoast-seo-wordpress\/ -->\n<title>Geisteswissenschaftliche Forschung - Lanzarote, Kanarische Inseln - Spiritual Science Research<\/title>\n<meta name=\"robots\" content=\"index, follow, max-snippet:-1, max-image-preview:large, max-video-preview:-1\" \/>\n<link rel=\"canonical\" href=\"https:\/\/spiritual-science-research.com\/rss-lanzarote-canary-islands\/\" \/>\n<meta property=\"og:locale\" content=\"de_DE\" \/>\n<meta property=\"og:type\" content=\"article\" \/>\n<meta property=\"og:title\" content=\"Geisteswissenschaftliche Forschung - Lanzarote, Kanarische Inseln - Spiritual Science Research\" \/>\n<meta property=\"og:url\" content=\"https:\/\/spiritual-science-research.com\/rss-lanzarote-canary-islands\/\" \/>\n<meta property=\"og:site_name\" content=\"Spiritual Science Research\" \/>\n<meta property=\"article:modified_time\" content=\"2025-12-21T20:59:14+00:00\" \/>\n<meta property=\"og:image\" content=\"https:\/\/spiritual-science-research.com\/wp-content\/uploads\/2023\/11\/Picture-1-scaled.jpg\" \/>\n\t<meta property=\"og:image:width\" content=\"2560\" \/>\n\t<meta property=\"og:image:height\" content=\"1157\" \/>\n\t<meta property=\"og:image:type\" content=\"image\/jpeg\" \/>\n<meta name=\"twitter:card\" content=\"summary_large_image\" \/>\n<meta name=\"twitter:label1\" content=\"Est. reading time\" \/>\n\t<meta name=\"twitter:data1\" content=\"5 minutes\" \/>\n<script type=\"application\/ld+json\" class=\"yoast-schema-graph\">{\"@context\":\"https:\\\/\\\/schema.org\",\"@graph\":[{\"@type\":\"WebPage\",\"@id\":\"https:\\\/\\\/spiritual-science-research.com\\\/rss-lanzarote-canary-islands\\\/\",\"url\":\"https:\\\/\\\/spiritual-science-research.com\\\/rss-lanzarote-canary-islands\\\/\",\"name\":\"Geisteswissenschaftliche Forschung - Lanzarote, Kanarische Inseln - Spiritual Science Research\",\"isPartOf\":{\"@id\":\"https:\\\/\\\/spiritual-science-research.com\\\/#website\"},\"primaryImageOfPage\":{\"@id\":\"https:\\\/\\\/spiritual-science-research.com\\\/rss-lanzarote-canary-islands\\\/#primaryimage\"},\"image\":{\"@id\":\"https:\\\/\\\/spiritual-science-research.com\\\/rss-lanzarote-canary-islands\\\/#primaryimage\"},\"thumbnailUrl\":\"https:\\\/\\\/spiritual-science-research.com\\\/wp-content\\\/uploads\\\/2023\\\/11\\\/Picture-1-1024x463.jpg\",\"datePublished\":\"2022-12-11T10:00:20+00:00\",\"dateModified\":\"2025-12-21T20:59:14+00:00\",\"description\":\"% % {:en} A journey of inner spiritual development through the method \u201cLearning by Doing\u201d \u2013 with Inessa Burdich. \u221e \u221e \u221e The Spiritual Science Research course % %\",\"breadcrumb\":{\"@id\":\"https:\\\/\\\/spiritual-science-research.com\\\/rss-lanzarote-canary-islands\\\/#breadcrumb\"},\"inLanguage\":\"de-DE\",\"potentialAction\":[{\"@type\":\"ReadAction\",\"target\":[\"https:\\\/\\\/spiritual-science-research.com\\\/rss-lanzarote-canary-islands\\\/\"]}]},{\"@type\":\"ImageObject\",\"inLanguage\":\"de-DE\",\"@id\":\"https:\\\/\\\/spiritual-science-research.com\\\/rss-lanzarote-canary-islands\\\/#primaryimage\",\"url\":\"https:\\\/\\\/spiritual-science-research.com\\\/wp-content\\\/uploads\\\/2023\\\/11\\\/Picture-1-1024x463.jpg\",\"contentUrl\":\"https:\\\/\\\/spiritual-science-research.com\\\/wp-content\\\/uploads\\\/2023\\\/11\\\/Picture-1-1024x463.jpg\"},{\"@type\":\"BreadcrumbList\",\"@id\":\"https:\\\/\\\/spiritual-science-research.com\\\/rss-lanzarote-canary-islands\\\/#breadcrumb\",\"itemListElement\":[{\"@type\":\"ListItem\",\"position\":1,\"name\":\"Home\",\"item\":\"https:\\\/\\\/spiritual-science-research.com\\\/\"},{\"@type\":\"ListItem\",\"position\":2,\"name\":\"Spiritual Science Research \u2013 Lanzarote course\"}]},{\"@type\":\"WebSite\",\"@id\":\"https:\\\/\\\/spiritual-science-research.com\\\/#website\",\"url\":\"https:\\\/\\\/spiritual-science-research.com\\\/\",\"name\":\"Spiritual Science Research\",\"description\":\"Learning by doing\",\"publisher\":{\"@id\":\"https:\\\/\\\/spiritual-science-research.com\\\/#organization\"},\"potentialAction\":[{\"@type\":\"SearchAction\",\"target\":{\"@type\":\"EntryPoint\",\"urlTemplate\":\"https:\\\/\\\/spiritual-science-research.com\\\/?s={search_term_string}\"},\"query-input\":{\"@type\":\"PropertyValueSpecification\",\"valueRequired\":true,\"valueName\":\"search_term_string\"}}],\"inLanguage\":\"de-DE\"},{\"@type\":\"Organization\",\"@id\":\"https:\\\/\\\/spiritual-science-research.com\\\/#organization\",\"name\":\"Spiritual Science Research\",\"url\":\"https:\\\/\\\/spiritual-science-research.com\\\/\",\"logo\":{\"@type\":\"ImageObject\",\"inLanguage\":\"de-DE\",\"@id\":\"https:\\\/\\\/spiritual-science-research.com\\\/#\\\/schema\\\/logo\\\/image\\\/\",\"url\":\"https:\\\/\\\/spiritual-science-research.com\\\/wp-content\\\/uploads\\\/2023\\\/05\\\/Group-337.png\",\"contentUrl\":\"https:\\\/\\\/spiritual-science-research.com\\\/wp-content\\\/uploads\\\/2023\\\/05\\\/Group-337.png\",\"width\":400,\"height\":161,\"caption\":\"Spiritual Science Research\"},\"image\":{\"@id\":\"https:\\\/\\\/spiritual-science-research.com\\\/#\\\/schema\\\/logo\\\/image\\\/\"}}]}<\/script>\n<!-- \/ Yoast SEO plugin. -->","yoast_head_json":{"title":"Geisteswissenschaftliche Forschung - Lanzarote, Kanarische Inseln - Spiritual Science Research","robots":{"index":"index","follow":"follow","max-snippet":"max-snippet:-1","max-image-preview":"max-image-preview:large","max-video-preview":"max-video-preview:-1"},"canonical":"https:\/\/spiritual-science-research.com\/rss-lanzarote-canary-islands\/","og_locale":"de_DE","og_type":"article","og_title":"Geisteswissenschaftliche Forschung - Lanzarote, Kanarische Inseln - Spiritual Science Research","og_url":"https:\/\/spiritual-science-research.com\/rss-lanzarote-canary-islands\/","og_site_name":"Spiritual Science Research","article_modified_time":"2025-12-21T20:59:14+00:00","og_image":[{"width":2560,"height":1157,"url":"https:\/\/spiritual-science-research.com\/wp-content\/uploads\/2023\/11\/Picture-1-scaled.jpg","type":"image\/jpeg"}],"twitter_card":"summary_large_image","twitter_misc":{"Est. reading time":"5 minutes"},"schema":{"@context":"https:\/\/schema.org","@graph":[{"@type":"WebPage","@id":"https:\/\/spiritual-science-research.com\/rss-lanzarote-canary-islands\/","url":"https:\/\/spiritual-science-research.com\/rss-lanzarote-canary-islands\/","name":"Geisteswissenschaftliche Forschung - Lanzarote, Kanarische Inseln - Spiritual Science Research","isPartOf":{"@id":"https:\/\/spiritual-science-research.com\/#website"},"primaryImageOfPage":{"@id":"https:\/\/spiritual-science-research.com\/rss-lanzarote-canary-islands\/#primaryimage"},"image":{"@id":"https:\/\/spiritual-science-research.com\/rss-lanzarote-canary-islands\/#primaryimage"},"thumbnailUrl":"https:\/\/spiritual-science-research.com\/wp-content\/uploads\/2023\/11\/Picture-1-1024x463.jpg","datePublished":"2022-12-11T10:00:20+00:00","dateModified":"2025-12-21T20:59:14+00:00","description":"% % {:en} A journey of inner spiritual development through the method \u201cLearning by Doing\u201d \u2013 with Inessa Burdich. \u221e \u221e \u221e The Spiritual Science Research course % %","breadcrumb":{"@id":"https:\/\/spiritual-science-research.com\/rss-lanzarote-canary-islands\/#breadcrumb"},"inLanguage":"de-DE","potentialAction":[{"@type":"ReadAction","target":["https:\/\/spiritual-science-research.com\/rss-lanzarote-canary-islands\/"]}]},{"@type":"ImageObject","inLanguage":"de-DE","@id":"https:\/\/spiritual-science-research.com\/rss-lanzarote-canary-islands\/#primaryimage","url":"https:\/\/spiritual-science-research.com\/wp-content\/uploads\/2023\/11\/Picture-1-1024x463.jpg","contentUrl":"https:\/\/spiritual-science-research.com\/wp-content\/uploads\/2023\/11\/Picture-1-1024x463.jpg"},{"@type":"BreadcrumbList","@id":"https:\/\/spiritual-science-research.com\/rss-lanzarote-canary-islands\/#breadcrumb","itemListElement":[{"@type":"ListItem","position":1,"name":"Home","item":"https:\/\/spiritual-science-research.com\/"},{"@type":"ListItem","position":2,"name":"Spiritual Science Research \u2013 Lanzarote course"}]},{"@type":"WebSite","@id":"https:\/\/spiritual-science-research.com\/#website","url":"https:\/\/spiritual-science-research.com\/","name":"Spiritual Science Research","description":"Learning by doing","publisher":{"@id":"https:\/\/spiritual-science-research.com\/#organization"},"potentialAction":[{"@type":"SearchAction","target":{"@type":"EntryPoint","urlTemplate":"https:\/\/spiritual-science-research.com\/?s={search_term_string}"},"query-input":{"@type":"PropertyValueSpecification","valueRequired":true,"valueName":"search_term_string"}}],"inLanguage":"de-DE"},{"@type":"Organization","@id":"https:\/\/spiritual-science-research.com\/#organization","name":"Spiritual Science Research","url":"https:\/\/spiritual-science-research.com\/","logo":{"@type":"ImageObject","inLanguage":"de-DE","@id":"https:\/\/spiritual-science-research.com\/#\/schema\/logo\/image\/","url":"https:\/\/spiritual-science-research.com\/wp-content\/uploads\/2023\/05\/Group-337.png","contentUrl":"https:\/\/spiritual-science-research.com\/wp-content\/uploads\/2023\/05\/Group-337.png","width":400,"height":161,"caption":"Spiritual Science Research"},"image":{"@id":"https:\/\/spiritual-science-research.com\/#\/schema\/logo\/image\/"}}]}},"_links":{"self":[{"href":"https:\/\/spiritual-science-research.com\/de\/wp-json\/wp\/v2\/pages\/80","targetHints":{"allow":["GET"]}}],"collection":[{"href":"https:\/\/spiritual-science-research.com\/de\/wp-json\/wp\/v2\/pages"}],"about":[{"href":"https:\/\/spiritual-science-research.com\/de\/wp-json\/wp\/v2\/types\/page"}],"author":[{"embeddable":true,"href":"https:\/\/spiritual-science-research.com\/de\/wp-json\/wp\/v2\/users\/2"}],"replies":[{"embeddable":true,"href":"https:\/\/spiritual-science-research.com\/de\/wp-json\/wp\/v2\/comments?post=80"}],"version-history":[{"count":123,"href":"https:\/\/spiritual-science-research.com\/de\/wp-json\/wp\/v2\/pages\/80\/revisions"}],"predecessor-version":[{"id":7695,"href":"https:\/\/spiritual-science-research.com\/de\/wp-json\/wp\/v2\/pages\/80\/revisions\/7695"}],"wp:attachment":[{"href":"https:\/\/spiritual-science-research.com\/de\/wp-json\/wp\/v2\/media?parent=80"}],"curies":[{"name":"wp","href":"https:\/\/api.w.org\/{rel}","templated":true}]}}