{"id":7857,"date":"2026-03-14T19:26:42","date_gmt":"2026-03-14T19:26:42","guid":{"rendered":"https:\/\/spiritual-science-research.com\/?page_id=7857"},"modified":"2026-04-29T16:36:31","modified_gmt":"2026-04-29T16:36:31","slug":"spiritual-science-research-bucharest-course","status":"publish","type":"page","link":"https:\/\/spiritual-science-research.com\/de\/spiritual-science-research-bucharest-course\/","title":{"rendered":"Spiritual Science Research &#8211; Bucharest course"},"content":{"rendered":"\n<p class=\"has-medium-font-size\">Cercetare \u00een domeniul \u0219tiin\u021bei spirituale \u2013 Curs la Bucure\u0219ti<\/p>\n\n\n\n<p>cu Inessa Burdich<\/p>\n\n\n\n<figure class=\"wp-block-image size-full\"><img loading=\"lazy\" decoding=\"async\" width=\"1130\" height=\"706\" src=\"https:\/\/spiritual-science-research.com\/wp-content\/uploads\/2026\/03\/Screenshot-2026-03-15-at-10.41.12.png\" alt=\"\" class=\"wp-image-7861\"\/><figcaption class=\"wp-element-caption\">Casa Rudolf Steiner Bucure\u0219ti<\/figcaption><\/figure>\n\n\n\n<p><\/p>\n\n\n\n<p>Cursul de Cercetare \u00een \u0218tiin\u021ba Spiritual\u0103 este un curs educa\u021bional practic axat \u00een principal pe Medita\u021bia Antroposofic\u0103 \u0219i Cercetarea \u00een \u0218tiin\u021ba Spiritual\u0103. \u00cen ultimii \u0219apte ani, peste 400 de participan\u021bi au urmat cursul, care este \u00een prezent oferit \u00een \u0219ase limbi.<\/p>\n\n\n\n<p>Studiul nostru se concentreaz\u0103 \u00een principal pe cercetarea asupra noastr\u0103 \u00een\u0219ine, a oamenilor \u0219i a constitu\u021biei noastre suprasensibile. Ace\u0219tia sunt primii pa\u0219i \u00een diagnosticarea spiritual\u0103, unde \u00eenv\u0103\u021b\u0103m \u0219i ne aprofund\u0103m cuno\u0219tin\u021bele despre aspectele fundamentale ale sufletului nostru interior \u0219i ale vie\u021bii spirituale. Ne apropiem de \u00een\u021belegerea modului \u00een care putem atinge un nivel superior de con\u0219tientizare a vie\u021bii noastre interioare.<\/p>\n\n\n\n<p>Calea dezvolt\u0103rii personale bazat\u0103 pe \u0218tiin\u021ba Spiritual\u0103, prezentat\u0103 \u00een acest curs, se va concentra pe consolidarea \u201eEu\u201d-ului t\u0103u (sim\u021bul Sinelui) ca fundament al \u00eentregii munci spirituale. Aducem con\u0219tientizare \u00eentregului nostru sistem individual, \u00een special \u00een purificarea \u0219i rafinarea g\u00e2ndirii \u0219i sentimentelor, atingerea aten\u021biei subtile \u0219i \u00eent\u0103rirea voin\u021bei. Dezvolt\u0103m noi capacit\u0103\u021bi; \u00eenv\u0103\u021b\u0103m abilit\u0103\u021bi valoroase pe care le transmitem apoi \u00eenapoi \u00een domeniile noastre personale \u0219i profesionale. Aceste capacit\u0103\u021bi conduc la noi perspective \u0219i inova\u021bii pe care le putem aduce la via\u021b\u0103, iar toate disciplinele pot beneficia.<\/p>\n\n\n\n<p>Cursul const\u0103 \u00een ateliere practice \u0219i prezent\u0103ri, legate tematic unele de altele. La fiecare \u00eent\u00e2lnire, ne cufund\u0103m \u00een lumea ideilor, principiilor \u0219i fenomenelor suprasensibile din cadrul acestor prezent\u0103ri. Aceste subiecte sunt aprofundate \u00een ateliere, unde efectu\u0103m medita\u021bii antroposofice, cercet\u0103ri \u0219i exerci\u021bii de percep\u021bie.<\/p>\n\n\n\n<p>\u221e \u221e \u221e<\/p>\n\n\n\n<p><em>Cursul va avea loc la urm\u0103toarea adres\u0103:<\/em><\/p>\n\n\n\n<p><em>str. Putul cu Plopi nr. 8, sector 1, Bucuresti<\/em><\/p>\n\n\n\n<p><a href=\"https:\/\/www.gradinitachristophori.ro\">https:\/\/www.gradinitachristophori.ro<\/a><\/p>\n\n\n\n<p>\u221e \u221e&nbsp;\u221e<\/p>\n\n\n\n<blockquote class=\"wp-block-quote is-layout-flow wp-block-quote-is-layout-flow\">\n<p><em>Pentru \u00eenscriere la curs, v\u0103 rug\u0103m s\u0103 o contacta\u021bi pe Nona Groza la&nbsp;<a href=\"mailto:nona@bluestorm.ro\" target=\"_blank\" rel=\"noreferrer noopener\">nona@bluestorm.ro<\/a><\/em><\/p>\n<\/blockquote>\n\n\n\n<p>\u221e \u221e&nbsp;\u221e<\/p>\n\n\n\n<p><\/p>\n\n\n\n<p>Cursul de Cercetare \u00een \u0218tiin\u021ba Spiritual\u0103 const\u0103 \u00een \u0219apte teme, fiecare prezentat\u0103 pe parcursul a \u0219apte weekenduri.<\/p>\n\n\n\n<p>Temele se bazeaz\u0103 una pe cealalt\u0103, dar pot fi urmate \u0219i individual \u0219i sunt independente.<\/p>\n\n\n\n<p>Participan\u021bii pot alege s\u0103 participe la una, mai multe sau la toate temele.<\/p>\n\n\n\n<p>De asemenea, este posibil s\u0103 participe doar la o prezentare sau doar la un atelier.<\/p>\n\n\n\n<p>\u221e \u221e\u00a0\u221e<\/p>\n\n\n\n<div style=\"height:60px\" aria-hidden=\"true\" class=\"wp-block-spacer\"><\/div>\n\n\n\n<p><strong>9 septembrie 2026<\/strong><br>Ora 20.00 (ora Bucure\u0219tiului)<\/p>\n\n\n\n<p><br>V\u0103 invit\u0103m la o discu\u021bie online gratuit\u0103, cu exerci\u021bii de medita\u021bie \u0219i dezbatere:<\/p>\n\n\n\n<p><br><a href=\"https:\/\/spiritual-science-research.com\/inner-awakening-for-global-change\/\" target=\"_blank\" rel=\"noreferrer noopener\">Trezirea interioar\u0103 pentru schimbarea global\u0103<br>\u2013 O c\u0103l\u0103torie prin medita\u021bie \u0219i cercetare spiritual\u0103<\/a><br>sus\u021binut\u0103 de Inessa Burdich.<\/p>\n\n\n\n<p>Conferin\u021ba se \u021bine \u00een limba englez\u0103, cu traducere \u00een limba rom\u00e2n\u0103.<br>Pentru \u00eenscriere, v\u0103 rug\u0103m s\u0103 o contacta\u021bi pe Nona Groza la adresa nona@bluestorm.ro<\/p>\n\n\n\n<p>\u221e \u221e&nbsp;\u221e<\/p>\n\n\n\n<div style=\"height:60px\" aria-hidden=\"true\" class=\"wp-block-spacer\"><\/div>\n\n\n\n<p>Datele din Bucure\u0219ti sunt urm\u0103toarele:<\/p>\n\n\n\n<p><strong>20\u201321 noiembrie 2026 <\/strong>\u2013 #1: Medita\u021bia ca o cale de dezvoltare spiritual\u0103 \u0219i metod\u0103 de cercetare.<\/p>\n\n\n\n<p>(date preliminare <strong>19\u201320 martie 2027<\/strong>) \u2013 #2: T\u0103r\u00e2mul Eteric (for\u021bele vitale) \u00een fiin\u021bele umane \u0219i \u00een natur\u0103.<\/p>\n\n\n\n<div style=\"height:30px\" aria-hidden=\"true\" class=\"wp-block-spacer\"><\/div>\n\n\n\n<p>#3: T\u0103r\u00e2mul Astral (for\u021bele emo\u021bionale) \u00een fiin\u021bele umane \u0219i \u00een natur\u0103.<\/p>\n\n\n\n<p>#4: Dimensiuni ale sim\u021bului de Sine (prezen\u021ba Eu-lui).<\/p>\n\n\n\n<p>#5: P\u0103r\u021bile spirituale ale constitu\u021biei umane: Sinele Spiritual, Spiritul Vie\u021bii, Omul Spiritual.<\/p>\n\n\n\n<p>#6: P\u0103r\u021bile suflete\u0219ti ale constitu\u021biei umane.<\/p>\n\n\n\n<p>#7: Mecanica min\u021bii \u0219i Con\u0219tiin\u021ba Liber\u0103\/Pur\u0103 (Empty Consciousness).<\/p>\n\n\n\n<p>&nbsp;\u221e \u221e&nbsp;\u221e <\/p>\n\n\n\n<div style=\"height:61px\" aria-hidden=\"true\" class=\"wp-block-spacer\"><\/div>\n\n\n\n<p>Con\u021binutul cursului \u201eCercetarea \u0219tiin\u021bei spirituale\u201d \u00een limba rom\u00e2n\u0103<\/p>\n\n\n\n<figure class=\"wp-block-embed is-type-wp-embed is-provider-spiritual-science-research wp-block-embed-spiritual-science-research\"><div class=\"wp-block-embed__wrapper\">\n<blockquote class=\"wp-embedded-content\" data-secret=\"IK57wz6DfV\"><a href=\"https:\/\/spiritual-science-research.com\/research-course-content\/\">The Spiritual Science Research course content<\/a><\/blockquote><iframe loading=\"lazy\" class=\"wp-embedded-content\" sandbox=\"allow-scripts\" security=\"restricted\" style=\"position: absolute; visibility: hidden;\" title=\"&#8220;The Spiritual Science Research course content&#8221; &#8212; Spiritual Science Research\" src=\"https:\/\/spiritual-science-research.com\/research-course-content\/embed\/#?secret=Dr7NLiMZXd#?secret=IK57wz6DfV\" data-secret=\"IK57wz6DfV\" width=\"525\" height=\"296\" frameborder=\"0\" marginwidth=\"0\" marginheight=\"0\" scrolling=\"no\"><\/iframe>\n<\/div><\/figure>\n\n\n\n<p>&nbsp;\u221e \u221e&nbsp;\u221e <\/p>\n\n\n\n<p>Despre Inessa \u00een limba rom\u00e2n\u0103<\/p>\n\n\n\n<figure class=\"wp-block-embed is-type-wp-embed is-provider-spiritual-science-research wp-block-embed-spiritual-science-research\"><div class=\"wp-block-embed__wrapper\">\n<blockquote class=\"wp-embedded-content\" data-secret=\"pxoz3RRiOQ\"><a href=\"https:\/\/spiritual-science-research.com\/about-inessa\/\">About Inessa<\/a><\/blockquote><iframe loading=\"lazy\" class=\"wp-embedded-content\" sandbox=\"allow-scripts\" security=\"restricted\" style=\"position: absolute; visibility: hidden;\" title=\"&#8220;About Inessa&#8221; &#8212; Spiritual Science Research\" src=\"https:\/\/spiritual-science-research.com\/about-inessa\/embed\/#?secret=iKLwSYxqmN#?secret=pxoz3RRiOQ\" data-secret=\"pxoz3RRiOQ\" width=\"525\" height=\"296\" frameborder=\"0\" marginwidth=\"0\" marginheight=\"0\" scrolling=\"no\"><\/iframe>\n<\/div><\/figure>\n\n\n\n<p><\/p>\n","protected":false},"excerpt":{"rendered":"<p>Cercetare \u00een domeniul \u0219tiin\u021bei spirituale \u2013 Curs la Bucure\u0219ti cu Inessa Burdich Cursul de Cercetare \u00een \u0218tiin\u021ba Spiritual\u0103 este un curs educa\u021bional practic axat \u00een principal pe Medita\u021bia Antroposofic\u0103 \u0219i Cercetarea \u00een \u0218tiin\u021ba Spiritual\u0103. \u00cen ultimii \u0219apte ani, peste 400 de participan\u021bi au urmat cursul, care este \u00een prezent oferit \u00een \u0219ase limbi. Studiul nostru [&hellip;]<\/p>\n","protected":false},"author":2,"featured_media":0,"parent":0,"menu_order":0,"comment_status":"closed","ping_status":"closed","template":"","meta":{"footnotes":""},"class_list":["post-7857","page","type-page","status-publish","hentry"],"translation":{"provider":"WPGlobus","version":"3.0.2","language":"de","enabled_languages":["en","de"],"languages":{"en":{"title":true,"content":true,"excerpt":false},"de":{"title":false,"content":false,"excerpt":false}}},"yoast_head":"<!-- This site is optimized with the Yoast SEO plugin v27.5 - https:\/\/yoast.com\/product\/yoast-seo-wordpress\/ -->\n<title>Spiritual Science Research - Bucharest course - Spiritual Science Research<\/title>\n<meta name=\"robots\" content=\"index, follow, max-snippet:-1, max-image-preview:large, max-video-preview:-1\" \/>\n<link rel=\"canonical\" href=\"https:\/\/spiritual-science-research.com\/spiritual-science-research-bucharest-course\/\" \/>\n<meta property=\"og:locale\" content=\"de_DE\" \/>\n<meta property=\"og:type\" content=\"article\" \/>\n<meta property=\"og:title\" content=\"Spiritual Science Research - Bucharest course - Spiritual Science Research\" \/>\n<meta property=\"og:url\" content=\"https:\/\/spiritual-science-research.com\/spiritual-science-research-bucharest-course\/\" \/>\n<meta property=\"og:site_name\" content=\"Spiritual Science Research\" \/>\n<meta property=\"article:modified_time\" content=\"2026-04-29T16:36:31+00:00\" \/>\n<meta property=\"og:image\" content=\"https:\/\/spiritual-science-research.com\/wp-content\/uploads\/2026\/03\/Screenshot-2026-03-15-at-10.41.12.png\" \/>\n\t<meta property=\"og:image:width\" content=\"1130\" \/>\n\t<meta property=\"og:image:height\" content=\"706\" \/>\n\t<meta property=\"og:image:type\" content=\"image\/png\" \/>\n<meta name=\"twitter:card\" content=\"summary_large_image\" \/>\n<meta name=\"twitter:label1\" content=\"Est. reading time\" \/>\n\t<meta name=\"twitter:data1\" content=\"3 minutes\" \/>\n<script type=\"application\/ld+json\" class=\"yoast-schema-graph\">{\"@context\":\"https:\\\/\\\/schema.org\",\"@graph\":[{\"@type\":\"WebPage\",\"@id\":\"https:\\\/\\\/spiritual-science-research.com\\\/spiritual-science-research-bucharest-course\\\/\",\"url\":\"https:\\\/\\\/spiritual-science-research.com\\\/spiritual-science-research-bucharest-course\\\/\",\"name\":\"Spiritual Science Research - Bucharest course - Spiritual Science Research\",\"isPartOf\":{\"@id\":\"https:\\\/\\\/spiritual-science-research.com\\\/#website\"},\"primaryImageOfPage\":{\"@id\":\"https:\\\/\\\/spiritual-science-research.com\\\/spiritual-science-research-bucharest-course\\\/#primaryimage\"},\"image\":{\"@id\":\"https:\\\/\\\/spiritual-science-research.com\\\/spiritual-science-research-bucharest-course\\\/#primaryimage\"},\"thumbnailUrl\":\"https:\\\/\\\/spiritual-science-research.com\\\/wp-content\\\/uploads\\\/2026\\\/03\\\/Screenshot-2026-03-15-at-10.41.12.png\",\"datePublished\":\"2026-03-14T19:26:42+00:00\",\"dateModified\":\"2026-04-29T16:36:31+00:00\",\"description\":\"% % Cercetare \u00een domeniul \u0219tiin\u021bei spirituale \u2013 Curs la Bucure\u0219ti cu Inessa Burdich Casa Rudolf Steiner Bucure\u0219ti Cursul de Cercetare \u00een \u0218tiin\u021ba Spiritual\u0103 % %\",\"breadcrumb\":{\"@id\":\"https:\\\/\\\/spiritual-science-research.com\\\/spiritual-science-research-bucharest-course\\\/#breadcrumb\"},\"inLanguage\":\"de-DE\",\"potentialAction\":[{\"@type\":\"ReadAction\",\"target\":[\"https:\\\/\\\/spiritual-science-research.com\\\/spiritual-science-research-bucharest-course\\\/\"]}]},{\"@type\":\"ImageObject\",\"inLanguage\":\"de-DE\",\"@id\":\"https:\\\/\\\/spiritual-science-research.com\\\/spiritual-science-research-bucharest-course\\\/#primaryimage\",\"url\":\"https:\\\/\\\/spiritual-science-research.com\\\/wp-content\\\/uploads\\\/2026\\\/03\\\/Screenshot-2026-03-15-at-10.41.12.png\",\"contentUrl\":\"https:\\\/\\\/spiritual-science-research.com\\\/wp-content\\\/uploads\\\/2026\\\/03\\\/Screenshot-2026-03-15-at-10.41.12.png\"},{\"@type\":\"BreadcrumbList\",\"@id\":\"https:\\\/\\\/spiritual-science-research.com\\\/spiritual-science-research-bucharest-course\\\/#breadcrumb\",\"itemListElement\":[{\"@type\":\"ListItem\",\"position\":1,\"name\":\"Home\",\"item\":\"https:\\\/\\\/spiritual-science-research.com\\\/\"},{\"@type\":\"ListItem\",\"position\":2,\"name\":\"Spiritual Science Research &#8211; Bucharest course\"}]},{\"@type\":\"WebSite\",\"@id\":\"https:\\\/\\\/spiritual-science-research.com\\\/#website\",\"url\":\"https:\\\/\\\/spiritual-science-research.com\\\/\",\"name\":\"Spiritual Science Research\",\"description\":\"Learning by doing\",\"publisher\":{\"@id\":\"https:\\\/\\\/spiritual-science-research.com\\\/#organization\"},\"potentialAction\":[{\"@type\":\"SearchAction\",\"target\":{\"@type\":\"EntryPoint\",\"urlTemplate\":\"https:\\\/\\\/spiritual-science-research.com\\\/?s={search_term_string}\"},\"query-input\":{\"@type\":\"PropertyValueSpecification\",\"valueRequired\":true,\"valueName\":\"search_term_string\"}}],\"inLanguage\":\"de-DE\"},{\"@type\":\"Organization\",\"@id\":\"https:\\\/\\\/spiritual-science-research.com\\\/#organization\",\"name\":\"Spiritual Science Research\",\"url\":\"https:\\\/\\\/spiritual-science-research.com\\\/\",\"logo\":{\"@type\":\"ImageObject\",\"inLanguage\":\"de-DE\",\"@id\":\"https:\\\/\\\/spiritual-science-research.com\\\/#\\\/schema\\\/logo\\\/image\\\/\",\"url\":\"https:\\\/\\\/spiritual-science-research.com\\\/wp-content\\\/uploads\\\/2023\\\/05\\\/Group-337.png\",\"contentUrl\":\"https:\\\/\\\/spiritual-science-research.com\\\/wp-content\\\/uploads\\\/2023\\\/05\\\/Group-337.png\",\"width\":400,\"height\":161,\"caption\":\"Spiritual Science Research\"},\"image\":{\"@id\":\"https:\\\/\\\/spiritual-science-research.com\\\/#\\\/schema\\\/logo\\\/image\\\/\"}}]}<\/script>\n<!-- \/ Yoast SEO plugin. -->","yoast_head_json":{"title":"Spiritual Science Research - Bucharest course - Spiritual Science Research","robots":{"index":"index","follow":"follow","max-snippet":"max-snippet:-1","max-image-preview":"max-image-preview:large","max-video-preview":"max-video-preview:-1"},"canonical":"https:\/\/spiritual-science-research.com\/spiritual-science-research-bucharest-course\/","og_locale":"de_DE","og_type":"article","og_title":"Spiritual Science Research - Bucharest course - Spiritual Science Research","og_url":"https:\/\/spiritual-science-research.com\/spiritual-science-research-bucharest-course\/","og_site_name":"Spiritual Science Research","article_modified_time":"2026-04-29T16:36:31+00:00","og_image":[{"width":1130,"height":706,"url":"https:\/\/spiritual-science-research.com\/wp-content\/uploads\/2026\/03\/Screenshot-2026-03-15-at-10.41.12.png","type":"image\/png"}],"twitter_card":"summary_large_image","twitter_misc":{"Est. reading time":"3 minutes"},"schema":{"@context":"https:\/\/schema.org","@graph":[{"@type":"WebPage","@id":"https:\/\/spiritual-science-research.com\/spiritual-science-research-bucharest-course\/","url":"https:\/\/spiritual-science-research.com\/spiritual-science-research-bucharest-course\/","name":"Spiritual Science Research - Bucharest course - Spiritual Science Research","isPartOf":{"@id":"https:\/\/spiritual-science-research.com\/#website"},"primaryImageOfPage":{"@id":"https:\/\/spiritual-science-research.com\/spiritual-science-research-bucharest-course\/#primaryimage"},"image":{"@id":"https:\/\/spiritual-science-research.com\/spiritual-science-research-bucharest-course\/#primaryimage"},"thumbnailUrl":"https:\/\/spiritual-science-research.com\/wp-content\/uploads\/2026\/03\/Screenshot-2026-03-15-at-10.41.12.png","datePublished":"2026-03-14T19:26:42+00:00","dateModified":"2026-04-29T16:36:31+00:00","description":"% % Cercetare \u00een domeniul \u0219tiin\u021bei spirituale \u2013 Curs la Bucure\u0219ti cu Inessa Burdich Casa Rudolf Steiner Bucure\u0219ti Cursul de Cercetare \u00een \u0218tiin\u021ba Spiritual\u0103 % %","breadcrumb":{"@id":"https:\/\/spiritual-science-research.com\/spiritual-science-research-bucharest-course\/#breadcrumb"},"inLanguage":"de-DE","potentialAction":[{"@type":"ReadAction","target":["https:\/\/spiritual-science-research.com\/spiritual-science-research-bucharest-course\/"]}]},{"@type":"ImageObject","inLanguage":"de-DE","@id":"https:\/\/spiritual-science-research.com\/spiritual-science-research-bucharest-course\/#primaryimage","url":"https:\/\/spiritual-science-research.com\/wp-content\/uploads\/2026\/03\/Screenshot-2026-03-15-at-10.41.12.png","contentUrl":"https:\/\/spiritual-science-research.com\/wp-content\/uploads\/2026\/03\/Screenshot-2026-03-15-at-10.41.12.png"},{"@type":"BreadcrumbList","@id":"https:\/\/spiritual-science-research.com\/spiritual-science-research-bucharest-course\/#breadcrumb","itemListElement":[{"@type":"ListItem","position":1,"name":"Home","item":"https:\/\/spiritual-science-research.com\/"},{"@type":"ListItem","position":2,"name":"Spiritual Science Research &#8211; Bucharest course"}]},{"@type":"WebSite","@id":"https:\/\/spiritual-science-research.com\/#website","url":"https:\/\/spiritual-science-research.com\/","name":"Spiritual Science Research","description":"Learning by doing","publisher":{"@id":"https:\/\/spiritual-science-research.com\/#organization"},"potentialAction":[{"@type":"SearchAction","target":{"@type":"EntryPoint","urlTemplate":"https:\/\/spiritual-science-research.com\/?s={search_term_string}"},"query-input":{"@type":"PropertyValueSpecification","valueRequired":true,"valueName":"search_term_string"}}],"inLanguage":"de-DE"},{"@type":"Organization","@id":"https:\/\/spiritual-science-research.com\/#organization","name":"Spiritual Science Research","url":"https:\/\/spiritual-science-research.com\/","logo":{"@type":"ImageObject","inLanguage":"de-DE","@id":"https:\/\/spiritual-science-research.com\/#\/schema\/logo\/image\/","url":"https:\/\/spiritual-science-research.com\/wp-content\/uploads\/2023\/05\/Group-337.png","contentUrl":"https:\/\/spiritual-science-research.com\/wp-content\/uploads\/2023\/05\/Group-337.png","width":400,"height":161,"caption":"Spiritual Science Research"},"image":{"@id":"https:\/\/spiritual-science-research.com\/#\/schema\/logo\/image\/"}}]}},"_links":{"self":[{"href":"https:\/\/spiritual-science-research.com\/de\/wp-json\/wp\/v2\/pages\/7857","targetHints":{"allow":["GET"]}}],"collection":[{"href":"https:\/\/spiritual-science-research.com\/de\/wp-json\/wp\/v2\/pages"}],"about":[{"href":"https:\/\/spiritual-science-research.com\/de\/wp-json\/wp\/v2\/types\/page"}],"author":[{"embeddable":true,"href":"https:\/\/spiritual-science-research.com\/de\/wp-json\/wp\/v2\/users\/2"}],"replies":[{"embeddable":true,"href":"https:\/\/spiritual-science-research.com\/de\/wp-json\/wp\/v2\/comments?post=7857"}],"version-history":[{"count":28,"href":"https:\/\/spiritual-science-research.com\/de\/wp-json\/wp\/v2\/pages\/7857\/revisions"}],"predecessor-version":[{"id":8347,"href":"https:\/\/spiritual-science-research.com\/de\/wp-json\/wp\/v2\/pages\/7857\/revisions\/8347"}],"wp:attachment":[{"href":"https:\/\/spiritual-science-research.com\/de\/wp-json\/wp\/v2\/media?parent=7857"}],"curies":[{"name":"wp","href":"https:\/\/api.w.org\/{rel}","templated":true}]}}