{"id":7845,"date":"2026-03-14T11:11:52","date_gmt":"2026-03-14T11:11:52","guid":{"rendered":"https:\/\/spiritual-science-research.com\/?page_id=7845"},"modified":"2026-03-23T22:24:26","modified_gmt":"2026-03-23T22:24:26","slug":"despre-inessa","status":"publish","type":"page","link":"https:\/\/spiritual-science-research.com\/de\/despre-inessa\/","title":{"rendered":"Despre Inessa"},"content":{"rendered":"\n<p><\/p>\n\n\n\n<figure class=\"wp-block-image size-large is-resized\"><img loading=\"lazy\" decoding=\"async\" width=\"768\" height=\"1024\" src=\"https:\/\/spiritual-science-research.com\/wp-content\/uploads\/2025\/07\/Inessa-768x1024.png\" alt=\"\" class=\"wp-image-6077\" style=\"width:345px\" srcset=\"https:\/\/spiritual-science-research.com\/wp-content\/uploads\/2025\/07\/Inessa-768x1024.png 768w, https:\/\/spiritual-science-research.com\/wp-content\/uploads\/2025\/07\/Inessa-225x300.png 225w, https:\/\/spiritual-science-research.com\/wp-content\/uploads\/2025\/07\/Inessa.png 930w\" sizes=\"auto, (max-width: 768px) 100vw, 768px\" \/><\/figure>\n\n\n\n<h1 class=\"wp-block-heading\">&nbsp;<\/h1>\n\n\n\n<p>Inessa Burdich este cercet\u0103toare \u00een \u0218tiin\u021ba Spiritual\u0103 \u0219i consultant\u0103 terapeutic\u0103 pentru persoane fizice \u0219i organiza\u021bii.<br>Ea este un administrator al trust-ului de cercetare \u0219i educa\u021bie Rudolf Steiner dedicat sprijinirii persoanelor cu nevoi speciale \u0219i conduce cursuri de medita\u021bie antroposofic\u0103 \u0219i percep\u021bie suprasensibil\u0103.<\/p>\n\n\n\n<p>\u221e \u221e \u221e<\/p>\n\n\n\n<p>Dup\u0103 ce a absolvit facultatea de fizic\u0103 (Nanotehnologie), a \u00eenceput o carier\u0103 interna\u021bional\u0103 \u00een afaceri care a durat dou\u0103 decenii (a ob\u021binut \u0219i un MBA). Prima ei pasiune a fost \u0219ahul; a fost juc\u0103toare profesionist\u0103 de \u0219ah \u0219i antrenoare de \u0219ah timp de mai mul\u021bi ani.<\/p>\n\n\n\n<p>A \u00eenceput s\u0103 lucreze ca antrenoare \u00een 1987 \u0219i ca lider de cursuri de medita\u021bie \u0219i dezvoltare personal\u0103 \u00een 1996. A ob\u021binut o diplom\u0103 de master \u00een psihologie (2006); un master \u00een Educa\u021bie Terapeutic\u0103, Marea Britanie (2016); \u0219i doi ani de studii de psihiatrie, Germania (2022).<\/p>\n\n\n\n<p>A practicat medita\u021bia de-a lungul vie\u021bii, de la o v\u00e2rst\u0103 fraged\u0103.<\/p>\n\n\n\n<p>\u221e \u221e \u221e<\/p>\n\n\n\n<p>Principalele sale domenii de activitate sunt:<\/p>\n\n\n\n<p><strong>&#8211;<a href=\"\/research\/\">Cercetarea Practic\u0103 a \u0218tiin\u021bei Spirituale<\/a><\/strong>, \u00een special legat\u0103 de medicina antroposofic\u0103, cuprinde dezvoltarea \u0219i producerea de remedii anticancerigene pe baz\u0103 de v\u00e2sc, precum \u0219i remedii homeopate \u0219i antroposofice; sursele spirituale ale diferitelor boli, inclusiv afec\u021biuni oncologice \u0219i psihiatrice, \u0219i multe alte proiecte diverse de cercetare.<\/p>\n\n\n\n<p>Proiecte de cercetare \u00een colaborare cu organiza\u021bii antroposofice \u0219i de alt\u0103 natur\u0103.<\/p>\n\n\n\n<p>\u221e<\/p>\n\n\n\n<p><strong>&#8211;<a href=\"\/consultancy\/\">Consiliere<\/a><\/strong> pentru organiza\u021bii \u0219i persoane fizice, efectuarea unui audit spiritual al cl\u0103dirilor \u0219i locurilor. Consultan\u021b\u0103 terapeutic\u0103 personal\u0103 \u0219i coaching, sprijin \u0219i promovarea armoniei \u00een func\u021bie de aspira\u021biile tale spirituale.<\/p>\n\n\n\n<p>\u221e<\/p>\n\n\n\n<p><strong>&#8211;<a href=\"\/ssr-about-content\/\">Cercetare \u00een \u0218tiin\u021ba Spiritual\u0103<\/a><\/strong> \u2013 cursuri, prezent\u0103ri \u0219i ateliere despre Medita\u021bia Antroposofic\u0103 \u0219i percep\u021bia suprasensibil\u0103;<\/p>\n\n\n\n<p>\u221e<\/p>\n\n\n\n<p><strong>&#8211;<a href=\"\/christology-in-english\/\">Puterea Luminii lui Hristos<\/a><\/strong> \u2013 ini\u021biativ\u0103 cristologic\u0103 interna\u021bional\u0103. Medita\u021bie pentru P\u0103m\u00e2nt, oameni \u0219i toate fiin\u021bele;<\/p>\n\n\n\n<p>\u221e<\/p>\n\n\n\n<p><strong>&#8211;<a href=\"\/gospel-of-john-study\/\">Evanghelia dup\u0103 Ioan<\/a><\/strong> \u2013 grup de studiu;<\/p>\n\n\n\n<p>\u221e<\/p>\n\n\n\n<p><strong>&#8211;<a href=\"\/anthroposophical-meditation-worldwide\/\">Ini\u021biativa de Medita\u021bie Antroposofic\u0103<\/a><\/strong> \u2013 conferin\u021bele \u201cLiving Connections\u201d \u2013 Ini\u021biativa de Medita\u021bie Goetheanum \u2013 conferin\u021be \u0219i canal video;<\/p>\n\n\n\n<p>\u221e<\/p>\n\n\n\n<p>&#8211;<strong><a href=\"\/knowledge-of-the-higher-worlds\/\">Cunoa\u0219terea Lumilor Superioare<\/a><\/strong> \u00een medita\u021bii \u0219i exerci\u021bii \u2013 ini\u021biativ\u0103 interna\u021bional\u0103 pentru tineri;<\/p>\n\n\n\n<p>\u221e<\/p>\n\n\n\n<p>&#8211;<strong><a href=\"\/spirit-self-lab\/\">Laboratorul \u201cSinele Spiritual\u201d(Spirit Self)<\/a><\/strong> \u2013 grup de studiu.<\/p>\n\n\n\n<p>\u221e<\/p>\n\n\n\n<figure class=\"wp-block-image size-large\"><img loading=\"lazy\" decoding=\"async\" width=\"1024\" height=\"520\" src=\"https:\/\/spiritual-science-research.com\/wp-content\/uploads\/2025\/03\/Screenshot-2025-03-20-at-23.55.33-1024x520.png\" alt=\"\" class=\"wp-image-4788\" srcset=\"https:\/\/spiritual-science-research.com\/wp-content\/uploads\/2025\/03\/Screenshot-2025-03-20-at-23.55.33-1024x520.png 1024w, https:\/\/spiritual-science-research.com\/wp-content\/uploads\/2025\/03\/Screenshot-2025-03-20-at-23.55.33-300x152.png 300w, https:\/\/spiritual-science-research.com\/wp-content\/uploads\/2025\/03\/Screenshot-2025-03-20-at-23.55.33-768x390.png 768w, https:\/\/spiritual-science-research.com\/wp-content\/uploads\/2025\/03\/Screenshot-2025-03-20-at-23.55.33-1536x780.png 1536w, https:\/\/spiritual-science-research.com\/wp-content\/uploads\/2025\/03\/Screenshot-2025-03-20-at-23.55.33-2048x1041.png 2048w\" sizes=\"auto, (max-width: 1024px) 100vw, 1024px\" \/><\/figure>\n","protected":false},"excerpt":{"rendered":"<p>&nbsp; Inessa Burdich este cercet\u0103toare \u00een \u0218tiin\u021ba Spiritual\u0103 \u0219i consultant\u0103 terapeutic\u0103 pentru persoane fizice \u0219i organiza\u021bii.Ea este un administrator al trust-ului de cercetare \u0219i educa\u021bie Rudolf Steiner dedicat sprijinirii persoanelor cu nevoi speciale \u0219i conduce cursuri de medita\u021bie antroposofic\u0103 \u0219i percep\u021bie suprasensibil\u0103. \u221e \u221e \u221e Dup\u0103 ce a absolvit facultatea de fizic\u0103 (Nanotehnologie), a \u00eenceput [&hellip;]<\/p>\n","protected":false},"author":2,"featured_media":0,"parent":0,"menu_order":0,"comment_status":"closed","ping_status":"closed","template":"","meta":{"footnotes":""},"class_list":["post-7845","page","type-page","status-publish","hentry"],"translation":{"provider":"WPGlobus","version":"3.0.2","language":"de","enabled_languages":["en","de"],"languages":{"en":{"title":true,"content":true,"excerpt":false},"de":{"title":false,"content":false,"excerpt":false}}},"yoast_head":"<!-- This site is optimized with the Yoast SEO plugin v27.5 - https:\/\/yoast.com\/product\/yoast-seo-wordpress\/ -->\n<title>Despre Inessa - Spiritual Science Research<\/title>\n<meta name=\"robots\" content=\"index, follow, max-snippet:-1, max-image-preview:large, max-video-preview:-1\" \/>\n<link rel=\"canonical\" href=\"https:\/\/spiritual-science-research.com\/despre-inessa\/\" \/>\n<meta property=\"og:locale\" content=\"de_DE\" \/>\n<meta property=\"og:type\" content=\"article\" \/>\n<meta property=\"og:title\" content=\"Despre Inessa - Spiritual Science Research\" \/>\n<meta property=\"og:url\" content=\"https:\/\/spiritual-science-research.com\/despre-inessa\/\" \/>\n<meta property=\"og:site_name\" content=\"Spiritual Science Research\" \/>\n<meta property=\"article:modified_time\" content=\"2026-03-23T22:24:26+00:00\" \/>\n<meta property=\"og:image\" content=\"https:\/\/spiritual-science-research.com\/wp-content\/uploads\/2025\/07\/Inessa-768x1024.png\" \/>\n\t<meta property=\"og:image:width\" content=\"768\" \/>\n\t<meta property=\"og:image:height\" content=\"1024\" \/>\n\t<meta property=\"og:image:type\" content=\"image\/png\" \/>\n<meta name=\"twitter:card\" content=\"summary_large_image\" \/>\n<meta name=\"twitter:label1\" content=\"Est. reading time\" \/>\n\t<meta name=\"twitter:data1\" content=\"2 minutes\" \/>\n<script type=\"application\/ld+json\" class=\"yoast-schema-graph\">{\"@context\":\"https:\\\/\\\/schema.org\",\"@graph\":[{\"@type\":\"WebPage\",\"@id\":\"https:\\\/\\\/spiritual-science-research.com\\\/despre-inessa\\\/\",\"url\":\"https:\\\/\\\/spiritual-science-research.com\\\/despre-inessa\\\/\",\"name\":\"Despre Inessa - Spiritual Science Research\",\"isPartOf\":{\"@id\":\"https:\\\/\\\/spiritual-science-research.com\\\/#website\"},\"primaryImageOfPage\":{\"@id\":\"https:\\\/\\\/spiritual-science-research.com\\\/despre-inessa\\\/#primaryimage\"},\"image\":{\"@id\":\"https:\\\/\\\/spiritual-science-research.com\\\/despre-inessa\\\/#primaryimage\"},\"thumbnailUrl\":\"https:\\\/\\\/spiritual-science-research.com\\\/wp-content\\\/uploads\\\/2025\\\/07\\\/Inessa-768x1024.png\",\"datePublished\":\"2026-03-14T11:11:52+00:00\",\"dateModified\":\"2026-03-23T22:24:26+00:00\",\"description\":\"% % &nbsp; Inessa Burdich este cercet\u0103toare \u00een \u0218tiin\u021ba Spiritual\u0103 \u0219i consultant\u0103 terapeutic\u0103 pentru persoane fizice \u0219i organiza\u021bii.Ea este un administrator al % %\",\"breadcrumb\":{\"@id\":\"https:\\\/\\\/spiritual-science-research.com\\\/despre-inessa\\\/#breadcrumb\"},\"inLanguage\":\"de-DE\",\"potentialAction\":[{\"@type\":\"ReadAction\",\"target\":[\"https:\\\/\\\/spiritual-science-research.com\\\/despre-inessa\\\/\"]}]},{\"@type\":\"ImageObject\",\"inLanguage\":\"de-DE\",\"@id\":\"https:\\\/\\\/spiritual-science-research.com\\\/despre-inessa\\\/#primaryimage\",\"url\":\"https:\\\/\\\/spiritual-science-research.com\\\/wp-content\\\/uploads\\\/2025\\\/07\\\/Inessa-768x1024.png\",\"contentUrl\":\"https:\\\/\\\/spiritual-science-research.com\\\/wp-content\\\/uploads\\\/2025\\\/07\\\/Inessa-768x1024.png\"},{\"@type\":\"BreadcrumbList\",\"@id\":\"https:\\\/\\\/spiritual-science-research.com\\\/despre-inessa\\\/#breadcrumb\",\"itemListElement\":[{\"@type\":\"ListItem\",\"position\":1,\"name\":\"Home\",\"item\":\"https:\\\/\\\/spiritual-science-research.com\\\/\"},{\"@type\":\"ListItem\",\"position\":2,\"name\":\"Despre Inessa\"}]},{\"@type\":\"WebSite\",\"@id\":\"https:\\\/\\\/spiritual-science-research.com\\\/#website\",\"url\":\"https:\\\/\\\/spiritual-science-research.com\\\/\",\"name\":\"Spiritual Science Research\",\"description\":\"Learning by doing\",\"publisher\":{\"@id\":\"https:\\\/\\\/spiritual-science-research.com\\\/#organization\"},\"potentialAction\":[{\"@type\":\"SearchAction\",\"target\":{\"@type\":\"EntryPoint\",\"urlTemplate\":\"https:\\\/\\\/spiritual-science-research.com\\\/?s={search_term_string}\"},\"query-input\":{\"@type\":\"PropertyValueSpecification\",\"valueRequired\":true,\"valueName\":\"search_term_string\"}}],\"inLanguage\":\"de-DE\"},{\"@type\":\"Organization\",\"@id\":\"https:\\\/\\\/spiritual-science-research.com\\\/#organization\",\"name\":\"Spiritual Science Research\",\"url\":\"https:\\\/\\\/spiritual-science-research.com\\\/\",\"logo\":{\"@type\":\"ImageObject\",\"inLanguage\":\"de-DE\",\"@id\":\"https:\\\/\\\/spiritual-science-research.com\\\/#\\\/schema\\\/logo\\\/image\\\/\",\"url\":\"https:\\\/\\\/spiritual-science-research.com\\\/wp-content\\\/uploads\\\/2023\\\/05\\\/Group-337.png\",\"contentUrl\":\"https:\\\/\\\/spiritual-science-research.com\\\/wp-content\\\/uploads\\\/2023\\\/05\\\/Group-337.png\",\"width\":400,\"height\":161,\"caption\":\"Spiritual Science Research\"},\"image\":{\"@id\":\"https:\\\/\\\/spiritual-science-research.com\\\/#\\\/schema\\\/logo\\\/image\\\/\"}}]}<\/script>\n<!-- \/ Yoast SEO plugin. -->","yoast_head_json":{"title":"Despre Inessa - Spiritual Science Research","robots":{"index":"index","follow":"follow","max-snippet":"max-snippet:-1","max-image-preview":"max-image-preview:large","max-video-preview":"max-video-preview:-1"},"canonical":"https:\/\/spiritual-science-research.com\/despre-inessa\/","og_locale":"de_DE","og_type":"article","og_title":"Despre Inessa - Spiritual Science Research","og_url":"https:\/\/spiritual-science-research.com\/despre-inessa\/","og_site_name":"Spiritual Science Research","article_modified_time":"2026-03-23T22:24:26+00:00","og_image":[{"width":768,"height":1024,"url":"https:\/\/spiritual-science-research.com\/wp-content\/uploads\/2025\/07\/Inessa-768x1024.png","type":"image\/png"}],"twitter_card":"summary_large_image","twitter_misc":{"Est. reading time":"2 minutes"},"schema":{"@context":"https:\/\/schema.org","@graph":[{"@type":"WebPage","@id":"https:\/\/spiritual-science-research.com\/despre-inessa\/","url":"https:\/\/spiritual-science-research.com\/despre-inessa\/","name":"Despre Inessa - Spiritual Science Research","isPartOf":{"@id":"https:\/\/spiritual-science-research.com\/#website"},"primaryImageOfPage":{"@id":"https:\/\/spiritual-science-research.com\/despre-inessa\/#primaryimage"},"image":{"@id":"https:\/\/spiritual-science-research.com\/despre-inessa\/#primaryimage"},"thumbnailUrl":"https:\/\/spiritual-science-research.com\/wp-content\/uploads\/2025\/07\/Inessa-768x1024.png","datePublished":"2026-03-14T11:11:52+00:00","dateModified":"2026-03-23T22:24:26+00:00","description":"% % &nbsp; Inessa Burdich este cercet\u0103toare \u00een \u0218tiin\u021ba Spiritual\u0103 \u0219i consultant\u0103 terapeutic\u0103 pentru persoane fizice \u0219i organiza\u021bii.Ea este un administrator al % %","breadcrumb":{"@id":"https:\/\/spiritual-science-research.com\/despre-inessa\/#breadcrumb"},"inLanguage":"de-DE","potentialAction":[{"@type":"ReadAction","target":["https:\/\/spiritual-science-research.com\/despre-inessa\/"]}]},{"@type":"ImageObject","inLanguage":"de-DE","@id":"https:\/\/spiritual-science-research.com\/despre-inessa\/#primaryimage","url":"https:\/\/spiritual-science-research.com\/wp-content\/uploads\/2025\/07\/Inessa-768x1024.png","contentUrl":"https:\/\/spiritual-science-research.com\/wp-content\/uploads\/2025\/07\/Inessa-768x1024.png"},{"@type":"BreadcrumbList","@id":"https:\/\/spiritual-science-research.com\/despre-inessa\/#breadcrumb","itemListElement":[{"@type":"ListItem","position":1,"name":"Home","item":"https:\/\/spiritual-science-research.com\/"},{"@type":"ListItem","position":2,"name":"Despre Inessa"}]},{"@type":"WebSite","@id":"https:\/\/spiritual-science-research.com\/#website","url":"https:\/\/spiritual-science-research.com\/","name":"Spiritual Science Research","description":"Learning by doing","publisher":{"@id":"https:\/\/spiritual-science-research.com\/#organization"},"potentialAction":[{"@type":"SearchAction","target":{"@type":"EntryPoint","urlTemplate":"https:\/\/spiritual-science-research.com\/?s={search_term_string}"},"query-input":{"@type":"PropertyValueSpecification","valueRequired":true,"valueName":"search_term_string"}}],"inLanguage":"de-DE"},{"@type":"Organization","@id":"https:\/\/spiritual-science-research.com\/#organization","name":"Spiritual Science Research","url":"https:\/\/spiritual-science-research.com\/","logo":{"@type":"ImageObject","inLanguage":"de-DE","@id":"https:\/\/spiritual-science-research.com\/#\/schema\/logo\/image\/","url":"https:\/\/spiritual-science-research.com\/wp-content\/uploads\/2023\/05\/Group-337.png","contentUrl":"https:\/\/spiritual-science-research.com\/wp-content\/uploads\/2023\/05\/Group-337.png","width":400,"height":161,"caption":"Spiritual Science Research"},"image":{"@id":"https:\/\/spiritual-science-research.com\/#\/schema\/logo\/image\/"}}]}},"_links":{"self":[{"href":"https:\/\/spiritual-science-research.com\/de\/wp-json\/wp\/v2\/pages\/7845","targetHints":{"allow":["GET"]}}],"collection":[{"href":"https:\/\/spiritual-science-research.com\/de\/wp-json\/wp\/v2\/pages"}],"about":[{"href":"https:\/\/spiritual-science-research.com\/de\/wp-json\/wp\/v2\/types\/page"}],"author":[{"embeddable":true,"href":"https:\/\/spiritual-science-research.com\/de\/wp-json\/wp\/v2\/users\/2"}],"replies":[{"embeddable":true,"href":"https:\/\/spiritual-science-research.com\/de\/wp-json\/wp\/v2\/comments?post=7845"}],"version-history":[{"count":6,"href":"https:\/\/spiritual-science-research.com\/de\/wp-json\/wp\/v2\/pages\/7845\/revisions"}],"predecessor-version":[{"id":8146,"href":"https:\/\/spiritual-science-research.com\/de\/wp-json\/wp\/v2\/pages\/7845\/revisions\/8146"}],"wp:attachment":[{"href":"https:\/\/spiritual-science-research.com\/de\/wp-json\/wp\/v2\/media?parent=7845"}],"curies":[{"name":"wp","href":"https:\/\/api.w.org\/{rel}","templated":true}]}}