{"id":78,"date":"2022-12-11T10:00:28","date_gmt":"2022-12-11T10:00:28","guid":{"rendered":"http:\/\/spiritual-science-research.com\/?page_id=78"},"modified":"2026-02-06T17:56:44","modified_gmt":"2026-02-06T17:56:44","slug":"rss-london","status":"publish","type":"page","link":"https:\/\/spiritual-science-research.com\/de\/rss-london\/","title":{"rendered":"Rudolf Steiner Haus &#8211; London, UK"},"content":{"rendered":"\n<p>Inessa gibt regelm\u00e4\u00dfig Vortr\u00e4ge und Workshops in<br>Rudolf Steiner Haus, 35 Park Road, London, NW1 6XT.<\/p>\n\n\n\n<p id=\"block-1ba90191-5103-49a2-92d8-c34501b0f8c9\">Die n\u00e4chste Veranstaltung ist:<\/p>\n\n\n\n<blockquote class=\"wp-block-quote is-layout-flow wp-block-quote-is-layout-flow\">\n<p id=\"block-3fadcd24-35c3-43de-97a2-7267e090815a\"><strong><em>Strukturen und Gemeinschaften der h\u00f6heren Welten<\/em><\/strong><\/p>\n<\/blockquote>\n\n\n\n<p id=\"block-5620e061-3ef6-4974-805f-0e896200b3ff\"><br>Gespr\u00e4ch mit Inessa Burdich.<\/p>\n\n\n\n<p id=\"block-02911c33-9749-47e7-bf39-4ae79f78dd06\"><br>Donnerstag, 23. Februar 2023, 19 Uhr<\/p>\n\n\n\n<p>Menschliche Seelen in den geistigen Welten k\u00f6nnen hoch entwickelt und in Gruppen organisiert sein, um uns, die wir gegenw\u00e4rtig inkarniert sind, zu unterst\u00fctzen. Diese geistigen Gemeinschaften sind mit pr\u00e4zisen Regeln, klaren Strukturen und einer ausgepr\u00e4gten Geometrie auf verschiedenen geistigen Ebenen aufgebaut. Sie halten das Wissen aufrecht und k\u00f6nnen sich mit Gruppen von inkarnierten Menschen verbinden, die die gleichen geistigen Ziele verfolgen.<\/p>\n\n\n\n<p>Aus der direkten \u00fcbersinnlichen Wahrnehmung heraus werden die Gesetze und Strukturen dieser Bruderschaften beschrieben sowie die Prinzipien des spirituellen Gemeinschaftsaufbaus. Wie k\u00f6nnen wir in speziellen Meditationen, in bewussten Tr\u00e4umen oder in der Zeit zwischen den Inkarnationen aktiv werden, um uns mit solchen Gemeinschaften zu verbinden und sie zu unterst\u00fctzen?<\/p>\n\n\n\n<p id=\"block-4ea712c5-058a-4a6e-b84c-a860013c0250\">\u221e \u221e \u221e<\/p>\n\n\n\n<p id=\"block-8cf975f2-b985-497f-b6d6-1d7a55dc33f0\">Website des Rudolf Steiner Hauses: <a href=\"https:\/\/www.rsh.anth.org.uk\" target=\"_blank\" rel=\"noreferrer noopener\">https:\/\/www.rsh.anth.org.uk<\/a><\/p>\n\n\n\n<p><\/p>\n\n\n\n<figure class=\"wp-block-image size-full\"><img loading=\"lazy\" decoding=\"async\" width=\"2242\" height=\"1492\" src=\"https:\/\/spiritual-science-research.com\/wp-content\/uploads\/2023\/07\/Screenshot-2023-07-05-at-22.34.57.png\" alt=\"\" class=\"wp-image-2304\" srcset=\"https:\/\/spiritual-science-research.com\/wp-content\/uploads\/2023\/07\/Screenshot-2023-07-05-at-22.34.57.png 2242w, https:\/\/spiritual-science-research.com\/wp-content\/uploads\/2023\/07\/Screenshot-2023-07-05-at-22.34.57-300x200.png 300w, https:\/\/spiritual-science-research.com\/wp-content\/uploads\/2023\/07\/Screenshot-2023-07-05-at-22.34.57-1024x681.png 1024w, https:\/\/spiritual-science-research.com\/wp-content\/uploads\/2023\/07\/Screenshot-2023-07-05-at-22.34.57-768x511.png 768w, https:\/\/spiritual-science-research.com\/wp-content\/uploads\/2023\/07\/Screenshot-2023-07-05-at-22.34.57-1536x1022.png 1536w, https:\/\/spiritual-science-research.com\/wp-content\/uploads\/2023\/07\/Screenshot-2023-07-05-at-22.34.57-2048x1363.png 2048w\" sizes=\"auto, (max-width: 2242px) 100vw, 2242px\" \/><figcaption class=\"wp-element-caption\">Rudolf Steiner House \u2013 London, VK<\/figcaption><\/figure>\n\n\n\n<p><\/p>\n","protected":false},"excerpt":{"rendered":"<p>Inessa gibt regelm\u00e4\u00dfig Vortr\u00e4ge und Workshops inRudolf Steiner Haus, 35 Park Road, London, NW1 6XT. Die n\u00e4chste Veranstaltung ist: Strukturen und Gemeinschaften der h\u00f6heren Welten Gespr\u00e4ch mit Inessa Burdich. Donnerstag, 23. Februar 2023, 19 Uhr Menschliche Seelen in den geistigen Welten k\u00f6nnen hoch entwickelt und in Gruppen organisiert sein, um uns, die wir gegenw\u00e4rtig inkarniert [&hellip;]<\/p>\n","protected":false},"author":2,"featured_media":0,"parent":0,"menu_order":0,"comment_status":"closed","ping_status":"closed","template":"","meta":{"footnotes":""},"class_list":["post-78","page","type-page","status-publish","hentry"],"translation":{"provider":"WPGlobus","version":"3.0.2","language":"de","enabled_languages":["en","de"],"languages":{"en":{"title":true,"content":true,"excerpt":false},"de":{"title":true,"content":true,"excerpt":false}}},"yoast_head":"<!-- This site is optimized with the Yoast SEO plugin v27.5 - https:\/\/yoast.com\/product\/yoast-seo-wordpress\/ -->\n<title>Rudolf Steiner Haus - London, UK - Spiritual Science Research<\/title>\n<meta name=\"robots\" content=\"index, follow, max-snippet:-1, max-image-preview:large, max-video-preview:-1\" \/>\n<link rel=\"canonical\" href=\"https:\/\/spiritual-science-research.com\/rss-london\/\" \/>\n<meta property=\"og:locale\" content=\"de_DE\" \/>\n<meta property=\"og:type\" content=\"article\" \/>\n<meta property=\"og:title\" content=\"Rudolf Steiner Haus - London, UK - Spiritual Science Research\" \/>\n<meta property=\"og:url\" content=\"https:\/\/spiritual-science-research.com\/rss-london\/\" \/>\n<meta property=\"og:site_name\" content=\"Spiritual Science Research\" \/>\n<meta property=\"article:modified_time\" content=\"2026-02-06T17:56:44+00:00\" \/>\n<meta property=\"og:image\" content=\"https:\/\/spiritual-science-research.com\/wp-content\/uploads\/2023\/07\/Screenshot-2023-07-05-at-22.34.57-1024x681.png\" \/>\n\t<meta property=\"og:image:width\" content=\"1024\" \/>\n\t<meta property=\"og:image:height\" content=\"681\" \/>\n\t<meta property=\"og:image:type\" content=\"image\/png\" \/>\n<meta name=\"twitter:card\" content=\"summary_large_image\" \/>\n<meta name=\"twitter:label1\" content=\"Est. reading time\" \/>\n\t<meta name=\"twitter:data1\" content=\"1 minute\" \/>\n<script type=\"application\/ld+json\" class=\"yoast-schema-graph\">{\"@context\":\"https:\\\/\\\/schema.org\",\"@graph\":[{\"@type\":\"WebPage\",\"@id\":\"https:\\\/\\\/spiritual-science-research.com\\\/rss-london\\\/\",\"url\":\"https:\\\/\\\/spiritual-science-research.com\\\/rss-london\\\/\",\"name\":\"Rudolf Steiner Haus - London, UK - Spiritual Science Research\",\"isPartOf\":{\"@id\":\"https:\\\/\\\/spiritual-science-research.com\\\/#website\"},\"primaryImageOfPage\":{\"@id\":\"https:\\\/\\\/spiritual-science-research.com\\\/rss-london\\\/#primaryimage\"},\"image\":{\"@id\":\"https:\\\/\\\/spiritual-science-research.com\\\/rss-london\\\/#primaryimage\"},\"thumbnailUrl\":\"https:\\\/\\\/spiritual-science-research.com\\\/wp-content\\\/uploads\\\/2023\\\/07\\\/Screenshot-2023-07-05-at-22.34.57-1024x681.png\",\"datePublished\":\"2022-12-11T10:00:28+00:00\",\"dateModified\":\"2026-02-06T17:56:44+00:00\",\"description\":\"% % {:en} Inessa regularly gives talks and workshops inRudolf Steiner House, 35 Park Road, London, NW1 6XT. The next event is: Structures and Communities of % %\",\"breadcrumb\":{\"@id\":\"https:\\\/\\\/spiritual-science-research.com\\\/rss-london\\\/#breadcrumb\"},\"inLanguage\":\"de-DE\",\"potentialAction\":[{\"@type\":\"ReadAction\",\"target\":[\"https:\\\/\\\/spiritual-science-research.com\\\/rss-london\\\/\"]}]},{\"@type\":\"ImageObject\",\"inLanguage\":\"de-DE\",\"@id\":\"https:\\\/\\\/spiritual-science-research.com\\\/rss-london\\\/#primaryimage\",\"url\":\"https:\\\/\\\/spiritual-science-research.com\\\/wp-content\\\/uploads\\\/2023\\\/07\\\/Screenshot-2023-07-05-at-22.34.57-1024x681.png\",\"contentUrl\":\"https:\\\/\\\/spiritual-science-research.com\\\/wp-content\\\/uploads\\\/2023\\\/07\\\/Screenshot-2023-07-05-at-22.34.57-1024x681.png\"},{\"@type\":\"BreadcrumbList\",\"@id\":\"https:\\\/\\\/spiritual-science-research.com\\\/rss-london\\\/#breadcrumb\",\"itemListElement\":[{\"@type\":\"ListItem\",\"position\":1,\"name\":\"Home\",\"item\":\"https:\\\/\\\/spiritual-science-research.com\\\/\"},{\"@type\":\"ListItem\",\"position\":2,\"name\":\"Rudolf Steiner House \u2013 London, UK\"}]},{\"@type\":\"WebSite\",\"@id\":\"https:\\\/\\\/spiritual-science-research.com\\\/#website\",\"url\":\"https:\\\/\\\/spiritual-science-research.com\\\/\",\"name\":\"Spiritual Science Research\",\"description\":\"Learning by doing\",\"publisher\":{\"@id\":\"https:\\\/\\\/spiritual-science-research.com\\\/#organization\"},\"potentialAction\":[{\"@type\":\"SearchAction\",\"target\":{\"@type\":\"EntryPoint\",\"urlTemplate\":\"https:\\\/\\\/spiritual-science-research.com\\\/?s={search_term_string}\"},\"query-input\":{\"@type\":\"PropertyValueSpecification\",\"valueRequired\":true,\"valueName\":\"search_term_string\"}}],\"inLanguage\":\"de-DE\"},{\"@type\":\"Organization\",\"@id\":\"https:\\\/\\\/spiritual-science-research.com\\\/#organization\",\"name\":\"Spiritual Science Research\",\"url\":\"https:\\\/\\\/spiritual-science-research.com\\\/\",\"logo\":{\"@type\":\"ImageObject\",\"inLanguage\":\"de-DE\",\"@id\":\"https:\\\/\\\/spiritual-science-research.com\\\/#\\\/schema\\\/logo\\\/image\\\/\",\"url\":\"https:\\\/\\\/spiritual-science-research.com\\\/wp-content\\\/uploads\\\/2023\\\/05\\\/Group-337.png\",\"contentUrl\":\"https:\\\/\\\/spiritual-science-research.com\\\/wp-content\\\/uploads\\\/2023\\\/05\\\/Group-337.png\",\"width\":400,\"height\":161,\"caption\":\"Spiritual Science Research\"},\"image\":{\"@id\":\"https:\\\/\\\/spiritual-science-research.com\\\/#\\\/schema\\\/logo\\\/image\\\/\"}}]}<\/script>\n<!-- \/ Yoast SEO plugin. -->","yoast_head_json":{"title":"Rudolf Steiner Haus - London, UK - Spiritual Science Research","robots":{"index":"index","follow":"follow","max-snippet":"max-snippet:-1","max-image-preview":"max-image-preview:large","max-video-preview":"max-video-preview:-1"},"canonical":"https:\/\/spiritual-science-research.com\/rss-london\/","og_locale":"de_DE","og_type":"article","og_title":"Rudolf Steiner Haus - London, UK - Spiritual Science Research","og_url":"https:\/\/spiritual-science-research.com\/rss-london\/","og_site_name":"Spiritual Science Research","article_modified_time":"2026-02-06T17:56:44+00:00","og_image":[{"width":1024,"height":681,"url":"https:\/\/spiritual-science-research.com\/wp-content\/uploads\/2023\/07\/Screenshot-2023-07-05-at-22.34.57-1024x681.png","type":"image\/png"}],"twitter_card":"summary_large_image","twitter_misc":{"Est. reading time":"1 minute"},"schema":{"@context":"https:\/\/schema.org","@graph":[{"@type":"WebPage","@id":"https:\/\/spiritual-science-research.com\/rss-london\/","url":"https:\/\/spiritual-science-research.com\/rss-london\/","name":"Rudolf Steiner Haus - London, UK - Spiritual Science Research","isPartOf":{"@id":"https:\/\/spiritual-science-research.com\/#website"},"primaryImageOfPage":{"@id":"https:\/\/spiritual-science-research.com\/rss-london\/#primaryimage"},"image":{"@id":"https:\/\/spiritual-science-research.com\/rss-london\/#primaryimage"},"thumbnailUrl":"https:\/\/spiritual-science-research.com\/wp-content\/uploads\/2023\/07\/Screenshot-2023-07-05-at-22.34.57-1024x681.png","datePublished":"2022-12-11T10:00:28+00:00","dateModified":"2026-02-06T17:56:44+00:00","description":"% % {:en} Inessa regularly gives talks and workshops inRudolf Steiner House, 35 Park Road, London, NW1 6XT. The next event is: Structures and Communities of % %","breadcrumb":{"@id":"https:\/\/spiritual-science-research.com\/rss-london\/#breadcrumb"},"inLanguage":"de-DE","potentialAction":[{"@type":"ReadAction","target":["https:\/\/spiritual-science-research.com\/rss-london\/"]}]},{"@type":"ImageObject","inLanguage":"de-DE","@id":"https:\/\/spiritual-science-research.com\/rss-london\/#primaryimage","url":"https:\/\/spiritual-science-research.com\/wp-content\/uploads\/2023\/07\/Screenshot-2023-07-05-at-22.34.57-1024x681.png","contentUrl":"https:\/\/spiritual-science-research.com\/wp-content\/uploads\/2023\/07\/Screenshot-2023-07-05-at-22.34.57-1024x681.png"},{"@type":"BreadcrumbList","@id":"https:\/\/spiritual-science-research.com\/rss-london\/#breadcrumb","itemListElement":[{"@type":"ListItem","position":1,"name":"Home","item":"https:\/\/spiritual-science-research.com\/"},{"@type":"ListItem","position":2,"name":"Rudolf Steiner House \u2013 London, UK"}]},{"@type":"WebSite","@id":"https:\/\/spiritual-science-research.com\/#website","url":"https:\/\/spiritual-science-research.com\/","name":"Spiritual Science Research","description":"Learning by doing","publisher":{"@id":"https:\/\/spiritual-science-research.com\/#organization"},"potentialAction":[{"@type":"SearchAction","target":{"@type":"EntryPoint","urlTemplate":"https:\/\/spiritual-science-research.com\/?s={search_term_string}"},"query-input":{"@type":"PropertyValueSpecification","valueRequired":true,"valueName":"search_term_string"}}],"inLanguage":"de-DE"},{"@type":"Organization","@id":"https:\/\/spiritual-science-research.com\/#organization","name":"Spiritual Science Research","url":"https:\/\/spiritual-science-research.com\/","logo":{"@type":"ImageObject","inLanguage":"de-DE","@id":"https:\/\/spiritual-science-research.com\/#\/schema\/logo\/image\/","url":"https:\/\/spiritual-science-research.com\/wp-content\/uploads\/2023\/05\/Group-337.png","contentUrl":"https:\/\/spiritual-science-research.com\/wp-content\/uploads\/2023\/05\/Group-337.png","width":400,"height":161,"caption":"Spiritual Science Research"},"image":{"@id":"https:\/\/spiritual-science-research.com\/#\/schema\/logo\/image\/"}}]}},"_links":{"self":[{"href":"https:\/\/spiritual-science-research.com\/de\/wp-json\/wp\/v2\/pages\/78","targetHints":{"allow":["GET"]}}],"collection":[{"href":"https:\/\/spiritual-science-research.com\/de\/wp-json\/wp\/v2\/pages"}],"about":[{"href":"https:\/\/spiritual-science-research.com\/de\/wp-json\/wp\/v2\/types\/page"}],"author":[{"embeddable":true,"href":"https:\/\/spiritual-science-research.com\/de\/wp-json\/wp\/v2\/users\/2"}],"replies":[{"embeddable":true,"href":"https:\/\/spiritual-science-research.com\/de\/wp-json\/wp\/v2\/comments?post=78"}],"version-history":[{"count":21,"href":"https:\/\/spiritual-science-research.com\/de\/wp-json\/wp\/v2\/pages\/78\/revisions"}],"predecessor-version":[{"id":7685,"href":"https:\/\/spiritual-science-research.com\/de\/wp-json\/wp\/v2\/pages\/78\/revisions\/7685"}],"wp:attachment":[{"href":"https:\/\/spiritual-science-research.com\/de\/wp-json\/wp\/v2\/media?parent=78"}],"curies":[{"name":"wp","href":"https:\/\/api.w.org\/{rel}","templated":true}]}}