{"id":74,"date":"2022-12-11T10:00:46","date_gmt":"2022-12-11T10:00:46","guid":{"rendered":"http:\/\/spiritual-science-research.com\/?page_id=74"},"modified":"2026-04-21T08:51:02","modified_gmt":"2026-04-21T08:51:02","slug":"rss-emerson-college-uk","status":"publish","type":"page","link":"https:\/\/spiritual-science-research.com\/de\/rss-emerson-college-uk\/","title":{"rendered":"Geisteswissenschaftliche Forschung &#8211; Emerson College, UK"},"content":{"rendered":"\n<p>Eine Reise der inneren spirituellen Entwicklung und &#8220;Learning by Doing&#8221; &#8211;<\/p>\n\n\n\n<p>Research in Spiritual Science (RSS) Kurs findet am Emerson College, Forest Row, UK statt<\/p>\n\n\n\n<p>mit Inessa Burdich statt.<\/p>\n\n\n\n<p>Dieser erfahrungsorientierte Kurs spricht die innere Sehnsucht an, die viele von uns auf der Suche nach spiritueller Wahrheit und dem Verst\u00e4ndnis unserer Mission hier auf der Erde versp\u00fcren. Der auf der Geisteswissenschaft basierende Weg der Selbstentwicklung, der in diesem Kurs vorgestellt wird, konzentriert sich auf die St\u00e4rkung des &#8220;Ichs&#8221; (des Selbstbewusstseins) als Grundlage aller spirituellen Arbeit mit Schwerpunkt auf klarem Denken, Verfeinerung der Gef\u00fchle und St\u00e4rkung des Willens.<\/p>\n\n\n\n<p>Die methodischen und theoretischen Aspekte werden in den Vortr\u00e4gen beschrieben. In der Reihe der Themen-Workshops werden die Themen der Vortr\u00e4ge durch Erfahrungs\u00fcbungen vertieft und angewendet. Jeder Workshop besteht aus praktischen Meditations- und Wahrnehmungs\u00fcbungen und einer Diskussion \u00fcber die angewandten Methoden.<\/p>\n\n\n\n<p>Der Kurs richtet sich an Menschen, die einen spirituellen Weg suchen oder bereits eingeschlagen haben und bewusst an ihrer inneren Entwicklung arbeiten wollen.<\/p>\n\n\n\n<p>Bitte beachten Sie: Alle Vortr\u00e4ge und Workshops beruhen auf direkten \u00fcbersinnlichen Beobachtungen einer gro\u00dfen Anzahl von Menschen.<\/p>\n\n\n\n<p id=\"block-fdbbacfd-b421-4afc-b630-032e05d7c182\">Mehr \u00fcber den Inhalt des RSS-Kurses finden Sie <a href=\"\/de\/ssr-about-content\/\">hier<\/a>.<\/p>\n\n\n\n<p id=\"block-245e32f2-9d11-4df1-af99-d975e9846f80\">Die Termine f\u00fcr den Kurs im Jahr 2023 und die Themen der kombinierten Vortr\u00e4ge und Workshops sind unten aufgef\u00fchrt. Jedes Wochenende umfasst Abendvortr\u00e4ge und Tagesworkshops.<\/p>\n\n\n\n<p id=\"block-9b423440-4dbd-4dc8-91b0-808469d9f61d\">\u221e \u221e \u221e<\/p>\n\n\n\n<p id=\"block-b1e52007-854f-40fd-9b60-424642e88cde\">Was k\u00f6nnen wir auf dem Kurs erreichen?<\/p>\n\n\n\n<p>Der Kurs bietet einen \u00dcberblick \u00fcber die Grundlagen der anthroposophischen &#8220;Geisteswissenschaft&#8221;, die als etwas erlebt werden kann, das das innere Leben n\u00e4hrt, die Kreativit\u00e4t unterst\u00fctzt und den Teilnehmern hilft, in der Welt f\u00fcr ihren echten Fortschritt und ihre Verbesserung zu arbeiten.<\/p>\n\n\n\n<p>Wir machen unser gesamtes individuelles System bewusst, vor allem in den Bereichen Reinigung und Verfeinerung des Denkens und F\u00fchlens, Erlangung subtiler Achtsamkeit und St\u00e4rkung des Willens. Wir entwickeln neue F\u00e4higkeiten, wir lernen n\u00fctzliche Fertigkeiten, die wir dann in unser Leben und in unsere Berufsfelder zur\u00fcckbringen. Diese F\u00e4higkeiten f\u00fchren zu neuen Einsichten und Innovationen, die man in alle Lebensbereiche einbringen kann, und alle Disziplinen k\u00f6nnen davon profitieren.<\/p>\n\n\n\n<p id=\"block-6f399328-b75a-47c3-acf1-f3ce9ced93b3\"><br>\u221e \u221e \u221e<\/p>\n\n\n\n<p id=\"block-5d51d7e5-7717-4821-835a-15c0354cd57e\">\u221e \u221e \u221e<\/p>\n\n\n\n<p>KURSPROGRAMM:<\/p>\n\n\n\n<p id=\"block-9c8f2f54-f41f-4262-a216-6b323856b741\">3-5 M\u00e4rz 2023, Meditation, Forschung und Lebenskr\u00e4fte<\/p>\n\n\n\n<p id=\"block-df58eba9-b5de-4342-8187-7589508d408d\">(Themen #1 und #2)<\/p>\n\n\n\n<p>Freitag 19.30 Uhr Abendvortrag zum Thema #1: Meditation als Weg der spirituellen Entwicklung und als Methode der spirituellen Forschung<\/p>\n\n\n\n<p>Samstag Tagesworkshop zum Thema #1. Praktische \u00dcbungen zur Vertiefung der Themen aus den Vortr\u00e4gen.<\/p>\n\n\n\n<p>Samstagabend-Vortrag zum Thema #2: Das \u00e4therische Reich (Lebenskr\u00e4fte) im Menschen und in der Natur<\/p>\n\n\n\n<p>Sonntags-Workshop zu Thema #2 &#8211; bis mittags.<\/p>\n\n\n\n<p id=\"block-fef0a539-2745-4cf8-9453-3a5961c7f520\">\u221e \u221e \u221e<\/p>\n\n\n\n<p id=\"block-8900d639-646b-4b71-8b22-61d1ddcb2a6c\">Feedback zum Kurs <a href=\"\/feedback-all-languages\/\">Kurs<\/a>.<\/p>\n\n\n\n<p id=\"block-c07ca143-5d16-49d2-b31e-4edc34eb20d0\">\u00dcber den <a href=\"\/about\/\">Vermittler:<\/a><\/p>\n\n\n\n<p id=\"block-4055fd59-0beb-4904-8635-c01bc7048a4c\">\u221e \u221e \u221e<\/p>\n\n\n\n<blockquote class=\"wp-block-quote is-layout-flow wp-block-quote-is-layout-flow\">\n<p>F\u00fcr die Anmeldung zum Kurs wenden Sie sich bitte an<\/p>\n\n\n\n<p>Alex Wright 0044 1342 827967 (Festnetz)<\/p>\n\n\n\n<p id=\"block-20dc054b-9bd7-459c-a7a4-c686e0034f25\"><\/p>\n<\/blockquote>\n\n\n\n<p id=\"block-fa19e6ea-8670-4c4e-b608-93f89ad7a059\">Bei weiteren Fragen zum Kurs wenden Sie sich bitte an: <a href=\"mailto:Inessa.Burdich.Research@gmail.com\">Inessa.Burdich.Research@gmail.com<\/a><\/p>\n\n\n\n<p id=\"block-8d1dba45-10fc-4490-8b4b-9bacff603e69\">\u221e \u221e \u221e<\/p>\n\n\n\n<p id=\"block-881e2038-1937-4105-a672-037719d4ff4b\">Sie k\u00f6nnen \u00fcber die Emerson-Website eine Unterkunft und Verpflegung buchen: <a href=\"https:\/\/emerson.org.uk\/research-in-spiritual-science\/\">https:\/\/emerson.org.uk\/research-in-spiritual-science\/<\/a><\/p>\n\n\n\n<figure class=\"wp-block-image\"><img decoding=\"async\" src=\"blob:https:\/\/spiritual-science-research.com\/46652ab2-aabe-4a3f-be80-761859de27ad\" alt=\"\"\/><figcaption class=\"wp-element-caption\">Emerson College, VK<\/figcaption><\/figure>\n\n\n\n<p><\/p>\n","protected":false},"excerpt":{"rendered":"<p>Eine Reise der inneren spirituellen Entwicklung und &#8220;Learning by Doing&#8221; &#8211; Research in Spiritual Science (RSS) Kurs findet am Emerson College, Forest Row, UK statt mit Inessa Burdich statt. Dieser erfahrungsorientierte Kurs spricht die innere Sehnsucht an, die viele von uns auf der Suche nach spiritueller Wahrheit und dem Verst\u00e4ndnis unserer Mission hier auf der [&hellip;]<\/p>\n","protected":false},"author":2,"featured_media":0,"parent":0,"menu_order":0,"comment_status":"closed","ping_status":"closed","template":"","meta":{"footnotes":""},"class_list":["post-74","page","type-page","status-publish","hentry"],"translation":{"provider":"WPGlobus","version":"3.0.2","language":"de","enabled_languages":["en","de"],"languages":{"en":{"title":true,"content":true,"excerpt":false},"de":{"title":true,"content":true,"excerpt":false}}},"yoast_head":"<!-- This site is optimized with the Yoast SEO plugin v27.5 - https:\/\/yoast.com\/product\/yoast-seo-wordpress\/ -->\n<title>Geisteswissenschaftliche Forschung - Emerson College, UK - Spiritual Science Research<\/title>\n<meta name=\"robots\" content=\"index, follow, max-snippet:-1, max-image-preview:large, max-video-preview:-1\" \/>\n<link rel=\"canonical\" href=\"https:\/\/spiritual-science-research.com\/rss-emerson-college-uk\/\" \/>\n<meta property=\"og:locale\" content=\"de_DE\" \/>\n<meta property=\"og:type\" content=\"article\" \/>\n<meta property=\"og:title\" content=\"Geisteswissenschaftliche Forschung - Emerson College, UK - Spiritual Science Research\" \/>\n<meta property=\"og:url\" content=\"https:\/\/spiritual-science-research.com\/rss-emerson-college-uk\/\" \/>\n<meta property=\"og:site_name\" content=\"Spiritual Science Research\" \/>\n<meta property=\"article:modified_time\" content=\"2026-04-21T08:51:02+00:00\" \/>\n<meta property=\"og:image\" content=\"https:\/\/spiritual-science-research.com\/wp-content\/uploads\/2023\/07\/Screenshot-2023-07-05-at-22.12.52.png\" \/>\n\t<meta property=\"og:image:width\" content=\"2560\" \/>\n\t<meta property=\"og:image:height\" content=\"1240\" \/>\n\t<meta property=\"og:image:type\" content=\"image\/png\" \/>\n<meta name=\"twitter:card\" content=\"summary_large_image\" \/>\n<meta name=\"twitter:label1\" content=\"Est. reading time\" \/>\n\t<meta name=\"twitter:data1\" content=\"3 minutes\" \/>\n<script type=\"application\/ld+json\" class=\"yoast-schema-graph\">{\"@context\":\"https:\\\/\\\/schema.org\",\"@graph\":[{\"@type\":\"WebPage\",\"@id\":\"https:\\\/\\\/spiritual-science-research.com\\\/rss-emerson-college-uk\\\/\",\"url\":\"https:\\\/\\\/spiritual-science-research.com\\\/rss-emerson-college-uk\\\/\",\"name\":\"Geisteswissenschaftliche Forschung - Emerson College, UK - Spiritual Science Research\",\"isPartOf\":{\"@id\":\"https:\\\/\\\/spiritual-science-research.com\\\/#website\"},\"primaryImageOfPage\":{\"@id\":\"https:\\\/\\\/spiritual-science-research.com\\\/rss-emerson-college-uk\\\/#primaryimage\"},\"image\":{\"@id\":\"https:\\\/\\\/spiritual-science-research.com\\\/rss-emerson-college-uk\\\/#primaryimage\"},\"thumbnailUrl\":\"https:\\\/\\\/spiritual-science-research.com\\\/wp-content\\\/uploads\\\/2023\\\/07\\\/Screenshot-2023-07-05-at-22.12.52-1024x496.png\",\"datePublished\":\"2022-12-11T10:00:46+00:00\",\"dateModified\":\"2026-04-21T08:51:02+00:00\",\"description\":\"% % {:en} A journey of inner spiritual development and \u201cLearning by Doing\u201d \u2013 Spiritual Science Research course takes place at Emerson College, UK with Inessa % %\",\"breadcrumb\":{\"@id\":\"https:\\\/\\\/spiritual-science-research.com\\\/rss-emerson-college-uk\\\/#breadcrumb\"},\"inLanguage\":\"de-DE\",\"potentialAction\":[{\"@type\":\"ReadAction\",\"target\":[\"https:\\\/\\\/spiritual-science-research.com\\\/rss-emerson-college-uk\\\/\"]}]},{\"@type\":\"ImageObject\",\"inLanguage\":\"de-DE\",\"@id\":\"https:\\\/\\\/spiritual-science-research.com\\\/rss-emerson-college-uk\\\/#primaryimage\",\"url\":\"https:\\\/\\\/spiritual-science-research.com\\\/wp-content\\\/uploads\\\/2023\\\/07\\\/Screenshot-2023-07-05-at-22.12.52-1024x496.png\",\"contentUrl\":\"https:\\\/\\\/spiritual-science-research.com\\\/wp-content\\\/uploads\\\/2023\\\/07\\\/Screenshot-2023-07-05-at-22.12.52-1024x496.png\"},{\"@type\":\"BreadcrumbList\",\"@id\":\"https:\\\/\\\/spiritual-science-research.com\\\/rss-emerson-college-uk\\\/#breadcrumb\",\"itemListElement\":[{\"@type\":\"ListItem\",\"position\":1,\"name\":\"Home\",\"item\":\"https:\\\/\\\/spiritual-science-research.com\\\/\"},{\"@type\":\"ListItem\",\"position\":2,\"name\":\"Spiritual Science Research \u2013 Emerson College, UK\"}]},{\"@type\":\"WebSite\",\"@id\":\"https:\\\/\\\/spiritual-science-research.com\\\/#website\",\"url\":\"https:\\\/\\\/spiritual-science-research.com\\\/\",\"name\":\"Spiritual Science Research\",\"description\":\"Learning by doing\",\"publisher\":{\"@id\":\"https:\\\/\\\/spiritual-science-research.com\\\/#organization\"},\"potentialAction\":[{\"@type\":\"SearchAction\",\"target\":{\"@type\":\"EntryPoint\",\"urlTemplate\":\"https:\\\/\\\/spiritual-science-research.com\\\/?s={search_term_string}\"},\"query-input\":{\"@type\":\"PropertyValueSpecification\",\"valueRequired\":true,\"valueName\":\"search_term_string\"}}],\"inLanguage\":\"de-DE\"},{\"@type\":\"Organization\",\"@id\":\"https:\\\/\\\/spiritual-science-research.com\\\/#organization\",\"name\":\"Spiritual Science Research\",\"url\":\"https:\\\/\\\/spiritual-science-research.com\\\/\",\"logo\":{\"@type\":\"ImageObject\",\"inLanguage\":\"de-DE\",\"@id\":\"https:\\\/\\\/spiritual-science-research.com\\\/#\\\/schema\\\/logo\\\/image\\\/\",\"url\":\"https:\\\/\\\/spiritual-science-research.com\\\/wp-content\\\/uploads\\\/2023\\\/05\\\/Group-337.png\",\"contentUrl\":\"https:\\\/\\\/spiritual-science-research.com\\\/wp-content\\\/uploads\\\/2023\\\/05\\\/Group-337.png\",\"width\":400,\"height\":161,\"caption\":\"Spiritual Science Research\"},\"image\":{\"@id\":\"https:\\\/\\\/spiritual-science-research.com\\\/#\\\/schema\\\/logo\\\/image\\\/\"}}]}<\/script>\n<!-- \/ Yoast SEO plugin. -->","yoast_head_json":{"title":"Geisteswissenschaftliche Forschung - Emerson College, UK - Spiritual Science Research","robots":{"index":"index","follow":"follow","max-snippet":"max-snippet:-1","max-image-preview":"max-image-preview:large","max-video-preview":"max-video-preview:-1"},"canonical":"https:\/\/spiritual-science-research.com\/rss-emerson-college-uk\/","og_locale":"de_DE","og_type":"article","og_title":"Geisteswissenschaftliche Forschung - Emerson College, UK - Spiritual Science Research","og_url":"https:\/\/spiritual-science-research.com\/rss-emerson-college-uk\/","og_site_name":"Spiritual Science Research","article_modified_time":"2026-04-21T08:51:02+00:00","og_image":[{"width":2560,"height":1240,"url":"https:\/\/spiritual-science-research.com\/wp-content\/uploads\/2023\/07\/Screenshot-2023-07-05-at-22.12.52.png","type":"image\/png"}],"twitter_card":"summary_large_image","twitter_misc":{"Est. reading time":"3 minutes"},"schema":{"@context":"https:\/\/schema.org","@graph":[{"@type":"WebPage","@id":"https:\/\/spiritual-science-research.com\/rss-emerson-college-uk\/","url":"https:\/\/spiritual-science-research.com\/rss-emerson-college-uk\/","name":"Geisteswissenschaftliche Forschung - Emerson College, UK - Spiritual Science Research","isPartOf":{"@id":"https:\/\/spiritual-science-research.com\/#website"},"primaryImageOfPage":{"@id":"https:\/\/spiritual-science-research.com\/rss-emerson-college-uk\/#primaryimage"},"image":{"@id":"https:\/\/spiritual-science-research.com\/rss-emerson-college-uk\/#primaryimage"},"thumbnailUrl":"https:\/\/spiritual-science-research.com\/wp-content\/uploads\/2023\/07\/Screenshot-2023-07-05-at-22.12.52-1024x496.png","datePublished":"2022-12-11T10:00:46+00:00","dateModified":"2026-04-21T08:51:02+00:00","description":"% % {:en} A journey of inner spiritual development and \u201cLearning by Doing\u201d \u2013 Spiritual Science Research course takes place at Emerson College, UK with Inessa % %","breadcrumb":{"@id":"https:\/\/spiritual-science-research.com\/rss-emerson-college-uk\/#breadcrumb"},"inLanguage":"de-DE","potentialAction":[{"@type":"ReadAction","target":["https:\/\/spiritual-science-research.com\/rss-emerson-college-uk\/"]}]},{"@type":"ImageObject","inLanguage":"de-DE","@id":"https:\/\/spiritual-science-research.com\/rss-emerson-college-uk\/#primaryimage","url":"https:\/\/spiritual-science-research.com\/wp-content\/uploads\/2023\/07\/Screenshot-2023-07-05-at-22.12.52-1024x496.png","contentUrl":"https:\/\/spiritual-science-research.com\/wp-content\/uploads\/2023\/07\/Screenshot-2023-07-05-at-22.12.52-1024x496.png"},{"@type":"BreadcrumbList","@id":"https:\/\/spiritual-science-research.com\/rss-emerson-college-uk\/#breadcrumb","itemListElement":[{"@type":"ListItem","position":1,"name":"Home","item":"https:\/\/spiritual-science-research.com\/"},{"@type":"ListItem","position":2,"name":"Spiritual Science Research \u2013 Emerson College, UK"}]},{"@type":"WebSite","@id":"https:\/\/spiritual-science-research.com\/#website","url":"https:\/\/spiritual-science-research.com\/","name":"Spiritual Science Research","description":"Learning by doing","publisher":{"@id":"https:\/\/spiritual-science-research.com\/#organization"},"potentialAction":[{"@type":"SearchAction","target":{"@type":"EntryPoint","urlTemplate":"https:\/\/spiritual-science-research.com\/?s={search_term_string}"},"query-input":{"@type":"PropertyValueSpecification","valueRequired":true,"valueName":"search_term_string"}}],"inLanguage":"de-DE"},{"@type":"Organization","@id":"https:\/\/spiritual-science-research.com\/#organization","name":"Spiritual Science Research","url":"https:\/\/spiritual-science-research.com\/","logo":{"@type":"ImageObject","inLanguage":"de-DE","@id":"https:\/\/spiritual-science-research.com\/#\/schema\/logo\/image\/","url":"https:\/\/spiritual-science-research.com\/wp-content\/uploads\/2023\/05\/Group-337.png","contentUrl":"https:\/\/spiritual-science-research.com\/wp-content\/uploads\/2023\/05\/Group-337.png","width":400,"height":161,"caption":"Spiritual Science Research"},"image":{"@id":"https:\/\/spiritual-science-research.com\/#\/schema\/logo\/image\/"}}]}},"_links":{"self":[{"href":"https:\/\/spiritual-science-research.com\/de\/wp-json\/wp\/v2\/pages\/74","targetHints":{"allow":["GET"]}}],"collection":[{"href":"https:\/\/spiritual-science-research.com\/de\/wp-json\/wp\/v2\/pages"}],"about":[{"href":"https:\/\/spiritual-science-research.com\/de\/wp-json\/wp\/v2\/types\/page"}],"author":[{"embeddable":true,"href":"https:\/\/spiritual-science-research.com\/de\/wp-json\/wp\/v2\/users\/2"}],"replies":[{"embeddable":true,"href":"https:\/\/spiritual-science-research.com\/de\/wp-json\/wp\/v2\/comments?post=74"}],"version-history":[{"count":26,"href":"https:\/\/spiritual-science-research.com\/de\/wp-json\/wp\/v2\/pages\/74\/revisions"}],"predecessor-version":[{"id":8232,"href":"https:\/\/spiritual-science-research.com\/de\/wp-json\/wp\/v2\/pages\/74\/revisions\/8232"}],"wp:attachment":[{"href":"https:\/\/spiritual-science-research.com\/de\/wp-json\/wp\/v2\/media?parent=74"}],"curies":[{"name":"wp","href":"https:\/\/api.w.org\/{rel}","templated":true}]}}