{"id":7063,"date":"2026-01-04T15:06:18","date_gmt":"2026-01-04T15:06:18","guid":{"rendered":"https:\/\/spiritual-science-research.com\/?page_id=7063"},"modified":"2026-03-19T09:13:22","modified_gmt":"2026-03-19T09:13:22","slug":"spiritual-science-research-courses","status":"publish","type":"page","link":"https:\/\/spiritual-science-research.com\/de\/spiritual-science-research-courses\/","title":{"rendered":"Geisteswissenschaftliche Forschungs Kurse"},"content":{"rendered":"\n<p>mit Inessa Burdich<\/p>\n\n\n\n<figure class=\"wp-block-image size-full\"><img loading=\"lazy\" decoding=\"async\" width=\"813\" height=\"296\" src=\"https:\/\/spiritual-science-research.com\/wp-content\/uploads\/2025\/12\/sephiri-dve.png\" alt=\"\" class=\"wp-image-6810\" srcset=\"https:\/\/spiritual-science-research.com\/wp-content\/uploads\/2025\/12\/sephiri-dve.png 813w, https:\/\/spiritual-science-research.com\/wp-content\/uploads\/2025\/12\/sephiri-dve-300x109.png 300w, https:\/\/spiritual-science-research.com\/wp-content\/uploads\/2025\/12\/sephiri-dve-768x280.png 768w\" sizes=\"auto, (max-width: 813px) 100vw, 813px\" \/><figcaption class=\"wp-element-caption\"><em>From The Secret Symbols of the Rosicrucians<\/em><\/figcaption><\/figure>\n\n\n\n<p>Kurs zur Erforschung der spirituellen Wissenschaft: Praktische spirituelle Entwicklung und \u00fcbersinnliche Forschung durch die \u201aLearning by Doing\u2018-Methodik.<\/p>\n\n\n\n<blockquote class=\"wp-block-quote is-layout-flow wp-block-quote-is-layout-flow\">\n<p>Verankert in den Sieben Grund\u00fcbungen vertieft und erforscht der Kurs diese als lebendige Praktiken f\u00fcr innere Transformation.<\/p>\n\n\n\n<p>Erfahren Sie mehr \u00fcber <a href=\"\/de\/the-seven-fundamental-exercises\/\">Die sieben grundlegende \u00dcbungen<\/a>.<\/p>\n<\/blockquote>\n\n\n\n<div class=\"wp-block-group\">\n<h1 class=\"wp-block-heading has-text-align-center\">&nbsp;<\/h1>\n<p class=\"has-text-align-center\" style=\"text-align: left;\"><a style=\"font-size: revert;\" href=\"\/de\/research-course-content\/\">Geisteswissenschaftliche Forschung \u2013 Kursinhalt (verf\u00fcgbar in verschiedenen Sprachen)<\/a><\/p>\n<\/div>\n\n\n\n<div class=\"wp-block-group\" style=\"border-bottom: 1px solid #eeeeee; padding-top: 10px; padding-bottom: 10px;\">\n<p style=\"font-style: italic;\">&nbsp;<\/p>\n<\/div>\n\n\n\n<h2 class=\"wp-block-heading\">Kurse im Jahr 2026<\/h2>\n\n\n\n<div class=\"wp-block-columns\" style=\"margin-top: 60px;\">\n<div class=\"wp-block-column\" style=\"padding-right: 50px;\">\n<div class=\"wp-block-group\">\n<p style=\"font-size: 2rem; margin: 0; line-height: 1;\">\ud83d\udccd Pers\u00f6nlich<\/p>\n<\/div>\n<ul class=\"wp-block-list is-style-no-bullets\" style=\"margin-top: 25px;\">\n<li><strong><a href=\"\/weleda-researchcourse\/\">Weleda, Ilkeston, UK<\/a><\/strong><br><small>English<\/small><\/li>\n<li><strong><a href=\"\/london-research-course\/\">London Research Course<\/a><\/strong><br><small>English<\/small><\/li>\n<li><strong><a href=\"\/rss-lanzarote-canary-islands\/\">Lanzarote, Canary Islands, Spain<\/a><\/strong><br><small>English<\/small><\/li>\n<li><strong><a href=\"\/berlin-research-course\/\">Berlin Research Course<\/a><\/strong><br><small>Deutsch<\/small><\/li>\n<li><strong><a href=\"\/portugal-research-course\/\">Sintra, Portugal<\/a><\/strong><br><small>English\/ Portuguese<\/small><\/li>\n<li><strong><a href=\"\/porto-portugal-research-course-in-portuguese\/\">Porto, Portugal<\/a><\/strong><br><small>English\/ Portuguese<\/small><\/li>\n<\/ul>\n<\/div>\n<div class=\"wp-block-column\" style=\"padding-left: 50px;\">\n<div class=\"wp-block-group\">\n<p style=\"font-size: 2rem; margin: 0; line-height: 1;\">\ud83c\udf10 Online<\/p>\n<\/div>\n<ul class=\"wp-block-list is-style-no-bullets\" style=\"margin-top: 25px;\">\n<li><strong><a href=\"\/2-rss-online\/\">Online Research Course<\/a><\/strong><br><small>English<\/small><\/li>\n<li><strong><a href=\"\/rss-online-in-german\/\">Online Geistesforschung Kurs<\/a><\/strong><br><small>Deutsch<\/small><\/li>\n<li><strong><a href=\"\/online-research-course-on-steiners-6-exercises\/\">Seven Exercises Research course<\/a><\/strong><br><small>English<\/small><\/li>\n<li><a href=\"\/de\/online-research-course-on-steiners-6-exercises\/\"><strong>Die Sieben \u00dcbungen Forschungskurs<\/strong><\/a><br><small>Deutsch<\/small><\/li>\n<\/ul>\n<\/div>\n<\/div>\n\n\n\n<div aria-hidden=\"true\">&nbsp;<\/div>\n\n\n\n<div aria-hidden=\"true\">&nbsp;<\/div>\n\n\n\n<div aria-hidden=\"true\">&nbsp;<\/div>\n\n\n\n<div aria-hidden=\"true\">&nbsp;<\/div>\n\n\n\n<div class=\"wp-block-group\" style=\"border-bottom: 1px solid #eeeeee;\">&nbsp;<\/div>\n\n\n\n<div class=\"wp-block-spacer\" style=\"height: 12px;\" aria-hidden=\"true\">&nbsp;<\/div>\n\n\n\n<p class=\"has-text-align-center\">Geisteswissenschaftliche Forschungskurse k\u00f6nnen auch als<br><a href=\"\/de\/continuing-professional-developement\/\">berufliche Fortbildung<\/a> belegt werden, um die berufliche Weiterentwicklung zu f\u00f6rdern.<\/p>\n\n\n\n<div class=\"wp-block-spacer\" style=\"height: 12px;\" aria-hidden=\"true\">&nbsp;<\/div>\n\n\n\n<div class=\"wp-block-group\" style=\"border-top: 1px solid #eeeeee;\">&nbsp;<\/div>\n\n\n\n<div aria-hidden=\"true\">&nbsp;<\/div>\n\n\n\n<div aria-hidden=\"true\">&nbsp;<\/div>\n\n\n\n<div aria-hidden=\"true\">&nbsp;<\/div>\n\n\n\n<div aria-hidden=\"true\">&nbsp;<\/div>\n\n\n\n<div aria-hidden=\"true\">&nbsp;<\/div>\n\n\n\n<div class=\"wp-block-group\" style=\"border: 1px dashed #cccccc; border-radius: 8px; padding: 30px;\">\n<div class=\"wp-block-group\">\n<p style=\"font-size: 1.5rem; margin: 0; line-height: 1;\">\u23f3 Vergangene &amp; zuk\u00fcnftige Kurse<\/p>\n<\/div>\n<div class=\"wp-block-columns\" style=\"margin-top: 20px;\">\n<div class=\"wp-block-column\">\n<ul class=\"wp-block-list is-style-no-bullets\">\n<li><strong><a href=\"\/rss-emerson-college-uk\/\">Emerson College, UK<\/a><\/strong><br><small>English<\/small><\/li>\n<li><a href=\"\/rss-sheffield-uk\/\"><strong>Sheffield, UK Research Course<\/strong><\/a><br><small>English<\/small><\/li>\n<li><strong><a href=\"\/research-course-stroud-uk\/\">Stroud, UK Research Course<\/a><\/strong><br><small>English<\/small><\/li>\n<li><a href=\"\/el-curso-en-chile\/\"><strong>Chile Research Course<\/strong><\/a><br><small>English\/ Spanish<\/small><\/li>\n<li><strong><a href=\"\/the-course-in-sofia\/\">Sofia, Bulgaria<\/a><\/strong><br><small>English\/ Bulgarian<\/small><\/li>\n<\/ul>\n<\/div>\n<div class=\"wp-block-column\">\n<ul class=\"wp-block-list is-style-no-bullets\">\n<li><a href=\"\/von-der-selbsterfahrung-zur-selbstheilung-kurs\/\"><strong>Medical Research Course, Badenweiler<\/strong><\/a><br><small>Deutsch<\/small><\/li>\n<li><strong><a href=\"\/geisteswissenschaftliche-forschung-badenweiler-kurs-auf-deutsch\/\">Geisteswissenschaftliche Forschung, Badenweiler<\/a><\/strong><br><small>Deutsch<\/small><\/li>\n<li><a href=\"\/online-research-coursein-english-and-spanish\/\"><strong>Online Course (Spanish)<\/strong><\/a><br><small>English\/ Spanish<\/small><\/li>\n<li><a href=\"\/spiritual-science-research-course-in-russia\/\"><strong>Online Course (Russian)<\/strong><\/a><br><small>Russian<\/small><\/li>\n<\/ul>\n<\/div>\n<\/div>\n<\/div>\n\n\n\n<div aria-hidden=\"true\">&nbsp;<\/div>\n\n\n\n<div aria-hidden=\"true\">&nbsp;<\/div>\n\n\n\n<div class=\"wp-block-group has-pale-ocean-gradient-background-color has-background\" style=\"border-radius: 8px; padding: 40px;\">\n<p class=\"has-text-align-center has-medium-font-size\">Suchen Sie einen privaten Raum f\u00fcr spirituelle Forschung? <strong><a href=\"\/de\/calendly\/\">Termin f\u00fcr Beratung oder Forschung<\/a><\/strong><\/p>\n<\/div>\n\n\n\n<p><\/p>\n","protected":false},"excerpt":{"rendered":"<p>mit Inessa Burdich Kurs zur Erforschung der spirituellen Wissenschaft: Praktische spirituelle Entwicklung und \u00fcbersinnliche Forschung durch die \u201aLearning by Doing\u2018-Methodik. Verankert in den Sieben Grund\u00fcbungen vertieft und erforscht der Kurs diese als lebendige Praktiken f\u00fcr innere Transformation. Erfahren Sie mehr \u00fcber Die sieben grundlegende \u00dcbungen. &nbsp; Geisteswissenschaftliche Forschung \u2013 Kursinhalt (verf\u00fcgbar in verschiedenen Sprachen) &nbsp; [&hellip;]<\/p>\n","protected":false},"author":2,"featured_media":0,"parent":0,"menu_order":0,"comment_status":"closed","ping_status":"closed","template":"","meta":{"footnotes":""},"class_list":["post-7063","page","type-page","status-publish","hentry"],"translation":{"provider":"WPGlobus","version":"3.0.2","language":"de","enabled_languages":["en","de"],"languages":{"en":{"title":true,"content":true,"excerpt":false},"de":{"title":true,"content":true,"excerpt":false}}},"yoast_head":"<!-- This site is optimized with the Yoast SEO plugin v27.3 - https:\/\/yoast.com\/product\/yoast-seo-wordpress\/ -->\n<title>Geisteswissenschaftliche Forschungs Kurse - Spiritual Science Research<\/title>\n<meta name=\"robots\" content=\"index, follow, max-snippet:-1, max-image-preview:large, max-video-preview:-1\" \/>\n<link rel=\"canonical\" href=\"https:\/\/spiritual-science-research.com\/spiritual-science-research-courses\/\" \/>\n<meta property=\"og:locale\" content=\"de_DE\" \/>\n<meta property=\"og:type\" content=\"article\" \/>\n<meta property=\"og:title\" content=\"Geisteswissenschaftliche Forschungs Kurse - Spiritual Science Research\" \/>\n<meta property=\"og:url\" content=\"https:\/\/spiritual-science-research.com\/spiritual-science-research-courses\/\" \/>\n<meta property=\"og:site_name\" content=\"Spiritual Science Research\" \/>\n<meta property=\"article:modified_time\" content=\"2026-03-19T09:13:22+00:00\" \/>\n<meta property=\"og:image\" content=\"https:\/\/spiritual-science-research.com\/wp-content\/uploads\/2025\/12\/sephiri-dve.png\" \/>\n\t<meta property=\"og:image:width\" content=\"813\" \/>\n\t<meta property=\"og:image:height\" content=\"296\" \/>\n\t<meta property=\"og:image:type\" content=\"image\/png\" \/>\n<meta name=\"twitter:card\" content=\"summary_large_image\" \/>\n<meta name=\"twitter:label1\" content=\"Est. reading time\" \/>\n\t<meta name=\"twitter:data1\" content=\"2 minutes\" \/>\n<script type=\"application\/ld+json\" class=\"yoast-schema-graph\">{\"@context\":\"https:\\\/\\\/schema.org\",\"@graph\":[{\"@type\":\"WebPage\",\"@id\":\"https:\\\/\\\/spiritual-science-research.com\\\/spiritual-science-research-courses\\\/\",\"url\":\"https:\\\/\\\/spiritual-science-research.com\\\/spiritual-science-research-courses\\\/\",\"name\":\"Geisteswissenschaftliche Forschungs Kurse - Spiritual Science Research\",\"isPartOf\":{\"@id\":\"https:\\\/\\\/spiritual-science-research.com\\\/#website\"},\"primaryImageOfPage\":{\"@id\":\"https:\\\/\\\/spiritual-science-research.com\\\/spiritual-science-research-courses\\\/#primaryimage\"},\"image\":{\"@id\":\"https:\\\/\\\/spiritual-science-research.com\\\/spiritual-science-research-courses\\\/#primaryimage\"},\"thumbnailUrl\":\"https:\\\/\\\/spiritual-science-research.com\\\/wp-content\\\/uploads\\\/2025\\\/12\\\/sephiri-dve.png\",\"datePublished\":\"2026-01-04T15:06:18+00:00\",\"dateModified\":\"2026-03-19T09:13:22+00:00\",\"description\":\"% % {:en} with Inessa Burdich Spiritual Science Research course: practical spiritual development via Anthroposophic meditation and supersensible research % %\",\"breadcrumb\":{\"@id\":\"https:\\\/\\\/spiritual-science-research.com\\\/spiritual-science-research-courses\\\/#breadcrumb\"},\"inLanguage\":\"de-DE\",\"potentialAction\":[{\"@type\":\"ReadAction\",\"target\":[\"https:\\\/\\\/spiritual-science-research.com\\\/spiritual-science-research-courses\\\/\"]}]},{\"@type\":\"ImageObject\",\"inLanguage\":\"de-DE\",\"@id\":\"https:\\\/\\\/spiritual-science-research.com\\\/spiritual-science-research-courses\\\/#primaryimage\",\"url\":\"https:\\\/\\\/spiritual-science-research.com\\\/wp-content\\\/uploads\\\/2025\\\/12\\\/sephiri-dve.png\",\"contentUrl\":\"https:\\\/\\\/spiritual-science-research.com\\\/wp-content\\\/uploads\\\/2025\\\/12\\\/sephiri-dve.png\"},{\"@type\":\"BreadcrumbList\",\"@id\":\"https:\\\/\\\/spiritual-science-research.com\\\/spiritual-science-research-courses\\\/#breadcrumb\",\"itemListElement\":[{\"@type\":\"ListItem\",\"position\":1,\"name\":\"Home\",\"item\":\"https:\\\/\\\/spiritual-science-research.com\\\/\"},{\"@type\":\"ListItem\",\"position\":2,\"name\":\"Spiritual Science Research courses\"}]},{\"@type\":\"WebSite\",\"@id\":\"https:\\\/\\\/spiritual-science-research.com\\\/#website\",\"url\":\"https:\\\/\\\/spiritual-science-research.com\\\/\",\"name\":\"Spiritual Science Research\",\"description\":\"Learning by doing\",\"publisher\":{\"@id\":\"https:\\\/\\\/spiritual-science-research.com\\\/#organization\"},\"potentialAction\":[{\"@type\":\"SearchAction\",\"target\":{\"@type\":\"EntryPoint\",\"urlTemplate\":\"https:\\\/\\\/spiritual-science-research.com\\\/?s={search_term_string}\"},\"query-input\":{\"@type\":\"PropertyValueSpecification\",\"valueRequired\":true,\"valueName\":\"search_term_string\"}}],\"inLanguage\":\"de-DE\"},{\"@type\":\"Organization\",\"@id\":\"https:\\\/\\\/spiritual-science-research.com\\\/#organization\",\"name\":\"Spiritual Science Research\",\"url\":\"https:\\\/\\\/spiritual-science-research.com\\\/\",\"logo\":{\"@type\":\"ImageObject\",\"inLanguage\":\"de-DE\",\"@id\":\"https:\\\/\\\/spiritual-science-research.com\\\/#\\\/schema\\\/logo\\\/image\\\/\",\"url\":\"https:\\\/\\\/spiritual-science-research.com\\\/wp-content\\\/uploads\\\/2023\\\/05\\\/Group-337.png\",\"contentUrl\":\"https:\\\/\\\/spiritual-science-research.com\\\/wp-content\\\/uploads\\\/2023\\\/05\\\/Group-337.png\",\"width\":400,\"height\":161,\"caption\":\"Spiritual Science Research\"},\"image\":{\"@id\":\"https:\\\/\\\/spiritual-science-research.com\\\/#\\\/schema\\\/logo\\\/image\\\/\"}}]}<\/script>\n<!-- \/ Yoast SEO plugin. -->","yoast_head_json":{"title":"Geisteswissenschaftliche Forschungs Kurse - Spiritual Science Research","robots":{"index":"index","follow":"follow","max-snippet":"max-snippet:-1","max-image-preview":"max-image-preview:large","max-video-preview":"max-video-preview:-1"},"canonical":"https:\/\/spiritual-science-research.com\/spiritual-science-research-courses\/","og_locale":"de_DE","og_type":"article","og_title":"Geisteswissenschaftliche Forschungs Kurse - Spiritual Science Research","og_url":"https:\/\/spiritual-science-research.com\/spiritual-science-research-courses\/","og_site_name":"Spiritual Science Research","article_modified_time":"2026-03-19T09:13:22+00:00","og_image":[{"width":813,"height":296,"url":"https:\/\/spiritual-science-research.com\/wp-content\/uploads\/2025\/12\/sephiri-dve.png","type":"image\/png"}],"twitter_card":"summary_large_image","twitter_misc":{"Est. reading time":"2 minutes"},"schema":{"@context":"https:\/\/schema.org","@graph":[{"@type":"WebPage","@id":"https:\/\/spiritual-science-research.com\/spiritual-science-research-courses\/","url":"https:\/\/spiritual-science-research.com\/spiritual-science-research-courses\/","name":"Geisteswissenschaftliche Forschungs Kurse - Spiritual Science Research","isPartOf":{"@id":"https:\/\/spiritual-science-research.com\/#website"},"primaryImageOfPage":{"@id":"https:\/\/spiritual-science-research.com\/spiritual-science-research-courses\/#primaryimage"},"image":{"@id":"https:\/\/spiritual-science-research.com\/spiritual-science-research-courses\/#primaryimage"},"thumbnailUrl":"https:\/\/spiritual-science-research.com\/wp-content\/uploads\/2025\/12\/sephiri-dve.png","datePublished":"2026-01-04T15:06:18+00:00","dateModified":"2026-03-19T09:13:22+00:00","description":"% % {:en} with Inessa Burdich Spiritual Science Research course: practical spiritual development via Anthroposophic meditation and supersensible research % %","breadcrumb":{"@id":"https:\/\/spiritual-science-research.com\/spiritual-science-research-courses\/#breadcrumb"},"inLanguage":"de-DE","potentialAction":[{"@type":"ReadAction","target":["https:\/\/spiritual-science-research.com\/spiritual-science-research-courses\/"]}]},{"@type":"ImageObject","inLanguage":"de-DE","@id":"https:\/\/spiritual-science-research.com\/spiritual-science-research-courses\/#primaryimage","url":"https:\/\/spiritual-science-research.com\/wp-content\/uploads\/2025\/12\/sephiri-dve.png","contentUrl":"https:\/\/spiritual-science-research.com\/wp-content\/uploads\/2025\/12\/sephiri-dve.png"},{"@type":"BreadcrumbList","@id":"https:\/\/spiritual-science-research.com\/spiritual-science-research-courses\/#breadcrumb","itemListElement":[{"@type":"ListItem","position":1,"name":"Home","item":"https:\/\/spiritual-science-research.com\/"},{"@type":"ListItem","position":2,"name":"Spiritual Science Research courses"}]},{"@type":"WebSite","@id":"https:\/\/spiritual-science-research.com\/#website","url":"https:\/\/spiritual-science-research.com\/","name":"Spiritual Science Research","description":"Learning by doing","publisher":{"@id":"https:\/\/spiritual-science-research.com\/#organization"},"potentialAction":[{"@type":"SearchAction","target":{"@type":"EntryPoint","urlTemplate":"https:\/\/spiritual-science-research.com\/?s={search_term_string}"},"query-input":{"@type":"PropertyValueSpecification","valueRequired":true,"valueName":"search_term_string"}}],"inLanguage":"de-DE"},{"@type":"Organization","@id":"https:\/\/spiritual-science-research.com\/#organization","name":"Spiritual Science Research","url":"https:\/\/spiritual-science-research.com\/","logo":{"@type":"ImageObject","inLanguage":"de-DE","@id":"https:\/\/spiritual-science-research.com\/#\/schema\/logo\/image\/","url":"https:\/\/spiritual-science-research.com\/wp-content\/uploads\/2023\/05\/Group-337.png","contentUrl":"https:\/\/spiritual-science-research.com\/wp-content\/uploads\/2023\/05\/Group-337.png","width":400,"height":161,"caption":"Spiritual Science Research"},"image":{"@id":"https:\/\/spiritual-science-research.com\/#\/schema\/logo\/image\/"}}]}},"_links":{"self":[{"href":"https:\/\/spiritual-science-research.com\/de\/wp-json\/wp\/v2\/pages\/7063","targetHints":{"allow":["GET"]}}],"collection":[{"href":"https:\/\/spiritual-science-research.com\/de\/wp-json\/wp\/v2\/pages"}],"about":[{"href":"https:\/\/spiritual-science-research.com\/de\/wp-json\/wp\/v2\/types\/page"}],"author":[{"embeddable":true,"href":"https:\/\/spiritual-science-research.com\/de\/wp-json\/wp\/v2\/users\/2"}],"replies":[{"embeddable":true,"href":"https:\/\/spiritual-science-research.com\/de\/wp-json\/wp\/v2\/comments?post=7063"}],"version-history":[{"count":44,"href":"https:\/\/spiritual-science-research.com\/de\/wp-json\/wp\/v2\/pages\/7063\/revisions"}],"predecessor-version":[{"id":7920,"href":"https:\/\/spiritual-science-research.com\/de\/wp-json\/wp\/v2\/pages\/7063\/revisions\/7920"}],"wp:attachment":[{"href":"https:\/\/spiritual-science-research.com\/de\/wp-json\/wp\/v2\/media?parent=7063"}],"curies":[{"name":"wp","href":"https:\/\/api.w.org\/{rel}","templated":true}]}}