{"id":6,"date":"2022-11-25T21:36:50","date_gmt":"2022-11-25T21:36:50","guid":{"rendered":"http:\/\/spiritual-science-research.com\/?page_id=6"},"modified":"2026-02-06T17:39:34","modified_gmt":"2026-02-06T17:39:34","slug":"about","status":"publish","type":"page","link":"https:\/\/spiritual-science-research.com\/de\/about\/","title":{"rendered":"Inessa Burdich"},"content":{"rendered":"<div class=\"wp-block-image is-style-rounded\">\n<figure class=\"alignright size-large is-resized\"><img loading=\"lazy\" decoding=\"async\" width=\"764\" height=\"1024\" src=\"https:\/\/spiritual-science-research.com\/wp-content\/uploads\/2025\/08\/Screenshot-2025-08-07-at-10.12.32-764x1024.png\" alt=\"\" class=\"wp-image-6111\" style=\"width:345px\" srcset=\"https:\/\/spiritual-science-research.com\/wp-content\/uploads\/2025\/08\/Screenshot-2025-08-07-at-10.12.32-764x1024.png 764w, https:\/\/spiritual-science-research.com\/wp-content\/uploads\/2025\/08\/Screenshot-2025-08-07-at-10.12.32-224x300.png 224w, https:\/\/spiritual-science-research.com\/wp-content\/uploads\/2025\/08\/Screenshot-2025-08-07-at-10.12.32-768x1029.png 768w, https:\/\/spiritual-science-research.com\/wp-content\/uploads\/2025\/08\/Screenshot-2025-08-07-at-10.12.32-1146x1536.png 1146w, https:\/\/spiritual-science-research.com\/wp-content\/uploads\/2025\/08\/Screenshot-2025-08-07-at-10.12.32.png 1200w\" sizes=\"auto, (max-width: 764px) 100vw, 764px\" \/><\/figure>\n<\/div>\n\n\n<p class=\"has-text-align-left\">Inessa Burdich ist Forscherin im Bereich der Geisteswissenschaften und therapeutische Beraterin f\u00fcr Einzelpersonen und Organisationen. <\/p>\n\n\n\n<p class=\"has-text-align-left\">Sie ist ein Stiftungsmitglied der Rudolf Steiner Forschungs- und Bildungsstiftung, die sich der Unterst\u00fctzung von Menschen mit besonderen Bed\u00fcrfnissen widmet, und leitet Kurse in anthroposophischer Meditation und \u00fcbersinnlicher Wahrnehmung.<\/p>\n\n\n\n<p>\u221e \u221e \u221e<\/p>\n\n\n\n<p>Nach ihrem Abschluss als Physikerin (Nanotechnologie) schlug sie eine zwei Jahrzehnte w\u00e4hrende internationale Wirtschaftskarriere ein (sie erwarb auch einen MBA). Ihre gr\u00f6\u00dfte Begeisterung galt dem Schach und sie war mehrere Jahre lang professionelle Schachspielerin und Schachtrainerin.<\/p>\n\n\n\n<p>Seit 1987 arbeitet sie als Coach und seit 1996 als Kursleiterin f\u00fcr Pers\u00f6nlichkeitsentwicklung. Sie erwarb einen Master-Abschluss in Psychologie (2006), einen MSc in Heilp\u00e4dagogik in Gro\u00dfbritannien (2016) und ein zweij\u00e4hriges Psychiatrie-Studium in Deutschland (2022).<\/p>\n\n\n\n<p>Sie hat ihr ganzes Leben lang Meditation praktiziert, von einem sehr jungen Alter an.<\/p>\n\n\n\n<p>Ihre T\u00e4tigkeitsschwerpunkte sind:<\/p>\n\n\n\n<figure class=\"wp-block-image size-large\"><img loading=\"lazy\" decoding=\"async\" width=\"1024\" height=\"555\" src=\"https:\/\/spiritual-science-research.com\/wp-content\/uploads\/2025\/03\/Screenshot-2025-03-20-at-23.57.44-1024x555.png\" alt=\"\" class=\"wp-image-4791\" srcset=\"https:\/\/spiritual-science-research.com\/wp-content\/uploads\/2025\/03\/Screenshot-2025-03-20-at-23.57.44-1024x555.png 1024w, https:\/\/spiritual-science-research.com\/wp-content\/uploads\/2025\/03\/Screenshot-2025-03-20-at-23.57.44-300x163.png 300w, https:\/\/spiritual-science-research.com\/wp-content\/uploads\/2025\/03\/Screenshot-2025-03-20-at-23.57.44-768x416.png 768w, https:\/\/spiritual-science-research.com\/wp-content\/uploads\/2025\/03\/Screenshot-2025-03-20-at-23.57.44-1536x832.png 1536w, https:\/\/spiritual-science-research.com\/wp-content\/uploads\/2025\/03\/Screenshot-2025-03-20-at-23.57.44-2048x1110.png 2048w\" sizes=\"auto, (max-width: 1024px) 100vw, 1024px\" \/><\/figure>\n\n\n\n<p><\/p>\n\n\n\n<ul class=\"wp-block-list\">\n<li><strong><a href=\"\/de\/research\/\">Geistige Forschung<\/a><\/strong> &#8211; Geisteswissenschaftlich-praktische Forschung mit besonderem Bezug zur anthroposophischen Medizin, u.a. Entwicklung und Herstellung von Mistelarzneimitteln, hom\u00f6opathischen und anthroposophischen Arzneimitteln; spirituelle Ursachen verschiedener Krankheiten, u.a. onkologischer und psychiatrischer Art, sowie diverse  Forschungsprojekte. Forschungsprojekte in Zusammenarbeit mit anthroposophischen Organisationen.<\/li>\n<\/ul>\n\n\n\n<p><\/p>\n\n\n\n<ul class=\"wp-block-list\">\n<li><strong><a href=\"\/de\/consultancy\/\">Beratung<\/a><\/strong> von Organisationen und Einzelpersonen, Durchf\u00fchrung eines spirituellen Untersuchungen von Geb\u00e4uden und Orten. Pers\u00f6nliche therapeutische Beratung und Coaching zur Harmonisierung und pers\u00f6nlichen und spirituellen Entwicklung.<\/li>\n<\/ul>\n\n\n\n<p><\/p>\n\n\n\n<ul class=\"wp-block-list\">\n<li> <strong><a href=\"\/de\/ssr-about-content\/\">Geisteswissenschaftliche Forschung &#8211; Kurse<\/a><\/strong>, Vortr\u00e4ge und Workshops zur anthroposophischen Meditation und \u00fcbersinnlichen Wahrnehmung.<\/li>\n<\/ul>\n\n\n\n<p><\/p>\n\n\n\n<ul class=\"wp-block-list\">\n<li><a href=\"\/de\/christology-in-german\/\"><strong>Die Kraft des Christuslichts<\/strong><\/a> &#8211; internationale Christologie-Initiative. Mediation f\u00fcr die Erde, die Menschen und alle Wesen.<\/li>\n<\/ul>\n\n\n\n<p><\/p>\n\n\n\n<ul class=\"wp-block-list\">\n<li><strong><strong><a href=\"\/de\/gospel-of-john-study\/\">Das Johannesevangelium<\/a><\/strong><\/strong> &#8211; Studiengruppe;<\/li>\n<\/ul>\n\n\n\n<p><\/p>\n\n\n\n<ul class=\"wp-block-list\">\n<li><strong><a href=\"\/de\/anthroposophical-meditation-worldwide\/\">Initiative Anthroposophische Meditation<\/a><\/strong> \u2013 Goetheanum Meditation Initiative \u2013 Anthroposophische Meditationskonferenzen und Videokanal.<\/li>\n<\/ul>\n\n\n\n<p><\/p>\n\n\n\n<ul class=\"wp-block-list\">\n<li><strong><strong><a href=\"\/de\/knowledge-of-the-higher-worlds\/\">Wie erlangt man Erkenntnisse der h\u00f6heren Welten?<\/a><\/strong><\/strong> in der Meditation &#8211; internationale Initiative f\u00fcr junge Menschen.<\/li>\n<\/ul>\n\n\n\n<p><\/p>\n","protected":false},"excerpt":{"rendered":"<p>Inessa Burdich ist Forscherin im Bereich der Geisteswissenschaften und therapeutische Beraterin f\u00fcr Einzelpersonen und Organisationen. Sie ist ein Stiftungsmitglied der Rudolf Steiner Forschungs- und Bildungsstiftung, die sich der Unterst\u00fctzung von Menschen mit besonderen Bed\u00fcrfnissen widmet, und leitet Kurse in anthroposophischer Meditation und \u00fcbersinnlicher Wahrnehmung. \u221e \u221e \u221e Nach ihrem Abschluss als Physikerin (Nanotechnologie) schlug sie [&hellip;]<\/p>\n","protected":false},"author":1,"featured_media":0,"parent":0,"menu_order":0,"comment_status":"closed","ping_status":"closed","template":"","meta":{"footnotes":""},"class_list":["post-6","page","type-page","status-publish","hentry"],"translation":{"provider":"WPGlobus","version":"3.0.2","language":"de","enabled_languages":["en","de"],"languages":{"en":{"title":true,"content":true,"excerpt":false},"de":{"title":true,"content":true,"excerpt":false}}},"yoast_head":"<!-- This site is optimized with the Yoast SEO plugin v27.5 - https:\/\/yoast.com\/product\/yoast-seo-wordpress\/ -->\n<title>Inessa Burdich - Spiritual Science Research<\/title>\n<meta name=\"robots\" content=\"index, follow, max-snippet:-1, max-image-preview:large, max-video-preview:-1\" \/>\n<link rel=\"canonical\" href=\"https:\/\/spiritual-science-research.com\/about\/\" \/>\n<meta property=\"og:locale\" content=\"de_DE\" \/>\n<meta property=\"og:type\" content=\"article\" \/>\n<meta property=\"og:title\" content=\"Inessa Burdich - Spiritual Science Research\" \/>\n<meta property=\"og:url\" content=\"https:\/\/spiritual-science-research.com\/about\/\" \/>\n<meta property=\"og:site_name\" content=\"Spiritual Science Research\" \/>\n<meta property=\"article:modified_time\" content=\"2026-02-06T17:39:34+00:00\" \/>\n<meta property=\"og:image\" content=\"https:\/\/spiritual-science-research.com\/wp-content\/uploads\/2025\/08\/Screenshot-2025-08-07-at-10.12.32-764x1024.png\" \/>\n\t<meta property=\"og:image:width\" content=\"764\" \/>\n\t<meta property=\"og:image:height\" content=\"1024\" \/>\n\t<meta property=\"og:image:type\" content=\"image\/png\" \/>\n<meta name=\"twitter:card\" content=\"summary_large_image\" \/>\n<meta name=\"twitter:label1\" content=\"Est. reading time\" \/>\n\t<meta name=\"twitter:data1\" content=\"2 minutes\" \/>\n<script type=\"application\/ld+json\" class=\"yoast-schema-graph\">{\"@context\":\"https:\\\/\\\/schema.org\",\"@graph\":[{\"@type\":\"WebPage\",\"@id\":\"https:\\\/\\\/spiritual-science-research.com\\\/about\\\/\",\"url\":\"https:\\\/\\\/spiritual-science-research.com\\\/about\\\/\",\"name\":\"Inessa Burdich - Spiritual Science Research\",\"isPartOf\":{\"@id\":\"https:\\\/\\\/spiritual-science-research.com\\\/#website\"},\"primaryImageOfPage\":{\"@id\":\"https:\\\/\\\/spiritual-science-research.com\\\/about\\\/#primaryimage\"},\"image\":{\"@id\":\"https:\\\/\\\/spiritual-science-research.com\\\/about\\\/#primaryimage\"},\"thumbnailUrl\":\"https:\\\/\\\/spiritual-science-research.com\\\/wp-content\\\/uploads\\\/2025\\\/08\\\/Screenshot-2025-08-07-at-10.12.32-764x1024.png\",\"datePublished\":\"2022-11-25T21:36:50+00:00\",\"dateModified\":\"2026-02-06T17:39:34+00:00\",\"description\":\"% % {:en} &nbsp; Inessa Burdich&nbsp;is a Spiritual Science researcher and a therapeutic consultant for individuals and organisations.She is a Trustee for a % %\",\"breadcrumb\":{\"@id\":\"https:\\\/\\\/spiritual-science-research.com\\\/about\\\/#breadcrumb\"},\"inLanguage\":\"de-DE\",\"potentialAction\":[{\"@type\":\"ReadAction\",\"target\":[\"https:\\\/\\\/spiritual-science-research.com\\\/about\\\/\"]}]},{\"@type\":\"ImageObject\",\"inLanguage\":\"de-DE\",\"@id\":\"https:\\\/\\\/spiritual-science-research.com\\\/about\\\/#primaryimage\",\"url\":\"https:\\\/\\\/spiritual-science-research.com\\\/wp-content\\\/uploads\\\/2025\\\/08\\\/Screenshot-2025-08-07-at-10.12.32-764x1024.png\",\"contentUrl\":\"https:\\\/\\\/spiritual-science-research.com\\\/wp-content\\\/uploads\\\/2025\\\/08\\\/Screenshot-2025-08-07-at-10.12.32-764x1024.png\"},{\"@type\":\"BreadcrumbList\",\"@id\":\"https:\\\/\\\/spiritual-science-research.com\\\/about\\\/#breadcrumb\",\"itemListElement\":[{\"@type\":\"ListItem\",\"position\":1,\"name\":\"Home\",\"item\":\"https:\\\/\\\/spiritual-science-research.com\\\/\"},{\"@type\":\"ListItem\",\"position\":2,\"name\":\"Inessa Burdich\"}]},{\"@type\":\"WebSite\",\"@id\":\"https:\\\/\\\/spiritual-science-research.com\\\/#website\",\"url\":\"https:\\\/\\\/spiritual-science-research.com\\\/\",\"name\":\"Spiritual Science Research\",\"description\":\"Learning by doing\",\"publisher\":{\"@id\":\"https:\\\/\\\/spiritual-science-research.com\\\/#organization\"},\"potentialAction\":[{\"@type\":\"SearchAction\",\"target\":{\"@type\":\"EntryPoint\",\"urlTemplate\":\"https:\\\/\\\/spiritual-science-research.com\\\/?s={search_term_string}\"},\"query-input\":{\"@type\":\"PropertyValueSpecification\",\"valueRequired\":true,\"valueName\":\"search_term_string\"}}],\"inLanguage\":\"de-DE\"},{\"@type\":\"Organization\",\"@id\":\"https:\\\/\\\/spiritual-science-research.com\\\/#organization\",\"name\":\"Spiritual Science Research\",\"url\":\"https:\\\/\\\/spiritual-science-research.com\\\/\",\"logo\":{\"@type\":\"ImageObject\",\"inLanguage\":\"de-DE\",\"@id\":\"https:\\\/\\\/spiritual-science-research.com\\\/#\\\/schema\\\/logo\\\/image\\\/\",\"url\":\"https:\\\/\\\/spiritual-science-research.com\\\/wp-content\\\/uploads\\\/2023\\\/05\\\/Group-337.png\",\"contentUrl\":\"https:\\\/\\\/spiritual-science-research.com\\\/wp-content\\\/uploads\\\/2023\\\/05\\\/Group-337.png\",\"width\":400,\"height\":161,\"caption\":\"Spiritual Science Research\"},\"image\":{\"@id\":\"https:\\\/\\\/spiritual-science-research.com\\\/#\\\/schema\\\/logo\\\/image\\\/\"}}]}<\/script>\n<!-- \/ Yoast SEO plugin. -->","yoast_head_json":{"title":"Inessa Burdich - Spiritual Science Research","robots":{"index":"index","follow":"follow","max-snippet":"max-snippet:-1","max-image-preview":"max-image-preview:large","max-video-preview":"max-video-preview:-1"},"canonical":"https:\/\/spiritual-science-research.com\/about\/","og_locale":"de_DE","og_type":"article","og_title":"Inessa Burdich - Spiritual Science Research","og_url":"https:\/\/spiritual-science-research.com\/about\/","og_site_name":"Spiritual Science Research","article_modified_time":"2026-02-06T17:39:34+00:00","og_image":[{"width":764,"height":1024,"url":"https:\/\/spiritual-science-research.com\/wp-content\/uploads\/2025\/08\/Screenshot-2025-08-07-at-10.12.32-764x1024.png","type":"image\/png"}],"twitter_card":"summary_large_image","twitter_misc":{"Est. reading time":"2 minutes"},"schema":{"@context":"https:\/\/schema.org","@graph":[{"@type":"WebPage","@id":"https:\/\/spiritual-science-research.com\/about\/","url":"https:\/\/spiritual-science-research.com\/about\/","name":"Inessa Burdich - Spiritual Science Research","isPartOf":{"@id":"https:\/\/spiritual-science-research.com\/#website"},"primaryImageOfPage":{"@id":"https:\/\/spiritual-science-research.com\/about\/#primaryimage"},"image":{"@id":"https:\/\/spiritual-science-research.com\/about\/#primaryimage"},"thumbnailUrl":"https:\/\/spiritual-science-research.com\/wp-content\/uploads\/2025\/08\/Screenshot-2025-08-07-at-10.12.32-764x1024.png","datePublished":"2022-11-25T21:36:50+00:00","dateModified":"2026-02-06T17:39:34+00:00","description":"% % {:en} &nbsp; Inessa Burdich&nbsp;is a Spiritual Science researcher and a therapeutic consultant for individuals and organisations.She is a Trustee for a % %","breadcrumb":{"@id":"https:\/\/spiritual-science-research.com\/about\/#breadcrumb"},"inLanguage":"de-DE","potentialAction":[{"@type":"ReadAction","target":["https:\/\/spiritual-science-research.com\/about\/"]}]},{"@type":"ImageObject","inLanguage":"de-DE","@id":"https:\/\/spiritual-science-research.com\/about\/#primaryimage","url":"https:\/\/spiritual-science-research.com\/wp-content\/uploads\/2025\/08\/Screenshot-2025-08-07-at-10.12.32-764x1024.png","contentUrl":"https:\/\/spiritual-science-research.com\/wp-content\/uploads\/2025\/08\/Screenshot-2025-08-07-at-10.12.32-764x1024.png"},{"@type":"BreadcrumbList","@id":"https:\/\/spiritual-science-research.com\/about\/#breadcrumb","itemListElement":[{"@type":"ListItem","position":1,"name":"Home","item":"https:\/\/spiritual-science-research.com\/"},{"@type":"ListItem","position":2,"name":"Inessa Burdich"}]},{"@type":"WebSite","@id":"https:\/\/spiritual-science-research.com\/#website","url":"https:\/\/spiritual-science-research.com\/","name":"Spiritual Science Research","description":"Learning by doing","publisher":{"@id":"https:\/\/spiritual-science-research.com\/#organization"},"potentialAction":[{"@type":"SearchAction","target":{"@type":"EntryPoint","urlTemplate":"https:\/\/spiritual-science-research.com\/?s={search_term_string}"},"query-input":{"@type":"PropertyValueSpecification","valueRequired":true,"valueName":"search_term_string"}}],"inLanguage":"de-DE"},{"@type":"Organization","@id":"https:\/\/spiritual-science-research.com\/#organization","name":"Spiritual Science Research","url":"https:\/\/spiritual-science-research.com\/","logo":{"@type":"ImageObject","inLanguage":"de-DE","@id":"https:\/\/spiritual-science-research.com\/#\/schema\/logo\/image\/","url":"https:\/\/spiritual-science-research.com\/wp-content\/uploads\/2023\/05\/Group-337.png","contentUrl":"https:\/\/spiritual-science-research.com\/wp-content\/uploads\/2023\/05\/Group-337.png","width":400,"height":161,"caption":"Spiritual Science Research"},"image":{"@id":"https:\/\/spiritual-science-research.com\/#\/schema\/logo\/image\/"}}]}},"_links":{"self":[{"href":"https:\/\/spiritual-science-research.com\/de\/wp-json\/wp\/v2\/pages\/6","targetHints":{"allow":["GET"]}}],"collection":[{"href":"https:\/\/spiritual-science-research.com\/de\/wp-json\/wp\/v2\/pages"}],"about":[{"href":"https:\/\/spiritual-science-research.com\/de\/wp-json\/wp\/v2\/types\/page"}],"author":[{"embeddable":true,"href":"https:\/\/spiritual-science-research.com\/de\/wp-json\/wp\/v2\/users\/1"}],"replies":[{"embeddable":true,"href":"https:\/\/spiritual-science-research.com\/de\/wp-json\/wp\/v2\/comments?post=6"}],"version-history":[{"count":96,"href":"https:\/\/spiritual-science-research.com\/de\/wp-json\/wp\/v2\/pages\/6\/revisions"}],"predecessor-version":[{"id":8094,"href":"https:\/\/spiritual-science-research.com\/de\/wp-json\/wp\/v2\/pages\/6\/revisions\/8094"}],"wp:attachment":[{"href":"https:\/\/spiritual-science-research.com\/de\/wp-json\/wp\/v2\/media?parent=6"}],"curies":[{"name":"wp","href":"https:\/\/api.w.org\/{rel}","templated":true}]}}