{"id":537,"date":"2023-02-18T13:04:55","date_gmt":"2023-02-18T13:04:55","guid":{"rendered":"http:\/\/spiritual-science-research.com\/?page_id=537"},"modified":"2026-03-19T19:21:00","modified_gmt":"2026-03-19T19:21:00","slug":"from-the-christ-impulse-to-christ-sun","status":"publish","type":"page","link":"https:\/\/spiritual-science-research.com\/de\/from-the-christ-impulse-to-christ-sun\/","title":{"rendered":"Vom Christus-Impuls zur Christus-Sonne: Christus-Meditation f\u00fcr die Welt"},"content":{"rendered":"\n<p>Gespr\u00e4ch mit Inessa Burdich.<\/p>\n\n\n\n<p>Wie erleben wir den Christus-Impuls? Die geisteswissenschaftliche Forschung zeigt, dass verschiedene Manifestationen des Christus-Impulses heute in den \u00fcbersinnlichen Welten gegenw\u00e4rtig sind. Die verschiedenen Qualit\u00e4ten dieser Manifestationen sind f\u00fcr uns Menschen immer und \u00fcberall greifbar.<\/p>\n\n\n\n<p>Wie k\u00f6nnen wir uns aktiv an der geistigen Arbeit beteiligen? In unserer Meditation k\u00f6nnen wir uns mit den verschiedenen Aspekten Christi und ihren unterschiedlichen Qualit\u00e4ten auseinandersetzen, um einen positiven Beitrag f\u00fcr die Menschen und alle Wesen, f\u00fcr unseren Planeten Erde und f\u00fcr die aktuellen Probleme, die wir alle durchleben, zu leisten.<\/p>\n\n\n\n<p>\u221e \u221e \u221e<\/p>\n\n\n\n<p>Der Vortrag ist ein Teil der Geisteswissenschaftlichen Forschung Kurse, einschlie\u00dflich:<\/p>\n\n\n\n<p><\/p>\n\n\n\n<p><strong>Geisteswissenschaftliche Forschung \u2013 Kursinhalt<\/strong><\/p>\n\n\n\n<figure class=\"wp-block-embed is-type-wp-embed is-provider-spiritual-science-research wp-block-embed-spiritual-science-research\"><div class=\"wp-block-embed__wrapper\">\n<blockquote class=\"wp-embedded-content\" data-secret=\"EtYzAgvyQM\"><a href=\"https:\/\/spiritual-science-research.com\/themen\/\">Geisteswissenschaftliche Forschung &#8211; Kursinhalt<\/a><\/blockquote><iframe loading=\"lazy\" class=\"wp-embedded-content\" sandbox=\"allow-scripts\" security=\"restricted\" style=\"position: absolute; visibility: hidden;\" title=\"&#8220;Geisteswissenschaftliche Forschung &#8211; Kursinhalt&#8221; &#8212; Spiritual Science Research\" src=\"https:\/\/spiritual-science-research.com\/themen\/embed\/#?secret=vYaFGXEkve#?secret=EtYzAgvyQM\" data-secret=\"EtYzAgvyQM\" width=\"525\" height=\"296\" frameborder=\"0\" marginwidth=\"0\" marginheight=\"0\" scrolling=\"no\"><\/iframe>\n<\/div><\/figure>\n\n\n\n<p>\u221e \u221e \u221e<\/p>\n\n\n\n<p><strong>Geisteswissenschaftliche Forschung \u2013 Online-Kurs auf Deutsch<\/strong><\/p>\n\n\n\n<figure class=\"wp-block-embed is-type-wp-embed is-provider-spiritual-science-research wp-block-embed-spiritual-science-research\"><div class=\"wp-block-embed__wrapper\">\nhttps:\/\/spiritual-science-research.com\/de\/rss-online-in-german\/\n<\/div><\/figure>\n\n\n\n<p>\u221e \u221e \u221e<\/p>\n","protected":false},"excerpt":{"rendered":"<p>Gespr\u00e4ch mit Inessa Burdich. Wie erleben wir den Christus-Impuls? Die geisteswissenschaftliche Forschung zeigt, dass verschiedene Manifestationen des Christus-Impulses heute in den \u00fcbersinnlichen Welten gegenw\u00e4rtig sind. Die verschiedenen Qualit\u00e4ten dieser Manifestationen sind f\u00fcr uns Menschen immer und \u00fcberall greifbar. Wie k\u00f6nnen wir uns aktiv an der geistigen Arbeit beteiligen? In unserer Meditation k\u00f6nnen wir uns mit [&hellip;]<\/p>\n","protected":false},"author":2,"featured_media":0,"parent":0,"menu_order":0,"comment_status":"closed","ping_status":"closed","template":"","meta":{"footnotes":""},"class_list":["post-537","page","type-page","status-publish","hentry"],"translation":{"provider":"WPGlobus","version":"3.0.2","language":"de","enabled_languages":["en","de"],"languages":{"en":{"title":true,"content":true,"excerpt":false},"de":{"title":true,"content":true,"excerpt":false}}},"yoast_head":"<!-- This site is optimized with the Yoast SEO plugin v27.5 - https:\/\/yoast.com\/product\/yoast-seo-wordpress\/ -->\n<title>Vom Christus-Impuls zur Christus-Sonne: Christus-Meditation f\u00fcr die Welt - Spiritual Science Research<\/title>\n<meta name=\"robots\" content=\"index, follow, max-snippet:-1, max-image-preview:large, max-video-preview:-1\" \/>\n<link rel=\"canonical\" href=\"https:\/\/spiritual-science-research.com\/from-the-christ-impulse-to-christ-sun\/\" \/>\n<meta property=\"og:locale\" content=\"de_DE\" \/>\n<meta property=\"og:type\" content=\"article\" \/>\n<meta property=\"og:title\" content=\"Vom Christus-Impuls zur Christus-Sonne: Christus-Meditation f\u00fcr die Welt - Spiritual Science Research\" \/>\n<meta property=\"og:url\" content=\"https:\/\/spiritual-science-research.com\/from-the-christ-impulse-to-christ-sun\/\" \/>\n<meta property=\"og:site_name\" content=\"Spiritual Science Research\" \/>\n<meta property=\"article:modified_time\" content=\"2026-03-19T19:21:00+00:00\" \/>\n<meta property=\"og:image\" content=\"https:\/\/spiritual-science-research.com\/wp-content\/uploads\/2025\/07\/Screenshot-2025-07-20-at-14.39.07.png\" \/>\n\t<meta property=\"og:image:width\" content=\"299\" \/>\n\t<meta property=\"og:image:height\" content=\"617\" \/>\n\t<meta property=\"og:image:type\" content=\"image\/png\" \/>\n<meta name=\"twitter:card\" content=\"summary_large_image\" \/>\n<meta name=\"twitter:label1\" content=\"Est. reading time\" \/>\n\t<meta name=\"twitter:data1\" content=\"1 minute\" \/>\n<script type=\"application\/ld+json\" class=\"yoast-schema-graph\">{\"@context\":\"https:\\\/\\\/schema.org\",\"@graph\":[{\"@type\":\"WebPage\",\"@id\":\"https:\\\/\\\/spiritual-science-research.com\\\/from-the-christ-impulse-to-christ-sun\\\/\",\"url\":\"https:\\\/\\\/spiritual-science-research.com\\\/from-the-christ-impulse-to-christ-sun\\\/\",\"name\":\"Vom Christus-Impuls zur Christus-Sonne: Christus-Meditation f\u00fcr die Welt - Spiritual Science Research\",\"isPartOf\":{\"@id\":\"https:\\\/\\\/spiritual-science-research.com\\\/#website\"},\"primaryImageOfPage\":{\"@id\":\"https:\\\/\\\/spiritual-science-research.com\\\/from-the-christ-impulse-to-christ-sun\\\/#primaryimage\"},\"image\":{\"@id\":\"https:\\\/\\\/spiritual-science-research.com\\\/from-the-christ-impulse-to-christ-sun\\\/#primaryimage\"},\"thumbnailUrl\":\"https:\\\/\\\/spiritual-science-research.com\\\/wp-content\\\/uploads\\\/2025\\\/07\\\/Screenshot-2025-07-20-at-14.39.07.png\",\"datePublished\":\"2023-02-18T13:04:55+00:00\",\"dateModified\":\"2026-03-19T19:21:00+00:00\",\"description\":\"How do we experience the impulse of Christ?\u00a0The spiritual science research shows that various manifestations of the impulse of Christ are present today in the supersensible worlds.\",\"breadcrumb\":{\"@id\":\"https:\\\/\\\/spiritual-science-research.com\\\/from-the-christ-impulse-to-christ-sun\\\/#breadcrumb\"},\"inLanguage\":\"de-DE\",\"potentialAction\":[{\"@type\":\"ReadAction\",\"target\":[\"https:\\\/\\\/spiritual-science-research.com\\\/from-the-christ-impulse-to-christ-sun\\\/\"]}]},{\"@type\":\"ImageObject\",\"inLanguage\":\"de-DE\",\"@id\":\"https:\\\/\\\/spiritual-science-research.com\\\/from-the-christ-impulse-to-christ-sun\\\/#primaryimage\",\"url\":\"https:\\\/\\\/spiritual-science-research.com\\\/wp-content\\\/uploads\\\/2025\\\/07\\\/Screenshot-2025-07-20-at-14.39.07.png\",\"contentUrl\":\"https:\\\/\\\/spiritual-science-research.com\\\/wp-content\\\/uploads\\\/2025\\\/07\\\/Screenshot-2025-07-20-at-14.39.07.png\"},{\"@type\":\"BreadcrumbList\",\"@id\":\"https:\\\/\\\/spiritual-science-research.com\\\/from-the-christ-impulse-to-christ-sun\\\/#breadcrumb\",\"itemListElement\":[{\"@type\":\"ListItem\",\"position\":1,\"name\":\"Home\",\"item\":\"https:\\\/\\\/spiritual-science-research.com\\\/\"},{\"@type\":\"ListItem\",\"position\":2,\"name\":\"From the Impulse of Christ to Christ-Sun\"}]},{\"@type\":\"WebSite\",\"@id\":\"https:\\\/\\\/spiritual-science-research.com\\\/#website\",\"url\":\"https:\\\/\\\/spiritual-science-research.com\\\/\",\"name\":\"Spiritual Science Research\",\"description\":\"Learning by doing\",\"publisher\":{\"@id\":\"https:\\\/\\\/spiritual-science-research.com\\\/#organization\"},\"potentialAction\":[{\"@type\":\"SearchAction\",\"target\":{\"@type\":\"EntryPoint\",\"urlTemplate\":\"https:\\\/\\\/spiritual-science-research.com\\\/?s={search_term_string}\"},\"query-input\":{\"@type\":\"PropertyValueSpecification\",\"valueRequired\":true,\"valueName\":\"search_term_string\"}}],\"inLanguage\":\"de-DE\"},{\"@type\":\"Organization\",\"@id\":\"https:\\\/\\\/spiritual-science-research.com\\\/#organization\",\"name\":\"Spiritual Science Research\",\"url\":\"https:\\\/\\\/spiritual-science-research.com\\\/\",\"logo\":{\"@type\":\"ImageObject\",\"inLanguage\":\"de-DE\",\"@id\":\"https:\\\/\\\/spiritual-science-research.com\\\/#\\\/schema\\\/logo\\\/image\\\/\",\"url\":\"https:\\\/\\\/spiritual-science-research.com\\\/wp-content\\\/uploads\\\/2023\\\/05\\\/Group-337.png\",\"contentUrl\":\"https:\\\/\\\/spiritual-science-research.com\\\/wp-content\\\/uploads\\\/2023\\\/05\\\/Group-337.png\",\"width\":400,\"height\":161,\"caption\":\"Spiritual Science Research\"},\"image\":{\"@id\":\"https:\\\/\\\/spiritual-science-research.com\\\/#\\\/schema\\\/logo\\\/image\\\/\"}}]}<\/script>\n<!-- \/ Yoast SEO plugin. -->","yoast_head_json":{"title":"Vom Christus-Impuls zur Christus-Sonne: Christus-Meditation f\u00fcr die Welt - Spiritual Science Research","robots":{"index":"index","follow":"follow","max-snippet":"max-snippet:-1","max-image-preview":"max-image-preview:large","max-video-preview":"max-video-preview:-1"},"canonical":"https:\/\/spiritual-science-research.com\/from-the-christ-impulse-to-christ-sun\/","og_locale":"de_DE","og_type":"article","og_title":"Vom Christus-Impuls zur Christus-Sonne: Christus-Meditation f\u00fcr die Welt - Spiritual Science Research","og_url":"https:\/\/spiritual-science-research.com\/from-the-christ-impulse-to-christ-sun\/","og_site_name":"Spiritual Science Research","article_modified_time":"2026-03-19T19:21:00+00:00","og_image":[{"width":299,"height":617,"url":"https:\/\/spiritual-science-research.com\/wp-content\/uploads\/2025\/07\/Screenshot-2025-07-20-at-14.39.07.png","type":"image\/png"}],"twitter_card":"summary_large_image","twitter_misc":{"Est. reading time":"1 minute"},"schema":{"@context":"https:\/\/schema.org","@graph":[{"@type":"WebPage","@id":"https:\/\/spiritual-science-research.com\/from-the-christ-impulse-to-christ-sun\/","url":"https:\/\/spiritual-science-research.com\/from-the-christ-impulse-to-christ-sun\/","name":"Vom Christus-Impuls zur Christus-Sonne: Christus-Meditation f\u00fcr die Welt - Spiritual Science Research","isPartOf":{"@id":"https:\/\/spiritual-science-research.com\/#website"},"primaryImageOfPage":{"@id":"https:\/\/spiritual-science-research.com\/from-the-christ-impulse-to-christ-sun\/#primaryimage"},"image":{"@id":"https:\/\/spiritual-science-research.com\/from-the-christ-impulse-to-christ-sun\/#primaryimage"},"thumbnailUrl":"https:\/\/spiritual-science-research.com\/wp-content\/uploads\/2025\/07\/Screenshot-2025-07-20-at-14.39.07.png","datePublished":"2023-02-18T13:04:55+00:00","dateModified":"2026-03-19T19:21:00+00:00","description":"How do we experience the impulse of Christ?\u00a0The spiritual science research shows that various manifestations of the impulse of Christ are present today in the supersensible worlds.","breadcrumb":{"@id":"https:\/\/spiritual-science-research.com\/from-the-christ-impulse-to-christ-sun\/#breadcrumb"},"inLanguage":"de-DE","potentialAction":[{"@type":"ReadAction","target":["https:\/\/spiritual-science-research.com\/from-the-christ-impulse-to-christ-sun\/"]}]},{"@type":"ImageObject","inLanguage":"de-DE","@id":"https:\/\/spiritual-science-research.com\/from-the-christ-impulse-to-christ-sun\/#primaryimage","url":"https:\/\/spiritual-science-research.com\/wp-content\/uploads\/2025\/07\/Screenshot-2025-07-20-at-14.39.07.png","contentUrl":"https:\/\/spiritual-science-research.com\/wp-content\/uploads\/2025\/07\/Screenshot-2025-07-20-at-14.39.07.png"},{"@type":"BreadcrumbList","@id":"https:\/\/spiritual-science-research.com\/from-the-christ-impulse-to-christ-sun\/#breadcrumb","itemListElement":[{"@type":"ListItem","position":1,"name":"Home","item":"https:\/\/spiritual-science-research.com\/"},{"@type":"ListItem","position":2,"name":"From the Impulse of Christ to Christ-Sun"}]},{"@type":"WebSite","@id":"https:\/\/spiritual-science-research.com\/#website","url":"https:\/\/spiritual-science-research.com\/","name":"Spiritual Science Research","description":"Learning by doing","publisher":{"@id":"https:\/\/spiritual-science-research.com\/#organization"},"potentialAction":[{"@type":"SearchAction","target":{"@type":"EntryPoint","urlTemplate":"https:\/\/spiritual-science-research.com\/?s={search_term_string}"},"query-input":{"@type":"PropertyValueSpecification","valueRequired":true,"valueName":"search_term_string"}}],"inLanguage":"de-DE"},{"@type":"Organization","@id":"https:\/\/spiritual-science-research.com\/#organization","name":"Spiritual Science Research","url":"https:\/\/spiritual-science-research.com\/","logo":{"@type":"ImageObject","inLanguage":"de-DE","@id":"https:\/\/spiritual-science-research.com\/#\/schema\/logo\/image\/","url":"https:\/\/spiritual-science-research.com\/wp-content\/uploads\/2023\/05\/Group-337.png","contentUrl":"https:\/\/spiritual-science-research.com\/wp-content\/uploads\/2023\/05\/Group-337.png","width":400,"height":161,"caption":"Spiritual Science Research"},"image":{"@id":"https:\/\/spiritual-science-research.com\/#\/schema\/logo\/image\/"}}]}},"_links":{"self":[{"href":"https:\/\/spiritual-science-research.com\/de\/wp-json\/wp\/v2\/pages\/537","targetHints":{"allow":["GET"]}}],"collection":[{"href":"https:\/\/spiritual-science-research.com\/de\/wp-json\/wp\/v2\/pages"}],"about":[{"href":"https:\/\/spiritual-science-research.com\/de\/wp-json\/wp\/v2\/types\/page"}],"author":[{"embeddable":true,"href":"https:\/\/spiritual-science-research.com\/de\/wp-json\/wp\/v2\/users\/2"}],"replies":[{"embeddable":true,"href":"https:\/\/spiritual-science-research.com\/de\/wp-json\/wp\/v2\/comments?post=537"}],"version-history":[{"count":27,"href":"https:\/\/spiritual-science-research.com\/de\/wp-json\/wp\/v2\/pages\/537\/revisions"}],"predecessor-version":[{"id":7985,"href":"https:\/\/spiritual-science-research.com\/de\/wp-json\/wp\/v2\/pages\/537\/revisions\/7985"}],"wp:attachment":[{"href":"https:\/\/spiritual-science-research.com\/de\/wp-json\/wp\/v2\/media?parent=537"}],"curies":[{"name":"wp","href":"https:\/\/api.w.org\/{rel}","templated":true}]}}