{"id":535,"date":"2023-02-18T13:04:38","date_gmt":"2023-02-18T13:04:38","guid":{"rendered":"http:\/\/spiritual-science-research.com\/?page_id=535"},"modified":"2026-01-12T22:48:32","modified_gmt":"2026-01-12T22:48:32","slug":"structures-and-communities-of-the-higher-worlds","status":"publish","type":"page","link":"https:\/\/spiritual-science-research.com\/de\/structures-and-communities-of-the-higher-worlds\/","title":{"rendered":"Strukturen und Gemeinschaften der h\u00f6heren Welten"},"content":{"rendered":"\n<p>Vortrag mit Inessa Burdich<\/p>\n\n\n\n<figure class=\"wp-block-image size-full\"><img loading=\"lazy\" decoding=\"async\" width=\"936\" height=\"1024\" src=\"https:\/\/spiritual-science-research.com\/wp-content\/uploads\/2026\/01\/Pink_South_cosmic.jpg\" alt=\"\" class=\"wp-image-7313\" srcset=\"https:\/\/spiritual-science-research.com\/wp-content\/uploads\/2026\/01\/Pink_South_cosmic.jpg 936w, https:\/\/spiritual-science-research.com\/wp-content\/uploads\/2026\/01\/Pink_South_cosmic-274x300.jpg 274w, https:\/\/spiritual-science-research.com\/wp-content\/uploads\/2026\/01\/Pink_South_cosmic-768x840.jpg 768w\" sizes=\"auto, (max-width: 936px) 100vw, 936px\" \/><figcaption class=\"wp-element-caption\">Das rosa S\u00fcdfenster zeigt die Erfahrungen, die die Seele macht, wenn das \u00e4therische Sehen auf die kosmische Welt gerichtet ist<\/figcaption><\/figure>\n\n\n\n<p>Menschliche Seelen in den geistigen Welten k\u00f6nnen hoch entwickelt und in Gruppen organisiert sein, um uns, die wir gegenw\u00e4rtig inkarniert sind, zu unterst\u00fctzen. Diese geistigen Gemeinschaften sind mit pr\u00e4zisen Regeln, klaren Strukturen und einer ausgepr\u00e4gten Geometrie auf verschiedenen geistigen Ebenen aufgebaut. Sie halten das Wissen aufrecht und k\u00f6nnen sich mit Gruppen von inkarnierten Menschen verbinden, die die gleichen geistigen Ziele verfolgen.<\/p>\n\n\n\n<p>Aus der direkten \u00fcbersinnlichen Wahrnehmung heraus werden die Gesetze und Strukturen dieser Bruderschaften beschrieben sowie die Prinzipien des spirituellen Gemeinschaftsaufbaus. Wie k\u00f6nnen wir in speziellen Meditationen, in bewussten Tr\u00e4umen oder in der Zeit zwischen den Inkarnationen aktiv werden, um uns mit solchen Gemeinschaften zu verbinden und sie zu unterst\u00fctzen?<\/p>\n\n\n\n<p>\u221e \u221e \u221e<\/p>\n\n\n\n<p><strong>Geisteswissenschaftliche Forschung \u2013 Kursinhalt<\/strong><\/p>\n\n\n\n<figure class=\"wp-block-embed is-type-wp-embed is-provider-spiritual-science-research wp-block-embed-spiritual-science-research\"><div class=\"wp-block-embed__wrapper\">\n<blockquote class=\"wp-embedded-content\" data-secret=\"7N5daMSQxe\"><a href=\"https:\/\/spiritual-science-research.com\/themen\/\">Geisteswissenschaftliche Forschung &#8211; Kursinhalt<\/a><\/blockquote><iframe loading=\"lazy\" class=\"wp-embedded-content\" sandbox=\"allow-scripts\" security=\"restricted\" style=\"position: absolute; visibility: hidden;\" title=\"&#8220;Geisteswissenschaftliche Forschung &#8211; Kursinhalt&#8221; &#8212; Spiritual Science Research\" src=\"https:\/\/spiritual-science-research.com\/themen\/embed\/#?secret=GyjXJRjH3p#?secret=7N5daMSQxe\" data-secret=\"7N5daMSQxe\" width=\"525\" height=\"296\" frameborder=\"0\" marginwidth=\"0\" marginheight=\"0\" scrolling=\"no\"><\/iframe>\n<\/div><\/figure>\n\n\n\n<p>\u221e \u221e \u221e<\/p>\n\n\n\n<p><strong>Geisteswissenschaftliche Forschung \u2013 Online-Kurs auf Deutsch<\/strong><\/p>\n\n\n\n<figure class=\"wp-block-embed is-type-wp-embed is-provider-spiritual-science-research wp-block-embed-spiritual-science-research\"><div class=\"wp-block-embed__wrapper\">\n<blockquote class=\"wp-embedded-content\" data-secret=\"x1UEe7ih4t\"><a href=\"https:\/\/spiritual-science-research.com\/de\/rss-online-in-german\/\">Geisteswissenschaftliche Forschung &#8211; Online-Kurs auf Deutsch<\/a><\/blockquote><iframe loading=\"lazy\" class=\"wp-embedded-content\" sandbox=\"allow-scripts\" security=\"restricted\" style=\"position: absolute; visibility: hidden;\" title=\"&#8220;Geisteswissenschaftliche Forschung &#8211; Online-Kurs auf Deutsch&#8221; &#8212; Spiritual Science Research\" src=\"https:\/\/spiritual-science-research.com\/de\/rss-online-in-german\/embed\/#?secret=lQjn3QMLKs#?secret=x1UEe7ih4t\" data-secret=\"x1UEe7ih4t\" width=\"525\" height=\"296\" frameborder=\"0\" marginwidth=\"0\" marginheight=\"0\" scrolling=\"no\"><\/iframe>\n<\/div><\/figure>\n\n\n\n<p>\u221e \u221e \u221e<\/p>\n","protected":false},"excerpt":{"rendered":"<p>Vortrag mit Inessa Burdich Menschliche Seelen in den geistigen Welten k\u00f6nnen hoch entwickelt und in Gruppen organisiert sein, um uns, die wir gegenw\u00e4rtig inkarniert sind, zu unterst\u00fctzen. Diese geistigen Gemeinschaften sind mit pr\u00e4zisen Regeln, klaren Strukturen und einer ausgepr\u00e4gten Geometrie auf verschiedenen geistigen Ebenen aufgebaut. Sie halten das Wissen aufrecht und k\u00f6nnen sich mit Gruppen [&hellip;]<\/p>\n","protected":false},"author":2,"featured_media":0,"parent":0,"menu_order":0,"comment_status":"closed","ping_status":"closed","template":"","meta":{"footnotes":""},"class_list":["post-535","page","type-page","status-publish","hentry"],"translation":{"provider":"WPGlobus","version":"3.0.2","language":"de","enabled_languages":["en","de"],"languages":{"en":{"title":true,"content":true,"excerpt":false},"de":{"title":true,"content":true,"excerpt":false}}},"yoast_head":"<!-- This site is optimized with the Yoast SEO plugin v27.5 - https:\/\/yoast.com\/product\/yoast-seo-wordpress\/ -->\n<title>Strukturen und Gemeinschaften der h\u00f6heren Welten - Spiritual Science Research<\/title>\n<meta name=\"robots\" content=\"index, follow, max-snippet:-1, max-image-preview:large, max-video-preview:-1\" \/>\n<link rel=\"canonical\" href=\"https:\/\/spiritual-science-research.com\/structures-and-communities-of-the-higher-worlds\/\" \/>\n<meta property=\"og:locale\" content=\"de_DE\" \/>\n<meta property=\"og:type\" content=\"article\" \/>\n<meta property=\"og:title\" content=\"Strukturen und Gemeinschaften der h\u00f6heren Welten - Spiritual Science Research\" \/>\n<meta property=\"og:url\" content=\"https:\/\/spiritual-science-research.com\/structures-and-communities-of-the-higher-worlds\/\" \/>\n<meta property=\"og:site_name\" content=\"Spiritual Science Research\" \/>\n<meta property=\"article:modified_time\" content=\"2026-01-12T22:48:32+00:00\" \/>\n<meta property=\"og:image\" content=\"https:\/\/spiritual-science-research.com\/wp-content\/uploads\/2026\/01\/Pink_South_cosmic.jpg\" \/>\n\t<meta property=\"og:image:width\" content=\"936\" \/>\n\t<meta property=\"og:image:height\" content=\"1024\" \/>\n\t<meta property=\"og:image:type\" content=\"image\/jpeg\" \/>\n<meta name=\"twitter:card\" content=\"summary_large_image\" \/>\n<meta name=\"twitter:label1\" content=\"Est. reading time\" \/>\n\t<meta name=\"twitter:data1\" content=\"1 minute\" \/>\n<script type=\"application\/ld+json\" class=\"yoast-schema-graph\">{\"@context\":\"https:\\\/\\\/schema.org\",\"@graph\":[{\"@type\":\"WebPage\",\"@id\":\"https:\\\/\\\/spiritual-science-research.com\\\/structures-and-communities-of-the-higher-worlds\\\/\",\"url\":\"https:\\\/\\\/spiritual-science-research.com\\\/structures-and-communities-of-the-higher-worlds\\\/\",\"name\":\"Strukturen und Gemeinschaften der h\u00f6heren Welten - Spiritual Science Research\",\"isPartOf\":{\"@id\":\"https:\\\/\\\/spiritual-science-research.com\\\/#website\"},\"primaryImageOfPage\":{\"@id\":\"https:\\\/\\\/spiritual-science-research.com\\\/structures-and-communities-of-the-higher-worlds\\\/#primaryimage\"},\"image\":{\"@id\":\"https:\\\/\\\/spiritual-science-research.com\\\/structures-and-communities-of-the-higher-worlds\\\/#primaryimage\"},\"thumbnailUrl\":\"https:\\\/\\\/spiritual-science-research.com\\\/wp-content\\\/uploads\\\/2026\\\/01\\\/Pink_South_cosmic.jpg\",\"datePublished\":\"2023-02-18T13:04:38+00:00\",\"dateModified\":\"2026-01-12T22:48:32+00:00\",\"description\":\"% % {:en} Talk with Inessa Burdich The pink south window shows the experiences that the soul goes through when the etheric vision is directed towards the % %\",\"breadcrumb\":{\"@id\":\"https:\\\/\\\/spiritual-science-research.com\\\/structures-and-communities-of-the-higher-worlds\\\/#breadcrumb\"},\"inLanguage\":\"de-DE\",\"potentialAction\":[{\"@type\":\"ReadAction\",\"target\":[\"https:\\\/\\\/spiritual-science-research.com\\\/structures-and-communities-of-the-higher-worlds\\\/\"]}]},{\"@type\":\"ImageObject\",\"inLanguage\":\"de-DE\",\"@id\":\"https:\\\/\\\/spiritual-science-research.com\\\/structures-and-communities-of-the-higher-worlds\\\/#primaryimage\",\"url\":\"https:\\\/\\\/spiritual-science-research.com\\\/wp-content\\\/uploads\\\/2026\\\/01\\\/Pink_South_cosmic.jpg\",\"contentUrl\":\"https:\\\/\\\/spiritual-science-research.com\\\/wp-content\\\/uploads\\\/2026\\\/01\\\/Pink_South_cosmic.jpg\"},{\"@type\":\"BreadcrumbList\",\"@id\":\"https:\\\/\\\/spiritual-science-research.com\\\/structures-and-communities-of-the-higher-worlds\\\/#breadcrumb\",\"itemListElement\":[{\"@type\":\"ListItem\",\"position\":1,\"name\":\"Home\",\"item\":\"https:\\\/\\\/spiritual-science-research.com\\\/\"},{\"@type\":\"ListItem\",\"position\":2,\"name\":\"Structures and Communities of the Higher Worlds\"}]},{\"@type\":\"WebSite\",\"@id\":\"https:\\\/\\\/spiritual-science-research.com\\\/#website\",\"url\":\"https:\\\/\\\/spiritual-science-research.com\\\/\",\"name\":\"Spiritual Science Research\",\"description\":\"Learning by doing\",\"publisher\":{\"@id\":\"https:\\\/\\\/spiritual-science-research.com\\\/#organization\"},\"potentialAction\":[{\"@type\":\"SearchAction\",\"target\":{\"@type\":\"EntryPoint\",\"urlTemplate\":\"https:\\\/\\\/spiritual-science-research.com\\\/?s={search_term_string}\"},\"query-input\":{\"@type\":\"PropertyValueSpecification\",\"valueRequired\":true,\"valueName\":\"search_term_string\"}}],\"inLanguage\":\"de-DE\"},{\"@type\":\"Organization\",\"@id\":\"https:\\\/\\\/spiritual-science-research.com\\\/#organization\",\"name\":\"Spiritual Science Research\",\"url\":\"https:\\\/\\\/spiritual-science-research.com\\\/\",\"logo\":{\"@type\":\"ImageObject\",\"inLanguage\":\"de-DE\",\"@id\":\"https:\\\/\\\/spiritual-science-research.com\\\/#\\\/schema\\\/logo\\\/image\\\/\",\"url\":\"https:\\\/\\\/spiritual-science-research.com\\\/wp-content\\\/uploads\\\/2023\\\/05\\\/Group-337.png\",\"contentUrl\":\"https:\\\/\\\/spiritual-science-research.com\\\/wp-content\\\/uploads\\\/2023\\\/05\\\/Group-337.png\",\"width\":400,\"height\":161,\"caption\":\"Spiritual Science Research\"},\"image\":{\"@id\":\"https:\\\/\\\/spiritual-science-research.com\\\/#\\\/schema\\\/logo\\\/image\\\/\"}}]}<\/script>\n<!-- \/ Yoast SEO plugin. -->","yoast_head_json":{"title":"Strukturen und Gemeinschaften der h\u00f6heren Welten - Spiritual Science Research","robots":{"index":"index","follow":"follow","max-snippet":"max-snippet:-1","max-image-preview":"max-image-preview:large","max-video-preview":"max-video-preview:-1"},"canonical":"https:\/\/spiritual-science-research.com\/structures-and-communities-of-the-higher-worlds\/","og_locale":"de_DE","og_type":"article","og_title":"Strukturen und Gemeinschaften der h\u00f6heren Welten - Spiritual Science Research","og_url":"https:\/\/spiritual-science-research.com\/structures-and-communities-of-the-higher-worlds\/","og_site_name":"Spiritual Science Research","article_modified_time":"2026-01-12T22:48:32+00:00","og_image":[{"width":936,"height":1024,"url":"https:\/\/spiritual-science-research.com\/wp-content\/uploads\/2026\/01\/Pink_South_cosmic.jpg","type":"image\/jpeg"}],"twitter_card":"summary_large_image","twitter_misc":{"Est. reading time":"1 minute"},"schema":{"@context":"https:\/\/schema.org","@graph":[{"@type":"WebPage","@id":"https:\/\/spiritual-science-research.com\/structures-and-communities-of-the-higher-worlds\/","url":"https:\/\/spiritual-science-research.com\/structures-and-communities-of-the-higher-worlds\/","name":"Strukturen und Gemeinschaften der h\u00f6heren Welten - Spiritual Science Research","isPartOf":{"@id":"https:\/\/spiritual-science-research.com\/#website"},"primaryImageOfPage":{"@id":"https:\/\/spiritual-science-research.com\/structures-and-communities-of-the-higher-worlds\/#primaryimage"},"image":{"@id":"https:\/\/spiritual-science-research.com\/structures-and-communities-of-the-higher-worlds\/#primaryimage"},"thumbnailUrl":"https:\/\/spiritual-science-research.com\/wp-content\/uploads\/2026\/01\/Pink_South_cosmic.jpg","datePublished":"2023-02-18T13:04:38+00:00","dateModified":"2026-01-12T22:48:32+00:00","description":"% % {:en} Talk with Inessa Burdich The pink south window shows the experiences that the soul goes through when the etheric vision is directed towards the % %","breadcrumb":{"@id":"https:\/\/spiritual-science-research.com\/structures-and-communities-of-the-higher-worlds\/#breadcrumb"},"inLanguage":"de-DE","potentialAction":[{"@type":"ReadAction","target":["https:\/\/spiritual-science-research.com\/structures-and-communities-of-the-higher-worlds\/"]}]},{"@type":"ImageObject","inLanguage":"de-DE","@id":"https:\/\/spiritual-science-research.com\/structures-and-communities-of-the-higher-worlds\/#primaryimage","url":"https:\/\/spiritual-science-research.com\/wp-content\/uploads\/2026\/01\/Pink_South_cosmic.jpg","contentUrl":"https:\/\/spiritual-science-research.com\/wp-content\/uploads\/2026\/01\/Pink_South_cosmic.jpg"},{"@type":"BreadcrumbList","@id":"https:\/\/spiritual-science-research.com\/structures-and-communities-of-the-higher-worlds\/#breadcrumb","itemListElement":[{"@type":"ListItem","position":1,"name":"Home","item":"https:\/\/spiritual-science-research.com\/"},{"@type":"ListItem","position":2,"name":"Structures and Communities of the Higher Worlds"}]},{"@type":"WebSite","@id":"https:\/\/spiritual-science-research.com\/#website","url":"https:\/\/spiritual-science-research.com\/","name":"Spiritual Science Research","description":"Learning by doing","publisher":{"@id":"https:\/\/spiritual-science-research.com\/#organization"},"potentialAction":[{"@type":"SearchAction","target":{"@type":"EntryPoint","urlTemplate":"https:\/\/spiritual-science-research.com\/?s={search_term_string}"},"query-input":{"@type":"PropertyValueSpecification","valueRequired":true,"valueName":"search_term_string"}}],"inLanguage":"de-DE"},{"@type":"Organization","@id":"https:\/\/spiritual-science-research.com\/#organization","name":"Spiritual Science Research","url":"https:\/\/spiritual-science-research.com\/","logo":{"@type":"ImageObject","inLanguage":"de-DE","@id":"https:\/\/spiritual-science-research.com\/#\/schema\/logo\/image\/","url":"https:\/\/spiritual-science-research.com\/wp-content\/uploads\/2023\/05\/Group-337.png","contentUrl":"https:\/\/spiritual-science-research.com\/wp-content\/uploads\/2023\/05\/Group-337.png","width":400,"height":161,"caption":"Spiritual Science Research"},"image":{"@id":"https:\/\/spiritual-science-research.com\/#\/schema\/logo\/image\/"}}]}},"_links":{"self":[{"href":"https:\/\/spiritual-science-research.com\/de\/wp-json\/wp\/v2\/pages\/535","targetHints":{"allow":["GET"]}}],"collection":[{"href":"https:\/\/spiritual-science-research.com\/de\/wp-json\/wp\/v2\/pages"}],"about":[{"href":"https:\/\/spiritual-science-research.com\/de\/wp-json\/wp\/v2\/types\/page"}],"author":[{"embeddable":true,"href":"https:\/\/spiritual-science-research.com\/de\/wp-json\/wp\/v2\/users\/2"}],"replies":[{"embeddable":true,"href":"https:\/\/spiritual-science-research.com\/de\/wp-json\/wp\/v2\/comments?post=535"}],"version-history":[{"count":14,"href":"https:\/\/spiritual-science-research.com\/de\/wp-json\/wp\/v2\/pages\/535\/revisions"}],"predecessor-version":[{"id":7323,"href":"https:\/\/spiritual-science-research.com\/de\/wp-json\/wp\/v2\/pages\/535\/revisions\/7323"}],"wp:attachment":[{"href":"https:\/\/spiritual-science-research.com\/de\/wp-json\/wp\/v2\/media?parent=535"}],"curies":[{"name":"wp","href":"https:\/\/api.w.org\/{rel}","templated":true}]}}