{"id":533,"date":"2023-02-18T13:04:19","date_gmt":"2023-02-18T13:04:19","guid":{"rendered":"http:\/\/spiritual-science-research.com\/?page_id=533"},"modified":"2026-01-12T22:49:59","modified_gmt":"2026-01-12T22:49:59","slug":"modern-initiation","status":"publish","type":"page","link":"https:\/\/spiritual-science-research.com\/de\/modern-initiation\/","title":{"rendered":"Moderne Einweihung \u2013 Der praktische und transformative Weg der Anthroposophie"},"content":{"rendered":"\n<p>Vortrag mit Inessa Burdich<\/p>\n\n\n\n<figure class=\"wp-block-image size-large\"><img loading=\"lazy\" decoding=\"async\" width=\"931\" height=\"1024\" src=\"https:\/\/spiritual-science-research.com\/wp-content\/uploads\/2026\/01\/Screenshot-2026-01-12-at-23.33.03-931x1024.png\" alt=\"\" class=\"wp-image-7307\" srcset=\"https:\/\/spiritual-science-research.com\/wp-content\/uploads\/2026\/01\/Screenshot-2026-01-12-at-23.33.03-931x1024.png 931w, https:\/\/spiritual-science-research.com\/wp-content\/uploads\/2026\/01\/Screenshot-2026-01-12-at-23.33.03-273x300.png 273w, https:\/\/spiritual-science-research.com\/wp-content\/uploads\/2026\/01\/Screenshot-2026-01-12-at-23.33.03-768x845.png 768w, https:\/\/spiritual-science-research.com\/wp-content\/uploads\/2026\/01\/Screenshot-2026-01-12-at-23.33.03.png 1444w\" sizes=\"auto, (max-width: 931px) 100vw, 931px\" \/><figcaption class=\"wp-element-caption\">Das rosa Nordfenster zeigt die Erfahrungen, die die menschliche Seele macht, wenn das \u00e4therische Sehen auf das Innere des Menschen gerichtet ist<\/figcaption><\/figure>\n\n\n\n<p>Wie wird die Erkenntnis der h\u00f6heren Welten im Sinne einer spirituellen (nicht-physischen) Entwicklung erreicht? Die Anthroposophie ist ein spiritueller Weg, auf dem wir uns schlie\u00dflich der h\u00f6heren Welten bewusst werden k\u00f6nnen. Wir alle haben das Potenzial dazu, und die Anthroposophie bringt Mittel, dieses Potenzial zu verwirklichen.<\/p>\n\n\n\n<p>Dazu ist eine innere Schulung notwendig, die sowohl die Selbststeuerung als auch die Entwicklung eines ausgepr\u00e4gten Sinnes f\u00fcr Moral und Mitgef\u00fchl erm\u00f6glicht. Diese erm\u00f6glichen es uns, alle Pr\u00fcfungen oder Herausforderungen zu ertragen, die uns auf unserem Weg begegnen k\u00f6nnen. In dem Vortrag werden wir einige praktische Methoden der Selbsterkenntnis und bestimmte Etappen auf dem Pfad besprechen.<\/p>\n\n\n\n<p>\u221e \u221e \u221e<\/p>\n\n\n\n<p><\/p>\n\n\n\n<p><strong>Geisteswissenschaftliche Forschung \u2013 Kursinhalt<\/strong><\/p>\n\n\n\n<figure class=\"wp-block-embed is-type-wp-embed is-provider-spiritual-science-research wp-block-embed-spiritual-science-research\"><div class=\"wp-block-embed__wrapper\">\n<blockquote class=\"wp-embedded-content\" data-secret=\"kFxWDmew2T\"><a href=\"https:\/\/spiritual-science-research.com\/themen\/\">Geisteswissenschaftliche Forschung &#8211; Kursinhalt<\/a><\/blockquote><iframe loading=\"lazy\" class=\"wp-embedded-content\" sandbox=\"allow-scripts\" security=\"restricted\" style=\"position: absolute; visibility: hidden;\" title=\"&#8220;Geisteswissenschaftliche Forschung &#8211; Kursinhalt&#8221; &#8212; Spiritual Science Research\" src=\"https:\/\/spiritual-science-research.com\/themen\/embed\/#?secret=yAv9h43TzS#?secret=kFxWDmew2T\" data-secret=\"kFxWDmew2T\" width=\"525\" height=\"296\" frameborder=\"0\" marginwidth=\"0\" marginheight=\"0\" scrolling=\"no\"><\/iframe>\n<\/div><\/figure>\n\n\n\n<p>\u221e \u221e \u221e<\/p>\n\n\n\n<p><strong>Geisteswissenschaftliche Forschung \u2013 Online-Kurs auf Deutsch<\/strong><\/p>\n\n\n\n<figure class=\"wp-block-embed is-type-wp-embed is-provider-spiritual-science-research wp-block-embed-spiritual-science-research\"><div class=\"wp-block-embed__wrapper\">\n<blockquote class=\"wp-embedded-content\" data-secret=\"C0V2IhxsT2\"><a href=\"https:\/\/spiritual-science-research.com\/de\/rss-online-in-german\/\">Geisteswissenschaftliche Forschung &#8211; Online-Kurs auf Deutsch<\/a><\/blockquote><iframe loading=\"lazy\" class=\"wp-embedded-content\" sandbox=\"allow-scripts\" security=\"restricted\" style=\"position: absolute; visibility: hidden;\" title=\"&#8220;Geisteswissenschaftliche Forschung &#8211; Online-Kurs auf Deutsch&#8221; &#8212; Spiritual Science Research\" src=\"https:\/\/spiritual-science-research.com\/de\/rss-online-in-german\/embed\/#?secret=LpGiYcJxmn#?secret=C0V2IhxsT2\" data-secret=\"C0V2IhxsT2\" width=\"525\" height=\"296\" frameborder=\"0\" marginwidth=\"0\" marginheight=\"0\" scrolling=\"no\"><\/iframe>\n<\/div><\/figure>\n\n\n\n<p>\u221e \u221e \u221e<\/p>\n","protected":false},"excerpt":{"rendered":"<p>Vortrag mit Inessa Burdich Wie wird die Erkenntnis der h\u00f6heren Welten im Sinne einer spirituellen (nicht-physischen) Entwicklung erreicht? Die Anthroposophie ist ein spiritueller Weg, auf dem wir uns schlie\u00dflich der h\u00f6heren Welten bewusst werden k\u00f6nnen. Wir alle haben das Potenzial dazu, und die Anthroposophie bringt Mittel, dieses Potenzial zu verwirklichen. Dazu ist eine innere Schulung [&hellip;]<\/p>\n","protected":false},"author":2,"featured_media":0,"parent":0,"menu_order":0,"comment_status":"closed","ping_status":"closed","template":"","meta":{"footnotes":""},"class_list":["post-533","page","type-page","status-publish","hentry"],"translation":{"provider":"WPGlobus","version":"3.0.2","language":"de","enabled_languages":["en","de"],"languages":{"en":{"title":true,"content":true,"excerpt":false},"de":{"title":true,"content":true,"excerpt":false}}},"yoast_head":"<!-- This site is optimized with the Yoast SEO plugin v27.5 - https:\/\/yoast.com\/product\/yoast-seo-wordpress\/ -->\n<title>Moderne Einweihung \u2013 Der praktische und transformative Weg der Anthroposophie - Spiritual Science Research<\/title>\n<meta name=\"robots\" content=\"index, follow, max-snippet:-1, max-image-preview:large, max-video-preview:-1\" \/>\n<link rel=\"canonical\" href=\"https:\/\/spiritual-science-research.com\/modern-initiation\/\" \/>\n<meta property=\"og:locale\" content=\"de_DE\" \/>\n<meta property=\"og:type\" content=\"article\" \/>\n<meta property=\"og:title\" content=\"Moderne Einweihung \u2013 Der praktische und transformative Weg der Anthroposophie - Spiritual Science Research\" \/>\n<meta property=\"og:url\" content=\"https:\/\/spiritual-science-research.com\/modern-initiation\/\" \/>\n<meta property=\"og:site_name\" content=\"Spiritual Science Research\" \/>\n<meta property=\"article:modified_time\" content=\"2026-01-12T22:49:59+00:00\" \/>\n<meta property=\"og:image\" content=\"https:\/\/spiritual-science-research.com\/wp-content\/uploads\/2026\/01\/Screenshot-2026-01-12-at-23.33.03-931x1024.png\" \/>\n\t<meta property=\"og:image:width\" content=\"931\" \/>\n\t<meta property=\"og:image:height\" content=\"1024\" \/>\n\t<meta property=\"og:image:type\" content=\"image\/png\" \/>\n<meta name=\"twitter:card\" content=\"summary_large_image\" \/>\n<meta name=\"twitter:label1\" content=\"Est. reading time\" \/>\n\t<meta name=\"twitter:data1\" content=\"1 minute\" \/>\n<script type=\"application\/ld+json\" class=\"yoast-schema-graph\">{\"@context\":\"https:\\\/\\\/schema.org\",\"@graph\":[{\"@type\":\"WebPage\",\"@id\":\"https:\\\/\\\/spiritual-science-research.com\\\/modern-initiation\\\/\",\"url\":\"https:\\\/\\\/spiritual-science-research.com\\\/modern-initiation\\\/\",\"name\":\"Moderne Einweihung \u2013 Der praktische und transformative Weg der Anthroposophie - Spiritual Science Research\",\"isPartOf\":{\"@id\":\"https:\\\/\\\/spiritual-science-research.com\\\/#website\"},\"primaryImageOfPage\":{\"@id\":\"https:\\\/\\\/spiritual-science-research.com\\\/modern-initiation\\\/#primaryimage\"},\"image\":{\"@id\":\"https:\\\/\\\/spiritual-science-research.com\\\/modern-initiation\\\/#primaryimage\"},\"thumbnailUrl\":\"https:\\\/\\\/spiritual-science-research.com\\\/wp-content\\\/uploads\\\/2026\\\/01\\\/Screenshot-2026-01-12-at-23.33.03-931x1024.png\",\"datePublished\":\"2023-02-18T13:04:19+00:00\",\"dateModified\":\"2026-01-12T22:49:59+00:00\",\"description\":\"% % {:en} talk with Inessa Burdich The pink north window depicts the experiences that the human soul goes through when the etheric vision is directed towards % %\",\"breadcrumb\":{\"@id\":\"https:\\\/\\\/spiritual-science-research.com\\\/modern-initiation\\\/#breadcrumb\"},\"inLanguage\":\"de-DE\",\"potentialAction\":[{\"@type\":\"ReadAction\",\"target\":[\"https:\\\/\\\/spiritual-science-research.com\\\/modern-initiation\\\/\"]}]},{\"@type\":\"ImageObject\",\"inLanguage\":\"de-DE\",\"@id\":\"https:\\\/\\\/spiritual-science-research.com\\\/modern-initiation\\\/#primaryimage\",\"url\":\"https:\\\/\\\/spiritual-science-research.com\\\/wp-content\\\/uploads\\\/2026\\\/01\\\/Screenshot-2026-01-12-at-23.33.03-931x1024.png\",\"contentUrl\":\"https:\\\/\\\/spiritual-science-research.com\\\/wp-content\\\/uploads\\\/2026\\\/01\\\/Screenshot-2026-01-12-at-23.33.03-931x1024.png\"},{\"@type\":\"BreadcrumbList\",\"@id\":\"https:\\\/\\\/spiritual-science-research.com\\\/modern-initiation\\\/#breadcrumb\",\"itemListElement\":[{\"@type\":\"ListItem\",\"position\":1,\"name\":\"Home\",\"item\":\"https:\\\/\\\/spiritual-science-research.com\\\/\"},{\"@type\":\"ListItem\",\"position\":2,\"name\":\"Modern Initiation\"}]},{\"@type\":\"WebSite\",\"@id\":\"https:\\\/\\\/spiritual-science-research.com\\\/#website\",\"url\":\"https:\\\/\\\/spiritual-science-research.com\\\/\",\"name\":\"Spiritual Science Research\",\"description\":\"Learning by doing\",\"publisher\":{\"@id\":\"https:\\\/\\\/spiritual-science-research.com\\\/#organization\"},\"potentialAction\":[{\"@type\":\"SearchAction\",\"target\":{\"@type\":\"EntryPoint\",\"urlTemplate\":\"https:\\\/\\\/spiritual-science-research.com\\\/?s={search_term_string}\"},\"query-input\":{\"@type\":\"PropertyValueSpecification\",\"valueRequired\":true,\"valueName\":\"search_term_string\"}}],\"inLanguage\":\"de-DE\"},{\"@type\":\"Organization\",\"@id\":\"https:\\\/\\\/spiritual-science-research.com\\\/#organization\",\"name\":\"Spiritual Science Research\",\"url\":\"https:\\\/\\\/spiritual-science-research.com\\\/\",\"logo\":{\"@type\":\"ImageObject\",\"inLanguage\":\"de-DE\",\"@id\":\"https:\\\/\\\/spiritual-science-research.com\\\/#\\\/schema\\\/logo\\\/image\\\/\",\"url\":\"https:\\\/\\\/spiritual-science-research.com\\\/wp-content\\\/uploads\\\/2023\\\/05\\\/Group-337.png\",\"contentUrl\":\"https:\\\/\\\/spiritual-science-research.com\\\/wp-content\\\/uploads\\\/2023\\\/05\\\/Group-337.png\",\"width\":400,\"height\":161,\"caption\":\"Spiritual Science Research\"},\"image\":{\"@id\":\"https:\\\/\\\/spiritual-science-research.com\\\/#\\\/schema\\\/logo\\\/image\\\/\"}}]}<\/script>\n<!-- \/ Yoast SEO plugin. -->","yoast_head_json":{"title":"Moderne Einweihung \u2013 Der praktische und transformative Weg der Anthroposophie - Spiritual Science Research","robots":{"index":"index","follow":"follow","max-snippet":"max-snippet:-1","max-image-preview":"max-image-preview:large","max-video-preview":"max-video-preview:-1"},"canonical":"https:\/\/spiritual-science-research.com\/modern-initiation\/","og_locale":"de_DE","og_type":"article","og_title":"Moderne Einweihung \u2013 Der praktische und transformative Weg der Anthroposophie - Spiritual Science Research","og_url":"https:\/\/spiritual-science-research.com\/modern-initiation\/","og_site_name":"Spiritual Science Research","article_modified_time":"2026-01-12T22:49:59+00:00","og_image":[{"width":931,"height":1024,"url":"https:\/\/spiritual-science-research.com\/wp-content\/uploads\/2026\/01\/Screenshot-2026-01-12-at-23.33.03-931x1024.png","type":"image\/png"}],"twitter_card":"summary_large_image","twitter_misc":{"Est. reading time":"1 minute"},"schema":{"@context":"https:\/\/schema.org","@graph":[{"@type":"WebPage","@id":"https:\/\/spiritual-science-research.com\/modern-initiation\/","url":"https:\/\/spiritual-science-research.com\/modern-initiation\/","name":"Moderne Einweihung \u2013 Der praktische und transformative Weg der Anthroposophie - Spiritual Science Research","isPartOf":{"@id":"https:\/\/spiritual-science-research.com\/#website"},"primaryImageOfPage":{"@id":"https:\/\/spiritual-science-research.com\/modern-initiation\/#primaryimage"},"image":{"@id":"https:\/\/spiritual-science-research.com\/modern-initiation\/#primaryimage"},"thumbnailUrl":"https:\/\/spiritual-science-research.com\/wp-content\/uploads\/2026\/01\/Screenshot-2026-01-12-at-23.33.03-931x1024.png","datePublished":"2023-02-18T13:04:19+00:00","dateModified":"2026-01-12T22:49:59+00:00","description":"% % {:en} talk with Inessa Burdich The pink north window depicts the experiences that the human soul goes through when the etheric vision is directed towards % %","breadcrumb":{"@id":"https:\/\/spiritual-science-research.com\/modern-initiation\/#breadcrumb"},"inLanguage":"de-DE","potentialAction":[{"@type":"ReadAction","target":["https:\/\/spiritual-science-research.com\/modern-initiation\/"]}]},{"@type":"ImageObject","inLanguage":"de-DE","@id":"https:\/\/spiritual-science-research.com\/modern-initiation\/#primaryimage","url":"https:\/\/spiritual-science-research.com\/wp-content\/uploads\/2026\/01\/Screenshot-2026-01-12-at-23.33.03-931x1024.png","contentUrl":"https:\/\/spiritual-science-research.com\/wp-content\/uploads\/2026\/01\/Screenshot-2026-01-12-at-23.33.03-931x1024.png"},{"@type":"BreadcrumbList","@id":"https:\/\/spiritual-science-research.com\/modern-initiation\/#breadcrumb","itemListElement":[{"@type":"ListItem","position":1,"name":"Home","item":"https:\/\/spiritual-science-research.com\/"},{"@type":"ListItem","position":2,"name":"Modern Initiation"}]},{"@type":"WebSite","@id":"https:\/\/spiritual-science-research.com\/#website","url":"https:\/\/spiritual-science-research.com\/","name":"Spiritual Science Research","description":"Learning by doing","publisher":{"@id":"https:\/\/spiritual-science-research.com\/#organization"},"potentialAction":[{"@type":"SearchAction","target":{"@type":"EntryPoint","urlTemplate":"https:\/\/spiritual-science-research.com\/?s={search_term_string}"},"query-input":{"@type":"PropertyValueSpecification","valueRequired":true,"valueName":"search_term_string"}}],"inLanguage":"de-DE"},{"@type":"Organization","@id":"https:\/\/spiritual-science-research.com\/#organization","name":"Spiritual Science Research","url":"https:\/\/spiritual-science-research.com\/","logo":{"@type":"ImageObject","inLanguage":"de-DE","@id":"https:\/\/spiritual-science-research.com\/#\/schema\/logo\/image\/","url":"https:\/\/spiritual-science-research.com\/wp-content\/uploads\/2023\/05\/Group-337.png","contentUrl":"https:\/\/spiritual-science-research.com\/wp-content\/uploads\/2023\/05\/Group-337.png","width":400,"height":161,"caption":"Spiritual Science Research"},"image":{"@id":"https:\/\/spiritual-science-research.com\/#\/schema\/logo\/image\/"}}]}},"_links":{"self":[{"href":"https:\/\/spiritual-science-research.com\/de\/wp-json\/wp\/v2\/pages\/533","targetHints":{"allow":["GET"]}}],"collection":[{"href":"https:\/\/spiritual-science-research.com\/de\/wp-json\/wp\/v2\/pages"}],"about":[{"href":"https:\/\/spiritual-science-research.com\/de\/wp-json\/wp\/v2\/types\/page"}],"author":[{"embeddable":true,"href":"https:\/\/spiritual-science-research.com\/de\/wp-json\/wp\/v2\/users\/2"}],"replies":[{"embeddable":true,"href":"https:\/\/spiritual-science-research.com\/de\/wp-json\/wp\/v2\/comments?post=533"}],"version-history":[{"count":22,"href":"https:\/\/spiritual-science-research.com\/de\/wp-json\/wp\/v2\/pages\/533\/revisions"}],"predecessor-version":[{"id":7324,"href":"https:\/\/spiritual-science-research.com\/de\/wp-json\/wp\/v2\/pages\/533\/revisions\/7324"}],"wp:attachment":[{"href":"https:\/\/spiritual-science-research.com\/de\/wp-json\/wp\/v2\/media?parent=533"}],"curies":[{"name":"wp","href":"https:\/\/api.w.org\/{rel}","templated":true}]}}