{"id":5029,"date":"2025-04-13T14:34:43","date_gmt":"2025-04-13T14:34:43","guid":{"rendered":"https:\/\/spiritual-science-research.com\/?page_id=5029"},"modified":"2026-03-30T15:09:43","modified_gmt":"2026-03-30T15:09:43","slug":"online-research-course-on-steiners-6-exercises","status":"publish","type":"page","link":"https:\/\/spiritual-science-research.com\/de\/online-research-course-on-steiners-6-exercises\/","title":{"rendered":"Die Sieben \u00dcbungen Forschungskurs"},"content":{"rendered":"<\/p>\n\n\n<p><\/p>\n\n\n\n<p>Der Geisteswissenschaftliche Forschungskurs: die Sieben grundlegende \u00dcbungen &#8211; Online-Kurs auf Deutsch<\/p>\n\n\n\n<p>mit Inessa Burdich<\/p>\n\n\n\n<figure class=\"wp-block-image size-large\"><img loading=\"lazy\" decoding=\"async\" width=\"1024\" height=\"660\" src=\"https:\/\/spiritual-science-research.com\/wp-content\/uploads\/2025\/04\/photo_2025-04-13_17-22-46-1024x660.jpg\" alt=\"\" class=\"wp-image-5023\" srcset=\"https:\/\/spiritual-science-research.com\/wp-content\/uploads\/2025\/04\/photo_2025-04-13_17-22-46-1024x660.jpg 1024w, https:\/\/spiritual-science-research.com\/wp-content\/uploads\/2025\/04\/photo_2025-04-13_17-22-46-300x193.jpg 300w, https:\/\/spiritual-science-research.com\/wp-content\/uploads\/2025\/04\/photo_2025-04-13_17-22-46-768x495.jpg 768w, https:\/\/spiritual-science-research.com\/wp-content\/uploads\/2025\/04\/photo_2025-04-13_17-22-46.jpg 1280w\" sizes=\"auto, (max-width: 1024px) 100vw, 1024px\" \/><\/figure>\n\n\n\n<p>Dieser Geisteswissenschaftliche Forschungskurs: die sieben grundlegende \u00dcbungen &#8211; l\u00e4dt dazu ein, die sieben grundlegenden \u00dcbungen Rudolf Steiners zu erforschen und praktisch zu vertiefen.<br>Er richtet sich an alle, die bereits am Kurs <em>Geisteswissenschaftliche Forschung<\/em> teilgenommen haben und ihre spirituelle Entwicklung mit diesen grundlegenden Praxis weiter vertiefen m\u00f6chten.<\/p>\n\n\n\n<p>Gemeinsam schaffen wir einen Raum, um uns wieder mit den wesentlichen Qualit\u00e4ten der \u00dcbungen zu verbinden, eure innere Praxis zu erfrischen und zu st\u00e4rken.<br>F\u00fcnf der \u00dcbungen bestehen jeweils aus zwei aufeinander abgestimmten Teilen.<br>Durch gemeinschaftliche spirituell-wissenschaftliche Forschung und anthroposophische Meditation erschlie\u00dfen wir jedes Thema in seiner Tiefe.<\/p>\n\n\n\n<p>Unsere Arbeit entfaltet sich in gro\u00dfen und kleinen Gruppen und bietet Raum f\u00fcr lebendige Erfahrungen und gemeinsame Reflexionen.<\/p>\n\n\n\n<figure class=\"wp-block-image size-large\"><img loading=\"lazy\" decoding=\"async\" width=\"1024\" height=\"521\" src=\"https:\/\/spiritual-science-research.com\/wp-content\/uploads\/2025\/05\/Screenshot-2025-05-27-at-14.05.18-1024x521.png\" alt=\"\" class=\"wp-image-5473\" srcset=\"https:\/\/spiritual-science-research.com\/wp-content\/uploads\/2025\/05\/Screenshot-2025-05-27-at-14.05.18-1024x521.png 1024w, https:\/\/spiritual-science-research.com\/wp-content\/uploads\/2025\/05\/Screenshot-2025-05-27-at-14.05.18-300x153.png 300w, https:\/\/spiritual-science-research.com\/wp-content\/uploads\/2025\/05\/Screenshot-2025-05-27-at-14.05.18.png 2014w\" sizes=\"auto, (max-width: 1024px) 100vw, 1024px\" \/><\/figure>\n\n\n\n<p>\u221e \u221e \u221e<\/p>\n\n\n\n<blockquote class=\"wp-block-quote is-layout-flow wp-block-quote-is-layout-flow\">\n<p class=\"has-vivid-cyan-blue-color has-text-color has-link-color wp-elements-448bea57af6d74494299087b169f24c7\"><strong>Die sieben<\/strong> <strong>\u00dcbungen im \u00dcberblick:<\/strong><\/p>\n\n\n\n<p class=\"has-vivid-cyan-blue-color has-text-color has-link-color wp-elements-36cea7e7e6ec4900e7a5e5c7376e5312\">#1. Beherrschung und Entwicklung des Denkens, des physischen Leibes und den Geistesmensch;<\/p>\n\n\n\n<p class=\"has-vivid-cyan-blue-color has-text-color has-link-color wp-elements-a62f9501b711bbdea7d97ad21768cedd\"><br>#2. Beherrschung der Willensimpulse, Entwicklung des \u00c4therleibes und den Lebensgeist;<\/p>\n\n\n\n<p class=\"has-vivid-cyan-blue-color has-text-color has-link-color wp-elements-d2a04699f81c40561dbfa41e32a17cd8\"><br>#3. Beherrschung der Emotionen, Entwicklung des Astralleibes, innere Ruhe und das Geistselbst;<\/p>\n\n\n\n<p class=\"has-vivid-cyan-blue-color has-text-color has-link-color wp-elements-a7f74d2973f79dadc818b47c0c6dc478\"><br>#4. St\u00e4rkung der Ich-Manifestation;<\/p>\n\n\n\n<p class=\"has-vivid-cyan-blue-color has-text-color has-link-color wp-elements-0d92938778b1bf8cd8b04a3622c47901\"><br>#5. Entwicklung des Geistselbstes;<\/p>\n\n\n\n<p class=\"has-vivid-cyan-blue-color has-text-color has-link-color wp-elements-a4b1badd8814ac797819d81c1688ec04\"><br>#6. Entwicklung der Seelenharmonie;<\/p>\n\n\n\n<p class=\"has-vivid-cyan-blue-color has-text-color has-link-color wp-elements-357f8a3928897c773f224ef98500bb29\"><br>#7. Entwicklung des leeren Bewusstsein.<\/p>\n<\/blockquote>\n\n\n\n<p>\u221e \u221e \u221e<\/p>\n\n\n\n<p><a href=\"\/de\/the-seven-fundamental-exercises\/\">Die sieben grundlegenden \u00dcbungen \u2013 GA-Texte<\/a><\/p>\n\n\n\n<p>\u221e \u221e \u221e<\/p>\n\n\n\n<figure class=\"wp-block-image size-full\"><img loading=\"lazy\" decoding=\"async\" width=\"1784\" height=\"1052\" src=\"https:\/\/spiritual-science-research.com\/wp-content\/uploads\/2025\/05\/Screenshot-2025-05-27-at-14.06.03-1.png\" alt=\"\" class=\"wp-image-5478\" srcset=\"https:\/\/spiritual-science-research.com\/wp-content\/uploads\/2025\/05\/Screenshot-2025-05-27-at-14.06.03-1.png 1784w, https:\/\/spiritual-science-research.com\/wp-content\/uploads\/2025\/05\/Screenshot-2025-05-27-at-14.06.03-1-300x177.png 300w\" sizes=\"auto, (max-width: 1784px) 100vw, 1784px\" \/><\/figure>\n\n\n\n<p>Der Kurs ist auf zwei Wochenenden aufgeteilt:<\/p>\n\n\n\n<p>6. &#8211; 7. Juni 2026<\/p>\n\n\n\n<p>20. &#8211; 21. Juni 2026<\/p>\n\n\n\n<p><\/p>\n\n\n\n<p>\u221e \u221e \u221e<\/p>\n\n\n\n<p><strong>Zeitplan:<\/strong><\/p>\n\n\n\n<p><br>Der Kurs findet Samstags und Sonntags statt.<\/p>\n\n\n\n<p><br>9:00\u201313:00 Uhr (Deutsche Zeit)<\/p>\n\n\n\n<p>\u221e \u221e \u221e<\/p>\n\n\n\n<p><br>Teilnahme an beiden Wochenenden: 240 \u20ac<\/p>\n\n\n\n<p><br>Die Kurswochenenden bauen aufeinander auf, k\u00f6nnen aber auch einzeln besucht werden.<\/p>\n\n\n\n<p>Teilnahme an einem Wochenende: 130 \u20ac<\/p>\n\n\n\n<p>\u221e \u221e \u221e<\/p>\n\n\n\n<blockquote class=\"wp-block-quote is-layout-flow wp-block-quote-is-layout-flow\">\n<p class=\"has-small-font-size\"><strong><a href=\"https:\/\/www.eventbrite.co.uk\/e\/geisteswissenschaftliche-forschung-7-ubungen-online-kurs-tickets-1342055888289?aff=oddtdtcreator\" target=\"_blank\" rel=\"noreferrer noopener\">Anmeldung \u00fcber Eventbrite<\/a><\/strong> &#8211; kommt bald<\/p>\n<\/blockquote>\n\n\n\n<p><\/p>\n\n\n\n<p>Kontakt:&nbsp;<a href=\"mailto:inessa.burdich.research@gmail.com\">inessa.burdich.research@gmail.com<\/a><\/p>\n\n\n\n<p>\u221e \u221e \u221e<\/p>\n\n\n\n<p>R\u00fcckmeldungen zum Kurs findet ihr hier:<br><a href=\"https:\/\/spiritual-science-research.com\/feedback-in-english\/\">\/feedback-all-languages\/<\/a><\/p>\n\n\n\n<p>\u221e \u221e \u221e<\/p>\n\n\n\n<p>\u00dcber&nbsp;<a href=\"\/de\/about\/\" target=\"_blank\" rel=\"noreferrer noopener\">Inessa Burdich<\/a><\/p>\n\n\n\n<p>\u221e \u221e \u221e<\/p>\n\n\n<p>","protected":false},"excerpt":{"rendered":"<p>Der Geisteswissenschaftliche Forschungskurs: die Sieben grundlegende \u00dcbungen &#8211; Online-Kurs auf Deutsch mit Inessa Burdich Dieser Geisteswissenschaftliche Forschungskurs: die sieben grundlegende \u00dcbungen &#8211; l\u00e4dt dazu ein, die sieben grundlegenden \u00dcbungen Rudolf Steiners zu erforschen und praktisch zu vertiefen.Er richtet sich an alle, die bereits am Kurs Geisteswissenschaftliche Forschung teilgenommen haben und ihre spirituelle Entwicklung mit diesen [&hellip;]<\/p>\n","protected":false},"author":2,"featured_media":0,"parent":0,"menu_order":0,"comment_status":"closed","ping_status":"closed","template":"","meta":{"footnotes":""},"class_list":["post-5029","page","type-page","status-publish","hentry"],"translation":{"provider":"WPGlobus","version":"3.0.2","language":"de","enabled_languages":["en","de"],"languages":{"en":{"title":true,"content":true,"excerpt":false},"de":{"title":true,"content":true,"excerpt":false}}},"yoast_head":"<!-- This site is optimized with the Yoast SEO plugin v27.3 - https:\/\/yoast.com\/product\/yoast-seo-wordpress\/ -->\n<title>Die Sieben \u00dcbungen Forschungskurs - Spiritual Science Research<\/title>\n<meta name=\"robots\" content=\"index, follow, max-snippet:-1, max-image-preview:large, max-video-preview:-1\" \/>\n<link rel=\"canonical\" href=\"https:\/\/spiritual-science-research.com\/online-research-course-on-steiners-6-exercises\/\" \/>\n<meta property=\"og:locale\" content=\"de_DE\" \/>\n<meta property=\"og:type\" content=\"article\" \/>\n<meta property=\"og:title\" content=\"Die Sieben \u00dcbungen Forschungskurs - Spiritual Science Research\" \/>\n<meta property=\"og:url\" content=\"https:\/\/spiritual-science-research.com\/online-research-course-on-steiners-6-exercises\/\" \/>\n<meta property=\"og:site_name\" content=\"Spiritual Science Research\" \/>\n<meta property=\"article:modified_time\" content=\"2026-03-30T15:09:43+00:00\" \/>\n<meta property=\"og:image\" content=\"https:\/\/spiritual-science-research.com\/wp-content\/uploads\/2025\/04\/photo_2025-04-13_17-22-46.jpg\" \/>\n\t<meta property=\"og:image:width\" content=\"1280\" \/>\n\t<meta property=\"og:image:height\" content=\"825\" \/>\n\t<meta property=\"og:image:type\" content=\"image\/jpeg\" \/>\n<meta name=\"twitter:card\" content=\"summary_large_image\" \/>\n<meta name=\"twitter:label1\" content=\"Est. reading time\" \/>\n\t<meta name=\"twitter:data1\" content=\"2 minutes\" \/>\n<script type=\"application\/ld+json\" class=\"yoast-schema-graph\">{\"@context\":\"https:\\\/\\\/schema.org\",\"@graph\":[{\"@type\":\"WebPage\",\"@id\":\"https:\\\/\\\/spiritual-science-research.com\\\/online-research-course-on-steiners-6-exercises\\\/\",\"url\":\"https:\\\/\\\/spiritual-science-research.com\\\/online-research-course-on-steiners-6-exercises\\\/\",\"name\":\"Die Sieben \u00dcbungen Forschungskurs - Spiritual Science Research\",\"isPartOf\":{\"@id\":\"https:\\\/\\\/spiritual-science-research.com\\\/#website\"},\"primaryImageOfPage\":{\"@id\":\"https:\\\/\\\/spiritual-science-research.com\\\/online-research-course-on-steiners-6-exercises\\\/#primaryimage\"},\"image\":{\"@id\":\"https:\\\/\\\/spiritual-science-research.com\\\/online-research-course-on-steiners-6-exercises\\\/#primaryimage\"},\"thumbnailUrl\":\"https:\\\/\\\/spiritual-science-research.com\\\/wp-content\\\/uploads\\\/2025\\\/04\\\/photo_2025-04-13_17-22-46-1024x660.jpg\",\"datePublished\":\"2025-04-13T14:34:43+00:00\",\"dateModified\":\"2026-03-30T15:09:43+00:00\",\"description\":\"% % {:en} Online course in English with Inessa Burdich 6-7 and 20-21 June 2026 This Spiritual Science Research: 7 Exercises course invites you to research and % %\",\"breadcrumb\":{\"@id\":\"https:\\\/\\\/spiritual-science-research.com\\\/online-research-course-on-steiners-6-exercises\\\/#breadcrumb\"},\"inLanguage\":\"de-DE\",\"potentialAction\":[{\"@type\":\"ReadAction\",\"target\":[\"https:\\\/\\\/spiritual-science-research.com\\\/online-research-course-on-steiners-6-exercises\\\/\"]}]},{\"@type\":\"ImageObject\",\"inLanguage\":\"de-DE\",\"@id\":\"https:\\\/\\\/spiritual-science-research.com\\\/online-research-course-on-steiners-6-exercises\\\/#primaryimage\",\"url\":\"https:\\\/\\\/spiritual-science-research.com\\\/wp-content\\\/uploads\\\/2025\\\/04\\\/photo_2025-04-13_17-22-46-1024x660.jpg\",\"contentUrl\":\"https:\\\/\\\/spiritual-science-research.com\\\/wp-content\\\/uploads\\\/2025\\\/04\\\/photo_2025-04-13_17-22-46-1024x660.jpg\"},{\"@type\":\"BreadcrumbList\",\"@id\":\"https:\\\/\\\/spiritual-science-research.com\\\/online-research-course-on-steiners-6-exercises\\\/#breadcrumb\",\"itemListElement\":[{\"@type\":\"ListItem\",\"position\":1,\"name\":\"Home\",\"item\":\"https:\\\/\\\/spiritual-science-research.com\\\/\"},{\"@type\":\"ListItem\",\"position\":2,\"name\":\"Spiritual Science Research: The Seven Fundamental Exercises\"}]},{\"@type\":\"WebSite\",\"@id\":\"https:\\\/\\\/spiritual-science-research.com\\\/#website\",\"url\":\"https:\\\/\\\/spiritual-science-research.com\\\/\",\"name\":\"Spiritual Science Research\",\"description\":\"Learning by doing\",\"publisher\":{\"@id\":\"https:\\\/\\\/spiritual-science-research.com\\\/#organization\"},\"potentialAction\":[{\"@type\":\"SearchAction\",\"target\":{\"@type\":\"EntryPoint\",\"urlTemplate\":\"https:\\\/\\\/spiritual-science-research.com\\\/?s={search_term_string}\"},\"query-input\":{\"@type\":\"PropertyValueSpecification\",\"valueRequired\":true,\"valueName\":\"search_term_string\"}}],\"inLanguage\":\"de-DE\"},{\"@type\":\"Organization\",\"@id\":\"https:\\\/\\\/spiritual-science-research.com\\\/#organization\",\"name\":\"Spiritual Science Research\",\"url\":\"https:\\\/\\\/spiritual-science-research.com\\\/\",\"logo\":{\"@type\":\"ImageObject\",\"inLanguage\":\"de-DE\",\"@id\":\"https:\\\/\\\/spiritual-science-research.com\\\/#\\\/schema\\\/logo\\\/image\\\/\",\"url\":\"https:\\\/\\\/spiritual-science-research.com\\\/wp-content\\\/uploads\\\/2023\\\/05\\\/Group-337.png\",\"contentUrl\":\"https:\\\/\\\/spiritual-science-research.com\\\/wp-content\\\/uploads\\\/2023\\\/05\\\/Group-337.png\",\"width\":400,\"height\":161,\"caption\":\"Spiritual Science Research\"},\"image\":{\"@id\":\"https:\\\/\\\/spiritual-science-research.com\\\/#\\\/schema\\\/logo\\\/image\\\/\"}}]}<\/script>\n<!-- \/ Yoast SEO plugin. -->","yoast_head_json":{"title":"Die Sieben \u00dcbungen Forschungskurs - Spiritual Science Research","robots":{"index":"index","follow":"follow","max-snippet":"max-snippet:-1","max-image-preview":"max-image-preview:large","max-video-preview":"max-video-preview:-1"},"canonical":"https:\/\/spiritual-science-research.com\/online-research-course-on-steiners-6-exercises\/","og_locale":"de_DE","og_type":"article","og_title":"Die Sieben \u00dcbungen Forschungskurs - Spiritual Science Research","og_url":"https:\/\/spiritual-science-research.com\/online-research-course-on-steiners-6-exercises\/","og_site_name":"Spiritual Science Research","article_modified_time":"2026-03-30T15:09:43+00:00","og_image":[{"width":1280,"height":825,"url":"https:\/\/spiritual-science-research.com\/wp-content\/uploads\/2025\/04\/photo_2025-04-13_17-22-46.jpg","type":"image\/jpeg"}],"twitter_card":"summary_large_image","twitter_misc":{"Est. reading time":"2 minutes"},"schema":{"@context":"https:\/\/schema.org","@graph":[{"@type":"WebPage","@id":"https:\/\/spiritual-science-research.com\/online-research-course-on-steiners-6-exercises\/","url":"https:\/\/spiritual-science-research.com\/online-research-course-on-steiners-6-exercises\/","name":"Die Sieben \u00dcbungen Forschungskurs - Spiritual Science Research","isPartOf":{"@id":"https:\/\/spiritual-science-research.com\/#website"},"primaryImageOfPage":{"@id":"https:\/\/spiritual-science-research.com\/online-research-course-on-steiners-6-exercises\/#primaryimage"},"image":{"@id":"https:\/\/spiritual-science-research.com\/online-research-course-on-steiners-6-exercises\/#primaryimage"},"thumbnailUrl":"https:\/\/spiritual-science-research.com\/wp-content\/uploads\/2025\/04\/photo_2025-04-13_17-22-46-1024x660.jpg","datePublished":"2025-04-13T14:34:43+00:00","dateModified":"2026-03-30T15:09:43+00:00","description":"% % {:en} Online course in English with Inessa Burdich 6-7 and 20-21 June 2026 This Spiritual Science Research: 7 Exercises course invites you to research and % %","breadcrumb":{"@id":"https:\/\/spiritual-science-research.com\/online-research-course-on-steiners-6-exercises\/#breadcrumb"},"inLanguage":"de-DE","potentialAction":[{"@type":"ReadAction","target":["https:\/\/spiritual-science-research.com\/online-research-course-on-steiners-6-exercises\/"]}]},{"@type":"ImageObject","inLanguage":"de-DE","@id":"https:\/\/spiritual-science-research.com\/online-research-course-on-steiners-6-exercises\/#primaryimage","url":"https:\/\/spiritual-science-research.com\/wp-content\/uploads\/2025\/04\/photo_2025-04-13_17-22-46-1024x660.jpg","contentUrl":"https:\/\/spiritual-science-research.com\/wp-content\/uploads\/2025\/04\/photo_2025-04-13_17-22-46-1024x660.jpg"},{"@type":"BreadcrumbList","@id":"https:\/\/spiritual-science-research.com\/online-research-course-on-steiners-6-exercises\/#breadcrumb","itemListElement":[{"@type":"ListItem","position":1,"name":"Home","item":"https:\/\/spiritual-science-research.com\/"},{"@type":"ListItem","position":2,"name":"Spiritual Science Research: The Seven Fundamental Exercises"}]},{"@type":"WebSite","@id":"https:\/\/spiritual-science-research.com\/#website","url":"https:\/\/spiritual-science-research.com\/","name":"Spiritual Science Research","description":"Learning by doing","publisher":{"@id":"https:\/\/spiritual-science-research.com\/#organization"},"potentialAction":[{"@type":"SearchAction","target":{"@type":"EntryPoint","urlTemplate":"https:\/\/spiritual-science-research.com\/?s={search_term_string}"},"query-input":{"@type":"PropertyValueSpecification","valueRequired":true,"valueName":"search_term_string"}}],"inLanguage":"de-DE"},{"@type":"Organization","@id":"https:\/\/spiritual-science-research.com\/#organization","name":"Spiritual Science Research","url":"https:\/\/spiritual-science-research.com\/","logo":{"@type":"ImageObject","inLanguage":"de-DE","@id":"https:\/\/spiritual-science-research.com\/#\/schema\/logo\/image\/","url":"https:\/\/spiritual-science-research.com\/wp-content\/uploads\/2023\/05\/Group-337.png","contentUrl":"https:\/\/spiritual-science-research.com\/wp-content\/uploads\/2023\/05\/Group-337.png","width":400,"height":161,"caption":"Spiritual Science Research"},"image":{"@id":"https:\/\/spiritual-science-research.com\/#\/schema\/logo\/image\/"}}]}},"_links":{"self":[{"href":"https:\/\/spiritual-science-research.com\/de\/wp-json\/wp\/v2\/pages\/5029","targetHints":{"allow":["GET"]}}],"collection":[{"href":"https:\/\/spiritual-science-research.com\/de\/wp-json\/wp\/v2\/pages"}],"about":[{"href":"https:\/\/spiritual-science-research.com\/de\/wp-json\/wp\/v2\/types\/page"}],"author":[{"embeddable":true,"href":"https:\/\/spiritual-science-research.com\/de\/wp-json\/wp\/v2\/users\/2"}],"replies":[{"embeddable":true,"href":"https:\/\/spiritual-science-research.com\/de\/wp-json\/wp\/v2\/comments?post=5029"}],"version-history":[{"count":106,"href":"https:\/\/spiritual-science-research.com\/de\/wp-json\/wp\/v2\/pages\/5029\/revisions"}],"predecessor-version":[{"id":8177,"href":"https:\/\/spiritual-science-research.com\/de\/wp-json\/wp\/v2\/pages\/5029\/revisions\/8177"}],"wp:attachment":[{"href":"https:\/\/spiritual-science-research.com\/de\/wp-json\/wp\/v2\/media?parent=5029"}],"curies":[{"name":"wp","href":"https:\/\/api.w.org\/{rel}","templated":true}]}}