{"id":4952,"date":"2025-04-12T09:31:39","date_gmt":"2025-04-12T09:31:39","guid":{"rendered":"https:\/\/spiritual-science-research.com\/?page_id=4952"},"modified":"2026-02-07T12:15:22","modified_gmt":"2026-02-07T12:15:22","slug":"berlin-research-course","status":"publish","type":"page","link":"https:\/\/spiritual-science-research.com\/de\/berlin-research-course\/","title":{"rendered":"Geisteswissenschaftliche Forschung \u2013 Berlin Kurs"},"content":{"rendered":"\n<p>Geisteswissenschaftliche Forschung Kurs findet in Berlin statt<\/p>\n\n\n\n<p>mit Inessa Burdich<\/p>\n\n\n\n<p>@ Rudolf Steiner Haus Berlin, Bernadottestra\u00dfe 90\/92<\/p>\n\n\n\n<figure class=\"wp-block-image size-full\"><img loading=\"lazy\" decoding=\"async\" width=\"909\" height=\"606\" src=\"https:\/\/spiritual-science-research.com\/wp-content\/uploads\/2025\/04\/ST-Haus_k-1-edited.jpg\" alt=\"\" class=\"wp-image-4967\" srcset=\"https:\/\/spiritual-science-research.com\/wp-content\/uploads\/2025\/04\/ST-Haus_k-1-edited.jpg 909w, https:\/\/spiritual-science-research.com\/wp-content\/uploads\/2025\/04\/ST-Haus_k-1-edited-300x200.jpg 300w, https:\/\/spiritual-science-research.com\/wp-content\/uploads\/2025\/04\/ST-Haus_k-1-edited-768x512.jpg 768w\" sizes=\"auto, (max-width: 909px) 100vw, 909px\" \/><\/figure>\n\n\n\n<p>Der Kurs \u201eGeisteswissenschaftliche Forschung\u201c ist ein praktischer Ausbildungskurs, der sich vor allem auf die anthroposophische Meditation und die Geistesforschung fokussiert. In den letzten sechs Jahren wurden mehr als 400 Teilnehmer (2025) in diesem Kurs ausgebildet. Der Forschungskurs wird zur Zeit in sechs Sprachen angeboten.<\/p>\n\n\n\n<p>Unser Forschung konzentriert sich haupts\u00e4chlich auf die Erforschung unserer selbst, des Menschen, und unserer \u00fcbersinnlichen Konstitution. Dies sind die ersten Schritte der spirituellen Diagnostik, bei der wir die grundlegenden Aspekte unserer inneren Seele und unseres spirituellen Lebens kennen lernen und vertiefen. Wir kommen dem Verst\u00e4ndnis n\u00e4her, wie wir ein h\u00f6heres Ma\u00df an Bewusstheit \u00fcber unser inneres Leben erreichen k\u00f6nnen.<\/p>\n\n\n\n<p>Wir bringen Bewusstheit in unser gesamtes individuelles System, insbesondere in die Reinigung und Verfeinerung des Denkens und F\u00fchlens, in die Erlangung subtiler Achtsamkeit und in die St\u00e4rkung des Willens. Wir entwickeln neue F\u00e4higkeiten; wir erlernen wertvolle Fertigkeiten, die wir dann in unseren pers\u00f6nlichen und beruflichen Bereich zur\u00fccktragen. Diese F\u00e4higkeiten f\u00fchren zu neuen Einsichten und Innovationen, die man in alle Lebensbereiche einbringen kann, und alle Disziplinen k\u00f6nnen davon profitieren.<\/p>\n\n\n\n<p>Der Kurs besteht aus praktischen Seminaren und Vortr\u00e4gen, die thematisch aufeinander bezogen sind. Bei jedem Treffen tauchen wir in die Welt der \u00fcbersinnlichen Ideen, Prinzipien und Ph\u00e4nomene ein, die in Vortr\u00e4gen vorgestellt werden. Diese Themen werden in Seminaren vertieft, in denen wir anthroposophische Meditationen, Forschungs- und Wahrnehmungs\u00fcbungen durchf\u00fchren.<\/p>\n\n\n\n<p>\u221e \u221e \u221e<\/p>\n\n\n\n<p>Der Inhalt des Geisteswissenschaftliche Forschung Kurses ist hier:<\/p>\n\n\n\n<figure class=\"wp-block-embed is-type-wp-embed is-provider-spiritual-science-research wp-block-embed-spiritual-science-research\"><div class=\"wp-block-embed__wrapper\">\n<blockquote class=\"wp-embedded-content\" data-secret=\"bdnupuasRQ\"><a href=\"https:\/\/spiritual-science-research.com\/themen\/\">Geisteswissenschaftliche Forschung &#8211; Kursinhalt<\/a><\/blockquote><iframe loading=\"lazy\" class=\"wp-embedded-content\" sandbox=\"allow-scripts\" security=\"restricted\" style=\"position: absolute; visibility: hidden;\" title=\"&#8220;Geisteswissenschaftliche Forschung &#8211; Kursinhalt&#8221; &#8212; Spiritual Science Research\" src=\"https:\/\/spiritual-science-research.com\/themen\/embed\/#?secret=GJeeyXqbv1#?secret=bdnupuasRQ\" data-secret=\"bdnupuasRQ\" width=\"525\" height=\"296\" frameborder=\"0\" marginwidth=\"0\" marginheight=\"0\" scrolling=\"no\"><\/iframe>\n<\/div><\/figure>\n\n\n\n<p><\/p>\n\n\n\n<p>\u221e \u221e \u221e \u221e \u221e \u221e \u221e \u221e \u221e<\/p>\n\n\n\n<p>Der Geisteswissenschaftliche Forschungskurs besteht aus sieben Themen, die auf sieben Wochenendtage verteilt sind.<\/p>\n\n\n\n<blockquote class=\"wp-block-quote is-layout-flow wp-block-quote-is-layout-flow\">\n<p><strong>Geisteswissenschaftliche Forschung \u2013 die Themen des Kurses:<\/strong><\/p>\n\n\n\n<p><\/p>\n\n\n\n<p><strong>11. \u2013 12. September 2026 &#8211; Thema #2\u00a0 Der \u00c4therische Bereich (Lebenskr\u00e4fte) im Menschen und in der Natur<\/strong><\/p>\n\n\n\n<p><\/p>\n\n\n\n<p>\u221e \u221e \u221e<\/p>\n\n\n\n<p>Thema #3 Der Astralbereich (emotionale Kr\u00e4fte) im Menschen und in der Natur<\/p>\n\n\n\n<p>Thema #4. Selbsterfahrung (Ich-Manifestation) und ihre Beziehung zur Hochsensibilit\u00e4t.<\/p>\n\n\n\n<p>Thema #5. Die geistigen Wesensglieder der menschlichen Konstitution.<\/p>\n\n\n\n<p>Thema #6. Die seelischen Wesensglieder der menschlichen Konstitution<\/p>\n\n\n\n<p>Thema # 7. Mechanik des Bewusstseins und leeres Bewusstsein<\/p>\n<\/blockquote>\n\n\n\n<p>\u221e \u221e \u221e<\/p>\n\n\n\n<p><strong>Zeitplan:<\/strong><\/p>\n\n\n\n<p>Der Kurs findet an Wochenenden statt.<\/p>\n\n\n\n<p>Freitagabend: Vortrag 19.00<\/p>\n\n\n\n<p>Samstag: Kurs von 10:00 bis 19:00 Uhr<\/p>\n\n\n\n<p><a href=\"https:\/\/agberlin.de\/rudolf-steiner-haus\/oeffnungszeiten\/\">https:\/\/agberlin.de\/rudolf-steiner-haus\/oeffnungszeiten\/<\/a><\/p>\n\n\n\n<p><\/p>\n\n\n\n<p>\u221e \u221e \u221e<\/p>\n\n\n\n<p>Die Kursthemen bauen aufeinander auf, k\u00f6nnen jedoch auch einzeln besucht werden.<br>Es ist m\u00f6glich, an einem, zwei oder mehreren Themen teilzunehmen.<\/p>\n\n\n\n<p>Teilnahme pro Thema: <strong>130 \u20ac<\/strong><\/p>\n\n\n\n<p>\u221e \u221e \u221e<\/p>\n\n\n\n<blockquote class=\"wp-block-quote is-layout-flow wp-block-quote-is-layout-flow\">\n<p><strong>Anmeldung:<\/strong><\/p>\n\n\n\n<p>Bitte melden Sie sich \u00fcber <strong><a>Inessa.Burdich.Research@gmail.com<\/a><\/strong> an.<\/p>\n<\/blockquote>\n\n\n\n<p><\/p>\n\n\n\n<p>\u221e \u221e \u221e \u221e \u221e \u221e \u221e \u221e \u221e<\/p>\n\n\n\n<p>Fr\u00fchere Termine:<\/p>\n\n\n\n<p>19. September <strong>2025<\/strong>, Freitag, 19.00:<\/p>\n\n\n\n<p>Inneres Erwachen f\u00fcr globalen Wandel \u2013&nbsp;Eine Reise mit Meditation und Geistesforschung<\/p>\n\n\n\n<p>*<\/p>\n\n\n\n<p>10. &#8211; 11. Oktober 2025 &#8211; Thema #1 Meditation zur geistigen Entwicklung und als Methode der Geistesforschung.<\/p>\n\n\n\n<p>\u221e \u221e \u221e<\/p>\n\n\n\n<p>\u221e \u221e \u221e<\/p>\n\n\n\n<p>\u221e \u221e \u221e<\/p>\n\n\n\n<p>R\u00fcckmeldungen zum Kurs findet ihr hier:<br><a href=\"\/feedback-in-english\/\">https:\/\/spiritual-science-research.com\/feedback-all-languages\/<\/a><\/p>\n\n\n\n<p>\u221e \u221e \u221e<\/p>\n\n\n\n<p>\u00dcber Inessa finden Sie hier&nbsp;<\/p>\n\n\n\n<figure class=\"wp-block-embed is-type-wp-embed is-provider-spiritual-science-research wp-block-embed-spiritual-science-research\"><div class=\"wp-block-embed__wrapper\">\n<blockquote class=\"wp-embedded-content\" data-secret=\"75fpX5dYEC\"><a href=\"https:\/\/spiritual-science-research.com\/de\/about\/\">Inessa Burdich<\/a><\/blockquote><iframe loading=\"lazy\" class=\"wp-embedded-content\" sandbox=\"allow-scripts\" security=\"restricted\" style=\"position: absolute; visibility: hidden;\" title=\"&#8220;Inessa Burdich&#8221; &#8212; Spiritual Science Research\" src=\"https:\/\/spiritual-science-research.com\/de\/about\/embed\/#?secret=WWTkyHQt0b#?secret=75fpX5dYEC\" data-secret=\"75fpX5dYEC\" width=\"525\" height=\"296\" frameborder=\"0\" marginwidth=\"0\" marginheight=\"0\" scrolling=\"no\"><\/iframe>\n<\/div><\/figure>\n\n\n\n<p><\/p>\n\n\n\n<p>\u221e \u221e \u221e \u221e \u221e \u221e \u221e \u221e \u221e<\/p>\n\n\n\n<p>Sie k\u00f6nnen sich auch einen Online-Vortrag ansehen:&nbsp;<a href=\"\/de\/from-self-development-to-world-development\/\">Von der<\/a><a href=\"https:\/\/spiritual-science-research.com\/de\/from-self-development-to-world-development\/\" target=\"_blank\" rel=\"noreferrer noopener\">&nbsp;<\/a><a href=\"https:\/\/spiritual-science-research.com\/de\/from-self-development-to-world-development\/\">Selbstentwicklung zur Weltentwicklung<\/a>&nbsp;\u2013 Eine Einf\u00fchrung in die anthroposophische Meditation<\/p>\n\n\n\n<p>\u221e \u221e \u221e<\/p>\n","protected":false},"excerpt":{"rendered":"<p>Geisteswissenschaftliche Forschung Kurs findet in Berlin statt mit Inessa Burdich @ Rudolf Steiner Haus Berlin, Bernadottestra\u00dfe 90\/92 Der Kurs \u201eGeisteswissenschaftliche Forschung\u201c ist ein praktischer Ausbildungskurs, der sich vor allem auf die anthroposophische Meditation und die Geistesforschung fokussiert. In den letzten sechs Jahren wurden mehr als 400 Teilnehmer (2025) in diesem Kurs ausgebildet. Der Forschungskurs wird [&hellip;]<\/p>\n","protected":false},"author":2,"featured_media":0,"parent":0,"menu_order":0,"comment_status":"closed","ping_status":"closed","template":"","meta":{"footnotes":""},"class_list":["post-4952","page","type-page","status-publish","hentry"],"translation":{"provider":"WPGlobus","version":"3.0.2","language":"de","enabled_languages":["en","de"],"languages":{"en":{"title":true,"content":true,"excerpt":false},"de":{"title":true,"content":true,"excerpt":false}}},"yoast_head":"<!-- This site is optimized with the Yoast SEO plugin v27.5 - https:\/\/yoast.com\/product\/yoast-seo-wordpress\/ -->\n<title>Geisteswissenschaftliche Forschung \u2013 Berlin Kurs  - Spiritual Science Research<\/title>\n<meta name=\"robots\" content=\"index, follow, max-snippet:-1, max-image-preview:large, max-video-preview:-1\" \/>\n<link rel=\"canonical\" href=\"https:\/\/spiritual-science-research.com\/berlin-research-course\/\" \/>\n<meta property=\"og:locale\" content=\"de_DE\" \/>\n<meta property=\"og:type\" content=\"article\" \/>\n<meta property=\"og:title\" content=\"Geisteswissenschaftliche Forschung \u2013 Berlin Kurs  - Spiritual Science Research\" \/>\n<meta property=\"og:url\" content=\"https:\/\/spiritual-science-research.com\/berlin-research-course\/\" \/>\n<meta property=\"og:site_name\" content=\"Spiritual Science Research\" \/>\n<meta property=\"article:modified_time\" content=\"2026-02-07T12:15:22+00:00\" \/>\n<meta property=\"og:image\" content=\"https:\/\/spiritual-science-research.com\/wp-content\/uploads\/2025\/04\/ST-Haus_k-1-edited.jpg\" \/>\n\t<meta property=\"og:image:width\" content=\"909\" \/>\n\t<meta property=\"og:image:height\" content=\"606\" \/>\n\t<meta property=\"og:image:type\" content=\"image\/jpeg\" \/>\n<meta name=\"twitter:card\" content=\"summary_large_image\" \/>\n<meta name=\"twitter:label1\" content=\"Est. reading time\" \/>\n\t<meta name=\"twitter:data1\" content=\"3 minutes\" \/>\n<script type=\"application\/ld+json\" class=\"yoast-schema-graph\">{\"@context\":\"https:\\\/\\\/schema.org\",\"@graph\":[{\"@type\":\"WebPage\",\"@id\":\"https:\\\/\\\/spiritual-science-research.com\\\/berlin-research-course\\\/\",\"url\":\"https:\\\/\\\/spiritual-science-research.com\\\/berlin-research-course\\\/\",\"name\":\"Geisteswissenschaftliche Forschung \u2013 Berlin Kurs - Spiritual Science Research\",\"isPartOf\":{\"@id\":\"https:\\\/\\\/spiritual-science-research.com\\\/#website\"},\"primaryImageOfPage\":{\"@id\":\"https:\\\/\\\/spiritual-science-research.com\\\/berlin-research-course\\\/#primaryimage\"},\"image\":{\"@id\":\"https:\\\/\\\/spiritual-science-research.com\\\/berlin-research-course\\\/#primaryimage\"},\"thumbnailUrl\":\"https:\\\/\\\/spiritual-science-research.com\\\/wp-content\\\/uploads\\\/2025\\\/04\\\/ST-Haus_k-1-edited.jpg\",\"datePublished\":\"2025-04-12T09:31:39+00:00\",\"dateModified\":\"2026-02-07T12:15:22+00:00\",\"description\":\"% % {:en} Spiritual Science Research course takes place at Berlin, Germany. with Inessa Burdich The Spiritual Science Research course is a practical % %\",\"breadcrumb\":{\"@id\":\"https:\\\/\\\/spiritual-science-research.com\\\/berlin-research-course\\\/#breadcrumb\"},\"inLanguage\":\"de-DE\",\"potentialAction\":[{\"@type\":\"ReadAction\",\"target\":[\"https:\\\/\\\/spiritual-science-research.com\\\/berlin-research-course\\\/\"]}]},{\"@type\":\"ImageObject\",\"inLanguage\":\"de-DE\",\"@id\":\"https:\\\/\\\/spiritual-science-research.com\\\/berlin-research-course\\\/#primaryimage\",\"url\":\"https:\\\/\\\/spiritual-science-research.com\\\/wp-content\\\/uploads\\\/2025\\\/04\\\/ST-Haus_k-1-edited.jpg\",\"contentUrl\":\"https:\\\/\\\/spiritual-science-research.com\\\/wp-content\\\/uploads\\\/2025\\\/04\\\/ST-Haus_k-1-edited.jpg\"},{\"@type\":\"BreadcrumbList\",\"@id\":\"https:\\\/\\\/spiritual-science-research.com\\\/berlin-research-course\\\/#breadcrumb\",\"itemListElement\":[{\"@type\":\"ListItem\",\"position\":1,\"name\":\"Home\",\"item\":\"https:\\\/\\\/spiritual-science-research.com\\\/\"},{\"@type\":\"ListItem\",\"position\":2,\"name\":\"Spiritual Science Research \u2013 Berlin course\"}]},{\"@type\":\"WebSite\",\"@id\":\"https:\\\/\\\/spiritual-science-research.com\\\/#website\",\"url\":\"https:\\\/\\\/spiritual-science-research.com\\\/\",\"name\":\"Spiritual Science Research\",\"description\":\"Learning by doing\",\"publisher\":{\"@id\":\"https:\\\/\\\/spiritual-science-research.com\\\/#organization\"},\"potentialAction\":[{\"@type\":\"SearchAction\",\"target\":{\"@type\":\"EntryPoint\",\"urlTemplate\":\"https:\\\/\\\/spiritual-science-research.com\\\/?s={search_term_string}\"},\"query-input\":{\"@type\":\"PropertyValueSpecification\",\"valueRequired\":true,\"valueName\":\"search_term_string\"}}],\"inLanguage\":\"de-DE\"},{\"@type\":\"Organization\",\"@id\":\"https:\\\/\\\/spiritual-science-research.com\\\/#organization\",\"name\":\"Spiritual Science Research\",\"url\":\"https:\\\/\\\/spiritual-science-research.com\\\/\",\"logo\":{\"@type\":\"ImageObject\",\"inLanguage\":\"de-DE\",\"@id\":\"https:\\\/\\\/spiritual-science-research.com\\\/#\\\/schema\\\/logo\\\/image\\\/\",\"url\":\"https:\\\/\\\/spiritual-science-research.com\\\/wp-content\\\/uploads\\\/2023\\\/05\\\/Group-337.png\",\"contentUrl\":\"https:\\\/\\\/spiritual-science-research.com\\\/wp-content\\\/uploads\\\/2023\\\/05\\\/Group-337.png\",\"width\":400,\"height\":161,\"caption\":\"Spiritual Science Research\"},\"image\":{\"@id\":\"https:\\\/\\\/spiritual-science-research.com\\\/#\\\/schema\\\/logo\\\/image\\\/\"}}]}<\/script>\n<!-- \/ Yoast SEO plugin. -->","yoast_head_json":{"title":"Geisteswissenschaftliche Forschung \u2013 Berlin Kurs  - Spiritual Science Research","robots":{"index":"index","follow":"follow","max-snippet":"max-snippet:-1","max-image-preview":"max-image-preview:large","max-video-preview":"max-video-preview:-1"},"canonical":"https:\/\/spiritual-science-research.com\/berlin-research-course\/","og_locale":"de_DE","og_type":"article","og_title":"Geisteswissenschaftliche Forschung \u2013 Berlin Kurs  - Spiritual Science Research","og_url":"https:\/\/spiritual-science-research.com\/berlin-research-course\/","og_site_name":"Spiritual Science Research","article_modified_time":"2026-02-07T12:15:22+00:00","og_image":[{"width":909,"height":606,"url":"https:\/\/spiritual-science-research.com\/wp-content\/uploads\/2025\/04\/ST-Haus_k-1-edited.jpg","type":"image\/jpeg"}],"twitter_card":"summary_large_image","twitter_misc":{"Est. reading time":"3 minutes"},"schema":{"@context":"https:\/\/schema.org","@graph":[{"@type":"WebPage","@id":"https:\/\/spiritual-science-research.com\/berlin-research-course\/","url":"https:\/\/spiritual-science-research.com\/berlin-research-course\/","name":"Geisteswissenschaftliche Forschung \u2013 Berlin Kurs - Spiritual Science Research","isPartOf":{"@id":"https:\/\/spiritual-science-research.com\/#website"},"primaryImageOfPage":{"@id":"https:\/\/spiritual-science-research.com\/berlin-research-course\/#primaryimage"},"image":{"@id":"https:\/\/spiritual-science-research.com\/berlin-research-course\/#primaryimage"},"thumbnailUrl":"https:\/\/spiritual-science-research.com\/wp-content\/uploads\/2025\/04\/ST-Haus_k-1-edited.jpg","datePublished":"2025-04-12T09:31:39+00:00","dateModified":"2026-02-07T12:15:22+00:00","description":"% % {:en} Spiritual Science Research course takes place at Berlin, Germany. with Inessa Burdich The Spiritual Science Research course is a practical % %","breadcrumb":{"@id":"https:\/\/spiritual-science-research.com\/berlin-research-course\/#breadcrumb"},"inLanguage":"de-DE","potentialAction":[{"@type":"ReadAction","target":["https:\/\/spiritual-science-research.com\/berlin-research-course\/"]}]},{"@type":"ImageObject","inLanguage":"de-DE","@id":"https:\/\/spiritual-science-research.com\/berlin-research-course\/#primaryimage","url":"https:\/\/spiritual-science-research.com\/wp-content\/uploads\/2025\/04\/ST-Haus_k-1-edited.jpg","contentUrl":"https:\/\/spiritual-science-research.com\/wp-content\/uploads\/2025\/04\/ST-Haus_k-1-edited.jpg"},{"@type":"BreadcrumbList","@id":"https:\/\/spiritual-science-research.com\/berlin-research-course\/#breadcrumb","itemListElement":[{"@type":"ListItem","position":1,"name":"Home","item":"https:\/\/spiritual-science-research.com\/"},{"@type":"ListItem","position":2,"name":"Spiritual Science Research \u2013 Berlin course"}]},{"@type":"WebSite","@id":"https:\/\/spiritual-science-research.com\/#website","url":"https:\/\/spiritual-science-research.com\/","name":"Spiritual Science Research","description":"Learning by doing","publisher":{"@id":"https:\/\/spiritual-science-research.com\/#organization"},"potentialAction":[{"@type":"SearchAction","target":{"@type":"EntryPoint","urlTemplate":"https:\/\/spiritual-science-research.com\/?s={search_term_string}"},"query-input":{"@type":"PropertyValueSpecification","valueRequired":true,"valueName":"search_term_string"}}],"inLanguage":"de-DE"},{"@type":"Organization","@id":"https:\/\/spiritual-science-research.com\/#organization","name":"Spiritual Science Research","url":"https:\/\/spiritual-science-research.com\/","logo":{"@type":"ImageObject","inLanguage":"de-DE","@id":"https:\/\/spiritual-science-research.com\/#\/schema\/logo\/image\/","url":"https:\/\/spiritual-science-research.com\/wp-content\/uploads\/2023\/05\/Group-337.png","contentUrl":"https:\/\/spiritual-science-research.com\/wp-content\/uploads\/2023\/05\/Group-337.png","width":400,"height":161,"caption":"Spiritual Science Research"},"image":{"@id":"https:\/\/spiritual-science-research.com\/#\/schema\/logo\/image\/"}}]}},"_links":{"self":[{"href":"https:\/\/spiritual-science-research.com\/de\/wp-json\/wp\/v2\/pages\/4952","targetHints":{"allow":["GET"]}}],"collection":[{"href":"https:\/\/spiritual-science-research.com\/de\/wp-json\/wp\/v2\/pages"}],"about":[{"href":"https:\/\/spiritual-science-research.com\/de\/wp-json\/wp\/v2\/types\/page"}],"author":[{"embeddable":true,"href":"https:\/\/spiritual-science-research.com\/de\/wp-json\/wp\/v2\/users\/2"}],"replies":[{"embeddable":true,"href":"https:\/\/spiritual-science-research.com\/de\/wp-json\/wp\/v2\/comments?post=4952"}],"version-history":[{"count":63,"href":"https:\/\/spiritual-science-research.com\/de\/wp-json\/wp\/v2\/pages\/4952\/revisions"}],"predecessor-version":[{"id":7720,"href":"https:\/\/spiritual-science-research.com\/de\/wp-json\/wp\/v2\/pages\/4952\/revisions\/7720"}],"wp:attachment":[{"href":"https:\/\/spiritual-science-research.com\/de\/wp-json\/wp\/v2\/media?parent=4952"}],"curies":[{"name":"wp","href":"https:\/\/api.w.org\/{rel}","templated":true}]}}