{"id":4581,"date":"2024-12-26T15:36:11","date_gmt":"2024-12-26T15:36:11","guid":{"rendered":"https:\/\/spiritual-science-research.com\/?page_id=4581"},"modified":"2026-02-25T22:32:49","modified_gmt":"2026-02-25T22:32:49","slug":"porto-portugal-research-course-in-portuguese","status":"publish","type":"page","link":"https:\/\/spiritual-science-research.com\/de\/porto-portugal-research-course-in-portuguese\/","title":{"rendered":"Investiga\u00e7\u00e3o em Ci\u00eancia Espiritual \u2013 Curso em Porto, Portugal"},"content":{"rendered":"\n<p><\/p>\n\n\n\n<p>O curso de Investiga\u00e7\u00e3o em Ci\u00eancias Espirituais est\u00e1 a decorrer em Porto, Portugal.<\/p>\n\n\n\n<p>Uma viagem de desenvolvimento espiritual interior atrav\u00e9s do m\u00e9todo \u201cLearning by Doing\u201d.<\/p>\n\n\n\n<p><\/p>\n\n\n\n<figure class=\"wp-block-image size-full\"><img loading=\"lazy\" decoding=\"async\" width=\"1024\" height=\"683\" src=\"https:\/\/spiritual-science-research.com\/wp-content\/uploads\/2024\/12\/porto-unesco-bridge.jpg\" alt=\"\" class=\"wp-image-4615\" srcset=\"https:\/\/spiritual-science-research.com\/wp-content\/uploads\/2024\/12\/porto-unesco-bridge.jpg 1024w, https:\/\/spiritual-science-research.com\/wp-content\/uploads\/2024\/12\/porto-unesco-bridge-300x200.jpg 300w, https:\/\/spiritual-science-research.com\/wp-content\/uploads\/2024\/12\/porto-unesco-bridge-768x512.jpg 768w\" sizes=\"auto, (max-width: 1024px) 100vw, 1024px\" \/><\/figure>\n\n\n\n<p>\u221e \u221e \u221e<\/p>\n\n\n\n<p>24 <strong>June 2026<\/strong>, 8 pm Portugal time<\/p>\n\n\n\n<p>we&#8217;re welcome to an online talk in English with Portuguese translation<\/p>\n\n\n\n<p><strong>Inner Awakening for Global Change<\/strong><br>\u2013 A Journey with Meditation and Spiritual Research<\/p>\n\n\n\n<p>a talk with meditation exercises and discussion by Inessa Burdich.<\/p>\n\n\n\n<p>\u221e \u221e \u221e<\/p>\n\n\n\n<p><br>On <strong>2 &#8211; 4 October 2026<\/strong><\/p>\n\n\n\n<p>We are planning to begin the Spiritual Science Research course in Porto.<\/p>\n\n\n\n<p>@ Atelier da Ilha, Rua Dr. J\u00falio de Matos 450, 4200-353 Porto.<\/p>\n\n\n\n<p>The course will take place if sufficient interest is confirmed.<\/p>\n\n\n\n<p><br>The course will be held in English with Portuguese translation.<\/p>\n\n\n\n<p><br>If you would like to participate in the course in Porto, please contact us.<\/p>\n\n\n\n<blockquote class=\"wp-block-quote is-layout-flow wp-block-quote-is-layout-flow\">\n<p>Contacto e registo:<\/p>\n\n\n\n<p>L\u00eddia <strong><a href=\"mailto:lidia.antropo@gmail.com\" target=\"_blank\" rel=\"noreferrer noopener\">lidia.antropo@gmail.com<\/a><\/strong><\/p>\n<\/blockquote>\n\n\n\n<p>\u221e \u221e \u221e<\/p>\n\n\n\n<p>\u221e \u221e \u221e<\/p>\n\n\n\n<p>Investiga\u00e7\u00e3o em Ci\u00eancia Espiritual \u2013 conte\u00fado do curso:<\/p>\n\n\n\n<figure class=\"wp-block-embed is-type-wp-embed is-provider-spiritual-science-research wp-block-embed-spiritual-science-research\"><div class=\"wp-block-embed__wrapper\">\n<blockquote class=\"wp-embedded-content\" data-secret=\"t8qX9OgIuN\"><a href=\"https:\/\/spiritual-science-research.com\/course-content-in-portuguese\/\">Investiga\u00e7\u00e3o em Ci\u00eancia Espiritual &#8211; conte\u00fado do curso<\/a><\/blockquote><iframe loading=\"lazy\" class=\"wp-embedded-content\" sandbox=\"allow-scripts\" security=\"restricted\" style=\"position: absolute; visibility: hidden;\" title=\"&#8220;Investiga\u00e7\u00e3o em Ci\u00eancia Espiritual &#8211; conte\u00fado do curso&#8221; &#8212; Spiritual Science Research\" src=\"https:\/\/spiritual-science-research.com\/course-content-in-portuguese\/embed\/#?secret=fEvHRU9WlP#?secret=t8qX9OgIuN\" data-secret=\"t8qX9OgIuN\" width=\"525\" height=\"296\" frameborder=\"0\" marginwidth=\"0\" marginheight=\"0\" scrolling=\"no\"><\/iframe>\n<\/div><\/figure>\n\n\n\n<p>\u221e \u221e \u221e<\/p>\n\n\n\n<p>Feedback:<\/p>\n\n\n\n<figure class=\"wp-block-embed is-type-wp-embed is-provider-spiritual-science-research wp-block-embed-spiritual-science-research\"><div class=\"wp-block-embed__wrapper\">\n<blockquote class=\"wp-embedded-content\" data-secret=\"am5m9x37Px\"><a href=\"https:\/\/spiritual-science-research.com\/feedback-all-languages\/\">Testimonials<\/a><\/blockquote><iframe loading=\"lazy\" class=\"wp-embedded-content\" sandbox=\"allow-scripts\" security=\"restricted\" style=\"position: absolute; visibility: hidden;\" title=\"&#8220;Testimonials&#8221; &#8212; Spiritual Science Research\" src=\"https:\/\/spiritual-science-research.com\/feedback-all-languages\/embed\/#?secret=MVLYoVzY9T#?secret=am5m9x37Px\" data-secret=\"am5m9x37Px\" width=\"525\" height=\"296\" frameborder=\"0\" marginwidth=\"0\" marginheight=\"0\" scrolling=\"no\"><\/iframe>\n<\/div><\/figure>\n\n\n\n<p>\u221e \u221e \u221e<\/p>\n\n\n\n<p>Sobre a Inessa Burdich:<\/p>\n\n\n\n<figure class=\"wp-block-embed is-type-wp-embed is-provider-spiritual-science-research wp-block-embed-spiritual-science-research\"><div class=\"wp-block-embed__wrapper\">\n<blockquote class=\"wp-embedded-content\" data-secret=\"BAtagLSrvI\"><a href=\"https:\/\/spiritual-science-research.com\/about-inessa-burdich-in-portuguese\/\">Sobre Inessa Burdich<\/a><\/blockquote><iframe loading=\"lazy\" class=\"wp-embedded-content\" sandbox=\"allow-scripts\" security=\"restricted\" style=\"position: absolute; visibility: hidden;\" title=\"&#8220;Sobre Inessa Burdich&#8221; &#8212; Spiritual Science Research\" src=\"https:\/\/spiritual-science-research.com\/about-inessa-burdich-in-portuguese\/embed\/#?secret=LM8RiePkUn#?secret=BAtagLSrvI\" data-secret=\"BAtagLSrvI\" width=\"525\" height=\"296\" frameborder=\"0\" marginwidth=\"0\" marginheight=\"0\" scrolling=\"no\"><\/iframe>\n<\/div><\/figure>\n\n\n\n<p>\u221e \u221e \u221e \u221e \u221e \u221e \u221e<\/p>\n\n\n\n<p><strong>22 February 2026<\/strong> &#8211; Inner Awakening for Global Change<br>\u2013 A Journey with Meditation and Spiritual Research<br>a talk with meditation exercises and discussion.<\/p>\n\n\n\n<p><\/p>\n","protected":false},"excerpt":{"rendered":"<p>O curso de Investiga\u00e7\u00e3o em Ci\u00eancias Espirituais est\u00e1 a decorrer em Porto, Portugal. Uma viagem de desenvolvimento espiritual interior atrav\u00e9s do m\u00e9todo \u201cLearning by Doing\u201d. \u221e \u221e \u221e 24 June 2026, 8 pm Portugal time we&#8217;re welcome to an online talk in English with Portuguese translation Inner Awakening for Global Change\u2013 A Journey with Meditation [&hellip;]<\/p>\n","protected":false},"author":2,"featured_media":0,"parent":0,"menu_order":0,"comment_status":"closed","ping_status":"closed","template":"","meta":{"footnotes":""},"class_list":["post-4581","page","type-page","status-publish","hentry"],"translation":{"provider":"WPGlobus","version":"3.0.2","language":"de","enabled_languages":["en","de"],"languages":{"en":{"title":true,"content":true,"excerpt":false},"de":{"title":false,"content":false,"excerpt":false}}},"yoast_head":"<!-- This site is optimized with the Yoast SEO plugin v27.5 - https:\/\/yoast.com\/product\/yoast-seo-wordpress\/ -->\n<title>Investiga\u00e7\u00e3o em Ci\u00eancia Espiritual \u2013 Curso em Porto, Portugal - Spiritual Science Research<\/title>\n<meta name=\"robots\" content=\"index, follow, max-snippet:-1, max-image-preview:large, max-video-preview:-1\" \/>\n<link rel=\"canonical\" href=\"https:\/\/spiritual-science-research.com\/porto-portugal-research-course-in-portuguese\/\" \/>\n<meta property=\"og:locale\" content=\"de_DE\" \/>\n<meta property=\"og:type\" content=\"article\" \/>\n<meta property=\"og:title\" content=\"Investiga\u00e7\u00e3o em Ci\u00eancia Espiritual \u2013 Curso em Porto, Portugal - Spiritual Science Research\" \/>\n<meta property=\"og:url\" content=\"https:\/\/spiritual-science-research.com\/porto-portugal-research-course-in-portuguese\/\" \/>\n<meta property=\"og:site_name\" content=\"Spiritual Science Research\" \/>\n<meta property=\"article:modified_time\" content=\"2026-02-25T22:32:49+00:00\" \/>\n<meta property=\"og:image\" content=\"https:\/\/spiritual-science-research.com\/wp-content\/uploads\/2024\/12\/porto-unesco-bridge.jpg\" \/>\n\t<meta property=\"og:image:width\" content=\"1024\" \/>\n\t<meta property=\"og:image:height\" content=\"683\" \/>\n\t<meta property=\"og:image:type\" content=\"image\/jpeg\" \/>\n<meta name=\"twitter:card\" content=\"summary_large_image\" \/>\n<meta name=\"twitter:label1\" content=\"Est. reading time\" \/>\n\t<meta name=\"twitter:data1\" content=\"2 minutes\" \/>\n<script type=\"application\/ld+json\" class=\"yoast-schema-graph\">{\"@context\":\"https:\\\/\\\/schema.org\",\"@graph\":[{\"@type\":\"WebPage\",\"@id\":\"https:\\\/\\\/spiritual-science-research.com\\\/porto-portugal-research-course-in-portuguese\\\/\",\"url\":\"https:\\\/\\\/spiritual-science-research.com\\\/porto-portugal-research-course-in-portuguese\\\/\",\"name\":\"Investiga\u00e7\u00e3o em Ci\u00eancia Espiritual \u2013 Curso em Porto, Portugal - Spiritual Science Research\",\"isPartOf\":{\"@id\":\"https:\\\/\\\/spiritual-science-research.com\\\/#website\"},\"primaryImageOfPage\":{\"@id\":\"https:\\\/\\\/spiritual-science-research.com\\\/porto-portugal-research-course-in-portuguese\\\/#primaryimage\"},\"image\":{\"@id\":\"https:\\\/\\\/spiritual-science-research.com\\\/porto-portugal-research-course-in-portuguese\\\/#primaryimage\"},\"thumbnailUrl\":\"https:\\\/\\\/spiritual-science-research.com\\\/wp-content\\\/uploads\\\/2024\\\/12\\\/porto-unesco-bridge.jpg\",\"datePublished\":\"2024-12-26T15:36:11+00:00\",\"dateModified\":\"2026-02-25T22:32:49+00:00\",\"description\":\"% % O curso de Investiga\u00e7\u00e3o em Ci\u00eancias Espirituais est\u00e1 a decorrer em Porto, Portugal. Uma viagem de desenvolvimento espiritual interior atrav\u00e9s do m\u00e9todo % %\",\"breadcrumb\":{\"@id\":\"https:\\\/\\\/spiritual-science-research.com\\\/porto-portugal-research-course-in-portuguese\\\/#breadcrumb\"},\"inLanguage\":\"de-DE\",\"potentialAction\":[{\"@type\":\"ReadAction\",\"target\":[\"https:\\\/\\\/spiritual-science-research.com\\\/porto-portugal-research-course-in-portuguese\\\/\"]}]},{\"@type\":\"ImageObject\",\"inLanguage\":\"de-DE\",\"@id\":\"https:\\\/\\\/spiritual-science-research.com\\\/porto-portugal-research-course-in-portuguese\\\/#primaryimage\",\"url\":\"https:\\\/\\\/spiritual-science-research.com\\\/wp-content\\\/uploads\\\/2024\\\/12\\\/porto-unesco-bridge.jpg\",\"contentUrl\":\"https:\\\/\\\/spiritual-science-research.com\\\/wp-content\\\/uploads\\\/2024\\\/12\\\/porto-unesco-bridge.jpg\"},{\"@type\":\"BreadcrumbList\",\"@id\":\"https:\\\/\\\/spiritual-science-research.com\\\/porto-portugal-research-course-in-portuguese\\\/#breadcrumb\",\"itemListElement\":[{\"@type\":\"ListItem\",\"position\":1,\"name\":\"Home\",\"item\":\"https:\\\/\\\/spiritual-science-research.com\\\/\"},{\"@type\":\"ListItem\",\"position\":2,\"name\":\"Investiga\u00e7\u00e3o em Ci\u00eancia Espiritual \u2013 Curso em Porto, Portugal\"}]},{\"@type\":\"WebSite\",\"@id\":\"https:\\\/\\\/spiritual-science-research.com\\\/#website\",\"url\":\"https:\\\/\\\/spiritual-science-research.com\\\/\",\"name\":\"Spiritual Science Research\",\"description\":\"Learning by doing\",\"publisher\":{\"@id\":\"https:\\\/\\\/spiritual-science-research.com\\\/#organization\"},\"potentialAction\":[{\"@type\":\"SearchAction\",\"target\":{\"@type\":\"EntryPoint\",\"urlTemplate\":\"https:\\\/\\\/spiritual-science-research.com\\\/?s={search_term_string}\"},\"query-input\":{\"@type\":\"PropertyValueSpecification\",\"valueRequired\":true,\"valueName\":\"search_term_string\"}}],\"inLanguage\":\"de-DE\"},{\"@type\":\"Organization\",\"@id\":\"https:\\\/\\\/spiritual-science-research.com\\\/#organization\",\"name\":\"Spiritual Science Research\",\"url\":\"https:\\\/\\\/spiritual-science-research.com\\\/\",\"logo\":{\"@type\":\"ImageObject\",\"inLanguage\":\"de-DE\",\"@id\":\"https:\\\/\\\/spiritual-science-research.com\\\/#\\\/schema\\\/logo\\\/image\\\/\",\"url\":\"https:\\\/\\\/spiritual-science-research.com\\\/wp-content\\\/uploads\\\/2023\\\/05\\\/Group-337.png\",\"contentUrl\":\"https:\\\/\\\/spiritual-science-research.com\\\/wp-content\\\/uploads\\\/2023\\\/05\\\/Group-337.png\",\"width\":400,\"height\":161,\"caption\":\"Spiritual Science Research\"},\"image\":{\"@id\":\"https:\\\/\\\/spiritual-science-research.com\\\/#\\\/schema\\\/logo\\\/image\\\/\"}}]}<\/script>\n<!-- \/ Yoast SEO plugin. -->","yoast_head_json":{"title":"Investiga\u00e7\u00e3o em Ci\u00eancia Espiritual \u2013 Curso em Porto, Portugal - Spiritual Science Research","robots":{"index":"index","follow":"follow","max-snippet":"max-snippet:-1","max-image-preview":"max-image-preview:large","max-video-preview":"max-video-preview:-1"},"canonical":"https:\/\/spiritual-science-research.com\/porto-portugal-research-course-in-portuguese\/","og_locale":"de_DE","og_type":"article","og_title":"Investiga\u00e7\u00e3o em Ci\u00eancia Espiritual \u2013 Curso em Porto, Portugal - Spiritual Science Research","og_url":"https:\/\/spiritual-science-research.com\/porto-portugal-research-course-in-portuguese\/","og_site_name":"Spiritual Science Research","article_modified_time":"2026-02-25T22:32:49+00:00","og_image":[{"width":1024,"height":683,"url":"https:\/\/spiritual-science-research.com\/wp-content\/uploads\/2024\/12\/porto-unesco-bridge.jpg","type":"image\/jpeg"}],"twitter_card":"summary_large_image","twitter_misc":{"Est. reading time":"2 minutes"},"schema":{"@context":"https:\/\/schema.org","@graph":[{"@type":"WebPage","@id":"https:\/\/spiritual-science-research.com\/porto-portugal-research-course-in-portuguese\/","url":"https:\/\/spiritual-science-research.com\/porto-portugal-research-course-in-portuguese\/","name":"Investiga\u00e7\u00e3o em Ci\u00eancia Espiritual \u2013 Curso em Porto, Portugal - Spiritual Science Research","isPartOf":{"@id":"https:\/\/spiritual-science-research.com\/#website"},"primaryImageOfPage":{"@id":"https:\/\/spiritual-science-research.com\/porto-portugal-research-course-in-portuguese\/#primaryimage"},"image":{"@id":"https:\/\/spiritual-science-research.com\/porto-portugal-research-course-in-portuguese\/#primaryimage"},"thumbnailUrl":"https:\/\/spiritual-science-research.com\/wp-content\/uploads\/2024\/12\/porto-unesco-bridge.jpg","datePublished":"2024-12-26T15:36:11+00:00","dateModified":"2026-02-25T22:32:49+00:00","description":"% % O curso de Investiga\u00e7\u00e3o em Ci\u00eancias Espirituais est\u00e1 a decorrer em Porto, Portugal. Uma viagem de desenvolvimento espiritual interior atrav\u00e9s do m\u00e9todo % %","breadcrumb":{"@id":"https:\/\/spiritual-science-research.com\/porto-portugal-research-course-in-portuguese\/#breadcrumb"},"inLanguage":"de-DE","potentialAction":[{"@type":"ReadAction","target":["https:\/\/spiritual-science-research.com\/porto-portugal-research-course-in-portuguese\/"]}]},{"@type":"ImageObject","inLanguage":"de-DE","@id":"https:\/\/spiritual-science-research.com\/porto-portugal-research-course-in-portuguese\/#primaryimage","url":"https:\/\/spiritual-science-research.com\/wp-content\/uploads\/2024\/12\/porto-unesco-bridge.jpg","contentUrl":"https:\/\/spiritual-science-research.com\/wp-content\/uploads\/2024\/12\/porto-unesco-bridge.jpg"},{"@type":"BreadcrumbList","@id":"https:\/\/spiritual-science-research.com\/porto-portugal-research-course-in-portuguese\/#breadcrumb","itemListElement":[{"@type":"ListItem","position":1,"name":"Home","item":"https:\/\/spiritual-science-research.com\/"},{"@type":"ListItem","position":2,"name":"Investiga\u00e7\u00e3o em Ci\u00eancia Espiritual \u2013 Curso em Porto, Portugal"}]},{"@type":"WebSite","@id":"https:\/\/spiritual-science-research.com\/#website","url":"https:\/\/spiritual-science-research.com\/","name":"Spiritual Science Research","description":"Learning by doing","publisher":{"@id":"https:\/\/spiritual-science-research.com\/#organization"},"potentialAction":[{"@type":"SearchAction","target":{"@type":"EntryPoint","urlTemplate":"https:\/\/spiritual-science-research.com\/?s={search_term_string}"},"query-input":{"@type":"PropertyValueSpecification","valueRequired":true,"valueName":"search_term_string"}}],"inLanguage":"de-DE"},{"@type":"Organization","@id":"https:\/\/spiritual-science-research.com\/#organization","name":"Spiritual Science Research","url":"https:\/\/spiritual-science-research.com\/","logo":{"@type":"ImageObject","inLanguage":"de-DE","@id":"https:\/\/spiritual-science-research.com\/#\/schema\/logo\/image\/","url":"https:\/\/spiritual-science-research.com\/wp-content\/uploads\/2023\/05\/Group-337.png","contentUrl":"https:\/\/spiritual-science-research.com\/wp-content\/uploads\/2023\/05\/Group-337.png","width":400,"height":161,"caption":"Spiritual Science Research"},"image":{"@id":"https:\/\/spiritual-science-research.com\/#\/schema\/logo\/image\/"}}]}},"_links":{"self":[{"href":"https:\/\/spiritual-science-research.com\/de\/wp-json\/wp\/v2\/pages\/4581","targetHints":{"allow":["GET"]}}],"collection":[{"href":"https:\/\/spiritual-science-research.com\/de\/wp-json\/wp\/v2\/pages"}],"about":[{"href":"https:\/\/spiritual-science-research.com\/de\/wp-json\/wp\/v2\/types\/page"}],"author":[{"embeddable":true,"href":"https:\/\/spiritual-science-research.com\/de\/wp-json\/wp\/v2\/users\/2"}],"replies":[{"embeddable":true,"href":"https:\/\/spiritual-science-research.com\/de\/wp-json\/wp\/v2\/comments?post=4581"}],"version-history":[{"count":22,"href":"https:\/\/spiritual-science-research.com\/de\/wp-json\/wp\/v2\/pages\/4581\/revisions"}],"predecessor-version":[{"id":7811,"href":"https:\/\/spiritual-science-research.com\/de\/wp-json\/wp\/v2\/pages\/4581\/revisions\/7811"}],"wp:attachment":[{"href":"https:\/\/spiritual-science-research.com\/de\/wp-json\/wp\/v2\/media?parent=4581"}],"curies":[{"name":"wp","href":"https:\/\/api.w.org\/{rel}","templated":true}]}}