{"id":3801,"date":"2024-08-20T18:38:40","date_gmt":"2024-08-20T18:38:40","guid":{"rendered":"https:\/\/spiritual-science-research.com\/?page_id=3801"},"modified":"2026-02-04T16:09:24","modified_gmt":"2026-02-04T16:09:24","slug":"inner-awakening-for-global-change","status":"publish","type":"page","link":"https:\/\/spiritual-science-research.com\/de\/inner-awakening-for-global-change\/","title":{"rendered":"Inneres Erwachen f\u00fcr globalen Wandel"},"content":{"rendered":"\n<p><\/p>\n\n\n\n<p>&#8211; <strong>Eine Reise mit Meditation und Geistesforschung<\/strong><\/p>\n\n\n\n<p>kostenloser Online-Vortrag mit Meditations\u00fcbungen von Inessa Burdich auf Deutsch- organisiert vom Rudolf Steiner Zweig in Chicago.<\/p>\n\n\n\n<p><\/p>\n\n\n\n<figure class=\"wp-block-image size-large\"><img loading=\"lazy\" decoding=\"async\" width=\"1024\" height=\"673\" src=\"https:\/\/spiritual-science-research.com\/wp-content\/uploads\/2024\/08\/Screenshot-2024-08-20-at-22.59.10-1024x673.png\" alt=\"\" class=\"wp-image-3828\" srcset=\"https:\/\/spiritual-science-research.com\/wp-content\/uploads\/2024\/08\/Screenshot-2024-08-20-at-22.59.10-1024x673.png 1024w, https:\/\/spiritual-science-research.com\/wp-content\/uploads\/2024\/08\/Screenshot-2024-08-20-at-22.59.10-300x197.png 300w, https:\/\/spiritual-science-research.com\/wp-content\/uploads\/2024\/08\/Screenshot-2024-08-20-at-22.59.10-768x504.png 768w, https:\/\/spiritual-science-research.com\/wp-content\/uploads\/2024\/08\/Screenshot-2024-08-20-at-22.59.10-1536x1009.png 1536w, https:\/\/spiritual-science-research.com\/wp-content\/uploads\/2024\/08\/Screenshot-2024-08-20-at-22.59.10.png 1888w\" sizes=\"auto, (max-width: 1024px) 100vw, 1024px\" \/><figcaption class=\"wp-element-caption\"><em>Rudolf Steiner 1924<\/em><\/figcaption><\/figure>\n\n\n\n<p>\u221e \u221e \u221e<\/p>\n\n\n\n<p>Lernen durch biografische Beispiele kann sehr hilfreich und lehrreich sein kann. Daher wird Inessa zu Beginn ihres Vortrags von ihrem pers\u00f6nlichen Weg der Meditation und ihren Forschungsprojekten berichten. Anschlie\u00dfend werden wir uns mit den entscheidenden Herausforderungen der Gegenwart befassen. Wir werden die verborgenen spirituellen K\u00e4mpfe erforschen, die der materiellen Welt zugrunde liegen. Inessa wird in ihrem Vortrag erl\u00e4utern, wie sie von der Anthroposophie verstanden werden.<\/p>\n\n\n\n<p>Ausgehend von den Lehren Rudolf Steiners wird der Vortrag die verborgenen Fragen zwischen Materialismus und Spiritualit\u00e4t ansprechen. Dadurch k\u00f6nnen wir einen Einblick gewinnen, wie innere Entwicklung durch Meditation und \u201eReinigung\u201c von Negativem in der pers\u00f6nlichen Biographie als kraftvolles Werkzeug f\u00fcr die pers\u00f6nliche Entwicklung dienen kann. Wir k\u00f6nnen erkennen, wie wir so einen praktischen und positiven Beitrag zur Transformation der dr\u00e4ngenden Anliegen unserer Zeit leisten k\u00f6nnen.<\/p>\n\n\n\n<p>Die geisteswissenschaftliche Forschung stellt eine Weiterentwicklung der pers\u00f6nlichen meditativen Arbeit dar.&nbsp; Durch systematische Untersuchung und verfeinerte Fragestellungen kann eine kognitive Methode zur verfeinerten Wahrnehmung erlernt werden.&nbsp; Die Forschung erstreckt sich auf eine sorgf\u00e4ltige Suche nach Wissen \u00fcber die h\u00f6heren Welten und erforscht sowohl das innere Selbst als auch die \u00e4u\u00dfere Welt. Durch dieses unerm\u00fcdliche Streben wird der Einzelne in die Lage versetzt, Probleme der heutigen Zeit zu bew\u00e4ltigen und einen sinnvollen Beitrag zur Erneuerung der Welt zu leisten.<\/p>\n\n\n\n<p>Das Verst\u00e4ndnis f\u00fcr die im Vortrag angesprochenen Themen kann durch die anschlie\u00dfende Teilnahme an einer meditativen \u00dcbung vertieft werden. Um einen abschlie\u00dfenden \u00dcberblick \u00fcber den Kurs \u201eGeisteswissenschaftliche Forschung\u201c zu erhalten, werden wir mit einer Fragerunde abschlie\u00dfen, um die vorgestellten Erkenntnisse weiter zu vertiefen.<\/p>\n\n\n\n<p>\u221e \u221e \u221e<\/p>\n\n\n\n<blockquote class=\"wp-block-quote is-layout-flow wp-block-quote-is-layout-flow\">\n<p>Der Vortrag findet online statt am <strong>24. November 2024, Sonntag<\/strong>, <strong>19:00 Deutsche Zeit<\/strong>.<\/p>\n\n\n\n<p>Der Vortrag ist kostenlos. Um den Zoom-Link zu erhalten, kontaktieren Sie bitte <a href=\"mailto:Inessa.Burdich.Research@gmail.com\">Inessa.Burdich.Research@gmail.com<\/a><\/p>\n<\/blockquote>\n\n\n\n<p>\u221e \u221e \u221e<\/p>\n\n\n\n<p>Dies ist ein Einf\u00fchrungsvortrag zu den Kursen der Geisteswissenschaftlichen Forschung, einschlie\u00dflich:<\/p>\n\n\n\n<p>Geisteswissenschaftliche Forschung &#8211; Online-Kurs auf Deutch<\/p>\n\n\n\n<figure class=\"wp-block-embed is-type-wp-embed is-provider-spiritual-science-research wp-block-embed-spiritual-science-research\"><div class=\"wp-block-embed__wrapper\">\n<blockquote class=\"wp-embedded-content\" data-secret=\"fDiVHaz9Dd\"><a href=\"https:\/\/spiritual-science-research.com\/de\/rss-online-in-german\/\">Geisteswissenschaftliche Forschung &#8211; Online-Kurs auf Deutsch<\/a><\/blockquote><iframe loading=\"lazy\" class=\"wp-embedded-content\" sandbox=\"allow-scripts\" security=\"restricted\" style=\"position: absolute; visibility: hidden;\" title=\"&#8220;Geisteswissenschaftliche Forschung &#8211; Online-Kurs auf Deutsch&#8221; &#8212; Spiritual Science Research\" src=\"https:\/\/spiritual-science-research.com\/de\/rss-online-in-german\/embed\/#?secret=Pns1G7LKmi#?secret=fDiVHaz9Dd\" data-secret=\"fDiVHaz9Dd\" width=\"525\" height=\"296\" frameborder=\"0\" marginwidth=\"0\" marginheight=\"0\" scrolling=\"no\"><\/iframe>\n<\/div><\/figure>\n\n\n\n<p>\u221e \u221e \u221e<\/p>\n\n\n\n<p>\u00dcber Inessa finden Sie hier&nbsp;<\/p>\n\n\n\n<figure class=\"wp-block-embed is-type-wp-embed is-provider-spiritual-science-research wp-block-embed-spiritual-science-research\"><div class=\"wp-block-embed__wrapper\">\n<blockquote class=\"wp-embedded-content\" data-secret=\"XuIwTFIaMS\"><a href=\"https:\/\/spiritual-science-research.com\/de\/about\/\">Inessa Burdich<\/a><\/blockquote><iframe loading=\"lazy\" class=\"wp-embedded-content\" sandbox=\"allow-scripts\" security=\"restricted\" style=\"position: absolute; visibility: hidden;\" title=\"&#8220;Inessa Burdich&#8221; &#8212; Spiritual Science Research\" src=\"https:\/\/spiritual-science-research.com\/de\/about\/embed\/#?secret=xL19R2mqHK#?secret=XuIwTFIaMS\" data-secret=\"XuIwTFIaMS\" width=\"525\" height=\"296\" frameborder=\"0\" marginwidth=\"0\" marginheight=\"0\" scrolling=\"no\"><\/iframe>\n<\/div><\/figure>\n\n\n\n<p><\/p>\n\n\n\n<p>\u221e \u221e \u221e<\/p>\n\n\n\n<p>Der Vortrag ist ein Teil der Geisteswissenschaftlichen Forschung Kurse, einschlie\u00dflich:<\/p>\n\n\n\n<p><\/p>\n\n\n\n<p><strong>Geisteswissenschaftliche Forschung \u2013 Kursinhalt<\/strong><\/p>\n\n\n\n<figure class=\"wp-block-embed is-type-wp-embed is-provider-spiritual-science-research wp-block-embed-spiritual-science-research\"><div class=\"wp-block-embed__wrapper\">\n<blockquote class=\"wp-embedded-content\" data-secret=\"GnmcdlIju9\"><a href=\"https:\/\/spiritual-science-research.com\/themen\/\">Geisteswissenschaftliche Forschung &#8211; Kursinhalt<\/a><\/blockquote><iframe loading=\"lazy\" class=\"wp-embedded-content\" sandbox=\"allow-scripts\" security=\"restricted\" style=\"position: absolute; visibility: hidden;\" title=\"&#8220;Geisteswissenschaftliche Forschung &#8211; Kursinhalt&#8221; &#8212; Spiritual Science Research\" src=\"https:\/\/spiritual-science-research.com\/themen\/embed\/#?secret=mbJirpLAm8#?secret=GnmcdlIju9\" data-secret=\"GnmcdlIju9\" width=\"525\" height=\"296\" frameborder=\"0\" marginwidth=\"0\" marginheight=\"0\" scrolling=\"no\"><\/iframe>\n<\/div><\/figure>\n\n\n\n<p>\u221e \u221e \u221e<\/p>\n\n\n\n<p><strong>Geisteswissenschaftliche Forschung \u2013 Online-Kurs auf Deutsch<\/strong><\/p>\n\n\n\n<figure class=\"wp-block-embed is-type-wp-embed is-provider-spiritual-science-research wp-block-embed-spiritual-science-research\"><div class=\"wp-block-embed__wrapper\">\n<blockquote class=\"wp-embedded-content\" data-secret=\"fDiVHaz9Dd\"><a href=\"https:\/\/spiritual-science-research.com\/de\/rss-online-in-german\/\">Geisteswissenschaftliche Forschung &#8211; Online-Kurs auf Deutsch<\/a><\/blockquote><iframe loading=\"lazy\" class=\"wp-embedded-content\" sandbox=\"allow-scripts\" security=\"restricted\" style=\"position: absolute; visibility: hidden;\" title=\"&#8220;Geisteswissenschaftliche Forschung &#8211; Online-Kurs auf Deutsch&#8221; &#8212; Spiritual Science Research\" src=\"https:\/\/spiritual-science-research.com\/de\/rss-online-in-german\/embed\/#?secret=Pns1G7LKmi#?secret=fDiVHaz9Dd\" data-secret=\"fDiVHaz9Dd\" width=\"525\" height=\"296\" frameborder=\"0\" marginwidth=\"0\" marginheight=\"0\" scrolling=\"no\"><\/iframe>\n<\/div><\/figure>\n\n\n\n<p>\u221e \u221e \u221e<\/p>\n","protected":false},"excerpt":{"rendered":"<p>&#8211; Eine Reise mit Meditation und Geistesforschung kostenloser Online-Vortrag mit Meditations\u00fcbungen von Inessa Burdich auf Deutsch- organisiert vom Rudolf Steiner Zweig in Chicago. \u221e \u221e \u221e Lernen durch biografische Beispiele kann sehr hilfreich und lehrreich sein kann. Daher wird Inessa zu Beginn ihres Vortrags von ihrem pers\u00f6nlichen Weg der Meditation und ihren Forschungsprojekten berichten. Anschlie\u00dfend [&hellip;]<\/p>\n","protected":false},"author":2,"featured_media":0,"parent":0,"menu_order":0,"comment_status":"closed","ping_status":"closed","template":"","meta":{"footnotes":""},"class_list":["post-3801","page","type-page","status-publish","hentry"],"translation":{"provider":"WPGlobus","version":"3.0.2","language":"de","enabled_languages":["en","de"],"languages":{"en":{"title":true,"content":true,"excerpt":false},"de":{"title":true,"content":true,"excerpt":false}}},"yoast_head":"<!-- This site is optimized with the Yoast SEO plugin v27.3 - https:\/\/yoast.com\/product\/yoast-seo-wordpress\/ -->\n<title>Inneres Erwachen f\u00fcr globalen Wandel - Spiritual Science Research<\/title>\n<meta name=\"robots\" content=\"index, follow, max-snippet:-1, max-image-preview:large, max-video-preview:-1\" \/>\n<link rel=\"canonical\" href=\"https:\/\/spiritual-science-research.com\/inner-awakening-for-global-change\/\" \/>\n<meta property=\"og:locale\" content=\"de_DE\" \/>\n<meta property=\"og:type\" content=\"article\" \/>\n<meta property=\"og:title\" content=\"Inneres Erwachen f\u00fcr globalen Wandel - Spiritual Science Research\" \/>\n<meta property=\"og:url\" content=\"https:\/\/spiritual-science-research.com\/inner-awakening-for-global-change\/\" \/>\n<meta property=\"og:site_name\" content=\"Spiritual Science Research\" \/>\n<meta property=\"article:modified_time\" content=\"2026-02-04T16:09:24+00:00\" \/>\n<meta property=\"og:image\" content=\"https:\/\/spiritual-science-research.com\/wp-content\/uploads\/2024\/08\/Screenshot-2024-08-20-at-22.59.10-1024x673.png\" \/>\n\t<meta property=\"og:image:width\" content=\"1024\" \/>\n\t<meta property=\"og:image:height\" content=\"673\" \/>\n\t<meta property=\"og:image:type\" content=\"image\/png\" \/>\n<meta name=\"twitter:card\" content=\"summary_large_image\" \/>\n<meta name=\"twitter:label1\" content=\"Est. reading time\" \/>\n\t<meta name=\"twitter:data1\" content=\"2 minutes\" \/>\n<script type=\"application\/ld+json\" class=\"yoast-schema-graph\">{\"@context\":\"https:\\\/\\\/schema.org\",\"@graph\":[{\"@type\":\"WebPage\",\"@id\":\"https:\\\/\\\/spiritual-science-research.com\\\/inner-awakening-for-global-change\\\/\",\"url\":\"https:\\\/\\\/spiritual-science-research.com\\\/inner-awakening-for-global-change\\\/\",\"name\":\"Inneres Erwachen f\u00fcr globalen Wandel - Spiritual Science Research\",\"isPartOf\":{\"@id\":\"https:\\\/\\\/spiritual-science-research.com\\\/#website\"},\"primaryImageOfPage\":{\"@id\":\"https:\\\/\\\/spiritual-science-research.com\\\/inner-awakening-for-global-change\\\/#primaryimage\"},\"image\":{\"@id\":\"https:\\\/\\\/spiritual-science-research.com\\\/inner-awakening-for-global-change\\\/#primaryimage\"},\"thumbnailUrl\":\"https:\\\/\\\/spiritual-science-research.com\\\/wp-content\\\/uploads\\\/2024\\\/08\\\/Screenshot-2024-08-20-at-22.59.10-1024x673.png\",\"datePublished\":\"2024-08-20T18:38:40+00:00\",\"dateModified\":\"2026-02-04T16:09:24+00:00\",\"description\":\"% % {:en} - A Journey with Meditation and Spiritual Research a talk with meditation exercises and discussion by Inessa Burdich - initiated by Rudolf Steiner % %\",\"breadcrumb\":{\"@id\":\"https:\\\/\\\/spiritual-science-research.com\\\/inner-awakening-for-global-change\\\/#breadcrumb\"},\"inLanguage\":\"de-DE\",\"potentialAction\":[{\"@type\":\"ReadAction\",\"target\":[\"https:\\\/\\\/spiritual-science-research.com\\\/inner-awakening-for-global-change\\\/\"]}]},{\"@type\":\"ImageObject\",\"inLanguage\":\"de-DE\",\"@id\":\"https:\\\/\\\/spiritual-science-research.com\\\/inner-awakening-for-global-change\\\/#primaryimage\",\"url\":\"https:\\\/\\\/spiritual-science-research.com\\\/wp-content\\\/uploads\\\/2024\\\/08\\\/Screenshot-2024-08-20-at-22.59.10-1024x673.png\",\"contentUrl\":\"https:\\\/\\\/spiritual-science-research.com\\\/wp-content\\\/uploads\\\/2024\\\/08\\\/Screenshot-2024-08-20-at-22.59.10-1024x673.png\"},{\"@type\":\"BreadcrumbList\",\"@id\":\"https:\\\/\\\/spiritual-science-research.com\\\/inner-awakening-for-global-change\\\/#breadcrumb\",\"itemListElement\":[{\"@type\":\"ListItem\",\"position\":1,\"name\":\"Home\",\"item\":\"https:\\\/\\\/spiritual-science-research.com\\\/\"},{\"@type\":\"ListItem\",\"position\":2,\"name\":\"Inner Awakening for Global Change\"}]},{\"@type\":\"WebSite\",\"@id\":\"https:\\\/\\\/spiritual-science-research.com\\\/#website\",\"url\":\"https:\\\/\\\/spiritual-science-research.com\\\/\",\"name\":\"Spiritual Science Research\",\"description\":\"Learning by doing\",\"publisher\":{\"@id\":\"https:\\\/\\\/spiritual-science-research.com\\\/#organization\"},\"potentialAction\":[{\"@type\":\"SearchAction\",\"target\":{\"@type\":\"EntryPoint\",\"urlTemplate\":\"https:\\\/\\\/spiritual-science-research.com\\\/?s={search_term_string}\"},\"query-input\":{\"@type\":\"PropertyValueSpecification\",\"valueRequired\":true,\"valueName\":\"search_term_string\"}}],\"inLanguage\":\"de-DE\"},{\"@type\":\"Organization\",\"@id\":\"https:\\\/\\\/spiritual-science-research.com\\\/#organization\",\"name\":\"Spiritual Science Research\",\"url\":\"https:\\\/\\\/spiritual-science-research.com\\\/\",\"logo\":{\"@type\":\"ImageObject\",\"inLanguage\":\"de-DE\",\"@id\":\"https:\\\/\\\/spiritual-science-research.com\\\/#\\\/schema\\\/logo\\\/image\\\/\",\"url\":\"https:\\\/\\\/spiritual-science-research.com\\\/wp-content\\\/uploads\\\/2023\\\/05\\\/Group-337.png\",\"contentUrl\":\"https:\\\/\\\/spiritual-science-research.com\\\/wp-content\\\/uploads\\\/2023\\\/05\\\/Group-337.png\",\"width\":400,\"height\":161,\"caption\":\"Spiritual Science Research\"},\"image\":{\"@id\":\"https:\\\/\\\/spiritual-science-research.com\\\/#\\\/schema\\\/logo\\\/image\\\/\"}}]}<\/script>\n<!-- \/ Yoast SEO plugin. -->","yoast_head_json":{"title":"Inneres Erwachen f\u00fcr globalen Wandel - Spiritual Science Research","robots":{"index":"index","follow":"follow","max-snippet":"max-snippet:-1","max-image-preview":"max-image-preview:large","max-video-preview":"max-video-preview:-1"},"canonical":"https:\/\/spiritual-science-research.com\/inner-awakening-for-global-change\/","og_locale":"de_DE","og_type":"article","og_title":"Inneres Erwachen f\u00fcr globalen Wandel - Spiritual Science Research","og_url":"https:\/\/spiritual-science-research.com\/inner-awakening-for-global-change\/","og_site_name":"Spiritual Science Research","article_modified_time":"2026-02-04T16:09:24+00:00","og_image":[{"width":1024,"height":673,"url":"https:\/\/spiritual-science-research.com\/wp-content\/uploads\/2024\/08\/Screenshot-2024-08-20-at-22.59.10-1024x673.png","type":"image\/png"}],"twitter_card":"summary_large_image","twitter_misc":{"Est. reading time":"2 minutes"},"schema":{"@context":"https:\/\/schema.org","@graph":[{"@type":"WebPage","@id":"https:\/\/spiritual-science-research.com\/inner-awakening-for-global-change\/","url":"https:\/\/spiritual-science-research.com\/inner-awakening-for-global-change\/","name":"Inneres Erwachen f\u00fcr globalen Wandel - Spiritual Science Research","isPartOf":{"@id":"https:\/\/spiritual-science-research.com\/#website"},"primaryImageOfPage":{"@id":"https:\/\/spiritual-science-research.com\/inner-awakening-for-global-change\/#primaryimage"},"image":{"@id":"https:\/\/spiritual-science-research.com\/inner-awakening-for-global-change\/#primaryimage"},"thumbnailUrl":"https:\/\/spiritual-science-research.com\/wp-content\/uploads\/2024\/08\/Screenshot-2024-08-20-at-22.59.10-1024x673.png","datePublished":"2024-08-20T18:38:40+00:00","dateModified":"2026-02-04T16:09:24+00:00","description":"% % {:en} - A Journey with Meditation and Spiritual Research a talk with meditation exercises and discussion by Inessa Burdich - initiated by Rudolf Steiner % %","breadcrumb":{"@id":"https:\/\/spiritual-science-research.com\/inner-awakening-for-global-change\/#breadcrumb"},"inLanguage":"de-DE","potentialAction":[{"@type":"ReadAction","target":["https:\/\/spiritual-science-research.com\/inner-awakening-for-global-change\/"]}]},{"@type":"ImageObject","inLanguage":"de-DE","@id":"https:\/\/spiritual-science-research.com\/inner-awakening-for-global-change\/#primaryimage","url":"https:\/\/spiritual-science-research.com\/wp-content\/uploads\/2024\/08\/Screenshot-2024-08-20-at-22.59.10-1024x673.png","contentUrl":"https:\/\/spiritual-science-research.com\/wp-content\/uploads\/2024\/08\/Screenshot-2024-08-20-at-22.59.10-1024x673.png"},{"@type":"BreadcrumbList","@id":"https:\/\/spiritual-science-research.com\/inner-awakening-for-global-change\/#breadcrumb","itemListElement":[{"@type":"ListItem","position":1,"name":"Home","item":"https:\/\/spiritual-science-research.com\/"},{"@type":"ListItem","position":2,"name":"Inner Awakening for Global Change"}]},{"@type":"WebSite","@id":"https:\/\/spiritual-science-research.com\/#website","url":"https:\/\/spiritual-science-research.com\/","name":"Spiritual Science Research","description":"Learning by doing","publisher":{"@id":"https:\/\/spiritual-science-research.com\/#organization"},"potentialAction":[{"@type":"SearchAction","target":{"@type":"EntryPoint","urlTemplate":"https:\/\/spiritual-science-research.com\/?s={search_term_string}"},"query-input":{"@type":"PropertyValueSpecification","valueRequired":true,"valueName":"search_term_string"}}],"inLanguage":"de-DE"},{"@type":"Organization","@id":"https:\/\/spiritual-science-research.com\/#organization","name":"Spiritual Science Research","url":"https:\/\/spiritual-science-research.com\/","logo":{"@type":"ImageObject","inLanguage":"de-DE","@id":"https:\/\/spiritual-science-research.com\/#\/schema\/logo\/image\/","url":"https:\/\/spiritual-science-research.com\/wp-content\/uploads\/2023\/05\/Group-337.png","contentUrl":"https:\/\/spiritual-science-research.com\/wp-content\/uploads\/2023\/05\/Group-337.png","width":400,"height":161,"caption":"Spiritual Science Research"},"image":{"@id":"https:\/\/spiritual-science-research.com\/#\/schema\/logo\/image\/"}}]}},"_links":{"self":[{"href":"https:\/\/spiritual-science-research.com\/de\/wp-json\/wp\/v2\/pages\/3801","targetHints":{"allow":["GET"]}}],"collection":[{"href":"https:\/\/spiritual-science-research.com\/de\/wp-json\/wp\/v2\/pages"}],"about":[{"href":"https:\/\/spiritual-science-research.com\/de\/wp-json\/wp\/v2\/types\/page"}],"author":[{"embeddable":true,"href":"https:\/\/spiritual-science-research.com\/de\/wp-json\/wp\/v2\/users\/2"}],"replies":[{"embeddable":true,"href":"https:\/\/spiritual-science-research.com\/de\/wp-json\/wp\/v2\/comments?post=3801"}],"version-history":[{"count":46,"href":"https:\/\/spiritual-science-research.com\/de\/wp-json\/wp\/v2\/pages\/3801\/revisions"}],"predecessor-version":[{"id":7674,"href":"https:\/\/spiritual-science-research.com\/de\/wp-json\/wp\/v2\/pages\/3801\/revisions\/7674"}],"wp:attachment":[{"href":"https:\/\/spiritual-science-research.com\/de\/wp-json\/wp\/v2\/media?parent=3801"}],"curies":[{"name":"wp","href":"https:\/\/api.w.org\/{rel}","templated":true}]}}