{"id":3655,"date":"2024-05-17T15:20:21","date_gmt":"2024-05-17T15:20:21","guid":{"rendered":"https:\/\/spiritual-science-research.com\/?page_id=3655"},"modified":"2026-02-07T15:47:14","modified_gmt":"2026-02-07T15:47:14","slug":"about-inessa-burdich-in-portuguese","status":"publish","type":"page","link":"https:\/\/spiritual-science-research.com\/de\/about-inessa-burdich-in-portuguese\/","title":{"rendered":"Sobre Inessa Burdich"},"content":{"rendered":"\n<p><\/p>\n\n\n<div class=\"wp-block-image is-style-rounded\">\n<figure class=\"alignright\"><img loading=\"lazy\" decoding=\"async\" width=\"225\" height=\"300\" src=\"https:\/\/spiritual-science-research.com\/wp-content\/uploads\/2024\/02\/Screenshot-2024-02-07-at-22.35.56-225x300.png\" alt=\"\" class=\"wp-image-3184\" srcset=\"https:\/\/spiritual-science-research.com\/wp-content\/uploads\/2024\/02\/Screenshot-2024-02-07-at-22.35.56-225x300.png 225w, https:\/\/spiritual-science-research.com\/wp-content\/uploads\/2024\/02\/Screenshot-2024-02-07-at-22.35.56-768x1024.png 768w, https:\/\/spiritual-science-research.com\/wp-content\/uploads\/2024\/02\/Screenshot-2024-02-07-at-22.35.56.png 1080w\" sizes=\"auto, (max-width: 225px) 100vw, 225px\" \/><\/figure>\n<\/div>\n\n\n<p>Inessa \u00e9 uma investigadora em Ci\u00eancia Espiritual, consultora terap\u00eautica, coach e oferece servi\u00e7os de consultoria a organiza\u00e7\u00f5es. D\u00e1 cursos de medita\u00e7\u00e3o antropos\u00f3fica e percep\u00e7\u00e3o supra-sens\u00edvel e \u00e9 curadora de um fundo educacional Rudolf Steiner dedicado a apoiar indiv\u00edduos com necessidades especiais.<\/p>\n\n\n\n<p><\/p>\n\n\n\n<p>\u221e \u221e \u221e<\/p>\n\n\n\n<p>Depois de se ter licenciado em F\u00edsica (Nanotecnologia), iniciou uma carreira empresarial e a n\u00edvel internacional ao longo de duas d\u00e9cadas (obteve tamb\u00e9m um MBA). Com uma grande paix\u00e3o pelo xadrez, foi jogadora profissional e treinadora durante v\u00e1rios anos.<\/p>\n\n\n\n<p>Come\u00e7ou a trabalhar como coach em 1987 e a dinamizar cursos de desenvolvimento pessoal desde 1996. Obteve o mestrado em Psicologia (2006) e o mestrado em Educa\u00e7\u00e3o Terap\u00eautica, no Reino Unido (2016); e mais recentemente, dedicou-se durante dois anos aos estudos de psiquiatria, Alemanha (2022). Desde muito jovem dedica-se \u00e0 pr\u00e1tica meditativa.<\/p>\n\n\n\n<p>\u221e \u221e \u221e<\/p>\n\n\n\n<p>Os principais dom\u00ednios de atividade s\u00e3o:<\/p>\n\n\n\n<p>&#8211; <strong>A Investiga\u00e7\u00e3o Pr\u00e1tica da Ci\u00eancia Espiritual<\/strong>, particularmente relacionada com a medicina antropos\u00f3fica, engloba o desenvolvimento e a produ\u00e7\u00e3o de medicamentos \u00e0 base de visco \u201cviscum \u00e1lbum\u201d, bem como de medicamentos homeop\u00e1ticos e antropos\u00f3ficos; as fontes espirituais de v\u00e1rias doen\u00e7as, incluindo condi\u00e7\u00f5es oncol\u00f3gicas e psiqui\u00e1tricas, entre uma gama diversificada de projetos de investiga\u00e7\u00e3o.<\/p>\n\n\n\n<p>&#8211; Projectos de investiga\u00e7\u00e3o em conjunto com organiza\u00e7\u00f5es antropos\u00f3ficas.<\/p>\n\n\n\n<p>&#8211; <strong>Aconselhamento<\/strong> a organiza\u00e7\u00f5es e indiv\u00edduos, com a realiza\u00e7\u00e3o de auditorias espirituais a edif\u00edcios e locais. Aconselhamento terap\u00eautico pessoal e coaching para apoiar e promover a harmonia de acordo com as suas aspira\u00e7\u00f5es espirituais.<\/p>\n\n\n\n<p>\u221e \u221e \u221e<\/p>\n\n\n\n<p>&#8211; <strong>Investiga\u00e7\u00e3o em Ci\u00eancia Espiritual<\/strong> &#8211; cursos, palestras e workshops sobre medita\u00e7\u00e3o antropos\u00f3fica e percep\u00e7\u00e3o do supra-sens\u00edvel;<\/p>\n\n\n\n<p>\u221e \u221e \u221e<\/p>\n\n\n\n<p><strong><a href=\"\/portugal-research-course\/\">Investiga\u00e7\u00e3o em Ci\u00eancia Espiritual \u2013 Curso em Portugal<\/a><\/strong><\/p>\n\n\n\n<figure class=\"wp-block-embed is-type-wp-embed is-provider-spiritual-science-research wp-block-embed-spiritual-science-research\"><div class=\"wp-block-embed__wrapper\">\n<blockquote class=\"wp-embedded-content\" data-secret=\"ylT4B1auaK\"><a href=\"https:\/\/spiritual-science-research.com\/portugal-research-course\/\">Investiga\u00e7\u00e3o em Ci\u00eancia Espiritual &#8211; Curso em Sintra, Portugal<\/a><\/blockquote><iframe loading=\"lazy\" class=\"wp-embedded-content\" sandbox=\"allow-scripts\" security=\"restricted\" style=\"position: absolute; visibility: hidden;\" title=\"&#8220;Investiga\u00e7\u00e3o em Ci\u00eancia Espiritual &#8211; Curso em Sintra, Portugal&#8221; &#8212; Spiritual Science Research\" src=\"https:\/\/spiritual-science-research.com\/portugal-research-course\/embed\/#?secret=YIrQEc2mdd#?secret=ylT4B1auaK\" data-secret=\"ylT4B1auaK\" width=\"525\" height=\"296\" frameborder=\"0\" marginwidth=\"0\" marginheight=\"0\" scrolling=\"no\"><\/iframe>\n<\/div><\/figure>\n\n\n\n<p>\u221e \u221e \u221e<\/p>\n\n\n\n<p><a href=\"\/course-content-in-portuguese\/\">Investiga\u00e7\u00e3o em Ci\u00eancias Espirituais \u2013 conte\u00fado do curso<\/a><\/p>\n\n\n\n<figure class=\"wp-block-embed is-type-wp-embed is-provider-spiritual-science-research wp-block-embed-spiritual-science-research\"><div class=\"wp-block-embed__wrapper\">\n<blockquote class=\"wp-embedded-content\" data-secret=\"Quogcw0KcF\"><a href=\"https:\/\/spiritual-science-research.com\/course-content-in-portuguese\/\">Investiga\u00e7\u00e3o em Ci\u00eancia Espiritual &#8211; conte\u00fado do curso<\/a><\/blockquote><iframe loading=\"lazy\" class=\"wp-embedded-content\" sandbox=\"allow-scripts\" security=\"restricted\" style=\"position: absolute; visibility: hidden;\" title=\"&#8220;Investiga\u00e7\u00e3o em Ci\u00eancia Espiritual &#8211; conte\u00fado do curso&#8221; &#8212; Spiritual Science Research\" src=\"https:\/\/spiritual-science-research.com\/course-content-in-portuguese\/embed\/#?secret=kSAuW5hoDS#?secret=Quogcw0KcF\" data-secret=\"Quogcw0KcF\" width=\"525\" height=\"296\" frameborder=\"0\" marginwidth=\"0\" marginheight=\"0\" scrolling=\"no\"><\/iframe>\n<\/div><\/figure>\n\n\n\n<p>\u221e \u221e \u221e<\/p>\n\n\n\n<p>&#8211; <strong>O Poder da Luz de Cristo<\/strong> &#8211; iniciativa internacional de Cristologia. Medita\u00e7\u00e3o para a Terra, os povos e todos os seres;<\/p>\n\n\n\n<p>&#8211; <strong>O Evangelho de Jo\u00e3o<\/strong> &#8211; grupo de estudo;<\/p>\n\n\n\n<p><\/p>\n\n\n\n<figure class=\"wp-block-embed is-type-wp-embed is-provider-spiritual-science-research wp-block-embed-spiritual-science-research\"><div class=\"wp-block-embed__wrapper\">\n<blockquote class=\"wp-embedded-content\" data-secret=\"lT551YIpto\"><a href=\"https:\/\/spiritual-science-research.com\/christology-in-portuguese\/\">O Poder da Luz de Cristo<\/a><\/blockquote><iframe loading=\"lazy\" class=\"wp-embedded-content\" sandbox=\"allow-scripts\" security=\"restricted\" style=\"position: absolute; visibility: hidden;\" title=\"&#8220;O Poder da Luz de Cristo&#8221; &#8212; Spiritual Science Research\" src=\"https:\/\/spiritual-science-research.com\/christology-in-portuguese\/embed\/#?secret=Hm4VuNTOHc#?secret=lT551YIpto\" data-secret=\"lT551YIpto\" width=\"525\" height=\"296\" frameborder=\"0\" marginwidth=\"0\" marginheight=\"0\" scrolling=\"no\"><\/iframe>\n<\/div><\/figure>\n\n\n\n<p>\u221e \u221e \u221e<\/p>\n\n\n\n<p>&#8211; <strong>Iniciativa Medita\u00e7\u00e3o Antropos\u00f3fica<\/strong> \u2013 Confer\u00eancias Living Connections \u2013 Goetheanum &#8211; confer\u00eancias presenciais e canal de v\u00eddeo; &#8211; O Conhecimento dos Mundos Superiores em medita\u00e7\u00f5es e exerc\u00edcios &#8211; iniciativa internacional para jovens.<\/p>\n\n\n\n<p><\/p>\n\n\n\n<p>\u221e \u221e \u221e<\/p>\n\n\n\n<p>Mais sobre Inessa:<\/p>\n\n\n\n<figure class=\"wp-block-embed is-type-wp-embed is-provider-spiritual-science-research wp-block-embed-spiritual-science-research\"><div class=\"wp-block-embed__wrapper\">\n<blockquote class=\"wp-embedded-content\" data-secret=\"JRKOtfX0mG\"><a href=\"https:\/\/spiritual-science-research.com\/about\/\">Inessa Burdich<\/a><\/blockquote><iframe loading=\"lazy\" class=\"wp-embedded-content\" sandbox=\"allow-scripts\" security=\"restricted\" style=\"position: absolute; visibility: hidden;\" title=\"&#8220;Inessa Burdich&#8221; &#8212; Spiritual Science Research\" src=\"https:\/\/spiritual-science-research.com\/about\/embed\/#?secret=mnoA41mgaf#?secret=JRKOtfX0mG\" data-secret=\"JRKOtfX0mG\" width=\"525\" height=\"296\" frameborder=\"0\" marginwidth=\"0\" marginheight=\"0\" scrolling=\"no\"><\/iframe>\n<\/div><\/figure>\n\n\n\n<p><\/p>\n\n\n\n<p>\u221e \u221e \u221e<\/p>\n","protected":false},"excerpt":{"rendered":"<p>Inessa \u00e9 uma investigadora em Ci\u00eancia Espiritual, consultora terap\u00eautica, coach e oferece servi\u00e7os de consultoria a organiza\u00e7\u00f5es. D\u00e1 cursos de medita\u00e7\u00e3o antropos\u00f3fica e percep\u00e7\u00e3o supra-sens\u00edvel e \u00e9 curadora de um fundo educacional Rudolf Steiner dedicado a apoiar indiv\u00edduos com necessidades especiais. \u221e \u221e \u221e Depois de se ter licenciado em F\u00edsica (Nanotecnologia), iniciou uma carreira [&hellip;]<\/p>\n","protected":false},"author":2,"featured_media":0,"parent":0,"menu_order":0,"comment_status":"closed","ping_status":"closed","template":"","meta":{"footnotes":""},"class_list":["post-3655","page","type-page","status-publish","hentry"],"translation":{"provider":"WPGlobus","version":"3.0.2","language":"de","enabled_languages":["en","de"],"languages":{"en":{"title":true,"content":true,"excerpt":false},"de":{"title":false,"content":false,"excerpt":false}}},"yoast_head":"<!-- This site is optimized with the Yoast SEO plugin v27.5 - https:\/\/yoast.com\/product\/yoast-seo-wordpress\/ -->\n<title>Sobre Inessa Burdich - Spiritual Science Research<\/title>\n<meta name=\"robots\" content=\"index, follow, max-snippet:-1, max-image-preview:large, max-video-preview:-1\" \/>\n<link rel=\"canonical\" href=\"https:\/\/spiritual-science-research.com\/about-inessa-burdich-in-portuguese\/\" \/>\n<meta property=\"og:locale\" content=\"de_DE\" \/>\n<meta property=\"og:type\" content=\"article\" \/>\n<meta property=\"og:title\" content=\"Sobre Inessa Burdich - Spiritual Science Research\" \/>\n<meta property=\"og:url\" content=\"https:\/\/spiritual-science-research.com\/about-inessa-burdich-in-portuguese\/\" \/>\n<meta property=\"og:site_name\" content=\"Spiritual Science Research\" \/>\n<meta property=\"article:modified_time\" content=\"2026-02-07T15:47:14+00:00\" \/>\n<meta property=\"og:image\" content=\"https:\/\/spiritual-science-research.com\/wp-content\/uploads\/2024\/02\/Screenshot-2024-02-07-at-22.35.56-768x1024.png\" \/>\n\t<meta property=\"og:image:width\" content=\"768\" \/>\n\t<meta property=\"og:image:height\" content=\"1024\" \/>\n\t<meta property=\"og:image:type\" content=\"image\/png\" \/>\n<meta name=\"twitter:card\" content=\"summary_large_image\" \/>\n<meta name=\"twitter:label1\" content=\"Est. reading time\" \/>\n\t<meta name=\"twitter:data1\" content=\"2 minutes\" \/>\n<script type=\"application\/ld+json\" class=\"yoast-schema-graph\">{\"@context\":\"https:\\\/\\\/schema.org\",\"@graph\":[{\"@type\":\"WebPage\",\"@id\":\"https:\\\/\\\/spiritual-science-research.com\\\/about-inessa-burdich-in-portuguese\\\/\",\"url\":\"https:\\\/\\\/spiritual-science-research.com\\\/about-inessa-burdich-in-portuguese\\\/\",\"name\":\"Sobre Inessa Burdich - Spiritual Science Research\",\"isPartOf\":{\"@id\":\"https:\\\/\\\/spiritual-science-research.com\\\/#website\"},\"primaryImageOfPage\":{\"@id\":\"https:\\\/\\\/spiritual-science-research.com\\\/about-inessa-burdich-in-portuguese\\\/#primaryimage\"},\"image\":{\"@id\":\"https:\\\/\\\/spiritual-science-research.com\\\/about-inessa-burdich-in-portuguese\\\/#primaryimage\"},\"thumbnailUrl\":\"https:\\\/\\\/spiritual-science-research.com\\\/wp-content\\\/uploads\\\/2024\\\/02\\\/Screenshot-2024-02-07-at-22.35.56-225x300.png\",\"datePublished\":\"2024-05-17T15:20:21+00:00\",\"dateModified\":\"2026-02-07T15:47:14+00:00\",\"description\":\"% % Inessa \u00e9 uma investigadora em Ci\u00eancia Espiritual, consultora terap\u00eautica, coach e oferece servi\u00e7os de consultoria a organiza\u00e7\u00f5es. D\u00e1 cursos de medita\u00e7\u00e3o % %\",\"breadcrumb\":{\"@id\":\"https:\\\/\\\/spiritual-science-research.com\\\/about-inessa-burdich-in-portuguese\\\/#breadcrumb\"},\"inLanguage\":\"de-DE\",\"potentialAction\":[{\"@type\":\"ReadAction\",\"target\":[\"https:\\\/\\\/spiritual-science-research.com\\\/about-inessa-burdich-in-portuguese\\\/\"]}]},{\"@type\":\"ImageObject\",\"inLanguage\":\"de-DE\",\"@id\":\"https:\\\/\\\/spiritual-science-research.com\\\/about-inessa-burdich-in-portuguese\\\/#primaryimage\",\"url\":\"https:\\\/\\\/spiritual-science-research.com\\\/wp-content\\\/uploads\\\/2024\\\/02\\\/Screenshot-2024-02-07-at-22.35.56-225x300.png\",\"contentUrl\":\"https:\\\/\\\/spiritual-science-research.com\\\/wp-content\\\/uploads\\\/2024\\\/02\\\/Screenshot-2024-02-07-at-22.35.56-225x300.png\"},{\"@type\":\"BreadcrumbList\",\"@id\":\"https:\\\/\\\/spiritual-science-research.com\\\/about-inessa-burdich-in-portuguese\\\/#breadcrumb\",\"itemListElement\":[{\"@type\":\"ListItem\",\"position\":1,\"name\":\"Home\",\"item\":\"https:\\\/\\\/spiritual-science-research.com\\\/\"},{\"@type\":\"ListItem\",\"position\":2,\"name\":\"Sobre Inessa Burdich\"}]},{\"@type\":\"WebSite\",\"@id\":\"https:\\\/\\\/spiritual-science-research.com\\\/#website\",\"url\":\"https:\\\/\\\/spiritual-science-research.com\\\/\",\"name\":\"Spiritual Science Research\",\"description\":\"Learning by doing\",\"publisher\":{\"@id\":\"https:\\\/\\\/spiritual-science-research.com\\\/#organization\"},\"potentialAction\":[{\"@type\":\"SearchAction\",\"target\":{\"@type\":\"EntryPoint\",\"urlTemplate\":\"https:\\\/\\\/spiritual-science-research.com\\\/?s={search_term_string}\"},\"query-input\":{\"@type\":\"PropertyValueSpecification\",\"valueRequired\":true,\"valueName\":\"search_term_string\"}}],\"inLanguage\":\"de-DE\"},{\"@type\":\"Organization\",\"@id\":\"https:\\\/\\\/spiritual-science-research.com\\\/#organization\",\"name\":\"Spiritual Science Research\",\"url\":\"https:\\\/\\\/spiritual-science-research.com\\\/\",\"logo\":{\"@type\":\"ImageObject\",\"inLanguage\":\"de-DE\",\"@id\":\"https:\\\/\\\/spiritual-science-research.com\\\/#\\\/schema\\\/logo\\\/image\\\/\",\"url\":\"https:\\\/\\\/spiritual-science-research.com\\\/wp-content\\\/uploads\\\/2023\\\/05\\\/Group-337.png\",\"contentUrl\":\"https:\\\/\\\/spiritual-science-research.com\\\/wp-content\\\/uploads\\\/2023\\\/05\\\/Group-337.png\",\"width\":400,\"height\":161,\"caption\":\"Spiritual Science Research\"},\"image\":{\"@id\":\"https:\\\/\\\/spiritual-science-research.com\\\/#\\\/schema\\\/logo\\\/image\\\/\"}}]}<\/script>\n<!-- \/ Yoast SEO plugin. -->","yoast_head_json":{"title":"Sobre Inessa Burdich - Spiritual Science Research","robots":{"index":"index","follow":"follow","max-snippet":"max-snippet:-1","max-image-preview":"max-image-preview:large","max-video-preview":"max-video-preview:-1"},"canonical":"https:\/\/spiritual-science-research.com\/about-inessa-burdich-in-portuguese\/","og_locale":"de_DE","og_type":"article","og_title":"Sobre Inessa Burdich - Spiritual Science Research","og_url":"https:\/\/spiritual-science-research.com\/about-inessa-burdich-in-portuguese\/","og_site_name":"Spiritual Science Research","article_modified_time":"2026-02-07T15:47:14+00:00","og_image":[{"width":768,"height":1024,"url":"https:\/\/spiritual-science-research.com\/wp-content\/uploads\/2024\/02\/Screenshot-2024-02-07-at-22.35.56-768x1024.png","type":"image\/png"}],"twitter_card":"summary_large_image","twitter_misc":{"Est. reading time":"2 minutes"},"schema":{"@context":"https:\/\/schema.org","@graph":[{"@type":"WebPage","@id":"https:\/\/spiritual-science-research.com\/about-inessa-burdich-in-portuguese\/","url":"https:\/\/spiritual-science-research.com\/about-inessa-burdich-in-portuguese\/","name":"Sobre Inessa Burdich - Spiritual Science Research","isPartOf":{"@id":"https:\/\/spiritual-science-research.com\/#website"},"primaryImageOfPage":{"@id":"https:\/\/spiritual-science-research.com\/about-inessa-burdich-in-portuguese\/#primaryimage"},"image":{"@id":"https:\/\/spiritual-science-research.com\/about-inessa-burdich-in-portuguese\/#primaryimage"},"thumbnailUrl":"https:\/\/spiritual-science-research.com\/wp-content\/uploads\/2024\/02\/Screenshot-2024-02-07-at-22.35.56-225x300.png","datePublished":"2024-05-17T15:20:21+00:00","dateModified":"2026-02-07T15:47:14+00:00","description":"% % Inessa \u00e9 uma investigadora em Ci\u00eancia Espiritual, consultora terap\u00eautica, coach e oferece servi\u00e7os de consultoria a organiza\u00e7\u00f5es. D\u00e1 cursos de medita\u00e7\u00e3o % %","breadcrumb":{"@id":"https:\/\/spiritual-science-research.com\/about-inessa-burdich-in-portuguese\/#breadcrumb"},"inLanguage":"de-DE","potentialAction":[{"@type":"ReadAction","target":["https:\/\/spiritual-science-research.com\/about-inessa-burdich-in-portuguese\/"]}]},{"@type":"ImageObject","inLanguage":"de-DE","@id":"https:\/\/spiritual-science-research.com\/about-inessa-burdich-in-portuguese\/#primaryimage","url":"https:\/\/spiritual-science-research.com\/wp-content\/uploads\/2024\/02\/Screenshot-2024-02-07-at-22.35.56-225x300.png","contentUrl":"https:\/\/spiritual-science-research.com\/wp-content\/uploads\/2024\/02\/Screenshot-2024-02-07-at-22.35.56-225x300.png"},{"@type":"BreadcrumbList","@id":"https:\/\/spiritual-science-research.com\/about-inessa-burdich-in-portuguese\/#breadcrumb","itemListElement":[{"@type":"ListItem","position":1,"name":"Home","item":"https:\/\/spiritual-science-research.com\/"},{"@type":"ListItem","position":2,"name":"Sobre Inessa Burdich"}]},{"@type":"WebSite","@id":"https:\/\/spiritual-science-research.com\/#website","url":"https:\/\/spiritual-science-research.com\/","name":"Spiritual Science Research","description":"Learning by doing","publisher":{"@id":"https:\/\/spiritual-science-research.com\/#organization"},"potentialAction":[{"@type":"SearchAction","target":{"@type":"EntryPoint","urlTemplate":"https:\/\/spiritual-science-research.com\/?s={search_term_string}"},"query-input":{"@type":"PropertyValueSpecification","valueRequired":true,"valueName":"search_term_string"}}],"inLanguage":"de-DE"},{"@type":"Organization","@id":"https:\/\/spiritual-science-research.com\/#organization","name":"Spiritual Science Research","url":"https:\/\/spiritual-science-research.com\/","logo":{"@type":"ImageObject","inLanguage":"de-DE","@id":"https:\/\/spiritual-science-research.com\/#\/schema\/logo\/image\/","url":"https:\/\/spiritual-science-research.com\/wp-content\/uploads\/2023\/05\/Group-337.png","contentUrl":"https:\/\/spiritual-science-research.com\/wp-content\/uploads\/2023\/05\/Group-337.png","width":400,"height":161,"caption":"Spiritual Science Research"},"image":{"@id":"https:\/\/spiritual-science-research.com\/#\/schema\/logo\/image\/"}}]}},"_links":{"self":[{"href":"https:\/\/spiritual-science-research.com\/de\/wp-json\/wp\/v2\/pages\/3655","targetHints":{"allow":["GET"]}}],"collection":[{"href":"https:\/\/spiritual-science-research.com\/de\/wp-json\/wp\/v2\/pages"}],"about":[{"href":"https:\/\/spiritual-science-research.com\/de\/wp-json\/wp\/v2\/types\/page"}],"author":[{"embeddable":true,"href":"https:\/\/spiritual-science-research.com\/de\/wp-json\/wp\/v2\/users\/2"}],"replies":[{"embeddable":true,"href":"https:\/\/spiritual-science-research.com\/de\/wp-json\/wp\/v2\/comments?post=3655"}],"version-history":[{"count":12,"href":"https:\/\/spiritual-science-research.com\/de\/wp-json\/wp\/v2\/pages\/3655\/revisions"}],"predecessor-version":[{"id":7744,"href":"https:\/\/spiritual-science-research.com\/de\/wp-json\/wp\/v2\/pages\/3655\/revisions\/7744"}],"wp:attachment":[{"href":"https:\/\/spiritual-science-research.com\/de\/wp-json\/wp\/v2\/media?parent=3655"}],"curies":[{"name":"wp","href":"https:\/\/api.w.org\/{rel}","templated":true}]}}