{"id":3342,"date":"2024-04-01T15:23:16","date_gmt":"2024-04-01T15:23:16","guid":{"rendered":"https:\/\/spiritual-science-research.com\/?page_id=3342"},"modified":"2026-02-24T11:14:20","modified_gmt":"2026-02-24T11:14:20","slug":"portugal-research-course","status":"publish","type":"page","link":"https:\/\/spiritual-science-research.com\/de\/portugal-research-course\/","title":{"rendered":"Investiga\u00e7\u00e3o em Ci\u00eancia Espiritual &#8211; Curso em Sintra, Portugal"},"content":{"rendered":"\n<p><\/p>\n\n\n\n<p class=\"has-medium-font-size\">O curso de Investiga\u00e7\u00e3o em Ci\u00eancias Espirituais est\u00e1 a decorrer em Sintra, Portugal.<\/p>\n\n\n\n<p><\/p>\n\n\n\n<p>Uma viagem de desenvolvimento espiritual interior atrav\u00e9s do m\u00e9todo \u201cLearning by Doing\u201d.<\/p>\n\n\n\n<figure class=\"wp-block-image size-large\"><img loading=\"lazy\" decoding=\"async\" width=\"1024\" height=\"683\" src=\"https:\/\/spiritual-science-research.com\/wp-content\/uploads\/2024\/04\/Sintra-edited-1024x683.jpeg\" alt=\"\" class=\"wp-image-3409\" srcset=\"https:\/\/spiritual-science-research.com\/wp-content\/uploads\/2024\/04\/Sintra-edited-1024x683.jpeg 1024w, https:\/\/spiritual-science-research.com\/wp-content\/uploads\/2024\/04\/Sintra-edited-300x200.jpeg 300w, https:\/\/spiritual-science-research.com\/wp-content\/uploads\/2024\/04\/Sintra-edited-768x512.jpeg 768w, https:\/\/spiritual-science-research.com\/wp-content\/uploads\/2024\/04\/Sintra-edited-1536x1024.jpeg 1536w, https:\/\/spiritual-science-research.com\/wp-content\/uploads\/2024\/04\/Sintra-edited-2048x1365.jpeg 2048w\" sizes=\"auto, (max-width: 1024px) 100vw, 1024px\" \/><figcaption class=\"wp-element-caption\">Sintra, Portugal<\/figcaption><\/figure>\n\n\n\n<p>O curso de Investiga\u00e7\u00e3o em Ci\u00eancia Espiritual  \u00e9 um curso pr\u00e1tico de forma\u00e7\u00e3o para o desenvolvimento espiritual individual baseado nos ensinamentos de Rudolf Steiner, centrado na Investiga\u00e7\u00e3o Cient\u00edfica Espiritual e na Medita\u00e7\u00e3o Antropos\u00f3fica. A Ci\u00eancia Espiritual Antropos\u00f3fica de Steiner n\u00e3o \u00e9 apenas uma revela\u00e7\u00e3o de percep\u00e7\u00f5es espirituais, mas tamb\u00e9m um apelo para que embarquemos num caminho pessoal de Desenvolvimento Interior, um pr\u00e9-requisito vital para cumprirmos a nossa miss\u00e3o aqui na Terra.<\/p>\n\n\n\n<p>Desde o seu in\u00edcio em 2018, mais de 400 participantes fizeram o curso, que atualmente (2025) \u00e9 ministrado em seis l\u00ednguas.<\/p>\n\n\n\n<p>O curso consiste em workshops pr\u00e1ticos e palestras, cada um tematicamente interligado. Em cada encontro, mergulhamos no reino das ideias, princ\u00edpios e fen\u00f3menos supra-sens\u00edveis introduzidos atrav\u00e9s das palestras. Estes temas s\u00e3o depois aprofundados nos workshops, onde nos envolvemos em pesquisas, medita\u00e7\u00f5es antropos\u00f3ficas e exerc\u00edcios de perce\u00e7\u00e3o.<\/p>\n\n\n\n<p>O nosso estudo centra-se sobretudo na investiga\u00e7\u00e3o de n\u00f3s pr\u00f3prios, seres humanos, e da nossa constitui\u00e7\u00e3o suprassens\u00edvel. Estes s\u00e3o os primeiros passos do diagn\u00f3stico espiritual, onde aprendemos e aprofundamos o conhecimento dos aspectos fundamentais da nossa alma interior e da nossa vida espiritual. Estamos a aproximar-nos da compreens\u00e3o de como alcan\u00e7ar um n\u00edvel mais elevado de consci\u00eancia da nossa vida interior.<\/p>\n\n\n\n<p>O caminho de auto-desenvolvimento baseado na Ci\u00eancia Espiritual apresentado neste curso centrar-se-\u00e1 no fortalecimento do seu \u201cEu\u201d (o seu sentido de Si) como base de todo o trabalho espiritual. Trazemos consci\u00eancia a todo o nosso sistema individual, especialmente na purifica\u00e7\u00e3o e refinamento do pensamento e dos sentimentos, alcan\u00e7ando uma aten\u00e7\u00e3o subtil e fortalecendo a vontade. Desenvolvemos novas capacidades; aprendemos compet\u00eancias valiosas que depois transmitimos aos nossos campos pessoais e profissionais. Estas capacidades conduzem a novos conhecimentos e inova\u00e7\u00f5es que podemos trazer para a vida, e todas as disciplinas podem beneficiar.<\/p>\n\n\n\n<p><\/p>\n\n\n\n<p>O curso de investiga\u00e7\u00e3o \u00e9 ministrado em ingl\u00eas com tradu\u00e7\u00e3o para portugu\u00eas.<\/p>\n\n\n\n<p>\u221e \u221e \u221e<\/p>\n\n\n\n<p>Investiga\u00e7\u00e3o em Ci\u00eancia Espiritual &#8211; conte\u00fado do curso:<\/p>\n\n\n\n<figure class=\"wp-block-embed is-type-wp-embed is-provider-spiritual-science-research wp-block-embed-spiritual-science-research\"><div class=\"wp-block-embed__wrapper\">\n<blockquote class=\"wp-embedded-content\" data-secret=\"zN5bAT7LS1\"><a href=\"https:\/\/spiritual-science-research.com\/course-content-in-portuguese\/\">Investiga\u00e7\u00e3o em Ci\u00eancia Espiritual &#8211; conte\u00fado do curso<\/a><\/blockquote><iframe loading=\"lazy\" class=\"wp-embedded-content\" sandbox=\"allow-scripts\" security=\"restricted\" style=\"position: absolute; visibility: hidden;\" title=\"&#8220;Investiga\u00e7\u00e3o em Ci\u00eancia Espiritual &#8211; conte\u00fado do curso&#8221; &#8212; Spiritual Science Research\" src=\"https:\/\/spiritual-science-research.com\/course-content-in-portuguese\/embed\/#?secret=quFbEAnf58#?secret=zN5bAT7LS1\" data-secret=\"zN5bAT7LS1\" width=\"525\" height=\"296\" frameborder=\"0\" marginwidth=\"0\" marginheight=\"0\" scrolling=\"no\"><\/iframe>\n<\/div><\/figure>\n\n\n\n<p>\u221e \u221e \u221e<\/p>\n\n\n\n<p><font dir=\"auto\" style=\"vertical-align: inherit;\"><font dir=\"auto\" style=\"vertical-align: inherit;\">The course is divided into seven main themes.<\/font><\/font><\/p>\n\n\n\n<blockquote class=\"wp-block-quote is-layout-flow wp-block-quote-is-layout-flow\">\n<p><font dir=\"auto\" style=\"vertical-align: inherit;\"><font dir=\"auto\" style=\"vertical-align: inherit;\">The dates and topics for the following weekends in 2026 for the Spiritual Science Research course <\/font><\/font><strong><font dir=\"auto\" style=\"vertical-align: inherit;\"><font dir=\"auto\" style=\"vertical-align: inherit;\">in<\/font><\/font><\/strong><font dir=\"auto\" style=\"vertical-align: inherit;\"><font dir=\"auto\" style=\"vertical-align: inherit;\"> Sintra are as follows:<\/font><\/font><\/p>\n\n\n\n<p><strong><font dir=\"auto\" style=\"vertical-align: inherit;\"><font dir=\"auto\" style=\"vertical-align: inherit;\">April 24-26, 2026<\/font><\/font><\/strong><font dir=\"auto\" style=\"vertical-align: inherit;\"><font dir=\"auto\" style=\"vertical-align: inherit;\"> &#8211; Topic #6. The parts of the soul in the human constitution.<\/font><\/font><\/p>\n\n\n\n<p><strong>Novembro 6-7, 2026 <\/strong>&#8211; <font dir=\"auto\" style=\"vertical-align: inherit;\"><font dir=\"auto\" style=\"vertical-align: inherit;\">Topic #7. Mecanismos da mente e consci\u00eancia vazia<\/font><\/font><\/p>\n<\/blockquote>\n\n\n\n<p><\/p>\n\n\n\n<p>\u221e \u221e \u221e<\/p>\n\n\n\n<blockquote class=\"wp-block-quote is-layout-flow wp-block-quote-is-layout-flow\">\n<p>Contacto e registo:<\/p>\n\n\n\n<p>Sofia and M\u00f3nica &nbsp;&lt;<a href=\"mailto:investigacao.ciencia.espiritual@gmail.com\" target=\"_blank\" rel=\"noreferrer noopener\">investigacao.ciencia.espiritual@gmail.com<\/a>&gt; <\/p>\n<\/blockquote>\n\n\n\n<p>\u221e \u221e \u221e<\/p>\n\n\n\n<p><font dir=\"auto\" style=\"vertical-align: inherit;\"><font dir=\"auto\" style=\"vertical-align: inherit;\">The dates and themes for the weekends of the Spiritual Science Research course <\/font><\/font><strong><font dir=\"auto\" style=\"vertical-align: inherit;\"><font dir=\"auto\" style=\"vertical-align: inherit;\">in<\/font><\/font><\/strong><font dir=\"auto\" style=\"vertical-align: inherit;\"><font dir=\"auto\" style=\"vertical-align: inherit;\"> Sintra in 2024 &#8211; 2025 are as follows:<\/font><\/font><\/p>\n\n\n\n<p>19 de junho 2024, 20.00, hora de Portugal &#8211; Tema: Do Autodesenvolvimento ao Desenvolvimento do Mundo<strong> <\/strong>por Inessa Burdich.<\/p>\n\n\n\n<p><strong>1<\/strong>8 a 20 de outubro de 2024<strong> &#8211;  <\/strong>Tema #1: Medita\u00e7\u00e3o como caminho de desenvolvimento espiritual e m\u00e9todo de pesquisa.<\/p>\n\n\n\n<p>24 a 26 de janeiro de 2025 &#8211; Tema #2: O mundo et\u00e9rico (for\u00e7as vitais) no ser humano e na natureza.<\/p>\n\n\n\n<p><font dir=\"auto\" style=\"vertical-align: inherit;\"><font dir=\"auto\" style=\"vertical-align: inherit;\">May 2-4, 2025 &#8211; Theme #3: The Astral World (psychic forces) in human beings and in nature.<\/font><\/font><\/p>\n\n\n\n<p><font dir=\"auto\" style=\"vertical-align: inherit;\"><font dir=\"auto\" style=\"vertical-align: inherit;\">October 3-5, 2025 &#8211; Theme #4: Dimensions of the Meaning of Self (Self-Presence).<\/font><\/font><\/p>\n\n\n\n<p><font dir=\"auto\" style=\"vertical-align: inherit;\"><font dir=\"auto\" style=\"vertical-align: inherit;\">February 20-22, 2026 &#8211; Theme #5. The spiritual parts of the human constitution<\/font><\/font><\/p>\n\n\n\n<p>\u221e \u221e \u221e<\/p>\n\n\n\n<p>Feedback:<\/p>\n\n\n\n<figure class=\"wp-block-embed is-type-wp-embed is-provider-spiritual-science-research wp-block-embed-spiritual-science-research\"><div class=\"wp-block-embed__wrapper\">\n<blockquote class=\"wp-embedded-content\" data-secret=\"0RFZL1N0bj\"><a href=\"https:\/\/spiritual-science-research.com\/feedback-all-languages\/\">Testimonials<\/a><\/blockquote><iframe loading=\"lazy\" class=\"wp-embedded-content\" sandbox=\"allow-scripts\" security=\"restricted\" style=\"position: absolute; visibility: hidden;\" title=\"&#8220;Testimonials&#8221; &#8212; Spiritual Science Research\" src=\"https:\/\/spiritual-science-research.com\/feedback-all-languages\/embed\/#?secret=7WuVivlkL0#?secret=0RFZL1N0bj\" data-secret=\"0RFZL1N0bj\" width=\"525\" height=\"296\" frameborder=\"0\" marginwidth=\"0\" marginheight=\"0\" scrolling=\"no\"><\/iframe>\n<\/div><\/figure>\n\n\n\n<p><\/p>\n\n\n\n<p>\u221e \u221e \u221e<\/p>\n\n\n\n<p>Sobre a Inessa Burdich:<\/p>\n\n\n\n<figure class=\"wp-block-embed is-type-wp-embed is-provider-spiritual-science-research wp-block-embed-spiritual-science-research\"><div class=\"wp-block-embed__wrapper\">\n<blockquote class=\"wp-embedded-content\" data-secret=\"osvy6t8XS7\"><a href=\"https:\/\/spiritual-science-research.com\/about-inessa-burdich-in-portuguese\/\">Sobre Inessa Burdich<\/a><\/blockquote><iframe loading=\"lazy\" class=\"wp-embedded-content\" sandbox=\"allow-scripts\" security=\"restricted\" style=\"position: absolute; visibility: hidden;\" title=\"&#8220;Sobre Inessa Burdich&#8221; &#8212; Spiritual Science Research\" src=\"https:\/\/spiritual-science-research.com\/about-inessa-burdich-in-portuguese\/embed\/#?secret=X3xWh0GycK#?secret=osvy6t8XS7\" data-secret=\"osvy6t8XS7\" width=\"525\" height=\"296\" frameborder=\"0\" marginwidth=\"0\" marginheight=\"0\" scrolling=\"no\"><\/iframe>\n<\/div><\/figure>\n\n\n\n<p><\/p>\n\n\n\n<p>\u221e \u221e \u221e \u221e \u221e \u221e \u221e <\/p>\n\n\n\n<p>\u221e \u221e \u221e \u221e \u221e \u221e \u221e <\/p>\n\n\n\n<p>\u221e \u221e \u221e \u221e \u221e \u221e \u221e <\/p>\n\n\n\n<p>O Poder da Luz de Cristo e o Evangelho de Jo\u00e3o<\/p>\n\n\n\n<figure class=\"wp-block-embed is-type-wp-embed is-provider-spiritual-science-research wp-block-embed-spiritual-science-research\"><div class=\"wp-block-embed__wrapper\">\n<blockquote class=\"wp-embedded-content\" data-secret=\"J5SN9V0Kpq\"><a href=\"https:\/\/spiritual-science-research.com\/christology-in-portuguese\/\">O Poder da Luz de Cristo<\/a><\/blockquote><iframe loading=\"lazy\" class=\"wp-embedded-content\" sandbox=\"allow-scripts\" security=\"restricted\" style=\"position: absolute; visibility: hidden;\" title=\"&#8220;O Poder da Luz de Cristo&#8221; &#8212; Spiritual Science Research\" src=\"https:\/\/spiritual-science-research.com\/christology-in-portuguese\/embed\/#?secret=5MDSlziBCy#?secret=J5SN9V0Kpq\" data-secret=\"J5SN9V0Kpq\" width=\"525\" height=\"296\" frameborder=\"0\" marginwidth=\"0\" marginheight=\"0\" scrolling=\"no\"><\/iframe>\n<\/div><\/figure>\n\n\n\n<p>\u221e \u221e \u221e <\/p>\n\n\n\n<p><\/p>\n\n\n\n<p><\/p>\n","protected":false},"excerpt":{"rendered":"<p>O curso de Investiga\u00e7\u00e3o em Ci\u00eancias Espirituais est\u00e1 a decorrer em Sintra, Portugal. Uma viagem de desenvolvimento espiritual interior atrav\u00e9s do m\u00e9todo \u201cLearning by Doing\u201d. O curso de Investiga\u00e7\u00e3o em Ci\u00eancia Espiritual \u00e9 um curso pr\u00e1tico de forma\u00e7\u00e3o para o desenvolvimento espiritual individual baseado nos ensinamentos de Rudolf Steiner, centrado na Investiga\u00e7\u00e3o Cient\u00edfica Espiritual e [&hellip;]<\/p>\n","protected":false},"author":2,"featured_media":0,"parent":0,"menu_order":0,"comment_status":"closed","ping_status":"closed","template":"","meta":{"footnotes":""},"class_list":["post-3342","page","type-page","status-publish","hentry"],"translation":{"provider":"WPGlobus","version":"3.0.2","language":"de","enabled_languages":["en","de"],"languages":{"en":{"title":true,"content":true,"excerpt":false},"de":{"title":false,"content":false,"excerpt":false}}},"yoast_head":"<!-- This site is optimized with the Yoast SEO plugin v27.5 - https:\/\/yoast.com\/product\/yoast-seo-wordpress\/ -->\n<title>Investiga\u00e7\u00e3o em Ci\u00eancia Espiritual - Curso em Sintra, Portugal - Spiritual Science Research<\/title>\n<meta name=\"robots\" content=\"index, follow, max-snippet:-1, max-image-preview:large, max-video-preview:-1\" \/>\n<link rel=\"canonical\" href=\"https:\/\/spiritual-science-research.com\/portugal-research-course\/\" \/>\n<meta property=\"og:locale\" content=\"de_DE\" \/>\n<meta property=\"og:type\" content=\"article\" \/>\n<meta property=\"og:title\" content=\"Investiga\u00e7\u00e3o em Ci\u00eancia Espiritual - Curso em Sintra, Portugal - Spiritual Science Research\" \/>\n<meta property=\"og:url\" content=\"https:\/\/spiritual-science-research.com\/portugal-research-course\/\" \/>\n<meta property=\"og:site_name\" content=\"Spiritual Science Research\" \/>\n<meta property=\"article:modified_time\" content=\"2026-02-24T11:14:20+00:00\" \/>\n<meta property=\"og:image\" content=\"https:\/\/spiritual-science-research.com\/wp-content\/uploads\/2024\/04\/Sintra-edited.jpeg\" \/>\n\t<meta property=\"og:image:width\" content=\"2400\" \/>\n\t<meta property=\"og:image:height\" content=\"1600\" \/>\n\t<meta property=\"og:image:type\" content=\"image\/jpeg\" \/>\n<meta name=\"twitter:card\" content=\"summary_large_image\" \/>\n<meta name=\"twitter:label1\" content=\"Est. reading time\" \/>\n\t<meta name=\"twitter:data1\" content=\"3 minutes\" \/>\n<script type=\"application\/ld+json\" class=\"yoast-schema-graph\">{\"@context\":\"https:\\\/\\\/schema.org\",\"@graph\":[{\"@type\":\"WebPage\",\"@id\":\"https:\\\/\\\/spiritual-science-research.com\\\/portugal-research-course\\\/\",\"url\":\"https:\\\/\\\/spiritual-science-research.com\\\/portugal-research-course\\\/\",\"name\":\"Investiga\u00e7\u00e3o em Ci\u00eancia Espiritual - Curso em Sintra, Portugal - Spiritual Science Research\",\"isPartOf\":{\"@id\":\"https:\\\/\\\/spiritual-science-research.com\\\/#website\"},\"primaryImageOfPage\":{\"@id\":\"https:\\\/\\\/spiritual-science-research.com\\\/portugal-research-course\\\/#primaryimage\"},\"image\":{\"@id\":\"https:\\\/\\\/spiritual-science-research.com\\\/portugal-research-course\\\/#primaryimage\"},\"thumbnailUrl\":\"https:\\\/\\\/spiritual-science-research.com\\\/wp-content\\\/uploads\\\/2024\\\/04\\\/Sintra-edited-1024x683.jpeg\",\"datePublished\":\"2024-04-01T15:23:16+00:00\",\"dateModified\":\"2026-02-24T11:14:20+00:00\",\"description\":\"% % O curso de Investiga\u00e7\u00e3o em Ci\u00eancias Espirituais est\u00e1 a decorrer em Sintra, Portugal. Uma viagem de desenvolvimento espiritual interior atrav\u00e9s do m\u00e9todo % %\",\"breadcrumb\":{\"@id\":\"https:\\\/\\\/spiritual-science-research.com\\\/portugal-research-course\\\/#breadcrumb\"},\"inLanguage\":\"de-DE\",\"potentialAction\":[{\"@type\":\"ReadAction\",\"target\":[\"https:\\\/\\\/spiritual-science-research.com\\\/portugal-research-course\\\/\"]}]},{\"@type\":\"ImageObject\",\"inLanguage\":\"de-DE\",\"@id\":\"https:\\\/\\\/spiritual-science-research.com\\\/portugal-research-course\\\/#primaryimage\",\"url\":\"https:\\\/\\\/spiritual-science-research.com\\\/wp-content\\\/uploads\\\/2024\\\/04\\\/Sintra-edited-1024x683.jpeg\",\"contentUrl\":\"https:\\\/\\\/spiritual-science-research.com\\\/wp-content\\\/uploads\\\/2024\\\/04\\\/Sintra-edited-1024x683.jpeg\"},{\"@type\":\"BreadcrumbList\",\"@id\":\"https:\\\/\\\/spiritual-science-research.com\\\/portugal-research-course\\\/#breadcrumb\",\"itemListElement\":[{\"@type\":\"ListItem\",\"position\":1,\"name\":\"Home\",\"item\":\"https:\\\/\\\/spiritual-science-research.com\\\/\"},{\"@type\":\"ListItem\",\"position\":2,\"name\":\"Investiga\u00e7\u00e3o em Ci\u00eancia Espiritual &#8211; Curso em Sintra, Portugal\"}]},{\"@type\":\"WebSite\",\"@id\":\"https:\\\/\\\/spiritual-science-research.com\\\/#website\",\"url\":\"https:\\\/\\\/spiritual-science-research.com\\\/\",\"name\":\"Spiritual Science Research\",\"description\":\"Learning by doing\",\"publisher\":{\"@id\":\"https:\\\/\\\/spiritual-science-research.com\\\/#organization\"},\"potentialAction\":[{\"@type\":\"SearchAction\",\"target\":{\"@type\":\"EntryPoint\",\"urlTemplate\":\"https:\\\/\\\/spiritual-science-research.com\\\/?s={search_term_string}\"},\"query-input\":{\"@type\":\"PropertyValueSpecification\",\"valueRequired\":true,\"valueName\":\"search_term_string\"}}],\"inLanguage\":\"de-DE\"},{\"@type\":\"Organization\",\"@id\":\"https:\\\/\\\/spiritual-science-research.com\\\/#organization\",\"name\":\"Spiritual Science Research\",\"url\":\"https:\\\/\\\/spiritual-science-research.com\\\/\",\"logo\":{\"@type\":\"ImageObject\",\"inLanguage\":\"de-DE\",\"@id\":\"https:\\\/\\\/spiritual-science-research.com\\\/#\\\/schema\\\/logo\\\/image\\\/\",\"url\":\"https:\\\/\\\/spiritual-science-research.com\\\/wp-content\\\/uploads\\\/2023\\\/05\\\/Group-337.png\",\"contentUrl\":\"https:\\\/\\\/spiritual-science-research.com\\\/wp-content\\\/uploads\\\/2023\\\/05\\\/Group-337.png\",\"width\":400,\"height\":161,\"caption\":\"Spiritual Science Research\"},\"image\":{\"@id\":\"https:\\\/\\\/spiritual-science-research.com\\\/#\\\/schema\\\/logo\\\/image\\\/\"}}]}<\/script>\n<!-- \/ Yoast SEO plugin. -->","yoast_head_json":{"title":"Investiga\u00e7\u00e3o em Ci\u00eancia Espiritual - Curso em Sintra, Portugal - Spiritual Science Research","robots":{"index":"index","follow":"follow","max-snippet":"max-snippet:-1","max-image-preview":"max-image-preview:large","max-video-preview":"max-video-preview:-1"},"canonical":"https:\/\/spiritual-science-research.com\/portugal-research-course\/","og_locale":"de_DE","og_type":"article","og_title":"Investiga\u00e7\u00e3o em Ci\u00eancia Espiritual - Curso em Sintra, Portugal - Spiritual Science Research","og_url":"https:\/\/spiritual-science-research.com\/portugal-research-course\/","og_site_name":"Spiritual Science Research","article_modified_time":"2026-02-24T11:14:20+00:00","og_image":[{"width":2400,"height":1600,"url":"https:\/\/spiritual-science-research.com\/wp-content\/uploads\/2024\/04\/Sintra-edited.jpeg","type":"image\/jpeg"}],"twitter_card":"summary_large_image","twitter_misc":{"Est. reading time":"3 minutes"},"schema":{"@context":"https:\/\/schema.org","@graph":[{"@type":"WebPage","@id":"https:\/\/spiritual-science-research.com\/portugal-research-course\/","url":"https:\/\/spiritual-science-research.com\/portugal-research-course\/","name":"Investiga\u00e7\u00e3o em Ci\u00eancia Espiritual - Curso em Sintra, Portugal - Spiritual Science Research","isPartOf":{"@id":"https:\/\/spiritual-science-research.com\/#website"},"primaryImageOfPage":{"@id":"https:\/\/spiritual-science-research.com\/portugal-research-course\/#primaryimage"},"image":{"@id":"https:\/\/spiritual-science-research.com\/portugal-research-course\/#primaryimage"},"thumbnailUrl":"https:\/\/spiritual-science-research.com\/wp-content\/uploads\/2024\/04\/Sintra-edited-1024x683.jpeg","datePublished":"2024-04-01T15:23:16+00:00","dateModified":"2026-02-24T11:14:20+00:00","description":"% % O curso de Investiga\u00e7\u00e3o em Ci\u00eancias Espirituais est\u00e1 a decorrer em Sintra, Portugal. Uma viagem de desenvolvimento espiritual interior atrav\u00e9s do m\u00e9todo % %","breadcrumb":{"@id":"https:\/\/spiritual-science-research.com\/portugal-research-course\/#breadcrumb"},"inLanguage":"de-DE","potentialAction":[{"@type":"ReadAction","target":["https:\/\/spiritual-science-research.com\/portugal-research-course\/"]}]},{"@type":"ImageObject","inLanguage":"de-DE","@id":"https:\/\/spiritual-science-research.com\/portugal-research-course\/#primaryimage","url":"https:\/\/spiritual-science-research.com\/wp-content\/uploads\/2024\/04\/Sintra-edited-1024x683.jpeg","contentUrl":"https:\/\/spiritual-science-research.com\/wp-content\/uploads\/2024\/04\/Sintra-edited-1024x683.jpeg"},{"@type":"BreadcrumbList","@id":"https:\/\/spiritual-science-research.com\/portugal-research-course\/#breadcrumb","itemListElement":[{"@type":"ListItem","position":1,"name":"Home","item":"https:\/\/spiritual-science-research.com\/"},{"@type":"ListItem","position":2,"name":"Investiga\u00e7\u00e3o em Ci\u00eancia Espiritual &#8211; Curso em Sintra, Portugal"}]},{"@type":"WebSite","@id":"https:\/\/spiritual-science-research.com\/#website","url":"https:\/\/spiritual-science-research.com\/","name":"Spiritual Science Research","description":"Learning by doing","publisher":{"@id":"https:\/\/spiritual-science-research.com\/#organization"},"potentialAction":[{"@type":"SearchAction","target":{"@type":"EntryPoint","urlTemplate":"https:\/\/spiritual-science-research.com\/?s={search_term_string}"},"query-input":{"@type":"PropertyValueSpecification","valueRequired":true,"valueName":"search_term_string"}}],"inLanguage":"de-DE"},{"@type":"Organization","@id":"https:\/\/spiritual-science-research.com\/#organization","name":"Spiritual Science Research","url":"https:\/\/spiritual-science-research.com\/","logo":{"@type":"ImageObject","inLanguage":"de-DE","@id":"https:\/\/spiritual-science-research.com\/#\/schema\/logo\/image\/","url":"https:\/\/spiritual-science-research.com\/wp-content\/uploads\/2023\/05\/Group-337.png","contentUrl":"https:\/\/spiritual-science-research.com\/wp-content\/uploads\/2023\/05\/Group-337.png","width":400,"height":161,"caption":"Spiritual Science Research"},"image":{"@id":"https:\/\/spiritual-science-research.com\/#\/schema\/logo\/image\/"}}]}},"_links":{"self":[{"href":"https:\/\/spiritual-science-research.com\/de\/wp-json\/wp\/v2\/pages\/3342","targetHints":{"allow":["GET"]}}],"collection":[{"href":"https:\/\/spiritual-science-research.com\/de\/wp-json\/wp\/v2\/pages"}],"about":[{"href":"https:\/\/spiritual-science-research.com\/de\/wp-json\/wp\/v2\/types\/page"}],"author":[{"embeddable":true,"href":"https:\/\/spiritual-science-research.com\/de\/wp-json\/wp\/v2\/users\/2"}],"replies":[{"embeddable":true,"href":"https:\/\/spiritual-science-research.com\/de\/wp-json\/wp\/v2\/comments?post=3342"}],"version-history":[{"count":51,"href":"https:\/\/spiritual-science-research.com\/de\/wp-json\/wp\/v2\/pages\/3342\/revisions"}],"predecessor-version":[{"id":7801,"href":"https:\/\/spiritual-science-research.com\/de\/wp-json\/wp\/v2\/pages\/3342\/revisions\/7801"}],"wp:attachment":[{"href":"https:\/\/spiritual-science-research.com\/de\/wp-json\/wp\/v2\/media?parent=3342"}],"curies":[{"name":"wp","href":"https:\/\/api.w.org\/{rel}","templated":true}]}}