{"id":2466,"date":"2023-08-11T09:20:28","date_gmt":"2023-08-11T09:20:28","guid":{"rendered":"https:\/\/spiritual-science-research.com\/?page_id=2466"},"modified":"2026-02-07T16:14:27","modified_gmt":"2026-02-07T16:14:27","slug":"von-der-selbsterfahrung-zur-selbstheilung-kurs","status":"publish","type":"page","link":"https:\/\/spiritual-science-research.com\/de\/von-der-selbsterfahrung-zur-selbstheilung-kurs\/","title":{"rendered":"Von der Selbsterfahrung zur Selbstheilung &#8211; Kurs"},"content":{"rendered":"\n<p><\/p>\n\n\n\n<p>Willkommen zum Erlebnis- und Praxiskurs in Badenweiler, S\u00fcddeutschland!<\/p>\n\n\n\n<p>KursleiterInnen sind: Dr. med. Monika Spahl und Inessa Burdich.<\/p>\n\n\n\n<p>Eines der Ziele des Kurses ist es, sich selbst durch die Selbsterfahrung als multidimensionaler Geist-Seele-K\u00f6rper-Mensch kennenzulernen. Der Kurs beinhaltet \u00dcbungen und Meditationen mit therapeutischen Aspekten.<\/p>\n\n\n\n<figure class=\"wp-block-image size-large\"><img loading=\"lazy\" decoding=\"async\" width=\"1024\" height=\"591\" src=\"https:\/\/spiritual-science-research.com\/wp-content\/uploads\/2023\/08\/Screenshot-2023-08-14-at-10.46.40-1024x591.png\" alt=\"\" class=\"wp-image-2484\" srcset=\"https:\/\/spiritual-science-research.com\/wp-content\/uploads\/2023\/08\/Screenshot-2023-08-14-at-10.46.40-1024x591.png 1024w, https:\/\/spiritual-science-research.com\/wp-content\/uploads\/2023\/08\/Screenshot-2023-08-14-at-10.46.40-300x173.png 300w, https:\/\/spiritual-science-research.com\/wp-content\/uploads\/2023\/08\/Screenshot-2023-08-14-at-10.46.40-768x443.png 768w, https:\/\/spiritual-science-research.com\/wp-content\/uploads\/2023\/08\/Screenshot-2023-08-14-at-10.46.40-1536x887.png 1536w, https:\/\/spiritual-science-research.com\/wp-content\/uploads\/2023\/08\/Screenshot-2023-08-14-at-10.46.40-2048x1182.png 2048w\" sizes=\"auto, (max-width: 1024px) 100vw, 1024px\" \/><figcaption class=\"wp-element-caption\">Psychosomatik Badenweiler, Praxis von Dr. Monika Spahl<\/figcaption><\/figure>\n\n\n\n<p>Wir m\u00f6chten Menschen einladen, die sie sich auf einem vertieften Weg zu sich selbst befinden und nach Wegen neuer Selbsterfahrungen suchen:<\/p>\n\n\n\n<ul class=\"wp-block-list\">\n<li>die aktuell unter tiefer Ersch\u00f6pfung, h\u00e4ufig \u201eBurn-out\u201c genannt, leiden<\/li>\n\n\n\n<li>die hochsensibel und oft hochbegabt sind, die darum ringen sich selbst besser zu verstehen, mit sich selbst zu leben, f\u00fcr sich selbst besser zu sorgen<\/li>\n\n\n\n<li>die sich durch Diagnosestellungen wie ADS und ADHS nicht verstanden f\u00fchlen<\/li>\n\n\n\n<li>die unter Ersch\u00f6pfungsdepression und Angstst\u00f6rungen leiden<\/li>\n\n\n\n<li>die unter inneren Spannungen und Konflikten leiden, die sie sich selbst nicht erkl\u00e4ren k\u00f6nnen<\/li>\n\n\n\n<li>die eine Diagnose \u201ePost-Covid-Syndrom\u201c von \u00c4rzten erhalten haben und damit nichts anfangen k\u00f6nnen<\/li>\n<\/ul>\n\n\n\n<p>Wir m\u00f6chten sie begleiten, sich w\u00e4hrend eines Wochenendes durch vertiefte Selbst-Wahrnehmung und Selbst-Erfahrung in der Gruppe in ihrer k\u00f6rperlichen, seelischen und geistigen Pr\u00e4senz ganzheitlich zu erleben. In den \u00dcbungen und Meditationen k\u00f6nnen sie die heilsame Wirkung in der Selbsterfahrung in der Gruppe vertieft wahrnehmen und gemeinsam reflektieren. &nbsp;Ziel des Kurses ist es, sich als selbstheilsam wahrzunehmen und zu erleben, \u00dcbungen und Meditationen mit therapeutischer Wirksamkeit zu erlernen um selbst zu Hause weiter praktizieren zu k\u00f6nnen.<\/p>\n\n\n\n<p>\u221e \u221e \u221e<\/p>\n\n\n\n<p>Das erste Thema ist:<\/p>\n\n\n\n<p><strong>Wie k\u00f6nnen wir verantwortungsbewusst mit uns selbst in Verbindung treten?<\/strong><\/p>\n\n\n\n<p>\u221e \u221e \u221e<\/p>\n\n\n\n<p>Weitere Termine und Themen des Kurses werden sp\u00e4ter bekannt gegeben<\/p>\n\n\n\n<p>\u221e \u221e \u221e<\/p>\n\n\n\n<p>Zeitplan:<\/p>\n\n\n\n<p>19.00-20.30 Uhr Freitag<\/p>\n\n\n\n<p>9.00 &#8211; 19.00 Uhr Samstag<\/p>\n\n\n\n<p>9.00 &#8211; 10.30 Uhr Sonntag<\/p>\n\n\n\n<p>\u221e \u221e \u221e<\/p>\n\n\n\n<p><\/p>\n\n\n\n<p>Veranstaltungsort: Schlossplatz 3, 79410 Badenweiler <a href=\"https:\/\/psychosomatik-badenweiler.de\/index.html#Kontakt\">https:\/\/psychosomatik-badenweiler.de\/index.html#Kontakt<\/a><\/p>\n\n\n\n<p>40 Minuten mit dem Auto nach Basel, Schweiz und nach Freiburg.<\/p>\n\n\n\n<p>\u221e \u221e \u221e<\/p>\n\n\n\n<p><\/p>\n\n\n\n<blockquote class=\"wp-block-quote is-layout-flow wp-block-quote-is-layout-flow\">\n<p>Anmeldung \u00fcber: <a href=\"mailto:info@psychosomatik-badenweiler.de\">info@psychosomatik-badenweiler.de<\/a><\/p>\n<\/blockquote>\n\n\n\n<p>\u221e \u221e \u221e<\/p>\n\n\n\n<p><strong>Dr. Monika Spahl <\/strong>&#8211; K\u00fcnstlerin MA RCA London, Internistin, Psychotherapeutin: Gestalttherapie, Traumatherapie PITT, Anthroposophie-Basierte Psychotherapie, arbeitet als Psychotherapeutin in eigener Privat Praxis in Badenweiler und in der Klinik Haus am Stalten, leitet Workshops und Weiterbildungen zur Gestalttherapeutischen Haltung. <a href=\"https:\/\/psychosomatik-badenweiler.de\/team.html\">https:\/\/psychosomatik-badenweiler.de\/<\/a><a href=\"https:\/\/psychosomatik-badenweiler.de\/team.html\" target=\"_blank\" rel=\"noreferrer noopener\">team<\/a><a href=\"https:\/\/psychosomatik-badenweiler.de\/team.html\">.html<\/a> <\/p>\n\n\n\n<p><strong>Inessa Burdich<\/strong> <a href=\"https:\/\/spiritual-science-research.com\/de\/about\/\">https:\/\/spiritual-science-research<\/a><a href=\"https:\/\/spiritual-science-research.com\/de\/about\/\" target=\"_blank\" rel=\"noreferrer noopener\">.<\/a><a href=\"\/de\/about\/\">com\/de\/about\/<\/a><\/p>\n","protected":false},"excerpt":{"rendered":"<p>Willkommen zum Erlebnis- und Praxiskurs in Badenweiler, S\u00fcddeutschland! KursleiterInnen sind: Dr. med. Monika Spahl und Inessa Burdich. Eines der Ziele des Kurses ist es, sich selbst durch die Selbsterfahrung als multidimensionaler Geist-Seele-K\u00f6rper-Mensch kennenzulernen. Der Kurs beinhaltet \u00dcbungen und Meditationen mit therapeutischen Aspekten. Wir m\u00f6chten Menschen einladen, die sie sich auf einem vertieften Weg zu sich [&hellip;]<\/p>\n","protected":false},"author":1,"featured_media":0,"parent":0,"menu_order":0,"comment_status":"closed","ping_status":"closed","template":"","meta":{"footnotes":""},"class_list":["post-2466","page","type-page","status-publish","hentry"],"translation":{"provider":"WPGlobus","version":"3.0.2","language":"de","enabled_languages":["en","de"],"languages":{"en":{"title":true,"content":true,"excerpt":false},"de":{"title":false,"content":false,"excerpt":false}}},"yoast_head":"<!-- This site is optimized with the Yoast SEO plugin v27.5 - https:\/\/yoast.com\/product\/yoast-seo-wordpress\/ -->\n<title>Von der Selbsterfahrung zur Selbstheilung - Kurs - Spiritual Science Research<\/title>\n<meta name=\"robots\" content=\"index, follow, max-snippet:-1, max-image-preview:large, max-video-preview:-1\" \/>\n<link rel=\"canonical\" href=\"https:\/\/spiritual-science-research.com\/von-der-selbsterfahrung-zur-selbstheilung-kurs\/\" \/>\n<meta property=\"og:locale\" content=\"de_DE\" \/>\n<meta property=\"og:type\" content=\"article\" \/>\n<meta property=\"og:title\" content=\"Von der Selbsterfahrung zur Selbstheilung - Kurs - Spiritual Science Research\" \/>\n<meta property=\"og:url\" content=\"https:\/\/spiritual-science-research.com\/von-der-selbsterfahrung-zur-selbstheilung-kurs\/\" \/>\n<meta property=\"og:site_name\" content=\"Spiritual Science Research\" \/>\n<meta property=\"article:modified_time\" content=\"2026-02-07T16:14:27+00:00\" \/>\n<meta property=\"og:image\" content=\"https:\/\/spiritual-science-research.com\/wp-content\/uploads\/2023\/08\/Screenshot-2023-08-14-at-10.46.40-1024x591.png\" \/>\n\t<meta property=\"og:image:width\" content=\"1024\" \/>\n\t<meta property=\"og:image:height\" content=\"591\" \/>\n\t<meta property=\"og:image:type\" content=\"image\/png\" \/>\n<meta name=\"twitter:card\" content=\"summary_large_image\" \/>\n<meta name=\"twitter:label1\" content=\"Est. reading time\" \/>\n\t<meta name=\"twitter:data1\" content=\"2 minutes\" \/>\n<script type=\"application\/ld+json\" class=\"yoast-schema-graph\">{\"@context\":\"https:\\\/\\\/schema.org\",\"@graph\":[{\"@type\":\"WebPage\",\"@id\":\"https:\\\/\\\/spiritual-science-research.com\\\/von-der-selbsterfahrung-zur-selbstheilung-kurs\\\/\",\"url\":\"https:\\\/\\\/spiritual-science-research.com\\\/von-der-selbsterfahrung-zur-selbstheilung-kurs\\\/\",\"name\":\"Von der Selbsterfahrung zur Selbstheilung - Kurs - Spiritual Science Research\",\"isPartOf\":{\"@id\":\"https:\\\/\\\/spiritual-science-research.com\\\/#website\"},\"primaryImageOfPage\":{\"@id\":\"https:\\\/\\\/spiritual-science-research.com\\\/von-der-selbsterfahrung-zur-selbstheilung-kurs\\\/#primaryimage\"},\"image\":{\"@id\":\"https:\\\/\\\/spiritual-science-research.com\\\/von-der-selbsterfahrung-zur-selbstheilung-kurs\\\/#primaryimage\"},\"thumbnailUrl\":\"https:\\\/\\\/spiritual-science-research.com\\\/wp-content\\\/uploads\\\/2023\\\/08\\\/Screenshot-2023-08-14-at-10.46.40-1024x591.png\",\"datePublished\":\"2023-08-11T09:20:28+00:00\",\"dateModified\":\"2026-02-07T16:14:27+00:00\",\"description\":\"% % Willkommen zum Erlebnis- und Praxiskurs in Badenweiler, S\u00fcddeutschland! KursleiterInnen sind: Dr. med. Monika Spahl und Inessa Burdich. Eines der Ziele % %\",\"breadcrumb\":{\"@id\":\"https:\\\/\\\/spiritual-science-research.com\\\/von-der-selbsterfahrung-zur-selbstheilung-kurs\\\/#breadcrumb\"},\"inLanguage\":\"de-DE\",\"potentialAction\":[{\"@type\":\"ReadAction\",\"target\":[\"https:\\\/\\\/spiritual-science-research.com\\\/von-der-selbsterfahrung-zur-selbstheilung-kurs\\\/\"]}]},{\"@type\":\"ImageObject\",\"inLanguage\":\"de-DE\",\"@id\":\"https:\\\/\\\/spiritual-science-research.com\\\/von-der-selbsterfahrung-zur-selbstheilung-kurs\\\/#primaryimage\",\"url\":\"https:\\\/\\\/spiritual-science-research.com\\\/wp-content\\\/uploads\\\/2023\\\/08\\\/Screenshot-2023-08-14-at-10.46.40-1024x591.png\",\"contentUrl\":\"https:\\\/\\\/spiritual-science-research.com\\\/wp-content\\\/uploads\\\/2023\\\/08\\\/Screenshot-2023-08-14-at-10.46.40-1024x591.png\"},{\"@type\":\"BreadcrumbList\",\"@id\":\"https:\\\/\\\/spiritual-science-research.com\\\/von-der-selbsterfahrung-zur-selbstheilung-kurs\\\/#breadcrumb\",\"itemListElement\":[{\"@type\":\"ListItem\",\"position\":1,\"name\":\"Home\",\"item\":\"https:\\\/\\\/spiritual-science-research.com\\\/\"},{\"@type\":\"ListItem\",\"position\":2,\"name\":\"Von der Selbsterfahrung zur Selbstheilung &#8211; Kurs\"}]},{\"@type\":\"WebSite\",\"@id\":\"https:\\\/\\\/spiritual-science-research.com\\\/#website\",\"url\":\"https:\\\/\\\/spiritual-science-research.com\\\/\",\"name\":\"Spiritual Science Research\",\"description\":\"Learning by doing\",\"publisher\":{\"@id\":\"https:\\\/\\\/spiritual-science-research.com\\\/#organization\"},\"potentialAction\":[{\"@type\":\"SearchAction\",\"target\":{\"@type\":\"EntryPoint\",\"urlTemplate\":\"https:\\\/\\\/spiritual-science-research.com\\\/?s={search_term_string}\"},\"query-input\":{\"@type\":\"PropertyValueSpecification\",\"valueRequired\":true,\"valueName\":\"search_term_string\"}}],\"inLanguage\":\"de-DE\"},{\"@type\":\"Organization\",\"@id\":\"https:\\\/\\\/spiritual-science-research.com\\\/#organization\",\"name\":\"Spiritual Science Research\",\"url\":\"https:\\\/\\\/spiritual-science-research.com\\\/\",\"logo\":{\"@type\":\"ImageObject\",\"inLanguage\":\"de-DE\",\"@id\":\"https:\\\/\\\/spiritual-science-research.com\\\/#\\\/schema\\\/logo\\\/image\\\/\",\"url\":\"https:\\\/\\\/spiritual-science-research.com\\\/wp-content\\\/uploads\\\/2023\\\/05\\\/Group-337.png\",\"contentUrl\":\"https:\\\/\\\/spiritual-science-research.com\\\/wp-content\\\/uploads\\\/2023\\\/05\\\/Group-337.png\",\"width\":400,\"height\":161,\"caption\":\"Spiritual Science Research\"},\"image\":{\"@id\":\"https:\\\/\\\/spiritual-science-research.com\\\/#\\\/schema\\\/logo\\\/image\\\/\"}}]}<\/script>\n<!-- \/ Yoast SEO plugin. -->","yoast_head_json":{"title":"Von der Selbsterfahrung zur Selbstheilung - Kurs - Spiritual Science Research","robots":{"index":"index","follow":"follow","max-snippet":"max-snippet:-1","max-image-preview":"max-image-preview:large","max-video-preview":"max-video-preview:-1"},"canonical":"https:\/\/spiritual-science-research.com\/von-der-selbsterfahrung-zur-selbstheilung-kurs\/","og_locale":"de_DE","og_type":"article","og_title":"Von der Selbsterfahrung zur Selbstheilung - Kurs - Spiritual Science Research","og_url":"https:\/\/spiritual-science-research.com\/von-der-selbsterfahrung-zur-selbstheilung-kurs\/","og_site_name":"Spiritual Science Research","article_modified_time":"2026-02-07T16:14:27+00:00","og_image":[{"width":1024,"height":591,"url":"https:\/\/spiritual-science-research.com\/wp-content\/uploads\/2023\/08\/Screenshot-2023-08-14-at-10.46.40-1024x591.png","type":"image\/png"}],"twitter_card":"summary_large_image","twitter_misc":{"Est. reading time":"2 minutes"},"schema":{"@context":"https:\/\/schema.org","@graph":[{"@type":"WebPage","@id":"https:\/\/spiritual-science-research.com\/von-der-selbsterfahrung-zur-selbstheilung-kurs\/","url":"https:\/\/spiritual-science-research.com\/von-der-selbsterfahrung-zur-selbstheilung-kurs\/","name":"Von der Selbsterfahrung zur Selbstheilung - Kurs - Spiritual Science Research","isPartOf":{"@id":"https:\/\/spiritual-science-research.com\/#website"},"primaryImageOfPage":{"@id":"https:\/\/spiritual-science-research.com\/von-der-selbsterfahrung-zur-selbstheilung-kurs\/#primaryimage"},"image":{"@id":"https:\/\/spiritual-science-research.com\/von-der-selbsterfahrung-zur-selbstheilung-kurs\/#primaryimage"},"thumbnailUrl":"https:\/\/spiritual-science-research.com\/wp-content\/uploads\/2023\/08\/Screenshot-2023-08-14-at-10.46.40-1024x591.png","datePublished":"2023-08-11T09:20:28+00:00","dateModified":"2026-02-07T16:14:27+00:00","description":"% % Willkommen zum Erlebnis- und Praxiskurs in Badenweiler, S\u00fcddeutschland! KursleiterInnen sind: Dr. med. Monika Spahl und Inessa Burdich. Eines der Ziele % %","breadcrumb":{"@id":"https:\/\/spiritual-science-research.com\/von-der-selbsterfahrung-zur-selbstheilung-kurs\/#breadcrumb"},"inLanguage":"de-DE","potentialAction":[{"@type":"ReadAction","target":["https:\/\/spiritual-science-research.com\/von-der-selbsterfahrung-zur-selbstheilung-kurs\/"]}]},{"@type":"ImageObject","inLanguage":"de-DE","@id":"https:\/\/spiritual-science-research.com\/von-der-selbsterfahrung-zur-selbstheilung-kurs\/#primaryimage","url":"https:\/\/spiritual-science-research.com\/wp-content\/uploads\/2023\/08\/Screenshot-2023-08-14-at-10.46.40-1024x591.png","contentUrl":"https:\/\/spiritual-science-research.com\/wp-content\/uploads\/2023\/08\/Screenshot-2023-08-14-at-10.46.40-1024x591.png"},{"@type":"BreadcrumbList","@id":"https:\/\/spiritual-science-research.com\/von-der-selbsterfahrung-zur-selbstheilung-kurs\/#breadcrumb","itemListElement":[{"@type":"ListItem","position":1,"name":"Home","item":"https:\/\/spiritual-science-research.com\/"},{"@type":"ListItem","position":2,"name":"Von der Selbsterfahrung zur Selbstheilung &#8211; Kurs"}]},{"@type":"WebSite","@id":"https:\/\/spiritual-science-research.com\/#website","url":"https:\/\/spiritual-science-research.com\/","name":"Spiritual Science Research","description":"Learning by doing","publisher":{"@id":"https:\/\/spiritual-science-research.com\/#organization"},"potentialAction":[{"@type":"SearchAction","target":{"@type":"EntryPoint","urlTemplate":"https:\/\/spiritual-science-research.com\/?s={search_term_string}"},"query-input":{"@type":"PropertyValueSpecification","valueRequired":true,"valueName":"search_term_string"}}],"inLanguage":"de-DE"},{"@type":"Organization","@id":"https:\/\/spiritual-science-research.com\/#organization","name":"Spiritual Science Research","url":"https:\/\/spiritual-science-research.com\/","logo":{"@type":"ImageObject","inLanguage":"de-DE","@id":"https:\/\/spiritual-science-research.com\/#\/schema\/logo\/image\/","url":"https:\/\/spiritual-science-research.com\/wp-content\/uploads\/2023\/05\/Group-337.png","contentUrl":"https:\/\/spiritual-science-research.com\/wp-content\/uploads\/2023\/05\/Group-337.png","width":400,"height":161,"caption":"Spiritual Science Research"},"image":{"@id":"https:\/\/spiritual-science-research.com\/#\/schema\/logo\/image\/"}}]}},"_links":{"self":[{"href":"https:\/\/spiritual-science-research.com\/de\/wp-json\/wp\/v2\/pages\/2466","targetHints":{"allow":["GET"]}}],"collection":[{"href":"https:\/\/spiritual-science-research.com\/de\/wp-json\/wp\/v2\/pages"}],"about":[{"href":"https:\/\/spiritual-science-research.com\/de\/wp-json\/wp\/v2\/types\/page"}],"author":[{"embeddable":true,"href":"https:\/\/spiritual-science-research.com\/de\/wp-json\/wp\/v2\/users\/1"}],"replies":[{"embeddable":true,"href":"https:\/\/spiritual-science-research.com\/de\/wp-json\/wp\/v2\/comments?post=2466"}],"version-history":[{"count":23,"href":"https:\/\/spiritual-science-research.com\/de\/wp-json\/wp\/v2\/pages\/2466\/revisions"}],"predecessor-version":[{"id":7752,"href":"https:\/\/spiritual-science-research.com\/de\/wp-json\/wp\/v2\/pages\/2466\/revisions\/7752"}],"wp:attachment":[{"href":"https:\/\/spiritual-science-research.com\/de\/wp-json\/wp\/v2\/media?parent=2466"}],"curies":[{"name":"wp","href":"https:\/\/api.w.org\/{rel}","templated":true}]}}