{"id":208,"date":"2023-01-18T17:54:45","date_gmt":"2023-01-18T17:54:45","guid":{"rendered":"http:\/\/spiritual-science-research.com\/?page_id=208"},"modified":"2026-02-06T18:41:01","modified_gmt":"2026-02-06T18:41:01","slug":"gospel-of-john-study","status":"publish","type":"page","link":"https:\/\/spiritual-science-research.com\/de\/gospel-of-john-study\/","title":{"rendered":"Das Johannes Evangelium Studium"},"content":{"rendered":"\n<figure class=\"wp-block-image size-large\"><img loading=\"lazy\" decoding=\"async\" width=\"1024\" height=\"615\" src=\"https:\/\/spiritual-science-research.com\/wp-content\/uploads\/2024\/12\/Screenshot-2024-12-24-at-19.14.07-1024x615.png\" alt=\"\" class=\"wp-image-4496\" srcset=\"https:\/\/spiritual-science-research.com\/wp-content\/uploads\/2024\/12\/Screenshot-2024-12-24-at-19.14.07-1024x615.png 1024w, https:\/\/spiritual-science-research.com\/wp-content\/uploads\/2024\/12\/Screenshot-2024-12-24-at-19.14.07-300x180.png 300w, https:\/\/spiritual-science-research.com\/wp-content\/uploads\/2024\/12\/Screenshot-2024-12-24-at-19.14.07-768x461.png 768w, https:\/\/spiritual-science-research.com\/wp-content\/uploads\/2024\/12\/Screenshot-2024-12-24-at-19.14.07-1536x922.png 1536w, https:\/\/spiritual-science-research.com\/wp-content\/uploads\/2024\/12\/Screenshot-2024-12-24-at-19.14.07-2000x1200.png 2000w, https:\/\/spiritual-science-research.com\/wp-content\/uploads\/2024\/12\/Screenshot-2024-12-24-at-19.14.07.png 2036w\" sizes=\"auto, (max-width: 1024px) 100vw, 1024px\" \/><\/figure>\n\n\n\n<p id=\"block-8cceaabd-1f5a-441f-b457-62671e2a607f\">\u221e \u221e \u221e<\/p>\n\n\n\n<p><strong>Das Johannesevangelium. Prolog<\/strong><\/p>\n\n\n\n<p>1 Im Urbeginne war das Wort,<\/p>\n\n\n\n<p>und das Wort war bei Gott,<\/p>\n\n\n\n<p>und ein g\u00f6ttliches Wesen war das Wort.<\/p>\n\n\n\n<p>2 Dieses war im Urbeginne bei Gott.<\/p>\n\n\n\n<p>3 Durch es sind alle Dinge geworden,<\/p>\n\n\n\n<p>und nichts von allem Enstandenen ist anders als durch<\/p>\n\n\n\n<p>das Wort geworden.<\/p>\n\n\n\n<p>4 In ihm war das Leben,<\/p>\n\n\n\n<p>und das Leben war das Licht der Menschen.<\/p>\n\n\n\n<p>5 Und das Licht scheint in der Finsternis;<\/p>\n\n\n\n<p>aber die Finsternis hat es nicht aufgenommen.&nbsp;<\/p>\n\n\n\n<p>6 Es kam ein Mensch,<\/p>\n\n\n\n<p>von Gott war er gesandt,<\/p>\n\n\n\n<p>sein Name war Johannes.<\/p>\n\n\n\n<p>7 Er kam, um Zeugnis abzulegen.<\/p>\n\n\n\n<p>Er sollte von dem Lichte zeugen,<\/p>\n\n\n\n<p>und so in allen Herzen den Glauben erwecken.<\/p>\n\n\n\n<p>8 Er war nicht selbst das Licht,<\/p>\n\n\n\n<p>er sollte ein Zeuge des Lichtes sein.<\/p>\n\n\n\n<p>9 Das wahre Licht, das alle Menschen erleuchtet,<\/p>\n\n\n\n<p>sollte in die Welt kommen.<\/p>\n\n\n\n<p>10 Es war in der Welt,<\/p>\n\n\n\n<p>denn die Welt ist durch es geworden,<\/p>\n\n\n\n<p>aber die Welt hat es nicht erkannt.<\/p>\n\n\n\n<p>11 Zu den Ich-Menschen kam es,<\/p>\n\n\n\n<p>aber die Ich-Menschen nahmen es nicht auf.<\/p>\n\n\n\n<p>12 Allen aber, die es aufnahmen,<\/p>\n\n\n\n<p>gab es die freie Kraft, Gotteskinder zu werden.<\/p>\n\n\n\n<p>Das sind die, die vertrauensvoll seine Kraft in sich aufnehmen.<\/p>\n\n\n\n<p>13 Sie empfangen ihr Leben nicht aus dem Blute,<\/p>\n\n\n\n<p>auch nicht aus dem Willen des Fleisches<\/p>\n\n\n\n<p>und nicht aus menschlichem Willen;<\/p>\n\n\n\n<p>denn sie sind aus Gott geboren.<\/p>\n\n\n\n<p>14 Und das Wort ist Fleisch geworden<\/p>\n\n\n\n<p>und hat unter uns gewohnt.<\/p>\n\n\n\n<p>Und wir haben seine Offenbarung geschaut,<\/p>\n\n\n\n<p>die Offenbarung des eingeborenen Sohnes des Vaters,<\/p>\n\n\n\n<p>erf\u00fcllt von Hingabe und Wahrheit.<\/p>\n\n\n\n<p>\u00dcbersetzung: Emil Bock<\/p>\n\n\n\n<p>\u221e \u221e \u221e<\/p>\n\n\n\n<p>\u221e \u221e \u221e<\/p>\n\n\n\n<p id=\"block-b1815ea7-e0ff-4cf2-9665-5f85cf55b2ce\">Im Neuen Testament der Bibel gibt es die vier Evangelien nach Matth\u00e4us, Markus, Lukas und Johannes, die das Leben Jesu Christi beschreiben und im Mysterium von Golgatha gipfeln.<\/p>\n\n\n\n<p id=\"block-56d1d6a7-7d4b-4a3c-9a35-07fdf5f18542\">Wir versuchen, uns tiefer mit dem Johannesevangelium und seelisch-geistigen Impulsen im Zusammenhang damit zu verbinden. Dazu lernen und meditieren wir selbst, und wir treffen uns auch online und widmen unsere Treffen diesen Themen. Wir k\u00f6nnen die Impulse aus dem Prolog des Johannesevangeliums in unsere Seele aufnehmen.<\/p>\n\n\n\n<p>\u221e \u221e \u221e<\/p>\n\n\n\n<figure class=\"wp-block-image size-large\"><img loading=\"lazy\" decoding=\"async\" width=\"559\" height=\"1024\" src=\"https:\/\/spiritual-science-research.com\/wp-content\/uploads\/2023\/09\/Picture-1.png-1-559x1024.webp\" alt=\"\" class=\"wp-image-2739\" srcset=\"https:\/\/spiritual-science-research.com\/wp-content\/uploads\/2023\/09\/Picture-1.png-1-559x1024.webp 559w, https:\/\/spiritual-science-research.com\/wp-content\/uploads\/2023\/09\/Picture-1.png-1-164x300.webp 164w, https:\/\/spiritual-science-research.com\/wp-content\/uploads\/2023\/09\/Picture-1.png-1.webp 614w\" sizes=\"auto, (max-width: 559px) 100vw, 559px\" \/><\/figure>\n\n\n\n<p id=\"block-4d8271d2-31d3-431e-bf5e-c6c22bc402cf\">Prolog des Johannesevangeliums in Papyrus 75, ca. Ende 2. Jahrhundert<\/p>\n\n\n\n<p id=\"block-46a6d41b-b92c-4855-ab0e-459043fa8f66\">\u221e \u221e \u221e<\/p>\n\n\n\n<p id=\"block-413aaac4-a3c0-4da4-a926-fa5efa12c510\">Aus diesen Ideen von Rudolf Steiner k\u00f6nnen wir uns einem Verst\u00e4ndnis der Bedeutung des Johannesevangeliums n\u00e4hern:<\/p>\n\n\n\n<p>\u201eDas Johannes-Evangelium ist eine der Schriften, die das <strong>Unendliche wie einen Quell in sich tragen<\/strong>\u201e <\/p>\n\n\n\n<p>&#8211; Rudolf Steiner, GA 97-4<\/p>\n\n\n\n<p>\u221e \u221e \u221e<\/p>\n\n\n\n<p>\u201eEin jedes andere Evangelium ist wie eine Erg\u00e4nzung&nbsp; des Johannes-Evangeliums&nbsp;anzusehen. Und die Gr\u00fcnde f\u00fcr alle anderen Evangelien liegen im Johannes-Evangelium. Wir begreifen&nbsp; daher auch die anderen Evangelien erst recht, wenn wir auf dem Untergrunde des Johannes-Evangeliums betrachten\u201c <\/p>\n\n\n\n<p>&#8211; Rudolf Steiner, GA 112-13<\/p>\n\n\n\n<p>\u221e \u221e \u221e<\/p>\n\n\n\n<p id=\"block-732fda3e-babc-48ae-8d51-05bf319877a7\">&#8220;Wenn keine einzige Seele auf der Erde das Evangelium des Johannes gelesen h\u00e4tte, dann h\u00e4tte die Mission der Erde nicht erf\u00fcllt werden k\u00f6nnen: Durch unsere Teilnahme an solchen Dingen werden geistige Kr\u00e4fte ausgestrahlt, die der Erde neues Leben schenken, anstelle dessen, was in ihr vergeht.\u201d <\/p>\n\n\n\n<p id=\"block-732fda3e-babc-48ae-8d51-05bf319877a7\">&#8211; Rudolf Steiner, GA 145-5<\/p>\n\n\n\n<p id=\"block-22e93fca-6c4b-40f7-87e2-2c722ef64d86\">\u221e \u221e \u221e<\/p>\n\n\n\n<p id=\"block-abf1cc92-68e0-48fc-8dc1-c17952110879\">Wir k\u00f6nnen in unserer Seele weiterhin Bescheidenheit und Demut entwickeln:<\/p>\n\n\n\n<p>&#8220;Bescheidenheit und Demut sind das, was in unseren Seelen Wurzeln schlagen und stark werden muss, insbesondere in Bezug auf alles, was \u00fcber die Evangelien gesagt wird und was in den Evangelien selbst steht.<\/p>\n\n\n\n<p>Dann k\u00f6nnen wir uns nach und nach den Wahrheiten und der Weisheit n\u00e4hern, die notwendig sind, um das Christus-Problem zu erforschen.&#8221;<\/p>\n\n\n\n<p id=\"block-4493fb22-fa77-4cf1-9489-ecf910b7cfdf\">&#8211; Rudolf Steiner, GA 117-8<\/p>\n\n\n\n<p id=\"block-9d65568d-0c3a-4d1a-bc5a-82de18ef42d3\">\u221e \u221e \u221e<\/p>\n\n\n\n<p id=\"block-3efcfd21-75ea-4cc9-931c-0320f7f4cb9d\">Wir k\u00f6nnen den Impuls von Rudolf Steiner in unsere Seelen aufnehmen:<\/p>\n\n\n\n<blockquote class=\"wp-block-quote is-layout-flow wp-block-quote-is-layout-flow\">\n<p>&#8220;<strong>Fr\u00fch am Morgen<\/strong>, wenn die Seele noch jungfr\u00e4ulich war, lie\u00dfen sie diese Worte (<strong>Johannes 1-14<\/strong>) in ihrer Seele erklingen.<\/p>\n\n\n\n<p>Wenn ein Mensch dies Tag f\u00fcr Tag tut, dann zeigt sich in der Seele etwas, das ihm neues Leben schenkt; er wird wiedergeboren, er wird geistig verwandelt.<\/p>\n\n\n\n<p>Er sieht um sich eine geistige Welt, von der er zuvor keine Ahnung hatte.<\/p>\n\n\n\n<p>Jeder, der die ersten Verse des Johannes-Evangeliums nimmt und sie auf sich wirken l\u00e4sst zur Schulung und Erziehung seiner Seele, erlebt das Johannes-Evangelium selbst in gewaltigen Bildern.\u201c<\/p>\n\n\n\n<p id=\"block-8f14c813-b966-4b1b-968d-496f79f62357\">&#8211; Rudolf Steiner, GA 68a, 27.11.1906, Dusseldorf.<\/p>\n<\/blockquote>\n\n\n\n<p><p id=\"block-b04e543a-dada-4d9d-8d24-c922111b1bb8\">\ufeff<\/p><\/p>\n\n\n\n<p id=\"block-6faeb983-a34b-4747-a2a0-2ed34457a680\">\u221e \u221e \u221e<\/p>\n\n\n\n<blockquote class=\"wp-block-quote is-layout-flow wp-block-quote-is-layout-flow\">\n<p id=\"block-3e69ceee-49af-4444-a75b-6dc19f09a6ab\">Dieses Studium ist Teil der Initiative <a href=\"\/christology-in-german\/\">der Kraft des Christuslichts<\/a>.<\/p>\n\n\n\n<p id=\"block-f9a74610-cc23-4f07-ab96-80649c7a0f5a\">Wenn Sie eine Verbindung w\u00fcnschen, kontaktieren Sie bitte&nbsp;Heidrun&nbsp;<a href=\"mailto:heidrunhamel@gmx.de\">heidrunhamel@gmx.de<\/a><\/p>\n<\/blockquote>\n\n\n\n<p>\u221e \u221e \u221e<\/p>\n\n\n\n<p><\/p>\n","protected":false},"excerpt":{"rendered":"<p>\u221e \u221e \u221e Das Johannesevangelium. Prolog 1 Im Urbeginne war das Wort, und das Wort war bei Gott, und ein g\u00f6ttliches Wesen war das Wort. 2 Dieses war im Urbeginne bei Gott. 3 Durch es sind alle Dinge geworden, und nichts von allem Enstandenen ist anders als durch das Wort geworden. 4 In ihm war [&hellip;]<\/p>\n","protected":false},"author":2,"featured_media":0,"parent":0,"menu_order":0,"comment_status":"closed","ping_status":"closed","template":"","meta":{"footnotes":""},"class_list":["post-208","page","type-page","status-publish","hentry"],"translation":{"provider":"WPGlobus","version":"3.0.2","language":"de","enabled_languages":["en","de"],"languages":{"en":{"title":true,"content":true,"excerpt":false},"de":{"title":true,"content":true,"excerpt":false}}},"yoast_head":"<!-- This site is optimized with the Yoast SEO plugin v27.5 - https:\/\/yoast.com\/product\/yoast-seo-wordpress\/ -->\n<title>Das Johannes Evangelium Studium - Spiritual Science Research<\/title>\n<meta name=\"robots\" content=\"index, follow, max-snippet:-1, max-image-preview:large, max-video-preview:-1\" \/>\n<link rel=\"canonical\" href=\"https:\/\/spiritual-science-research.com\/gospel-of-john-study\/\" \/>\n<meta property=\"og:locale\" content=\"de_DE\" \/>\n<meta property=\"og:type\" content=\"article\" \/>\n<meta property=\"og:title\" content=\"Das Johannes Evangelium Studium - Spiritual Science Research\" \/>\n<meta property=\"og:url\" content=\"https:\/\/spiritual-science-research.com\/gospel-of-john-study\/\" \/>\n<meta property=\"og:site_name\" content=\"Spiritual Science Research\" \/>\n<meta property=\"article:modified_time\" content=\"2026-02-06T18:41:01+00:00\" \/>\n<meta property=\"og:image\" content=\"https:\/\/spiritual-science-research.com\/wp-content\/uploads\/2024\/12\/Prolog-EN-1-1024x607.png\" \/>\n\t<meta property=\"og:image:width\" content=\"1024\" \/>\n\t<meta property=\"og:image:height\" content=\"607\" \/>\n\t<meta property=\"og:image:type\" content=\"image\/png\" \/>\n<meta name=\"twitter:card\" content=\"summary_large_image\" \/>\n<meta name=\"twitter:label1\" content=\"Est. reading time\" \/>\n\t<meta name=\"twitter:data1\" content=\"3 minutes\" \/>\n<script type=\"application\/ld+json\" class=\"yoast-schema-graph\">{\"@context\":\"https:\\\/\\\/schema.org\",\"@graph\":[{\"@type\":\"WebPage\",\"@id\":\"https:\\\/\\\/spiritual-science-research.com\\\/gospel-of-john-study\\\/\",\"url\":\"https:\\\/\\\/spiritual-science-research.com\\\/gospel-of-john-study\\\/\",\"name\":\"Das Johannes Evangelium Studium - Spiritual Science Research\",\"isPartOf\":{\"@id\":\"https:\\\/\\\/spiritual-science-research.com\\\/#website\"},\"primaryImageOfPage\":{\"@id\":\"https:\\\/\\\/spiritual-science-research.com\\\/gospel-of-john-study\\\/#primaryimage\"},\"image\":{\"@id\":\"https:\\\/\\\/spiritual-science-research.com\\\/gospel-of-john-study\\\/#primaryimage\"},\"thumbnailUrl\":\"https:\\\/\\\/spiritual-science-research.com\\\/wp-content\\\/uploads\\\/2024\\\/12\\\/Prolog-EN-1-1024x607.png\",\"datePublished\":\"2023-01-18T17:54:45+00:00\",\"dateModified\":\"2026-02-06T18:41:01+00:00\",\"description\":\"% % {:en} \u221e \u221e \u221e The Gospel of John. Prologue 1 In the very beginning was the Word, and the Word was with God, and the Word was a divine Being. 2 He was in the % %\",\"breadcrumb\":{\"@id\":\"https:\\\/\\\/spiritual-science-research.com\\\/gospel-of-john-study\\\/#breadcrumb\"},\"inLanguage\":\"de-DE\",\"potentialAction\":[{\"@type\":\"ReadAction\",\"target\":[\"https:\\\/\\\/spiritual-science-research.com\\\/gospel-of-john-study\\\/\"]}]},{\"@type\":\"ImageObject\",\"inLanguage\":\"de-DE\",\"@id\":\"https:\\\/\\\/spiritual-science-research.com\\\/gospel-of-john-study\\\/#primaryimage\",\"url\":\"https:\\\/\\\/spiritual-science-research.com\\\/wp-content\\\/uploads\\\/2024\\\/12\\\/Prolog-EN-1-1024x607.png\",\"contentUrl\":\"https:\\\/\\\/spiritual-science-research.com\\\/wp-content\\\/uploads\\\/2024\\\/12\\\/Prolog-EN-1-1024x607.png\"},{\"@type\":\"BreadcrumbList\",\"@id\":\"https:\\\/\\\/spiritual-science-research.com\\\/gospel-of-john-study\\\/#breadcrumb\",\"itemListElement\":[{\"@type\":\"ListItem\",\"position\":1,\"name\":\"Home\",\"item\":\"https:\\\/\\\/spiritual-science-research.com\\\/\"},{\"@type\":\"ListItem\",\"position\":2,\"name\":\"The Gospel of John study\"}]},{\"@type\":\"WebSite\",\"@id\":\"https:\\\/\\\/spiritual-science-research.com\\\/#website\",\"url\":\"https:\\\/\\\/spiritual-science-research.com\\\/\",\"name\":\"Spiritual Science Research\",\"description\":\"Learning by doing\",\"publisher\":{\"@id\":\"https:\\\/\\\/spiritual-science-research.com\\\/#organization\"},\"potentialAction\":[{\"@type\":\"SearchAction\",\"target\":{\"@type\":\"EntryPoint\",\"urlTemplate\":\"https:\\\/\\\/spiritual-science-research.com\\\/?s={search_term_string}\"},\"query-input\":{\"@type\":\"PropertyValueSpecification\",\"valueRequired\":true,\"valueName\":\"search_term_string\"}}],\"inLanguage\":\"de-DE\"},{\"@type\":\"Organization\",\"@id\":\"https:\\\/\\\/spiritual-science-research.com\\\/#organization\",\"name\":\"Spiritual Science Research\",\"url\":\"https:\\\/\\\/spiritual-science-research.com\\\/\",\"logo\":{\"@type\":\"ImageObject\",\"inLanguage\":\"de-DE\",\"@id\":\"https:\\\/\\\/spiritual-science-research.com\\\/#\\\/schema\\\/logo\\\/image\\\/\",\"url\":\"https:\\\/\\\/spiritual-science-research.com\\\/wp-content\\\/uploads\\\/2023\\\/05\\\/Group-337.png\",\"contentUrl\":\"https:\\\/\\\/spiritual-science-research.com\\\/wp-content\\\/uploads\\\/2023\\\/05\\\/Group-337.png\",\"width\":400,\"height\":161,\"caption\":\"Spiritual Science Research\"},\"image\":{\"@id\":\"https:\\\/\\\/spiritual-science-research.com\\\/#\\\/schema\\\/logo\\\/image\\\/\"}}]}<\/script>\n<!-- \/ Yoast SEO plugin. -->","yoast_head_json":{"title":"Das Johannes Evangelium Studium - Spiritual Science Research","robots":{"index":"index","follow":"follow","max-snippet":"max-snippet:-1","max-image-preview":"max-image-preview:large","max-video-preview":"max-video-preview:-1"},"canonical":"https:\/\/spiritual-science-research.com\/gospel-of-john-study\/","og_locale":"de_DE","og_type":"article","og_title":"Das Johannes Evangelium Studium - Spiritual Science Research","og_url":"https:\/\/spiritual-science-research.com\/gospel-of-john-study\/","og_site_name":"Spiritual Science Research","article_modified_time":"2026-02-06T18:41:01+00:00","og_image":[{"width":1024,"height":607,"url":"https:\/\/spiritual-science-research.com\/wp-content\/uploads\/2024\/12\/Prolog-EN-1-1024x607.png","type":"image\/png"}],"twitter_card":"summary_large_image","twitter_misc":{"Est. reading time":"3 minutes"},"schema":{"@context":"https:\/\/schema.org","@graph":[{"@type":"WebPage","@id":"https:\/\/spiritual-science-research.com\/gospel-of-john-study\/","url":"https:\/\/spiritual-science-research.com\/gospel-of-john-study\/","name":"Das Johannes Evangelium Studium - Spiritual Science Research","isPartOf":{"@id":"https:\/\/spiritual-science-research.com\/#website"},"primaryImageOfPage":{"@id":"https:\/\/spiritual-science-research.com\/gospel-of-john-study\/#primaryimage"},"image":{"@id":"https:\/\/spiritual-science-research.com\/gospel-of-john-study\/#primaryimage"},"thumbnailUrl":"https:\/\/spiritual-science-research.com\/wp-content\/uploads\/2024\/12\/Prolog-EN-1-1024x607.png","datePublished":"2023-01-18T17:54:45+00:00","dateModified":"2026-02-06T18:41:01+00:00","description":"% % {:en} \u221e \u221e \u221e The Gospel of John. Prologue 1 In the very beginning was the Word, and the Word was with God, and the Word was a divine Being. 2 He was in the % %","breadcrumb":{"@id":"https:\/\/spiritual-science-research.com\/gospel-of-john-study\/#breadcrumb"},"inLanguage":"de-DE","potentialAction":[{"@type":"ReadAction","target":["https:\/\/spiritual-science-research.com\/gospel-of-john-study\/"]}]},{"@type":"ImageObject","inLanguage":"de-DE","@id":"https:\/\/spiritual-science-research.com\/gospel-of-john-study\/#primaryimage","url":"https:\/\/spiritual-science-research.com\/wp-content\/uploads\/2024\/12\/Prolog-EN-1-1024x607.png","contentUrl":"https:\/\/spiritual-science-research.com\/wp-content\/uploads\/2024\/12\/Prolog-EN-1-1024x607.png"},{"@type":"BreadcrumbList","@id":"https:\/\/spiritual-science-research.com\/gospel-of-john-study\/#breadcrumb","itemListElement":[{"@type":"ListItem","position":1,"name":"Home","item":"https:\/\/spiritual-science-research.com\/"},{"@type":"ListItem","position":2,"name":"The Gospel of John study"}]},{"@type":"WebSite","@id":"https:\/\/spiritual-science-research.com\/#website","url":"https:\/\/spiritual-science-research.com\/","name":"Spiritual Science Research","description":"Learning by doing","publisher":{"@id":"https:\/\/spiritual-science-research.com\/#organization"},"potentialAction":[{"@type":"SearchAction","target":{"@type":"EntryPoint","urlTemplate":"https:\/\/spiritual-science-research.com\/?s={search_term_string}"},"query-input":{"@type":"PropertyValueSpecification","valueRequired":true,"valueName":"search_term_string"}}],"inLanguage":"de-DE"},{"@type":"Organization","@id":"https:\/\/spiritual-science-research.com\/#organization","name":"Spiritual Science Research","url":"https:\/\/spiritual-science-research.com\/","logo":{"@type":"ImageObject","inLanguage":"de-DE","@id":"https:\/\/spiritual-science-research.com\/#\/schema\/logo\/image\/","url":"https:\/\/spiritual-science-research.com\/wp-content\/uploads\/2023\/05\/Group-337.png","contentUrl":"https:\/\/spiritual-science-research.com\/wp-content\/uploads\/2023\/05\/Group-337.png","width":400,"height":161,"caption":"Spiritual Science Research"},"image":{"@id":"https:\/\/spiritual-science-research.com\/#\/schema\/logo\/image\/"}}]}},"_links":{"self":[{"href":"https:\/\/spiritual-science-research.com\/de\/wp-json\/wp\/v2\/pages\/208","targetHints":{"allow":["GET"]}}],"collection":[{"href":"https:\/\/spiritual-science-research.com\/de\/wp-json\/wp\/v2\/pages"}],"about":[{"href":"https:\/\/spiritual-science-research.com\/de\/wp-json\/wp\/v2\/types\/page"}],"author":[{"embeddable":true,"href":"https:\/\/spiritual-science-research.com\/de\/wp-json\/wp\/v2\/users\/2"}],"replies":[{"embeddable":true,"href":"https:\/\/spiritual-science-research.com\/de\/wp-json\/wp\/v2\/comments?post=208"}],"version-history":[{"count":43,"href":"https:\/\/spiritual-science-research.com\/de\/wp-json\/wp\/v2\/pages\/208\/revisions"}],"predecessor-version":[{"id":7700,"href":"https:\/\/spiritual-science-research.com\/de\/wp-json\/wp\/v2\/pages\/208\/revisions\/7700"}],"wp:attachment":[{"href":"https:\/\/spiritual-science-research.com\/de\/wp-json\/wp\/v2\/media?parent=208"}],"curies":[{"name":"wp","href":"https:\/\/api.w.org\/{rel}","templated":true}]}}