{"id":204,"date":"2023-01-18T17:54:02","date_gmt":"2023-01-18T17:54:02","guid":{"rendered":"http:\/\/spiritual-science-research.com\/?page_id=204"},"modified":"2025-03-25T17:44:09","modified_gmt":"2025-03-25T17:44:09","slug":"consultancy","status":"publish","type":"page","link":"https:\/\/spiritual-science-research.com\/de\/consultancy\/","title":{"rendered":"Beratung"},"content":{"rendered":"\n<p>Auf dieser Seite k\u00f6nnen Sie einen Termin f\u00fcr ein pers\u00f6nliches Gespr\u00e4ch oder f\u00fcr eine Forschung mit Inessa Burdich buchen:<\/p>\n\n\n\n<p><\/p>\n\n\n\n<figure class=\"wp-block-embed is-type-wp-embed is-provider-spiritual-science-research wp-block-embed-spiritual-science-research\"><div class=\"wp-block-embed__wrapper\">\nhttps:\/\/spiritual-science-research.com\/de\/calendly\/\n<\/div><\/figure>\n\n\n\n<p><\/p>\n\n\n\n<p>\u221e \u221e \u221e<\/p>\n\n\n\n<p>Die Geisteswissenschaft und der praktische anthroposophische Entwicklungsweg erm\u00f6glichen eine differenzierte seelisch-geistige Erkenntnis und Wahrnehmung der nicht-physischen Ebenen.<\/p>\n\n\n\n<p>Dadurch k\u00f6nnen neue M\u00f6glichkeiten der \u00fcbersinnlichen Harmonisierung weiter erforscht werden.<\/p>\n\n\n\n<p>Einer der entscheidenden Aspekte des Weges ist, dass wir uns &#8220;von innen&#8221; harmonisieren und heilen. Dies ist die Basis, das Fundament f\u00fcr alle Heilungsprozesse. Und wir alle k\u00f6nnen diesen Weg der Selbstentfaltung gehen und uns selbst helfen.<\/p>\n\n\n\n<p>Gleichzeitig kann in manchen F\u00e4llen eine gewisse Unterst\u00fctzung in diesem Prozess hilfreich sein.<\/p>\n\n\n\n<p>Diese Unterst\u00fctzung kann f\u00fcr eine Einzelperson oder f\u00fcr ein Paar \/ eine Familie \/ eine Organisation sein.<\/p>\n\n\n\n<figure class=\"wp-block-image size-large\"><img loading=\"lazy\" decoding=\"async\" width=\"1024\" height=\"320\" src=\"https:\/\/spiritual-science-research.com\/wp-content\/uploads\/2023\/07\/Library-1-2-1024x320.png\" alt=\"\" class=\"wp-image-2313\" srcset=\"https:\/\/spiritual-science-research.com\/wp-content\/uploads\/2023\/07\/Library-1-2-1024x320.png 1024w, https:\/\/spiritual-science-research.com\/wp-content\/uploads\/2023\/07\/Library-1-2-300x94.png 300w, https:\/\/spiritual-science-research.com\/wp-content\/uploads\/2023\/07\/Library-1-2-768x240.png 768w, https:\/\/spiritual-science-research.com\/wp-content\/uploads\/2023\/07\/Library-1-2.png 1280w\" sizes=\"auto, (max-width: 1024px) 100vw, 1024px\" \/><figcaption class=\"wp-element-caption\">Temple Lodge, London<\/figcaption><\/figure>\n\n\n\n<p>\u221e \u221e \u221e<\/p>\n\n\n\n<h2 class=\"wp-block-heading\"><strong>Private Beratungen<\/strong><\/h2>\n\n\n\n<p>Um den Umfang der m\u00f6glichen individuellen Arbeit zu umrei\u00dfen, lassen Sie uns zu Beginn folgendes betrachten.<\/p>\n\n\n\n<p>In der Aura eines jeden Menschen gibt es 16 \u00fcbersinnliche Hauptteile (K\u00f6rper) und zus\u00e4tzlich 9 unterirdische Aspekte.<\/p>\n\n\n\n<p>Jeder chemische Stoff, jedes Medikament, jede Impfung, jede Droge, jede Sucht usw. ist ein \u00fcbersinnliches Wesen.<\/p>\n\n\n\n<p>In der Aura eines Menschen sind also Verunreinigungen durch all diese Wesenheiten auf allen 25 Ebenen zu erwarten.<\/p>\n\n\n\n<p>Au\u00dferdem m\u00fcssen wir mit allen ungel\u00f6sten Karmas oder biographischen Blockaden arbeiten.<\/p>\n\n\n\n<p>Und nat\u00fcrlich schauen wir nicht nur auf die Vergangenheit, sondern auch auf die Zukunft! Wir k\u00f6nnen die Arbeit weiter entwickeln:<\/p>\n\n\n\n<ul class=\"wp-block-list\">\n<li>Absolute innere Stille;<\/li>\n\n\n\n<li>Selbstbeherrschung;<\/li>\n\n\n\n<li>Gleichmut;<\/li>\n\n\n\n<li>Vergebung;<\/li>\n\n\n\n<li>Hingabe, Ehrfurcht, Ehrfurcht;<\/li>\n\n\n\n<li>Chakren,<\/li>\n\n\n\n<li>Ich-Manifestation;<\/li>\n\n\n\n<li>Reflektierende Arbeit;<\/li>\n\n\n\n<li>Transformative Arbeit an negativen Emotionen;<\/li>\n\n\n\n<li>Unterscheidung zwischen dem Wesentlichen und dem Unwesentlichen&#8221;;<\/li>\n\n\n\n<li>T\u00e4gliche Meditation<\/li>\n\n\n\n<li>andere Qualit\u00e4ten und Aspekte.<\/li>\n<\/ul>\n\n\n\n<p>\u221e \u221e \u221e<\/p>\n\n\n\n<h2 class=\"wp-block-heading\"><strong>Beratung f\u00fcr Paare, Familien, Organisationen<\/strong><\/h2>\n\n\n\n<p>Es handelt sich um eine vielschichtige und ganz individuelle Forschung, die ganz von der Hauptfrage der Organisation abh\u00e4ngt.<\/p>\n\n\n\n<p>Eine solche Untersuchung umfasst oft die Untersuchung eines Engels eines Unternehmens und ein \u00fcbergreifendes Audit eines Ortes.<\/p>\n\n\n\n<p>Zum Beispiel ein Audit des Ortes und der unterirdischen Ebenen, wo sich eine Schule, ein Krankenhaus, eine Produktionsst\u00e4tte, eine Anlage und ein Ger\u00e4t befinden, mit anschlie\u00dfender Harmonisierung, falls erforderlich.<\/p>\n\n\n\n<p>Wo soll eine neue Schule\/B\u00fcro\/Klinik gebaut werden? &#8211; Suche nach einem Ort.<\/p>\n\n\n\n<p>Was sind die \u00fcbergeordneten Gr\u00fcnde f\u00fcr die derzeitigen Probleme in bestehenden Geb\u00e4uden und wie kann die Situation verbessert werden?<\/p>\n\n\n\n<p>Welche Arbeiten sind erforderlich?<\/p>\n\n\n\n<p>Wie fusioniert man am besten mehrere Unternehmen?<\/p>\n\n\n\n<p>Gibt es etwas zu beachten?<\/p>\n\n\n\n<p>Warum werden die Schlafqualit\u00e4ten der Tochter\/Mutter\/Familie im neu gekauften Haus schlechter?<\/p>\n\n\n\n<p>Welche Ratschl\u00e4ge haben Sie bez\u00fcglich eines m\u00f6glichen Umzugs von Schule\/B\u00fcro\/Ausr\u00fcstung\/Produktion?<\/p>\n","protected":false},"excerpt":{"rendered":"<p>Auf dieser Seite k\u00f6nnen Sie einen Termin f\u00fcr ein pers\u00f6nliches Gespr\u00e4ch oder f\u00fcr eine Forschung mit Inessa Burdich buchen: \u221e \u221e \u221e Die Geisteswissenschaft und der praktische anthroposophische Entwicklungsweg erm\u00f6glichen eine differenzierte seelisch-geistige Erkenntnis und Wahrnehmung der nicht-physischen Ebenen. Dadurch k\u00f6nnen neue M\u00f6glichkeiten der \u00fcbersinnlichen Harmonisierung weiter erforscht werden. Einer der entscheidenden Aspekte des Weges [&hellip;]<\/p>\n","protected":false},"author":2,"featured_media":0,"parent":0,"menu_order":0,"comment_status":"closed","ping_status":"closed","template":"","meta":{"footnotes":""},"class_list":["post-204","page","type-page","status-publish","hentry"],"translation":{"provider":"WPGlobus","version":"3.0.2","language":"de","enabled_languages":["en","de"],"languages":{"en":{"title":true,"content":true,"excerpt":false},"de":{"title":true,"content":true,"excerpt":false}}},"yoast_head":"<!-- This site is optimized with the Yoast SEO plugin v27.3 - https:\/\/yoast.com\/product\/yoast-seo-wordpress\/ -->\n<title>Beratung - Spiritual Science Research<\/title>\n<meta name=\"robots\" content=\"index, follow, max-snippet:-1, max-image-preview:large, max-video-preview:-1\" \/>\n<link rel=\"canonical\" href=\"https:\/\/spiritual-science-research.com\/consultancy\/\" \/>\n<meta property=\"og:locale\" content=\"de_DE\" \/>\n<meta property=\"og:type\" content=\"article\" \/>\n<meta property=\"og:title\" content=\"Beratung - Spiritual Science Research\" \/>\n<meta property=\"og:url\" content=\"https:\/\/spiritual-science-research.com\/consultancy\/\" \/>\n<meta property=\"og:site_name\" content=\"Spiritual Science Research\" \/>\n<meta property=\"article:modified_time\" content=\"2025-03-25T17:44:09+00:00\" \/>\n<meta property=\"og:image\" content=\"https:\/\/spiritual-science-research.com\/wp-content\/uploads\/2023\/07\/Library-1-1-1024x320.png\" \/>\n<meta name=\"twitter:card\" content=\"summary_large_image\" \/>\n<meta name=\"twitter:label1\" content=\"Est. reading time\" \/>\n\t<meta name=\"twitter:data1\" content=\"2 minutes\" \/>\n<script type=\"application\/ld+json\" class=\"yoast-schema-graph\">{\"@context\":\"https:\\\/\\\/schema.org\",\"@graph\":[{\"@type\":\"WebPage\",\"@id\":\"https:\\\/\\\/spiritual-science-research.com\\\/consultancy\\\/\",\"url\":\"https:\\\/\\\/spiritual-science-research.com\\\/consultancy\\\/\",\"name\":\"Beratung - Spiritual Science Research\",\"isPartOf\":{\"@id\":\"https:\\\/\\\/spiritual-science-research.com\\\/#website\"},\"primaryImageOfPage\":{\"@id\":\"https:\\\/\\\/spiritual-science-research.com\\\/consultancy\\\/#primaryimage\"},\"image\":{\"@id\":\"https:\\\/\\\/spiritual-science-research.com\\\/consultancy\\\/#primaryimage\"},\"thumbnailUrl\":\"https:\\\/\\\/spiritual-science-research.com\\\/wp-content\\\/uploads\\\/2023\\\/07\\\/Library-1-1-1024x320.png\",\"datePublished\":\"2023-01-18T17:54:02+00:00\",\"dateModified\":\"2025-03-25T17:44:09+00:00\",\"description\":\"Therapeutic consultancy, based on the anthroposophical principals, for individuals, couples, families, organisations with Inessa Burdich\",\"breadcrumb\":{\"@id\":\"https:\\\/\\\/spiritual-science-research.com\\\/consultancy\\\/#breadcrumb\"},\"inLanguage\":\"de-DE\",\"potentialAction\":[{\"@type\":\"ReadAction\",\"target\":[\"https:\\\/\\\/spiritual-science-research.com\\\/consultancy\\\/\"]}]},{\"@type\":\"ImageObject\",\"inLanguage\":\"de-DE\",\"@id\":\"https:\\\/\\\/spiritual-science-research.com\\\/consultancy\\\/#primaryimage\",\"url\":\"https:\\\/\\\/spiritual-science-research.com\\\/wp-content\\\/uploads\\\/2023\\\/07\\\/Library-1-1-1024x320.png\",\"contentUrl\":\"https:\\\/\\\/spiritual-science-research.com\\\/wp-content\\\/uploads\\\/2023\\\/07\\\/Library-1-1-1024x320.png\"},{\"@type\":\"BreadcrumbList\",\"@id\":\"https:\\\/\\\/spiritual-science-research.com\\\/consultancy\\\/#breadcrumb\",\"itemListElement\":[{\"@type\":\"ListItem\",\"position\":1,\"name\":\"Home\",\"item\":\"https:\\\/\\\/spiritual-science-research.com\\\/\"},{\"@type\":\"ListItem\",\"position\":2,\"name\":\"Consultancy\"}]},{\"@type\":\"WebSite\",\"@id\":\"https:\\\/\\\/spiritual-science-research.com\\\/#website\",\"url\":\"https:\\\/\\\/spiritual-science-research.com\\\/\",\"name\":\"Spiritual Science Research\",\"description\":\"Learning by doing\",\"publisher\":{\"@id\":\"https:\\\/\\\/spiritual-science-research.com\\\/#organization\"},\"potentialAction\":[{\"@type\":\"SearchAction\",\"target\":{\"@type\":\"EntryPoint\",\"urlTemplate\":\"https:\\\/\\\/spiritual-science-research.com\\\/?s={search_term_string}\"},\"query-input\":{\"@type\":\"PropertyValueSpecification\",\"valueRequired\":true,\"valueName\":\"search_term_string\"}}],\"inLanguage\":\"de-DE\"},{\"@type\":\"Organization\",\"@id\":\"https:\\\/\\\/spiritual-science-research.com\\\/#organization\",\"name\":\"Spiritual Science Research\",\"url\":\"https:\\\/\\\/spiritual-science-research.com\\\/\",\"logo\":{\"@type\":\"ImageObject\",\"inLanguage\":\"de-DE\",\"@id\":\"https:\\\/\\\/spiritual-science-research.com\\\/#\\\/schema\\\/logo\\\/image\\\/\",\"url\":\"https:\\\/\\\/spiritual-science-research.com\\\/wp-content\\\/uploads\\\/2023\\\/05\\\/Group-337.png\",\"contentUrl\":\"https:\\\/\\\/spiritual-science-research.com\\\/wp-content\\\/uploads\\\/2023\\\/05\\\/Group-337.png\",\"width\":400,\"height\":161,\"caption\":\"Spiritual Science Research\"},\"image\":{\"@id\":\"https:\\\/\\\/spiritual-science-research.com\\\/#\\\/schema\\\/logo\\\/image\\\/\"}}]}<\/script>\n<!-- \/ Yoast SEO plugin. -->","yoast_head_json":{"title":"Beratung - Spiritual Science Research","robots":{"index":"index","follow":"follow","max-snippet":"max-snippet:-1","max-image-preview":"max-image-preview:large","max-video-preview":"max-video-preview:-1"},"canonical":"https:\/\/spiritual-science-research.com\/consultancy\/","og_locale":"de_DE","og_type":"article","og_title":"Beratung - Spiritual Science Research","og_url":"https:\/\/spiritual-science-research.com\/consultancy\/","og_site_name":"Spiritual Science Research","article_modified_time":"2025-03-25T17:44:09+00:00","og_image":[{"url":"https:\/\/spiritual-science-research.com\/wp-content\/uploads\/2023\/07\/Library-1-1-1024x320.png","type":"","width":"","height":""}],"twitter_card":"summary_large_image","twitter_misc":{"Est. reading time":"2 minutes"},"schema":{"@context":"https:\/\/schema.org","@graph":[{"@type":"WebPage","@id":"https:\/\/spiritual-science-research.com\/consultancy\/","url":"https:\/\/spiritual-science-research.com\/consultancy\/","name":"Beratung - Spiritual Science Research","isPartOf":{"@id":"https:\/\/spiritual-science-research.com\/#website"},"primaryImageOfPage":{"@id":"https:\/\/spiritual-science-research.com\/consultancy\/#primaryimage"},"image":{"@id":"https:\/\/spiritual-science-research.com\/consultancy\/#primaryimage"},"thumbnailUrl":"https:\/\/spiritual-science-research.com\/wp-content\/uploads\/2023\/07\/Library-1-1-1024x320.png","datePublished":"2023-01-18T17:54:02+00:00","dateModified":"2025-03-25T17:44:09+00:00","description":"Therapeutic consultancy, based on the anthroposophical principals, for individuals, couples, families, organisations with Inessa Burdich","breadcrumb":{"@id":"https:\/\/spiritual-science-research.com\/consultancy\/#breadcrumb"},"inLanguage":"de-DE","potentialAction":[{"@type":"ReadAction","target":["https:\/\/spiritual-science-research.com\/consultancy\/"]}]},{"@type":"ImageObject","inLanguage":"de-DE","@id":"https:\/\/spiritual-science-research.com\/consultancy\/#primaryimage","url":"https:\/\/spiritual-science-research.com\/wp-content\/uploads\/2023\/07\/Library-1-1-1024x320.png","contentUrl":"https:\/\/spiritual-science-research.com\/wp-content\/uploads\/2023\/07\/Library-1-1-1024x320.png"},{"@type":"BreadcrumbList","@id":"https:\/\/spiritual-science-research.com\/consultancy\/#breadcrumb","itemListElement":[{"@type":"ListItem","position":1,"name":"Home","item":"https:\/\/spiritual-science-research.com\/"},{"@type":"ListItem","position":2,"name":"Consultancy"}]},{"@type":"WebSite","@id":"https:\/\/spiritual-science-research.com\/#website","url":"https:\/\/spiritual-science-research.com\/","name":"Spiritual Science Research","description":"Learning by doing","publisher":{"@id":"https:\/\/spiritual-science-research.com\/#organization"},"potentialAction":[{"@type":"SearchAction","target":{"@type":"EntryPoint","urlTemplate":"https:\/\/spiritual-science-research.com\/?s={search_term_string}"},"query-input":{"@type":"PropertyValueSpecification","valueRequired":true,"valueName":"search_term_string"}}],"inLanguage":"de-DE"},{"@type":"Organization","@id":"https:\/\/spiritual-science-research.com\/#organization","name":"Spiritual Science Research","url":"https:\/\/spiritual-science-research.com\/","logo":{"@type":"ImageObject","inLanguage":"de-DE","@id":"https:\/\/spiritual-science-research.com\/#\/schema\/logo\/image\/","url":"https:\/\/spiritual-science-research.com\/wp-content\/uploads\/2023\/05\/Group-337.png","contentUrl":"https:\/\/spiritual-science-research.com\/wp-content\/uploads\/2023\/05\/Group-337.png","width":400,"height":161,"caption":"Spiritual Science Research"},"image":{"@id":"https:\/\/spiritual-science-research.com\/#\/schema\/logo\/image\/"}}]}},"_links":{"self":[{"href":"https:\/\/spiritual-science-research.com\/de\/wp-json\/wp\/v2\/pages\/204","targetHints":{"allow":["GET"]}}],"collection":[{"href":"https:\/\/spiritual-science-research.com\/de\/wp-json\/wp\/v2\/pages"}],"about":[{"href":"https:\/\/spiritual-science-research.com\/de\/wp-json\/wp\/v2\/types\/page"}],"author":[{"embeddable":true,"href":"https:\/\/spiritual-science-research.com\/de\/wp-json\/wp\/v2\/users\/2"}],"replies":[{"embeddable":true,"href":"https:\/\/spiritual-science-research.com\/de\/wp-json\/wp\/v2\/comments?post=204"}],"version-history":[{"count":31,"href":"https:\/\/spiritual-science-research.com\/de\/wp-json\/wp\/v2\/pages\/204\/revisions"}],"predecessor-version":[{"id":4841,"href":"https:\/\/spiritual-science-research.com\/de\/wp-json\/wp\/v2\/pages\/204\/revisions\/4841"}],"wp:attachment":[{"href":"https:\/\/spiritual-science-research.com\/de\/wp-json\/wp\/v2\/media?parent=204"}],"curies":[{"name":"wp","href":"https:\/\/api.w.org\/{rel}","templated":true}]}}