{"id":202,"date":"2023-01-18T17:53:18","date_gmt":"2023-01-18T17:53:18","guid":{"rendered":"http:\/\/spiritual-science-research.com\/?page_id=202"},"modified":"2024-05-11T17:04:48","modified_gmt":"2024-05-11T17:04:48","slug":"research","status":"publish","type":"page","link":"https:\/\/spiritual-science-research.com\/de\/research\/","title":{"rendered":"Forschung"},"content":{"rendered":"\n<p>Die wissenschaftliche Praxis der Anthroposophie basiert auf koh\u00e4renten und rigorosen Forschungsmethoden, die zu reproduzierbaren Ergebnissen in Bereichen wie Hom\u00f6opathie, pflanzliche Arzneimittel, Lebensmittelqualit\u00e4t und Eurythmie sowie den Auswirkungen von Maschinen und der \u00fcbersinnlichen Umwelt auf den Menschen f\u00fchren. Auch die Weiterentwicklung der Methoden und Schulung der \u00fcbersinnlichen Wahrnehmung ist ein wesentlicher Forschungsbereich.<\/p>\n\n\n\n<p>Die Forschung ist anwendbar bei der Beurteilung von qualitativen Prozessen, Produkten und Orten sowie qualitativen Ver\u00e4nderungen von Stoffen und Produkten im Produktions- und Herstellungsprozess. Es k\u00f6nnen Untersuchungen zu Fragen der Rohstoffe, der Prozessoptimierung und der Wirksamkeitsanalyse sowie zu spezifischen Fragen des Lebens- und Arbeitsumfeldes durchgef\u00fchrt werden.<\/p>\n\n\n\n<p>\u00dcbersetzt mit www.DeepL.com\/Translator (kostenlose Version)<\/p>\n","protected":false},"excerpt":{"rendered":"<p>Die wissenschaftliche Praxis der Anthroposophie basiert auf koh\u00e4renten und rigorosen Forschungsmethoden, die zu reproduzierbaren Ergebnissen in Bereichen wie Hom\u00f6opathie, pflanzliche Arzneimittel, Lebensmittelqualit\u00e4t und Eurythmie sowie den Auswirkungen von Maschinen und der \u00fcbersinnlichen Umwelt auf den Menschen f\u00fchren. Auch die Weiterentwicklung der Methoden und Schulung der \u00fcbersinnlichen Wahrnehmung ist ein wesentlicher Forschungsbereich. Die Forschung ist anwendbar [&hellip;]<\/p>\n","protected":false},"author":2,"featured_media":0,"parent":0,"menu_order":0,"comment_status":"closed","ping_status":"closed","template":"","meta":{"footnotes":""},"class_list":["post-202","page","type-page","status-publish","hentry"],"translation":{"provider":"WPGlobus","version":"3.0.2","language":"de","enabled_languages":["en","de"],"languages":{"en":{"title":true,"content":true,"excerpt":false},"de":{"title":true,"content":true,"excerpt":false}}},"yoast_head":"<!-- This site is optimized with the Yoast SEO plugin v27.5 - https:\/\/yoast.com\/product\/yoast-seo-wordpress\/ -->\n<title>Forschung - Spiritual Science Research<\/title>\n<meta name=\"robots\" content=\"index, follow, max-snippet:-1, max-image-preview:large, max-video-preview:-1\" \/>\n<link rel=\"canonical\" href=\"https:\/\/spiritual-science-research.com\/research\" \/>\n<meta property=\"og:locale\" content=\"de_DE\" \/>\n<meta property=\"og:type\" content=\"article\" \/>\n<meta property=\"og:title\" content=\"Forschung - Spiritual Science Research\" \/>\n<meta property=\"og:url\" content=\"https:\/\/spiritual-science-research.com\/research\" \/>\n<meta property=\"og:site_name\" content=\"Spiritual Science Research\" \/>\n<meta property=\"article:modified_time\" content=\"2024-05-11T17:04:48+00:00\" \/>\n<meta property=\"og:image\" content=\"https:\/\/spiritual-science-research.com\/wp-content\/uploads\/2023\/08\/Screenshot-2023-08-31-at-20.54.23-1.png\" \/>\n<meta name=\"twitter:card\" content=\"summary_large_image\" \/>\n<meta name=\"twitter:label1\" content=\"Est. reading time\" \/>\n\t<meta name=\"twitter:data1\" content=\"2 minutes\" \/>\n<script type=\"application\/ld+json\" class=\"yoast-schema-graph\">{\"@context\":\"https:\\\/\\\/schema.org\",\"@graph\":[{\"@type\":\"WebPage\",\"@id\":\"https:\\\/\\\/spiritual-science-research.com\\\/research\\\/\",\"url\":\"https:\\\/\\\/spiritual-science-research.com\\\/research\",\"name\":\"Forschung - Spiritual Science Research\",\"isPartOf\":{\"@id\":\"https:\\\/\\\/spiritual-science-research.com\\\/#website\"},\"primaryImageOfPage\":{\"@id\":\"https:\\\/\\\/spiritual-science-research.com\\\/research#primaryimage\"},\"image\":{\"@id\":\"https:\\\/\\\/spiritual-science-research.com\\\/research#primaryimage\"},\"thumbnailUrl\":\"https:\\\/\\\/spiritual-science-research.com\\\/wp-content\\\/uploads\\\/2023\\\/08\\\/Screenshot-2023-08-31-at-20.54.23-1.png\",\"datePublished\":\"2023-01-18T17:53:18+00:00\",\"dateModified\":\"2024-05-11T17:04:48+00:00\",\"description\":\"Research is a systematic investigation and creative work undertaken to increase, enrich knowledge and to deepen the methods of cognition. The scientific practice of Anthroposophy is based on coherent and rigorous research methods that lead to reproducible results.\",\"breadcrumb\":{\"@id\":\"https:\\\/\\\/spiritual-science-research.com\\\/research#breadcrumb\"},\"inLanguage\":\"de-DE\",\"potentialAction\":[{\"@type\":\"ReadAction\",\"target\":[\"https:\\\/\\\/spiritual-science-research.com\\\/research\"]}]},{\"@type\":\"ImageObject\",\"inLanguage\":\"de-DE\",\"@id\":\"https:\\\/\\\/spiritual-science-research.com\\\/research#primaryimage\",\"url\":\"https:\\\/\\\/spiritual-science-research.com\\\/wp-content\\\/uploads\\\/2023\\\/08\\\/Screenshot-2023-08-31-at-20.54.23-1.png\",\"contentUrl\":\"https:\\\/\\\/spiritual-science-research.com\\\/wp-content\\\/uploads\\\/2023\\\/08\\\/Screenshot-2023-08-31-at-20.54.23-1.png\"},{\"@type\":\"BreadcrumbList\",\"@id\":\"https:\\\/\\\/spiritual-science-research.com\\\/research#breadcrumb\",\"itemListElement\":[{\"@type\":\"ListItem\",\"position\":1,\"name\":\"Home\",\"item\":\"https:\\\/\\\/spiritual-science-research.com\\\/\"},{\"@type\":\"ListItem\",\"position\":2,\"name\":\"Research\"}]},{\"@type\":\"WebSite\",\"@id\":\"https:\\\/\\\/spiritual-science-research.com\\\/#website\",\"url\":\"https:\\\/\\\/spiritual-science-research.com\\\/\",\"name\":\"Spiritual Science Research\",\"description\":\"Learning by doing\",\"publisher\":{\"@id\":\"https:\\\/\\\/spiritual-science-research.com\\\/#organization\"},\"potentialAction\":[{\"@type\":\"SearchAction\",\"target\":{\"@type\":\"EntryPoint\",\"urlTemplate\":\"https:\\\/\\\/spiritual-science-research.com\\\/?s={search_term_string}\"},\"query-input\":{\"@type\":\"PropertyValueSpecification\",\"valueRequired\":true,\"valueName\":\"search_term_string\"}}],\"inLanguage\":\"de-DE\"},{\"@type\":\"Organization\",\"@id\":\"https:\\\/\\\/spiritual-science-research.com\\\/#organization\",\"name\":\"Spiritual Science Research\",\"url\":\"https:\\\/\\\/spiritual-science-research.com\\\/\",\"logo\":{\"@type\":\"ImageObject\",\"inLanguage\":\"de-DE\",\"@id\":\"https:\\\/\\\/spiritual-science-research.com\\\/#\\\/schema\\\/logo\\\/image\\\/\",\"url\":\"https:\\\/\\\/spiritual-science-research.com\\\/wp-content\\\/uploads\\\/2023\\\/05\\\/Group-337.png\",\"contentUrl\":\"https:\\\/\\\/spiritual-science-research.com\\\/wp-content\\\/uploads\\\/2023\\\/05\\\/Group-337.png\",\"width\":400,\"height\":161,\"caption\":\"Spiritual Science Research\"},\"image\":{\"@id\":\"https:\\\/\\\/spiritual-science-research.com\\\/#\\\/schema\\\/logo\\\/image\\\/\"}}]}<\/script>\n<!-- \/ Yoast SEO plugin. -->","yoast_head_json":{"title":"Forschung - Spiritual Science Research","robots":{"index":"index","follow":"follow","max-snippet":"max-snippet:-1","max-image-preview":"max-image-preview:large","max-video-preview":"max-video-preview:-1"},"canonical":"https:\/\/spiritual-science-research.com\/research","og_locale":"de_DE","og_type":"article","og_title":"Forschung - Spiritual Science Research","og_url":"https:\/\/spiritual-science-research.com\/research","og_site_name":"Spiritual Science Research","article_modified_time":"2024-05-11T17:04:48+00:00","og_image":[{"url":"https:\/\/spiritual-science-research.com\/wp-content\/uploads\/2023\/08\/Screenshot-2023-08-31-at-20.54.23-1.png","type":"","width":"","height":""}],"twitter_card":"summary_large_image","twitter_misc":{"Est. reading time":"2 minutes"},"schema":{"@context":"https:\/\/schema.org","@graph":[{"@type":"WebPage","@id":"https:\/\/spiritual-science-research.com\/research\/","url":"https:\/\/spiritual-science-research.com\/research","name":"Forschung - Spiritual Science Research","isPartOf":{"@id":"https:\/\/spiritual-science-research.com\/#website"},"primaryImageOfPage":{"@id":"https:\/\/spiritual-science-research.com\/research#primaryimage"},"image":{"@id":"https:\/\/spiritual-science-research.com\/research#primaryimage"},"thumbnailUrl":"https:\/\/spiritual-science-research.com\/wp-content\/uploads\/2023\/08\/Screenshot-2023-08-31-at-20.54.23-1.png","datePublished":"2023-01-18T17:53:18+00:00","dateModified":"2024-05-11T17:04:48+00:00","description":"Research is a systematic investigation and creative work undertaken to increase, enrich knowledge and to deepen the methods of cognition. The scientific practice of Anthroposophy is based on coherent and rigorous research methods that lead to reproducible results.","breadcrumb":{"@id":"https:\/\/spiritual-science-research.com\/research#breadcrumb"},"inLanguage":"de-DE","potentialAction":[{"@type":"ReadAction","target":["https:\/\/spiritual-science-research.com\/research"]}]},{"@type":"ImageObject","inLanguage":"de-DE","@id":"https:\/\/spiritual-science-research.com\/research#primaryimage","url":"https:\/\/spiritual-science-research.com\/wp-content\/uploads\/2023\/08\/Screenshot-2023-08-31-at-20.54.23-1.png","contentUrl":"https:\/\/spiritual-science-research.com\/wp-content\/uploads\/2023\/08\/Screenshot-2023-08-31-at-20.54.23-1.png"},{"@type":"BreadcrumbList","@id":"https:\/\/spiritual-science-research.com\/research#breadcrumb","itemListElement":[{"@type":"ListItem","position":1,"name":"Home","item":"https:\/\/spiritual-science-research.com\/"},{"@type":"ListItem","position":2,"name":"Research"}]},{"@type":"WebSite","@id":"https:\/\/spiritual-science-research.com\/#website","url":"https:\/\/spiritual-science-research.com\/","name":"Spiritual Science Research","description":"Learning by doing","publisher":{"@id":"https:\/\/spiritual-science-research.com\/#organization"},"potentialAction":[{"@type":"SearchAction","target":{"@type":"EntryPoint","urlTemplate":"https:\/\/spiritual-science-research.com\/?s={search_term_string}"},"query-input":{"@type":"PropertyValueSpecification","valueRequired":true,"valueName":"search_term_string"}}],"inLanguage":"de-DE"},{"@type":"Organization","@id":"https:\/\/spiritual-science-research.com\/#organization","name":"Spiritual Science Research","url":"https:\/\/spiritual-science-research.com\/","logo":{"@type":"ImageObject","inLanguage":"de-DE","@id":"https:\/\/spiritual-science-research.com\/#\/schema\/logo\/image\/","url":"https:\/\/spiritual-science-research.com\/wp-content\/uploads\/2023\/05\/Group-337.png","contentUrl":"https:\/\/spiritual-science-research.com\/wp-content\/uploads\/2023\/05\/Group-337.png","width":400,"height":161,"caption":"Spiritual Science Research"},"image":{"@id":"https:\/\/spiritual-science-research.com\/#\/schema\/logo\/image\/"}}]}},"_links":{"self":[{"href":"https:\/\/spiritual-science-research.com\/de\/wp-json\/wp\/v2\/pages\/202","targetHints":{"allow":["GET"]}}],"collection":[{"href":"https:\/\/spiritual-science-research.com\/de\/wp-json\/wp\/v2\/pages"}],"about":[{"href":"https:\/\/spiritual-science-research.com\/de\/wp-json\/wp\/v2\/types\/page"}],"author":[{"embeddable":true,"href":"https:\/\/spiritual-science-research.com\/de\/wp-json\/wp\/v2\/users\/2"}],"replies":[{"embeddable":true,"href":"https:\/\/spiritual-science-research.com\/de\/wp-json\/wp\/v2\/comments?post=202"}],"version-history":[{"count":20,"href":"https:\/\/spiritual-science-research.com\/de\/wp-json\/wp\/v2\/pages\/202\/revisions"}],"predecessor-version":[{"id":3584,"href":"https:\/\/spiritual-science-research.com\/de\/wp-json\/wp\/v2\/pages\/202\/revisions\/3584"}],"wp:attachment":[{"href":"https:\/\/spiritual-science-research.com\/de\/wp-json\/wp\/v2\/media?parent=202"}],"curies":[{"name":"wp","href":"https:\/\/api.w.org\/{rel}","templated":true}]}}