{"id":1657,"date":"2023-05-24T07:18:11","date_gmt":"2023-05-24T07:18:11","guid":{"rendered":"https:\/\/spiritual-science-research.com\/?page_id=1657"},"modified":"2026-03-13T19:29:00","modified_gmt":"2026-03-13T19:29:00","slug":"list-of-activities-of-the-power-of-the-light-of-christ-initiative","status":"publish","type":"page","link":"https:\/\/spiritual-science-research.com\/de\/list-of-activities-of-the-power-of-the-light-of-christ-initiative\/","title":{"rendered":"Die Kraft des Christus-Lichtes Initiative &amp; Johannes-Evangelium-Studium"},"content":{"rendered":"\n<p>mit Inessa Burdich<\/p>\n\n\n\n<p>Die Initiative \u201eDie Kraft des Christus-Lichtes\u201c entstand zur Fr\u00fchlings-Tagundnachtgleiche 2020.<br>Das Ziel ist es, unsere Bem\u00fchungen zur Unterst\u00fctzung unseres Planeten, der Menschen und aller Wesen zu vereinen.<\/p>\n\n\n\n<p>Unsere Arbeit besteht darin, die Christus-Kr\u00e4fte und die michaelischen Heerscharen aus den kosmischen H\u00f6hen zu den Menschen, Wesen und zur Erde und sogar noch tiefer in die \u00fcbersinnlichen Unterebenen der Erde einzuladen.<\/p>\n\n\n\n<p>Die Initiative \u201eDie Kraft des Christus-Lichtes\u201d hat sich auf viele verschiedene L\u00e4nder und alle Kontinente ausgebreitet. Wir sind mittlerweile in sieben Sprachen aktiv. Unser Kreis spiritueller Freunde, die sich der Initiative angeschlossen haben, umfasst mittlerweile mehr als 540 Teilnehmer (Winter 2025).<\/p>\n\n\n\n<figure class=\"wp-block-image size-full is-resized\"><img loading=\"lazy\" decoding=\"async\" width=\"968\" height=\"980\" src=\"https:\/\/spiritual-science-research.com\/wp-content\/uploads\/2026\/01\/Rosicrucian.jpg\" alt=\"\" class=\"wp-image-7011\" style=\"width:664px;height:auto\" srcset=\"https:\/\/spiritual-science-research.com\/wp-content\/uploads\/2026\/01\/Rosicrucian.jpg 968w, https:\/\/spiritual-science-research.com\/wp-content\/uploads\/2026\/01\/Rosicrucian-296x300.jpg 296w, https:\/\/spiritual-science-research.com\/wp-content\/uploads\/2026\/01\/Rosicrucian-768x778.jpg 768w, https:\/\/spiritual-science-research.com\/wp-content\/uploads\/2026\/01\/Rosicrucian-100x100.jpg 100w\" sizes=\"auto, (max-width: 968px) 100vw, 968px\" \/><figcaption class=\"wp-element-caption\"><em>From The Secret Symbols of the Rosicrucians<\/em><\/figcaption><\/figure>\n\n\n\n<p id=\"block-85bf57fa-472e-49f5-bb87-cbd3158c55d0\">\u221e \u221e \u221e<\/p>\n\n\n\n<p id=\"block-ef72352f-b13a-44b9-b59b-af0f80ecc585\">Die Kraft des Lichtes von Christus auf Englisch \u2013&nbsp;&nbsp;<a href=\"\/christology-in-english\/\">The Power of the Light of Christ<\/a><\/p>\n\n\n\n<p>The Gospel of John study \u2013 in English\u00a0<a href=\"\/gospel-of-john-study\/\">here.<\/a><\/p>\n\n\n\n<p id=\"block-31cb42ab-163e-466e-abec-4c338259e022\">\u221e \u221e \u221e<\/p>\n\n\n\n<p id=\"block-4aeada2b-05be-409a-8d1c-6aab01fe1abc\">Die Kraft des Lichtes von Christus auf Deutsch \u2013&nbsp;<a href=\"\/christology-in-german\/\" target=\"_blank\" rel=\"noreferrer noopener\">Die Kraft des Lichtes von Christus<\/a><\/p>\n\n\n\n<p>Das Johannesevangelium auf Deutsch \u2013\u00a0<a href=\"\/de\/gospel-of-john-study\/\">Das Johannes Evangelium Studium<\/a><\/p>\n\n\n\n<p id=\"block-cc58aae1-2e9f-43f1-99f2-5a96c3414526\">\u221e \u221e \u221e<\/p>\n\n\n\n<p id=\"block-9020e8fa-780c-4344-8b02-190f3159b55b\">Die Kraft des Lichtes von Christus auf Spanisch \u2013&nbsp;<a href=\"\/christology-in-spanish\/\" target=\"_blank\" rel=\"noreferrer noopener\">El Poder de la Luz de Cristo<\/a><\/p>\n\n\n\n<p>The Gospel of John study in Spanish \u2013\u00a0<a href=\"\/john-gospel-in-spanish\/\">El estudio del evangelio de Juan<\/a><br><\/p>\n\n\n\n<p id=\"block-b701bc5b-3e72-4143-b086-577c0705699d\">\u221e \u221e \u221e<\/p>\n\n\n\n<p id=\"block-94c4bb19-6126-4ca1-bf24-6fd4b74f909b\">Die Kraft des Lichtes von Christus auf Franz\u00f6sisch \u2013&nbsp;<a href=\"\/christology-in-french\/\" target=\"_blank\" rel=\"noreferrer noopener\">La Puissance de la Lumi\u00e8re du Christ<\/a><\/p>\n\n\n\n<p id=\"block-3dfcebde-9dd3-4fa4-833d-1644a44d19f3\">\u221e \u221e \u221e<\/p>\n\n\n\n<p id=\"block-73200c1c-d37f-47e7-a47e-b17265c70ba8\">Die Kraft des Lichtes von Christus auf Portugiesisch \u2013&nbsp;<a href=\"\/christology-in-portuguese\/\" target=\"_blank\" rel=\"noreferrer noopener\">O Poder da Luz de Cristo<\/a><\/p>\n\n\n\n<p id=\"block-9f3dc572-b413-4dd2-88b3-58a0c94c6d46\">\u221e \u221e \u221e<\/p>\n\n\n\n<p id=\"block-e5aec6ef-b69a-44b3-a5bb-346c87e8eaa0\">Die Kraft des Lichtes von Christus auf Bulgarisch \u2013&nbsp;<a href=\"\/christology-in-bulgarian\/\" target=\"_blank\" rel=\"noreferrer noopener\">\u0421\u0438\u043b\u0430\u0442\u0430 \u043d\u0430 \u0425\u0440\u0438\u0441\u0442\u043e\u0432\u0430\u0442\u0430 \u0421\u0432\u0435\u0442\u043b\u0438\u043d\u0430<\/a><\/p>\n\n\n\n<p id=\"block-beacc3f3-94f8-42be-a56e-671cf51f3eda\">\u221e \u221e \u221e<\/p>\n\n\n\n<p id=\"block-2253a309-3944-4e80-9b09-f581f33c7624\">Die Kraft des Lichtes von Christus auf Russisch \u2013&nbsp;<a href=\"\/christology-in-russian-2\/\" target=\"_blank\" rel=\"noreferrer noopener\">\u041c\u043e\u0449\u044c&nbsp;\u0421\u0432\u0435\u0442\u0430&nbsp;\u0425\u0440\u0438\u0441\u0442\u0430<\/a><\/p>\n\n\n\n<p>The Gospel of John study in Russian \u2013\u00a0<a href=\"\/john-gospel-in-russian\/\">\u0418\u0437\u0443\u0447\u0435\u043d\u0438\u0435 \u0415\u0432\u0430\u043d\u0433\u0435\u043b\u0438\u044f \u043e\u0442 \u0418\u043e\u0430\u043d\u043d\u0430<\/a><\/p>\n\n\n\n<p id=\"block-2549de99-80d2-4933-b43c-4ee0f940fe0b\">\u221e \u221e \u221e<\/p>\n\n\n\n<p id=\"block-a00eb75d-0356-45ce-b24b-1158d6644e01\">Fragen zur Christologie \u2013&nbsp;<a href=\"\/de\/the-power-of-the-light-of-christ-questions\/\" target=\"_blank\" rel=\"noreferrer noopener\">Fragen<\/a><\/p>\n\n\n\n<p id=\"block-29c1085a-90b6-4020-84b4-e8a595d9c2ad\">\u221e \u221e \u221e<\/p>\n\n\n\n<p id=\"block-f46b184a-e5ef-4caa-8c65-9ed2c1507eed\"><\/p>\n","protected":false},"excerpt":{"rendered":"<p>mit Inessa Burdich Die Initiative \u201eDie Kraft des Christus-Lichtes\u201c entstand zur Fr\u00fchlings-Tagundnachtgleiche 2020.Das Ziel ist es, unsere Bem\u00fchungen zur Unterst\u00fctzung unseres Planeten, der Menschen und aller Wesen zu vereinen. Unsere Arbeit besteht darin, die Christus-Kr\u00e4fte und die michaelischen Heerscharen aus den kosmischen H\u00f6hen zu den Menschen, Wesen und zur Erde und sogar noch tiefer in [&hellip;]<\/p>\n","protected":false},"author":2,"featured_media":0,"parent":0,"menu_order":0,"comment_status":"closed","ping_status":"closed","template":"","meta":{"footnotes":""},"class_list":["post-1657","page","type-page","status-publish","hentry"],"translation":{"provider":"WPGlobus","version":"3.0.2","language":"de","enabled_languages":["en","de"],"languages":{"en":{"title":true,"content":true,"excerpt":false},"de":{"title":true,"content":true,"excerpt":false}}},"yoast_head":"<!-- This site is optimized with the Yoast SEO plugin v27.5 - https:\/\/yoast.com\/product\/yoast-seo-wordpress\/ -->\n<title>Die Kraft des Christus-Lichtes Initiative &amp; Johannes-Evangelium-Studium - Spiritual Science Research<\/title>\n<meta name=\"robots\" content=\"index, follow, max-snippet:-1, max-image-preview:large, max-video-preview:-1\" \/>\n<link rel=\"canonical\" href=\"https:\/\/spiritual-science-research.com\/list-of-activities-of-the-power-of-the-light-of-christ-initiative\/\" \/>\n<meta property=\"og:locale\" content=\"de_DE\" \/>\n<meta property=\"og:type\" content=\"article\" \/>\n<meta property=\"og:title\" content=\"Die Kraft des Christus-Lichtes Initiative &amp; Johannes-Evangelium-Studium - Spiritual Science Research\" \/>\n<meta property=\"og:url\" content=\"https:\/\/spiritual-science-research.com\/list-of-activities-of-the-power-of-the-light-of-christ-initiative\/\" \/>\n<meta property=\"og:site_name\" content=\"Spiritual Science Research\" \/>\n<meta property=\"article:modified_time\" content=\"2026-03-13T19:29:00+00:00\" \/>\n<meta property=\"og:image\" content=\"https:\/\/spiritual-science-research.com\/wp-content\/uploads\/2026\/01\/Rosicrucian.jpg\" \/>\n\t<meta property=\"og:image:width\" content=\"968\" \/>\n\t<meta property=\"og:image:height\" content=\"980\" \/>\n\t<meta property=\"og:image:type\" content=\"image\/jpeg\" \/>\n<meta name=\"twitter:card\" content=\"summary_large_image\" \/>\n<meta name=\"twitter:label1\" content=\"Est. reading time\" \/>\n\t<meta name=\"twitter:data1\" content=\"2 minutes\" \/>\n<script type=\"application\/ld+json\" class=\"yoast-schema-graph\">{\"@context\":\"https:\\\/\\\/schema.org\",\"@graph\":[{\"@type\":\"WebPage\",\"@id\":\"https:\\\/\\\/spiritual-science-research.com\\\/list-of-activities-of-the-power-of-the-light-of-christ-initiative\\\/\",\"url\":\"https:\\\/\\\/spiritual-science-research.com\\\/list-of-activities-of-the-power-of-the-light-of-christ-initiative\\\/\",\"name\":\"Die Kraft des Christus-Lichtes Initiative &amp; Johannes-Evangelium-Studium - Spiritual Science Research\",\"isPartOf\":{\"@id\":\"https:\\\/\\\/spiritual-science-research.com\\\/#website\"},\"primaryImageOfPage\":{\"@id\":\"https:\\\/\\\/spiritual-science-research.com\\\/list-of-activities-of-the-power-of-the-light-of-christ-initiative\\\/#primaryimage\"},\"image\":{\"@id\":\"https:\\\/\\\/spiritual-science-research.com\\\/list-of-activities-of-the-power-of-the-light-of-christ-initiative\\\/#primaryimage\"},\"thumbnailUrl\":\"https:\\\/\\\/spiritual-science-research.com\\\/wp-content\\\/uploads\\\/2026\\\/01\\\/Rosicrucian.jpg\",\"datePublished\":\"2023-05-24T07:18:11+00:00\",\"dateModified\":\"2026-03-13T19:29:00+00:00\",\"description\":\"% % {:en} with Inessa Burdich The Power of the Light of Christ initiative came into existence at the spring equinox of 2020.The aim is to unite our efforts in % %\",\"breadcrumb\":{\"@id\":\"https:\\\/\\\/spiritual-science-research.com\\\/list-of-activities-of-the-power-of-the-light-of-christ-initiative\\\/#breadcrumb\"},\"inLanguage\":\"de-DE\",\"potentialAction\":[{\"@type\":\"ReadAction\",\"target\":[\"https:\\\/\\\/spiritual-science-research.com\\\/list-of-activities-of-the-power-of-the-light-of-christ-initiative\\\/\"]}]},{\"@type\":\"ImageObject\",\"inLanguage\":\"de-DE\",\"@id\":\"https:\\\/\\\/spiritual-science-research.com\\\/list-of-activities-of-the-power-of-the-light-of-christ-initiative\\\/#primaryimage\",\"url\":\"https:\\\/\\\/spiritual-science-research.com\\\/wp-content\\\/uploads\\\/2026\\\/01\\\/Rosicrucian.jpg\",\"contentUrl\":\"https:\\\/\\\/spiritual-science-research.com\\\/wp-content\\\/uploads\\\/2026\\\/01\\\/Rosicrucian.jpg\"},{\"@type\":\"BreadcrumbList\",\"@id\":\"https:\\\/\\\/spiritual-science-research.com\\\/list-of-activities-of-the-power-of-the-light-of-christ-initiative\\\/#breadcrumb\",\"itemListElement\":[{\"@type\":\"ListItem\",\"position\":1,\"name\":\"Home\",\"item\":\"https:\\\/\\\/spiritual-science-research.com\\\/\"},{\"@type\":\"ListItem\",\"position\":2,\"name\":\"The Power of the Light of Christ Initiative &amp; John Gospel Study\"}]},{\"@type\":\"WebSite\",\"@id\":\"https:\\\/\\\/spiritual-science-research.com\\\/#website\",\"url\":\"https:\\\/\\\/spiritual-science-research.com\\\/\",\"name\":\"Spiritual Science Research\",\"description\":\"Learning by doing\",\"publisher\":{\"@id\":\"https:\\\/\\\/spiritual-science-research.com\\\/#organization\"},\"potentialAction\":[{\"@type\":\"SearchAction\",\"target\":{\"@type\":\"EntryPoint\",\"urlTemplate\":\"https:\\\/\\\/spiritual-science-research.com\\\/?s={search_term_string}\"},\"query-input\":{\"@type\":\"PropertyValueSpecification\",\"valueRequired\":true,\"valueName\":\"search_term_string\"}}],\"inLanguage\":\"de-DE\"},{\"@type\":\"Organization\",\"@id\":\"https:\\\/\\\/spiritual-science-research.com\\\/#organization\",\"name\":\"Spiritual Science Research\",\"url\":\"https:\\\/\\\/spiritual-science-research.com\\\/\",\"logo\":{\"@type\":\"ImageObject\",\"inLanguage\":\"de-DE\",\"@id\":\"https:\\\/\\\/spiritual-science-research.com\\\/#\\\/schema\\\/logo\\\/image\\\/\",\"url\":\"https:\\\/\\\/spiritual-science-research.com\\\/wp-content\\\/uploads\\\/2023\\\/05\\\/Group-337.png\",\"contentUrl\":\"https:\\\/\\\/spiritual-science-research.com\\\/wp-content\\\/uploads\\\/2023\\\/05\\\/Group-337.png\",\"width\":400,\"height\":161,\"caption\":\"Spiritual Science Research\"},\"image\":{\"@id\":\"https:\\\/\\\/spiritual-science-research.com\\\/#\\\/schema\\\/logo\\\/image\\\/\"}}]}<\/script>\n<!-- \/ Yoast SEO plugin. -->","yoast_head_json":{"title":"Die Kraft des Christus-Lichtes Initiative &amp; Johannes-Evangelium-Studium - Spiritual Science Research","robots":{"index":"index","follow":"follow","max-snippet":"max-snippet:-1","max-image-preview":"max-image-preview:large","max-video-preview":"max-video-preview:-1"},"canonical":"https:\/\/spiritual-science-research.com\/list-of-activities-of-the-power-of-the-light-of-christ-initiative\/","og_locale":"de_DE","og_type":"article","og_title":"Die Kraft des Christus-Lichtes Initiative &amp; Johannes-Evangelium-Studium - Spiritual Science Research","og_url":"https:\/\/spiritual-science-research.com\/list-of-activities-of-the-power-of-the-light-of-christ-initiative\/","og_site_name":"Spiritual Science Research","article_modified_time":"2026-03-13T19:29:00+00:00","og_image":[{"width":968,"height":980,"url":"https:\/\/spiritual-science-research.com\/wp-content\/uploads\/2026\/01\/Rosicrucian.jpg","type":"image\/jpeg"}],"twitter_card":"summary_large_image","twitter_misc":{"Est. reading time":"2 minutes"},"schema":{"@context":"https:\/\/schema.org","@graph":[{"@type":"WebPage","@id":"https:\/\/spiritual-science-research.com\/list-of-activities-of-the-power-of-the-light-of-christ-initiative\/","url":"https:\/\/spiritual-science-research.com\/list-of-activities-of-the-power-of-the-light-of-christ-initiative\/","name":"Die Kraft des Christus-Lichtes Initiative &amp; Johannes-Evangelium-Studium - Spiritual Science Research","isPartOf":{"@id":"https:\/\/spiritual-science-research.com\/#website"},"primaryImageOfPage":{"@id":"https:\/\/spiritual-science-research.com\/list-of-activities-of-the-power-of-the-light-of-christ-initiative\/#primaryimage"},"image":{"@id":"https:\/\/spiritual-science-research.com\/list-of-activities-of-the-power-of-the-light-of-christ-initiative\/#primaryimage"},"thumbnailUrl":"https:\/\/spiritual-science-research.com\/wp-content\/uploads\/2026\/01\/Rosicrucian.jpg","datePublished":"2023-05-24T07:18:11+00:00","dateModified":"2026-03-13T19:29:00+00:00","description":"% % {:en} with Inessa Burdich The Power of the Light of Christ initiative came into existence at the spring equinox of 2020.The aim is to unite our efforts in % %","breadcrumb":{"@id":"https:\/\/spiritual-science-research.com\/list-of-activities-of-the-power-of-the-light-of-christ-initiative\/#breadcrumb"},"inLanguage":"de-DE","potentialAction":[{"@type":"ReadAction","target":["https:\/\/spiritual-science-research.com\/list-of-activities-of-the-power-of-the-light-of-christ-initiative\/"]}]},{"@type":"ImageObject","inLanguage":"de-DE","@id":"https:\/\/spiritual-science-research.com\/list-of-activities-of-the-power-of-the-light-of-christ-initiative\/#primaryimage","url":"https:\/\/spiritual-science-research.com\/wp-content\/uploads\/2026\/01\/Rosicrucian.jpg","contentUrl":"https:\/\/spiritual-science-research.com\/wp-content\/uploads\/2026\/01\/Rosicrucian.jpg"},{"@type":"BreadcrumbList","@id":"https:\/\/spiritual-science-research.com\/list-of-activities-of-the-power-of-the-light-of-christ-initiative\/#breadcrumb","itemListElement":[{"@type":"ListItem","position":1,"name":"Home","item":"https:\/\/spiritual-science-research.com\/"},{"@type":"ListItem","position":2,"name":"The Power of the Light of Christ Initiative &amp; John Gospel Study"}]},{"@type":"WebSite","@id":"https:\/\/spiritual-science-research.com\/#website","url":"https:\/\/spiritual-science-research.com\/","name":"Spiritual Science Research","description":"Learning by doing","publisher":{"@id":"https:\/\/spiritual-science-research.com\/#organization"},"potentialAction":[{"@type":"SearchAction","target":{"@type":"EntryPoint","urlTemplate":"https:\/\/spiritual-science-research.com\/?s={search_term_string}"},"query-input":{"@type":"PropertyValueSpecification","valueRequired":true,"valueName":"search_term_string"}}],"inLanguage":"de-DE"},{"@type":"Organization","@id":"https:\/\/spiritual-science-research.com\/#organization","name":"Spiritual Science Research","url":"https:\/\/spiritual-science-research.com\/","logo":{"@type":"ImageObject","inLanguage":"de-DE","@id":"https:\/\/spiritual-science-research.com\/#\/schema\/logo\/image\/","url":"https:\/\/spiritual-science-research.com\/wp-content\/uploads\/2023\/05\/Group-337.png","contentUrl":"https:\/\/spiritual-science-research.com\/wp-content\/uploads\/2023\/05\/Group-337.png","width":400,"height":161,"caption":"Spiritual Science Research"},"image":{"@id":"https:\/\/spiritual-science-research.com\/#\/schema\/logo\/image\/"}}]}},"_links":{"self":[{"href":"https:\/\/spiritual-science-research.com\/de\/wp-json\/wp\/v2\/pages\/1657","targetHints":{"allow":["GET"]}}],"collection":[{"href":"https:\/\/spiritual-science-research.com\/de\/wp-json\/wp\/v2\/pages"}],"about":[{"href":"https:\/\/spiritual-science-research.com\/de\/wp-json\/wp\/v2\/types\/page"}],"author":[{"embeddable":true,"href":"https:\/\/spiritual-science-research.com\/de\/wp-json\/wp\/v2\/users\/2"}],"replies":[{"embeddable":true,"href":"https:\/\/spiritual-science-research.com\/de\/wp-json\/wp\/v2\/comments?post=1657"}],"version-history":[{"count":57,"href":"https:\/\/spiritual-science-research.com\/de\/wp-json\/wp\/v2\/pages\/1657\/revisions"}],"predecessor-version":[{"id":7841,"href":"https:\/\/spiritual-science-research.com\/de\/wp-json\/wp\/v2\/pages\/1657\/revisions\/7841"}],"wp:attachment":[{"href":"https:\/\/spiritual-science-research.com\/de\/wp-json\/wp\/v2\/media?parent=1657"}],"curies":[{"name":"wp","href":"https:\/\/api.w.org\/{rel}","templated":true}]}}