{"id":161,"date":"2022-12-12T18:47:02","date_gmt":"2022-12-12T18:47:02","guid":{"rendered":"http:\/\/spiritual-science-research.com\/?page_id=161"},"modified":"2022-12-12T18:47:02","modified_gmt":"2022-12-12T18:47:02","slug":"feedback-in-german","status":"publish","type":"page","link":"https:\/\/spiritual-science-research.com\/de\/feedback-in-german\/","title":{"rendered":"Feedback in German"},"content":{"rendered":"\n<p>\u201eDer Kurs hat mir die M\u00f6glichkeit er\u00f6ffnet, auf meinem spirituellen Weg weiter vorran zu kommen. Durch die Mischung aus theoretischem Input und \u00dcbungen, sind mir viele Aussagen Rudolf Steiners begreifbarer geworden. Der Kurs hat mir meinen Einstieg in die Anthroposophie erleichtert. Er wird mich noch lange begleiten, denn durch die vereinfachte Darstellung und die Erkl\u00e4rungen und Erfahrungen deinerseits, Inessa, ist es mir m\u00f6glich Texte von Rudolf Steiner besser zu verstehen.<\/p>\n\n\n\n<p>Besonders aber habe ich durch die gute Struktur des Kurses und die klaren \u00dcbungsauftr\u00e4ge die M\u00f6glichkeit, Spiritualit\u00e4t in meinen Alltag zu integrieren. Ich wei\u00df, wof\u00fcr ich welche \u00dcbung mache und welchen Nutzen sie f\u00fcr meine geistige Entwicklung haben. Alles in allem hat der Kurs mir gibt mir die M\u00f6glichkeit, mich geistig und bewusst entwickeln zu k\u00f6nnen- parallel zu meinem Alltag.<\/p>\n\n\n\n<p>Besonders der letzte Part (leeres Bewusstsein und Kontrolle der Gedanken) war f\u00fcr mich erhellend.<\/p>\n\n\n\n<p>Die \u00dcbungen helfen mir, aus Gedankenkarussels auszusteigen, meine Willenskraft und damit mein \u201cIch\u201d zu st\u00e4rken. Aber auch die \u201cRuhe\u00fcbung\u201d und die Konzentration auf einen Gegenstand haben mir eine M\u00f6glichkeit er\u00f6ffnet mein \u201cIch\u201d durch praktische \u00dcbungen zu st\u00e4rken. Der Part mit der Musik hat mich zus\u00e4tzlich beeindruckt, ebenso wie die \u00dcbung, den \u00c4ther durch bewusste Bewegungen zu beleben. Schlie\u00dflich hat mir die \u00dcbung mit den Getr\u00e4nke geholfen zu verstehen, wie diese auf mein Denken wirken und nun kann ich mit diesem Wissen bewusster entscheiden, ob, wann und warum ich die Substanzen zu mir nehmen will.<\/p>\n\n\n\n<p>Die M\u00f6glichkeit, sich \u00fcber die eigenen Wahrnehmungen auszutauschen, habe ich als sehr wertvoll und auch als notwendig erachtet. Durch den Austausch, wurde mir klar, wie\/ ob ich objectiv genug war\/ wie unterschiedlich und zugleich \u00e4hnlich die Wahrnehmungen sein k\u00f6nnen.<\/p>\n\n\n\n<p>Besonders fiel mir auf, dass mit Fortlaufen des Kurses die Wahrnehmungen der Teilnehmer immer \u00e4hnlicher und klarer wurden- diesen Prozess zu sehen und auch bei mir zu erkennen, wie der Prozess des Forschens und Fragen stellens immer rutinierter wurde, hat mich mit tiefer Freude erf\u00fcllt.<\/p>\n\n\n\n<p>Zu sp\u00fcren, dass es ein \u201cNetz\u201d gibt, welches uns alle verbindet- egal wo wir uns befinden- hat mich tief gen\u00e4rrt und zaubert mir immer wieder ein L\u00e4cheln ins Gesicht, dass meine grunds\u00e4tzlichen Annahmen\/ mein Verst\u00e4ndnis von der Welt und das Gef\u00fchl von Wahrheit dar\u00fcber sich auch als solches entpuppt und sichtbar auf dem Papier und im Austausch wird. Zugleich hat der Austausch auch aufgezeigt, wo Unterschiede waren und wo ich selbst noch an mir arbeiten darf.<\/p>\n\n\n\n<p>Die Arbeit in der Gruppe hat mir gro\u00dfe Freude bereitet. All diese wunderbaren und neugierigen Menschen auf der ganzen Welt in unterschiedlichsten Lebenssituationen zu sehen und sich in den Meditationen auf das gleiche zu fokussieren hat mir den Einstieg erleichtert. Auch die Akzeptanz und Freundlichkeit und Hilfsbereitschaft der Menschen hat mich ber\u00fchrt. Im Austausch der Wahrnehmungen habe ich besonders die Arbeit in Kleingruppen als sehr produktiv empfunden. Davon h\u00e4tte es gerne mehr Sektionen geben k\u00f6nnen- so kommt jeder zum Zug und man hat eine kurze Zeit, um sich tiefgehender auszutauschen.<\/p>\n\n\n\n<p>\u201cLearning by doing \u2013 Absolut notwendig und die Basis f\u00fcr mich, um Leben in die Antroposophie zu bringen!<\/p>\n\n\n\n<p>Die gro\u00dfz\u00fcgigen und regelm\u00e4\u00dfigen Pausen habe ich als sehr angenehm empfunden und auch als notwendig, um genug Energie f\u00fcr die einzelnen Sektionen zu haben.<\/p>\n\n\n\n<p>Ich habe mich zu jederzeit gut in der Gruppe aufgehoben gef\u00fchlt. Deine herzliche, freundliche, erheiternde und klare Art, hat es mir erm\u00f6glicht, mich f\u00fcr keine Frage zu sch\u00e4men und hat zeitgleich Themengebiete, die zu weit gegangen w\u00e4ren ausgeklammert, um den Fokus auf den entscheidenden Dingen zu belassen.<\/p>\n\n\n\n<p>Ein gro\u00dfes Dankesch\u00f6n f\u00fcr deine Art und deine sehr gute und klare Gliederung und Organisation der einzelnen Einheiten!<\/p>\n\n\n\n<p>Au\u00dferdem gerne etwas mehr Austausch in Kleingruppen- das hat \u00fcber Zoom sehr gut funktioniert.<\/p>\n\n\n\n<p>Online \u2013 F\u00fcr mich sehr gut- wenngleich ich die \u00dcbungen nat\u00fcrlich auch gerne in einer Gruppe in Pr\u00e4senz gemacht habe. Die Pausen konnte ich zu Hause jedoch besser f\u00fcr mich selbst nutzen, als ich es evtl. vor Ort gekonnt h\u00e4tte.<\/p>\n\n\n\n<p>Inessa, von Herzen ein gro\u00dfes Dankesch\u00f6n!<\/p>\n\n\n\n<p>\u2026f\u00fcr die praktische Einleitung in die Antroposophie,<\/p>\n\n\n\n<p>\u2026 f\u00fcr deine Freude dar\u00fcber, dass Menschen sich interessieren,<\/p>\n\n\n\n<p>\u2026f\u00fcr die Kraft, die du investiertst, um Menschen Instrumente an die Hand zu geben, wie die Antroposophie gelebt werden kann in der heutigen Zeit,<\/p>\n\n\n\n<p>\u2026f\u00fcr die wohl ausgew\u00e4hlten Themen und gut vorbereiteten Einheiten,<\/p>\n\n\n\n<p>\u2026f\u00fcr deine ehrlichen Antworten,<\/p>\n\n\n\n<p>\u2026f\u00fcr deine bodenst\u00e4ndige und zugleich herzliche und pers\u00f6nliche Art,<\/p>\n\n\n\n<p>\u2026daf\u00fcr, dass ich aus jeder Einheit mit mehr Energie heraus- als hineingegangen bin,<\/p>\n\n\n\n<p>\u2026daf\u00fcr, dass ich mich allein durch die Teilnahme am Kurs so weiterentwickeln konnte, dass ich wichtige Entscheidungen besser treffen konnte- ja sogar Gedankenmuster sich ver\u00e4ndert haben,<\/p>\n\n\n\n<p>\u2026f\u00fcr das Handwerkszeug, dass ich nun habe und mit welchem ich meinen weiteren geistigen Weg beschreiten und formen kann. Jetzt bin ich eine Bildhauerin, die endlich Arbeitsutensilien bekommen hat und die Statue nicht mehr nur durch streicheln bearbeitet, sondern diese gezielt mit Hammer und Mei\u00dfel formen kann. \ud83d\ude09<\/p>\n\n\n\n<p>Ein Dankesch\u00f6n von Herzen! Ahoi!\u201c<\/p>\n\n\n\n<p>Marina, 27, Detmold, Deutschland<br>\u221e \u221e \u221e<\/p>\n\n\n\n<p>\u221e \u221e \u221e<\/p>\n\n\n\n<p>\u201eIch konnte aus den Kursen sehr viel Mitnehmen, sowohl prinzipielles, als auch Zusammenh\u00e4nge, die sichtbar wurden.<\/p>\n\n\n\n<p>Du gibst dein Wissen auf eine sehr detaillierte und logische Weise weiter, und ich staune immer wieder dar\u00fcber, wie du diese, doch f\u00fcr viele \u201cunsichtbare Welt\u201d, so intensiv erfahrbar machst!<\/p>\n\n\n\n<p>In meinen Augen schaffst du es etwas zum Vorschein zu bringen, von dem wir zwar immer umgeben sind, das aber ausserhalb unseres Bewusstseinsfeldes ist.<\/p>\n\n\n\n<p>Mich ber\u00fchrt besonders der Ausgleich zwischen \u201cwissenschaftlicher N\u00fcchternheit\u201d und der liebevollen Art, mit der du dieser geistigen Welt mit ihren Bewohnern begegnest.<\/p>\n\n\n\n<p>Ich habe bemerkt, dass ich mich dieser Welt immer noch verschliesse, obwohl ich zeitweise sehr tief in sie eintauche, und gerade dieser respekt- und liebevolle Umgang, den ich bei dir sehe, hilft mir mutiger zu sein.<\/p>\n\n\n\n<p>Die Pr\u00e4sentation, die \u00dcbungen und die Arbeit mit den Farben und den Seelenbewegungen finde ich fantastisch!<\/p>\n\n\n\n<p>Den Lernstoff empfinde ich als recht intensiv, abwechslungsreich, vielseitig und spannend.<\/p>\n\n\n\n<p>Dass der Kurs Online stattfindet ist f\u00fcr mich pers\u00f6nlich ein Segen, denn ich h\u00e4tte mich sonst vermutlich nicht angemeldet. Vielleicht ist es sogar angenehmer, da ich meine Wahrnehmung in einer gewohnten Umgebung trainieren kann und somit nicht st\u00e4ndig von ungewohnten Ger\u00e4uschen und Stimmungen abgelenkt bin.<\/p>\n\n\n\n<p>Ich kann mich so besser fokussieren.<\/p>\n\n\n\n<p>Etwas beif\u00fcgen m\u00f6chte ich tats\u00e4chlich\u2026 Ich finde diesen Kurs echt super!!!<\/p>\n\n\n\n<p>Das, was du weiter gibst ist sehr wichtig in der heutigen Zeit, und ich werde dich gerne weiterempfehlen.\u201d<\/p>\n\n\n\n<p>Simone, Bern, 43<\/p>\n","protected":false},"excerpt":{"rendered":"<p>\u201eDer Kurs hat mir die M\u00f6glichkeit er\u00f6ffnet, auf meinem spirituellen Weg weiter vorran zu kommen. Durch die Mischung aus theoretischem Input und \u00dcbungen, sind mir viele Aussagen Rudolf Steiners begreifbarer geworden. Der Kurs hat mir meinen Einstieg in die Anthroposophie erleichtert. Er wird mich noch lange begleiten, denn durch die vereinfachte Darstellung und die Erkl\u00e4rungen [&hellip;]<\/p>\n","protected":false},"author":2,"featured_media":0,"parent":0,"menu_order":0,"comment_status":"closed","ping_status":"closed","template":"","meta":{"footnotes":""},"class_list":["post-161","page","type-page","status-publish","hentry"],"translation":{"provider":"WPGlobus","version":"3.0.2","language":"de","enabled_languages":["en","de"],"languages":{"en":{"title":true,"content":true,"excerpt":false},"de":{"title":false,"content":false,"excerpt":false}}},"yoast_head":"<!-- This site is optimized with the Yoast SEO plugin v27.5 - https:\/\/yoast.com\/product\/yoast-seo-wordpress\/ -->\n<title>Feedback in German - Spiritual Science Research<\/title>\n<meta name=\"robots\" content=\"index, follow, max-snippet:-1, max-image-preview:large, max-video-preview:-1\" \/>\n<link rel=\"canonical\" href=\"https:\/\/spiritual-science-research.com\/feedback-in-german\/\" \/>\n<meta property=\"og:locale\" content=\"de_DE\" \/>\n<meta property=\"og:type\" content=\"article\" \/>\n<meta property=\"og:title\" content=\"Feedback in German - Spiritual Science Research\" \/>\n<meta property=\"og:url\" content=\"https:\/\/spiritual-science-research.com\/feedback-in-german\/\" \/>\n<meta property=\"og:site_name\" content=\"Spiritual Science Research\" \/>\n<meta name=\"twitter:card\" content=\"summary_large_image\" \/>\n<meta name=\"twitter:label1\" content=\"Est. reading time\" \/>\n\t<meta name=\"twitter:data1\" content=\"6 minutes\" \/>\n<script type=\"application\/ld+json\" class=\"yoast-schema-graph\">{\"@context\":\"https:\\\/\\\/schema.org\",\"@graph\":[{\"@type\":\"WebPage\",\"@id\":\"https:\\\/\\\/spiritual-science-research.com\\\/feedback-in-german\\\/\",\"url\":\"https:\\\/\\\/spiritual-science-research.com\\\/feedback-in-german\\\/\",\"name\":\"Feedback in German - Spiritual Science Research\",\"isPartOf\":{\"@id\":\"https:\\\/\\\/spiritual-science-research.com\\\/#website\"},\"datePublished\":\"2022-12-12T18:47:02+00:00\",\"description\":\"% % \u201eDer Kurs hat mir die M\u00f6glichkeit er\u00f6ffnet, auf meinem spirituellen Weg weiter vorran zu kommen. Durch die Mischung aus theoretischem Input und \u00dcbungen, % %\",\"breadcrumb\":{\"@id\":\"https:\\\/\\\/spiritual-science-research.com\\\/feedback-in-german\\\/#breadcrumb\"},\"inLanguage\":\"de-DE\",\"potentialAction\":[{\"@type\":\"ReadAction\",\"target\":[\"https:\\\/\\\/spiritual-science-research.com\\\/feedback-in-german\\\/\"]}]},{\"@type\":\"BreadcrumbList\",\"@id\":\"https:\\\/\\\/spiritual-science-research.com\\\/feedback-in-german\\\/#breadcrumb\",\"itemListElement\":[{\"@type\":\"ListItem\",\"position\":1,\"name\":\"Home\",\"item\":\"https:\\\/\\\/spiritual-science-research.com\\\/\"},{\"@type\":\"ListItem\",\"position\":2,\"name\":\"Feedback in German\"}]},{\"@type\":\"WebSite\",\"@id\":\"https:\\\/\\\/spiritual-science-research.com\\\/#website\",\"url\":\"https:\\\/\\\/spiritual-science-research.com\\\/\",\"name\":\"Spiritual Science Research\",\"description\":\"Learning by doing\",\"publisher\":{\"@id\":\"https:\\\/\\\/spiritual-science-research.com\\\/#organization\"},\"potentialAction\":[{\"@type\":\"SearchAction\",\"target\":{\"@type\":\"EntryPoint\",\"urlTemplate\":\"https:\\\/\\\/spiritual-science-research.com\\\/?s={search_term_string}\"},\"query-input\":{\"@type\":\"PropertyValueSpecification\",\"valueRequired\":true,\"valueName\":\"search_term_string\"}}],\"inLanguage\":\"de-DE\"},{\"@type\":\"Organization\",\"@id\":\"https:\\\/\\\/spiritual-science-research.com\\\/#organization\",\"name\":\"Spiritual Science Research\",\"url\":\"https:\\\/\\\/spiritual-science-research.com\\\/\",\"logo\":{\"@type\":\"ImageObject\",\"inLanguage\":\"de-DE\",\"@id\":\"https:\\\/\\\/spiritual-science-research.com\\\/#\\\/schema\\\/logo\\\/image\\\/\",\"url\":\"https:\\\/\\\/spiritual-science-research.com\\\/wp-content\\\/uploads\\\/2023\\\/05\\\/Group-337.png\",\"contentUrl\":\"https:\\\/\\\/spiritual-science-research.com\\\/wp-content\\\/uploads\\\/2023\\\/05\\\/Group-337.png\",\"width\":400,\"height\":161,\"caption\":\"Spiritual Science Research\"},\"image\":{\"@id\":\"https:\\\/\\\/spiritual-science-research.com\\\/#\\\/schema\\\/logo\\\/image\\\/\"}}]}<\/script>\n<!-- \/ Yoast SEO plugin. -->","yoast_head_json":{"title":"Feedback in German - Spiritual Science Research","robots":{"index":"index","follow":"follow","max-snippet":"max-snippet:-1","max-image-preview":"max-image-preview:large","max-video-preview":"max-video-preview:-1"},"canonical":"https:\/\/spiritual-science-research.com\/feedback-in-german\/","og_locale":"de_DE","og_type":"article","og_title":"Feedback in German - Spiritual Science Research","og_url":"https:\/\/spiritual-science-research.com\/feedback-in-german\/","og_site_name":"Spiritual Science Research","twitter_card":"summary_large_image","twitter_misc":{"Est. reading time":"6 minutes"},"schema":{"@context":"https:\/\/schema.org","@graph":[{"@type":"WebPage","@id":"https:\/\/spiritual-science-research.com\/feedback-in-german\/","url":"https:\/\/spiritual-science-research.com\/feedback-in-german\/","name":"Feedback in German - Spiritual Science Research","isPartOf":{"@id":"https:\/\/spiritual-science-research.com\/#website"},"datePublished":"2022-12-12T18:47:02+00:00","description":"% % \u201eDer Kurs hat mir die M\u00f6glichkeit er\u00f6ffnet, auf meinem spirituellen Weg weiter vorran zu kommen. Durch die Mischung aus theoretischem Input und \u00dcbungen, % %","breadcrumb":{"@id":"https:\/\/spiritual-science-research.com\/feedback-in-german\/#breadcrumb"},"inLanguage":"de-DE","potentialAction":[{"@type":"ReadAction","target":["https:\/\/spiritual-science-research.com\/feedback-in-german\/"]}]},{"@type":"BreadcrumbList","@id":"https:\/\/spiritual-science-research.com\/feedback-in-german\/#breadcrumb","itemListElement":[{"@type":"ListItem","position":1,"name":"Home","item":"https:\/\/spiritual-science-research.com\/"},{"@type":"ListItem","position":2,"name":"Feedback in German"}]},{"@type":"WebSite","@id":"https:\/\/spiritual-science-research.com\/#website","url":"https:\/\/spiritual-science-research.com\/","name":"Spiritual Science Research","description":"Learning by doing","publisher":{"@id":"https:\/\/spiritual-science-research.com\/#organization"},"potentialAction":[{"@type":"SearchAction","target":{"@type":"EntryPoint","urlTemplate":"https:\/\/spiritual-science-research.com\/?s={search_term_string}"},"query-input":{"@type":"PropertyValueSpecification","valueRequired":true,"valueName":"search_term_string"}}],"inLanguage":"de-DE"},{"@type":"Organization","@id":"https:\/\/spiritual-science-research.com\/#organization","name":"Spiritual Science Research","url":"https:\/\/spiritual-science-research.com\/","logo":{"@type":"ImageObject","inLanguage":"de-DE","@id":"https:\/\/spiritual-science-research.com\/#\/schema\/logo\/image\/","url":"https:\/\/spiritual-science-research.com\/wp-content\/uploads\/2023\/05\/Group-337.png","contentUrl":"https:\/\/spiritual-science-research.com\/wp-content\/uploads\/2023\/05\/Group-337.png","width":400,"height":161,"caption":"Spiritual Science Research"},"image":{"@id":"https:\/\/spiritual-science-research.com\/#\/schema\/logo\/image\/"}}]}},"_links":{"self":[{"href":"https:\/\/spiritual-science-research.com\/de\/wp-json\/wp\/v2\/pages\/161","targetHints":{"allow":["GET"]}}],"collection":[{"href":"https:\/\/spiritual-science-research.com\/de\/wp-json\/wp\/v2\/pages"}],"about":[{"href":"https:\/\/spiritual-science-research.com\/de\/wp-json\/wp\/v2\/types\/page"}],"author":[{"embeddable":true,"href":"https:\/\/spiritual-science-research.com\/de\/wp-json\/wp\/v2\/users\/2"}],"replies":[{"embeddable":true,"href":"https:\/\/spiritual-science-research.com\/de\/wp-json\/wp\/v2\/comments?post=161"}],"version-history":[{"count":1,"href":"https:\/\/spiritual-science-research.com\/de\/wp-json\/wp\/v2\/pages\/161\/revisions"}],"predecessor-version":[{"id":162,"href":"https:\/\/spiritual-science-research.com\/de\/wp-json\/wp\/v2\/pages\/161\/revisions\/162"}],"wp:attachment":[{"href":"https:\/\/spiritual-science-research.com\/de\/wp-json\/wp\/v2\/media?parent=161"}],"curies":[{"name":"wp","href":"https:\/\/api.w.org\/{rel}","templated":true}]}}