{"id":1601,"date":"2023-05-22T15:19:47","date_gmt":"2023-05-22T15:19:47","guid":{"rendered":"https:\/\/spiritual-science-research.com\/?page_id=1601"},"modified":"2024-04-12T11:32:24","modified_gmt":"2024-04-12T11:32:24","slug":"anthroposophical-meditation-worldwide","status":"publish","type":"page","link":"https:\/\/spiritual-science-research.com\/de\/anthroposophical-meditation-worldwide\/","title":{"rendered":"Anthroposophische Meditation"},"content":{"rendered":"\n<p>\u221e \u221e \u221e<\/p>\n\n\n\n<p>\u00dcber Initiative Anthroposophische Meditation <\/p>\n\n\n\n<p>In den Jahren 2008 und 2009 hat sich innerhalb der Freien Hochschule f\u00fcr Geisteswissenschaft eine internationale Initiativgruppe gebildet, um die Entwicklung einer meditativen Kultur in anthroposophischen Initiativen und in der \u00d6ffentlichkeit voranzutreiben. Seitdem finden Treffen und Konferenzen der Initiative statt. Eines der Ziele der Treffen der Initiative ist es, einen Wirkungskreis zu bilden, in dem anthroposophische Meditation von Menschen praktiziert werden kann, denen es wichtig ist, produktiv zusammenzuarbeiten, kreativ zu suchen und die Forschungsergebnisse zu teilen.<\/p>\n\n\n\n<figure class=\"wp-block-image size-large\"><img loading=\"lazy\" decoding=\"async\" width=\"1024\" height=\"964\" src=\"https:\/\/spiritual-science-research.com\/wp-content\/uploads\/2023\/07\/IMG-20230402-WA0018-1-1024x964.jpg\" alt=\"\" class=\"wp-image-2399\" srcset=\"https:\/\/spiritual-science-research.com\/wp-content\/uploads\/2023\/07\/IMG-20230402-WA0018-1-1024x964.jpg 1024w, https:\/\/spiritual-science-research.com\/wp-content\/uploads\/2023\/07\/IMG-20230402-WA0018-1-300x282.jpg 300w, https:\/\/spiritual-science-research.com\/wp-content\/uploads\/2023\/07\/IMG-20230402-WA0018-1-768x723.jpg 768w, https:\/\/spiritual-science-research.com\/wp-content\/uploads\/2023\/07\/IMG-20230402-WA0018-1.jpg 1489w\" sizes=\"auto, (max-width: 1024px) 100vw, 1024px\" \/><figcaption class=\"wp-element-caption\">Goetheanum, Dornach, Schweiz<\/figcaption><\/figure>\n\n\n\n<p>\u00dcberall auf der Welt gibt es Menschen, die den meditativen Weg der Anthroposophie beschreiten. Die Konferenz &#8220;Living Connections&#8221; will diese Arbeit st\u00e4rken und sichtbar machen, damit die entscheidende Essenz des Beitrags der Anthroposophie zur inneren Kultur und Meditation weltweit in ihren verschiedenen Berufsfeldern zum Ausdruck kommt.<\/p>\n\n\n\n<p>Auf der Basis geistiger Freundschaft dr\u00fcckt sich der Kern der Initiative durch Kollegialit\u00e4t, Solidarit\u00e4t und Offenheit aus und bringt Menschen zusammen, die sich f\u00fcr die Weiterentwicklung und Vertiefung der anthroposophischen Meditationspraxis einsetzen. Die Initiative ist bestrebt, meditative Arbeit im zeitgen\u00f6ssischen Kulturleben sichtbar zu machen und damit einen Beitrag zu den Aufgaben des Goetheanum zu leisten.<\/p>\n\n\n\n<p><\/p>\n\n\n\n<p>\u221e \u221e \u221e<\/p>\n\n\n\n<p>Sie sind herzlich eingeladen, im Online-Gespr\u00e4ch mehr \u00fcber die anthroposophische Meditation zu erfahren:<\/p>\n\n\n\n<p><\/p>\n\n\n\n<figure class=\"wp-block-embed is-type-wp-embed is-provider-spiritual-science-research wp-block-embed-spiritual-science-research\"><div class=\"wp-block-embed__wrapper\">\nhttps:\/\/spiritual-science-research.com\/de\/from-self-development-to-world-development\/\n<\/div><\/figure>\n\n\n\n<p>\u221e \u221e \u221e<\/p>\n\n\n\n<p>Initiative Anthroposophische Meditation &#8211; Living Connections <strong>Videokanal<\/strong><\/p>\n\n\n\n<p>Erm\u00f6glicht durch Inessa Burdich und das Team<\/p>\n\n\n\n<p><a href=\"https:\/\/www.youtube.com\/channel\/UCjApk6eCbRfIzvn2cuyCT8g\/videos\">https:\/\/www.youtube.com\/channel\/UCjApk6eCbRfIzvn2cuyCT8g\/videos<\/a><\/p>\n\n\n\n<p>\u221e \u221e \u221e<\/p>\n\n\n\n<p><strong>Publikationen zur Anthroposophischen Meditation<\/strong><\/p>\n\n\n\n<p>Vor und nach der Konferenz Living Connections 2017. Weltweite Perspektiven der Anthroposophischen Meditation hat Inessa weiter nach Interviews und Perspektiven gesucht. Sie wurden auf Deutsch in der Wochenzeitschrift &#8220;Das Goetheanum&#8221; ver\u00f6ffentlicht, und wir geben sie hier wieder, weil sie so wertvolle und zeitlose Einsichten sind.<\/p>\n\n\n\n<p><a href=\"https:\/\/living-connections.info\/interviews\">https:\/\/living-connections.info\/interviews<\/a><\/p>\n\n\n\n<p>\u221e \u221e \u221e<\/p>\n\n\n\n<p><\/p>\n\n\n\n<p>Interview mit <strong>Arthur Zajonc<\/strong>, moderiert von Inessa Burdich, 2017<\/p>\n\n\n\n<p><a href=\"https:\/\/living-connections.info\/texte\/2017\/4\/11\/interview-with-arthur-zajonc\">https:\/\/living-connections.info\/texte\/2017\/4\/11\/interview-with-arthur-zajonc<\/a><\/p>\n\n\n\n<p>\u221e \u221e \u221e<\/p>\n\n\n\n<p>Diskussion zum Thema: <strong>Die Freie Hochschule f\u00fcr Geisteswissenschaft<\/strong><br>mit Ron Dunselman, Robin Schmidt, Bodo von Plato, Nathaniel Williams and Inessa Burdich<\/p>\n\n\n\n<p><a href=\"https:\/\/living-connections.info\/texte\/2017\/5\/10\/interview-on-the-topic-school-of-spiritual-science\">https:\/\/living-connections.info\/texte\/2017\/5\/10\/interview-on-the-topic-school-of-spiritual-science<\/a><\/p>\n\n\n\n<p>\u221e \u221e \u221e<\/p>\n\n\n\n<p><strong>Anthroposophische Meditation Facebook-Seite <\/strong><\/p>\n\n\n\n<p><a href=\"https:\/\/www.facebook.com\/groups\/688322551556571\/people\/members\">https:\/\/www.facebook.com\/groups\/688322551556571\/people\/members<\/a><\/p>\n\n\n\n<p>\u221e \u221e \u221e<\/p>\n\n\n\n<p><strong>Living Connections<\/strong> <strong><strong>Facebook-Seite <\/strong><\/strong><\/p>\n\n\n\n<p><a href=\"https:\/\/www.facebook.com\/groups\/717475278424806\">https:\/\/www.facebook.com\/groups\/717475278424806<\/a><\/p>\n\n\n\n<p><\/p>\n\n\n\n<p>\u221e \u221e \u221e<\/p>\n","protected":false},"excerpt":{"rendered":"<p>\u221e \u221e \u221e \u00dcber Initiative Anthroposophische Meditation In den Jahren 2008 und 2009 hat sich innerhalb der Freien Hochschule f\u00fcr Geisteswissenschaft eine internationale Initiativgruppe gebildet, um die Entwicklung einer meditativen Kultur in anthroposophischen Initiativen und in der \u00d6ffentlichkeit voranzutreiben. Seitdem finden Treffen und Konferenzen der Initiative statt. Eines der Ziele der Treffen der Initiative ist [&hellip;]<\/p>\n","protected":false},"author":2,"featured_media":0,"parent":0,"menu_order":0,"comment_status":"closed","ping_status":"closed","template":"","meta":{"footnotes":""},"class_list":["post-1601","page","type-page","status-publish","hentry"],"translation":{"provider":"WPGlobus","version":"3.0.2","language":"de","enabled_languages":["en","de"],"languages":{"en":{"title":true,"content":true,"excerpt":false},"de":{"title":true,"content":true,"excerpt":false}}},"yoast_head":"<!-- This site is optimized with the Yoast SEO plugin v27.5 - https:\/\/yoast.com\/product\/yoast-seo-wordpress\/ -->\n<title>Anthroposophische Meditation - Spiritual Science Research<\/title>\n<meta name=\"robots\" content=\"index, follow, max-snippet:-1, max-image-preview:large, max-video-preview:-1\" \/>\n<link rel=\"canonical\" href=\"https:\/\/spiritual-science-research.com\/anthroposophical-meditation-worldwide\/\" \/>\n<meta property=\"og:locale\" content=\"de_DE\" \/>\n<meta property=\"og:type\" content=\"article\" \/>\n<meta property=\"og:title\" content=\"Anthroposophische Meditation - Spiritual Science Research\" \/>\n<meta property=\"og:url\" content=\"https:\/\/spiritual-science-research.com\/anthroposophical-meditation-worldwide\/\" \/>\n<meta property=\"og:site_name\" content=\"Spiritual Science Research\" \/>\n<meta property=\"article:modified_time\" content=\"2024-04-12T11:32:24+00:00\" \/>\n<meta property=\"og:image\" content=\"https:\/\/spiritual-science-research.com\/wp-content\/uploads\/2023\/07\/IMG-20230402-WA0018-1-1024x964.jpg\" \/>\n<meta name=\"twitter:card\" content=\"summary_large_image\" \/>\n<meta name=\"twitter:label1\" content=\"Est. reading time\" \/>\n\t<meta name=\"twitter:data1\" content=\"2 minutes\" \/>\n<script type=\"application\/ld+json\" class=\"yoast-schema-graph\">{\"@context\":\"https:\\\/\\\/schema.org\",\"@graph\":[{\"@type\":\"WebPage\",\"@id\":\"https:\\\/\\\/spiritual-science-research.com\\\/anthroposophical-meditation-worldwide\\\/\",\"url\":\"https:\\\/\\\/spiritual-science-research.com\\\/anthroposophical-meditation-worldwide\\\/\",\"name\":\"Anthroposophische Meditation - Spiritual Science Research\",\"isPartOf\":{\"@id\":\"https:\\\/\\\/spiritual-science-research.com\\\/#website\"},\"primaryImageOfPage\":{\"@id\":\"https:\\\/\\\/spiritual-science-research.com\\\/anthroposophical-meditation-worldwide\\\/#primaryimage\"},\"image\":{\"@id\":\"https:\\\/\\\/spiritual-science-research.com\\\/anthroposophical-meditation-worldwide\\\/#primaryimage\"},\"thumbnailUrl\":\"https:\\\/\\\/spiritual-science-research.com\\\/wp-content\\\/uploads\\\/2023\\\/07\\\/IMG-20230402-WA0018-1-1024x964.jpg\",\"datePublished\":\"2023-05-22T15:19:47+00:00\",\"dateModified\":\"2024-04-12T11:32:24+00:00\",\"description\":\"All over the world there are people who follow the meditative path of anthroposophy. The Living Connections conference wants to strengthen this work and make it visible\",\"breadcrumb\":{\"@id\":\"https:\\\/\\\/spiritual-science-research.com\\\/anthroposophical-meditation-worldwide\\\/#breadcrumb\"},\"inLanguage\":\"de-DE\",\"potentialAction\":[{\"@type\":\"ReadAction\",\"target\":[\"https:\\\/\\\/spiritual-science-research.com\\\/anthroposophical-meditation-worldwide\\\/\"]}]},{\"@type\":\"ImageObject\",\"inLanguage\":\"de-DE\",\"@id\":\"https:\\\/\\\/spiritual-science-research.com\\\/anthroposophical-meditation-worldwide\\\/#primaryimage\",\"url\":\"https:\\\/\\\/spiritual-science-research.com\\\/wp-content\\\/uploads\\\/2023\\\/07\\\/IMG-20230402-WA0018-1-1024x964.jpg\",\"contentUrl\":\"https:\\\/\\\/spiritual-science-research.com\\\/wp-content\\\/uploads\\\/2023\\\/07\\\/IMG-20230402-WA0018-1-1024x964.jpg\"},{\"@type\":\"BreadcrumbList\",\"@id\":\"https:\\\/\\\/spiritual-science-research.com\\\/anthroposophical-meditation-worldwide\\\/#breadcrumb\",\"itemListElement\":[{\"@type\":\"ListItem\",\"position\":1,\"name\":\"Home\",\"item\":\"https:\\\/\\\/spiritual-science-research.com\\\/\"},{\"@type\":\"ListItem\",\"position\":2,\"name\":\"Anthroposophical Meditation\"}]},{\"@type\":\"WebSite\",\"@id\":\"https:\\\/\\\/spiritual-science-research.com\\\/#website\",\"url\":\"https:\\\/\\\/spiritual-science-research.com\\\/\",\"name\":\"Spiritual Science Research\",\"description\":\"Learning by doing\",\"publisher\":{\"@id\":\"https:\\\/\\\/spiritual-science-research.com\\\/#organization\"},\"potentialAction\":[{\"@type\":\"SearchAction\",\"target\":{\"@type\":\"EntryPoint\",\"urlTemplate\":\"https:\\\/\\\/spiritual-science-research.com\\\/?s={search_term_string}\"},\"query-input\":{\"@type\":\"PropertyValueSpecification\",\"valueRequired\":true,\"valueName\":\"search_term_string\"}}],\"inLanguage\":\"de-DE\"},{\"@type\":\"Organization\",\"@id\":\"https:\\\/\\\/spiritual-science-research.com\\\/#organization\",\"name\":\"Spiritual Science Research\",\"url\":\"https:\\\/\\\/spiritual-science-research.com\\\/\",\"logo\":{\"@type\":\"ImageObject\",\"inLanguage\":\"de-DE\",\"@id\":\"https:\\\/\\\/spiritual-science-research.com\\\/#\\\/schema\\\/logo\\\/image\\\/\",\"url\":\"https:\\\/\\\/spiritual-science-research.com\\\/wp-content\\\/uploads\\\/2023\\\/05\\\/Group-337.png\",\"contentUrl\":\"https:\\\/\\\/spiritual-science-research.com\\\/wp-content\\\/uploads\\\/2023\\\/05\\\/Group-337.png\",\"width\":400,\"height\":161,\"caption\":\"Spiritual Science Research\"},\"image\":{\"@id\":\"https:\\\/\\\/spiritual-science-research.com\\\/#\\\/schema\\\/logo\\\/image\\\/\"}}]}<\/script>\n<!-- \/ Yoast SEO plugin. -->","yoast_head_json":{"title":"Anthroposophische Meditation - Spiritual Science Research","robots":{"index":"index","follow":"follow","max-snippet":"max-snippet:-1","max-image-preview":"max-image-preview:large","max-video-preview":"max-video-preview:-1"},"canonical":"https:\/\/spiritual-science-research.com\/anthroposophical-meditation-worldwide\/","og_locale":"de_DE","og_type":"article","og_title":"Anthroposophische Meditation - Spiritual Science Research","og_url":"https:\/\/spiritual-science-research.com\/anthroposophical-meditation-worldwide\/","og_site_name":"Spiritual Science Research","article_modified_time":"2024-04-12T11:32:24+00:00","og_image":[{"url":"https:\/\/spiritual-science-research.com\/wp-content\/uploads\/2023\/07\/IMG-20230402-WA0018-1-1024x964.jpg","type":"","width":"","height":""}],"twitter_card":"summary_large_image","twitter_misc":{"Est. reading time":"2 minutes"},"schema":{"@context":"https:\/\/schema.org","@graph":[{"@type":"WebPage","@id":"https:\/\/spiritual-science-research.com\/anthroposophical-meditation-worldwide\/","url":"https:\/\/spiritual-science-research.com\/anthroposophical-meditation-worldwide\/","name":"Anthroposophische Meditation - Spiritual Science Research","isPartOf":{"@id":"https:\/\/spiritual-science-research.com\/#website"},"primaryImageOfPage":{"@id":"https:\/\/spiritual-science-research.com\/anthroposophical-meditation-worldwide\/#primaryimage"},"image":{"@id":"https:\/\/spiritual-science-research.com\/anthroposophical-meditation-worldwide\/#primaryimage"},"thumbnailUrl":"https:\/\/spiritual-science-research.com\/wp-content\/uploads\/2023\/07\/IMG-20230402-WA0018-1-1024x964.jpg","datePublished":"2023-05-22T15:19:47+00:00","dateModified":"2024-04-12T11:32:24+00:00","description":"All over the world there are people who follow the meditative path of anthroposophy. The Living Connections conference wants to strengthen this work and make it visible","breadcrumb":{"@id":"https:\/\/spiritual-science-research.com\/anthroposophical-meditation-worldwide\/#breadcrumb"},"inLanguage":"de-DE","potentialAction":[{"@type":"ReadAction","target":["https:\/\/spiritual-science-research.com\/anthroposophical-meditation-worldwide\/"]}]},{"@type":"ImageObject","inLanguage":"de-DE","@id":"https:\/\/spiritual-science-research.com\/anthroposophical-meditation-worldwide\/#primaryimage","url":"https:\/\/spiritual-science-research.com\/wp-content\/uploads\/2023\/07\/IMG-20230402-WA0018-1-1024x964.jpg","contentUrl":"https:\/\/spiritual-science-research.com\/wp-content\/uploads\/2023\/07\/IMG-20230402-WA0018-1-1024x964.jpg"},{"@type":"BreadcrumbList","@id":"https:\/\/spiritual-science-research.com\/anthroposophical-meditation-worldwide\/#breadcrumb","itemListElement":[{"@type":"ListItem","position":1,"name":"Home","item":"https:\/\/spiritual-science-research.com\/"},{"@type":"ListItem","position":2,"name":"Anthroposophical Meditation"}]},{"@type":"WebSite","@id":"https:\/\/spiritual-science-research.com\/#website","url":"https:\/\/spiritual-science-research.com\/","name":"Spiritual Science Research","description":"Learning by doing","publisher":{"@id":"https:\/\/spiritual-science-research.com\/#organization"},"potentialAction":[{"@type":"SearchAction","target":{"@type":"EntryPoint","urlTemplate":"https:\/\/spiritual-science-research.com\/?s={search_term_string}"},"query-input":{"@type":"PropertyValueSpecification","valueRequired":true,"valueName":"search_term_string"}}],"inLanguage":"de-DE"},{"@type":"Organization","@id":"https:\/\/spiritual-science-research.com\/#organization","name":"Spiritual Science Research","url":"https:\/\/spiritual-science-research.com\/","logo":{"@type":"ImageObject","inLanguage":"de-DE","@id":"https:\/\/spiritual-science-research.com\/#\/schema\/logo\/image\/","url":"https:\/\/spiritual-science-research.com\/wp-content\/uploads\/2023\/05\/Group-337.png","contentUrl":"https:\/\/spiritual-science-research.com\/wp-content\/uploads\/2023\/05\/Group-337.png","width":400,"height":161,"caption":"Spiritual Science Research"},"image":{"@id":"https:\/\/spiritual-science-research.com\/#\/schema\/logo\/image\/"}}]}},"_links":{"self":[{"href":"https:\/\/spiritual-science-research.com\/de\/wp-json\/wp\/v2\/pages\/1601","targetHints":{"allow":["GET"]}}],"collection":[{"href":"https:\/\/spiritual-science-research.com\/de\/wp-json\/wp\/v2\/pages"}],"about":[{"href":"https:\/\/spiritual-science-research.com\/de\/wp-json\/wp\/v2\/types\/page"}],"author":[{"embeddable":true,"href":"https:\/\/spiritual-science-research.com\/de\/wp-json\/wp\/v2\/users\/2"}],"replies":[{"embeddable":true,"href":"https:\/\/spiritual-science-research.com\/de\/wp-json\/wp\/v2\/comments?post=1601"}],"version-history":[{"count":22,"href":"https:\/\/spiritual-science-research.com\/de\/wp-json\/wp\/v2\/pages\/1601\/revisions"}],"predecessor-version":[{"id":3483,"href":"https:\/\/spiritual-science-research.com\/de\/wp-json\/wp\/v2\/pages\/1601\/revisions\/3483"}],"wp:attachment":[{"href":"https:\/\/spiritual-science-research.com\/de\/wp-json\/wp\/v2\/media?parent=1601"}],"curies":[{"name":"wp","href":"https:\/\/api.w.org\/{rel}","templated":true}]}}