{"id":1589,"date":"2023-05-22T11:15:00","date_gmt":"2023-05-22T11:15:00","guid":{"rendered":"https:\/\/spiritual-science-research.com\/?page_id=1589"},"modified":"2024-12-29T17:31:17","modified_gmt":"2024-12-29T17:31:17","slug":"friends-and-colleagues","status":"publish","type":"page","link":"https:\/\/spiritual-science-research.com\/de\/friends-and-colleagues\/","title":{"rendered":"Freunde und Kollegen"},"content":{"rendered":"\n<p>\u221e \u221e \u221e<\/p>\n\n\n\n<p><strong>Goetheanum<\/strong>, Dornach, Schweiz.<br>Freie Hochschule f\u00fcr Geisteswissenschaft und Sitz der Allgemeinen Anthroposophischen Gesellschaft<\/p>\n\n\n\n<p><a href=\"https:\/\/www.goetheanum.ch\/en\" target=\"_blank\" rel=\"noreferrer noopener\">https:\/\/www.goetheanum.ch\/en<\/a><\/p>\n\n\n\n<p>\u221e \u221e \u221e<\/p>\n\n\n\n<p><strong>Ruskin Mill Trust<\/strong>&nbsp;ist eine p\u00e4dagogische Wohlt\u00e4tigkeitsorganisation, die in England, Schottland und Wales t\u00e4tig ist und Lernumgebungen anbietet, um die Entwicklung junger Menschen mit Autismus und anderen Lernschwierigkeiten zu unterst\u00fctzen<\/p>\n\n\n\n<p><a href=\"https:\/\/rmt.org\/\">RMT.org<\/a> <\/p>\n\n\n\n<figure class=\"wp-block-image size-large\"><img loading=\"lazy\" decoding=\"async\" width=\"1024\" height=\"549\" src=\"https:\/\/spiritual-science-research.com\/wp-content\/uploads\/2023\/07\/thefieldcentre-02-2-1024x549.jpg\" alt=\"\" class=\"wp-image-2433\" srcset=\"https:\/\/spiritual-science-research.com\/wp-content\/uploads\/2023\/07\/thefieldcentre-02-2-1024x549.jpg 1024w, https:\/\/spiritual-science-research.com\/wp-content\/uploads\/2023\/07\/thefieldcentre-02-2-300x161.jpg 300w, https:\/\/spiritual-science-research.com\/wp-content\/uploads\/2023\/07\/thefieldcentre-02-2-768x412.jpg 768w, https:\/\/spiritual-science-research.com\/wp-content\/uploads\/2023\/07\/thefieldcentre-02-2-1536x824.jpg 1536w, https:\/\/spiritual-science-research.com\/wp-content\/uploads\/2023\/07\/thefieldcentre-02-2-2048x1098.jpg 2048w\" sizes=\"auto, (max-width: 1024px) 100vw, 1024px\" \/><figcaption class=\"wp-element-caption\">The Field centre, Ruskin Mill Trust, VK<\/figcaption><\/figure>\n\n\n\n<p>\u221e \u221e \u221e<\/p>\n\n\n\n<p><strong>Weleda<\/strong>&nbsp;ist ein multinationales, auf anthroposophischen Prinzipien basierendes Unternehmen, das naturheilkundliche Arzneimittel und Sch\u00f6nheitsprodukte herstellt.<\/p>\n\n\n\n<p>Weleda UK&nbsp;<a href=\"https:\/\/www.weleda.co.uk\/home\">https:\/\/www.weleda.co.uk\/home<\/a><\/p>\n\n\n\n<p><\/p>\n\n\n\n<p><\/p>\n\n\n\n<p>\u221e \u221e \u221e<\/p>\n\n\n\n<p><strong>Dr. med. Monika Spahl<\/strong><\/p>\n\n\n\n<p>Fach\u00e4rztin f\u00fcr Innere Medizin Zusatz Psychotherapie,<br>Tiefenpsychologische Psychotherapie, Gestaltpsychotherapie, psychoimaginative Traumatherapie, antroposophiebasierter Psychotherapie<\/p>\n\n\n\n<p><a href=\"https:\/\/psychosomatik-badenweiler.de\/index.html\" target=\"_blank\" rel=\"noreferrer noopener\">Psychosomatik-Badenweiler.de<\/a><\/p>\n\n\n\n<p>\u221e \u221e \u221e<\/p>\n\n\n\n<p><strong>Dr. med. Guido Quick<\/strong><\/p>\n\n\n\n<p><br>Facharzt f\u00fcr Innere Medizin, Psychosomatische Grundversorgung<br>Mitglied in der Gesellschaft Anthroposophischer \u00c4rzte in Deutschland (GA\u00c4D)<\/p>\n\n\n\n<p><a href=\"https:\/\/www.gaed.de\/node\/46486\">https:\/\/www.gaed.de\/node\/46486<\/a><\/p>\n\n\n\n<p>\u221e \u221e \u221e<\/p>\n\n\n\n<p><strong>Dr. med. Christian Schopper<\/strong><\/p>\n\n\n\n<p><br>MHBA, Facharzt f\u00fcr Neurologie, Psychiatrie und Psychotherapie FMH, Arzt f\u00fcr Anthroposophische Medizin VAOAS\/GA\u00c4D<\/p>\n\n\n\n<p><a href=\"https:\/\/praxis-vogelsangstrasse.ch\/\">https:\/\/praxis-vogelsangstrasse.ch\/<\/a><\/p>\n\n\n\n<p>\u221e \u221e \u221e<\/p>\n\n\n\n<p><strong>Dr. med. Domnita Stepanyan<\/strong><\/p>\n\n\n\n<p><br>MBBS, MRCP, MRCGP, MFHom,<br>Medical doctor, Anthroposophical Doctor, Homeopathic Doctor in classical, modern and anthroposophical homeopathy<\/p>\n\n\n\n<p><a href=\"https:\/\/rowantree-health.org\/meet-the-team\/\">https:\/\/rowantree-health.org\/meet-the-team\/<\/a><\/p>\n\n\n\n<p><a href=\"https:\/\/homeopathic-doctor.uk\/index.html\" target=\"_blank\" rel=\"noreferrer noopener\">Homeopathic-Doctor.UK<\/a><\/p>\n\n\n\n<p>\u221e \u221e \u221e<\/p>\n\n\n\n<p><strong>Dr. med. Traycho Frangov<\/strong><\/p>\n\n\n\n<p><br>Leitender Assistenzprofessor<\/p>\n\n\n\n<p><a href=\"https:\/\/medfac.mu-sofia.com\/en\/departments\/clinical\/general-and-operative-surgery\/department-staff\/traycho-hristov-frangov-md\/\">https:\/\/medfac.mu-sofia.com\/en\/departments\/clinical\/general-and-operative-surgery\/department-staff\/traycho-hristov-frangov-md\/<\/a><\/p>\n\n\n\n<p>\u221e \u221e \u221e<\/p>\n\n\n\n<p><strong>Thomas Mayer<\/strong><\/p>\n\n\n\n<p>Geistiger Forscher, <a href=\"https:\/\/www.anthroposophische-meditation.de\/\">https:\/\/www.anthroposophische-meditation.de\/<\/a><\/p>\n\n\n\n<p><\/p>\n\n\n\n<p>\u221e \u221e \u221e<\/p>\n\n\n\n<p><strong>Frank Burdich<\/strong><\/p>\n\n\n\n<p>Geistiger Forscher, Heilpraktiker, <a href=\"https:\/\/www.spiritual-research.eu\/\" target=\"_blank\" rel=\"noreferrer noopener\">Angewandte Geistesforschung Burdich<\/a><\/p>\n\n\n\n<p>\u221e \u221e \u221e<\/p>\n\n\n\n<p><strong>Vera Koppehel<\/strong>, MA<\/p>\n\n\n\n<p><br>Dozentin f\u00fcr Angewandte Eurythmie<br><br><a href=\"http:\/\/www.arte-vera.com\">www.arte-vera.com<\/a><\/p>\n\n\n\n<p>\u221e \u221e \u221e<\/p>\n\n\n\n<p>\u221e \u221e \u221e<\/p>\n\n\n\n<p>HAFTUNGSBESCHR\u00c4NKUNG:<br>Unsere Website enth\u00e4lt Verkn\u00fcpfungen zu Websites Dritter (\u201eexterne Links\u201c). Da wir auf die Inhalte dieser Websites keinen Einfluss haben, k\u00f6nnen wir f\u00fcr diese fremden Inhalte auch keine Gew\u00e4hr \u00fcbernehmen.<br>F\u00fcr die Inhalte und die Richtigkeit der Informationen auf den verlinkten Seiten ist stets der jeweilige Anbieter oder Betreiber der Seiten verantwortlich.<\/p>\n\n\n\n<p><\/p>\n","protected":false},"excerpt":{"rendered":"<p>\u221e \u221e \u221e Goetheanum, Dornach, Schweiz.Freie Hochschule f\u00fcr Geisteswissenschaft und Sitz der Allgemeinen Anthroposophischen Gesellschaft https:\/\/www.goetheanum.ch\/en \u221e \u221e \u221e Ruskin Mill Trust&nbsp;ist eine p\u00e4dagogische Wohlt\u00e4tigkeitsorganisation, die in England, Schottland und Wales t\u00e4tig ist und Lernumgebungen anbietet, um die Entwicklung junger Menschen mit Autismus und anderen Lernschwierigkeiten zu unterst\u00fctzen RMT.org The Field centre, Ruskin Mill Trust, [&hellip;]<\/p>\n","protected":false},"author":2,"featured_media":0,"parent":0,"menu_order":0,"comment_status":"closed","ping_status":"closed","template":"","meta":{"footnotes":""},"class_list":["post-1589","page","type-page","status-publish","hentry"],"translation":{"provider":"WPGlobus","version":"3.0.2","language":"de","enabled_languages":["en","de"],"languages":{"en":{"title":true,"content":true,"excerpt":false},"de":{"title":true,"content":true,"excerpt":false}}},"yoast_head":"<!-- This site is optimized with the Yoast SEO plugin v27.5 - https:\/\/yoast.com\/product\/yoast-seo-wordpress\/ -->\n<title>Freunde und Kollegen - Spiritual Science Research<\/title>\n<meta name=\"robots\" content=\"index, follow, max-snippet:-1, max-image-preview:large, max-video-preview:-1\" \/>\n<link rel=\"canonical\" href=\"https:\/\/spiritual-science-research.com\/friends-and-colleagues\/\" \/>\n<meta property=\"og:locale\" content=\"de_DE\" \/>\n<meta property=\"og:type\" content=\"article\" \/>\n<meta property=\"og:title\" content=\"Freunde und Kollegen - Spiritual Science Research\" \/>\n<meta property=\"og:url\" content=\"https:\/\/spiritual-science-research.com\/friends-and-colleagues\/\" \/>\n<meta property=\"og:site_name\" content=\"Spiritual Science Research\" \/>\n<meta property=\"article:modified_time\" content=\"2024-12-29T17:31:17+00:00\" \/>\n<meta property=\"og:image\" content=\"https:\/\/spiritual-science-research.com\/wp-content\/uploads\/2023\/07\/thefieldcentre-02-1-1024x549.jpg\" \/>\n<meta name=\"twitter:card\" content=\"summary_large_image\" \/>\n<meta name=\"twitter:label1\" content=\"Est. reading time\" \/>\n\t<meta name=\"twitter:data1\" content=\"2 minutes\" \/>\n<script type=\"application\/ld+json\" class=\"yoast-schema-graph\">{\"@context\":\"https:\\\/\\\/schema.org\",\"@graph\":[{\"@type\":\"WebPage\",\"@id\":\"https:\\\/\\\/spiritual-science-research.com\\\/friends-and-colleagues\\\/\",\"url\":\"https:\\\/\\\/spiritual-science-research.com\\\/friends-and-colleagues\\\/\",\"name\":\"Freunde und Kollegen - Spiritual Science Research\",\"isPartOf\":{\"@id\":\"https:\\\/\\\/spiritual-science-research.com\\\/#website\"},\"primaryImageOfPage\":{\"@id\":\"https:\\\/\\\/spiritual-science-research.com\\\/friends-and-colleagues\\\/#primaryimage\"},\"image\":{\"@id\":\"https:\\\/\\\/spiritual-science-research.com\\\/friends-and-colleagues\\\/#primaryimage\"},\"thumbnailUrl\":\"https:\\\/\\\/spiritual-science-research.com\\\/wp-content\\\/uploads\\\/2023\\\/07\\\/thefieldcentre-02-1-1024x549.jpg\",\"datePublished\":\"2023-05-22T11:15:00+00:00\",\"dateModified\":\"2024-12-29T17:31:17+00:00\",\"description\":\"Friends and colleagues of Inessa Burdich, Anthroposophical mediation, Supersensible perception, Anthroposophical Medicine, Goetheanum, Weleda\",\"breadcrumb\":{\"@id\":\"https:\\\/\\\/spiritual-science-research.com\\\/friends-and-colleagues\\\/#breadcrumb\"},\"inLanguage\":\"de-DE\",\"potentialAction\":[{\"@type\":\"ReadAction\",\"target\":[\"https:\\\/\\\/spiritual-science-research.com\\\/friends-and-colleagues\\\/\"]}]},{\"@type\":\"ImageObject\",\"inLanguage\":\"de-DE\",\"@id\":\"https:\\\/\\\/spiritual-science-research.com\\\/friends-and-colleagues\\\/#primaryimage\",\"url\":\"https:\\\/\\\/spiritual-science-research.com\\\/wp-content\\\/uploads\\\/2023\\\/07\\\/thefieldcentre-02-1-1024x549.jpg\",\"contentUrl\":\"https:\\\/\\\/spiritual-science-research.com\\\/wp-content\\\/uploads\\\/2023\\\/07\\\/thefieldcentre-02-1-1024x549.jpg\"},{\"@type\":\"BreadcrumbList\",\"@id\":\"https:\\\/\\\/spiritual-science-research.com\\\/friends-and-colleagues\\\/#breadcrumb\",\"itemListElement\":[{\"@type\":\"ListItem\",\"position\":1,\"name\":\"Home\",\"item\":\"https:\\\/\\\/spiritual-science-research.com\\\/\"},{\"@type\":\"ListItem\",\"position\":2,\"name\":\"Friends and colleagues\"}]},{\"@type\":\"WebSite\",\"@id\":\"https:\\\/\\\/spiritual-science-research.com\\\/#website\",\"url\":\"https:\\\/\\\/spiritual-science-research.com\\\/\",\"name\":\"Spiritual Science Research\",\"description\":\"Learning by doing\",\"publisher\":{\"@id\":\"https:\\\/\\\/spiritual-science-research.com\\\/#organization\"},\"potentialAction\":[{\"@type\":\"SearchAction\",\"target\":{\"@type\":\"EntryPoint\",\"urlTemplate\":\"https:\\\/\\\/spiritual-science-research.com\\\/?s={search_term_string}\"},\"query-input\":{\"@type\":\"PropertyValueSpecification\",\"valueRequired\":true,\"valueName\":\"search_term_string\"}}],\"inLanguage\":\"de-DE\"},{\"@type\":\"Organization\",\"@id\":\"https:\\\/\\\/spiritual-science-research.com\\\/#organization\",\"name\":\"Spiritual Science Research\",\"url\":\"https:\\\/\\\/spiritual-science-research.com\\\/\",\"logo\":{\"@type\":\"ImageObject\",\"inLanguage\":\"de-DE\",\"@id\":\"https:\\\/\\\/spiritual-science-research.com\\\/#\\\/schema\\\/logo\\\/image\\\/\",\"url\":\"https:\\\/\\\/spiritual-science-research.com\\\/wp-content\\\/uploads\\\/2023\\\/05\\\/Group-337.png\",\"contentUrl\":\"https:\\\/\\\/spiritual-science-research.com\\\/wp-content\\\/uploads\\\/2023\\\/05\\\/Group-337.png\",\"width\":400,\"height\":161,\"caption\":\"Spiritual Science Research\"},\"image\":{\"@id\":\"https:\\\/\\\/spiritual-science-research.com\\\/#\\\/schema\\\/logo\\\/image\\\/\"}}]}<\/script>\n<!-- \/ Yoast SEO plugin. -->","yoast_head_json":{"title":"Freunde und Kollegen - Spiritual Science Research","robots":{"index":"index","follow":"follow","max-snippet":"max-snippet:-1","max-image-preview":"max-image-preview:large","max-video-preview":"max-video-preview:-1"},"canonical":"https:\/\/spiritual-science-research.com\/friends-and-colleagues\/","og_locale":"de_DE","og_type":"article","og_title":"Freunde und Kollegen - Spiritual Science Research","og_url":"https:\/\/spiritual-science-research.com\/friends-and-colleagues\/","og_site_name":"Spiritual Science Research","article_modified_time":"2024-12-29T17:31:17+00:00","og_image":[{"url":"https:\/\/spiritual-science-research.com\/wp-content\/uploads\/2023\/07\/thefieldcentre-02-1-1024x549.jpg","type":"","width":"","height":""}],"twitter_card":"summary_large_image","twitter_misc":{"Est. reading time":"2 minutes"},"schema":{"@context":"https:\/\/schema.org","@graph":[{"@type":"WebPage","@id":"https:\/\/spiritual-science-research.com\/friends-and-colleagues\/","url":"https:\/\/spiritual-science-research.com\/friends-and-colleagues\/","name":"Freunde und Kollegen - Spiritual Science Research","isPartOf":{"@id":"https:\/\/spiritual-science-research.com\/#website"},"primaryImageOfPage":{"@id":"https:\/\/spiritual-science-research.com\/friends-and-colleagues\/#primaryimage"},"image":{"@id":"https:\/\/spiritual-science-research.com\/friends-and-colleagues\/#primaryimage"},"thumbnailUrl":"https:\/\/spiritual-science-research.com\/wp-content\/uploads\/2023\/07\/thefieldcentre-02-1-1024x549.jpg","datePublished":"2023-05-22T11:15:00+00:00","dateModified":"2024-12-29T17:31:17+00:00","description":"Friends and colleagues of Inessa Burdich, Anthroposophical mediation, Supersensible perception, Anthroposophical Medicine, Goetheanum, Weleda","breadcrumb":{"@id":"https:\/\/spiritual-science-research.com\/friends-and-colleagues\/#breadcrumb"},"inLanguage":"de-DE","potentialAction":[{"@type":"ReadAction","target":["https:\/\/spiritual-science-research.com\/friends-and-colleagues\/"]}]},{"@type":"ImageObject","inLanguage":"de-DE","@id":"https:\/\/spiritual-science-research.com\/friends-and-colleagues\/#primaryimage","url":"https:\/\/spiritual-science-research.com\/wp-content\/uploads\/2023\/07\/thefieldcentre-02-1-1024x549.jpg","contentUrl":"https:\/\/spiritual-science-research.com\/wp-content\/uploads\/2023\/07\/thefieldcentre-02-1-1024x549.jpg"},{"@type":"BreadcrumbList","@id":"https:\/\/spiritual-science-research.com\/friends-and-colleagues\/#breadcrumb","itemListElement":[{"@type":"ListItem","position":1,"name":"Home","item":"https:\/\/spiritual-science-research.com\/"},{"@type":"ListItem","position":2,"name":"Friends and colleagues"}]},{"@type":"WebSite","@id":"https:\/\/spiritual-science-research.com\/#website","url":"https:\/\/spiritual-science-research.com\/","name":"Spiritual Science Research","description":"Learning by doing","publisher":{"@id":"https:\/\/spiritual-science-research.com\/#organization"},"potentialAction":[{"@type":"SearchAction","target":{"@type":"EntryPoint","urlTemplate":"https:\/\/spiritual-science-research.com\/?s={search_term_string}"},"query-input":{"@type":"PropertyValueSpecification","valueRequired":true,"valueName":"search_term_string"}}],"inLanguage":"de-DE"},{"@type":"Organization","@id":"https:\/\/spiritual-science-research.com\/#organization","name":"Spiritual Science Research","url":"https:\/\/spiritual-science-research.com\/","logo":{"@type":"ImageObject","inLanguage":"de-DE","@id":"https:\/\/spiritual-science-research.com\/#\/schema\/logo\/image\/","url":"https:\/\/spiritual-science-research.com\/wp-content\/uploads\/2023\/05\/Group-337.png","contentUrl":"https:\/\/spiritual-science-research.com\/wp-content\/uploads\/2023\/05\/Group-337.png","width":400,"height":161,"caption":"Spiritual Science Research"},"image":{"@id":"https:\/\/spiritual-science-research.com\/#\/schema\/logo\/image\/"}}]}},"_links":{"self":[{"href":"https:\/\/spiritual-science-research.com\/de\/wp-json\/wp\/v2\/pages\/1589","targetHints":{"allow":["GET"]}}],"collection":[{"href":"https:\/\/spiritual-science-research.com\/de\/wp-json\/wp\/v2\/pages"}],"about":[{"href":"https:\/\/spiritual-science-research.com\/de\/wp-json\/wp\/v2\/types\/page"}],"author":[{"embeddable":true,"href":"https:\/\/spiritual-science-research.com\/de\/wp-json\/wp\/v2\/users\/2"}],"replies":[{"embeddable":true,"href":"https:\/\/spiritual-science-research.com\/de\/wp-json\/wp\/v2\/comments?post=1589"}],"version-history":[{"count":72,"href":"https:\/\/spiritual-science-research.com\/de\/wp-json\/wp\/v2\/pages\/1589\/revisions"}],"predecessor-version":[{"id":4630,"href":"https:\/\/spiritual-science-research.com\/de\/wp-json\/wp\/v2\/pages\/1589\/revisions\/4630"}],"wp:attachment":[{"href":"https:\/\/spiritual-science-research.com\/de\/wp-json\/wp\/v2\/media?parent=1589"}],"curies":[{"name":"wp","href":"https:\/\/api.w.org\/{rel}","templated":true}]}}