{"id":1274,"date":"2023-04-10T19:23:43","date_gmt":"2023-04-10T19:23:43","guid":{"rendered":"http:\/\/spiritual-science-research.com\/?page_id=1274"},"modified":"2026-02-07T14:40:55","modified_gmt":"2026-02-07T14:40:55","slug":"christology-in-german","status":"publish","type":"page","link":"https:\/\/spiritual-science-research.com\/de\/christology-in-german\/","title":{"rendered":"Die Kraft des Christuslichts"},"content":{"rendered":"\n<p>Moderation: Inessa Burdich<\/p>\n\n\n\n<figure class=\"wp-block-image size-large is-resized\"><img loading=\"lazy\" decoding=\"async\" width=\"960\" height=\"1024\" src=\"https:\/\/spiritual-science-research.com\/wp-content\/uploads\/2025\/04\/RS-1924-4-19-6-960x1024.png\" alt=\"\" class=\"wp-image-5156\" style=\"width:430px\" srcset=\"https:\/\/spiritual-science-research.com\/wp-content\/uploads\/2025\/04\/RS-1924-4-19-6-960x1024.png 960w, https:\/\/spiritual-science-research.com\/wp-content\/uploads\/2025\/04\/RS-1924-4-19-6-281x300.png 281w, https:\/\/spiritual-science-research.com\/wp-content\/uploads\/2025\/04\/RS-1924-4-19-6-768x819.png 768w, https:\/\/spiritual-science-research.com\/wp-content\/uploads\/2025\/04\/RS-1924-4-19-6-1440x1536.png 1440w, https:\/\/spiritual-science-research.com\/wp-content\/uploads\/2025\/04\/RS-1924-4-19-6.png 1570w\" sizes=\"auto, (max-width: 960px) 100vw, 960px\" \/><figcaption class=\"wp-element-caption\">Rudolf Steiner, 19.4.1924<\/figcaption><\/figure>\n\n\n\n<p>Zur Fr\u00fchlingstagundnachtgleiche 2020 wurde unsere Initiative \u201eDie Kraft des Christuslichts\u201c ins Leben gerufen.<\/p>\n\n\n\n<p>Das urspr\u00fcngliche Ziel bestand darin,&nbsp;<strong>in der Corona-Zeit unsere Bem\u00fchungen zur Unterst\u00fctzung unseres Planeten mit allen seinen Lebewesen zu b\u00fcndeln und durch Gemeinschaft zu st\u00e4rken<\/strong>.<\/p>\n\n\n\n<p>Auf dem ersten Jahrestreffen im M\u00e4rz 2021 beschlossen wir dann einm\u00fctig, unsere Arbeit unabh\u00e4ngig von den Corona-bedingten Umst\u00e4nden fortzusetzen und unseren Fokus allgemeiner zu fassen.<\/p>\n\n\n\n<p>Wir nehmen uns bei unserer Arbeit im Wesentlichen folgende Haltungen zu Herzen:<\/p>\n\n\n\n<blockquote class=\"wp-block-quote is-layout-flow wp-block-quote-is-layout-flow\">\n<p><strong>\u201cLiebe steht h\u00f6her als die Meinung.\u201d&nbsp;<\/strong>Rudolf Steiner, GA 95-11.<\/p>\n\n\n\n<p>\u221e \u221e \u221e<\/p>\n\n\n\n<p><strong>\u201c<\/strong>Wo wir auch versammelt sind, da sind wir versammelt im Namen des Strebens nach <strong>Weisheit<\/strong> und des Strebens nach <strong>Liebe<\/strong>, da sind wir versammelt in der Sehnsucht nach den <strong>Quellen dieser Liebe<\/strong>.\u201c Rudolf Steiner, GA 146-1.<\/p>\n<\/blockquote>\n\n\n\n<p><\/p>\n\n\n\n<figure class=\"wp-block-image size-full\"><img loading=\"lazy\" decoding=\"async\" width=\"419\" height=\"661\" src=\"https:\/\/spiritual-science-research.com\/wp-content\/uploads\/2024\/12\/Christ.webp\" alt=\"\" class=\"wp-image-4558\" srcset=\"https:\/\/spiritual-science-research.com\/wp-content\/uploads\/2024\/12\/Christ.webp 419w, https:\/\/spiritual-science-research.com\/wp-content\/uploads\/2024\/12\/Christ-190x300.webp 190w\" sizes=\"auto, (max-width: 419px) 100vw, 419px\" \/><figcaption class=\"wp-element-caption\">Isenheimer Altarbild, Matthias Gr\u00fcnewald, 1512-1516, Unterlinden Museum, Colmar, Elsass, Frankreich<\/figcaption><\/figure>\n\n\n\n<p>\u221e \u221e \u221e<\/p>\n\n\n\n<p>In unserer Arbeit laden wir <strong>Christuskraft<\/strong> und die Heerscharen Michaels<strong> aus den kosmischen H\u00f6hen hin zur Erde ein, zu den Menschen und \u00fcberhaupt allen Wesen, und dar\u00fcber hinaus tiefer bis in die \u00fcbersinnlichen Erdschichten unseres Planeten hinein<\/strong>. Die Erfahrung zeigt, dass diese Arbeit einen positiven Beitrag zu Covid-Erkrankungen, Impfungen sowie auch zu negativen Klimaver\u00e4nderungen und anderen negativ intendierten Aktivit\u00e4ten leisten kann.<\/p>\n\n\n\n<p>F\u00fcr die Mediation empfehlen wir die Christusgebetstexte und die Meditationstexte Steiners zu verwenden.<\/p>\n\n\n\n<p>Durch unsere gemeinsamen Bem\u00fchungen wurde erlebbar, wie wichtig es ist, <strong>gemeinsam und gleichzeitig zu meditieren<\/strong>, um des gemeinsamen h\u00f6heren Ideals, des gr\u00f6\u00dferen Ziels willen. Wir beobachten, dass sich in solchen Meditationen unsere Anstrengungen und Kr\u00e4fte nicht nur verdichten und vervielfachen, sondern sogar potenzieren. Das wiederum schafft eine st\u00e4rkere Resonanz und lebendige Verbindungen zwischen uns, und bringt kraftvollere, nachhaltigere, positivere und best\u00e4ndigere Impulse in die geistigen Welten.<\/p>\n\n\n\n<p>Und, was besonders wichtig ist, die gro\u00dfen geistigen Wesen k\u00f6nnen sich mit der Gruppe verbinden und die Initiative unterst\u00fctzen. Jeder von uns kann sich durch unsere gemeinsame Gruppenarbeit mit diesen gro\u00dfen Wesenheiten verbinden, bei denen es wenig realistisch ist, sich allein zu verbinden. Umgekehrt k\u00f6nnen diese gr\u00f6\u00dferen spirituellen Hierarchien und Wesenheiten ihrerseits \u2013 wieder durch die Gruppe \u2013 jeden der Teilnehmer unterst\u00fctzen.<\/p>\n\n\n\n<p>Wir sehen in unserer Arbeit nicht nur eine Meditation im \u00fcblichen Verst\u00e4ndnis, bei der der Fokus allgemeiner bzw. dem Wohlbefinden der Teilnehmer gewidmet ist. Unsere meditative Arbeit ist eine bewusste und aktive Arbeit als Antwort auf negative \u00fcbersinnliche Wesen, dunkle M\u00e4chte und gegnerische Kr\u00e4fte, zu der wir die&nbsp;<strong>Kraft des Lichts, der Liebe, der G\u00fcte und der W\u00e4rme&nbsp;des&nbsp;Christus&nbsp;einladen<\/strong>.<\/p>\n\n\n\n<p><\/p>\n\n\n\n<p>\u221e \u221e \u221e \u221e \u221e \u221e \u221e \u221e \u221e<\/p>\n\n\n\n<p>\u221e \u221e \u221e \u221e \u221e \u221e \u221e \u221e \u221e<\/p>\n\n\n\n<p><strong>Organisatorisches<\/strong>:<\/p>\n\n\n\n<p>Wir haben zweimal pro Woche eine <strong>gro\u00dfe gemeinsame Meditation<\/strong>, bei der eine gr\u00f6\u00dfere Anzahl unserer Freunde zusammen meditiert. Sie findet statt:<\/p>\n\n\n\n<p><strong>Sonntag und Mittwoch, 20 Uhr (MEST)<\/strong><\/p>\n\n\n\n<p>Viele von uns meditieren auch zu Beginn einer jeden Stunde.<\/p>\n\n\n\n<p>Wir machen jedoch keine Zooms w\u00e4hrend unserer Meditationen; da verbinden wir uns auf seelisch-geistiger Ebene.<\/p>\n\n\n\n<p id=\"block-3c186bfd-4f7d-4b69-8940-fe0f3522fd87\">\u221e \u221e \u221e <\/p>\n\n\n\n<blockquote class=\"wp-block-quote is-layout-flow wp-block-quote-is-layout-flow\">\n<p>Wenn Sie Verbindung mit der Gruppe aufnehmen m\u00f6chten, kontaktieren Sie mit Heidrun&nbsp;<a href=\"mailto:heidrunhamel@gmx.de\">heidrunhamel@gmx.de<\/a><\/p>\n<\/blockquote>\n\n\n\n<blockquote class=\"wp-block-quote is-layout-flow wp-block-quote-is-layout-flow\">\n<p id=\"block-31acf845-5d70-4dc2-840c-a1a8d67873c2\"><a href=\"\/de\/gospel-of-john-study\/\">Das Johannes Evangelium Studium ist here<\/a><\/p>\n<\/blockquote>\n\n\n\n<p><\/p>\n\n\n\n<p>Einige der Fragen, die bei unseren Treffen diskutiert wurden, finden Sie <a href=\"\/de\/the-power-of-the-light-of-christ-questions\/\">hier<\/a>.<\/p>\n\n\n\n<p id=\"block-9df66a0f-549d-4103-9b56-c241add67c72\">\u221e \u221e \u221e \u221e \u221e \u221e \u221e \u221e \u221e<\/p>\n\n\n\n<p>\u221e \u221e \u221e \u221e \u221e \u221e \u221e \u221e \u221e<\/p>\n\n\n\n<p>Die Initiative &#8216;Die Kraft des Christuslichts&#8217; hat sich in vielen L\u00e4ndern und auf allen Kontinenten verbreitet.<\/p>\n\n\n\n<p>Der Kreis der spirituellen Freunde, die sich der Initiative angeschlossen haben, umfasst inzwischen mehr als <strong>520 Teilnehmer<\/strong> (im Winter 2024):<\/p>\n\n\n\n<p>\u221e \u221e \u221e <\/p>\n\n\n\n<p>Wir sind jetzt in <strong>sieben Sprachen<\/strong> aktiv:<\/p>\n\n\n\n<p>&#8211; auf English mit Rowan &#8211; <a href=\"\/christology-in-english\/\">The Power of the Light of Christ<\/a><\/p>\n\n\n\n<p>\u221e <\/p>\n\n\n\n<p id=\"block-df295dd2-3762-45e5-9883-56465ba2ba04\">&#8211; auf Deutsch mit Heidrun&nbsp;<a href=\"mailto:heidrunhamel@gmx.de\">heidrunhamel@gmx.de<\/a><\/p>\n\n\n\n<p id=\"block-9477cb02-1006-49e6-97aa-7a6730f4a658\">\u221e <\/p>\n\n\n\n<p id=\"block-cd496588-4afd-4690-bff7-d20054de4b24\">&#8211; auf Spanisch mit Consuelo &#8211;&nbsp;<a href=\"\/christology-in-spanish\/\" target=\"_blank\" rel=\"noreferrer noopener\">El Poder de la Luz de Cristo<\/a><\/p>\n\n\n\n<p id=\"block-76172f11-2347-43a8-9f02-5a44bc4470e0\">\u221e <\/p>\n\n\n\n<p id=\"block-e6251555-9d08-4707-8388-186c12e58c2e\">&#8211; auf Franz\u00f6sisch mit Cathy \u2013&nbsp;<a href=\"\/christology-in-french\/\" target=\"_blank\" rel=\"noreferrer noopener\">La Puissance de la Lumi\u00e8re du Christ<\/a><\/p>\n\n\n\n<p id=\"block-89e7b3f8-e0a3-4114-9fff-64f9ee0d66a8\">\u221e <\/p>\n\n\n\n<p id=\"block-5bbad88a-cfaf-4184-abfd-bca1e303e631\">&#8211; auf Portugiesisch mit Karla &#8211;&nbsp;<a href=\"\/christology-in-portuguese\/\" target=\"_blank\" rel=\"noreferrer noopener\">O Poder da Luz de Cristo<\/a><\/p>\n\n\n\n<p id=\"block-45d0a98b-e7ed-4913-92a2-15d4f38eea01\">\u221e <\/p>\n\n\n\n<p id=\"block-3acb9090-b9b0-4614-90de-87bed7b7c6e7\">&#8211; auf Bulgarisch mit Toma \u2013&nbsp;<a href=\"\/christology-in-bulgarian\/\" target=\"_blank\" rel=\"noreferrer noopener\">\u0421\u0438\u043b\u0430\u0442\u0430 \u043d\u0430 \u0425\u0440\u0438\u0441\u0442\u043e\u0432\u0430\u0442\u0430 \u0421\u0432\u0435\u0442\u043b\u0438\u043d\u0430<\/a><\/p>\n\n\n\n<p id=\"block-c5e4f5c4-8483-4371-96ff-7f9b993c9f67\">\u221e <\/p>\n\n\n\n<p id=\"block-9ebb1b85-596c-4419-bfb9-4e10cd8a5a75\">&#8211; auf Russisch mit Anastasia &#8211;&nbsp;<a href=\"\/christology-in-russian-2\/\" target=\"_blank\" rel=\"noreferrer noopener\">\u041c\u043e\u0449\u044c&nbsp;\u0421\u0432\u0435\u0442\u0430&nbsp;\u0425\u0440\u0438\u0441\u0442\u0430<\/a><\/p>\n\n\n\n<p id=\"block-305cfaba-6d96-4bab-9611-06a9b6ad1a47\">\u221e <\/p>\n\n\n\n<p><\/p>\n","protected":false},"excerpt":{"rendered":"<p>Moderation: Inessa Burdich Zur Fr\u00fchlingstagundnachtgleiche 2020 wurde unsere Initiative \u201eDie Kraft des Christuslichts\u201c ins Leben gerufen. Das urspr\u00fcngliche Ziel bestand darin,&nbsp;in der Corona-Zeit unsere Bem\u00fchungen zur Unterst\u00fctzung unseres Planeten mit allen seinen Lebewesen zu b\u00fcndeln und durch Gemeinschaft zu st\u00e4rken. Auf dem ersten Jahrestreffen im M\u00e4rz 2021 beschlossen wir dann einm\u00fctig, unsere Arbeit unabh\u00e4ngig von [&hellip;]<\/p>\n","protected":false},"author":2,"featured_media":0,"parent":0,"menu_order":0,"comment_status":"closed","ping_status":"closed","template":"","meta":{"footnotes":""},"class_list":["post-1274","page","type-page","status-publish","hentry"],"translation":{"provider":"WPGlobus","version":"3.0.2","language":"de","enabled_languages":["en","de"],"languages":{"en":{"title":true,"content":true,"excerpt":false},"de":{"title":false,"content":false,"excerpt":false}}},"yoast_head":"<!-- This site is optimized with the Yoast SEO plugin v27.5 - https:\/\/yoast.com\/product\/yoast-seo-wordpress\/ -->\n<title>Die Kraft des Christuslichts - Spiritual Science Research<\/title>\n<meta name=\"robots\" content=\"index, follow, max-snippet:-1, max-image-preview:large, max-video-preview:-1\" \/>\n<link rel=\"canonical\" href=\"https:\/\/spiritual-science-research.com\/christology-in-german\/\" \/>\n<meta property=\"og:locale\" content=\"de_DE\" \/>\n<meta property=\"og:type\" content=\"article\" \/>\n<meta property=\"og:title\" content=\"Die Kraft des Christuslichts - Spiritual Science Research\" \/>\n<meta property=\"og:url\" content=\"https:\/\/spiritual-science-research.com\/christology-in-german\/\" \/>\n<meta property=\"og:site_name\" content=\"Spiritual Science Research\" \/>\n<meta property=\"article:modified_time\" content=\"2026-02-07T14:40:55+00:00\" \/>\n<meta property=\"og:image\" content=\"https:\/\/spiritual-science-research.com\/wp-content\/uploads\/2025\/04\/RS-1924-4-19-6-960x1024.png\" \/>\n\t<meta property=\"og:image:width\" content=\"960\" \/>\n\t<meta property=\"og:image:height\" content=\"1024\" \/>\n\t<meta property=\"og:image:type\" content=\"image\/png\" \/>\n<meta name=\"twitter:card\" content=\"summary_large_image\" \/>\n<meta name=\"twitter:label1\" content=\"Est. reading time\" \/>\n\t<meta name=\"twitter:data1\" content=\"3 minutes\" \/>\n<script type=\"application\/ld+json\" class=\"yoast-schema-graph\">{\"@context\":\"https:\\\/\\\/schema.org\",\"@graph\":[{\"@type\":\"WebPage\",\"@id\":\"https:\\\/\\\/spiritual-science-research.com\\\/christology-in-german\\\/\",\"url\":\"https:\\\/\\\/spiritual-science-research.com\\\/christology-in-german\\\/\",\"name\":\"Die Kraft des Christuslichts - Spiritual Science Research\",\"isPartOf\":{\"@id\":\"https:\\\/\\\/spiritual-science-research.com\\\/#website\"},\"primaryImageOfPage\":{\"@id\":\"https:\\\/\\\/spiritual-science-research.com\\\/christology-in-german\\\/#primaryimage\"},\"image\":{\"@id\":\"https:\\\/\\\/spiritual-science-research.com\\\/christology-in-german\\\/#primaryimage\"},\"thumbnailUrl\":\"https:\\\/\\\/spiritual-science-research.com\\\/wp-content\\\/uploads\\\/2025\\\/04\\\/RS-1924-4-19-6-960x1024.png\",\"datePublished\":\"2023-04-10T19:23:43+00:00\",\"dateModified\":\"2026-02-07T14:40:55+00:00\",\"description\":\"% % Moderation: Inessa Burdich Rudolf Steiner, 19.4.1924 Zur Fr\u00fchlingstagundnachtgleiche 2020 wurde unsere Initiative \u201eDie Kraft des Christuslichts\u201c ins Leben % %\",\"breadcrumb\":{\"@id\":\"https:\\\/\\\/spiritual-science-research.com\\\/christology-in-german\\\/#breadcrumb\"},\"inLanguage\":\"de-DE\",\"potentialAction\":[{\"@type\":\"ReadAction\",\"target\":[\"https:\\\/\\\/spiritual-science-research.com\\\/christology-in-german\\\/\"]}]},{\"@type\":\"ImageObject\",\"inLanguage\":\"de-DE\",\"@id\":\"https:\\\/\\\/spiritual-science-research.com\\\/christology-in-german\\\/#primaryimage\",\"url\":\"https:\\\/\\\/spiritual-science-research.com\\\/wp-content\\\/uploads\\\/2025\\\/04\\\/RS-1924-4-19-6-960x1024.png\",\"contentUrl\":\"https:\\\/\\\/spiritual-science-research.com\\\/wp-content\\\/uploads\\\/2025\\\/04\\\/RS-1924-4-19-6-960x1024.png\"},{\"@type\":\"BreadcrumbList\",\"@id\":\"https:\\\/\\\/spiritual-science-research.com\\\/christology-in-german\\\/#breadcrumb\",\"itemListElement\":[{\"@type\":\"ListItem\",\"position\":1,\"name\":\"Home\",\"item\":\"https:\\\/\\\/spiritual-science-research.com\\\/\"},{\"@type\":\"ListItem\",\"position\":2,\"name\":\"Die Kraft des Christuslichts\"}]},{\"@type\":\"WebSite\",\"@id\":\"https:\\\/\\\/spiritual-science-research.com\\\/#website\",\"url\":\"https:\\\/\\\/spiritual-science-research.com\\\/\",\"name\":\"Spiritual Science Research\",\"description\":\"Learning by doing\",\"publisher\":{\"@id\":\"https:\\\/\\\/spiritual-science-research.com\\\/#organization\"},\"potentialAction\":[{\"@type\":\"SearchAction\",\"target\":{\"@type\":\"EntryPoint\",\"urlTemplate\":\"https:\\\/\\\/spiritual-science-research.com\\\/?s={search_term_string}\"},\"query-input\":{\"@type\":\"PropertyValueSpecification\",\"valueRequired\":true,\"valueName\":\"search_term_string\"}}],\"inLanguage\":\"de-DE\"},{\"@type\":\"Organization\",\"@id\":\"https:\\\/\\\/spiritual-science-research.com\\\/#organization\",\"name\":\"Spiritual Science Research\",\"url\":\"https:\\\/\\\/spiritual-science-research.com\\\/\",\"logo\":{\"@type\":\"ImageObject\",\"inLanguage\":\"de-DE\",\"@id\":\"https:\\\/\\\/spiritual-science-research.com\\\/#\\\/schema\\\/logo\\\/image\\\/\",\"url\":\"https:\\\/\\\/spiritual-science-research.com\\\/wp-content\\\/uploads\\\/2023\\\/05\\\/Group-337.png\",\"contentUrl\":\"https:\\\/\\\/spiritual-science-research.com\\\/wp-content\\\/uploads\\\/2023\\\/05\\\/Group-337.png\",\"width\":400,\"height\":161,\"caption\":\"Spiritual Science Research\"},\"image\":{\"@id\":\"https:\\\/\\\/spiritual-science-research.com\\\/#\\\/schema\\\/logo\\\/image\\\/\"}}]}<\/script>\n<!-- \/ Yoast SEO plugin. -->","yoast_head_json":{"title":"Die Kraft des Christuslichts - Spiritual Science Research","robots":{"index":"index","follow":"follow","max-snippet":"max-snippet:-1","max-image-preview":"max-image-preview:large","max-video-preview":"max-video-preview:-1"},"canonical":"https:\/\/spiritual-science-research.com\/christology-in-german\/","og_locale":"de_DE","og_type":"article","og_title":"Die Kraft des Christuslichts - Spiritual Science Research","og_url":"https:\/\/spiritual-science-research.com\/christology-in-german\/","og_site_name":"Spiritual Science Research","article_modified_time":"2026-02-07T14:40:55+00:00","og_image":[{"width":960,"height":1024,"url":"https:\/\/spiritual-science-research.com\/wp-content\/uploads\/2025\/04\/RS-1924-4-19-6-960x1024.png","type":"image\/png"}],"twitter_card":"summary_large_image","twitter_misc":{"Est. reading time":"3 minutes"},"schema":{"@context":"https:\/\/schema.org","@graph":[{"@type":"WebPage","@id":"https:\/\/spiritual-science-research.com\/christology-in-german\/","url":"https:\/\/spiritual-science-research.com\/christology-in-german\/","name":"Die Kraft des Christuslichts - Spiritual Science Research","isPartOf":{"@id":"https:\/\/spiritual-science-research.com\/#website"},"primaryImageOfPage":{"@id":"https:\/\/spiritual-science-research.com\/christology-in-german\/#primaryimage"},"image":{"@id":"https:\/\/spiritual-science-research.com\/christology-in-german\/#primaryimage"},"thumbnailUrl":"https:\/\/spiritual-science-research.com\/wp-content\/uploads\/2025\/04\/RS-1924-4-19-6-960x1024.png","datePublished":"2023-04-10T19:23:43+00:00","dateModified":"2026-02-07T14:40:55+00:00","description":"% % Moderation: Inessa Burdich Rudolf Steiner, 19.4.1924 Zur Fr\u00fchlingstagundnachtgleiche 2020 wurde unsere Initiative \u201eDie Kraft des Christuslichts\u201c ins Leben % %","breadcrumb":{"@id":"https:\/\/spiritual-science-research.com\/christology-in-german\/#breadcrumb"},"inLanguage":"de-DE","potentialAction":[{"@type":"ReadAction","target":["https:\/\/spiritual-science-research.com\/christology-in-german\/"]}]},{"@type":"ImageObject","inLanguage":"de-DE","@id":"https:\/\/spiritual-science-research.com\/christology-in-german\/#primaryimage","url":"https:\/\/spiritual-science-research.com\/wp-content\/uploads\/2025\/04\/RS-1924-4-19-6-960x1024.png","contentUrl":"https:\/\/spiritual-science-research.com\/wp-content\/uploads\/2025\/04\/RS-1924-4-19-6-960x1024.png"},{"@type":"BreadcrumbList","@id":"https:\/\/spiritual-science-research.com\/christology-in-german\/#breadcrumb","itemListElement":[{"@type":"ListItem","position":1,"name":"Home","item":"https:\/\/spiritual-science-research.com\/"},{"@type":"ListItem","position":2,"name":"Die Kraft des Christuslichts"}]},{"@type":"WebSite","@id":"https:\/\/spiritual-science-research.com\/#website","url":"https:\/\/spiritual-science-research.com\/","name":"Spiritual Science Research","description":"Learning by doing","publisher":{"@id":"https:\/\/spiritual-science-research.com\/#organization"},"potentialAction":[{"@type":"SearchAction","target":{"@type":"EntryPoint","urlTemplate":"https:\/\/spiritual-science-research.com\/?s={search_term_string}"},"query-input":{"@type":"PropertyValueSpecification","valueRequired":true,"valueName":"search_term_string"}}],"inLanguage":"de-DE"},{"@type":"Organization","@id":"https:\/\/spiritual-science-research.com\/#organization","name":"Spiritual Science Research","url":"https:\/\/spiritual-science-research.com\/","logo":{"@type":"ImageObject","inLanguage":"de-DE","@id":"https:\/\/spiritual-science-research.com\/#\/schema\/logo\/image\/","url":"https:\/\/spiritual-science-research.com\/wp-content\/uploads\/2023\/05\/Group-337.png","contentUrl":"https:\/\/spiritual-science-research.com\/wp-content\/uploads\/2023\/05\/Group-337.png","width":400,"height":161,"caption":"Spiritual Science Research"},"image":{"@id":"https:\/\/spiritual-science-research.com\/#\/schema\/logo\/image\/"}}]}},"_links":{"self":[{"href":"https:\/\/spiritual-science-research.com\/de\/wp-json\/wp\/v2\/pages\/1274","targetHints":{"allow":["GET"]}}],"collection":[{"href":"https:\/\/spiritual-science-research.com\/de\/wp-json\/wp\/v2\/pages"}],"about":[{"href":"https:\/\/spiritual-science-research.com\/de\/wp-json\/wp\/v2\/types\/page"}],"author":[{"embeddable":true,"href":"https:\/\/spiritual-science-research.com\/de\/wp-json\/wp\/v2\/users\/2"}],"replies":[{"embeddable":true,"href":"https:\/\/spiritual-science-research.com\/de\/wp-json\/wp\/v2\/comments?post=1274"}],"version-history":[{"count":45,"href":"https:\/\/spiritual-science-research.com\/de\/wp-json\/wp\/v2\/pages\/1274\/revisions"}],"predecessor-version":[{"id":7725,"href":"https:\/\/spiritual-science-research.com\/de\/wp-json\/wp\/v2\/pages\/1274\/revisions\/7725"}],"wp:attachment":[{"href":"https:\/\/spiritual-science-research.com\/de\/wp-json\/wp\/v2\/media?parent=1274"}],"curies":[{"name":"wp","href":"https:\/\/api.w.org\/{rel}","templated":true}]}}