{"id":1231,"date":"2023-04-09T17:34:13","date_gmt":"2023-04-09T17:34:13","guid":{"rendered":"http:\/\/spiritual-science-research.com\/?page_id=1231"},"modified":"2025-04-20T09:30:18","modified_gmt":"2025-04-20T09:30:18","slug":"christology-in-french","status":"publish","type":"page","link":"https:\/\/spiritual-science-research.com\/de\/christology-in-french\/","title":{"rendered":"La Puissance de la Lumi\u00e8re du Christ"},"content":{"rendered":"\n<p>anim\u00e9 par Inessa Burdich<\/p>\n\n\n\n<figure class=\"wp-block-image size-large is-resized\"><img loading=\"lazy\" decoding=\"async\" width=\"960\" height=\"1024\" src=\"https:\/\/spiritual-science-research.com\/wp-content\/uploads\/2025\/04\/RS-1924-4-19-6-960x1024.png\" alt=\"\" class=\"wp-image-5156\" style=\"width:430px\" srcset=\"https:\/\/spiritual-science-research.com\/wp-content\/uploads\/2025\/04\/RS-1924-4-19-6-960x1024.png 960w, https:\/\/spiritual-science-research.com\/wp-content\/uploads\/2025\/04\/RS-1924-4-19-6-281x300.png 281w, https:\/\/spiritual-science-research.com\/wp-content\/uploads\/2025\/04\/RS-1924-4-19-6-768x819.png 768w, https:\/\/spiritual-science-research.com\/wp-content\/uploads\/2025\/04\/RS-1924-4-19-6-1440x1536.png 1440w, https:\/\/spiritual-science-research.com\/wp-content\/uploads\/2025\/04\/RS-1924-4-19-6.png 1570w\" sizes=\"auto, (max-width: 960px) 100vw, 960px\" \/><figcaption class=\"wp-element-caption\">Rudolf Steiner, 19.4.1924<\/figcaption><\/figure>\n\n\n\n<p>C\u2019est \u00e0 l\u2019\u00e9quinoxe de printemps 2020 que notre initiative \u201cLa puissance de la lumi\u00e8re du Christ\u201d a vu le jour. L\u2019objectif initial \u00e9tait d\u2019unir nos efforts pour soutenir notre plan\u00e8te, son peuple et ses \u00eatres, pendant la p\u00e9riode du Covid.&nbsp; Lors de notre r\u00e9union annuelle \u00e0 l\u2019\u00e9quinoxe de printemps 2021, nous avons d\u00e9cid\u00e9, d\u2019un seul c\u0153ur, de poursuivre notre travail ind\u00e9pendamment de toute circonstance li\u00e9e au coronavirus.&nbsp; L\u2019objectif du groupe est d\u2019aller au-del\u00e0 de la situation actuelle.<\/p>\n\n\n\n<blockquote class=\"wp-block-quote is-layout-flow wp-block-quote-is-layout-flow\">\n<p>Dans notre travail, dans nos r\u00e9unions, fondamentalement nous prenons en nos \u00e2mes les impulsions suivantes :<\/p>\n\n\n\n<p><strong>\u201cL\u2019amour est plus \u00e9lev\u00e9 que l\u2019opinion<\/strong>. Rudolf Steiner, GA 95-11.<\/p>\n\n\n\n<p><strong>\u201cPartout o\u00f9 nous sommes r\u00e9unis, nous le sommes au nom de la recherche de la sagesse et de la recherche de l\u2019amour.<\/strong> Rudolf Steiner, GA 146-1.<\/p>\n<\/blockquote>\n\n\n\n<figure class=\"wp-block-image size-full\"><img loading=\"lazy\" decoding=\"async\" width=\"419\" height=\"661\" src=\"https:\/\/spiritual-science-research.com\/wp-content\/uploads\/2024\/12\/Christ.webp\" alt=\"\" class=\"wp-image-4558\" srcset=\"https:\/\/spiritual-science-research.com\/wp-content\/uploads\/2024\/12\/Christ.webp 419w, https:\/\/spiritual-science-research.com\/wp-content\/uploads\/2024\/12\/Christ-190x300.webp 190w\" sizes=\"auto, (max-width: 419px) 100vw, 419px\" \/><figcaption class=\"wp-element-caption\">Pi\u00e8ce d&#8217;autel d&#8217;Issenheim, Matthias Gr\u00fcnewald, 1512-1516, Mus\u00e9e d&#8217;Unterlinden, Colmar, Alsace, France.<\/figcaption><\/figure>\n\n\n\n<p>L\u2019un des objectifs du groupe \u00ab&nbsp; La Puissance de la Lumi\u00e8re du Christ&nbsp;\u00bb &nbsp;est d\u2019englober le th\u00e8me de la spiritualisation de la mati\u00e8re, et d\u2019inviter les Puissances du Christ et les arm\u00e9es Micha\u00e9liques depuis les hauteurs cosmiques jusqu\u2019aux \u00eatres humains et tous les \u00eatres de la terre, &nbsp;et encore plus profond\u00e9ment jusqu\u2019aux sous-niveaux suprasensibles de la Terre. Notre exp\u00e9rience montre que ce travail peut contribuer de mani\u00e8re tr\u00e8s positive, \u00e0 la lutte contre la maladie du covid, les effets des vaccinations, les changements climatiques n\u00e9gatifs et d\u2019autres activit\u00e9s n\u00e9fastes. Nous recommandons d\u2019utiliser les textes de pri\u00e8re du Christ et les textes m\u00e9ditatifs de Steiner pour notre travail de m\u00e9ditation.<\/p>\n\n\n\n<p>Nous exp\u00e9rimentons jusqu\u2019\u00e0 quel point il est important de m\u00e9diter ensemble et simultan\u00e9ment pour un Id\u00e9al sup\u00e9rieur commun, un but plus significatif. Nous constatons que nos efforts et nos forces dans ces m\u00e9ditations ne se r\u00e9sument pas seulement \u00e0 un croissance et \u00e0 une multiplication, mais qu\u2019ils sont bien plus importants \u2013 en croissance exponentielle ! Cela cr\u00e9e une r\u00e9sonance plus forte et des liens vivants entre nous et apporte des impulsions plus puissantes, plus substantielles, plus positives et plus r\u00e9guli\u00e8res aux mondes spirituels.<\/p>\n\n\n\n<p>Et ce qui est essentiel, c\u2019est que les \u00eatres spirituels les plus puissants puissent se connecter au groupe et soutenir l\u2019initiative. Gr\u00e2ce \u00e0 notre travail de groupe commun, chacun d\u2019entre nous peut se connecter avec des \u00eatres plus hauts avec lesquels il est difficile de se connecter seul. Et vice versa, ces hi\u00e9rarchies et ces \u00eatres spirituels plus \u00e9tendus peuvent soutenir chaque participant \u00e0 son tour \u2013 en retour \u00e0 travers le groupe.<\/p>\n\n\n\n<p>D\u2019apr\u00e8s notre exp\u00e9rience, notre travail n\u2019est pas une simple m\u00e9ditation au sens o\u00f9 on l\u2019entend habituellement, c\u2019est-\u00e0-dire lorsque l\u2019objectif du processus est souvent vague, peu clair ou consacr\u00e9 uniquement au bien-\u00eatre du participant. Le travail m\u00e9ditatif que nous effectuons est conscient et actif en r\u00e9ponse aux d\u00e9fis suprasensibles des forces d\u2019opposition, par des \u00eatres, des puissances obscures et des forces adverses, auxquels nous invitons le pouvoir de la lumi\u00e8re, de l\u2019amour, de la bont\u00e9 et de la chaleur du Christ.<\/p>\n\n\n\n<p>Dans notre cercle d\u2019amis spirituels, la Puissance de la Lumi\u00e8re du Christ, nous sommes plus de 520 (hiver 2024) dans de nombreux pays diff\u00e9rents sur tous les continents.<\/p>\n\n\n\n<p>\u221e \u221e \u221e<\/p>\n\n\n\n<p><strong>Information pratique<\/strong><\/p>\n\n\n\n<p>Les dimanches et mercredis \u00e0 20 heures (19 heures heure Royaume Unis) nous organisons une grande m\u00e9ditation commune, au cours de laquelle beaucoup de nos amis m\u00e9ditent ensemble. <\/p>\n\n\n\n<p>Beaucoup d\u2019entre nous m\u00e9ditent et au d\u00e9but de chaque heure.<\/p>\n\n\n\n<p>Nous ne faisons pas de zooms pendant nos m\u00e9ditations ; nous nous connectons au niveau de l\u2019\u00e2me et du spirituel.<\/p>\n\n\n\n<p>Nous organisons r\u00e9guli\u00e8rement des r\u00e9unions de zoom, o\u00f9 nous apprenons \u00e0 mieux nous conna\u00eetre, \u00e0 partager nos exp\u00e9riences et \u00e0 discuter des questions d\u2019actualit\u00e9, notamment en rapport avec la christologie. Vous trouverez ici quelques-unes des questions discut\u00e9es lors de nos r\u00e9unions.<\/p>\n\n\n\n<p>\u221e \u221e \u221e<\/p>\n\n\n\n<blockquote class=\"wp-block-quote is-layout-flow wp-block-quote-is-layout-flow\">\n<p>Si vous souhaitez vous connecter, veuillez contacter Catherine, <a href=\"mailto:cathrobert78@gmail.com\">cathrobert78@gmail.com<\/a><\/p>\n<\/blockquote>\n\n\n\n<p>\u221e \u221e \u221e<\/p>\n","protected":false},"excerpt":{"rendered":"<p>anim\u00e9 par Inessa Burdich C\u2019est \u00e0 l\u2019\u00e9quinoxe de printemps 2020 que notre initiative \u201cLa puissance de la lumi\u00e8re du Christ\u201d a vu le jour. L\u2019objectif initial \u00e9tait d\u2019unir nos efforts pour soutenir notre plan\u00e8te, son peuple et ses \u00eatres, pendant la p\u00e9riode du Covid.&nbsp; Lors de notre r\u00e9union annuelle \u00e0 l\u2019\u00e9quinoxe de printemps 2021, nous [&hellip;]<\/p>\n","protected":false},"author":2,"featured_media":0,"parent":0,"menu_order":0,"comment_status":"closed","ping_status":"closed","template":"","meta":{"footnotes":""},"class_list":["post-1231","page","type-page","status-publish","hentry"],"translation":{"provider":"WPGlobus","version":"3.0.2","language":"de","enabled_languages":["en","de"],"languages":{"en":{"title":true,"content":true,"excerpt":false},"de":{"title":false,"content":false,"excerpt":false}}},"yoast_head":"<!-- This site is optimized with the Yoast SEO plugin v27.5 - https:\/\/yoast.com\/product\/yoast-seo-wordpress\/ -->\n<title>- Spiritual Science Research<\/title>\n<meta name=\"robots\" content=\"index, follow, max-snippet:-1, max-image-preview:large, max-video-preview:-1\" \/>\n<link rel=\"canonical\" href=\"https:\/\/spiritual-science-research.com\/christology-in-french\/\" \/>\n<meta property=\"og:locale\" content=\"de_DE\" \/>\n<meta property=\"og:type\" content=\"article\" \/>\n<meta property=\"og:title\" content=\"- Spiritual Science Research\" \/>\n<meta property=\"og:url\" content=\"https:\/\/spiritual-science-research.com\/christology-in-french\/\" \/>\n<meta property=\"og:site_name\" content=\"Spiritual Science Research\" \/>\n<meta property=\"article:modified_time\" content=\"2025-04-20T09:30:18+00:00\" \/>\n<meta property=\"og:image\" content=\"https:\/\/spiritual-science-research.com\/wp-content\/uploads\/2025\/04\/RS-1924-4-19-6-960x1024.png\" \/>\n\t<meta property=\"og:image:width\" content=\"960\" \/>\n\t<meta property=\"og:image:height\" content=\"1024\" \/>\n\t<meta property=\"og:image:type\" content=\"image\/png\" \/>\n<meta name=\"twitter:card\" content=\"summary_large_image\" \/>\n<meta name=\"twitter:label1\" content=\"Est. reading time\" \/>\n\t<meta name=\"twitter:data1\" content=\"3 minutes\" \/>\n<script type=\"application\/ld+json\" class=\"yoast-schema-graph\">{\"@context\":\"https:\\\/\\\/schema.org\",\"@graph\":[{\"@type\":\"WebPage\",\"@id\":\"https:\\\/\\\/spiritual-science-research.com\\\/christology-in-french\\\/\",\"url\":\"https:\\\/\\\/spiritual-science-research.com\\\/christology-in-french\\\/\",\"name\":\"- Spiritual Science Research\",\"isPartOf\":{\"@id\":\"https:\\\/\\\/spiritual-science-research.com\\\/#website\"},\"primaryImageOfPage\":{\"@id\":\"https:\\\/\\\/spiritual-science-research.com\\\/christology-in-french\\\/#primaryimage\"},\"image\":{\"@id\":\"https:\\\/\\\/spiritual-science-research.com\\\/christology-in-french\\\/#primaryimage\"},\"thumbnailUrl\":\"https:\\\/\\\/spiritual-science-research.com\\\/wp-content\\\/uploads\\\/2025\\\/04\\\/RS-1924-4-19-6-960x1024.png\",\"datePublished\":\"2023-04-09T17:34:13+00:00\",\"dateModified\":\"2025-04-20T09:30:18+00:00\",\"description\":\"% % anim\u00e9 par Inessa Burdich Rudolf Steiner, 19.4.1924 C\u2019est \u00e0 l\u2019\u00e9quinoxe de printemps 2020 que notre initiative \u201cLa puissance de la lumi\u00e8re du Christ\u201d a vu % %\",\"breadcrumb\":{\"@id\":\"https:\\\/\\\/spiritual-science-research.com\\\/christology-in-french\\\/#breadcrumb\"},\"inLanguage\":\"de-DE\",\"potentialAction\":[{\"@type\":\"ReadAction\",\"target\":[\"https:\\\/\\\/spiritual-science-research.com\\\/christology-in-french\\\/\"]}]},{\"@type\":\"ImageObject\",\"inLanguage\":\"de-DE\",\"@id\":\"https:\\\/\\\/spiritual-science-research.com\\\/christology-in-french\\\/#primaryimage\",\"url\":\"https:\\\/\\\/spiritual-science-research.com\\\/wp-content\\\/uploads\\\/2025\\\/04\\\/RS-1924-4-19-6-960x1024.png\",\"contentUrl\":\"https:\\\/\\\/spiritual-science-research.com\\\/wp-content\\\/uploads\\\/2025\\\/04\\\/RS-1924-4-19-6-960x1024.png\"},{\"@type\":\"BreadcrumbList\",\"@id\":\"https:\\\/\\\/spiritual-science-research.com\\\/christology-in-french\\\/#breadcrumb\",\"itemListElement\":[{\"@type\":\"ListItem\",\"position\":1,\"name\":\"Home\",\"item\":\"https:\\\/\\\/spiritual-science-research.com\\\/\"},{\"@type\":\"ListItem\",\"position\":2,\"name\":\"La Puissance de la Lumi\u00e8re du Christ\"}]},{\"@type\":\"WebSite\",\"@id\":\"https:\\\/\\\/spiritual-science-research.com\\\/#website\",\"url\":\"https:\\\/\\\/spiritual-science-research.com\\\/\",\"name\":\"Spiritual Science Research\",\"description\":\"Learning by doing\",\"publisher\":{\"@id\":\"https:\\\/\\\/spiritual-science-research.com\\\/#organization\"},\"potentialAction\":[{\"@type\":\"SearchAction\",\"target\":{\"@type\":\"EntryPoint\",\"urlTemplate\":\"https:\\\/\\\/spiritual-science-research.com\\\/?s={search_term_string}\"},\"query-input\":{\"@type\":\"PropertyValueSpecification\",\"valueRequired\":true,\"valueName\":\"search_term_string\"}}],\"inLanguage\":\"de-DE\"},{\"@type\":\"Organization\",\"@id\":\"https:\\\/\\\/spiritual-science-research.com\\\/#organization\",\"name\":\"Spiritual Science Research\",\"url\":\"https:\\\/\\\/spiritual-science-research.com\\\/\",\"logo\":{\"@type\":\"ImageObject\",\"inLanguage\":\"de-DE\",\"@id\":\"https:\\\/\\\/spiritual-science-research.com\\\/#\\\/schema\\\/logo\\\/image\\\/\",\"url\":\"https:\\\/\\\/spiritual-science-research.com\\\/wp-content\\\/uploads\\\/2023\\\/05\\\/Group-337.png\",\"contentUrl\":\"https:\\\/\\\/spiritual-science-research.com\\\/wp-content\\\/uploads\\\/2023\\\/05\\\/Group-337.png\",\"width\":400,\"height\":161,\"caption\":\"Spiritual Science Research\"},\"image\":{\"@id\":\"https:\\\/\\\/spiritual-science-research.com\\\/#\\\/schema\\\/logo\\\/image\\\/\"}}]}<\/script>\n<!-- \/ Yoast SEO plugin. -->","yoast_head_json":{"title":"- Spiritual Science Research","robots":{"index":"index","follow":"follow","max-snippet":"max-snippet:-1","max-image-preview":"max-image-preview:large","max-video-preview":"max-video-preview:-1"},"canonical":"https:\/\/spiritual-science-research.com\/christology-in-french\/","og_locale":"de_DE","og_type":"article","og_title":"- Spiritual Science Research","og_url":"https:\/\/spiritual-science-research.com\/christology-in-french\/","og_site_name":"Spiritual Science Research","article_modified_time":"2025-04-20T09:30:18+00:00","og_image":[{"width":960,"height":1024,"url":"https:\/\/spiritual-science-research.com\/wp-content\/uploads\/2025\/04\/RS-1924-4-19-6-960x1024.png","type":"image\/png"}],"twitter_card":"summary_large_image","twitter_misc":{"Est. reading time":"3 minutes"},"schema":{"@context":"https:\/\/schema.org","@graph":[{"@type":"WebPage","@id":"https:\/\/spiritual-science-research.com\/christology-in-french\/","url":"https:\/\/spiritual-science-research.com\/christology-in-french\/","name":"- Spiritual Science Research","isPartOf":{"@id":"https:\/\/spiritual-science-research.com\/#website"},"primaryImageOfPage":{"@id":"https:\/\/spiritual-science-research.com\/christology-in-french\/#primaryimage"},"image":{"@id":"https:\/\/spiritual-science-research.com\/christology-in-french\/#primaryimage"},"thumbnailUrl":"https:\/\/spiritual-science-research.com\/wp-content\/uploads\/2025\/04\/RS-1924-4-19-6-960x1024.png","datePublished":"2023-04-09T17:34:13+00:00","dateModified":"2025-04-20T09:30:18+00:00","description":"% % anim\u00e9 par Inessa Burdich Rudolf Steiner, 19.4.1924 C\u2019est \u00e0 l\u2019\u00e9quinoxe de printemps 2020 que notre initiative \u201cLa puissance de la lumi\u00e8re du Christ\u201d a vu % %","breadcrumb":{"@id":"https:\/\/spiritual-science-research.com\/christology-in-french\/#breadcrumb"},"inLanguage":"de-DE","potentialAction":[{"@type":"ReadAction","target":["https:\/\/spiritual-science-research.com\/christology-in-french\/"]}]},{"@type":"ImageObject","inLanguage":"de-DE","@id":"https:\/\/spiritual-science-research.com\/christology-in-french\/#primaryimage","url":"https:\/\/spiritual-science-research.com\/wp-content\/uploads\/2025\/04\/RS-1924-4-19-6-960x1024.png","contentUrl":"https:\/\/spiritual-science-research.com\/wp-content\/uploads\/2025\/04\/RS-1924-4-19-6-960x1024.png"},{"@type":"BreadcrumbList","@id":"https:\/\/spiritual-science-research.com\/christology-in-french\/#breadcrumb","itemListElement":[{"@type":"ListItem","position":1,"name":"Home","item":"https:\/\/spiritual-science-research.com\/"},{"@type":"ListItem","position":2,"name":"La Puissance de la Lumi\u00e8re du Christ"}]},{"@type":"WebSite","@id":"https:\/\/spiritual-science-research.com\/#website","url":"https:\/\/spiritual-science-research.com\/","name":"Spiritual Science Research","description":"Learning by doing","publisher":{"@id":"https:\/\/spiritual-science-research.com\/#organization"},"potentialAction":[{"@type":"SearchAction","target":{"@type":"EntryPoint","urlTemplate":"https:\/\/spiritual-science-research.com\/?s={search_term_string}"},"query-input":{"@type":"PropertyValueSpecification","valueRequired":true,"valueName":"search_term_string"}}],"inLanguage":"de-DE"},{"@type":"Organization","@id":"https:\/\/spiritual-science-research.com\/#organization","name":"Spiritual Science Research","url":"https:\/\/spiritual-science-research.com\/","logo":{"@type":"ImageObject","inLanguage":"de-DE","@id":"https:\/\/spiritual-science-research.com\/#\/schema\/logo\/image\/","url":"https:\/\/spiritual-science-research.com\/wp-content\/uploads\/2023\/05\/Group-337.png","contentUrl":"https:\/\/spiritual-science-research.com\/wp-content\/uploads\/2023\/05\/Group-337.png","width":400,"height":161,"caption":"Spiritual Science Research"},"image":{"@id":"https:\/\/spiritual-science-research.com\/#\/schema\/logo\/image\/"}}]}},"_links":{"self":[{"href":"https:\/\/spiritual-science-research.com\/de\/wp-json\/wp\/v2\/pages\/1231","targetHints":{"allow":["GET"]}}],"collection":[{"href":"https:\/\/spiritual-science-research.com\/de\/wp-json\/wp\/v2\/pages"}],"about":[{"href":"https:\/\/spiritual-science-research.com\/de\/wp-json\/wp\/v2\/types\/page"}],"author":[{"embeddable":true,"href":"https:\/\/spiritual-science-research.com\/de\/wp-json\/wp\/v2\/users\/2"}],"replies":[{"embeddable":true,"href":"https:\/\/spiritual-science-research.com\/de\/wp-json\/wp\/v2\/comments?post=1231"}],"version-history":[{"count":25,"href":"https:\/\/spiritual-science-research.com\/de\/wp-json\/wp\/v2\/pages\/1231\/revisions"}],"predecessor-version":[{"id":5226,"href":"https:\/\/spiritual-science-research.com\/de\/wp-json\/wp\/v2\/pages\/1231\/revisions\/5226"}],"wp:attachment":[{"href":"https:\/\/spiritual-science-research.com\/de\/wp-json\/wp\/v2\/media?parent=1231"}],"curies":[{"name":"wp","href":"https:\/\/api.w.org\/{rel}","templated":true}]}}