{"id":1210,"date":"2023-03-30T19:34:04","date_gmt":"2023-03-30T19:34:04","guid":{"rendered":"http:\/\/spiritual-science-research.com\/?page_id=1210"},"modified":"2025-04-20T09:41:15","modified_gmt":"2025-04-20T09:41:15","slug":"christology-in-portuguese","status":"publish","type":"page","link":"https:\/\/spiritual-science-research.com\/de\/christology-in-portuguese\/","title":{"rendered":"O Poder da Luz de Cristo"},"content":{"rendered":"\n<p>facilitado por Inessa Burdich<\/p>\n\n\n\n<figure class=\"wp-block-image size-large is-resized\"><img loading=\"lazy\" decoding=\"async\" width=\"960\" height=\"1024\" src=\"https:\/\/spiritual-science-research.com\/wp-content\/uploads\/2025\/04\/RS-1924-4-19-6-960x1024.png\" alt=\"\" class=\"wp-image-5156\" style=\"width:430px\" srcset=\"https:\/\/spiritual-science-research.com\/wp-content\/uploads\/2025\/04\/RS-1924-4-19-6-960x1024.png 960w, https:\/\/spiritual-science-research.com\/wp-content\/uploads\/2025\/04\/RS-1924-4-19-6-281x300.png 281w, https:\/\/spiritual-science-research.com\/wp-content\/uploads\/2025\/04\/RS-1924-4-19-6-768x819.png 768w, https:\/\/spiritual-science-research.com\/wp-content\/uploads\/2025\/04\/RS-1924-4-19-6-1440x1536.png 1440w, https:\/\/spiritual-science-research.com\/wp-content\/uploads\/2025\/04\/RS-1924-4-19-6.png 1570w\" sizes=\"auto, (max-width: 960px) 100vw, 960px\" \/><figcaption class=\"wp-element-caption\">Rudolf Steiner, 19.4.1924<\/figcaption><\/figure>\n\n\n\n<p>No equin\u00f3cio da Primavera de 2020, a nossa iniciativa, &#8220;O Poder da Luz de Cristo&#8221;, surgiu. O objectivo inicial era unir os nossos esfor\u00e7os no apoio ao nosso planeta, pessoas e seres em circunst\u00e2ncias corona. No nosso encontro anual de um ano no equin\u00f3cio da Primavera de 2021 &#8211; com um \u00fanico cora\u00e7\u00e3o, decidimos continuar o nosso trabalho independentemente de quaisquer circunst\u00e2ncias relacionadas com a corona. O objectivo do grupo \u00e9 ir para al\u00e9m da situa\u00e7\u00e3o actual.<\/p>\n\n\n\n<blockquote class=\"wp-block-quote is-layout-flow wp-block-quote-is-layout-flow\">\n<p>No nosso trabalho, nas nossas reuni\u00f5es, como atitude fundamental, tomamos nas nossas almas os seguintes impulsos:<\/p>\n\n\n\n<p>&#8220;O amor \u00e9 mais elevado do que a opini\u00e3o&#8221;. Rudolf Steiner, GA 95-11.<\/p>\n\n\n\n<p>&#8220;Onde quer que estejamos reunidos, estamos reunidos em nome da busca da sabedoria e da busca do amor&#8221;. Rudolf Steiner, GA 146-1.<\/p>\n<\/blockquote>\n\n\n\n<figure class=\"wp-block-image size-full\"><img loading=\"lazy\" decoding=\"async\" width=\"419\" height=\"661\" src=\"https:\/\/spiritual-science-research.com\/wp-content\/uploads\/2024\/12\/Christ.webp\" alt=\"\" class=\"wp-image-4558\" srcset=\"https:\/\/spiritual-science-research.com\/wp-content\/uploads\/2024\/12\/Christ.webp 419w, https:\/\/spiritual-science-research.com\/wp-content\/uploads\/2024\/12\/Christ-190x300.webp 190w\" sizes=\"auto, (max-width: 419px) 100vw, 419px\" \/><figcaption class=\"wp-element-caption\">Ret\u00e1bulo de Isenheim, Matthias Gr\u00fcnewald, 1512\u20131516, Museu Unterlinden, Colmar, Als\u00e1cia, Fran\u00e7a<\/figcaption><\/figure>\n\n\n\n<p>Um dos objectivos do grupo O Poder da Luz de Cristo \u00e9 englobar o aspecto geral da espiritualiza\u00e7\u00e3o da mat\u00e9ria e convidar os Poderes de Cristo e os ex\u00e9rcitos Micaelicos das alturas c\u00f3smicas para as pessoas, os seres e a Terra e ainda mais profundamente para os subn\u00edveis supersens\u00edveis da Terra. A experi\u00eancia mostra que este trabalho pode contribuir positivamente para doen\u00e7as de covid, vacina\u00e7\u00f5es, altera\u00e7\u00f5es clim\u00e1ticas negativas e outras actividades adversas. Recomendamos a utiliza\u00e7\u00e3o dos textos de ora\u00e7\u00e3o de Cristo e dos textos meditativos de Steiner no nosso trabalho de medita\u00e7\u00e3o.<\/p>\n\n\n\n<p>Experimentamos como \u00e9 importante meditar juntos simultaneamente para o Ideal superior comum, um objectivo mais significativo. Experienciamos que os nossos esfor\u00e7os e poderes em tais medita\u00e7\u00f5es n\u00e3o est\u00e3o apenas a resumir e a multiplicar-se, mas muito mais &#8211; s\u00e3o exponenciadores! Isto cria uma resson\u00e2ncia mais forte e liga\u00e7\u00f5es vivas entre n\u00f3s e traz impulsos mais poderosos, substanciais, positivos e est\u00e1veis aos mundos espirituais.<\/p>\n\n\n\n<p>E, o que \u00e9 essencial, \u00e9 que os seres espirituais mais poderosos possam conectar-se com o grupo e apoiar a iniciativa. Atrav\u00e9s do nosso trabalho de grupo conjunto, cada um de n\u00f3s pode ligar-se a seres maiores, com os quais \u00e9 dif\u00edcil ligar-se sozinho. E vice-versa, essas hierarquias e seres espirituais mais extensos podem apoiar cada participante por sua vez &#8211; de volta atrav\u00e9s do grupo.<\/p>\n\n\n\n<p>Na nossa experi\u00eancia, o nosso trabalho n\u00e3o \u00e9 apenas uma medita\u00e7\u00e3o no habitual entendimento comum disso, onde o foco do processo \u00e9 muitas vezes vago, pouco claro ou dedicado apenas ao bem-estar do participante. O trabalho meditativo que fazemos \u00e9 consciente e activo em resposta a desafios supersens\u00edveis opostos atrav\u00e9s de seres, poderes escuros e for\u00e7as adversas, para os quais convidamos o Poder da Luz, Amor, Bondade, e Calor de Cristo.<\/p>\n\n\n\n<p>No nosso c\u00edrculo de amigos espirituais, o Poder da Luz de Cristo, somos mais de 520 (inverno de 2024) em muitos pa\u00edses diferentes em todos os continentes.<\/p>\n\n\n\n<p>\u221e \u221e \u221e<\/p>\n\n\n\n<p>Tecnicamente:<\/p>\n\n\n\n<p>Aos domingos e quartas-feiras \u00e0s 19 horas, hora do Reino Unido, temos uma extensa medita\u00e7\u00e3o em comum onde muitos dos nossos amigos meditam juntos. <\/p>\n\n\n\n<p>Muitos de n\u00f3s tamb\u00e9m meditamos e no in\u00edcio de cada hora.<\/p>\n\n\n\n<p>N\u00e3o fazemos zooms durante as nossas medita\u00e7\u00f5es; ligamo-nos na alma-espiritual.<\/p>\n\n\n\n<p>Temos regularmente reuni\u00f5es de zoom, onde nos conhecemos mais de perto, partilhamos as nossas experi\u00eancias, e discutimos quest\u00f5es actuais, especialmente em liga\u00e7\u00e3o com a cristologia. Algumas das quest\u00f5es discutidas nas nossas reuni\u00f5es podem ser encontradas aqui.<\/p>\n\n\n\n<p>\u221e \u221e \u221e<\/p>\n\n\n\n<p>O Evangelho de S\u00e3o Jo\u00e3o estuda <a href=\"\/gospel-of-john-study\/\" target=\"_blank\" rel=\"noreferrer noopener\">aqui<\/a>.<\/p>\n\n\n\n<p>\u221e \u221e \u221e<\/p>\n\n\n\n<blockquote class=\"wp-block-quote is-layout-flow wp-block-quote-is-layout-flow\">\n<p>Se desejar ligar, por favor contacte <strong>Karla<\/strong> <a href=\"mailto:kmprates@hotmail.co.uk\">kmprates@hotmail.co.uk<\/a> <\/p>\n<\/blockquote>\n\n\n\n<p>\u221e \u221e \u221e \u221e \u221e \u221e \u221e<\/p>\n\n\n\n<p>\u221e \u221e \u221e \u221e \u221e \u221e \u221e <\/p>\n\n\n\n<p>\u221e \u221e \u221e \u221e \u221e \u221e \u221e <\/p>\n\n\n\n<p><\/p>\n\n\n\n<p><strong>Investiga\u00e7\u00e3o em Ci\u00eancia Espiritual \u2013 Curso em Portugal<\/strong><\/p>\n\n\n\n<figure class=\"wp-block-embed is-type-wp-embed is-provider-spiritual-science-research wp-block-embed-spiritual-science-research\"><div class=\"wp-block-embed__wrapper\">\n<blockquote class=\"wp-embedded-content\" data-secret=\"bWOqz5AigL\"><a href=\"https:\/\/spiritual-science-research.com\/portugal-research-course\/\">Investiga\u00e7\u00e3o em Ci\u00eancia Espiritual &#8211; Curso em Sintra, Portugal<\/a><\/blockquote><iframe loading=\"lazy\" class=\"wp-embedded-content\" sandbox=\"allow-scripts\" security=\"restricted\" style=\"position: absolute; visibility: hidden;\" title=\"&#8220;Investiga\u00e7\u00e3o em Ci\u00eancia Espiritual &#8211; Curso em Sintra, Portugal&#8221; &#8212; Spiritual Science Research\" src=\"https:\/\/spiritual-science-research.com\/portugal-research-course\/embed\/#?secret=gOiwQyxfZa#?secret=bWOqz5AigL\" data-secret=\"bWOqz5AigL\" width=\"525\" height=\"296\" frameborder=\"0\" marginwidth=\"0\" marginheight=\"0\" scrolling=\"no\"><\/iframe>\n<\/div><\/figure>\n\n\n\n<p>\u221e \u221e \u221e <\/p>\n\n\n\n<p>Investiga\u00e7\u00e3o em Ci\u00eancia Espiritual \u2013 conte\u00fado do curso:<\/p>\n\n\n\n<figure class=\"wp-block-embed is-type-wp-embed is-provider-spiritual-science-research wp-block-embed-spiritual-science-research\"><div class=\"wp-block-embed__wrapper\">\n<blockquote class=\"wp-embedded-content\" data-secret=\"motYGthk0t\"><a href=\"https:\/\/spiritual-science-research.com\/course-content-in-portuguese\/\">Investiga\u00e7\u00e3o em Ci\u00eancia Espiritual &#8211; conte\u00fado do curso<\/a><\/blockquote><iframe loading=\"lazy\" class=\"wp-embedded-content\" sandbox=\"allow-scripts\" security=\"restricted\" style=\"position: absolute; visibility: hidden;\" title=\"&#8220;Investiga\u00e7\u00e3o em Ci\u00eancia Espiritual &#8211; conte\u00fado do curso&#8221; &#8212; Spiritual Science Research\" src=\"https:\/\/spiritual-science-research.com\/course-content-in-portuguese\/embed\/#?secret=W6r0IKRUWc#?secret=motYGthk0t\" data-secret=\"motYGthk0t\" width=\"525\" height=\"296\" frameborder=\"0\" marginwidth=\"0\" marginheight=\"0\" scrolling=\"no\"><\/iframe>\n<\/div><\/figure>\n\n\n\n<p>\u221e \u221e \u221e <\/p>\n\n\n\n<p>Sobre a Inessa Burdich:<\/p>\n\n\n\n<figure class=\"wp-block-embed is-type-wp-embed is-provider-spiritual-science-research wp-block-embed-spiritual-science-research\"><div class=\"wp-block-embed__wrapper\">\n<blockquote class=\"wp-embedded-content\" data-secret=\"d1dTwOLUSS\"><a href=\"https:\/\/spiritual-science-research.com\/about-inessa-burdich-in-portuguese\/\">Sobre Inessa Burdich<\/a><\/blockquote><iframe loading=\"lazy\" class=\"wp-embedded-content\" sandbox=\"allow-scripts\" security=\"restricted\" style=\"position: absolute; visibility: hidden;\" title=\"&#8220;Sobre Inessa Burdich&#8221; &#8212; Spiritual Science Research\" src=\"https:\/\/spiritual-science-research.com\/about-inessa-burdich-in-portuguese\/embed\/#?secret=hbmJOSuoIg#?secret=d1dTwOLUSS\" data-secret=\"d1dTwOLUSS\" width=\"525\" height=\"296\" frameborder=\"0\" marginwidth=\"0\" marginheight=\"0\" scrolling=\"no\"><\/iframe>\n<\/div><\/figure>\n\n\n\n<p>\u221e \u221e \u221e <\/p>\n","protected":false},"excerpt":{"rendered":"<p>facilitado por Inessa Burdich No equin\u00f3cio da Primavera de 2020, a nossa iniciativa, &#8220;O Poder da Luz de Cristo&#8221;, surgiu. O objectivo inicial era unir os nossos esfor\u00e7os no apoio ao nosso planeta, pessoas e seres em circunst\u00e2ncias corona. No nosso encontro anual de um ano no equin\u00f3cio da Primavera de 2021 &#8211; com um [&hellip;]<\/p>\n","protected":false},"author":2,"featured_media":0,"parent":0,"menu_order":0,"comment_status":"closed","ping_status":"closed","template":"","meta":{"footnotes":""},"class_list":["post-1210","page","type-page","status-publish","hentry"],"translation":{"provider":"WPGlobus","version":"3.0.2","language":"de","enabled_languages":["en","de"],"languages":{"en":{"title":true,"content":true,"excerpt":false},"de":{"title":false,"content":false,"excerpt":false}}},"yoast_head":"<!-- This site is optimized with the Yoast SEO plugin v27.5 - https:\/\/yoast.com\/product\/yoast-seo-wordpress\/ -->\n<title>O Poder da Luz de Cristo - Spiritual Science Research<\/title>\n<meta name=\"robots\" content=\"index, follow, max-snippet:-1, max-image-preview:large, max-video-preview:-1\" \/>\n<link rel=\"canonical\" href=\"https:\/\/spiritual-science-research.com\/christology-in-portuguese\/\" \/>\n<meta property=\"og:locale\" content=\"de_DE\" \/>\n<meta property=\"og:type\" content=\"article\" \/>\n<meta property=\"og:title\" content=\"O Poder da Luz de Cristo - Spiritual Science Research\" \/>\n<meta property=\"og:url\" content=\"https:\/\/spiritual-science-research.com\/christology-in-portuguese\/\" \/>\n<meta property=\"og:site_name\" content=\"Spiritual Science Research\" \/>\n<meta property=\"article:modified_time\" content=\"2025-04-20T09:41:15+00:00\" \/>\n<meta property=\"og:image\" content=\"https:\/\/spiritual-science-research.com\/wp-content\/uploads\/2025\/04\/RS-1924-4-19-6-960x1024.png\" \/>\n\t<meta property=\"og:image:width\" content=\"960\" \/>\n\t<meta property=\"og:image:height\" content=\"1024\" \/>\n\t<meta property=\"og:image:type\" content=\"image\/png\" \/>\n<meta name=\"twitter:card\" content=\"summary_large_image\" \/>\n<meta name=\"twitter:label1\" content=\"Est. reading time\" \/>\n\t<meta name=\"twitter:data1\" content=\"3 minutes\" \/>\n<script type=\"application\/ld+json\" class=\"yoast-schema-graph\">{\"@context\":\"https:\\\/\\\/schema.org\",\"@graph\":[{\"@type\":\"WebPage\",\"@id\":\"https:\\\/\\\/spiritual-science-research.com\\\/christology-in-portuguese\\\/\",\"url\":\"https:\\\/\\\/spiritual-science-research.com\\\/christology-in-portuguese\\\/\",\"name\":\"O Poder da Luz de Cristo - Spiritual Science Research\",\"isPartOf\":{\"@id\":\"https:\\\/\\\/spiritual-science-research.com\\\/#website\"},\"primaryImageOfPage\":{\"@id\":\"https:\\\/\\\/spiritual-science-research.com\\\/christology-in-portuguese\\\/#primaryimage\"},\"image\":{\"@id\":\"https:\\\/\\\/spiritual-science-research.com\\\/christology-in-portuguese\\\/#primaryimage\"},\"thumbnailUrl\":\"https:\\\/\\\/spiritual-science-research.com\\\/wp-content\\\/uploads\\\/2025\\\/04\\\/RS-1924-4-19-6-960x1024.png\",\"datePublished\":\"2023-03-30T19:34:04+00:00\",\"dateModified\":\"2025-04-20T09:41:15+00:00\",\"description\":\"% % facilitado por Inessa Burdich Rudolf Steiner, 19.4.1924 No equin\u00f3cio da Primavera de 2020, a nossa iniciativa, \\\"O Poder da Luz de Cristo\\\", surgiu. O % %\",\"breadcrumb\":{\"@id\":\"https:\\\/\\\/spiritual-science-research.com\\\/christology-in-portuguese\\\/#breadcrumb\"},\"inLanguage\":\"de-DE\",\"potentialAction\":[{\"@type\":\"ReadAction\",\"target\":[\"https:\\\/\\\/spiritual-science-research.com\\\/christology-in-portuguese\\\/\"]}]},{\"@type\":\"ImageObject\",\"inLanguage\":\"de-DE\",\"@id\":\"https:\\\/\\\/spiritual-science-research.com\\\/christology-in-portuguese\\\/#primaryimage\",\"url\":\"https:\\\/\\\/spiritual-science-research.com\\\/wp-content\\\/uploads\\\/2025\\\/04\\\/RS-1924-4-19-6-960x1024.png\",\"contentUrl\":\"https:\\\/\\\/spiritual-science-research.com\\\/wp-content\\\/uploads\\\/2025\\\/04\\\/RS-1924-4-19-6-960x1024.png\"},{\"@type\":\"BreadcrumbList\",\"@id\":\"https:\\\/\\\/spiritual-science-research.com\\\/christology-in-portuguese\\\/#breadcrumb\",\"itemListElement\":[{\"@type\":\"ListItem\",\"position\":1,\"name\":\"Home\",\"item\":\"https:\\\/\\\/spiritual-science-research.com\\\/\"},{\"@type\":\"ListItem\",\"position\":2,\"name\":\"O Poder da Luz de Cristo\"}]},{\"@type\":\"WebSite\",\"@id\":\"https:\\\/\\\/spiritual-science-research.com\\\/#website\",\"url\":\"https:\\\/\\\/spiritual-science-research.com\\\/\",\"name\":\"Spiritual Science Research\",\"description\":\"Learning by doing\",\"publisher\":{\"@id\":\"https:\\\/\\\/spiritual-science-research.com\\\/#organization\"},\"potentialAction\":[{\"@type\":\"SearchAction\",\"target\":{\"@type\":\"EntryPoint\",\"urlTemplate\":\"https:\\\/\\\/spiritual-science-research.com\\\/?s={search_term_string}\"},\"query-input\":{\"@type\":\"PropertyValueSpecification\",\"valueRequired\":true,\"valueName\":\"search_term_string\"}}],\"inLanguage\":\"de-DE\"},{\"@type\":\"Organization\",\"@id\":\"https:\\\/\\\/spiritual-science-research.com\\\/#organization\",\"name\":\"Spiritual Science Research\",\"url\":\"https:\\\/\\\/spiritual-science-research.com\\\/\",\"logo\":{\"@type\":\"ImageObject\",\"inLanguage\":\"de-DE\",\"@id\":\"https:\\\/\\\/spiritual-science-research.com\\\/#\\\/schema\\\/logo\\\/image\\\/\",\"url\":\"https:\\\/\\\/spiritual-science-research.com\\\/wp-content\\\/uploads\\\/2023\\\/05\\\/Group-337.png\",\"contentUrl\":\"https:\\\/\\\/spiritual-science-research.com\\\/wp-content\\\/uploads\\\/2023\\\/05\\\/Group-337.png\",\"width\":400,\"height\":161,\"caption\":\"Spiritual Science Research\"},\"image\":{\"@id\":\"https:\\\/\\\/spiritual-science-research.com\\\/#\\\/schema\\\/logo\\\/image\\\/\"}}]}<\/script>\n<!-- \/ Yoast SEO plugin. -->","yoast_head_json":{"title":"O Poder da Luz de Cristo - Spiritual Science Research","robots":{"index":"index","follow":"follow","max-snippet":"max-snippet:-1","max-image-preview":"max-image-preview:large","max-video-preview":"max-video-preview:-1"},"canonical":"https:\/\/spiritual-science-research.com\/christology-in-portuguese\/","og_locale":"de_DE","og_type":"article","og_title":"O Poder da Luz de Cristo - Spiritual Science Research","og_url":"https:\/\/spiritual-science-research.com\/christology-in-portuguese\/","og_site_name":"Spiritual Science Research","article_modified_time":"2025-04-20T09:41:15+00:00","og_image":[{"width":960,"height":1024,"url":"https:\/\/spiritual-science-research.com\/wp-content\/uploads\/2025\/04\/RS-1924-4-19-6-960x1024.png","type":"image\/png"}],"twitter_card":"summary_large_image","twitter_misc":{"Est. reading time":"3 minutes"},"schema":{"@context":"https:\/\/schema.org","@graph":[{"@type":"WebPage","@id":"https:\/\/spiritual-science-research.com\/christology-in-portuguese\/","url":"https:\/\/spiritual-science-research.com\/christology-in-portuguese\/","name":"O Poder da Luz de Cristo - Spiritual Science Research","isPartOf":{"@id":"https:\/\/spiritual-science-research.com\/#website"},"primaryImageOfPage":{"@id":"https:\/\/spiritual-science-research.com\/christology-in-portuguese\/#primaryimage"},"image":{"@id":"https:\/\/spiritual-science-research.com\/christology-in-portuguese\/#primaryimage"},"thumbnailUrl":"https:\/\/spiritual-science-research.com\/wp-content\/uploads\/2025\/04\/RS-1924-4-19-6-960x1024.png","datePublished":"2023-03-30T19:34:04+00:00","dateModified":"2025-04-20T09:41:15+00:00","description":"% % facilitado por Inessa Burdich Rudolf Steiner, 19.4.1924 No equin\u00f3cio da Primavera de 2020, a nossa iniciativa, \"O Poder da Luz de Cristo\", surgiu. O % %","breadcrumb":{"@id":"https:\/\/spiritual-science-research.com\/christology-in-portuguese\/#breadcrumb"},"inLanguage":"de-DE","potentialAction":[{"@type":"ReadAction","target":["https:\/\/spiritual-science-research.com\/christology-in-portuguese\/"]}]},{"@type":"ImageObject","inLanguage":"de-DE","@id":"https:\/\/spiritual-science-research.com\/christology-in-portuguese\/#primaryimage","url":"https:\/\/spiritual-science-research.com\/wp-content\/uploads\/2025\/04\/RS-1924-4-19-6-960x1024.png","contentUrl":"https:\/\/spiritual-science-research.com\/wp-content\/uploads\/2025\/04\/RS-1924-4-19-6-960x1024.png"},{"@type":"BreadcrumbList","@id":"https:\/\/spiritual-science-research.com\/christology-in-portuguese\/#breadcrumb","itemListElement":[{"@type":"ListItem","position":1,"name":"Home","item":"https:\/\/spiritual-science-research.com\/"},{"@type":"ListItem","position":2,"name":"O Poder da Luz de Cristo"}]},{"@type":"WebSite","@id":"https:\/\/spiritual-science-research.com\/#website","url":"https:\/\/spiritual-science-research.com\/","name":"Spiritual Science Research","description":"Learning by doing","publisher":{"@id":"https:\/\/spiritual-science-research.com\/#organization"},"potentialAction":[{"@type":"SearchAction","target":{"@type":"EntryPoint","urlTemplate":"https:\/\/spiritual-science-research.com\/?s={search_term_string}"},"query-input":{"@type":"PropertyValueSpecification","valueRequired":true,"valueName":"search_term_string"}}],"inLanguage":"de-DE"},{"@type":"Organization","@id":"https:\/\/spiritual-science-research.com\/#organization","name":"Spiritual Science Research","url":"https:\/\/spiritual-science-research.com\/","logo":{"@type":"ImageObject","inLanguage":"de-DE","@id":"https:\/\/spiritual-science-research.com\/#\/schema\/logo\/image\/","url":"https:\/\/spiritual-science-research.com\/wp-content\/uploads\/2023\/05\/Group-337.png","contentUrl":"https:\/\/spiritual-science-research.com\/wp-content\/uploads\/2023\/05\/Group-337.png","width":400,"height":161,"caption":"Spiritual Science Research"},"image":{"@id":"https:\/\/spiritual-science-research.com\/#\/schema\/logo\/image\/"}}]}},"_links":{"self":[{"href":"https:\/\/spiritual-science-research.com\/de\/wp-json\/wp\/v2\/pages\/1210","targetHints":{"allow":["GET"]}}],"collection":[{"href":"https:\/\/spiritual-science-research.com\/de\/wp-json\/wp\/v2\/pages"}],"about":[{"href":"https:\/\/spiritual-science-research.com\/de\/wp-json\/wp\/v2\/types\/page"}],"author":[{"embeddable":true,"href":"https:\/\/spiritual-science-research.com\/de\/wp-json\/wp\/v2\/users\/2"}],"replies":[{"embeddable":true,"href":"https:\/\/spiritual-science-research.com\/de\/wp-json\/wp\/v2\/comments?post=1210"}],"version-history":[{"count":25,"href":"https:\/\/spiritual-science-research.com\/de\/wp-json\/wp\/v2\/pages\/1210\/revisions"}],"predecessor-version":[{"id":5233,"href":"https:\/\/spiritual-science-research.com\/de\/wp-json\/wp\/v2\/pages\/1210\/revisions\/5233"}],"wp:attachment":[{"href":"https:\/\/spiritual-science-research.com\/de\/wp-json\/wp\/v2\/media?parent=1210"}],"curies":[{"name":"wp","href":"https:\/\/api.w.org\/{rel}","templated":true}]}}