{"id":1206,"date":"2023-03-30T19:28:22","date_gmt":"2023-03-30T19:28:22","guid":{"rendered":"http:\/\/spiritual-science-research.com\/?page_id=1206"},"modified":"2025-04-19T14:58:26","modified_gmt":"2025-04-19T14:58:26","slug":"christology-in-spanish","status":"publish","type":"page","link":"https:\/\/spiritual-science-research.com\/de\/christology-in-spanish\/","title":{"rendered":"El Poder de la Luz de Cristo"},"content":{"rendered":"\n<p>facilitado por Inessa Burdich<\/p>\n\n\n\n<figure class=\"wp-block-image size-large is-resized\"><img loading=\"lazy\" decoding=\"async\" width=\"960\" height=\"1024\" src=\"https:\/\/spiritual-science-research.com\/wp-content\/uploads\/2025\/04\/RS-1924-4-19-6-960x1024.png\" alt=\"\" class=\"wp-image-5156\" style=\"width:430px\" srcset=\"https:\/\/spiritual-science-research.com\/wp-content\/uploads\/2025\/04\/RS-1924-4-19-6-960x1024.png 960w, https:\/\/spiritual-science-research.com\/wp-content\/uploads\/2025\/04\/RS-1924-4-19-6-281x300.png 281w, https:\/\/spiritual-science-research.com\/wp-content\/uploads\/2025\/04\/RS-1924-4-19-6-768x819.png 768w, https:\/\/spiritual-science-research.com\/wp-content\/uploads\/2025\/04\/RS-1924-4-19-6-1440x1536.png 1440w, https:\/\/spiritual-science-research.com\/wp-content\/uploads\/2025\/04\/RS-1924-4-19-6.png 1570w\" sizes=\"auto, (max-width: 960px) 100vw, 960px\" \/><figcaption class=\"wp-element-caption\">Rudolf Steiner, 19.4.1924<\/figcaption><\/figure>\n\n\n\n<p>En el equinoccio de primavera de 2020 surgi\u00f3 nuestra iniciativa &#8220;El Poder de la Luz de Cristo&#8221;. El objetivo inicial era unir nuestros esfuerzos para apoyar a nuestro planeta, a las personas y a los seres en circunstancias de corona. En nuestra reuni\u00f3n anual de un a\u00f1o en el equinoccio de primavera de 2021, con un solo coraz\u00f3n, decidimos continuar nuestro trabajo independientemente de cualquier circunstancia relacionada con corona. El objetivo del grupo es ir m\u00e1s all\u00e1 de la situaci\u00f3n actual.<\/p>\n\n\n\n<blockquote class=\"wp-block-quote is-layout-flow wp-block-quote-is-layout-flow\">\n<p>&#8220;El amor es superior a la opini\u00f3n&#8221;. Rudolf Steiner, GA 95-11.<\/p>\n\n\n\n<p>&#8220;Dondequiera que estemos reunidos, lo estamos en nombre de la b\u00fasqueda de la sabidur\u00eda y de la b\u00fasqueda del amor&#8221;. Rudolf Steiner, GA 146-1.<\/p>\n\n\n\n<p>En nuestro trabajo, en nuestras reuniones, como actitud fundamental, llevamos en el alma los siguientes impulsos:<\/p>\n<\/blockquote>\n\n\n\n<figure class=\"wp-block-image size-full\"><img loading=\"lazy\" decoding=\"async\" width=\"419\" height=\"661\" src=\"https:\/\/spiritual-science-research.com\/wp-content\/uploads\/2024\/12\/Christ.webp\" alt=\"\" class=\"wp-image-4558\" srcset=\"https:\/\/spiritual-science-research.com\/wp-content\/uploads\/2024\/12\/Christ.webp 419w, https:\/\/spiritual-science-research.com\/wp-content\/uploads\/2024\/12\/Christ-190x300.webp 190w\" sizes=\"auto, (max-width: 419px) 100vw, 419px\" \/><figcaption class=\"wp-element-caption\">Retablo de Isenheim, Matthias Gr\u00fcnewald, 1512-1516, Museo Unterlinden, Colmar, Alsacia, Francia.<\/figcaption><\/figure>\n\n\n\n<p>Uno de los objetivos del grupo El Poder de la Luz de Cristo es abarcar el aspecto general de espiritualizar la materia e invitar a los Poderes de Cristo y a los ej\u00e9rcitos mica\u00e9licos desde las alturas c\u00f3smicas hasta las personas, los seres y la Tierra, e incluso m\u00e1s profundamente hasta los niveles sutiles supersensibles de la Tierra. La experiencia demuestra que este trabajo puede contribuir positivamente a la enfermedad cov\u00eddica, las vacunaciones, el cambio clim\u00e1tico negativo y otras actividades adversas. Recomendamos el uso de los textos de oraci\u00f3n de Cristo y los textos meditativos de Steiner en nuestro trabajo de meditaci\u00f3n.<\/p>\n\n\n\n<p>Experimentamos lo importante que es meditar juntos simult\u00e1neamente para el objetivo com\u00fan m\u00e1s elevado Ideal, m\u00e1s significativo. Experimentamos que nuestros esfuerzos y poderes en tales meditaciones no s\u00f3lo se resumen y multiplican sino mucho m\u00e1s &#8211; \u00a1se exponencian! Esto crea una resonancia m\u00e1s fuerte y conexiones vivas entre nosotros y trae impulsos m\u00e1s poderosos, sustanciales, positivos y constantes a los mundos espirituales.<\/p>\n\n\n\n<p>Y, lo que es esencial, es que los seres espirituales m\u00e1s poderosos puedan conectar con el grupo y apoyar la iniciativa. A trav\u00e9s de nuestro trabajo conjunto en grupo, cada uno de nosotros puede conectar con seres m\u00e1s grandes con los que es dif\u00edcil conectar en solitario. Y viceversa, esas jerarqu\u00edas y seres espirituales m\u00e1s extensos pueden apoyar a su vez a cada participante, a trav\u00e9s del grupo.<\/p>\n\n\n\n<p>Seg\u00fan nuestra experiencia, nuestro trabajo no es s\u00f3lo una meditaci\u00f3n en el sentido habitual que se le suele dar, en el que el enfoque del proceso suele ser vago, poco claro o dedicado s\u00f3lo al bienestar del participante. El trabajo meditativo que realizamos es consciente y activo en respuesta a los desaf\u00edos supersensibles opuestos a trav\u00e9s de seres, poderes oscuros y fuerzas adversarias, a los que invitamos al Poder de la Luz, el Amor, la Bondad y el Calor de Cristo.<\/p>\n\n\n\n<p>En nuestro c\u00edrculo de amigos espirituales, el Poder de la Luz de Cristo, somos m\u00e1s de 520 (en invierno de 2024) en muchos pa\u00edses diferentes de todos los continentes.<\/p>\n\n\n\n<p>\u221e \u221e \u221e<\/p>\n\n\n\n<p>T\u00e9cnicamente:<\/p>\n\n\n\n<p>Los domingos y mi\u00e9rcoles a las 19:00, hora del Reino Unido, tenemos una amplia meditaci\u00f3n com\u00fan, en la que muchos de nuestros amigos meditan juntos. <\/p>\n\n\n\n<p>Muchos de nosotros tambi\u00e9n meditamos y al principio de cada hora.<\/p>\n\n\n\n<p>No hacemos zooms durante nuestras meditaciones; nos conectamos en lo an\u00edmico-espiritual.<\/p>\n\n\n\n<p>Regularmente tenemos reuniones de zoom, en las que nos conocemos m\u00e1s de cerca, compartimos nuestras experiencias y debatimos cuestiones de actualidad, especialmente en relaci\u00f3n con la cristolog\u00eda. Algunas de las cuestiones discutidas en nuestras reuniones las puedes encontrar <a href=\"\/the-power-of-the-light-of-christ-questions\/\" target=\"_blank\" rel=\"noreferrer noopener\">aqu\u00ed<\/a>.<\/p>\n\n\n\n<p>\u221e \u221e \u221e<\/p>\n\n\n\n<p>El estudio del Evangelio de Juan aqui:<\/p>\n\n\n\n<figure class=\"wp-block-embed is-type-wp-embed is-provider-spiritual-science-research wp-block-embed-spiritual-science-research\"><div class=\"wp-block-embed__wrapper\">\n<blockquote class=\"wp-embedded-content\" data-secret=\"kCF2pdJ9UY\"><a href=\"https:\/\/spiritual-science-research.com\/john-gospel-in-spanish\/\">El estudio del evangelio de Juan<\/a><\/blockquote><iframe loading=\"lazy\" class=\"wp-embedded-content\" sandbox=\"allow-scripts\" security=\"restricted\" style=\"position: absolute; visibility: hidden;\" title=\"&#8220;El estudio del evangelio de Juan&#8221; &#8212; Spiritual Science Research\" src=\"https:\/\/spiritual-science-research.com\/john-gospel-in-spanish\/embed\/#?secret=xRNnuzqssV#?secret=kCF2pdJ9UY\" data-secret=\"kCF2pdJ9UY\" width=\"525\" height=\"296\" frameborder=\"0\" marginwidth=\"0\" marginheight=\"0\" scrolling=\"no\"><\/iframe>\n<\/div><\/figure>\n\n\n\n<p>\u221e \u221e \u221e<\/p>\n\n\n\n<blockquote class=\"wp-block-quote is-layout-flow wp-block-quote-is-layout-flow\">\n<p>Si desea conectarse, por favor p\u00f3ngase en contacto con Consuelo <a href=\"mailto:mcvallespir@gmail.com\">mcvallespir@gmail.com<\/a> &nbsp;<\/p>\n<\/blockquote>\n\n\n\n<p>\u221e \u221e \u221e<\/p>\n\n\n\n<p>Quiz\u00e1 le interese el curso de <a href=\"\/sobre-el-curso\/\" target=\"_blank\" rel=\"noreferrer noopener\">Investigaci\u00f3n en Ciencias Espirituales<\/a><\/p>\n\n\n\n<figure class=\"wp-block-embed is-type-wp-embed is-provider-spiritual-science-research wp-block-embed-spiritual-science-research\"><div class=\"wp-block-embed__wrapper\">\n<blockquote class=\"wp-embedded-content\" data-secret=\"OkClmUkbT0\"><a href=\"https:\/\/spiritual-science-research.com\/online-research-coursein-english-and-spanish\/\">Investigaci\u00f3n en la Ciencias Espirituales<\/a><\/blockquote><iframe loading=\"lazy\" class=\"wp-embedded-content\" sandbox=\"allow-scripts\" security=\"restricted\" style=\"position: absolute; visibility: hidden;\" title=\"&#8220;Investigaci\u00f3n en la Ciencias Espirituales&#8221; &#8212; Spiritual Science Research\" src=\"https:\/\/spiritual-science-research.com\/online-research-coursein-english-and-spanish\/embed\/#?secret=NmyX90SfuG#?secret=OkClmUkbT0\" data-secret=\"OkClmUkbT0\" width=\"525\" height=\"296\" frameborder=\"0\" marginwidth=\"0\" marginheight=\"0\" scrolling=\"no\"><\/iframe>\n<\/div><\/figure>\n","protected":false},"excerpt":{"rendered":"<p>facilitado por Inessa Burdich En el equinoccio de primavera de 2020 surgi\u00f3 nuestra iniciativa &#8220;El Poder de la Luz de Cristo&#8221;. El objetivo inicial era unir nuestros esfuerzos para apoyar a nuestro planeta, a las personas y a los seres en circunstancias de corona. En nuestra reuni\u00f3n anual de un a\u00f1o en el equinoccio de [&hellip;]<\/p>\n","protected":false},"author":2,"featured_media":0,"parent":0,"menu_order":0,"comment_status":"closed","ping_status":"closed","template":"","meta":{"footnotes":""},"class_list":["post-1206","page","type-page","status-publish","hentry"],"translation":{"provider":"WPGlobus","version":"3.0.2","language":"de","enabled_languages":["en","de"],"languages":{"en":{"title":true,"content":true,"excerpt":false},"de":{"title":false,"content":false,"excerpt":false}}},"yoast_head":"<!-- This site is optimized with the Yoast SEO plugin v27.5 - https:\/\/yoast.com\/product\/yoast-seo-wordpress\/ -->\n<title>- Spiritual Science Research<\/title>\n<meta name=\"robots\" content=\"index, follow, max-snippet:-1, max-image-preview:large, max-video-preview:-1\" \/>\n<link rel=\"canonical\" href=\"https:\/\/spiritual-science-research.com\/christology-in-spanish\/\" \/>\n<meta property=\"og:locale\" content=\"de_DE\" \/>\n<meta property=\"og:type\" content=\"article\" \/>\n<meta property=\"og:title\" content=\"- Spiritual Science Research\" \/>\n<meta property=\"og:url\" content=\"https:\/\/spiritual-science-research.com\/christology-in-spanish\/\" \/>\n<meta property=\"og:site_name\" content=\"Spiritual Science Research\" \/>\n<meta property=\"article:modified_time\" content=\"2025-04-19T14:58:26+00:00\" \/>\n<meta property=\"og:image\" content=\"https:\/\/spiritual-science-research.com\/wp-content\/uploads\/2025\/04\/RS-1924-4-19-6-960x1024.png\" \/>\n\t<meta property=\"og:image:width\" content=\"960\" \/>\n\t<meta property=\"og:image:height\" content=\"1024\" \/>\n\t<meta property=\"og:image:type\" content=\"image\/png\" \/>\n<meta name=\"twitter:card\" content=\"summary_large_image\" \/>\n<meta name=\"twitter:label1\" content=\"Est. reading time\" \/>\n\t<meta name=\"twitter:data1\" content=\"3 minutes\" \/>\n<script type=\"application\/ld+json\" class=\"yoast-schema-graph\">{\"@context\":\"https:\\\/\\\/schema.org\",\"@graph\":[{\"@type\":\"WebPage\",\"@id\":\"https:\\\/\\\/spiritual-science-research.com\\\/christology-in-spanish\\\/\",\"url\":\"https:\\\/\\\/spiritual-science-research.com\\\/christology-in-spanish\\\/\",\"name\":\"- Spiritual Science Research\",\"isPartOf\":{\"@id\":\"https:\\\/\\\/spiritual-science-research.com\\\/#website\"},\"primaryImageOfPage\":{\"@id\":\"https:\\\/\\\/spiritual-science-research.com\\\/christology-in-spanish\\\/#primaryimage\"},\"image\":{\"@id\":\"https:\\\/\\\/spiritual-science-research.com\\\/christology-in-spanish\\\/#primaryimage\"},\"thumbnailUrl\":\"https:\\\/\\\/spiritual-science-research.com\\\/wp-content\\\/uploads\\\/2025\\\/04\\\/RS-1924-4-19-6-960x1024.png\",\"datePublished\":\"2023-03-30T19:28:22+00:00\",\"dateModified\":\"2025-04-19T14:58:26+00:00\",\"description\":\"El Poder de la Luz de Cristo - Iniciativa cristol\u00f3gica en lengua espa\u00f1ola. El objetivo es unir nuestros esfuerzos para apoyar a nuestro planeta, personas y seres\",\"breadcrumb\":{\"@id\":\"https:\\\/\\\/spiritual-science-research.com\\\/christology-in-spanish\\\/#breadcrumb\"},\"inLanguage\":\"de-DE\",\"potentialAction\":[{\"@type\":\"ReadAction\",\"target\":[\"https:\\\/\\\/spiritual-science-research.com\\\/christology-in-spanish\\\/\"]}]},{\"@type\":\"ImageObject\",\"inLanguage\":\"de-DE\",\"@id\":\"https:\\\/\\\/spiritual-science-research.com\\\/christology-in-spanish\\\/#primaryimage\",\"url\":\"https:\\\/\\\/spiritual-science-research.com\\\/wp-content\\\/uploads\\\/2025\\\/04\\\/RS-1924-4-19-6-960x1024.png\",\"contentUrl\":\"https:\\\/\\\/spiritual-science-research.com\\\/wp-content\\\/uploads\\\/2025\\\/04\\\/RS-1924-4-19-6-960x1024.png\"},{\"@type\":\"BreadcrumbList\",\"@id\":\"https:\\\/\\\/spiritual-science-research.com\\\/christology-in-spanish\\\/#breadcrumb\",\"itemListElement\":[{\"@type\":\"ListItem\",\"position\":1,\"name\":\"Home\",\"item\":\"https:\\\/\\\/spiritual-science-research.com\\\/\"},{\"@type\":\"ListItem\",\"position\":2,\"name\":\"El Poder de la Luz de Cristo\"}]},{\"@type\":\"WebSite\",\"@id\":\"https:\\\/\\\/spiritual-science-research.com\\\/#website\",\"url\":\"https:\\\/\\\/spiritual-science-research.com\\\/\",\"name\":\"Spiritual Science Research\",\"description\":\"Learning by doing\",\"publisher\":{\"@id\":\"https:\\\/\\\/spiritual-science-research.com\\\/#organization\"},\"potentialAction\":[{\"@type\":\"SearchAction\",\"target\":{\"@type\":\"EntryPoint\",\"urlTemplate\":\"https:\\\/\\\/spiritual-science-research.com\\\/?s={search_term_string}\"},\"query-input\":{\"@type\":\"PropertyValueSpecification\",\"valueRequired\":true,\"valueName\":\"search_term_string\"}}],\"inLanguage\":\"de-DE\"},{\"@type\":\"Organization\",\"@id\":\"https:\\\/\\\/spiritual-science-research.com\\\/#organization\",\"name\":\"Spiritual Science Research\",\"url\":\"https:\\\/\\\/spiritual-science-research.com\\\/\",\"logo\":{\"@type\":\"ImageObject\",\"inLanguage\":\"de-DE\",\"@id\":\"https:\\\/\\\/spiritual-science-research.com\\\/#\\\/schema\\\/logo\\\/image\\\/\",\"url\":\"https:\\\/\\\/spiritual-science-research.com\\\/wp-content\\\/uploads\\\/2023\\\/05\\\/Group-337.png\",\"contentUrl\":\"https:\\\/\\\/spiritual-science-research.com\\\/wp-content\\\/uploads\\\/2023\\\/05\\\/Group-337.png\",\"width\":400,\"height\":161,\"caption\":\"Spiritual Science Research\"},\"image\":{\"@id\":\"https:\\\/\\\/spiritual-science-research.com\\\/#\\\/schema\\\/logo\\\/image\\\/\"}}]}<\/script>\n<!-- \/ Yoast SEO plugin. -->","yoast_head_json":{"title":"- Spiritual Science Research","robots":{"index":"index","follow":"follow","max-snippet":"max-snippet:-1","max-image-preview":"max-image-preview:large","max-video-preview":"max-video-preview:-1"},"canonical":"https:\/\/spiritual-science-research.com\/christology-in-spanish\/","og_locale":"de_DE","og_type":"article","og_title":"- Spiritual Science Research","og_url":"https:\/\/spiritual-science-research.com\/christology-in-spanish\/","og_site_name":"Spiritual Science Research","article_modified_time":"2025-04-19T14:58:26+00:00","og_image":[{"width":960,"height":1024,"url":"https:\/\/spiritual-science-research.com\/wp-content\/uploads\/2025\/04\/RS-1924-4-19-6-960x1024.png","type":"image\/png"}],"twitter_card":"summary_large_image","twitter_misc":{"Est. reading time":"3 minutes"},"schema":{"@context":"https:\/\/schema.org","@graph":[{"@type":"WebPage","@id":"https:\/\/spiritual-science-research.com\/christology-in-spanish\/","url":"https:\/\/spiritual-science-research.com\/christology-in-spanish\/","name":"- Spiritual Science Research","isPartOf":{"@id":"https:\/\/spiritual-science-research.com\/#website"},"primaryImageOfPage":{"@id":"https:\/\/spiritual-science-research.com\/christology-in-spanish\/#primaryimage"},"image":{"@id":"https:\/\/spiritual-science-research.com\/christology-in-spanish\/#primaryimage"},"thumbnailUrl":"https:\/\/spiritual-science-research.com\/wp-content\/uploads\/2025\/04\/RS-1924-4-19-6-960x1024.png","datePublished":"2023-03-30T19:28:22+00:00","dateModified":"2025-04-19T14:58:26+00:00","description":"El Poder de la Luz de Cristo - Iniciativa cristol\u00f3gica en lengua espa\u00f1ola. El objetivo es unir nuestros esfuerzos para apoyar a nuestro planeta, personas y seres","breadcrumb":{"@id":"https:\/\/spiritual-science-research.com\/christology-in-spanish\/#breadcrumb"},"inLanguage":"de-DE","potentialAction":[{"@type":"ReadAction","target":["https:\/\/spiritual-science-research.com\/christology-in-spanish\/"]}]},{"@type":"ImageObject","inLanguage":"de-DE","@id":"https:\/\/spiritual-science-research.com\/christology-in-spanish\/#primaryimage","url":"https:\/\/spiritual-science-research.com\/wp-content\/uploads\/2025\/04\/RS-1924-4-19-6-960x1024.png","contentUrl":"https:\/\/spiritual-science-research.com\/wp-content\/uploads\/2025\/04\/RS-1924-4-19-6-960x1024.png"},{"@type":"BreadcrumbList","@id":"https:\/\/spiritual-science-research.com\/christology-in-spanish\/#breadcrumb","itemListElement":[{"@type":"ListItem","position":1,"name":"Home","item":"https:\/\/spiritual-science-research.com\/"},{"@type":"ListItem","position":2,"name":"El Poder de la Luz de Cristo"}]},{"@type":"WebSite","@id":"https:\/\/spiritual-science-research.com\/#website","url":"https:\/\/spiritual-science-research.com\/","name":"Spiritual Science Research","description":"Learning by doing","publisher":{"@id":"https:\/\/spiritual-science-research.com\/#organization"},"potentialAction":[{"@type":"SearchAction","target":{"@type":"EntryPoint","urlTemplate":"https:\/\/spiritual-science-research.com\/?s={search_term_string}"},"query-input":{"@type":"PropertyValueSpecification","valueRequired":true,"valueName":"search_term_string"}}],"inLanguage":"de-DE"},{"@type":"Organization","@id":"https:\/\/spiritual-science-research.com\/#organization","name":"Spiritual Science Research","url":"https:\/\/spiritual-science-research.com\/","logo":{"@type":"ImageObject","inLanguage":"de-DE","@id":"https:\/\/spiritual-science-research.com\/#\/schema\/logo\/image\/","url":"https:\/\/spiritual-science-research.com\/wp-content\/uploads\/2023\/05\/Group-337.png","contentUrl":"https:\/\/spiritual-science-research.com\/wp-content\/uploads\/2023\/05\/Group-337.png","width":400,"height":161,"caption":"Spiritual Science Research"},"image":{"@id":"https:\/\/spiritual-science-research.com\/#\/schema\/logo\/image\/"}}]}},"_links":{"self":[{"href":"https:\/\/spiritual-science-research.com\/de\/wp-json\/wp\/v2\/pages\/1206","targetHints":{"allow":["GET"]}}],"collection":[{"href":"https:\/\/spiritual-science-research.com\/de\/wp-json\/wp\/v2\/pages"}],"about":[{"href":"https:\/\/spiritual-science-research.com\/de\/wp-json\/wp\/v2\/types\/page"}],"author":[{"embeddable":true,"href":"https:\/\/spiritual-science-research.com\/de\/wp-json\/wp\/v2\/users\/2"}],"replies":[{"embeddable":true,"href":"https:\/\/spiritual-science-research.com\/de\/wp-json\/wp\/v2\/comments?post=1206"}],"version-history":[{"count":28,"href":"https:\/\/spiritual-science-research.com\/de\/wp-json\/wp\/v2\/pages\/1206\/revisions"}],"predecessor-version":[{"id":5204,"href":"https:\/\/spiritual-science-research.com\/de\/wp-json\/wp\/v2\/pages\/1206\/revisions\/5204"}],"wp:attachment":[{"href":"https:\/\/spiritual-science-research.com\/de\/wp-json\/wp\/v2\/media?parent=1206"}],"curies":[{"name":"wp","href":"https:\/\/api.w.org\/{rel}","templated":true}]}}