{"id":1152,"date":"2023-03-21T16:55:24","date_gmt":"2023-03-21T16:55:24","guid":{"rendered":"http:\/\/spiritual-science-research.com\/?page_id=1152"},"modified":"2024-04-11T12:24:27","modified_gmt":"2024-04-11T12:24:27","slug":"what-is-spiritual-science-research","status":"publish","type":"page","link":"https:\/\/spiritual-science-research.com\/de\/what-is-spiritual-science-research\/","title":{"rendered":"Was ist geisteswissenschaftliche Forschung?"},"content":{"rendered":"\n<p>Meditation und Achtsamkeit sind zu einem globalen Ph\u00e4nomen geworden. Nur wenige, die Meditation praktizieren, erkennen ihr volles transformatives Potenzial, wenn sie mit einem Weg der inneren Entwicklung kombiniert wird.<\/p>\n\n\n\n<p><\/p>\n\n\n\n<p>Die richtige Art zu meditieren kann zur Wahrnehmung der nicht-physischen Realit\u00e4t f\u00fchren. Alle Menschen tragen den Keim f\u00fcr solche Wahrnehmungen in sich, haben aber nicht die Gewohnheit, den feinen und subtilen Informationen, die ihnen bewusst zur Verf\u00fcgung stehen, Aufmerksamkeit zu schenken. Ist die exakte Hellsichtigkeit einmal entwickelt, kann sie zur Erforschung der spirituellen Realit\u00e4t genutzt werden, die hinter allen physischen Ph\u00e4nomenen liegt.<\/p>\n\n\n\n<p>Die Entwicklung des eigenen Selbst auf eine Weise, die zu einer genauen Wahrnehmung f\u00fchrt, erm\u00f6glicht es, diese F\u00e4higkeit als Wissenschaft zu nutzen. Inessa ist diesen Weg gefolgt und die Kurse, Vortr\u00e4ge, Workshops und Beratungen, die sie anbietet, kommen nicht aus einer theoretischen Perspektive, sondern aus der praktischen Erfahrung der \u00fcbersinnlichen Welten. Die Grundlage f\u00fcr Arbeit von Inessa sind Geisteswissenschaft von Steiner und die Heilungsimpulse von Ita Wegman.<\/p>\n\n\n\n<p>\u221e \u221e \u221e<\/p>\n\n\n\n<p><\/p>\n\n\n\n<figure class=\"wp-block-image is-resized is-style-rounded\"><img loading=\"lazy\" decoding=\"async\" width=\"336\" height=\"450\" src=\"https:\/\/spiritual-science-research.com\/wp-content\/uploads\/2023\/08\/1-normal_rs_1915-1.jpg\" alt=\"\" class=\"wp-image-2548\" style=\"width:350px;height:469px\" srcset=\"https:\/\/spiritual-science-research.com\/wp-content\/uploads\/2023\/08\/1-normal_rs_1915-1.jpg 336w, https:\/\/spiritual-science-research.com\/wp-content\/uploads\/2023\/08\/1-normal_rs_1915-1-224x300.jpg 224w\" sizes=\"auto, (max-width: 336px) 100vw, 336px\" \/><\/figure>\n\n\n\n<p><strong>Rudolf Steiner<\/strong> (1861 &#8211; 1925) war Geistesforscher, Philosoph, Goetheforscher, Reformp\u00e4dagoge, Schriftsteller und der Begr\u00fcnder der Anthroposophie oder Geisteswissenschaft, einer spirituellen Weltanschauung, deren wesentlicher Inhalt auf hellsichtigen Einsichten in reale \u00fcbersinnliche Welten beruht. Er er\u00f6ffnete einen neuen, zukunftsweisenden wissenschaftlichen Zugang zur geistigen Welt. Er schenkte der Welt die anthroposophische Meditation und einen modernen Einweihungsweg, der dem Menschen hilft, sich systematisch so zu entwickeln, dass eine genaue und objektive nicht-physische Wirklichkeit wahrgenommen werden kann.<\/p>\n\n\n\n<p>\u221e \u221e \u221e<\/p>\n\n\n\n<figure class=\"wp-block-image is-resized is-style-rounded\"><img loading=\"lazy\" decoding=\"async\" width=\"339\" height=\"450\" src=\"https:\/\/spiritual-science-research.com\/wp-content\/uploads\/2023\/08\/1-normal_wegman_05-1.jpg\" alt=\"\" class=\"wp-image-2549\" style=\"width:311px;height:413px\" srcset=\"https:\/\/spiritual-science-research.com\/wp-content\/uploads\/2023\/08\/1-normal_wegman_05-1.jpg 339w, https:\/\/spiritual-science-research.com\/wp-content\/uploads\/2023\/08\/1-normal_wegman_05-1-226x300.jpg 226w\" sizes=\"auto, (max-width: 339px) 100vw, 339px\" \/><\/figure>\n\n\n\n<p><strong>Ita Wegman<\/strong> (1876 &#8211; 1943) war zusammen mit Rudolf Steiner die Begr\u00fcnderin der anthroposophisch erweiterten Medizin. Sie verfassten das medizinisch-anthroposophische Grundlagenwerk &#8220;Grundlegendes zur Erweiterung der Heilkunst nach geisteswissenschaftlichen Erkenntnissen&#8221;, das der neuen Medizin eine theoretische Basis gab. Ita Wegman stellte 1917 mit Steiners Hilfe ein Mittel gegen Krebs aus der Mistel her &#8211; das \u00e4lteste Mistelpr\u00e4parat, heute bekannt als Iscador.<\/p>\n\n\n\n<p>\u221e \u221e \u221e<\/p>\n","protected":false},"excerpt":{"rendered":"<p>Meditation und Achtsamkeit sind zu einem globalen Ph\u00e4nomen geworden. Nur wenige, die Meditation praktizieren, erkennen ihr volles transformatives Potenzial, wenn sie mit einem Weg der inneren Entwicklung kombiniert wird. Die richtige Art zu meditieren kann zur Wahrnehmung der nicht-physischen Realit\u00e4t f\u00fchren. Alle Menschen tragen den Keim f\u00fcr solche Wahrnehmungen in sich, haben aber nicht die [&hellip;]<\/p>\n","protected":false},"author":2,"featured_media":0,"parent":0,"menu_order":0,"comment_status":"closed","ping_status":"closed","template":"","meta":{"footnotes":""},"class_list":["post-1152","page","type-page","status-publish","hentry"],"translation":{"provider":"WPGlobus","version":"3.0.2","language":"de","enabled_languages":["en","de"],"languages":{"en":{"title":true,"content":true,"excerpt":false},"de":{"title":true,"content":true,"excerpt":false}}},"yoast_head":"<!-- This site is optimized with the Yoast SEO plugin v27.5 - https:\/\/yoast.com\/product\/yoast-seo-wordpress\/ -->\n<title>Was ist geisteswissenschaftliche Forschung? - Spiritual Science Research<\/title>\n<meta name=\"description\" content=\"Rudolf Steiner, Ita Wegman, Anthroposophie, Geisteswissenschaft, anthroposophische Medizin.Ist die exakte Hellsichtigkeit einmal entwickelt, kann sie zur Erforschung der spirituellen Realit\u00e4t genutzt werden, die hinter allen physischen Ph\u00e4nomenen liegt.\" \/>\n<meta name=\"robots\" content=\"index, follow, max-snippet:-1, max-image-preview:large, max-video-preview:-1\" \/>\n<link rel=\"canonical\" href=\"https:\/\/spiritual-science-research.com\/what-is-spiritual-science-research\/\" \/>\n<meta property=\"og:locale\" content=\"de_DE\" \/>\n<meta property=\"og:type\" content=\"article\" \/>\n<meta property=\"og:title\" content=\"Was ist geisteswissenschaftliche Forschung? - Spiritual Science Research\" \/>\n<meta property=\"og:description\" content=\"Rudolf Steiner, Ita Wegman, Anthroposophie, Geisteswissenschaft, anthroposophische Medizin.Ist die exakte Hellsichtigkeit einmal entwickelt, kann sie zur Erforschung der spirituellen Realit\u00e4t genutzt werden, die hinter allen physischen Ph\u00e4nomenen liegt.\" \/>\n<meta property=\"og:url\" content=\"https:\/\/spiritual-science-research.com\/what-is-spiritual-science-research\/\" \/>\n<meta property=\"og:site_name\" content=\"Spiritual Science Research\" \/>\n<meta property=\"article:modified_time\" content=\"2024-04-11T12:24:27+00:00\" \/>\n<meta property=\"og:image\" content=\"https:\/\/spiritual-science-research.com\/wp-content\/uploads\/2023\/08\/Screenshot-2023-08-17-at-23.07.19-763x1024.png\" \/>\n<meta name=\"twitter:card\" content=\"summary_large_image\" \/>\n<meta name=\"twitter:label1\" content=\"Est. reading time\" \/>\n\t<meta name=\"twitter:data1\" content=\"2 minutes\" \/>\n<script type=\"application\/ld+json\" class=\"yoast-schema-graph\">{\"@context\":\"https:\\\/\\\/schema.org\",\"@graph\":[{\"@type\":\"WebPage\",\"@id\":\"https:\\\/\\\/spiritual-science-research.com\\\/what-is-spiritual-science-research\\\/\",\"url\":\"https:\\\/\\\/spiritual-science-research.com\\\/what-is-spiritual-science-research\\\/\",\"name\":\"Was ist geisteswissenschaftliche Forschung? - Spiritual Science Research\",\"isPartOf\":{\"@id\":\"https:\\\/\\\/spiritual-science-research.com\\\/#website\"},\"primaryImageOfPage\":{\"@id\":\"https:\\\/\\\/spiritual-science-research.com\\\/what-is-spiritual-science-research\\\/#primaryimage\"},\"image\":{\"@id\":\"https:\\\/\\\/spiritual-science-research.com\\\/what-is-spiritual-science-research\\\/#primaryimage\"},\"thumbnailUrl\":\"https:\\\/\\\/spiritual-science-research.com\\\/wp-content\\\/uploads\\\/2023\\\/08\\\/Screenshot-2023-08-17-at-23.07.19-763x1024.png\",\"datePublished\":\"2023-03-21T16:55:24+00:00\",\"dateModified\":\"2024-04-11T12:24:27+00:00\",\"description\":\"Rudolf Steiner, Ita Wegman, Anthroposophie, Geisteswissenschaft, anthroposophische Medizin.Ist die exakte Hellsichtigkeit einmal entwickelt, kann sie zur Erforschung der spirituellen Realit\u00e4t genutzt werden, die hinter allen physischen Ph\u00e4nomenen liegt.\",\"breadcrumb\":{\"@id\":\"https:\\\/\\\/spiritual-science-research.com\\\/what-is-spiritual-science-research\\\/#breadcrumb\"},\"inLanguage\":\"de-DE\",\"potentialAction\":[{\"@type\":\"ReadAction\",\"target\":[\"https:\\\/\\\/spiritual-science-research.com\\\/what-is-spiritual-science-research\\\/\"]}]},{\"@type\":\"ImageObject\",\"inLanguage\":\"de-DE\",\"@id\":\"https:\\\/\\\/spiritual-science-research.com\\\/what-is-spiritual-science-research\\\/#primaryimage\",\"url\":\"https:\\\/\\\/spiritual-science-research.com\\\/wp-content\\\/uploads\\\/2023\\\/08\\\/Screenshot-2023-08-17-at-23.07.19-763x1024.png\",\"contentUrl\":\"https:\\\/\\\/spiritual-science-research.com\\\/wp-content\\\/uploads\\\/2023\\\/08\\\/Screenshot-2023-08-17-at-23.07.19-763x1024.png\"},{\"@type\":\"BreadcrumbList\",\"@id\":\"https:\\\/\\\/spiritual-science-research.com\\\/what-is-spiritual-science-research\\\/#breadcrumb\",\"itemListElement\":[{\"@type\":\"ListItem\",\"position\":1,\"name\":\"Home\",\"item\":\"https:\\\/\\\/spiritual-science-research.com\\\/\"},{\"@type\":\"ListItem\",\"position\":2,\"name\":\"What is Spiritual Science Research?\"}]},{\"@type\":\"WebSite\",\"@id\":\"https:\\\/\\\/spiritual-science-research.com\\\/#website\",\"url\":\"https:\\\/\\\/spiritual-science-research.com\\\/\",\"name\":\"Spiritual Science Research\",\"description\":\"Learning by doing\",\"publisher\":{\"@id\":\"https:\\\/\\\/spiritual-science-research.com\\\/#organization\"},\"potentialAction\":[{\"@type\":\"SearchAction\",\"target\":{\"@type\":\"EntryPoint\",\"urlTemplate\":\"https:\\\/\\\/spiritual-science-research.com\\\/?s={search_term_string}\"},\"query-input\":{\"@type\":\"PropertyValueSpecification\",\"valueRequired\":true,\"valueName\":\"search_term_string\"}}],\"inLanguage\":\"de-DE\"},{\"@type\":\"Organization\",\"@id\":\"https:\\\/\\\/spiritual-science-research.com\\\/#organization\",\"name\":\"Spiritual Science Research\",\"url\":\"https:\\\/\\\/spiritual-science-research.com\\\/\",\"logo\":{\"@type\":\"ImageObject\",\"inLanguage\":\"de-DE\",\"@id\":\"https:\\\/\\\/spiritual-science-research.com\\\/#\\\/schema\\\/logo\\\/image\\\/\",\"url\":\"https:\\\/\\\/spiritual-science-research.com\\\/wp-content\\\/uploads\\\/2023\\\/05\\\/Group-337.png\",\"contentUrl\":\"https:\\\/\\\/spiritual-science-research.com\\\/wp-content\\\/uploads\\\/2023\\\/05\\\/Group-337.png\",\"width\":400,\"height\":161,\"caption\":\"Spiritual Science Research\"},\"image\":{\"@id\":\"https:\\\/\\\/spiritual-science-research.com\\\/#\\\/schema\\\/logo\\\/image\\\/\"}}]}<\/script>\n<!-- \/ Yoast SEO plugin. -->","yoast_head_json":{"title":"Was ist geisteswissenschaftliche Forschung? - Spiritual Science Research","description":"Rudolf Steiner, Ita Wegman, Anthroposophie, Geisteswissenschaft, anthroposophische Medizin.Ist die exakte Hellsichtigkeit einmal entwickelt, kann sie zur Erforschung der spirituellen Realit\u00e4t genutzt werden, die hinter allen physischen Ph\u00e4nomenen liegt.","robots":{"index":"index","follow":"follow","max-snippet":"max-snippet:-1","max-image-preview":"max-image-preview:large","max-video-preview":"max-video-preview:-1"},"canonical":"https:\/\/spiritual-science-research.com\/what-is-spiritual-science-research\/","og_locale":"de_DE","og_type":"article","og_title":"Was ist geisteswissenschaftliche Forschung? - Spiritual Science Research","og_description":"Rudolf Steiner, Ita Wegman, Anthroposophie, Geisteswissenschaft, anthroposophische Medizin.Ist die exakte Hellsichtigkeit einmal entwickelt, kann sie zur Erforschung der spirituellen Realit\u00e4t genutzt werden, die hinter allen physischen Ph\u00e4nomenen liegt.","og_url":"https:\/\/spiritual-science-research.com\/what-is-spiritual-science-research\/","og_site_name":"Spiritual Science Research","article_modified_time":"2024-04-11T12:24:27+00:00","og_image":[{"url":"https:\/\/spiritual-science-research.com\/wp-content\/uploads\/2023\/08\/Screenshot-2023-08-17-at-23.07.19-763x1024.png","type":"","width":"","height":""}],"twitter_card":"summary_large_image","twitter_misc":{"Est. reading time":"2 minutes"},"schema":{"@context":"https:\/\/schema.org","@graph":[{"@type":"WebPage","@id":"https:\/\/spiritual-science-research.com\/what-is-spiritual-science-research\/","url":"https:\/\/spiritual-science-research.com\/what-is-spiritual-science-research\/","name":"Was ist geisteswissenschaftliche Forschung? - Spiritual Science Research","isPartOf":{"@id":"https:\/\/spiritual-science-research.com\/#website"},"primaryImageOfPage":{"@id":"https:\/\/spiritual-science-research.com\/what-is-spiritual-science-research\/#primaryimage"},"image":{"@id":"https:\/\/spiritual-science-research.com\/what-is-spiritual-science-research\/#primaryimage"},"thumbnailUrl":"https:\/\/spiritual-science-research.com\/wp-content\/uploads\/2023\/08\/Screenshot-2023-08-17-at-23.07.19-763x1024.png","datePublished":"2023-03-21T16:55:24+00:00","dateModified":"2024-04-11T12:24:27+00:00","description":"Rudolf Steiner, Ita Wegman, Anthroposophie, Geisteswissenschaft, anthroposophische Medizin.Ist die exakte Hellsichtigkeit einmal entwickelt, kann sie zur Erforschung der spirituellen Realit\u00e4t genutzt werden, die hinter allen physischen Ph\u00e4nomenen liegt.","breadcrumb":{"@id":"https:\/\/spiritual-science-research.com\/what-is-spiritual-science-research\/#breadcrumb"},"inLanguage":"de-DE","potentialAction":[{"@type":"ReadAction","target":["https:\/\/spiritual-science-research.com\/what-is-spiritual-science-research\/"]}]},{"@type":"ImageObject","inLanguage":"de-DE","@id":"https:\/\/spiritual-science-research.com\/what-is-spiritual-science-research\/#primaryimage","url":"https:\/\/spiritual-science-research.com\/wp-content\/uploads\/2023\/08\/Screenshot-2023-08-17-at-23.07.19-763x1024.png","contentUrl":"https:\/\/spiritual-science-research.com\/wp-content\/uploads\/2023\/08\/Screenshot-2023-08-17-at-23.07.19-763x1024.png"},{"@type":"BreadcrumbList","@id":"https:\/\/spiritual-science-research.com\/what-is-spiritual-science-research\/#breadcrumb","itemListElement":[{"@type":"ListItem","position":1,"name":"Home","item":"https:\/\/spiritual-science-research.com\/"},{"@type":"ListItem","position":2,"name":"What is Spiritual Science Research?"}]},{"@type":"WebSite","@id":"https:\/\/spiritual-science-research.com\/#website","url":"https:\/\/spiritual-science-research.com\/","name":"Spiritual Science Research","description":"Learning by doing","publisher":{"@id":"https:\/\/spiritual-science-research.com\/#organization"},"potentialAction":[{"@type":"SearchAction","target":{"@type":"EntryPoint","urlTemplate":"https:\/\/spiritual-science-research.com\/?s={search_term_string}"},"query-input":{"@type":"PropertyValueSpecification","valueRequired":true,"valueName":"search_term_string"}}],"inLanguage":"de-DE"},{"@type":"Organization","@id":"https:\/\/spiritual-science-research.com\/#organization","name":"Spiritual Science Research","url":"https:\/\/spiritual-science-research.com\/","logo":{"@type":"ImageObject","inLanguage":"de-DE","@id":"https:\/\/spiritual-science-research.com\/#\/schema\/logo\/image\/","url":"https:\/\/spiritual-science-research.com\/wp-content\/uploads\/2023\/05\/Group-337.png","contentUrl":"https:\/\/spiritual-science-research.com\/wp-content\/uploads\/2023\/05\/Group-337.png","width":400,"height":161,"caption":"Spiritual Science Research"},"image":{"@id":"https:\/\/spiritual-science-research.com\/#\/schema\/logo\/image\/"}}]}},"_links":{"self":[{"href":"https:\/\/spiritual-science-research.com\/de\/wp-json\/wp\/v2\/pages\/1152","targetHints":{"allow":["GET"]}}],"collection":[{"href":"https:\/\/spiritual-science-research.com\/de\/wp-json\/wp\/v2\/pages"}],"about":[{"href":"https:\/\/spiritual-science-research.com\/de\/wp-json\/wp\/v2\/types\/page"}],"author":[{"embeddable":true,"href":"https:\/\/spiritual-science-research.com\/de\/wp-json\/wp\/v2\/users\/2"}],"replies":[{"embeddable":true,"href":"https:\/\/spiritual-science-research.com\/de\/wp-json\/wp\/v2\/comments?post=1152"}],"version-history":[{"count":33,"href":"https:\/\/spiritual-science-research.com\/de\/wp-json\/wp\/v2\/pages\/1152\/revisions"}],"predecessor-version":[{"id":3474,"href":"https:\/\/spiritual-science-research.com\/de\/wp-json\/wp\/v2\/pages\/1152\/revisions\/3474"}],"wp:attachment":[{"href":"https:\/\/spiritual-science-research.com\/de\/wp-json\/wp\/v2\/media?parent=1152"}],"curies":[{"name":"wp","href":"https:\/\/api.w.org\/{rel}","templated":true}]}}