{"id":1085,"date":"2023-03-17T17:11:54","date_gmt":"2023-03-17T17:11:54","guid":{"rendered":"http:\/\/spiritual-science-research.com\/?page_id=1085"},"modified":"2026-01-13T18:20:46","modified_gmt":"2026-01-13T18:20:46","slug":"mechanics-of-the-mind","status":"publish","type":"page","link":"https:\/\/spiritual-science-research.com\/de\/mechanics-of-the-mind\/","title":{"rendered":"Die Mechanik des Bewusstseins und des leeren Bewusstseins"},"content":{"rendered":"\n<p>Vortrag und Seminar mit Inessa Burdich<\/p>\n\n\n\n<figure class=\"wp-block-image size-large\"><img loading=\"lazy\" decoding=\"async\" width=\"963\" height=\"1024\" src=\"https:\/\/spiritual-science-research.com\/wp-content\/uploads\/2026\/01\/Screenshot-2026-01-07-at-17.06.23-963x1024.png\" alt=\"\" class=\"wp-image-7208\" srcset=\"https:\/\/spiritual-science-research.com\/wp-content\/uploads\/2026\/01\/Screenshot-2026-01-07-at-17.06.23-963x1024.png 963w, https:\/\/spiritual-science-research.com\/wp-content\/uploads\/2026\/01\/Screenshot-2026-01-07-at-17.06.23-282x300.png 282w, https:\/\/spiritual-science-research.com\/wp-content\/uploads\/2026\/01\/Screenshot-2026-01-07-at-17.06.23-768x817.png 768w, https:\/\/spiritual-science-research.com\/wp-content\/uploads\/2026\/01\/Screenshot-2026-01-07-at-17.06.23.png 1350w\" sizes=\"auto, (max-width: 963px) 100vw, 963px\" \/><figcaption class=\"wp-element-caption\">Das blaue Nordfenster zeigt nach Rudolf Steiners Entwurf die Einweihung in die Welt des Geistes<\/figcaption><\/figure>\n\n\n\n<p>In diesem Vortrag, der sich in erster Linie dem Bereich unserer Denkprozesse (&#8220;niedere&#8221; geistige Sph\u00e4re) widmet, werden wir uns mit den Funktionen des intellektuellen Teils der Seele (mentale Prozesse) und deren Beeinflussung durch unsere t\u00e4glichen Aktivit\u00e4ten besch\u00e4ftigen. Unser Denken findet im sogenannten intellektuellen Teil unserer Seele statt, der als eine Art &#8220;B\u00fchne&#8221; verstanden werden kann, auf der die Gedankenwesen &#8220;erscheinen und wirken&#8221; k\u00f6nnen.<\/p>\n\n\n\n<p>Der intellektuelle Teil der Seele kann Gedankeninhalte aufnehmen und ist empf\u00e4nglich f\u00fcr eine h\u00f6here Wahrnehmung. Eine richtig formulierte Forschungsfrage aktiviert eine Verbindung zwischen dem intellektuellen Verstand und der geistigen Erkenntnis, aber um eine klare Antwort aus den geistigen Welten zu erhalten, m\u00fcssen wir einen &#8220;inhaltslosen Geisteszustand&#8221;, d.h. einen so genannten &#8220;leeren Geist&#8221; ohne Gedanken, W\u00fcnsche, Bilder, Voreingenommenheit und Vorurteile bereitstellen. Die Erlangung des leeren Geistes ist ein wesentlicher Schritt in unserer inneren Entwicklung und eine zentrale Voraussetzung f\u00fcr die geisteswissenschaftliche Forschung.<\/p>\n\n\n\n<p>\u221e \u221e \u221e<\/p>\n\n\n\n<p><strong>SEMINAR \u2013 Leeres Bewusstsein und Fragestellung in der Forschung<\/strong><\/p>\n\n\n\n<p>Auf diesem Seminar werden wir mit praktischen \u00dcbungen arbeiten, die zur Vertiefung des Vortragsinhalts dienen. Wir werden die folgenden Aspekte erforschen:&nbsp;<\/p>\n\n\n\n<ul class=\"wp-block-list\">\n<li>Wo befinden sich unsere Gedanken?<\/li>\n\n\n\n<li>Wie k\u00f6nnen wir den Unterschied zwischen dem Prozess des Denkens und dessen Inhalt erleben?&nbsp;<\/li>\n\n\n\n<li>Warum ist f\u00fcr die meisten von uns die Betrachtung unseres eigenen Denkens w\u00e4hrend dessen schwierig? Eine solche Betrachtung kann auch als ein au\u00dfergew\u00f6hnlicher Zustand beschrieben werden<\/li>\n<\/ul>\n\n\n\n<p>Wir werden auch die Frage ansprechen, wie wir die F\u00e4higkeit entwickeln k\u00f6nnen, nichts zu denken, und wir werden uns in der Erreichung inhaltslosen Bewusstseins \u00fcben. Zuletzt werden wir auch das Ph\u00e4nomen und die Voraussetzungen gesetzm\u00e4\u00dfiger Fragestellung in der Forschung erkunden.&nbsp;<\/p>\n\n\n\n<p>\u221e \u221e \u221e<\/p>\n\n\n\n<p><strong>Dieser Vortrag und dieses Seminar sind Teil des geisteswissenschaftlichen Forschungskurses. Sie sind herzlich eingeladen, hier den vollst\u00e4ndigen Inhalt des Kurses kennenzulernen<\/strong>:<\/p>\n\n\n\n<p><\/p>\n\n\n\n<p><strong>Geisteswissenschaftliche Forschung \u2013 Kursinhalt<\/strong><\/p>\n\n\n\n<figure class=\"wp-block-embed is-type-wp-embed is-provider-spiritual-science-research wp-block-embed-spiritual-science-research\"><div class=\"wp-block-embed__wrapper\">\n<blockquote class=\"wp-embedded-content\" data-secret=\"bCXfDevxmM\"><a href=\"https:\/\/spiritual-science-research.com\/themen\/\">Geisteswissenschaftliche Forschung &#8211; Kursinhalt<\/a><\/blockquote><iframe loading=\"lazy\" class=\"wp-embedded-content\" sandbox=\"allow-scripts\" security=\"restricted\" style=\"position: absolute; visibility: hidden;\" title=\"&#8220;Geisteswissenschaftliche Forschung &#8211; Kursinhalt&#8221; &#8212; Spiritual Science Research\" src=\"https:\/\/spiritual-science-research.com\/themen\/embed\/#?secret=8odC9CfVkX#?secret=bCXfDevxmM\" data-secret=\"bCXfDevxmM\" width=\"525\" height=\"296\" frameborder=\"0\" marginwidth=\"0\" marginheight=\"0\" scrolling=\"no\"><\/iframe>\n<\/div><\/figure>\n\n\n\n<p>\u221e \u221e \u221e<\/p>\n\n\n\n<p><strong>Geisteswissenschaftliche Forschung \u2013 Online-Kurs auf Deutsch<\/strong><\/p>\n\n\n\n<figure class=\"wp-block-embed is-type-wp-embed is-provider-spiritual-science-research wp-block-embed-spiritual-science-research\"><div class=\"wp-block-embed__wrapper\">\n<blockquote class=\"wp-embedded-content\" data-secret=\"qK4KNWTfso\"><a href=\"https:\/\/spiritual-science-research.com\/de\/rss-online-in-german\/\">Geisteswissenschaftliche Forschung &#8211; Online-Kurs auf Deutsch<\/a><\/blockquote><iframe loading=\"lazy\" class=\"wp-embedded-content\" sandbox=\"allow-scripts\" security=\"restricted\" style=\"position: absolute; visibility: hidden;\" title=\"&#8220;Geisteswissenschaftliche Forschung &#8211; Online-Kurs auf Deutsch&#8221; &#8212; Spiritual Science Research\" src=\"https:\/\/spiritual-science-research.com\/de\/rss-online-in-german\/embed\/#?secret=QNWvxsysdY#?secret=qK4KNWTfso\" data-secret=\"qK4KNWTfso\" width=\"525\" height=\"296\" frameborder=\"0\" marginwidth=\"0\" marginheight=\"0\" scrolling=\"no\"><\/iframe>\n<\/div><\/figure>\n\n\n\n<p>\u221e \u221e \u221e<\/p>\n","protected":false},"excerpt":{"rendered":"<p>Vortrag und Seminar mit Inessa Burdich In diesem Vortrag, der sich in erster Linie dem Bereich unserer Denkprozesse (&#8220;niedere&#8221; geistige Sph\u00e4re) widmet, werden wir uns mit den Funktionen des intellektuellen Teils der Seele (mentale Prozesse) und deren Beeinflussung durch unsere t\u00e4glichen Aktivit\u00e4ten besch\u00e4ftigen. Unser Denken findet im sogenannten intellektuellen Teil unserer Seele statt, der als [&hellip;]<\/p>\n","protected":false},"author":2,"featured_media":0,"parent":0,"menu_order":0,"comment_status":"closed","ping_status":"closed","template":"","meta":{"footnotes":""},"class_list":["post-1085","page","type-page","status-publish","hentry"],"translation":{"provider":"WPGlobus","version":"3.0.2","language":"de","enabled_languages":["en","de"],"languages":{"en":{"title":true,"content":true,"excerpt":false},"de":{"title":true,"content":true,"excerpt":false}}},"yoast_head":"<!-- This site is optimized with the Yoast SEO plugin v27.5 - https:\/\/yoast.com\/product\/yoast-seo-wordpress\/ -->\n<title>Die Mechanik des Bewusstseins und des leeren Bewusstseins - Spiritual Science Research<\/title>\n<meta name=\"robots\" content=\"index, follow, max-snippet:-1, max-image-preview:large, max-video-preview:-1\" \/>\n<link rel=\"canonical\" href=\"https:\/\/spiritual-science-research.com\/mechanics-of-the-mind\/\" \/>\n<meta property=\"og:locale\" content=\"de_DE\" \/>\n<meta property=\"og:type\" content=\"article\" \/>\n<meta property=\"og:title\" content=\"Die Mechanik des Bewusstseins und des leeren Bewusstseins - Spiritual Science Research\" \/>\n<meta property=\"og:url\" content=\"https:\/\/spiritual-science-research.com\/mechanics-of-the-mind\/\" \/>\n<meta property=\"og:site_name\" content=\"Spiritual Science Research\" \/>\n<meta property=\"article:modified_time\" content=\"2026-01-13T18:20:46+00:00\" \/>\n<meta property=\"og:image\" content=\"https:\/\/spiritual-science-research.com\/wp-content\/uploads\/2026\/01\/Screenshot-2026-01-07-at-17.06.23-963x1024.png\" \/>\n\t<meta property=\"og:image:width\" content=\"963\" \/>\n\t<meta property=\"og:image:height\" content=\"1024\" \/>\n\t<meta property=\"og:image:type\" content=\"image\/png\" \/>\n<meta name=\"twitter:card\" content=\"summary_large_image\" \/>\n<meta name=\"twitter:label1\" content=\"Est. reading time\" \/>\n\t<meta name=\"twitter:data1\" content=\"2 minutes\" \/>\n<script type=\"application\/ld+json\" class=\"yoast-schema-graph\">{\"@context\":\"https:\\\/\\\/schema.org\",\"@graph\":[{\"@type\":\"WebPage\",\"@id\":\"https:\\\/\\\/spiritual-science-research.com\\\/mechanics-of-the-mind\\\/\",\"url\":\"https:\\\/\\\/spiritual-science-research.com\\\/mechanics-of-the-mind\\\/\",\"name\":\"Die Mechanik des Bewusstseins und des leeren Bewusstseins - Spiritual Science Research\",\"isPartOf\":{\"@id\":\"https:\\\/\\\/spiritual-science-research.com\\\/#website\"},\"primaryImageOfPage\":{\"@id\":\"https:\\\/\\\/spiritual-science-research.com\\\/mechanics-of-the-mind\\\/#primaryimage\"},\"image\":{\"@id\":\"https:\\\/\\\/spiritual-science-research.com\\\/mechanics-of-the-mind\\\/#primaryimage\"},\"thumbnailUrl\":\"https:\\\/\\\/spiritual-science-research.com\\\/wp-content\\\/uploads\\\/2026\\\/01\\\/Screenshot-2026-01-07-at-17.06.23-963x1024.png\",\"datePublished\":\"2023-03-17T17:11:54+00:00\",\"dateModified\":\"2026-01-13T18:20:46+00:00\",\"description\":\"% % {:en} talk and workshop with Inessa Burdich The blue north window, according to Rudolf Steiner's design, shows the initiation into the world of the spirit % %\",\"breadcrumb\":{\"@id\":\"https:\\\/\\\/spiritual-science-research.com\\\/mechanics-of-the-mind\\\/#breadcrumb\"},\"inLanguage\":\"de-DE\",\"potentialAction\":[{\"@type\":\"ReadAction\",\"target\":[\"https:\\\/\\\/spiritual-science-research.com\\\/mechanics-of-the-mind\\\/\"]}]},{\"@type\":\"ImageObject\",\"inLanguage\":\"de-DE\",\"@id\":\"https:\\\/\\\/spiritual-science-research.com\\\/mechanics-of-the-mind\\\/#primaryimage\",\"url\":\"https:\\\/\\\/spiritual-science-research.com\\\/wp-content\\\/uploads\\\/2026\\\/01\\\/Screenshot-2026-01-07-at-17.06.23-963x1024.png\",\"contentUrl\":\"https:\\\/\\\/spiritual-science-research.com\\\/wp-content\\\/uploads\\\/2026\\\/01\\\/Screenshot-2026-01-07-at-17.06.23-963x1024.png\"},{\"@type\":\"BreadcrumbList\",\"@id\":\"https:\\\/\\\/spiritual-science-research.com\\\/mechanics-of-the-mind\\\/#breadcrumb\",\"itemListElement\":[{\"@type\":\"ListItem\",\"position\":1,\"name\":\"Home\",\"item\":\"https:\\\/\\\/spiritual-science-research.com\\\/\"},{\"@type\":\"ListItem\",\"position\":2,\"name\":\"Mechanics of the Mind and Empty Consciousness\"}]},{\"@type\":\"WebSite\",\"@id\":\"https:\\\/\\\/spiritual-science-research.com\\\/#website\",\"url\":\"https:\\\/\\\/spiritual-science-research.com\\\/\",\"name\":\"Spiritual Science Research\",\"description\":\"Learning by doing\",\"publisher\":{\"@id\":\"https:\\\/\\\/spiritual-science-research.com\\\/#organization\"},\"potentialAction\":[{\"@type\":\"SearchAction\",\"target\":{\"@type\":\"EntryPoint\",\"urlTemplate\":\"https:\\\/\\\/spiritual-science-research.com\\\/?s={search_term_string}\"},\"query-input\":{\"@type\":\"PropertyValueSpecification\",\"valueRequired\":true,\"valueName\":\"search_term_string\"}}],\"inLanguage\":\"de-DE\"},{\"@type\":\"Organization\",\"@id\":\"https:\\\/\\\/spiritual-science-research.com\\\/#organization\",\"name\":\"Spiritual Science Research\",\"url\":\"https:\\\/\\\/spiritual-science-research.com\\\/\",\"logo\":{\"@type\":\"ImageObject\",\"inLanguage\":\"de-DE\",\"@id\":\"https:\\\/\\\/spiritual-science-research.com\\\/#\\\/schema\\\/logo\\\/image\\\/\",\"url\":\"https:\\\/\\\/spiritual-science-research.com\\\/wp-content\\\/uploads\\\/2023\\\/05\\\/Group-337.png\",\"contentUrl\":\"https:\\\/\\\/spiritual-science-research.com\\\/wp-content\\\/uploads\\\/2023\\\/05\\\/Group-337.png\",\"width\":400,\"height\":161,\"caption\":\"Spiritual Science Research\"},\"image\":{\"@id\":\"https:\\\/\\\/spiritual-science-research.com\\\/#\\\/schema\\\/logo\\\/image\\\/\"}}]}<\/script>\n<!-- \/ Yoast SEO plugin. -->","yoast_head_json":{"title":"Die Mechanik des Bewusstseins und des leeren Bewusstseins - Spiritual Science Research","robots":{"index":"index","follow":"follow","max-snippet":"max-snippet:-1","max-image-preview":"max-image-preview:large","max-video-preview":"max-video-preview:-1"},"canonical":"https:\/\/spiritual-science-research.com\/mechanics-of-the-mind\/","og_locale":"de_DE","og_type":"article","og_title":"Die Mechanik des Bewusstseins und des leeren Bewusstseins - Spiritual Science Research","og_url":"https:\/\/spiritual-science-research.com\/mechanics-of-the-mind\/","og_site_name":"Spiritual Science Research","article_modified_time":"2026-01-13T18:20:46+00:00","og_image":[{"width":963,"height":1024,"url":"https:\/\/spiritual-science-research.com\/wp-content\/uploads\/2026\/01\/Screenshot-2026-01-07-at-17.06.23-963x1024.png","type":"image\/png"}],"twitter_card":"summary_large_image","twitter_misc":{"Est. reading time":"2 minutes"},"schema":{"@context":"https:\/\/schema.org","@graph":[{"@type":"WebPage","@id":"https:\/\/spiritual-science-research.com\/mechanics-of-the-mind\/","url":"https:\/\/spiritual-science-research.com\/mechanics-of-the-mind\/","name":"Die Mechanik des Bewusstseins und des leeren Bewusstseins - Spiritual Science Research","isPartOf":{"@id":"https:\/\/spiritual-science-research.com\/#website"},"primaryImageOfPage":{"@id":"https:\/\/spiritual-science-research.com\/mechanics-of-the-mind\/#primaryimage"},"image":{"@id":"https:\/\/spiritual-science-research.com\/mechanics-of-the-mind\/#primaryimage"},"thumbnailUrl":"https:\/\/spiritual-science-research.com\/wp-content\/uploads\/2026\/01\/Screenshot-2026-01-07-at-17.06.23-963x1024.png","datePublished":"2023-03-17T17:11:54+00:00","dateModified":"2026-01-13T18:20:46+00:00","description":"% % {:en} talk and workshop with Inessa Burdich The blue north window, according to Rudolf Steiner's design, shows the initiation into the world of the spirit % %","breadcrumb":{"@id":"https:\/\/spiritual-science-research.com\/mechanics-of-the-mind\/#breadcrumb"},"inLanguage":"de-DE","potentialAction":[{"@type":"ReadAction","target":["https:\/\/spiritual-science-research.com\/mechanics-of-the-mind\/"]}]},{"@type":"ImageObject","inLanguage":"de-DE","@id":"https:\/\/spiritual-science-research.com\/mechanics-of-the-mind\/#primaryimage","url":"https:\/\/spiritual-science-research.com\/wp-content\/uploads\/2026\/01\/Screenshot-2026-01-07-at-17.06.23-963x1024.png","contentUrl":"https:\/\/spiritual-science-research.com\/wp-content\/uploads\/2026\/01\/Screenshot-2026-01-07-at-17.06.23-963x1024.png"},{"@type":"BreadcrumbList","@id":"https:\/\/spiritual-science-research.com\/mechanics-of-the-mind\/#breadcrumb","itemListElement":[{"@type":"ListItem","position":1,"name":"Home","item":"https:\/\/spiritual-science-research.com\/"},{"@type":"ListItem","position":2,"name":"Mechanics of the Mind and Empty Consciousness"}]},{"@type":"WebSite","@id":"https:\/\/spiritual-science-research.com\/#website","url":"https:\/\/spiritual-science-research.com\/","name":"Spiritual Science Research","description":"Learning by doing","publisher":{"@id":"https:\/\/spiritual-science-research.com\/#organization"},"potentialAction":[{"@type":"SearchAction","target":{"@type":"EntryPoint","urlTemplate":"https:\/\/spiritual-science-research.com\/?s={search_term_string}"},"query-input":{"@type":"PropertyValueSpecification","valueRequired":true,"valueName":"search_term_string"}}],"inLanguage":"de-DE"},{"@type":"Organization","@id":"https:\/\/spiritual-science-research.com\/#organization","name":"Spiritual Science Research","url":"https:\/\/spiritual-science-research.com\/","logo":{"@type":"ImageObject","inLanguage":"de-DE","@id":"https:\/\/spiritual-science-research.com\/#\/schema\/logo\/image\/","url":"https:\/\/spiritual-science-research.com\/wp-content\/uploads\/2023\/05\/Group-337.png","contentUrl":"https:\/\/spiritual-science-research.com\/wp-content\/uploads\/2023\/05\/Group-337.png","width":400,"height":161,"caption":"Spiritual Science Research"},"image":{"@id":"https:\/\/spiritual-science-research.com\/#\/schema\/logo\/image\/"}}]}},"_links":{"self":[{"href":"https:\/\/spiritual-science-research.com\/de\/wp-json\/wp\/v2\/pages\/1085","targetHints":{"allow":["GET"]}}],"collection":[{"href":"https:\/\/spiritual-science-research.com\/de\/wp-json\/wp\/v2\/pages"}],"about":[{"href":"https:\/\/spiritual-science-research.com\/de\/wp-json\/wp\/v2\/types\/page"}],"author":[{"embeddable":true,"href":"https:\/\/spiritual-science-research.com\/de\/wp-json\/wp\/v2\/users\/2"}],"replies":[{"embeddable":true,"href":"https:\/\/spiritual-science-research.com\/de\/wp-json\/wp\/v2\/comments?post=1085"}],"version-history":[{"count":27,"href":"https:\/\/spiritual-science-research.com\/de\/wp-json\/wp\/v2\/pages\/1085\/revisions"}],"predecessor-version":[{"id":7684,"href":"https:\/\/spiritual-science-research.com\/de\/wp-json\/wp\/v2\/pages\/1085\/revisions\/7684"}],"wp:attachment":[{"href":"https:\/\/spiritual-science-research.com\/de\/wp-json\/wp\/v2\/media?parent=1085"}],"curies":[{"name":"wp","href":"https:\/\/api.w.org\/{rel}","templated":true}]}}