{"id":1081,"date":"2023-03-17T17:07:53","date_gmt":"2023-03-17T17:07:53","guid":{"rendered":"http:\/\/spiritual-science-research.com\/?page_id=1081"},"modified":"2026-01-13T18:19:34","modified_gmt":"2026-01-13T18:19:34","slug":"the-soul-parts-of-the-human-constitution","status":"publish","type":"page","link":"https:\/\/spiritual-science-research.com\/de\/the-soul-parts-of-the-human-constitution\/","title":{"rendered":"Die seelischen Wesensglieder der menschlichen Konstitution"},"content":{"rendered":"\n<p>Vortrag und Seminar mit Inessa Burdich<\/p>\n\n\n\n<figure class=\"wp-block-image size-full\"><img loading=\"lazy\" decoding=\"async\" width=\"1338\" height=\"1370\" src=\"https:\/\/spiritual-science-research.com\/wp-content\/uploads\/2026\/01\/Screenshot-2026-01-07-at-16.47.04.png\" alt=\"\" class=\"wp-image-7202\" srcset=\"https:\/\/spiritual-science-research.com\/wp-content\/uploads\/2026\/01\/Screenshot-2026-01-07-at-16.47.04.png 1338w, https:\/\/spiritual-science-research.com\/wp-content\/uploads\/2026\/01\/Screenshot-2026-01-07-at-16.47.04-293x300.png 293w, https:\/\/spiritual-science-research.com\/wp-content\/uploads\/2026\/01\/Screenshot-2026-01-07-at-16.47.04-1000x1024.png 1000w, https:\/\/spiritual-science-research.com\/wp-content\/uploads\/2026\/01\/Screenshot-2026-01-07-at-16.47.04-768x786.png 768w\" sizes=\"auto, (max-width: 1338px) 100vw, 1338px\" \/><figcaption class=\"wp-element-caption\">Das gr\u00fcne S\u00fcdfenster nach Rudolf Steiners Entwurf, das den Weg zu inspiriertem Erkenntnis zeigt<\/figcaption><\/figure>\n\n\n\n<p>Dieser Vortrag untersucht das Ph\u00e4nomen der Seelenkonstitution und ihre Unterteilung in drei Aspekte: Empfindungsseele, Verstandesseele und Bewusstseinsseele. Im Vortrag wird das Gewicht auf die Empfindungs- und Bewusstseinsseele gelegt.&nbsp;<\/p>\n\n\n\n<p>Jeder Teil der Seele hat spezifische Qualit\u00e4ten. Die Empfindungsseele ist verantwortlich f\u00fcr unsere Instinkte, \u00c4ngste und andere unterbewusste Emotionen.&nbsp;<\/p>\n\n\n\n<p>Auch die Beziehung zwischen Krankheit und Seele wird beleuchtet. Wir werden der Frage nachgehen, wie wir unsere Seele unterst\u00fctzen und harmonisieren k\u00f6nnen.&nbsp;<\/p>\n\n\n\n<p>Alles, was die Seele an Wahrem und Gutem entwickelt, ist unsterblich Wenn wir an diesem Prozess arbeiten, erheben wir uns \u00fcber die Empfindungsseele hinaus zur Bewusstseinsseele.<\/p>\n\n\n\n<p>\u221e \u221e \u221e<\/p>\n\n\n\n<p><strong><strong>SEMINAR \u2013 Wie erlange ich Gleichgewicht und Ausgeglichenheit in der Seele?<\/strong><\/strong><\/p>\n\n\n\n<p>Dieses Seminar, das in sich praktische \u00dcbungen einschlie\u00dft, wird unser Verst\u00e4ndnis des Vortragsinhalts vertiefen. Auf dem Weg der inneren Entwicklung werden wir dessen gewahr, wie unser Leben voll von Ablenkungen und Verlockungen ist, die uns jeden Tag in unterschiedliche Richtungen ziehen. Wie finde ich den geistigen Schwerpunkt, der mir St\u00e4rke und Sicherheit verleiht und mich beim Behalten dieser Ausgeglichenheit und Harmonie unterst\u00fctzt? Wie kann die innere Ausgeglichenheit zwischen meiner Seele und den geistigen Kr\u00e4ften Harmonie in die Beziehung zu meiner Intelligenz, meinen Gef\u00fchlen und meiner Moralit\u00e4t bringen?<\/p>\n\n\n\n<p>In diesem Seminar werden wir erforschen, wie wir das seelische Gleichgewicht entwickeln k\u00f6nnen, das als geistig inspirierte Gesinnung erscheint, die uns erm\u00f6glicht, sicher und effektiv auf der Welt mitzuarbeiten.&nbsp;which enables us to work safely and effectively in the world.<\/p>\n\n\n\n<p><\/p>\n\n\n\n<p>\u221e \u221e \u221e<\/p>\n\n\n\n<p><strong>Dieser Vortrag und dieses Seminar sind Teil des geisteswissenschaftlichen Forschungskurses. Sie sind herzlich eingeladen, hier den vollst\u00e4ndigen Inhalt des Kurses kennenzulernen<\/strong>:<\/p>\n\n\n\n<figure class=\"wp-block-embed is-type-wp-embed is-provider-spiritual-science-research wp-block-embed-spiritual-science-research\"><div class=\"wp-block-embed__wrapper\">\n<blockquote class=\"wp-embedded-content\" data-secret=\"uxOucznwA8\"><a href=\"https:\/\/spiritual-science-research.com\/themen\/\">Geisteswissenschaftliche Forschung &#8211; Kursinhalt<\/a><\/blockquote><iframe loading=\"lazy\" class=\"wp-embedded-content\" sandbox=\"allow-scripts\" security=\"restricted\" style=\"position: absolute; visibility: hidden;\" title=\"&#8220;Geisteswissenschaftliche Forschung &#8211; Kursinhalt&#8221; &#8212; Spiritual Science Research\" src=\"https:\/\/spiritual-science-research.com\/themen\/embed\/#?secret=MLQp0td7B0#?secret=uxOucznwA8\" data-secret=\"uxOucznwA8\" width=\"525\" height=\"296\" frameborder=\"0\" marginwidth=\"0\" marginheight=\"0\" scrolling=\"no\"><\/iframe>\n<\/div><\/figure>\n\n\n\n<p><strong><a href=\"\/de\/berlin-research-course\/\">Geisteswissenschaftliche Forschung \u2013 Berlin Kurs<\/a><\/strong>. <\/p>\n\n\n\n<p>\u221e \u221e \u221e<\/p>\n\n\n\n<p><a href=\"\/de\/rss-online-in-german\/\"><strong>Geisteswissenschaftliche Forschung \u2013 Online-Kurs auf Deutsch<\/strong>.<\/a><\/p>\n\n\n\n<p>\u221e \u221e \u221e<\/p>\n","protected":false},"excerpt":{"rendered":"<p>Vortrag und Seminar mit Inessa Burdich Dieser Vortrag untersucht das Ph\u00e4nomen der Seelenkonstitution und ihre Unterteilung in drei Aspekte: Empfindungsseele, Verstandesseele und Bewusstseinsseele. Im Vortrag wird das Gewicht auf die Empfindungs- und Bewusstseinsseele gelegt.&nbsp; Jeder Teil der Seele hat spezifische Qualit\u00e4ten. Die Empfindungsseele ist verantwortlich f\u00fcr unsere Instinkte, \u00c4ngste und andere unterbewusste Emotionen.&nbsp; Auch die [&hellip;]<\/p>\n","protected":false},"author":2,"featured_media":0,"parent":0,"menu_order":0,"comment_status":"closed","ping_status":"closed","template":"","meta":{"footnotes":""},"class_list":["post-1081","page","type-page","status-publish","hentry"],"translation":{"provider":"WPGlobus","version":"3.0.2","language":"de","enabled_languages":["en","de"],"languages":{"en":{"title":true,"content":true,"excerpt":false},"de":{"title":true,"content":true,"excerpt":false}}},"yoast_head":"<!-- This site is optimized with the Yoast SEO plugin v27.5 - https:\/\/yoast.com\/product\/yoast-seo-wordpress\/ -->\n<title>Die seelischen Wesensglieder der menschlichen Konstitution - Spiritual Science Research<\/title>\n<meta name=\"robots\" content=\"index, follow, max-snippet:-1, max-image-preview:large, max-video-preview:-1\" \/>\n<link rel=\"canonical\" href=\"https:\/\/spiritual-science-research.com\/the-soul-parts-of-the-human-constitution\/\" \/>\n<meta property=\"og:locale\" content=\"de_DE\" \/>\n<meta property=\"og:type\" content=\"article\" \/>\n<meta property=\"og:title\" content=\"Die seelischen Wesensglieder der menschlichen Konstitution - Spiritual Science Research\" \/>\n<meta property=\"og:url\" content=\"https:\/\/spiritual-science-research.com\/the-soul-parts-of-the-human-constitution\/\" \/>\n<meta property=\"og:site_name\" content=\"Spiritual Science Research\" \/>\n<meta property=\"article:modified_time\" content=\"2026-01-13T18:19:34+00:00\" \/>\n<meta property=\"og:image\" content=\"https:\/\/spiritual-science-research.com\/wp-content\/uploads\/2026\/01\/Screenshot-2026-01-07-at-16.47.04-1000x1024.png\" \/>\n\t<meta property=\"og:image:width\" content=\"1000\" \/>\n\t<meta property=\"og:image:height\" content=\"1024\" \/>\n\t<meta property=\"og:image:type\" content=\"image\/png\" \/>\n<meta name=\"twitter:card\" content=\"summary_large_image\" \/>\n<meta name=\"twitter:label1\" content=\"Est. reading time\" \/>\n\t<meta name=\"twitter:data1\" content=\"2 minutes\" \/>\n<script type=\"application\/ld+json\" class=\"yoast-schema-graph\">{\"@context\":\"https:\\\/\\\/schema.org\",\"@graph\":[{\"@type\":\"WebPage\",\"@id\":\"https:\\\/\\\/spiritual-science-research.com\\\/the-soul-parts-of-the-human-constitution\\\/\",\"url\":\"https:\\\/\\\/spiritual-science-research.com\\\/the-soul-parts-of-the-human-constitution\\\/\",\"name\":\"Die seelischen Wesensglieder der menschlichen Konstitution - Spiritual Science Research\",\"isPartOf\":{\"@id\":\"https:\\\/\\\/spiritual-science-research.com\\\/#website\"},\"primaryImageOfPage\":{\"@id\":\"https:\\\/\\\/spiritual-science-research.com\\\/the-soul-parts-of-the-human-constitution\\\/#primaryimage\"},\"image\":{\"@id\":\"https:\\\/\\\/spiritual-science-research.com\\\/the-soul-parts-of-the-human-constitution\\\/#primaryimage\"},\"thumbnailUrl\":\"https:\\\/\\\/spiritual-science-research.com\\\/wp-content\\\/uploads\\\/2026\\\/01\\\/Screenshot-2026-01-07-at-16.47.04.png\",\"datePublished\":\"2023-03-17T17:07:53+00:00\",\"dateModified\":\"2026-01-13T18:19:34+00:00\",\"description\":\"% % {:en} talk and workshop with Inessa Burdich The green south window according to Rudolf Steiner's design, showing the path to iintuitive knowledge This % %\",\"breadcrumb\":{\"@id\":\"https:\\\/\\\/spiritual-science-research.com\\\/the-soul-parts-of-the-human-constitution\\\/#breadcrumb\"},\"inLanguage\":\"de-DE\",\"potentialAction\":[{\"@type\":\"ReadAction\",\"target\":[\"https:\\\/\\\/spiritual-science-research.com\\\/the-soul-parts-of-the-human-constitution\\\/\"]}]},{\"@type\":\"ImageObject\",\"inLanguage\":\"de-DE\",\"@id\":\"https:\\\/\\\/spiritual-science-research.com\\\/the-soul-parts-of-the-human-constitution\\\/#primaryimage\",\"url\":\"https:\\\/\\\/spiritual-science-research.com\\\/wp-content\\\/uploads\\\/2026\\\/01\\\/Screenshot-2026-01-07-at-16.47.04.png\",\"contentUrl\":\"https:\\\/\\\/spiritual-science-research.com\\\/wp-content\\\/uploads\\\/2026\\\/01\\\/Screenshot-2026-01-07-at-16.47.04.png\"},{\"@type\":\"BreadcrumbList\",\"@id\":\"https:\\\/\\\/spiritual-science-research.com\\\/the-soul-parts-of-the-human-constitution\\\/#breadcrumb\",\"itemListElement\":[{\"@type\":\"ListItem\",\"position\":1,\"name\":\"Home\",\"item\":\"https:\\\/\\\/spiritual-science-research.com\\\/\"},{\"@type\":\"ListItem\",\"position\":2,\"name\":\"The soul parts of the human constitution\"}]},{\"@type\":\"WebSite\",\"@id\":\"https:\\\/\\\/spiritual-science-research.com\\\/#website\",\"url\":\"https:\\\/\\\/spiritual-science-research.com\\\/\",\"name\":\"Spiritual Science Research\",\"description\":\"Learning by doing\",\"publisher\":{\"@id\":\"https:\\\/\\\/spiritual-science-research.com\\\/#organization\"},\"potentialAction\":[{\"@type\":\"SearchAction\",\"target\":{\"@type\":\"EntryPoint\",\"urlTemplate\":\"https:\\\/\\\/spiritual-science-research.com\\\/?s={search_term_string}\"},\"query-input\":{\"@type\":\"PropertyValueSpecification\",\"valueRequired\":true,\"valueName\":\"search_term_string\"}}],\"inLanguage\":\"de-DE\"},{\"@type\":\"Organization\",\"@id\":\"https:\\\/\\\/spiritual-science-research.com\\\/#organization\",\"name\":\"Spiritual Science Research\",\"url\":\"https:\\\/\\\/spiritual-science-research.com\\\/\",\"logo\":{\"@type\":\"ImageObject\",\"inLanguage\":\"de-DE\",\"@id\":\"https:\\\/\\\/spiritual-science-research.com\\\/#\\\/schema\\\/logo\\\/image\\\/\",\"url\":\"https:\\\/\\\/spiritual-science-research.com\\\/wp-content\\\/uploads\\\/2023\\\/05\\\/Group-337.png\",\"contentUrl\":\"https:\\\/\\\/spiritual-science-research.com\\\/wp-content\\\/uploads\\\/2023\\\/05\\\/Group-337.png\",\"width\":400,\"height\":161,\"caption\":\"Spiritual Science Research\"},\"image\":{\"@id\":\"https:\\\/\\\/spiritual-science-research.com\\\/#\\\/schema\\\/logo\\\/image\\\/\"}}]}<\/script>\n<!-- \/ Yoast SEO plugin. -->","yoast_head_json":{"title":"Die seelischen Wesensglieder der menschlichen Konstitution - Spiritual Science Research","robots":{"index":"index","follow":"follow","max-snippet":"max-snippet:-1","max-image-preview":"max-image-preview:large","max-video-preview":"max-video-preview:-1"},"canonical":"https:\/\/spiritual-science-research.com\/the-soul-parts-of-the-human-constitution\/","og_locale":"de_DE","og_type":"article","og_title":"Die seelischen Wesensglieder der menschlichen Konstitution - Spiritual Science Research","og_url":"https:\/\/spiritual-science-research.com\/the-soul-parts-of-the-human-constitution\/","og_site_name":"Spiritual Science Research","article_modified_time":"2026-01-13T18:19:34+00:00","og_image":[{"width":1000,"height":1024,"url":"https:\/\/spiritual-science-research.com\/wp-content\/uploads\/2026\/01\/Screenshot-2026-01-07-at-16.47.04-1000x1024.png","type":"image\/png"}],"twitter_card":"summary_large_image","twitter_misc":{"Est. reading time":"2 minutes"},"schema":{"@context":"https:\/\/schema.org","@graph":[{"@type":"WebPage","@id":"https:\/\/spiritual-science-research.com\/the-soul-parts-of-the-human-constitution\/","url":"https:\/\/spiritual-science-research.com\/the-soul-parts-of-the-human-constitution\/","name":"Die seelischen Wesensglieder der menschlichen Konstitution - Spiritual Science Research","isPartOf":{"@id":"https:\/\/spiritual-science-research.com\/#website"},"primaryImageOfPage":{"@id":"https:\/\/spiritual-science-research.com\/the-soul-parts-of-the-human-constitution\/#primaryimage"},"image":{"@id":"https:\/\/spiritual-science-research.com\/the-soul-parts-of-the-human-constitution\/#primaryimage"},"thumbnailUrl":"https:\/\/spiritual-science-research.com\/wp-content\/uploads\/2026\/01\/Screenshot-2026-01-07-at-16.47.04.png","datePublished":"2023-03-17T17:07:53+00:00","dateModified":"2026-01-13T18:19:34+00:00","description":"% % {:en} talk and workshop with Inessa Burdich The green south window according to Rudolf Steiner's design, showing the path to iintuitive knowledge This % %","breadcrumb":{"@id":"https:\/\/spiritual-science-research.com\/the-soul-parts-of-the-human-constitution\/#breadcrumb"},"inLanguage":"de-DE","potentialAction":[{"@type":"ReadAction","target":["https:\/\/spiritual-science-research.com\/the-soul-parts-of-the-human-constitution\/"]}]},{"@type":"ImageObject","inLanguage":"de-DE","@id":"https:\/\/spiritual-science-research.com\/the-soul-parts-of-the-human-constitution\/#primaryimage","url":"https:\/\/spiritual-science-research.com\/wp-content\/uploads\/2026\/01\/Screenshot-2026-01-07-at-16.47.04.png","contentUrl":"https:\/\/spiritual-science-research.com\/wp-content\/uploads\/2026\/01\/Screenshot-2026-01-07-at-16.47.04.png"},{"@type":"BreadcrumbList","@id":"https:\/\/spiritual-science-research.com\/the-soul-parts-of-the-human-constitution\/#breadcrumb","itemListElement":[{"@type":"ListItem","position":1,"name":"Home","item":"https:\/\/spiritual-science-research.com\/"},{"@type":"ListItem","position":2,"name":"The soul parts of the human constitution"}]},{"@type":"WebSite","@id":"https:\/\/spiritual-science-research.com\/#website","url":"https:\/\/spiritual-science-research.com\/","name":"Spiritual Science Research","description":"Learning by doing","publisher":{"@id":"https:\/\/spiritual-science-research.com\/#organization"},"potentialAction":[{"@type":"SearchAction","target":{"@type":"EntryPoint","urlTemplate":"https:\/\/spiritual-science-research.com\/?s={search_term_string}"},"query-input":{"@type":"PropertyValueSpecification","valueRequired":true,"valueName":"search_term_string"}}],"inLanguage":"de-DE"},{"@type":"Organization","@id":"https:\/\/spiritual-science-research.com\/#organization","name":"Spiritual Science Research","url":"https:\/\/spiritual-science-research.com\/","logo":{"@type":"ImageObject","inLanguage":"de-DE","@id":"https:\/\/spiritual-science-research.com\/#\/schema\/logo\/image\/","url":"https:\/\/spiritual-science-research.com\/wp-content\/uploads\/2023\/05\/Group-337.png","contentUrl":"https:\/\/spiritual-science-research.com\/wp-content\/uploads\/2023\/05\/Group-337.png","width":400,"height":161,"caption":"Spiritual Science Research"},"image":{"@id":"https:\/\/spiritual-science-research.com\/#\/schema\/logo\/image\/"}}]}},"_links":{"self":[{"href":"https:\/\/spiritual-science-research.com\/de\/wp-json\/wp\/v2\/pages\/1081","targetHints":{"allow":["GET"]}}],"collection":[{"href":"https:\/\/spiritual-science-research.com\/de\/wp-json\/wp\/v2\/pages"}],"about":[{"href":"https:\/\/spiritual-science-research.com\/de\/wp-json\/wp\/v2\/types\/page"}],"author":[{"embeddable":true,"href":"https:\/\/spiritual-science-research.com\/de\/wp-json\/wp\/v2\/users\/2"}],"replies":[{"embeddable":true,"href":"https:\/\/spiritual-science-research.com\/de\/wp-json\/wp\/v2\/comments?post=1081"}],"version-history":[{"count":26,"href":"https:\/\/spiritual-science-research.com\/de\/wp-json\/wp\/v2\/pages\/1081\/revisions"}],"predecessor-version":[{"id":7349,"href":"https:\/\/spiritual-science-research.com\/de\/wp-json\/wp\/v2\/pages\/1081\/revisions\/7349"}],"wp:attachment":[{"href":"https:\/\/spiritual-science-research.com\/de\/wp-json\/wp\/v2\/media?parent=1081"}],"curies":[{"name":"wp","href":"https:\/\/api.w.org\/{rel}","templated":true}]}}