{"id":1063,"date":"2023-03-17T16:36:57","date_gmt":"2023-03-17T16:36:57","guid":{"rendered":"http:\/\/spiritual-science-research.com\/?page_id=1063"},"modified":"2026-01-13T18:17:26","modified_gmt":"2026-01-13T18:17:26","slug":"the-spiritual-parts-of-the-human-constitution","status":"publish","type":"page","link":"https:\/\/spiritual-science-research.com\/de\/the-spiritual-parts-of-the-human-constitution\/","title":{"rendered":"Die geistigen Wesensglieder der menschlichen Konstitution"},"content":{"rendered":"\n<p>Vortrag und Seminar mit Inessa Burdich<\/p>\n\n\n\n<figure class=\"wp-block-image size-full\"><img loading=\"lazy\" decoding=\"async\" width=\"935\" height=\"1024\" src=\"https:\/\/spiritual-science-research.com\/wp-content\/uploads\/2026\/01\/5-Goetheanum1_Green_North_Window.jpg\" alt=\"\" class=\"wp-image-7292\" srcset=\"https:\/\/spiritual-science-research.com\/wp-content\/uploads\/2026\/01\/5-Goetheanum1_Green_North_Window.jpg 935w, https:\/\/spiritual-science-research.com\/wp-content\/uploads\/2026\/01\/5-Goetheanum1_Green_North_Window-274x300.jpg 274w, https:\/\/spiritual-science-research.com\/wp-content\/uploads\/2026\/01\/5-Goetheanum1_Green_North_Window-768x841.jpg 768w\" sizes=\"auto, (max-width: 935px) 100vw, 935px\" \/><figcaption class=\"wp-element-caption\">Das gr\u00fcne Nordfenster nach Rudolf Steiners Entwurf, das den Weg zu intuitiven Erkenntnis zeigt<\/figcaption><\/figure>\n\n\n\n<p>Dieser Vortrag, der vor allem den geistigen Welten gewidmet ist, erforscht das Ph\u00e4nomen der menschlichen geistigen Verfassung. Unsere entwickelte h\u00f6here geistige Struktur besteht aus drei Teilen &#8211; Geist-Selbst, Lebensgeist und Geist-Mensch. Der Mensch ist in der Lage, seine h\u00f6heren geistigen K\u00f6rper zu entwickeln, indem er \u00fcber einen inneren geistigen Weg an sich arbeitet.<\/p>\n\n\n\n<p>Die h\u00f6heren spirituellen K\u00f6rper k\u00f6nnen \u00fcber mehrere Lebenszeiten entwickelt werden und gehen nicht mit dem physischen K\u00f6rper unter, sondern bleiben in den geistigen Welten aktiv. Sie geben uns in einem &#8220;geistig-gemeinschaftsbildenden&#8221; Prozess eine Orientierung zu anderen Seelen. Wir werden die Prinzipien dieser M\u00f6glichkeit betrachten.<\/p>\n\n\n\n<p>\u221e \u221e \u221e<\/p>\n\n\n\n<p><strong>SEMINAR \u2013 Die menschliche geistige Konstitution und die Rolle der Objektivit\u00e4t in der Forschung.&nbsp;<\/strong><\/p>\n\n\n\n<p>Dieses Seminar, das in sich praktische \u00dcbungen einschlie\u00dft, wird unser Verst\u00e4ndnis des Vortragsinhalts vertiefen. Es widmet sich in erster Linie demjenigen Teil der menschlichen geistigen Konstitution, der als Geistselbst bezeichnet wird.&nbsp;<\/p>\n\n\n\n<p>Wir werden die folgenden Themen betrachten:&nbsp;<\/p>\n\n\n\n<ul class=\"wp-block-list\">\n<li>Erkunden und Erforschen der Grundrolle der Objektivit\u00e4t in der Geistesforschung. Erforschen der Prozesse, die in der Verwandlung unserer subjektiven Erlebnisse in die objektiven beteiligt sind.&nbsp;<\/li>\n\n\n\n<li>Entwicklung der Gesinnung des vollkommenen Objektivseins. Gewahr werden des Geistselbst.&nbsp;<\/li>\n<\/ul>\n\n\n\n<p>\u221e \u221e \u221e<\/p>\n\n\n\n<p><strong>Dieser Vortrag und dieses Seminar sind Teil des geisteswissenschaftlichen Forschungskurses. Sie sind herzlich eingeladen, hier den vollst\u00e4ndigen Inhalt des Kurses kennenzulernen<\/strong>:<\/p>\n\n\n\n<p><\/p>\n\n\n\n<p><strong>Geisteswissenschaftliche Forschung \u2013 Kursinhalt<\/strong><\/p>\n\n\n\n<figure class=\"wp-block-embed is-type-wp-embed is-provider-spiritual-science-research wp-block-embed-spiritual-science-research\"><div class=\"wp-block-embed__wrapper\">\n<blockquote class=\"wp-embedded-content\" data-secret=\"FQRM1OYPSn\"><a href=\"https:\/\/spiritual-science-research.com\/themen\/\">Geisteswissenschaftliche Forschung &#8211; Kursinhalt<\/a><\/blockquote><iframe loading=\"lazy\" class=\"wp-embedded-content\" sandbox=\"allow-scripts\" security=\"restricted\" style=\"position: absolute; visibility: hidden;\" title=\"&#8220;Geisteswissenschaftliche Forschung &#8211; Kursinhalt&#8221; &#8212; Spiritual Science Research\" src=\"https:\/\/spiritual-science-research.com\/themen\/embed\/#?secret=Lb6D3b7s9O#?secret=FQRM1OYPSn\" data-secret=\"FQRM1OYPSn\" width=\"525\" height=\"296\" frameborder=\"0\" marginwidth=\"0\" marginheight=\"0\" scrolling=\"no\"><\/iframe>\n<\/div><\/figure>\n\n\n\n<p>\u221e \u221e \u221e<\/p>\n\n\n\n<p><strong>Geisteswissenschaftliche Forschung \u2013 Online-Kurs auf Deutsch<\/strong><\/p>\n\n\n\n<figure class=\"wp-block-embed is-type-wp-embed is-provider-spiritual-science-research wp-block-embed-spiritual-science-research\"><div class=\"wp-block-embed__wrapper\">\n<blockquote class=\"wp-embedded-content\" data-secret=\"Yw1QhP3tcF\"><a href=\"https:\/\/spiritual-science-research.com\/de\/rss-online-in-german\/\">Geisteswissenschaftliche Forschung &#8211; Online-Kurs auf Deutsch<\/a><\/blockquote><iframe loading=\"lazy\" class=\"wp-embedded-content\" sandbox=\"allow-scripts\" security=\"restricted\" style=\"position: absolute; visibility: hidden;\" title=\"&#8220;Geisteswissenschaftliche Forschung &#8211; Online-Kurs auf Deutsch&#8221; &#8212; Spiritual Science Research\" src=\"https:\/\/spiritual-science-research.com\/de\/rss-online-in-german\/embed\/#?secret=zTw0TRxmdc#?secret=Yw1QhP3tcF\" data-secret=\"Yw1QhP3tcF\" width=\"525\" height=\"296\" frameborder=\"0\" marginwidth=\"0\" marginheight=\"0\" scrolling=\"no\"><\/iframe>\n<\/div><\/figure>\n\n\n\n<p>\u221e \u221e \u221e<\/p>\n","protected":false},"excerpt":{"rendered":"<p>Vortrag und Seminar mit Inessa Burdich Dieser Vortrag, der vor allem den geistigen Welten gewidmet ist, erforscht das Ph\u00e4nomen der menschlichen geistigen Verfassung. Unsere entwickelte h\u00f6here geistige Struktur besteht aus drei Teilen &#8211; Geist-Selbst, Lebensgeist und Geist-Mensch. Der Mensch ist in der Lage, seine h\u00f6heren geistigen K\u00f6rper zu entwickeln, indem er \u00fcber einen inneren geistigen [&hellip;]<\/p>\n","protected":false},"author":2,"featured_media":0,"parent":0,"menu_order":0,"comment_status":"closed","ping_status":"closed","template":"","meta":{"footnotes":""},"class_list":["post-1063","page","type-page","status-publish","hentry"],"translation":{"provider":"WPGlobus","version":"3.0.2","language":"de","enabled_languages":["en","de"],"languages":{"en":{"title":true,"content":true,"excerpt":false},"de":{"title":true,"content":true,"excerpt":false}}},"yoast_head":"<!-- This site is optimized with the Yoast SEO plugin v27.3 - https:\/\/yoast.com\/product\/yoast-seo-wordpress\/ -->\n<title>Die geistigen Wesensglieder der menschlichen Konstitution - Spiritual Science Research<\/title>\n<meta name=\"robots\" content=\"index, follow, max-snippet:-1, max-image-preview:large, max-video-preview:-1\" \/>\n<link rel=\"canonical\" href=\"https:\/\/spiritual-science-research.com\/the-spiritual-parts-of-the-human-constitution\/\" \/>\n<meta property=\"og:locale\" content=\"de_DE\" \/>\n<meta property=\"og:type\" content=\"article\" \/>\n<meta property=\"og:title\" content=\"Die geistigen Wesensglieder der menschlichen Konstitution - Spiritual Science Research\" \/>\n<meta property=\"og:url\" content=\"https:\/\/spiritual-science-research.com\/the-spiritual-parts-of-the-human-constitution\/\" \/>\n<meta property=\"og:site_name\" content=\"Spiritual Science Research\" \/>\n<meta property=\"article:modified_time\" content=\"2026-01-13T18:17:26+00:00\" \/>\n<meta property=\"og:image\" content=\"https:\/\/spiritual-science-research.com\/wp-content\/uploads\/2026\/01\/5-Goetheanum1_Green_North_Window.jpg\" \/>\n\t<meta property=\"og:image:width\" content=\"935\" \/>\n\t<meta property=\"og:image:height\" content=\"1024\" \/>\n\t<meta property=\"og:image:type\" content=\"image\/jpeg\" \/>\n<meta name=\"twitter:card\" content=\"summary_large_image\" \/>\n<meta name=\"twitter:label1\" content=\"Est. reading time\" \/>\n\t<meta name=\"twitter:data1\" content=\"2 minutes\" \/>\n<script type=\"application\/ld+json\" class=\"yoast-schema-graph\">{\"@context\":\"https:\\\/\\\/schema.org\",\"@graph\":[{\"@type\":\"WebPage\",\"@id\":\"https:\\\/\\\/spiritual-science-research.com\\\/the-spiritual-parts-of-the-human-constitution\\\/\",\"url\":\"https:\\\/\\\/spiritual-science-research.com\\\/the-spiritual-parts-of-the-human-constitution\\\/\",\"name\":\"Die geistigen Wesensglieder der menschlichen Konstitution - Spiritual Science Research\",\"isPartOf\":{\"@id\":\"https:\\\/\\\/spiritual-science-research.com\\\/#website\"},\"primaryImageOfPage\":{\"@id\":\"https:\\\/\\\/spiritual-science-research.com\\\/the-spiritual-parts-of-the-human-constitution\\\/#primaryimage\"},\"image\":{\"@id\":\"https:\\\/\\\/spiritual-science-research.com\\\/the-spiritual-parts-of-the-human-constitution\\\/#primaryimage\"},\"thumbnailUrl\":\"https:\\\/\\\/spiritual-science-research.com\\\/wp-content\\\/uploads\\\/2026\\\/01\\\/5-Goetheanum1_Green_North_Window.jpg\",\"datePublished\":\"2023-03-17T16:36:57+00:00\",\"dateModified\":\"2026-01-13T18:17:26+00:00\",\"description\":\"% % {:en} talk and workshop with Inessa Burdich The green north window according to Rudolf Steiner's design, showing the path to inspired knowledge This talk, % %\",\"breadcrumb\":{\"@id\":\"https:\\\/\\\/spiritual-science-research.com\\\/the-spiritual-parts-of-the-human-constitution\\\/#breadcrumb\"},\"inLanguage\":\"de-DE\",\"potentialAction\":[{\"@type\":\"ReadAction\",\"target\":[\"https:\\\/\\\/spiritual-science-research.com\\\/the-spiritual-parts-of-the-human-constitution\\\/\"]}]},{\"@type\":\"ImageObject\",\"inLanguage\":\"de-DE\",\"@id\":\"https:\\\/\\\/spiritual-science-research.com\\\/the-spiritual-parts-of-the-human-constitution\\\/#primaryimage\",\"url\":\"https:\\\/\\\/spiritual-science-research.com\\\/wp-content\\\/uploads\\\/2026\\\/01\\\/5-Goetheanum1_Green_North_Window.jpg\",\"contentUrl\":\"https:\\\/\\\/spiritual-science-research.com\\\/wp-content\\\/uploads\\\/2026\\\/01\\\/5-Goetheanum1_Green_North_Window.jpg\"},{\"@type\":\"BreadcrumbList\",\"@id\":\"https:\\\/\\\/spiritual-science-research.com\\\/the-spiritual-parts-of-the-human-constitution\\\/#breadcrumb\",\"itemListElement\":[{\"@type\":\"ListItem\",\"position\":1,\"name\":\"Home\",\"item\":\"https:\\\/\\\/spiritual-science-research.com\\\/\"},{\"@type\":\"ListItem\",\"position\":2,\"name\":\"The spiritual parts of the human constitution\"}]},{\"@type\":\"WebSite\",\"@id\":\"https:\\\/\\\/spiritual-science-research.com\\\/#website\",\"url\":\"https:\\\/\\\/spiritual-science-research.com\\\/\",\"name\":\"Spiritual Science Research\",\"description\":\"Learning by doing\",\"publisher\":{\"@id\":\"https:\\\/\\\/spiritual-science-research.com\\\/#organization\"},\"potentialAction\":[{\"@type\":\"SearchAction\",\"target\":{\"@type\":\"EntryPoint\",\"urlTemplate\":\"https:\\\/\\\/spiritual-science-research.com\\\/?s={search_term_string}\"},\"query-input\":{\"@type\":\"PropertyValueSpecification\",\"valueRequired\":true,\"valueName\":\"search_term_string\"}}],\"inLanguage\":\"de-DE\"},{\"@type\":\"Organization\",\"@id\":\"https:\\\/\\\/spiritual-science-research.com\\\/#organization\",\"name\":\"Spiritual Science Research\",\"url\":\"https:\\\/\\\/spiritual-science-research.com\\\/\",\"logo\":{\"@type\":\"ImageObject\",\"inLanguage\":\"de-DE\",\"@id\":\"https:\\\/\\\/spiritual-science-research.com\\\/#\\\/schema\\\/logo\\\/image\\\/\",\"url\":\"https:\\\/\\\/spiritual-science-research.com\\\/wp-content\\\/uploads\\\/2023\\\/05\\\/Group-337.png\",\"contentUrl\":\"https:\\\/\\\/spiritual-science-research.com\\\/wp-content\\\/uploads\\\/2023\\\/05\\\/Group-337.png\",\"width\":400,\"height\":161,\"caption\":\"Spiritual Science Research\"},\"image\":{\"@id\":\"https:\\\/\\\/spiritual-science-research.com\\\/#\\\/schema\\\/logo\\\/image\\\/\"}}]}<\/script>\n<!-- \/ Yoast SEO plugin. -->","yoast_head_json":{"title":"Die geistigen Wesensglieder der menschlichen Konstitution - Spiritual Science Research","robots":{"index":"index","follow":"follow","max-snippet":"max-snippet:-1","max-image-preview":"max-image-preview:large","max-video-preview":"max-video-preview:-1"},"canonical":"https:\/\/spiritual-science-research.com\/the-spiritual-parts-of-the-human-constitution\/","og_locale":"de_DE","og_type":"article","og_title":"Die geistigen Wesensglieder der menschlichen Konstitution - Spiritual Science Research","og_url":"https:\/\/spiritual-science-research.com\/the-spiritual-parts-of-the-human-constitution\/","og_site_name":"Spiritual Science Research","article_modified_time":"2026-01-13T18:17:26+00:00","og_image":[{"width":935,"height":1024,"url":"https:\/\/spiritual-science-research.com\/wp-content\/uploads\/2026\/01\/5-Goetheanum1_Green_North_Window.jpg","type":"image\/jpeg"}],"twitter_card":"summary_large_image","twitter_misc":{"Est. reading time":"2 minutes"},"schema":{"@context":"https:\/\/schema.org","@graph":[{"@type":"WebPage","@id":"https:\/\/spiritual-science-research.com\/the-spiritual-parts-of-the-human-constitution\/","url":"https:\/\/spiritual-science-research.com\/the-spiritual-parts-of-the-human-constitution\/","name":"Die geistigen Wesensglieder der menschlichen Konstitution - Spiritual Science Research","isPartOf":{"@id":"https:\/\/spiritual-science-research.com\/#website"},"primaryImageOfPage":{"@id":"https:\/\/spiritual-science-research.com\/the-spiritual-parts-of-the-human-constitution\/#primaryimage"},"image":{"@id":"https:\/\/spiritual-science-research.com\/the-spiritual-parts-of-the-human-constitution\/#primaryimage"},"thumbnailUrl":"https:\/\/spiritual-science-research.com\/wp-content\/uploads\/2026\/01\/5-Goetheanum1_Green_North_Window.jpg","datePublished":"2023-03-17T16:36:57+00:00","dateModified":"2026-01-13T18:17:26+00:00","description":"% % {:en} talk and workshop with Inessa Burdich The green north window according to Rudolf Steiner's design, showing the path to inspired knowledge This talk, % %","breadcrumb":{"@id":"https:\/\/spiritual-science-research.com\/the-spiritual-parts-of-the-human-constitution\/#breadcrumb"},"inLanguage":"de-DE","potentialAction":[{"@type":"ReadAction","target":["https:\/\/spiritual-science-research.com\/the-spiritual-parts-of-the-human-constitution\/"]}]},{"@type":"ImageObject","inLanguage":"de-DE","@id":"https:\/\/spiritual-science-research.com\/the-spiritual-parts-of-the-human-constitution\/#primaryimage","url":"https:\/\/spiritual-science-research.com\/wp-content\/uploads\/2026\/01\/5-Goetheanum1_Green_North_Window.jpg","contentUrl":"https:\/\/spiritual-science-research.com\/wp-content\/uploads\/2026\/01\/5-Goetheanum1_Green_North_Window.jpg"},{"@type":"BreadcrumbList","@id":"https:\/\/spiritual-science-research.com\/the-spiritual-parts-of-the-human-constitution\/#breadcrumb","itemListElement":[{"@type":"ListItem","position":1,"name":"Home","item":"https:\/\/spiritual-science-research.com\/"},{"@type":"ListItem","position":2,"name":"The spiritual parts of the human constitution"}]},{"@type":"WebSite","@id":"https:\/\/spiritual-science-research.com\/#website","url":"https:\/\/spiritual-science-research.com\/","name":"Spiritual Science Research","description":"Learning by doing","publisher":{"@id":"https:\/\/spiritual-science-research.com\/#organization"},"potentialAction":[{"@type":"SearchAction","target":{"@type":"EntryPoint","urlTemplate":"https:\/\/spiritual-science-research.com\/?s={search_term_string}"},"query-input":{"@type":"PropertyValueSpecification","valueRequired":true,"valueName":"search_term_string"}}],"inLanguage":"de-DE"},{"@type":"Organization","@id":"https:\/\/spiritual-science-research.com\/#organization","name":"Spiritual Science Research","url":"https:\/\/spiritual-science-research.com\/","logo":{"@type":"ImageObject","inLanguage":"de-DE","@id":"https:\/\/spiritual-science-research.com\/#\/schema\/logo\/image\/","url":"https:\/\/spiritual-science-research.com\/wp-content\/uploads\/2023\/05\/Group-337.png","contentUrl":"https:\/\/spiritual-science-research.com\/wp-content\/uploads\/2023\/05\/Group-337.png","width":400,"height":161,"caption":"Spiritual Science Research"},"image":{"@id":"https:\/\/spiritual-science-research.com\/#\/schema\/logo\/image\/"}}]}},"_links":{"self":[{"href":"https:\/\/spiritual-science-research.com\/de\/wp-json\/wp\/v2\/pages\/1063","targetHints":{"allow":["GET"]}}],"collection":[{"href":"https:\/\/spiritual-science-research.com\/de\/wp-json\/wp\/v2\/pages"}],"about":[{"href":"https:\/\/spiritual-science-research.com\/de\/wp-json\/wp\/v2\/types\/page"}],"author":[{"embeddable":true,"href":"https:\/\/spiritual-science-research.com\/de\/wp-json\/wp\/v2\/users\/2"}],"replies":[{"embeddable":true,"href":"https:\/\/spiritual-science-research.com\/de\/wp-json\/wp\/v2\/comments?post=1063"}],"version-history":[{"count":21,"href":"https:\/\/spiritual-science-research.com\/de\/wp-json\/wp\/v2\/pages\/1063\/revisions"}],"predecessor-version":[{"id":7347,"href":"https:\/\/spiritual-science-research.com\/de\/wp-json\/wp\/v2\/pages\/1063\/revisions\/7347"}],"wp:attachment":[{"href":"https:\/\/spiritual-science-research.com\/de\/wp-json\/wp\/v2\/media?parent=1063"}],"curies":[{"name":"wp","href":"https:\/\/api.w.org\/{rel}","templated":true}]}}