{"id":1059,"date":"2023-03-17T16:35:53","date_gmt":"2023-03-17T16:35:53","guid":{"rendered":"http:\/\/spiritual-science-research.com\/?page_id=1059"},"modified":"2026-01-13T18:21:50","modified_gmt":"2026-01-13T18:21:50","slug":"the-astral-realm-emotional-forces-in-human-beings-and-nature","status":"publish","type":"page","link":"https:\/\/spiritual-science-research.com\/de\/the-astral-realm-emotional-forces-in-human-beings-and-nature\/","title":{"rendered":"Der Astralbereich (emotionale Kr\u00e4fte) im Menschen und in der Natur"},"content":{"rendered":"\n<p>Vortrag und Seminar mit Inessa Burdich<\/p>\n\n\n\n<figure class=\"wp-block-image size-full\"><img loading=\"lazy\" decoding=\"async\" width=\"947\" height=\"1024\" src=\"https:\/\/spiritual-science-research.com\/wp-content\/uploads\/2026\/01\/3-Blue_South_astral.jpg\" alt=\"\" class=\"wp-image-7303\" srcset=\"https:\/\/spiritual-science-research.com\/wp-content\/uploads\/2026\/01\/3-Blue_South_astral.jpg 947w, https:\/\/spiritual-science-research.com\/wp-content\/uploads\/2026\/01\/3-Blue_South_astral-277x300.jpg 277w, https:\/\/spiritual-science-research.com\/wp-content\/uploads\/2026\/01\/3-Blue_South_astral-768x830.jpg 768w\" sizes=\"auto, (max-width: 947px) 100vw, 947px\" \/><figcaption class=\"wp-element-caption\">Das blaue S\u00fcdfenster des ersten Goetheanums, das die Einweihung in die kosmische Astralwelt zeigt<\/figcaption><\/figure>\n\n\n\n<p>In der heutigen Zeit des Materialismus und Intellektualismus wird unseren Gef\u00fchlen oft wenig Bedeutung beigemessen. Es wird jedoch zunehmend erkannt, dass sie eine bedeutende Rolle f\u00fcr unser Wohlbefinden und vor allem f\u00fcr unsere k\u00f6rperliche Gesundheit spielen.<\/p>\n\n\n\n<p>Dieser Vortrag ist haupts\u00e4chlich dem Bereich unserer Gef\u00fchle und Emotionen (auch Astralk\u00f6rper genannt) gewidmet und behandelt unter anderem folgende Themen<\/p>\n\n\n\n<ul class=\"wp-block-list\">\n<li>Wie sieht der Astralk\u00f6rper beim Menschen aus \u00fcbersinnlicher Sicht aus? Wie ver\u00e4ndert er sich mit dem Alter oder der Krankheit, dem Beruf usw.?<\/li>\n\n\n\n<li>Wie kann der Astralk\u00f6rper durch biografische Situationen, allt\u00e4gliche Aktivit\u00e4ten und negative geistige Einfl\u00fcsse beeinflusst werden, auch wenn diese nicht direkt wahrgenommen werden?<\/li>\n\n\n\n<li>Wie kann ich mich darin \u00fcben, meine Gef\u00fchle zu kontrollieren? Wie kann ich mir meines eigenen Astralk\u00f6rpers bewusster werden?<\/li>\n\n\n\n<li>Wie kann ich meine Seele zur Ruhe bringen und diese Ruhe und Gelassenheit bewahren?<\/li>\n<\/ul>\n\n\n\n<p>\u221e \u221e \u221e<\/p>\n\n\n\n<p><strong>SEMINAR \u2013 Wie beherrsche ich meine Gef\u00fchle und wie erkenne ich die Schl\u00fcsselrolle der Ruhe in diesem Prozess?&nbsp;<\/strong><\/p>\n\n\n\n<p>In diesem Seminar werden wir praktische \u00dcbungen zur Vertiefung des Vortragsinhalts kennenlernen.&nbsp;<\/p>\n\n\n\n<ul class=\"wp-block-list\">\n<li>Wo befinden sich meine Gef\u00fchle?&nbsp;<\/li>\n\n\n\n<li>Wie kann ich mich schulen, um meine Gef\u00fchle beherrschen zu k\u00f6nnen?&nbsp;<\/li>\n\n\n\n<li>Erleben und erforschen gro\u00dfer Freude und tiefer Traurigkeit&nbsp;<\/li>\n\n\n\n<li>Erkunden des Gef\u00fchls der inneren Ruhe.<\/li>\n\n\n\n<li>Warum sah Rudolf Steiner die vollkommene Seelenruhe als die erste Stufe der h\u00f6heren Initiation?&nbsp;<\/li>\n<\/ul>\n\n\n\n<p>\u221e \u221e \u221e<\/p>\n\n\n\n<p><strong>Dieser Vortrag und dieses Seminar sind Teil des geisteswissenschaftlichen Forschungskurses. Sie sind herzlich eingeladen, hier den vollst\u00e4ndigen Inhalt des Kurses kennenzulernen<\/strong>:<\/p>\n\n\n\n<p><\/p>\n\n\n\n<p><strong>Geisteswissenschaftliche Forschung \u2013 Kursinhalt<\/strong><\/p>\n\n\n\n<figure class=\"wp-block-embed is-type-wp-embed is-provider-spiritual-science-research wp-block-embed-spiritual-science-research\"><div class=\"wp-block-embed__wrapper\">\n<blockquote class=\"wp-embedded-content\" data-secret=\"Ynil0AbPXA\"><a href=\"https:\/\/spiritual-science-research.com\/themen\/\">Geisteswissenschaftliche Forschung &#8211; Kursinhalt<\/a><\/blockquote><iframe loading=\"lazy\" class=\"wp-embedded-content\" sandbox=\"allow-scripts\" security=\"restricted\" style=\"position: absolute; visibility: hidden;\" title=\"&#8220;Geisteswissenschaftliche Forschung &#8211; Kursinhalt&#8221; &#8212; Spiritual Science Research\" src=\"https:\/\/spiritual-science-research.com\/themen\/embed\/#?secret=hA2NoZG3WL#?secret=Ynil0AbPXA\" data-secret=\"Ynil0AbPXA\" width=\"525\" height=\"296\" frameborder=\"0\" marginwidth=\"0\" marginheight=\"0\" scrolling=\"no\"><\/iframe>\n<\/div><\/figure>\n\n\n\n<p>\u221e \u221e \u221e<\/p>\n\n\n\n<p><strong>Geisteswissenschaftliche Forschung \u2013 Online-Kurs auf Deutsch<\/strong><\/p>\n\n\n\n<figure class=\"wp-block-embed is-type-wp-embed is-provider-spiritual-science-research wp-block-embed-spiritual-science-research\"><div class=\"wp-block-embed__wrapper\">\n<blockquote class=\"wp-embedded-content\" data-secret=\"URjyb1Foa0\"><a href=\"https:\/\/spiritual-science-research.com\/de\/rss-online-in-german\/\">Geisteswissenschaftliche Forschung &#8211; Online-Kurs auf Deutsch<\/a><\/blockquote><iframe loading=\"lazy\" class=\"wp-embedded-content\" sandbox=\"allow-scripts\" security=\"restricted\" style=\"position: absolute; visibility: hidden;\" title=\"&#8220;Geisteswissenschaftliche Forschung &#8211; Online-Kurs auf Deutsch&#8221; &#8212; Spiritual Science Research\" src=\"https:\/\/spiritual-science-research.com\/de\/rss-online-in-german\/embed\/#?secret=afeIHmMZSv#?secret=URjyb1Foa0\" data-secret=\"URjyb1Foa0\" width=\"525\" height=\"296\" frameborder=\"0\" marginwidth=\"0\" marginheight=\"0\" scrolling=\"no\"><\/iframe>\n<\/div><\/figure>\n\n\n\n<p>\u221e \u221e \u221e<\/p>\n","protected":false},"excerpt":{"rendered":"<p>Vortrag und Seminar mit Inessa Burdich In der heutigen Zeit des Materialismus und Intellektualismus wird unseren Gef\u00fchlen oft wenig Bedeutung beigemessen. Es wird jedoch zunehmend erkannt, dass sie eine bedeutende Rolle f\u00fcr unser Wohlbefinden und vor allem f\u00fcr unsere k\u00f6rperliche Gesundheit spielen. Dieser Vortrag ist haupts\u00e4chlich dem Bereich unserer Gef\u00fchle und Emotionen (auch Astralk\u00f6rper genannt) [&hellip;]<\/p>\n","protected":false},"author":2,"featured_media":0,"parent":0,"menu_order":0,"comment_status":"closed","ping_status":"closed","template":"","meta":{"footnotes":""},"class_list":["post-1059","page","type-page","status-publish","hentry"],"translation":{"provider":"WPGlobus","version":"3.0.2","language":"de","enabled_languages":["en","de"],"languages":{"en":{"title":true,"content":true,"excerpt":false},"de":{"title":true,"content":true,"excerpt":false}}},"yoast_head":"<!-- This site is optimized with the Yoast SEO plugin v27.3 - https:\/\/yoast.com\/product\/yoast-seo-wordpress\/ -->\n<title>Der Astralbereich (emotionale Kr\u00e4fte) im Menschen und in der Natur - Spiritual Science Research<\/title>\n<meta name=\"robots\" content=\"index, follow, max-snippet:-1, max-image-preview:large, max-video-preview:-1\" \/>\n<link rel=\"canonical\" href=\"https:\/\/spiritual-science-research.com\/the-astral-realm-emotional-forces-in-human-beings-and-nature\/\" \/>\n<meta property=\"og:locale\" content=\"de_DE\" \/>\n<meta property=\"og:type\" content=\"article\" \/>\n<meta property=\"og:title\" content=\"Der Astralbereich (emotionale Kr\u00e4fte) im Menschen und in der Natur - Spiritual Science Research\" \/>\n<meta property=\"og:url\" content=\"https:\/\/spiritual-science-research.com\/the-astral-realm-emotional-forces-in-human-beings-and-nature\/\" \/>\n<meta property=\"og:site_name\" content=\"Spiritual Science Research\" \/>\n<meta property=\"article:modified_time\" content=\"2026-01-13T18:21:50+00:00\" \/>\n<meta property=\"og:image\" content=\"https:\/\/spiritual-science-research.com\/wp-content\/uploads\/2026\/01\/3-Blue_South_astral.jpg\" \/>\n\t<meta property=\"og:image:width\" content=\"947\" \/>\n\t<meta property=\"og:image:height\" content=\"1024\" \/>\n\t<meta property=\"og:image:type\" content=\"image\/jpeg\" \/>\n<meta name=\"twitter:card\" content=\"summary_large_image\" \/>\n<meta name=\"twitter:label1\" content=\"Est. reading time\" \/>\n\t<meta name=\"twitter:data1\" content=\"2 minutes\" \/>\n<script type=\"application\/ld+json\" class=\"yoast-schema-graph\">{\"@context\":\"https:\\\/\\\/schema.org\",\"@graph\":[{\"@type\":\"WebPage\",\"@id\":\"https:\\\/\\\/spiritual-science-research.com\\\/the-astral-realm-emotional-forces-in-human-beings-and-nature\\\/\",\"url\":\"https:\\\/\\\/spiritual-science-research.com\\\/the-astral-realm-emotional-forces-in-human-beings-and-nature\\\/\",\"name\":\"Der Astralbereich (emotionale Kr\u00e4fte) im Menschen und in der Natur - Spiritual Science Research\",\"isPartOf\":{\"@id\":\"https:\\\/\\\/spiritual-science-research.com\\\/#website\"},\"primaryImageOfPage\":{\"@id\":\"https:\\\/\\\/spiritual-science-research.com\\\/the-astral-realm-emotional-forces-in-human-beings-and-nature\\\/#primaryimage\"},\"image\":{\"@id\":\"https:\\\/\\\/spiritual-science-research.com\\\/the-astral-realm-emotional-forces-in-human-beings-and-nature\\\/#primaryimage\"},\"thumbnailUrl\":\"https:\\\/\\\/spiritual-science-research.com\\\/wp-content\\\/uploads\\\/2026\\\/01\\\/3-Blue_South_astral.jpg\",\"datePublished\":\"2023-03-17T16:35:53+00:00\",\"dateModified\":\"2026-01-13T18:21:50+00:00\",\"description\":\"% % {:en} talk and workshop with Inessa Burdich The blue south window of the first Goetheanum, showing the initiation into the cosmic astral world These days % %\",\"breadcrumb\":{\"@id\":\"https:\\\/\\\/spiritual-science-research.com\\\/the-astral-realm-emotional-forces-in-human-beings-and-nature\\\/#breadcrumb\"},\"inLanguage\":\"de-DE\",\"potentialAction\":[{\"@type\":\"ReadAction\",\"target\":[\"https:\\\/\\\/spiritual-science-research.com\\\/the-astral-realm-emotional-forces-in-human-beings-and-nature\\\/\"]}]},{\"@type\":\"ImageObject\",\"inLanguage\":\"de-DE\",\"@id\":\"https:\\\/\\\/spiritual-science-research.com\\\/the-astral-realm-emotional-forces-in-human-beings-and-nature\\\/#primaryimage\",\"url\":\"https:\\\/\\\/spiritual-science-research.com\\\/wp-content\\\/uploads\\\/2026\\\/01\\\/3-Blue_South_astral.jpg\",\"contentUrl\":\"https:\\\/\\\/spiritual-science-research.com\\\/wp-content\\\/uploads\\\/2026\\\/01\\\/3-Blue_South_astral.jpg\"},{\"@type\":\"BreadcrumbList\",\"@id\":\"https:\\\/\\\/spiritual-science-research.com\\\/the-astral-realm-emotional-forces-in-human-beings-and-nature\\\/#breadcrumb\",\"itemListElement\":[{\"@type\":\"ListItem\",\"position\":1,\"name\":\"Home\",\"item\":\"https:\\\/\\\/spiritual-science-research.com\\\/\"},{\"@type\":\"ListItem\",\"position\":2,\"name\":\"The Astral realm (emotional forces) in human beings and nature\"}]},{\"@type\":\"WebSite\",\"@id\":\"https:\\\/\\\/spiritual-science-research.com\\\/#website\",\"url\":\"https:\\\/\\\/spiritual-science-research.com\\\/\",\"name\":\"Spiritual Science Research\",\"description\":\"Learning by doing\",\"publisher\":{\"@id\":\"https:\\\/\\\/spiritual-science-research.com\\\/#organization\"},\"potentialAction\":[{\"@type\":\"SearchAction\",\"target\":{\"@type\":\"EntryPoint\",\"urlTemplate\":\"https:\\\/\\\/spiritual-science-research.com\\\/?s={search_term_string}\"},\"query-input\":{\"@type\":\"PropertyValueSpecification\",\"valueRequired\":true,\"valueName\":\"search_term_string\"}}],\"inLanguage\":\"de-DE\"},{\"@type\":\"Organization\",\"@id\":\"https:\\\/\\\/spiritual-science-research.com\\\/#organization\",\"name\":\"Spiritual Science Research\",\"url\":\"https:\\\/\\\/spiritual-science-research.com\\\/\",\"logo\":{\"@type\":\"ImageObject\",\"inLanguage\":\"de-DE\",\"@id\":\"https:\\\/\\\/spiritual-science-research.com\\\/#\\\/schema\\\/logo\\\/image\\\/\",\"url\":\"https:\\\/\\\/spiritual-science-research.com\\\/wp-content\\\/uploads\\\/2023\\\/05\\\/Group-337.png\",\"contentUrl\":\"https:\\\/\\\/spiritual-science-research.com\\\/wp-content\\\/uploads\\\/2023\\\/05\\\/Group-337.png\",\"width\":400,\"height\":161,\"caption\":\"Spiritual Science Research\"},\"image\":{\"@id\":\"https:\\\/\\\/spiritual-science-research.com\\\/#\\\/schema\\\/logo\\\/image\\\/\"}}]}<\/script>\n<!-- \/ Yoast SEO plugin. -->","yoast_head_json":{"title":"Der Astralbereich (emotionale Kr\u00e4fte) im Menschen und in der Natur - Spiritual Science Research","robots":{"index":"index","follow":"follow","max-snippet":"max-snippet:-1","max-image-preview":"max-image-preview:large","max-video-preview":"max-video-preview:-1"},"canonical":"https:\/\/spiritual-science-research.com\/the-astral-realm-emotional-forces-in-human-beings-and-nature\/","og_locale":"de_DE","og_type":"article","og_title":"Der Astralbereich (emotionale Kr\u00e4fte) im Menschen und in der Natur - Spiritual Science Research","og_url":"https:\/\/spiritual-science-research.com\/the-astral-realm-emotional-forces-in-human-beings-and-nature\/","og_site_name":"Spiritual Science Research","article_modified_time":"2026-01-13T18:21:50+00:00","og_image":[{"width":947,"height":1024,"url":"https:\/\/spiritual-science-research.com\/wp-content\/uploads\/2026\/01\/3-Blue_South_astral.jpg","type":"image\/jpeg"}],"twitter_card":"summary_large_image","twitter_misc":{"Est. reading time":"2 minutes"},"schema":{"@context":"https:\/\/schema.org","@graph":[{"@type":"WebPage","@id":"https:\/\/spiritual-science-research.com\/the-astral-realm-emotional-forces-in-human-beings-and-nature\/","url":"https:\/\/spiritual-science-research.com\/the-astral-realm-emotional-forces-in-human-beings-and-nature\/","name":"Der Astralbereich (emotionale Kr\u00e4fte) im Menschen und in der Natur - Spiritual Science Research","isPartOf":{"@id":"https:\/\/spiritual-science-research.com\/#website"},"primaryImageOfPage":{"@id":"https:\/\/spiritual-science-research.com\/the-astral-realm-emotional-forces-in-human-beings-and-nature\/#primaryimage"},"image":{"@id":"https:\/\/spiritual-science-research.com\/the-astral-realm-emotional-forces-in-human-beings-and-nature\/#primaryimage"},"thumbnailUrl":"https:\/\/spiritual-science-research.com\/wp-content\/uploads\/2026\/01\/3-Blue_South_astral.jpg","datePublished":"2023-03-17T16:35:53+00:00","dateModified":"2026-01-13T18:21:50+00:00","description":"% % {:en} talk and workshop with Inessa Burdich The blue south window of the first Goetheanum, showing the initiation into the cosmic astral world These days % %","breadcrumb":{"@id":"https:\/\/spiritual-science-research.com\/the-astral-realm-emotional-forces-in-human-beings-and-nature\/#breadcrumb"},"inLanguage":"de-DE","potentialAction":[{"@type":"ReadAction","target":["https:\/\/spiritual-science-research.com\/the-astral-realm-emotional-forces-in-human-beings-and-nature\/"]}]},{"@type":"ImageObject","inLanguage":"de-DE","@id":"https:\/\/spiritual-science-research.com\/the-astral-realm-emotional-forces-in-human-beings-and-nature\/#primaryimage","url":"https:\/\/spiritual-science-research.com\/wp-content\/uploads\/2026\/01\/3-Blue_South_astral.jpg","contentUrl":"https:\/\/spiritual-science-research.com\/wp-content\/uploads\/2026\/01\/3-Blue_South_astral.jpg"},{"@type":"BreadcrumbList","@id":"https:\/\/spiritual-science-research.com\/the-astral-realm-emotional-forces-in-human-beings-and-nature\/#breadcrumb","itemListElement":[{"@type":"ListItem","position":1,"name":"Home","item":"https:\/\/spiritual-science-research.com\/"},{"@type":"ListItem","position":2,"name":"The Astral realm (emotional forces) in human beings and nature"}]},{"@type":"WebSite","@id":"https:\/\/spiritual-science-research.com\/#website","url":"https:\/\/spiritual-science-research.com\/","name":"Spiritual Science Research","description":"Learning by doing","publisher":{"@id":"https:\/\/spiritual-science-research.com\/#organization"},"potentialAction":[{"@type":"SearchAction","target":{"@type":"EntryPoint","urlTemplate":"https:\/\/spiritual-science-research.com\/?s={search_term_string}"},"query-input":{"@type":"PropertyValueSpecification","valueRequired":true,"valueName":"search_term_string"}}],"inLanguage":"de-DE"},{"@type":"Organization","@id":"https:\/\/spiritual-science-research.com\/#organization","name":"Spiritual Science Research","url":"https:\/\/spiritual-science-research.com\/","logo":{"@type":"ImageObject","inLanguage":"de-DE","@id":"https:\/\/spiritual-science-research.com\/#\/schema\/logo\/image\/","url":"https:\/\/spiritual-science-research.com\/wp-content\/uploads\/2023\/05\/Group-337.png","contentUrl":"https:\/\/spiritual-science-research.com\/wp-content\/uploads\/2023\/05\/Group-337.png","width":400,"height":161,"caption":"Spiritual Science Research"},"image":{"@id":"https:\/\/spiritual-science-research.com\/#\/schema\/logo\/image\/"}}]}},"_links":{"self":[{"href":"https:\/\/spiritual-science-research.com\/de\/wp-json\/wp\/v2\/pages\/1059","targetHints":{"allow":["GET"]}}],"collection":[{"href":"https:\/\/spiritual-science-research.com\/de\/wp-json\/wp\/v2\/pages"}],"about":[{"href":"https:\/\/spiritual-science-research.com\/de\/wp-json\/wp\/v2\/types\/page"}],"author":[{"embeddable":true,"href":"https:\/\/spiritual-science-research.com\/de\/wp-json\/wp\/v2\/users\/2"}],"replies":[{"embeddable":true,"href":"https:\/\/spiritual-science-research.com\/de\/wp-json\/wp\/v2\/comments?post=1059"}],"version-history":[{"count":23,"href":"https:\/\/spiritual-science-research.com\/de\/wp-json\/wp\/v2\/pages\/1059\/revisions"}],"predecessor-version":[{"id":7352,"href":"https:\/\/spiritual-science-research.com\/de\/wp-json\/wp\/v2\/pages\/1059\/revisions\/7352"}],"wp:attachment":[{"href":"https:\/\/spiritual-science-research.com\/de\/wp-json\/wp\/v2\/media?parent=1059"}],"curies":[{"name":"wp","href":"https:\/\/api.w.org\/{rel}","templated":true}]}}