{"id":1057,"date":"2023-03-17T16:35:20","date_gmt":"2023-03-17T16:35:20","guid":{"rendered":"http:\/\/spiritual-science-research.com\/?page_id=1057"},"modified":"2026-02-11T22:16:41","modified_gmt":"2026-02-11T22:16:41","slug":"the-etheric-realm-vital-forces-in-human-beings-and-nature","status":"publish","type":"page","link":"https:\/\/spiritual-science-research.com\/de\/the-etheric-realm-vital-forces-in-human-beings-and-nature\/","title":{"rendered":"Der \u00c4therische Bereich (Lebenskr\u00e4fte) im Menschen und in der Natur"},"content":{"rendered":"\n<p><br>Vortrag und Seminar mit Inessa Burdich<\/p>\n\n\n\n<p><\/p>\n\n\n\n<figure class=\"wp-block-image size-full\"><img loading=\"lazy\" decoding=\"async\" width=\"1442\" height=\"1592\" src=\"https:\/\/spiritual-science-research.com\/wp-content\/uploads\/2026\/01\/2-Violet-South-ether.png\" alt=\"\" class=\"wp-image-7296\" srcset=\"https:\/\/spiritual-science-research.com\/wp-content\/uploads\/2026\/01\/2-Violet-South-ether.png 1442w, https:\/\/spiritual-science-research.com\/wp-content\/uploads\/2026\/01\/2-Violet-South-ether-272x300.png 272w, https:\/\/spiritual-science-research.com\/wp-content\/uploads\/2026\/01\/2-Violet-South-ether-928x1024.png 928w, https:\/\/spiritual-science-research.com\/wp-content\/uploads\/2026\/01\/2-Violet-South-ether-768x848.png 768w\" sizes=\"auto, (max-width: 1442px) 100vw, 1442px\" \/><figcaption class=\"wp-element-caption\">Das violette S\u00fcdfenster des ersten Goetheanums, das die Einweihung in die kosmische \u00c4therwelt zeigt<\/figcaption><\/figure>\n\n\n\n<p>In diesem Vortrag, der haupts\u00e4chlich dem \u00c4therbereich gewidmet ist, werden wir uns mit den Funktionen unseres &#8220;Vitalk\u00f6rpers&#8221; (auch \u00c4therk\u00f6rper genannt) befassen und wie er durch unsere t\u00e4glichen Aktivit\u00e4ten beeinflusst wird.<\/p>\n\n\n\n<ul class=\"wp-block-list\">\n<li>Wie sieht der \u00c4therleib im Menschen und in der Natur aus einer \u00fcbersinnlichen (nicht-physischen) Sichtweise aus?<\/li>\n\n\n\n<li>Wie ver\u00e4ndert sich unser \u00c4therleib mit dem Alter oder nach bestimmten Behandlungen oder Krankheiten?<\/li>\n\n\n\n<li>Was sind die vier verschiedenen Arten des \u00c4therischen?<\/li>\n\n\n\n<li>Wie k\u00f6nnen wir sie in unserem Leben erfahren?<\/li>\n\n\n\n<li>Wie k\u00f6nnen wir unseren \u00c4therk\u00f6rper entwickeln?<\/li>\n\n\n\n<li>Wie sehen S\u00fcchte aus spiritueller Sicht aus?<\/li>\n<\/ul>\n\n\n\n<p>\u221e \u221e \u221e<\/p>\n\n\n\n<p><strong>SEMINAR \u2013 Wie beherrsche ich mein Handeln?&nbsp;<\/strong><\/p>\n\n\n\n<p>Dieses Seminar, das in sich praktische \u00dcbungen einschlie\u00dft, dient zur Vertiefung der Themen des Vortrags.&nbsp;<\/p>\n\n\n\n<ul class=\"wp-block-list\">\n<li>Wie kann ich mich schulen, um mein Handeln und meinen Willen beherrschen zu k\u00f6nnen?&nbsp;<\/li>\n\n\n\n<li>Warum ist es wichtig, eine unbedeutende Aktivit\u00e4t auszu\u00fcben?&nbsp;<\/li>\n\n\n\n<li>Wie kann ich die Gef\u00fchle in der Umgebung entdecken und erforschen, um innerlich aktiv zu werden?&nbsp;<\/li>\n\n\n\n<li>Wie erlange ich ein h\u00f6heres Bewusstsein \u00fcber meinen eigenen \u00c4therleib?<\/li>\n\n\n\n<li>Wie kann ich das Prinzip des Rhythmus in mein Leben einbringen und warum ist das so wichtig?&nbsp;<\/li>\n\n\n\n<li>Wie erstelle ich einen Selbstlernplan?<\/li>\n\n\n\n<li>Wie baue ich die Meditationszeiten in den Tag ein?&nbsp;<\/li>\n<\/ul>\n\n\n\n<p>\u221e \u221e \u221e<\/p>\n\n\n\n<p><strong>Dieser Vortrag und dieses Seminar sind Teil des geisteswissenschaftlichen Forschungskurses. Sie sind herzlich eingeladen, hier den vollst\u00e4ndigen Inhalt des Kurses kennenzulernen<\/strong>:<\/p>\n\n\n\n<p><\/p>\n\n\n\n<p><strong>Geisteswissenschaftliche Forschung \u2013 Kursinhalt<\/strong><\/p>\n\n\n\n<figure class=\"wp-block-embed is-type-wp-embed is-provider-spiritual-science-research wp-block-embed-spiritual-science-research\"><div class=\"wp-block-embed__wrapper\">\n<blockquote class=\"wp-embedded-content\" data-secret=\"2lhgekPJOV\"><a href=\"https:\/\/spiritual-science-research.com\/themen\/\">Geisteswissenschaftliche Forschung &#8211; Kursinhalt<\/a><\/blockquote><iframe loading=\"lazy\" class=\"wp-embedded-content\" sandbox=\"allow-scripts\" security=\"restricted\" style=\"position: absolute; visibility: hidden;\" title=\"&#8220;Geisteswissenschaftliche Forschung &#8211; Kursinhalt&#8221; &#8212; Spiritual Science Research\" src=\"https:\/\/spiritual-science-research.com\/themen\/embed\/#?secret=h3Ojhyelqs#?secret=2lhgekPJOV\" data-secret=\"2lhgekPJOV\" width=\"525\" height=\"296\" frameborder=\"0\" marginwidth=\"0\" marginheight=\"0\" scrolling=\"no\"><\/iframe>\n<\/div><\/figure>\n\n\n\n<p>\u221e \u221e \u221e<\/p>\n\n\n\n<p><strong>Geisteswissenschaftliche Forschung \u2013 Online-Kurs auf Deutsch<\/strong><\/p>\n\n\n\n<figure class=\"wp-block-embed is-type-wp-embed is-provider-spiritual-science-research wp-block-embed-spiritual-science-research\"><div class=\"wp-block-embed__wrapper\">\n<blockquote class=\"wp-embedded-content\" data-secret=\"n0lhamhh9B\"><a href=\"https:\/\/spiritual-science-research.com\/de\/rss-online-in-german\/\">Geisteswissenschaftliche Forschung &#8211; Online-Kurs auf Deutsch<\/a><\/blockquote><iframe loading=\"lazy\" class=\"wp-embedded-content\" sandbox=\"allow-scripts\" security=\"restricted\" style=\"position: absolute; visibility: hidden;\" title=\"&#8220;Geisteswissenschaftliche Forschung &#8211; Online-Kurs auf Deutsch&#8221; &#8212; Spiritual Science Research\" src=\"https:\/\/spiritual-science-research.com\/de\/rss-online-in-german\/embed\/#?secret=DZwkhtg6lO#?secret=n0lhamhh9B\" data-secret=\"n0lhamhh9B\" width=\"525\" height=\"296\" frameborder=\"0\" marginwidth=\"0\" marginheight=\"0\" scrolling=\"no\"><\/iframe>\n<\/div><\/figure>\n\n\n\n<p>\u221e \u221e \u221e<\/p>\n","protected":false},"excerpt":{"rendered":"<p>Vortrag und Seminar mit Inessa Burdich In diesem Vortrag, der haupts\u00e4chlich dem \u00c4therbereich gewidmet ist, werden wir uns mit den Funktionen unseres &#8220;Vitalk\u00f6rpers&#8221; (auch \u00c4therk\u00f6rper genannt) befassen und wie er durch unsere t\u00e4glichen Aktivit\u00e4ten beeinflusst wird. \u221e \u221e \u221e SEMINAR \u2013 Wie beherrsche ich mein Handeln?&nbsp; Dieses Seminar, das in sich praktische \u00dcbungen einschlie\u00dft, dient [&hellip;]<\/p>\n","protected":false},"author":2,"featured_media":0,"parent":0,"menu_order":0,"comment_status":"closed","ping_status":"closed","template":"","meta":{"footnotes":""},"class_list":["post-1057","page","type-page","status-publish","hentry"],"translation":{"provider":"WPGlobus","version":"3.0.2","language":"de","enabled_languages":["en","de"],"languages":{"en":{"title":true,"content":true,"excerpt":false},"de":{"title":true,"content":true,"excerpt":false}}},"yoast_head":"<!-- This site is optimized with the Yoast SEO plugin v27.3 - https:\/\/yoast.com\/product\/yoast-seo-wordpress\/ -->\n<title>Der \u00c4therische Bereich (Lebenskr\u00e4fte) im Menschen und in der Natur - Spiritual Science Research<\/title>\n<meta name=\"robots\" content=\"index, follow, max-snippet:-1, max-image-preview:large, max-video-preview:-1\" \/>\n<link rel=\"canonical\" href=\"https:\/\/spiritual-science-research.com\/the-etheric-realm-vital-forces-in-human-beings-and-nature\/\" \/>\n<meta property=\"og:locale\" content=\"de_DE\" \/>\n<meta property=\"og:type\" content=\"article\" \/>\n<meta property=\"og:title\" content=\"Der \u00c4therische Bereich (Lebenskr\u00e4fte) im Menschen und in der Natur - Spiritual Science Research\" \/>\n<meta property=\"og:url\" content=\"https:\/\/spiritual-science-research.com\/the-etheric-realm-vital-forces-in-human-beings-and-nature\/\" \/>\n<meta property=\"og:site_name\" content=\"Spiritual Science Research\" \/>\n<meta property=\"article:modified_time\" content=\"2026-02-11T22:16:41+00:00\" \/>\n<meta property=\"og:image\" content=\"https:\/\/spiritual-science-research.com\/wp-content\/uploads\/2026\/01\/2-Violet-South-ether-928x1024.png\" \/>\n\t<meta property=\"og:image:width\" content=\"928\" \/>\n\t<meta property=\"og:image:height\" content=\"1024\" \/>\n\t<meta property=\"og:image:type\" content=\"image\/png\" \/>\n<meta name=\"twitter:card\" content=\"summary_large_image\" \/>\n<meta name=\"twitter:label1\" content=\"Est. reading time\" \/>\n\t<meta name=\"twitter:data1\" content=\"2 minutes\" \/>\n<script type=\"application\/ld+json\" class=\"yoast-schema-graph\">{\"@context\":\"https:\\\/\\\/schema.org\",\"@graph\":[{\"@type\":\"WebPage\",\"@id\":\"https:\\\/\\\/spiritual-science-research.com\\\/the-etheric-realm-vital-forces-in-human-beings-and-nature\\\/\",\"url\":\"https:\\\/\\\/spiritual-science-research.com\\\/the-etheric-realm-vital-forces-in-human-beings-and-nature\\\/\",\"name\":\"Der \u00c4therische Bereich (Lebenskr\u00e4fte) im Menschen und in der Natur - Spiritual Science Research\",\"isPartOf\":{\"@id\":\"https:\\\/\\\/spiritual-science-research.com\\\/#website\"},\"primaryImageOfPage\":{\"@id\":\"https:\\\/\\\/spiritual-science-research.com\\\/the-etheric-realm-vital-forces-in-human-beings-and-nature\\\/#primaryimage\"},\"image\":{\"@id\":\"https:\\\/\\\/spiritual-science-research.com\\\/the-etheric-realm-vital-forces-in-human-beings-and-nature\\\/#primaryimage\"},\"thumbnailUrl\":\"https:\\\/\\\/spiritual-science-research.com\\\/wp-content\\\/uploads\\\/2026\\\/01\\\/2-Violet-South-ether.png\",\"datePublished\":\"2023-03-17T16:35:20+00:00\",\"dateModified\":\"2026-02-11T22:16:41+00:00\",\"description\":\"% % {:en} talk and workshop with Inessa Burdich Next talk is on 5 March 2026, 7 pm @ Rudolf Steiner House,\u00a035 Park Rd, London NW1 6XT The violet south window % %\",\"breadcrumb\":{\"@id\":\"https:\\\/\\\/spiritual-science-research.com\\\/the-etheric-realm-vital-forces-in-human-beings-and-nature\\\/#breadcrumb\"},\"inLanguage\":\"de-DE\",\"potentialAction\":[{\"@type\":\"ReadAction\",\"target\":[\"https:\\\/\\\/spiritual-science-research.com\\\/the-etheric-realm-vital-forces-in-human-beings-and-nature\\\/\"]}]},{\"@type\":\"ImageObject\",\"inLanguage\":\"de-DE\",\"@id\":\"https:\\\/\\\/spiritual-science-research.com\\\/the-etheric-realm-vital-forces-in-human-beings-and-nature\\\/#primaryimage\",\"url\":\"https:\\\/\\\/spiritual-science-research.com\\\/wp-content\\\/uploads\\\/2026\\\/01\\\/2-Violet-South-ether.png\",\"contentUrl\":\"https:\\\/\\\/spiritual-science-research.com\\\/wp-content\\\/uploads\\\/2026\\\/01\\\/2-Violet-South-ether.png\"},{\"@type\":\"BreadcrumbList\",\"@id\":\"https:\\\/\\\/spiritual-science-research.com\\\/the-etheric-realm-vital-forces-in-human-beings-and-nature\\\/#breadcrumb\",\"itemListElement\":[{\"@type\":\"ListItem\",\"position\":1,\"name\":\"Home\",\"item\":\"https:\\\/\\\/spiritual-science-research.com\\\/\"},{\"@type\":\"ListItem\",\"position\":2,\"name\":\"The Etheric realm (vital forces) in human beings and nature\"}]},{\"@type\":\"WebSite\",\"@id\":\"https:\\\/\\\/spiritual-science-research.com\\\/#website\",\"url\":\"https:\\\/\\\/spiritual-science-research.com\\\/\",\"name\":\"Spiritual Science Research\",\"description\":\"Learning by doing\",\"publisher\":{\"@id\":\"https:\\\/\\\/spiritual-science-research.com\\\/#organization\"},\"potentialAction\":[{\"@type\":\"SearchAction\",\"target\":{\"@type\":\"EntryPoint\",\"urlTemplate\":\"https:\\\/\\\/spiritual-science-research.com\\\/?s={search_term_string}\"},\"query-input\":{\"@type\":\"PropertyValueSpecification\",\"valueRequired\":true,\"valueName\":\"search_term_string\"}}],\"inLanguage\":\"de-DE\"},{\"@type\":\"Organization\",\"@id\":\"https:\\\/\\\/spiritual-science-research.com\\\/#organization\",\"name\":\"Spiritual Science Research\",\"url\":\"https:\\\/\\\/spiritual-science-research.com\\\/\",\"logo\":{\"@type\":\"ImageObject\",\"inLanguage\":\"de-DE\",\"@id\":\"https:\\\/\\\/spiritual-science-research.com\\\/#\\\/schema\\\/logo\\\/image\\\/\",\"url\":\"https:\\\/\\\/spiritual-science-research.com\\\/wp-content\\\/uploads\\\/2023\\\/05\\\/Group-337.png\",\"contentUrl\":\"https:\\\/\\\/spiritual-science-research.com\\\/wp-content\\\/uploads\\\/2023\\\/05\\\/Group-337.png\",\"width\":400,\"height\":161,\"caption\":\"Spiritual Science Research\"},\"image\":{\"@id\":\"https:\\\/\\\/spiritual-science-research.com\\\/#\\\/schema\\\/logo\\\/image\\\/\"}}]}<\/script>\n<!-- \/ Yoast SEO plugin. -->","yoast_head_json":{"title":"Der \u00c4therische Bereich (Lebenskr\u00e4fte) im Menschen und in der Natur - Spiritual Science Research","robots":{"index":"index","follow":"follow","max-snippet":"max-snippet:-1","max-image-preview":"max-image-preview:large","max-video-preview":"max-video-preview:-1"},"canonical":"https:\/\/spiritual-science-research.com\/the-etheric-realm-vital-forces-in-human-beings-and-nature\/","og_locale":"de_DE","og_type":"article","og_title":"Der \u00c4therische Bereich (Lebenskr\u00e4fte) im Menschen und in der Natur - Spiritual Science Research","og_url":"https:\/\/spiritual-science-research.com\/the-etheric-realm-vital-forces-in-human-beings-and-nature\/","og_site_name":"Spiritual Science Research","article_modified_time":"2026-02-11T22:16:41+00:00","og_image":[{"width":928,"height":1024,"url":"https:\/\/spiritual-science-research.com\/wp-content\/uploads\/2026\/01\/2-Violet-South-ether-928x1024.png","type":"image\/png"}],"twitter_card":"summary_large_image","twitter_misc":{"Est. reading time":"2 minutes"},"schema":{"@context":"https:\/\/schema.org","@graph":[{"@type":"WebPage","@id":"https:\/\/spiritual-science-research.com\/the-etheric-realm-vital-forces-in-human-beings-and-nature\/","url":"https:\/\/spiritual-science-research.com\/the-etheric-realm-vital-forces-in-human-beings-and-nature\/","name":"Der \u00c4therische Bereich (Lebenskr\u00e4fte) im Menschen und in der Natur - Spiritual Science Research","isPartOf":{"@id":"https:\/\/spiritual-science-research.com\/#website"},"primaryImageOfPage":{"@id":"https:\/\/spiritual-science-research.com\/the-etheric-realm-vital-forces-in-human-beings-and-nature\/#primaryimage"},"image":{"@id":"https:\/\/spiritual-science-research.com\/the-etheric-realm-vital-forces-in-human-beings-and-nature\/#primaryimage"},"thumbnailUrl":"https:\/\/spiritual-science-research.com\/wp-content\/uploads\/2026\/01\/2-Violet-South-ether.png","datePublished":"2023-03-17T16:35:20+00:00","dateModified":"2026-02-11T22:16:41+00:00","description":"% % {:en} talk and workshop with Inessa Burdich Next talk is on 5 March 2026, 7 pm @ Rudolf Steiner House,\u00a035 Park Rd, London NW1 6XT The violet south window % %","breadcrumb":{"@id":"https:\/\/spiritual-science-research.com\/the-etheric-realm-vital-forces-in-human-beings-and-nature\/#breadcrumb"},"inLanguage":"de-DE","potentialAction":[{"@type":"ReadAction","target":["https:\/\/spiritual-science-research.com\/the-etheric-realm-vital-forces-in-human-beings-and-nature\/"]}]},{"@type":"ImageObject","inLanguage":"de-DE","@id":"https:\/\/spiritual-science-research.com\/the-etheric-realm-vital-forces-in-human-beings-and-nature\/#primaryimage","url":"https:\/\/spiritual-science-research.com\/wp-content\/uploads\/2026\/01\/2-Violet-South-ether.png","contentUrl":"https:\/\/spiritual-science-research.com\/wp-content\/uploads\/2026\/01\/2-Violet-South-ether.png"},{"@type":"BreadcrumbList","@id":"https:\/\/spiritual-science-research.com\/the-etheric-realm-vital-forces-in-human-beings-and-nature\/#breadcrumb","itemListElement":[{"@type":"ListItem","position":1,"name":"Home","item":"https:\/\/spiritual-science-research.com\/"},{"@type":"ListItem","position":2,"name":"The Etheric realm (vital forces) in human beings and nature"}]},{"@type":"WebSite","@id":"https:\/\/spiritual-science-research.com\/#website","url":"https:\/\/spiritual-science-research.com\/","name":"Spiritual Science Research","description":"Learning by doing","publisher":{"@id":"https:\/\/spiritual-science-research.com\/#organization"},"potentialAction":[{"@type":"SearchAction","target":{"@type":"EntryPoint","urlTemplate":"https:\/\/spiritual-science-research.com\/?s={search_term_string}"},"query-input":{"@type":"PropertyValueSpecification","valueRequired":true,"valueName":"search_term_string"}}],"inLanguage":"de-DE"},{"@type":"Organization","@id":"https:\/\/spiritual-science-research.com\/#organization","name":"Spiritual Science Research","url":"https:\/\/spiritual-science-research.com\/","logo":{"@type":"ImageObject","inLanguage":"de-DE","@id":"https:\/\/spiritual-science-research.com\/#\/schema\/logo\/image\/","url":"https:\/\/spiritual-science-research.com\/wp-content\/uploads\/2023\/05\/Group-337.png","contentUrl":"https:\/\/spiritual-science-research.com\/wp-content\/uploads\/2023\/05\/Group-337.png","width":400,"height":161,"caption":"Spiritual Science Research"},"image":{"@id":"https:\/\/spiritual-science-research.com\/#\/schema\/logo\/image\/"}}]}},"_links":{"self":[{"href":"https:\/\/spiritual-science-research.com\/de\/wp-json\/wp\/v2\/pages\/1057","targetHints":{"allow":["GET"]}}],"collection":[{"href":"https:\/\/spiritual-science-research.com\/de\/wp-json\/wp\/v2\/pages"}],"about":[{"href":"https:\/\/spiritual-science-research.com\/de\/wp-json\/wp\/v2\/types\/page"}],"author":[{"embeddable":true,"href":"https:\/\/spiritual-science-research.com\/de\/wp-json\/wp\/v2\/users\/2"}],"replies":[{"embeddable":true,"href":"https:\/\/spiritual-science-research.com\/de\/wp-json\/wp\/v2\/comments?post=1057"}],"version-history":[{"count":28,"href":"https:\/\/spiritual-science-research.com\/de\/wp-json\/wp\/v2\/pages\/1057\/revisions"}],"predecessor-version":[{"id":7779,"href":"https:\/\/spiritual-science-research.com\/de\/wp-json\/wp\/v2\/pages\/1057\/revisions\/7779"}],"wp:attachment":[{"href":"https:\/\/spiritual-science-research.com\/de\/wp-json\/wp\/v2\/media?parent=1057"}],"curies":[{"name":"wp","href":"https:\/\/api.w.org\/{rel}","templated":true}]}}