{"id":1055,"date":"2023-03-17T16:34:43","date_gmt":"2023-03-17T16:34:43","guid":{"rendered":"http:\/\/spiritual-science-research.com\/?page_id=1055"},"modified":"2026-01-13T18:39:32","modified_gmt":"2026-01-13T18:39:32","slug":"meditation-as-a-path-of-spiritual-development-and-as-a-method-for-spiritual-science-research","status":"publish","type":"page","link":"https:\/\/spiritual-science-research.com\/de\/meditation-as-a-path-of-spiritual-development-and-as-a-method-for-spiritual-science-research\/","title":{"rendered":"Meditation zur geistigen Entwicklung und als eine Methode der Geistesforschung"},"content":{"rendered":"\n<p>Vortrag und Seminar mit Inessa Burdich<\/p>\n\n\n\n<figure class=\"wp-block-image size-full\"><img loading=\"lazy\" decoding=\"async\" width=\"931\" height=\"1024\" src=\"https:\/\/spiritual-science-research.com\/wp-content\/uploads\/2024\/09\/Goetheanum1_Violettes_Nordfenster.jpg\" alt=\"\" class=\"wp-image-4248\" srcset=\"https:\/\/spiritual-science-research.com\/wp-content\/uploads\/2024\/09\/Goetheanum1_Violettes_Nordfenster.jpg 931w, https:\/\/spiritual-science-research.com\/wp-content\/uploads\/2024\/09\/Goetheanum1_Violettes_Nordfenster-273x300.jpg 273w, https:\/\/spiritual-science-research.com\/wp-content\/uploads\/2024\/09\/Goetheanum1_Violettes_Nordfenster-768x845.jpg 768w\" sizes=\"auto, (max-width: 931px) 100vw, 931px\" \/><figcaption class=\"wp-element-caption\">Das violette Nordfenster des ersten Goetheanums, entworfen von Rudolf Steiner, stellt die Einweihung in die irdische physische Welt dar<\/figcaption><\/figure>\n\n\n\n<p>\u221e \u221e \u221e<\/p>\n\n\n\n<p>Meditation ist in letzter Zeit zu einem immer beliebteren Thema geworden, wird aber auf viele verschiedene Arten beschrieben und angewendet. Was ist sie also? In diesem Vortrag werden wir Meditation als eine M\u00f6glichkeit erkunden, unsere Seele zu n\u00e4hren und zu trainieren, \u00e4hnlich wie Nahrung und k\u00f6rperliche Bewegung f\u00fcr uns t\u00e4gliche Notwendigkeiten sind.<\/p>\n\n\n\n<p>Dar\u00fcber hinaus werden Sie erfahren, dass Meditation auch als Werkzeug f\u00fcr die spirituelle Forschung in einem breiten Spektrum von Bereichen eingesetzt werden kann.<\/p>\n\n\n\n<p>Die Fokussierung auf eine innere Kernfrage ist der erste Aspekt spiritueller Forschung und die Schaffung eines klaren, inhaltslosen inneren Raumes ist eine entscheidende Voraussetzung daf\u00fcr. Das Erreichen dieser Aspekte gibt den h\u00f6heren Welten die M\u00f6glichkeit, klare Einsichten zum Forschungsthema zu geben.<\/p>\n\n\n\n<p>\u221e \u221e \u221e<\/p>\n\n\n\n<p><strong>SEMINAR<\/strong>&nbsp;\u2013&nbsp;<strong>Wie beherrsche ich meine Denkprozesse?<\/strong><\/p>\n\n\n\n<p>Wir werden im Seminar \u00dcbungen zur Vertiefung des oben erw\u00e4hnten Themas machen. Es wird einen Raum geben, um die Bedeutung und Praxis der Meditation als Forschungsprozess zu erkunden. Die folgenden Fragen werden behandelt: Bin ich nur ein physischer K\u00f6rper? Erleben und erkunden der Gedanken und \u00dcben der Gedankenkonzentration. Erkunden der Gef\u00fchle der Stabilit\u00e4t und Sicherheit. Gewahr werden unseres K\u00f6rpers als Objekt der Forschung.&nbsp;&nbsp;<\/p>\n\n\n\n<p>\u221e \u221e \u221e<\/p>\n\n\n\n<p>\u221e \u221e \u221e<\/p>\n\n\n\n<p><strong>Dieser Vortrag und dieses Seminar sind Teil des geisteswissenschaftlichen Forschungskurses. Sie sind herzlich eingeladen, hier den vollst\u00e4ndigen Inhalt des Kurses kennenzulernen<\/strong>:<\/p>\n\n\n\n<figure class=\"wp-block-embed is-type-wp-embed is-provider-spiritual-science-research wp-block-embed-spiritual-science-research\"><div class=\"wp-block-embed__wrapper\">\n<blockquote class=\"wp-embedded-content\" data-secret=\"4sJjiQFWCk\"><a href=\"https:\/\/spiritual-science-research.com\/themen\/\">Geisteswissenschaftliche Forschung &#8211; Kursinhalt<\/a><\/blockquote><iframe loading=\"lazy\" class=\"wp-embedded-content\" sandbox=\"allow-scripts\" security=\"restricted\" style=\"position: absolute; visibility: hidden;\" title=\"&#8220;Geisteswissenschaftliche Forschung &#8211; Kursinhalt&#8221; &#8212; Spiritual Science Research\" src=\"https:\/\/spiritual-science-research.com\/themen\/embed\/#?secret=li96cXD1Uc#?secret=4sJjiQFWCk\" data-secret=\"4sJjiQFWCk\" width=\"525\" height=\"296\" frameborder=\"0\" marginwidth=\"0\" marginheight=\"0\" scrolling=\"no\"><\/iframe>\n<\/div><\/figure>\n\n\n\n<p>\u221e \u221e \u221e<\/p>\n\n\n\n<p><strong>Geisteswissenschaftliche Forschung \u2013 Online-Kurs auf Deutsch<\/strong><\/p>\n\n\n\n<figure class=\"wp-block-embed is-type-wp-embed is-provider-spiritual-science-research wp-block-embed-spiritual-science-research\"><div class=\"wp-block-embed__wrapper\">\n<blockquote class=\"wp-embedded-content\" data-secret=\"MbpC77h7rV\"><a href=\"https:\/\/spiritual-science-research.com\/de\/rss-online-in-german\/\">Geisteswissenschaftliche Forschung &#8211; Online-Kurs auf Deutsch<\/a><\/blockquote><iframe loading=\"lazy\" class=\"wp-embedded-content\" sandbox=\"allow-scripts\" security=\"restricted\" style=\"position: absolute; visibility: hidden;\" title=\"&#8220;Geisteswissenschaftliche Forschung &#8211; Online-Kurs auf Deutsch&#8221; &#8212; Spiritual Science Research\" src=\"https:\/\/spiritual-science-research.com\/de\/rss-online-in-german\/embed\/#?secret=hsuGwAoZoN#?secret=MbpC77h7rV\" data-secret=\"MbpC77h7rV\" width=\"525\" height=\"296\" frameborder=\"0\" marginwidth=\"0\" marginheight=\"0\" scrolling=\"no\"><\/iframe>\n<\/div><\/figure>\n\n\n\n<p>\u221e \u221e \u221e<\/p>\n","protected":false},"excerpt":{"rendered":"<p>Vortrag und Seminar mit Inessa Burdich \u221e \u221e \u221e Meditation ist in letzter Zeit zu einem immer beliebteren Thema geworden, wird aber auf viele verschiedene Arten beschrieben und angewendet. Was ist sie also? In diesem Vortrag werden wir Meditation als eine M\u00f6glichkeit erkunden, unsere Seele zu n\u00e4hren und zu trainieren, \u00e4hnlich wie Nahrung und k\u00f6rperliche [&hellip;]<\/p>\n","protected":false},"author":2,"featured_media":0,"parent":0,"menu_order":0,"comment_status":"closed","ping_status":"closed","template":"","meta":{"footnotes":""},"class_list":["post-1055","page","type-page","status-publish","hentry"],"translation":{"provider":"WPGlobus","version":"3.0.2","language":"de","enabled_languages":["en","de"],"languages":{"en":{"title":true,"content":true,"excerpt":false},"de":{"title":true,"content":true,"excerpt":false}}},"yoast_head":"<!-- This site is optimized with the Yoast SEO plugin v27.5 - https:\/\/yoast.com\/product\/yoast-seo-wordpress\/ -->\n<title>Meditation zur geistigen Entwicklung und als eine Methode der Geistesforschung - Spiritual Science Research<\/title>\n<meta name=\"robots\" content=\"index, follow, max-snippet:-1, max-image-preview:large, max-video-preview:-1\" \/>\n<link rel=\"canonical\" href=\"https:\/\/spiritual-science-research.com\/meditation-as-a-path-of-spiritual-development-and-as-a-method-for-spiritual-science-research\/\" \/>\n<meta property=\"og:locale\" content=\"de_DE\" \/>\n<meta property=\"og:type\" content=\"article\" \/>\n<meta property=\"og:title\" content=\"Meditation zur geistigen Entwicklung und als eine Methode der Geistesforschung - Spiritual Science Research\" \/>\n<meta property=\"og:url\" content=\"https:\/\/spiritual-science-research.com\/meditation-as-a-path-of-spiritual-development-and-as-a-method-for-spiritual-science-research\/\" \/>\n<meta property=\"og:site_name\" content=\"Spiritual Science Research\" \/>\n<meta property=\"article:modified_time\" content=\"2026-01-13T18:39:32+00:00\" \/>\n<meta property=\"og:image\" content=\"https:\/\/spiritual-science-research.com\/wp-content\/uploads\/2024\/09\/Goetheanum1_Violettes_Nordfenster.jpg\" \/>\n\t<meta property=\"og:image:width\" content=\"931\" \/>\n\t<meta property=\"og:image:height\" content=\"1024\" \/>\n\t<meta property=\"og:image:type\" content=\"image\/jpeg\" \/>\n<meta name=\"twitter:card\" content=\"summary_large_image\" \/>\n<script type=\"application\/ld+json\" class=\"yoast-schema-graph\">{\"@context\":\"https:\\\/\\\/schema.org\",\"@graph\":[{\"@type\":\"WebPage\",\"@id\":\"https:\\\/\\\/spiritual-science-research.com\\\/meditation-as-a-path-of-spiritual-development-and-as-a-method-for-spiritual-science-research\\\/\",\"url\":\"https:\\\/\\\/spiritual-science-research.com\\\/meditation-as-a-path-of-spiritual-development-and-as-a-method-for-spiritual-science-research\\\/\",\"name\":\"Meditation zur geistigen Entwicklung und als eine Methode der Geistesforschung - Spiritual Science Research\",\"isPartOf\":{\"@id\":\"https:\\\/\\\/spiritual-science-research.com\\\/#website\"},\"primaryImageOfPage\":{\"@id\":\"https:\\\/\\\/spiritual-science-research.com\\\/meditation-as-a-path-of-spiritual-development-and-as-a-method-for-spiritual-science-research\\\/#primaryimage\"},\"image\":{\"@id\":\"https:\\\/\\\/spiritual-science-research.com\\\/meditation-as-a-path-of-spiritual-development-and-as-a-method-for-spiritual-science-research\\\/#primaryimage\"},\"thumbnailUrl\":\"https:\\\/\\\/spiritual-science-research.com\\\/wp-content\\\/uploads\\\/2024\\\/09\\\/Goetheanum1_Violettes_Nordfenster.jpg\",\"datePublished\":\"2023-03-17T16:34:43+00:00\",\"dateModified\":\"2026-01-13T18:39:32+00:00\",\"description\":\"% % {:en} talk and workshop with Inessa Burdich The violet north window of the first Goetheanum, designed by Rudolf Steiner, depicts the initiation into the % %\",\"breadcrumb\":{\"@id\":\"https:\\\/\\\/spiritual-science-research.com\\\/meditation-as-a-path-of-spiritual-development-and-as-a-method-for-spiritual-science-research\\\/#breadcrumb\"},\"inLanguage\":\"de-DE\",\"potentialAction\":[{\"@type\":\"ReadAction\",\"target\":[\"https:\\\/\\\/spiritual-science-research.com\\\/meditation-as-a-path-of-spiritual-development-and-as-a-method-for-spiritual-science-research\\\/\"]}]},{\"@type\":\"ImageObject\",\"inLanguage\":\"de-DE\",\"@id\":\"https:\\\/\\\/spiritual-science-research.com\\\/meditation-as-a-path-of-spiritual-development-and-as-a-method-for-spiritual-science-research\\\/#primaryimage\",\"url\":\"https:\\\/\\\/spiritual-science-research.com\\\/wp-content\\\/uploads\\\/2024\\\/09\\\/Goetheanum1_Violettes_Nordfenster.jpg\",\"contentUrl\":\"https:\\\/\\\/spiritual-science-research.com\\\/wp-content\\\/uploads\\\/2024\\\/09\\\/Goetheanum1_Violettes_Nordfenster.jpg\"},{\"@type\":\"BreadcrumbList\",\"@id\":\"https:\\\/\\\/spiritual-science-research.com\\\/meditation-as-a-path-of-spiritual-development-and-as-a-method-for-spiritual-science-research\\\/#breadcrumb\",\"itemListElement\":[{\"@type\":\"ListItem\",\"position\":1,\"name\":\"Home\",\"item\":\"https:\\\/\\\/spiritual-science-research.com\\\/\"},{\"@type\":\"ListItem\",\"position\":2,\"name\":\"Meditation\u00a0as a path of\u00a0spiritual development\u00a0and as\u00a0a research method\"}]},{\"@type\":\"WebSite\",\"@id\":\"https:\\\/\\\/spiritual-science-research.com\\\/#website\",\"url\":\"https:\\\/\\\/spiritual-science-research.com\\\/\",\"name\":\"Spiritual Science Research\",\"description\":\"Learning by doing\",\"publisher\":{\"@id\":\"https:\\\/\\\/spiritual-science-research.com\\\/#organization\"},\"potentialAction\":[{\"@type\":\"SearchAction\",\"target\":{\"@type\":\"EntryPoint\",\"urlTemplate\":\"https:\\\/\\\/spiritual-science-research.com\\\/?s={search_term_string}\"},\"query-input\":{\"@type\":\"PropertyValueSpecification\",\"valueRequired\":true,\"valueName\":\"search_term_string\"}}],\"inLanguage\":\"de-DE\"},{\"@type\":\"Organization\",\"@id\":\"https:\\\/\\\/spiritual-science-research.com\\\/#organization\",\"name\":\"Spiritual Science Research\",\"url\":\"https:\\\/\\\/spiritual-science-research.com\\\/\",\"logo\":{\"@type\":\"ImageObject\",\"inLanguage\":\"de-DE\",\"@id\":\"https:\\\/\\\/spiritual-science-research.com\\\/#\\\/schema\\\/logo\\\/image\\\/\",\"url\":\"https:\\\/\\\/spiritual-science-research.com\\\/wp-content\\\/uploads\\\/2023\\\/05\\\/Group-337.png\",\"contentUrl\":\"https:\\\/\\\/spiritual-science-research.com\\\/wp-content\\\/uploads\\\/2023\\\/05\\\/Group-337.png\",\"width\":400,\"height\":161,\"caption\":\"Spiritual Science Research\"},\"image\":{\"@id\":\"https:\\\/\\\/spiritual-science-research.com\\\/#\\\/schema\\\/logo\\\/image\\\/\"}}]}<\/script>\n<!-- \/ Yoast SEO plugin. -->","yoast_head_json":{"title":"Meditation zur geistigen Entwicklung und als eine Methode der Geistesforschung - Spiritual Science Research","robots":{"index":"index","follow":"follow","max-snippet":"max-snippet:-1","max-image-preview":"max-image-preview:large","max-video-preview":"max-video-preview:-1"},"canonical":"https:\/\/spiritual-science-research.com\/meditation-as-a-path-of-spiritual-development-and-as-a-method-for-spiritual-science-research\/","og_locale":"de_DE","og_type":"article","og_title":"Meditation zur geistigen Entwicklung und als eine Methode der Geistesforschung - Spiritual Science Research","og_url":"https:\/\/spiritual-science-research.com\/meditation-as-a-path-of-spiritual-development-and-as-a-method-for-spiritual-science-research\/","og_site_name":"Spiritual Science Research","article_modified_time":"2026-01-13T18:39:32+00:00","og_image":[{"width":931,"height":1024,"url":"https:\/\/spiritual-science-research.com\/wp-content\/uploads\/2024\/09\/Goetheanum1_Violettes_Nordfenster.jpg","type":"image\/jpeg"}],"twitter_card":"summary_large_image","schema":{"@context":"https:\/\/schema.org","@graph":[{"@type":"WebPage","@id":"https:\/\/spiritual-science-research.com\/meditation-as-a-path-of-spiritual-development-and-as-a-method-for-spiritual-science-research\/","url":"https:\/\/spiritual-science-research.com\/meditation-as-a-path-of-spiritual-development-and-as-a-method-for-spiritual-science-research\/","name":"Meditation zur geistigen Entwicklung und als eine Methode der Geistesforschung - Spiritual Science Research","isPartOf":{"@id":"https:\/\/spiritual-science-research.com\/#website"},"primaryImageOfPage":{"@id":"https:\/\/spiritual-science-research.com\/meditation-as-a-path-of-spiritual-development-and-as-a-method-for-spiritual-science-research\/#primaryimage"},"image":{"@id":"https:\/\/spiritual-science-research.com\/meditation-as-a-path-of-spiritual-development-and-as-a-method-for-spiritual-science-research\/#primaryimage"},"thumbnailUrl":"https:\/\/spiritual-science-research.com\/wp-content\/uploads\/2024\/09\/Goetheanum1_Violettes_Nordfenster.jpg","datePublished":"2023-03-17T16:34:43+00:00","dateModified":"2026-01-13T18:39:32+00:00","description":"% % {:en} talk and workshop with Inessa Burdich The violet north window of the first Goetheanum, designed by Rudolf Steiner, depicts the initiation into the % %","breadcrumb":{"@id":"https:\/\/spiritual-science-research.com\/meditation-as-a-path-of-spiritual-development-and-as-a-method-for-spiritual-science-research\/#breadcrumb"},"inLanguage":"de-DE","potentialAction":[{"@type":"ReadAction","target":["https:\/\/spiritual-science-research.com\/meditation-as-a-path-of-spiritual-development-and-as-a-method-for-spiritual-science-research\/"]}]},{"@type":"ImageObject","inLanguage":"de-DE","@id":"https:\/\/spiritual-science-research.com\/meditation-as-a-path-of-spiritual-development-and-as-a-method-for-spiritual-science-research\/#primaryimage","url":"https:\/\/spiritual-science-research.com\/wp-content\/uploads\/2024\/09\/Goetheanum1_Violettes_Nordfenster.jpg","contentUrl":"https:\/\/spiritual-science-research.com\/wp-content\/uploads\/2024\/09\/Goetheanum1_Violettes_Nordfenster.jpg"},{"@type":"BreadcrumbList","@id":"https:\/\/spiritual-science-research.com\/meditation-as-a-path-of-spiritual-development-and-as-a-method-for-spiritual-science-research\/#breadcrumb","itemListElement":[{"@type":"ListItem","position":1,"name":"Home","item":"https:\/\/spiritual-science-research.com\/"},{"@type":"ListItem","position":2,"name":"Meditation\u00a0as a path of\u00a0spiritual development\u00a0and as\u00a0a research method"}]},{"@type":"WebSite","@id":"https:\/\/spiritual-science-research.com\/#website","url":"https:\/\/spiritual-science-research.com\/","name":"Spiritual Science Research","description":"Learning by doing","publisher":{"@id":"https:\/\/spiritual-science-research.com\/#organization"},"potentialAction":[{"@type":"SearchAction","target":{"@type":"EntryPoint","urlTemplate":"https:\/\/spiritual-science-research.com\/?s={search_term_string}"},"query-input":{"@type":"PropertyValueSpecification","valueRequired":true,"valueName":"search_term_string"}}],"inLanguage":"de-DE"},{"@type":"Organization","@id":"https:\/\/spiritual-science-research.com\/#organization","name":"Spiritual Science Research","url":"https:\/\/spiritual-science-research.com\/","logo":{"@type":"ImageObject","inLanguage":"de-DE","@id":"https:\/\/spiritual-science-research.com\/#\/schema\/logo\/image\/","url":"https:\/\/spiritual-science-research.com\/wp-content\/uploads\/2023\/05\/Group-337.png","contentUrl":"https:\/\/spiritual-science-research.com\/wp-content\/uploads\/2023\/05\/Group-337.png","width":400,"height":161,"caption":"Spiritual Science Research"},"image":{"@id":"https:\/\/spiritual-science-research.com\/#\/schema\/logo\/image\/"}}]}},"_links":{"self":[{"href":"https:\/\/spiritual-science-research.com\/de\/wp-json\/wp\/v2\/pages\/1055","targetHints":{"allow":["GET"]}}],"collection":[{"href":"https:\/\/spiritual-science-research.com\/de\/wp-json\/wp\/v2\/pages"}],"about":[{"href":"https:\/\/spiritual-science-research.com\/de\/wp-json\/wp\/v2\/types\/page"}],"author":[{"embeddable":true,"href":"https:\/\/spiritual-science-research.com\/de\/wp-json\/wp\/v2\/users\/2"}],"replies":[{"embeddable":true,"href":"https:\/\/spiritual-science-research.com\/de\/wp-json\/wp\/v2\/comments?post=1055"}],"version-history":[{"count":45,"href":"https:\/\/spiritual-science-research.com\/de\/wp-json\/wp\/v2\/pages\/1055\/revisions"}],"predecessor-version":[{"id":7676,"href":"https:\/\/spiritual-science-research.com\/de\/wp-json\/wp\/v2\/pages\/1055\/revisions\/7676"}],"wp:attachment":[{"href":"https:\/\/spiritual-science-research.com\/de\/wp-json\/wp\/v2\/media?parent=1055"}],"curies":[{"name":"wp","href":"https:\/\/api.w.org\/{rel}","templated":true}]}}